{"id":65637,"date":"2017-07-26T11:49:28","date_gmt":"2017-07-26T09:49:28","guid":{"rendered":"https:\/\/ikuchyne.sk\/eshop\/?page_id=65637"},"modified":"2019-11-21T16:44:24","modified_gmt":"2019-11-21T15:44:24","slug":"ikuchynesk-o-spolocnosti","status":"publish","type":"page","link":"https:\/\/www.ikuchyne.sk\/eshop\/ikuchynesk-o-spolocnosti\/","title":{"rendered":"iKuchyne.sk &#8211; o spolo\u010dnosti"},"content":{"rendered":"<p>[vc_row][vc_column width=&#8221;1\/3&#8243;][vc_column_text]<span class=\"q_dropcap normal\" style=\"position: relative; display: inline-block; float: left; height: 48px; width: 48px; line-height: 48px; font-size: 64px; color: #df1076; text-align: center; margin: 5px 20px 0 0; border: 1px solid transparent; font-weight: bold;\">N<\/span>a\u0161a spolo\u010dnos\u0165 iKuchyne.sk sa u\u017e nieko\u013eko desa\u0165ro\u010d\u00ed venuje v\u00fdrobe kuch\u00fd\u0148 a n\u00e1bytku na mieru. Ke\u010f\u017ee sa venujeme interi\u00e9rom, od roku 2015 sme zriadili aj elektronick\u00fd obchod iKuchyne.sk, aby sme sa pribl\u00ed\u017eili k z\u00e1kazn\u00edkom na celom Slovensku.<\/p>\n<div class=\"column2 cocol2\"><\/div>\n<p>[\/vc_column_text][\/vc_column][vc_column width=&#8221;2\/3&#8243;][vc_column_text]<\/p>\n<div class=\"two_columns_33_66 clearfix grid2\">\n<div class=\"column2 cocol2\">\n<div class=\"column_inner\">\n<div class=\"o_nas_info\">\n<p>Na\u0161e portf\u00f3lio sa zameriava na tieto segmenty: <strong>svietidl\u00e1, sedenie, doplnky, jed\u00e1lensk\u00e9 stoly, konferen\u010dn\u00e9 stol\u00edky a n\u00e1bytok<\/strong>. Poskytujeme kvalitn\u00e9 lavice, stoli\u010dky, stoly, kresl\u00e1 a mnoho \u010fal\u0161ieho. Heslo na\u0161ej spolo\u010dnosti je n\u00e1\u0161 z\u00e1kazn\u00edk, n\u00e1\u0161 p\u00e1n. Venujeme vysok\u00fa pozornos\u0165 nastaveniu pomeru ceny\/kvality, aby boli na\u0161i z\u00e1kazn\u00edci \u010do najspokojnej\u0161\u00ed. Pri v\u00fdbere tovaru mysl\u00edme najm\u00e4 na jeho kvalitu, ktor\u00e1 je pre n\u00e1s prioritou. Neust\u00e1le pristupujeme ku skvalit\u0148ovaniu na\u0161ich slu\u017eieb, pon\u00fakame aj tovar skladom, ktor\u00fd je doru\u010den\u00fd do 24 hod\u00edn. Potrebujete poradi\u0165? Pokojne n\u00e1m zanechajte email na info (zavin\u00e1\u010d) ikuchyne.sk, alebo zavolajte na telef\u00f3ne \u010d\u00edslo <a href=\"tel:+421908509091\">0908 50 90 91<\/a>, kde zist\u00edte aj stav va\u0161ej objedn\u00e1vky.<\/p>\n<\/div>\n<\/div>\n<\/div>\n<\/div>\n<p>[\/vc_column_text][\/vc_column][\/vc_row][vc_row][vc_column][vc_column_text]<\/p>\n<h2>Nev\u00e1hajte n\u00e1s kontaktova\u0165<\/h2>\n<p>[\/vc_column_text][\/vc_column][\/vc_row][vc_row][vc_column width=&#8221;2\/3&#8243;]\n<div class=\"wpcf7 no-js\" id=\"wpcf7-f66504-o1\" lang=\"sk-SK\" dir=\"ltr\">\n<div class=\"screen-reader-response\"><p role=\"status\" aria-live=\"polite\" aria-atomic=\"true\"><\/p> <ul><\/ul><\/div>\n<form action=\"\/eshop\/wp-json\/wp\/v2\/pages\/65637#wpcf7-f66504-o1\" method=\"post\" class=\"wpcf7-form init\" aria-label=\"Kontaktn\u00fd formul\u00e1r\" novalidate=\"novalidate\" data-status=\"init\">\n<div style=\"display: none;\">\n<input type=\"hidden\" name=\"_wpcf7\" value=\"66504\" \/>\n<input type=\"hidden\" name=\"_wpcf7_version\" value=\"5.9\" \/>\n<input type=\"hidden\" name=\"_wpcf7_locale\" value=\"sk_SK\" \/>\n<input type=\"hidden\" name=\"_wpcf7_unit_tag\" value=\"wpcf7-f66504-o1\" \/>\n<input type=\"hidden\" name=\"_wpcf7_container_post\" value=\"0\" \/>\n<input type=\"hidden\" name=\"_wpcf7_posted_data_hash\" value=\"\" \/>\n<\/div>\n<p><span class=\"wpcf7-form-control-wrap\" data-name=\"meno\"><input size=\"40\" class=\"wpcf7-form-control wpcf7-text wpcf7-validates-as-required pola\" aria-required=\"true\" aria-invalid=\"false\" placeholder=\"va\u0161e meno\" value=\"\" type=\"text\" name=\"meno\" \/><\/span><br \/>\n<span class=\"wpcf7-form-control-wrap\" data-name=\"emajl\"><input size=\"40\" class=\"wpcf7-form-control wpcf7-email wpcf7-validates-as-required wpcf7-text wpcf7-validates-as-email pola\" aria-required=\"true\" aria-invalid=\"false\" placeholder=\"V\u00e1\u0161 email\" value=\"\" type=\"email\" name=\"emajl\" \/><\/span><br \/>\n<span class=\"wpcf7-form-control-wrap\" data-name=\"predmet\"><input size=\"40\" class=\"wpcf7-form-control wpcf7-text cela\" aria-invalid=\"false\" placeholder=\"Predmet spr\u00e1vy\" value=\"\" type=\"text\" name=\"predmet\" \/><\/span><br \/>\n<span class=\"wpcf7-form-control-wrap\" data-name=\"sprava\"><textarea cols=\"40\" rows=\"10\" class=\"wpcf7-form-control wpcf7-textarea cela\" aria-invalid=\"false\" placeholder=\"Va\u0161a spr\u00e1va\" name=\"sprava\"><\/textarea><\/span><br \/>\n<input class=\"wpcf7-form-control wpcf7-submit has-spinner\" type=\"submit\" value=\"Odo\u0161li\" \/>\n<\/p><div class=\"wpcf7-response-output\" aria-hidden=\"true\"><\/div>\n<\/form>\n<\/div>\n[\/vc_column][vc_column width=&#8221;1\/3&#8243;][vc_single_image image=&#8221;66507&#8243; img_size=&#8221;full&#8221;][\/vc_column][\/vc_row][vc_row][vc_column][vc_column_text]<b>Identifik\u00e1cia na\u0161ej spolo\u010dnosti:<\/b><br \/>\nJOYLY, s. r. o.<br \/>\nMilochov 280<br \/>\n017 06 Pova\u017esk\u00e1 Bystrica<\/p>\n<p>I\u010cO: 48 186 597<br \/>\nDI\u010c: 21 20 08 12 16<br \/>\nI\u010c DPH: SK21 20 08 12 16<\/p>\n<p><small>Spolo\u010dnos\u0165 je zap\u00edsan\u00e1 v Obchodnom registri Okresn\u00e9ho s\u00fadu Tren\u010d\u00edn, oddiel: Sro, vlo\u017eka \u010d. 31728\/R ako spolo\u010dnos\u0165 s ru\u010den\u00edm obmedzen\u00fdm.<\/small>[\/vc_column_text][\/vc_column][\/vc_row][vc_row][vc_column][vc_column_text]<\/p>\n<section class=\"vc_row wpb_row vc_row-fluid bg--primary vc_custom_1465475092393\">\n<div class=\"container\">\n<div class=\"row\">\n<div class=\"wpb_column column_container col-sm-12\">\n<div class=\"vc_column-inner\">\n<div class=\"wpb_wrapper\">\n<div class=\"wpb_text_column wpb_content_element \">\n<div class=\"wpb_wrapper\">\n<p><strong>\u00a0 \u00a0 \u00a0 Nav\u0161t\u00edvte aj n\u00e1\u0161 ESHOP s n\u00e1bytkom, seden\u00edm, svietidlami \u010di doplnkami a zaria\u010fte si tak V\u00e1\u0161 interi\u00e9r kompletne.<\/strong><\/p>\n<p><span class=\"btn__text\">\u00a0 \u00a0 \u00a0<a class=\"btn btn--sm\" href=\"https:\/\/ikuchyne.sk\/eshop\">\u00a0VST\u00daPI\u0164 DO ESHOPU<\/a><\/span><\/p>\n<\/div>\n<\/div>\n<\/div>\n<\/div>\n<\/div>\n<\/div>\n<\/div>\n<\/section>\n<p>[\/vc_column_text][vc_single_image image=&#8221;119280&#8243; style=&#8221;vc_box_rounded&#8221;][\/vc_column][\/vc_row]<\/p>\n","protected":false},"excerpt":{"rendered":"<p>[vc_row][vc_column width=&#8221;1\/3&#8243;][vc_column_text]Na\u0161a spolo\u010dnos\u0165 iKuchyne.sk sa u\u017e nieko\u013eko desa\u0165ro\u010d\u00ed venuje v\u00fdrobe kuch\u00fd\u0148 a n\u00e1bytku na mieru. Ke\u010f\u017ee sa venujeme interi\u00e9rom, od roku 2015 sme zriadili aj elektronick\u00fd obchod iKuchyne.sk, aby sme<\/p>\n","protected":false},"author":1,"featured_media":0,"parent":0,"menu_order":0,"comment_status":"closed","ping_status":"closed","template":"template-o-nas.php","meta":{"footnotes":""},"yoast_head":"<!-- This site is optimized with the Yoast SEO plugin v22.1 - https:\/\/yoast.com\/wordpress\/plugins\/seo\/ -->\n<title>iKuchyne.sk - o spolo\u010dnosti &#187; iKuchyne iSHOP s n\u00e1bytkom<\/title>\n<meta name=\"description\" content=\"Potrebujete poradi\u0165? Zanechajte email, alebo zavolajte na telef\u00f3ne \u010d\u00edslo 0908 50 90 91, kde zist\u00edte stav va\u0161ej objedn\u00e1vky. T\u00edm iKuchyne.sk je tu pre v\u00e1s!\" \/>\n<meta name=\"robots\" content=\"index, follow, max-snippet:-1, max-image-preview:large, max-video-preview:-1\" \/>\n<link rel=\"canonical\" href=\"https:\/\/www.ikuchyne.sk\/eshop\/ikuchynesk-o-spolocnosti\/\" \/>\n<meta property=\"og:locale\" content=\"sk_SK\" \/>\n<meta property=\"og:type\" content=\"article\" \/>\n<meta property=\"og:title\" content=\"iKuchyne.sk - o spolo\u010dnosti &#187; iKuchyne iSHOP s n\u00e1bytkom\" \/>\n<meta property=\"og:description\" content=\"Potrebujete poradi\u0165? Zanechajte email, alebo zavolajte na telef\u00f3ne \u010d\u00edslo 0908 50 90 91, kde zist\u00edte stav va\u0161ej objedn\u00e1vky. T\u00edm iKuchyne.sk je tu pre v\u00e1s!\" \/>\n<meta property=\"og:url\" content=\"https:\/\/www.ikuchyne.sk\/eshop\/ikuchynesk-o-spolocnosti\/\" \/>\n<meta property=\"og:site_name\" content=\"iKuchyne iSHOP s n\u00e1bytkom\" \/>\n<meta property=\"article:publisher\" content=\"https:\/\/www.facebook.com\/ikuchyne\/\" \/>\n<meta property=\"article:modified_time\" content=\"2019-11-21T15:44:24+00:00\" \/>\n<meta name=\"twitter:card\" content=\"summary_large_image\" \/>\n<meta name=\"twitter:label1\" content=\"Predpokladan\u00fd \u010das \u010d\u00edtania\" \/>\n\t<meta name=\"twitter:data1\" content=\"2 min\u00faty\" \/>\n<script type=\"application\/ld+json\" class=\"yoast-schema-graph\">{\"@context\":\"https:\/\/schema.org\",\"@graph\":[{\"@type\":\"WebPage\",\"@id\":\"https:\/\/www.ikuchyne.sk\/eshop\/ikuchynesk-o-spolocnosti\/\",\"url\":\"https:\/\/www.ikuchyne.sk\/eshop\/ikuchynesk-o-spolocnosti\/\",\"name\":\"iKuchyne.sk - o spolo\u010dnosti &#187; iKuchyne iSHOP s n\u00e1bytkom\",\"isPartOf\":{\"@id\":\"https:\/\/www.ikuchyne.sk\/eshop\/#website\"},\"datePublished\":\"2017-07-26T09:49:28+00:00\",\"dateModified\":\"2019-11-21T15:44:24+00:00\",\"description\":\"Potrebujete poradi\u0165? Zanechajte email, alebo zavolajte na telef\u00f3ne \u010d\u00edslo 0908 50 90 91, kde zist\u00edte stav va\u0161ej objedn\u00e1vky. T\u00edm iKuchyne.sk je tu pre v\u00e1s!\",\"breadcrumb\":{\"@id\":\"https:\/\/www.ikuchyne.sk\/eshop\/ikuchynesk-o-spolocnosti\/#breadcrumb\"},\"inLanguage\":\"sk-SK\",\"potentialAction\":[{\"@type\":\"ReadAction\",\"target\":[\"https:\/\/www.ikuchyne.sk\/eshop\/ikuchynesk-o-spolocnosti\/\"]}]},{\"@type\":\"BreadcrumbList\",\"@id\":\"https:\/\/www.ikuchyne.sk\/eshop\/ikuchynesk-o-spolocnosti\/#breadcrumb\",\"itemListElement\":[{\"@type\":\"ListItem\",\"position\":1,\"name\":\"Home\",\"item\":\"https:\/\/www.ikuchyne.sk\/eshop\/\"},{\"@type\":\"ListItem\",\"position\":2,\"name\":\"iKuchyne.sk &#8211; o spolo\u010dnosti\"}]},{\"@type\":\"WebSite\",\"@id\":\"https:\/\/www.ikuchyne.sk\/eshop\/#website\",\"url\":\"https:\/\/www.ikuchyne.sk\/eshop\/\",\"name\":\"iKuchyne iSHOP s n\u00e1bytkom\",\"description\":\"Jed\u00e1lensk\u00e9 stoly, stoli\u010dky, n\u00e1bytok, svietidl\u00e1...\",\"publisher\":{\"@id\":\"https:\/\/www.ikuchyne.sk\/eshop\/#organization\"},\"potentialAction\":[{\"@type\":\"SearchAction\",\"target\":{\"@type\":\"EntryPoint\",\"urlTemplate\":\"https:\/\/www.ikuchyne.sk\/eshop\/?s={search_term_string}\"},\"query-input\":\"required name=search_term_string\"}],\"inLanguage\":\"sk-SK\"},{\"@type\":\"Organization\",\"@id\":\"https:\/\/www.ikuchyne.sk\/eshop\/#organization\",\"name\":\"ikuchyne!\",\"url\":\"https:\/\/www.ikuchyne.sk\/eshop\/\",\"logo\":{\"@type\":\"ImageObject\",\"inLanguage\":\"sk-SK\",\"@id\":\"https:\/\/www.ikuchyne.sk\/eshop\/#\/schema\/logo\/image\/\",\"url\":\"https:\/\/www.ikuchyne.sk\/eshop\/wp-content\/uploads\/2017\/04\/ikuchyne-logo.jpg\",\"contentUrl\":\"https:\/\/www.ikuchyne.sk\/eshop\/wp-content\/uploads\/2017\/04\/ikuchyne-logo.jpg\",\"width\":200,\"height\":48,\"caption\":\"ikuchyne!\"},\"image\":{\"@id\":\"https:\/\/www.ikuchyne.sk\/eshop\/#\/schema\/logo\/image\/\"},\"sameAs\":[\"https:\/\/www.facebook.com\/ikuchyne\/\",\"https:\/\/www.instagram.com\/ikuchyne.sk\/\",\"https:\/\/sk.pinterest.com\/ikuchynesk\/\"]}]}<\/script>\n<!-- \/ Yoast SEO plugin. -->","yoast_head_json":{"title":"iKuchyne.sk - o spolo\u010dnosti &#187; iKuchyne iSHOP s n\u00e1bytkom","description":"Potrebujete poradi\u0165? Zanechajte email, alebo zavolajte na telef\u00f3ne \u010d\u00edslo 0908 50 90 91, kde zist\u00edte stav va\u0161ej objedn\u00e1vky. T\u00edm iKuchyne.sk je tu pre v\u00e1s!","robots":{"index":"index","follow":"follow","max-snippet":"max-snippet:-1","max-image-preview":"max-image-preview:large","max-video-preview":"max-video-preview:-1"},"canonical":"https:\/\/www.ikuchyne.sk\/eshop\/ikuchynesk-o-spolocnosti\/","og_locale":"sk_SK","og_type":"article","og_title":"iKuchyne.sk - o spolo\u010dnosti &#187; iKuchyne iSHOP s n\u00e1bytkom","og_description":"Potrebujete poradi\u0165? Zanechajte email, alebo zavolajte na telef\u00f3ne \u010d\u00edslo 0908 50 90 91, kde zist\u00edte stav va\u0161ej objedn\u00e1vky. T\u00edm iKuchyne.sk je tu pre v\u00e1s!","og_url":"https:\/\/www.ikuchyne.sk\/eshop\/ikuchynesk-o-spolocnosti\/","og_site_name":"iKuchyne iSHOP s n\u00e1bytkom","article_publisher":"https:\/\/www.facebook.com\/ikuchyne\/","article_modified_time":"2019-11-21T15:44:24+00:00","twitter_card":"summary_large_image","twitter_misc":{"Predpokladan\u00fd \u010das \u010d\u00edtania":"2 min\u00faty"},"schema":{"@context":"https:\/\/schema.org","@graph":[{"@type":"WebPage","@id":"https:\/\/www.ikuchyne.sk\/eshop\/ikuchynesk-o-spolocnosti\/","url":"https:\/\/www.ikuchyne.sk\/eshop\/ikuchynesk-o-spolocnosti\/","name":"iKuchyne.sk - o spolo\u010dnosti &#187; iKuchyne iSHOP s n\u00e1bytkom","isPartOf":{"@id":"https:\/\/www.ikuchyne.sk\/eshop\/#website"},"datePublished":"2017-07-26T09:49:28+00:00","dateModified":"2019-11-21T15:44:24+00:00","description":"Potrebujete poradi\u0165? Zanechajte email, alebo zavolajte na telef\u00f3ne \u010d\u00edslo 0908 50 90 91, kde zist\u00edte stav va\u0161ej objedn\u00e1vky. T\u00edm iKuchyne.sk je tu pre v\u00e1s!","breadcrumb":{"@id":"https:\/\/www.ikuchyne.sk\/eshop\/ikuchynesk-o-spolocnosti\/#breadcrumb"},"inLanguage":"sk-SK","potentialAction":[{"@type":"ReadAction","target":["https:\/\/www.ikuchyne.sk\/eshop\/ikuchynesk-o-spolocnosti\/"]}]},{"@type":"BreadcrumbList","@id":"https:\/\/www.ikuchyne.sk\/eshop\/ikuchynesk-o-spolocnosti\/#breadcrumb","itemListElement":[{"@type":"ListItem","position":1,"name":"Home","item":"https:\/\/www.ikuchyne.sk\/eshop\/"},{"@type":"ListItem","position":2,"name":"iKuchyne.sk &#8211; o spolo\u010dnosti"}]},{"@type":"WebSite","@id":"https:\/\/www.ikuchyne.sk\/eshop\/#website","url":"https:\/\/www.ikuchyne.sk\/eshop\/","name":"iKuchyne iSHOP s n\u00e1bytkom","description":"Jed\u00e1lensk\u00e9 stoly, stoli\u010dky, n\u00e1bytok, svietidl\u00e1...","publisher":{"@id":"https:\/\/www.ikuchyne.sk\/eshop\/#organization"},"potentialAction":[{"@type":"SearchAction","target":{"@type":"EntryPoint","urlTemplate":"https:\/\/www.ikuchyne.sk\/eshop\/?s={search_term_string}"},"query-input":"required name=search_term_string"}],"inLanguage":"sk-SK"},{"@type":"Organization","@id":"https:\/\/www.ikuchyne.sk\/eshop\/#organization","name":"ikuchyne!","url":"https:\/\/www.ikuchyne.sk\/eshop\/","logo":{"@type":"ImageObject","inLanguage":"sk-SK","@id":"https:\/\/www.ikuchyne.sk\/eshop\/#\/schema\/logo\/image\/","url":"https:\/\/www.ikuchyne.sk\/eshop\/wp-content\/uploads\/2017\/04\/ikuchyne-logo.jpg","contentUrl":"https:\/\/www.ikuchyne.sk\/eshop\/wp-content\/uploads\/2017\/04\/ikuchyne-logo.jpg","width":200,"height":48,"caption":"ikuchyne!"},"image":{"@id":"https:\/\/www.ikuchyne.sk\/eshop\/#\/schema\/logo\/image\/"},"sameAs":["https:\/\/www.facebook.com\/ikuchyne\/","https:\/\/www.instagram.com\/ikuchyne.sk\/","https:\/\/sk.pinterest.com\/ikuchynesk\/"]}]}},"_links":{"self":[{"href":"https:\/\/www.ikuchyne.sk\/eshop\/wp-json\/wp\/v2\/pages\/65637"}],"collection":[{"href":"https:\/\/www.ikuchyne.sk\/eshop\/wp-json\/wp\/v2\/pages"}],"about":[{"href":"https:\/\/www.ikuchyne.sk\/eshop\/wp-json\/wp\/v2\/types\/page"}],"author":[{"embeddable":true,"href":"https:\/\/www.ikuchyne.sk\/eshop\/wp-json\/wp\/v2\/users\/1"}],"replies":[{"embeddable":true,"href":"https:\/\/www.ikuchyne.sk\/eshop\/wp-json\/wp\/v2\/comments?post=65637"}],"version-history":[{"count":10,"href":"https:\/\/www.ikuchyne.sk\/eshop\/wp-json\/wp\/v2\/pages\/65637\/revisions"}],"predecessor-version":[{"id":119282,"href":"https:\/\/www.ikuchyne.sk\/eshop\/wp-json\/wp\/v2\/pages\/65637\/revisions\/119282"}],"wp:attachment":[{"href":"https:\/\/www.ikuchyne.sk\/eshop\/wp-json\/wp\/v2\/media?parent=65637"}],"curies":[{"name":"wp","href":"https:\/\/api.w.org\/{rel}","templated":true}]}}