{"id":66683,"date":"2017-08-28T14:59:15","date_gmt":"2017-08-28T12:59:15","guid":{"rendered":"https:\/\/ikuchyne.sk\/eshop\/?page_id=66683"},"modified":"2020-10-15T20:59:24","modified_gmt":"2020-10-15T18:59:24","slug":"stolicky-triedenie-podla-sedaku","status":"publish","type":"page","link":"https:\/\/www.ikuchyne.sk\/eshop\/stolicky-triedenie-podla-sedaku\/","title":{"rendered":"Stoli\u010dky &#8211; triedenie pod\u013ea sed\u00e1ku"},"content":{"rendered":"<p>[vc_row el_class=&#8221;oddiely_row&#8221;]<a href=\"\/eshop\/kategoria\/jedalenske-stolicky-plastovy-sedak\">[vc_column width=&#8221;1\/3&#8243;][vc_column_text el_class=&#8221;oddiely_info&#8221; el_id=&#8221;odd_plast_sed&#8221;]<\/p>\n<div class=\"oddiely_text\"><span class=\"oddiely_nadpis\">Plastov\u00fd sed\u00e1k<\/span><br \/>\n<span class=\"oddiely_link\">vst\u00fapi\u0165 do kateg\u00f3rie &gt;<\/span><\/div>\n<p>[\/vc_column_text][\/vc_column]<\/a><a href=\"\/eshop\/kategoria\/jedalenske-stolicky-caluneny-sedak\">[vc_column width=&#8221;1\/3&#8243;][vc_column_text el_class=&#8221;oddiely_info&#8221; el_id=&#8221;odd_calu_sed&#8221;]<\/p>\n<div class=\"oddiely_text\"><span class=\"oddiely_nadpis\">\u010cal\u00fanen\u00fd sed\u00e1k<\/span><br \/>\n<span class=\"oddiely_link\">vst\u00fapi\u0165 do kateg\u00f3rie &gt;<\/span><\/div>\n<p>[\/vc_column_text][\/vc_column]<\/a><a href=\"\/eshop\/kategoria\/jedalenske-stolicky-kovovy-sedak\">[vc_column width=&#8221;1\/3&#8243;][vc_column_text el_class=&#8221;oddiely_info&#8221; el_id=&#8221;odd_kov_sed&#8221;]<\/p>\n<div class=\"oddiely_text\"><span class=\"oddiely_nadpis\">Kovov\u00fd sed\u00e1k<\/span><br \/>\n<span class=\"oddiely_link\">vst\u00fapi\u0165 do kateg\u00f3rie &gt;<\/span><\/div>\n<p>[\/vc_column_text][\/vc_column]<\/a>[\/vc_row][vc_row el_class=&#8221;oddiely_row&#8221;]<a href=\"\/eshop\/kategoria\/jedalenske-stolicky-dreveny-sedak\">[vc_column width=&#8221;1\/3&#8243;][vc_column_text el_class=&#8221;oddiely_info&#8221; el_id=&#8221;odd_drev_sed&#8221;]<\/p>\n<div class=\"oddiely_text\"><span class=\"oddiely_nadpis\">Dreven\u00fd sed\u00e1k<\/span><br \/>\n<span class=\"oddiely_link\">vst\u00fapi\u0165 do kateg\u00f3rie &gt;<\/span><\/div>\n<p>[\/vc_column_text][\/vc_column]<\/a>[vc_column width=&#8221;1\/3&#8243;][\/vc_column][vc_column width=&#8221;1\/3&#8243;][\/vc_column][\/vc_row]<\/p>\n","protected":false},"excerpt":{"rendered":"<p>[vc_row el_class=&#8221;oddiely_row&#8221;][vc_column width=&#8221;1\/3&#8243;][vc_column_text el_class=&#8221;oddiely_info&#8221; el_id=&#8221;odd_plast_sed&#8221;] Plastov\u00fd sed\u00e1k vst\u00fapi\u0165 do kateg\u00f3rie &gt; [\/vc_column_text][\/vc_column][vc_column width=&#8221;1\/3&#8243;][vc_column_text el_class=&#8221;oddiely_info&#8221; el_id=&#8221;odd_calu_sed&#8221;] \u010cal\u00fanen\u00fd sed\u00e1k vst\u00fapi\u0165 do kateg\u00f3rie &gt; [\/vc_column_text][\/vc_column][vc_column width=&#8221;1\/3&#8243;][vc_column_text el_class=&#8221;oddiely_info&#8221; el_id=&#8221;odd_kov_sed&#8221;] Kovov\u00fd sed\u00e1k vst\u00fapi\u0165 do kateg\u00f3rie<\/p>\n","protected":false},"author":1,"featured_media":0,"parent":0,"menu_order":0,"comment_status":"closed","ping_status":"closed","template":"","meta":{"footnotes":""},"yoast_head":"<!-- This site is optimized with the Yoast SEO plugin v22.1 - https:\/\/yoast.com\/wordpress\/plugins\/seo\/ -->\n<title>Stoli\u010dky - triedenie pod\u013ea sed\u00e1ku &#187; iKuchyne iSHOP s n\u00e1bytkom<\/title>\n<meta name=\"robots\" content=\"index, follow, max-snippet:-1, max-image-preview:large, max-video-preview:-1\" \/>\n<link rel=\"canonical\" href=\"https:\/\/www.ikuchyne.sk\/eshop\/stolicky-triedenie-podla-sedaku\/\" \/>\n<meta property=\"og:locale\" content=\"sk_SK\" \/>\n<meta property=\"og:type\" content=\"article\" \/>\n<meta property=\"og:title\" content=\"Stoli\u010dky - triedenie pod\u013ea sed\u00e1ku &#187; iKuchyne iSHOP s n\u00e1bytkom\" \/>\n<meta property=\"og:description\" content=\"[vc_row el_class=&#8221;oddiely_row&#8221;][vc_column width=&#8221;1\/3&#8243;][vc_column_text el_class=&#8221;oddiely_info&#8221; el_id=&#8221;odd_plast_sed&#8221;] Plastov\u00fd sed\u00e1k vst\u00fapi\u0165 do kateg\u00f3rie &gt; [\/vc_column_text][\/vc_column][vc_column width=&#8221;1\/3&#8243;][vc_column_text el_class=&#8221;oddiely_info&#8221; el_id=&#8221;odd_calu_sed&#8221;] \u010cal\u00fanen\u00fd sed\u00e1k vst\u00fapi\u0165 do kateg\u00f3rie &gt; [\/vc_column_text][\/vc_column][vc_column width=&#8221;1\/3&#8243;][vc_column_text el_class=&#8221;oddiely_info&#8221; el_id=&#8221;odd_kov_sed&#8221;] Kovov\u00fd sed\u00e1k vst\u00fapi\u0165 do kateg\u00f3rie\" \/>\n<meta property=\"og:url\" content=\"https:\/\/www.ikuchyne.sk\/eshop\/stolicky-triedenie-podla-sedaku\/\" \/>\n<meta property=\"og:site_name\" content=\"iKuchyne iSHOP s n\u00e1bytkom\" \/>\n<meta property=\"article:publisher\" content=\"https:\/\/www.facebook.com\/ikuchyne\/\" \/>\n<meta property=\"article:modified_time\" content=\"2020-10-15T18:59:24+00:00\" \/>\n<meta name=\"twitter:card\" content=\"summary_large_image\" \/>\n<meta name=\"twitter:label1\" content=\"Predpokladan\u00fd \u010das \u010d\u00edtania\" \/>\n\t<meta name=\"twitter:data1\" content=\"1 min\u00fata\" \/>\n<script type=\"application\/ld+json\" class=\"yoast-schema-graph\">{\"@context\":\"https:\/\/schema.org\",\"@graph\":[{\"@type\":\"WebPage\",\"@id\":\"https:\/\/www.ikuchyne.sk\/eshop\/stolicky-triedenie-podla-sedaku\/\",\"url\":\"https:\/\/www.ikuchyne.sk\/eshop\/stolicky-triedenie-podla-sedaku\/\",\"name\":\"Stoli\u010dky - triedenie pod\u013ea sed\u00e1ku &#187; iKuchyne iSHOP s n\u00e1bytkom\",\"isPartOf\":{\"@id\":\"https:\/\/www.ikuchyne.sk\/eshop\/#website\"},\"datePublished\":\"2017-08-28T12:59:15+00:00\",\"dateModified\":\"2020-10-15T18:59:24+00:00\",\"breadcrumb\":{\"@id\":\"https:\/\/www.ikuchyne.sk\/eshop\/stolicky-triedenie-podla-sedaku\/#breadcrumb\"},\"inLanguage\":\"sk-SK\",\"potentialAction\":[{\"@type\":\"ReadAction\",\"target\":[\"https:\/\/www.ikuchyne.sk\/eshop\/stolicky-triedenie-podla-sedaku\/\"]}]},{\"@type\":\"BreadcrumbList\",\"@id\":\"https:\/\/www.ikuchyne.sk\/eshop\/stolicky-triedenie-podla-sedaku\/#breadcrumb\",\"itemListElement\":[{\"@type\":\"ListItem\",\"position\":1,\"name\":\"Home\",\"item\":\"https:\/\/www.ikuchyne.sk\/eshop\/\"},{\"@type\":\"ListItem\",\"position\":2,\"name\":\"Stoli\u010dky &#8211; triedenie pod\u013ea sed\u00e1ku\"}]},{\"@type\":\"WebSite\",\"@id\":\"https:\/\/www.ikuchyne.sk\/eshop\/#website\",\"url\":\"https:\/\/www.ikuchyne.sk\/eshop\/\",\"name\":\"iKuchyne iSHOP s n\u00e1bytkom\",\"description\":\"Jed\u00e1lensk\u00e9 stoly, stoli\u010dky, n\u00e1bytok, svietidl\u00e1...\",\"publisher\":{\"@id\":\"https:\/\/www.ikuchyne.sk\/eshop\/#organization\"},\"potentialAction\":[{\"@type\":\"SearchAction\",\"target\":{\"@type\":\"EntryPoint\",\"urlTemplate\":\"https:\/\/www.ikuchyne.sk\/eshop\/?s={search_term_string}\"},\"query-input\":\"required name=search_term_string\"}],\"inLanguage\":\"sk-SK\"},{\"@type\":\"Organization\",\"@id\":\"https:\/\/www.ikuchyne.sk\/eshop\/#organization\",\"name\":\"ikuchyne!\",\"url\":\"https:\/\/www.ikuchyne.sk\/eshop\/\",\"logo\":{\"@type\":\"ImageObject\",\"inLanguage\":\"sk-SK\",\"@id\":\"https:\/\/www.ikuchyne.sk\/eshop\/#\/schema\/logo\/image\/\",\"url\":\"https:\/\/www.ikuchyne.sk\/eshop\/wp-content\/uploads\/2017\/04\/ikuchyne-logo.jpg\",\"contentUrl\":\"https:\/\/www.ikuchyne.sk\/eshop\/wp-content\/uploads\/2017\/04\/ikuchyne-logo.jpg\",\"width\":200,\"height\":48,\"caption\":\"ikuchyne!\"},\"image\":{\"@id\":\"https:\/\/www.ikuchyne.sk\/eshop\/#\/schema\/logo\/image\/\"},\"sameAs\":[\"https:\/\/www.facebook.com\/ikuchyne\/\",\"https:\/\/www.instagram.com\/ikuchyne.sk\/\",\"https:\/\/sk.pinterest.com\/ikuchynesk\/\"]}]}<\/script>\n<!-- \/ Yoast SEO plugin. -->","yoast_head_json":{"title":"Stoli\u010dky - triedenie pod\u013ea sed\u00e1ku &#187; iKuchyne iSHOP s n\u00e1bytkom","robots":{"index":"index","follow":"follow","max-snippet":"max-snippet:-1","max-image-preview":"max-image-preview:large","max-video-preview":"max-video-preview:-1"},"canonical":"https:\/\/www.ikuchyne.sk\/eshop\/stolicky-triedenie-podla-sedaku\/","og_locale":"sk_SK","og_type":"article","og_title":"Stoli\u010dky - triedenie pod\u013ea sed\u00e1ku &#187; iKuchyne iSHOP s n\u00e1bytkom","og_description":"[vc_row el_class=&#8221;oddiely_row&#8221;][vc_column width=&#8221;1\/3&#8243;][vc_column_text el_class=&#8221;oddiely_info&#8221; el_id=&#8221;odd_plast_sed&#8221;] Plastov\u00fd sed\u00e1k vst\u00fapi\u0165 do kateg\u00f3rie &gt; [\/vc_column_text][\/vc_column][vc_column width=&#8221;1\/3&#8243;][vc_column_text el_class=&#8221;oddiely_info&#8221; el_id=&#8221;odd_calu_sed&#8221;] \u010cal\u00fanen\u00fd sed\u00e1k vst\u00fapi\u0165 do kateg\u00f3rie &gt; [\/vc_column_text][\/vc_column][vc_column width=&#8221;1\/3&#8243;][vc_column_text el_class=&#8221;oddiely_info&#8221; el_id=&#8221;odd_kov_sed&#8221;] Kovov\u00fd sed\u00e1k vst\u00fapi\u0165 do kateg\u00f3rie","og_url":"https:\/\/www.ikuchyne.sk\/eshop\/stolicky-triedenie-podla-sedaku\/","og_site_name":"iKuchyne iSHOP s n\u00e1bytkom","article_publisher":"https:\/\/www.facebook.com\/ikuchyne\/","article_modified_time":"2020-10-15T18:59:24+00:00","twitter_card":"summary_large_image","twitter_misc":{"Predpokladan\u00fd \u010das \u010d\u00edtania":"1 min\u00fata"},"schema":{"@context":"https:\/\/schema.org","@graph":[{"@type":"WebPage","@id":"https:\/\/www.ikuchyne.sk\/eshop\/stolicky-triedenie-podla-sedaku\/","url":"https:\/\/www.ikuchyne.sk\/eshop\/stolicky-triedenie-podla-sedaku\/","name":"Stoli\u010dky - triedenie pod\u013ea sed\u00e1ku &#187; iKuchyne iSHOP s n\u00e1bytkom","isPartOf":{"@id":"https:\/\/www.ikuchyne.sk\/eshop\/#website"},"datePublished":"2017-08-28T12:59:15+00:00","dateModified":"2020-10-15T18:59:24+00:00","breadcrumb":{"@id":"https:\/\/www.ikuchyne.sk\/eshop\/stolicky-triedenie-podla-sedaku\/#breadcrumb"},"inLanguage":"sk-SK","potentialAction":[{"@type":"ReadAction","target":["https:\/\/www.ikuchyne.sk\/eshop\/stolicky-triedenie-podla-sedaku\/"]}]},{"@type":"BreadcrumbList","@id":"https:\/\/www.ikuchyne.sk\/eshop\/stolicky-triedenie-podla-sedaku\/#breadcrumb","itemListElement":[{"@type":"ListItem","position":1,"name":"Home","item":"https:\/\/www.ikuchyne.sk\/eshop\/"},{"@type":"ListItem","position":2,"name":"Stoli\u010dky &#8211; triedenie pod\u013ea sed\u00e1ku"}]},{"@type":"WebSite","@id":"https:\/\/www.ikuchyne.sk\/eshop\/#website","url":"https:\/\/www.ikuchyne.sk\/eshop\/","name":"iKuchyne iSHOP s n\u00e1bytkom","description":"Jed\u00e1lensk\u00e9 stoly, stoli\u010dky, n\u00e1bytok, svietidl\u00e1...","publisher":{"@id":"https:\/\/www.ikuchyne.sk\/eshop\/#organization"},"potentialAction":[{"@type":"SearchAction","target":{"@type":"EntryPoint","urlTemplate":"https:\/\/www.ikuchyne.sk\/eshop\/?s={search_term_string}"},"query-input":"required name=search_term_string"}],"inLanguage":"sk-SK"},{"@type":"Organization","@id":"https:\/\/www.ikuchyne.sk\/eshop\/#organization","name":"ikuchyne!","url":"https:\/\/www.ikuchyne.sk\/eshop\/","logo":{"@type":"ImageObject","inLanguage":"sk-SK","@id":"https:\/\/www.ikuchyne.sk\/eshop\/#\/schema\/logo\/image\/","url":"https:\/\/www.ikuchyne.sk\/eshop\/wp-content\/uploads\/2017\/04\/ikuchyne-logo.jpg","contentUrl":"https:\/\/www.ikuchyne.sk\/eshop\/wp-content\/uploads\/2017\/04\/ikuchyne-logo.jpg","width":200,"height":48,"caption":"ikuchyne!"},"image":{"@id":"https:\/\/www.ikuchyne.sk\/eshop\/#\/schema\/logo\/image\/"},"sameAs":["https:\/\/www.facebook.com\/ikuchyne\/","https:\/\/www.instagram.com\/ikuchyne.sk\/","https:\/\/sk.pinterest.com\/ikuchynesk\/"]}]}},"_links":{"self":[{"href":"https:\/\/www.ikuchyne.sk\/eshop\/wp-json\/wp\/v2\/pages\/66683"}],"collection":[{"href":"https:\/\/www.ikuchyne.sk\/eshop\/wp-json\/wp\/v2\/pages"}],"about":[{"href":"https:\/\/www.ikuchyne.sk\/eshop\/wp-json\/wp\/v2\/types\/page"}],"author":[{"embeddable":true,"href":"https:\/\/www.ikuchyne.sk\/eshop\/wp-json\/wp\/v2\/users\/1"}],"replies":[{"embeddable":true,"href":"https:\/\/www.ikuchyne.sk\/eshop\/wp-json\/wp\/v2\/comments?post=66683"}],"version-history":[{"count":7,"href":"https:\/\/www.ikuchyne.sk\/eshop\/wp-json\/wp\/v2\/pages\/66683\/revisions"}],"predecessor-version":[{"id":147024,"href":"https:\/\/www.ikuchyne.sk\/eshop\/wp-json\/wp\/v2\/pages\/66683\/revisions\/147024"}],"wp:attachment":[{"href":"https:\/\/www.ikuchyne.sk\/eshop\/wp-json\/wp\/v2\/media?parent=66683"}],"curies":[{"name":"wp","href":"https:\/\/api.w.org\/{rel}","templated":true}]}}