{"id":67701,"date":"2017-09-27T10:59:15","date_gmt":"2017-09-27T08:59:15","guid":{"rendered":"https:\/\/ikuchyne.sk\/eshop\/?page_id=67701"},"modified":"2020-10-15T21:09:40","modified_gmt":"2020-10-15T19:09:40","slug":"jedalenske-stoly-triedenie-podla-povrchu","status":"publish","type":"page","link":"https:\/\/www.ikuchyne.sk\/eshop\/jedalenske-stoly-triedenie-podla-povrchu\/","title":{"rendered":"Jed\u00e1lensk\u00e9 stoly &#8211; triedenie pod\u013ea povrchu"},"content":{"rendered":"<p>[vc_row disable_element=&#8221;yes&#8221; el_class=&#8221;oddiely_row&#8221;][vc_column][vc_column_text]<\/p>\n<h4 class=\"kat_nadpis\">Triedenie pod\u013ea <span style=\"color: #ea1d5c;\">povrchu:<\/span><\/h4>\n<p>[\/vc_column_text][\/vc_column][\/vc_row][vc_row el_class=&#8221;oddiely_row&#8221;]<a href=\"\/eshop\/kategoria\/jedalenske-stoly-tmave-drevo\">[vc_column width=&#8221;1\/4&#8243;][vc_column_text el_class=&#8221;oddiely_info_4&#8243; el_id=&#8221;jed_stol_f_drev_t&#8221;]<\/p>\n<div class=\"oddiely_text\"><span class=\"oddiely_nadpis\">Tmav\u00e9 drevo<\/span><br \/>\n<span class=\"oddiely_link\">vst\u00fapi\u0165 do kateg\u00f3rie &gt;<\/span><\/div>\n<p>[\/vc_column_text][\/vc_column]<\/a><a href=\"\/eshop\/kategoria\/jedalenske-stoly-svetle-drevo\">[vc_column width=&#8221;1\/4&#8243;][vc_column_text el_class=&#8221;oddiely_info_4&#8243; el_id=&#8221;jed_stol_f_drev_s&#8221;]<\/p>\n<div class=\"oddiely_text\"><span class=\"oddiely_nadpis\">Svetl\u00e9 drevo<\/span><br \/>\n<span class=\"oddiely_link\">vst\u00fapi\u0165 do kateg\u00f3rie &gt;<\/span><\/div>\n<p>[\/vc_column_text][\/vc_column]<\/a><a href=\"\/eshop\/kategoria\/jedalenske-stoly-farebne-drevo\">[vc_column width=&#8221;1\/4&#8243;][vc_column_text el_class=&#8221;oddiely_info_4&#8243; el_id=&#8221;jed_stol_f_drev_f&#8221;]<\/p>\n<div class=\"oddiely_text\"><span class=\"oddiely_nadpis\">Farebn\u00e9 drevo<\/span><br \/>\n<span class=\"oddiely_link\">vst\u00fapi\u0165 do kateg\u00f3rie &gt;<\/span><\/div>\n<p>[\/vc_column_text][\/vc_column]<\/a><a href=\"\/eshop\/kategoria\/jedalenske-stoly-bielene-drevo\">[vc_column width=&#8221;1\/4&#8243;][vc_column_text el_class=&#8221;oddiely_info_4&#8243; el_id=&#8221;jed_stol_f_drev_b&#8221;]<\/p>\n<div class=\"oddiely_text\"><span class=\"oddiely_nadpis\">Bielen\u00e9 drevo<\/span><br \/>\n<span class=\"oddiely_link\">vst\u00fapi\u0165 do kateg\u00f3rie &gt;<\/span><\/div>\n<p>[\/vc_column_text][\/vc_column]<\/a><a href=\"\/eshop\/kategoria\/jedalenske-stoly-biele\">[vc_column width=&#8221;1\/4&#8243;][vc_column_text el_class=&#8221;oddiely_info_4&#8243; el_id=&#8221;jed_stol_f_biele&#8221;]<\/p>\n<div class=\"oddiely_text\"><span class=\"oddiely_nadpis\">Biele stoly<\/span><br \/>\n<span class=\"oddiely_link\">vst\u00fapi\u0165 do kateg\u00f3rie &gt;<\/span><\/div>\n<p>[\/vc_column_text][\/vc_column]<\/a><a href=\"\/eshop\/kategoria\/jedalenske-stoly-sklenene\">[vc_column width=&#8221;1\/4&#8243;][vc_column_text el_class=&#8221;oddiely_info_4&#8243; el_id=&#8221;jed_stol_f_sklo&#8221;]<\/p>\n<div class=\"oddiely_text\"><span class=\"oddiely_nadpis\">Sklenen\u00e9 stoly<\/span><br \/>\n<span class=\"oddiely_link\">vst\u00fapi\u0165 do kateg\u00f3rie &gt;<\/span><\/div>\n<p>[\/vc_column_text][\/vc_column]<\/a>[\/vc_row]<\/p>\n","protected":false},"excerpt":{"rendered":"<p>[vc_row disable_element=&#8221;yes&#8221; el_class=&#8221;oddiely_row&#8221;][vc_column][vc_column_text] Triedenie pod\u013ea povrchu: [\/vc_column_text][\/vc_column][\/vc_row][vc_row el_class=&#8221;oddiely_row&#8221;][vc_column width=&#8221;1\/4&#8243;][vc_column_text el_class=&#8221;oddiely_info_4&#8243; el_id=&#8221;jed_stol_f_drev_t&#8221;] Tmav\u00e9 drevo vst\u00fapi\u0165 do kateg\u00f3rie &gt; [\/vc_column_text][\/vc_column][vc_column width=&#8221;1\/4&#8243;][vc_column_text el_class=&#8221;oddiely_info_4&#8243; el_id=&#8221;jed_stol_f_drev_s&#8221;] Svetl\u00e9 drevo vst\u00fapi\u0165 do kateg\u00f3rie &gt; [\/vc_column_text][\/vc_column][vc_column width=&#8221;1\/4&#8243;][vc_column_text el_class=&#8221;oddiely_info_4&#8243;<\/p>\n","protected":false},"author":1,"featured_media":0,"parent":0,"menu_order":0,"comment_status":"closed","ping_status":"closed","template":"","meta":{"footnotes":""},"yoast_head":"<!-- This site is optimized with the Yoast SEO plugin v22.1 - https:\/\/yoast.com\/wordpress\/plugins\/seo\/ -->\n<title>Jed\u00e1lensk\u00e9 stoly - triedenie pod\u013ea povrchu &#187; iKuchyne iSHOP s n\u00e1bytkom<\/title>\n<meta name=\"robots\" content=\"index, follow, max-snippet:-1, max-image-preview:large, max-video-preview:-1\" \/>\n<link rel=\"canonical\" href=\"https:\/\/www.ikuchyne.sk\/eshop\/jedalenske-stoly-triedenie-podla-povrchu\/\" \/>\n<meta property=\"og:locale\" content=\"sk_SK\" \/>\n<meta property=\"og:type\" content=\"article\" \/>\n<meta property=\"og:title\" content=\"Jed\u00e1lensk\u00e9 stoly - triedenie pod\u013ea povrchu &#187; iKuchyne iSHOP s n\u00e1bytkom\" \/>\n<meta property=\"og:description\" content=\"[vc_row disable_element=&#8221;yes&#8221; el_class=&#8221;oddiely_row&#8221;][vc_column][vc_column_text] Triedenie pod\u013ea povrchu: [\/vc_column_text][\/vc_column][\/vc_row][vc_row el_class=&#8221;oddiely_row&#8221;][vc_column width=&#8221;1\/4&#8243;][vc_column_text el_class=&#8221;oddiely_info_4&#8243; el_id=&#8221;jed_stol_f_drev_t&#8221;] Tmav\u00e9 drevo vst\u00fapi\u0165 do kateg\u00f3rie &gt; [\/vc_column_text][\/vc_column][vc_column width=&#8221;1\/4&#8243;][vc_column_text el_class=&#8221;oddiely_info_4&#8243; el_id=&#8221;jed_stol_f_drev_s&#8221;] Svetl\u00e9 drevo vst\u00fapi\u0165 do kateg\u00f3rie &gt; [\/vc_column_text][\/vc_column][vc_column width=&#8221;1\/4&#8243;][vc_column_text el_class=&#8221;oddiely_info_4&#8243;\" \/>\n<meta property=\"og:url\" content=\"https:\/\/www.ikuchyne.sk\/eshop\/jedalenske-stoly-triedenie-podla-povrchu\/\" \/>\n<meta property=\"og:site_name\" content=\"iKuchyne iSHOP s n\u00e1bytkom\" \/>\n<meta property=\"article:publisher\" content=\"https:\/\/www.facebook.com\/ikuchyne\/\" \/>\n<meta property=\"article:modified_time\" content=\"2020-10-15T19:09:40+00:00\" \/>\n<meta name=\"twitter:card\" content=\"summary_large_image\" \/>\n<meta name=\"twitter:label1\" content=\"Predpokladan\u00fd \u010das \u010d\u00edtania\" \/>\n\t<meta name=\"twitter:data1\" content=\"1 min\u00fata\" \/>\n<script type=\"application\/ld+json\" class=\"yoast-schema-graph\">{\"@context\":\"https:\/\/schema.org\",\"@graph\":[{\"@type\":\"WebPage\",\"@id\":\"https:\/\/www.ikuchyne.sk\/eshop\/jedalenske-stoly-triedenie-podla-povrchu\/\",\"url\":\"https:\/\/www.ikuchyne.sk\/eshop\/jedalenske-stoly-triedenie-podla-povrchu\/\",\"name\":\"Jed\u00e1lensk\u00e9 stoly - triedenie pod\u013ea povrchu &#187; iKuchyne iSHOP s n\u00e1bytkom\",\"isPartOf\":{\"@id\":\"https:\/\/www.ikuchyne.sk\/eshop\/#website\"},\"datePublished\":\"2017-09-27T08:59:15+00:00\",\"dateModified\":\"2020-10-15T19:09:40+00:00\",\"breadcrumb\":{\"@id\":\"https:\/\/www.ikuchyne.sk\/eshop\/jedalenske-stoly-triedenie-podla-povrchu\/#breadcrumb\"},\"inLanguage\":\"sk-SK\",\"potentialAction\":[{\"@type\":\"ReadAction\",\"target\":[\"https:\/\/www.ikuchyne.sk\/eshop\/jedalenske-stoly-triedenie-podla-povrchu\/\"]}]},{\"@type\":\"BreadcrumbList\",\"@id\":\"https:\/\/www.ikuchyne.sk\/eshop\/jedalenske-stoly-triedenie-podla-povrchu\/#breadcrumb\",\"itemListElement\":[{\"@type\":\"ListItem\",\"position\":1,\"name\":\"Home\",\"item\":\"https:\/\/www.ikuchyne.sk\/eshop\/\"},{\"@type\":\"ListItem\",\"position\":2,\"name\":\"Jed\u00e1lensk\u00e9 stoly &#8211; triedenie pod\u013ea povrchu\"}]},{\"@type\":\"WebSite\",\"@id\":\"https:\/\/www.ikuchyne.sk\/eshop\/#website\",\"url\":\"https:\/\/www.ikuchyne.sk\/eshop\/\",\"name\":\"iKuchyne iSHOP s n\u00e1bytkom\",\"description\":\"Jed\u00e1lensk\u00e9 stoly, stoli\u010dky, n\u00e1bytok, svietidl\u00e1...\",\"publisher\":{\"@id\":\"https:\/\/www.ikuchyne.sk\/eshop\/#organization\"},\"potentialAction\":[{\"@type\":\"SearchAction\",\"target\":{\"@type\":\"EntryPoint\",\"urlTemplate\":\"https:\/\/www.ikuchyne.sk\/eshop\/?s={search_term_string}\"},\"query-input\":\"required name=search_term_string\"}],\"inLanguage\":\"sk-SK\"},{\"@type\":\"Organization\",\"@id\":\"https:\/\/www.ikuchyne.sk\/eshop\/#organization\",\"name\":\"ikuchyne!\",\"url\":\"https:\/\/www.ikuchyne.sk\/eshop\/\",\"logo\":{\"@type\":\"ImageObject\",\"inLanguage\":\"sk-SK\",\"@id\":\"https:\/\/www.ikuchyne.sk\/eshop\/#\/schema\/logo\/image\/\",\"url\":\"https:\/\/www.ikuchyne.sk\/eshop\/wp-content\/uploads\/2017\/04\/ikuchyne-logo.jpg\",\"contentUrl\":\"https:\/\/www.ikuchyne.sk\/eshop\/wp-content\/uploads\/2017\/04\/ikuchyne-logo.jpg\",\"width\":200,\"height\":48,\"caption\":\"ikuchyne!\"},\"image\":{\"@id\":\"https:\/\/www.ikuchyne.sk\/eshop\/#\/schema\/logo\/image\/\"},\"sameAs\":[\"https:\/\/www.facebook.com\/ikuchyne\/\",\"https:\/\/www.instagram.com\/ikuchyne.sk\/\",\"https:\/\/sk.pinterest.com\/ikuchynesk\/\"]}]}<\/script>\n<!-- \/ Yoast SEO plugin. -->","yoast_head_json":{"title":"Jed\u00e1lensk\u00e9 stoly - triedenie pod\u013ea povrchu &#187; iKuchyne iSHOP s n\u00e1bytkom","robots":{"index":"index","follow":"follow","max-snippet":"max-snippet:-1","max-image-preview":"max-image-preview:large","max-video-preview":"max-video-preview:-1"},"canonical":"https:\/\/www.ikuchyne.sk\/eshop\/jedalenske-stoly-triedenie-podla-povrchu\/","og_locale":"sk_SK","og_type":"article","og_title":"Jed\u00e1lensk\u00e9 stoly - triedenie pod\u013ea povrchu &#187; iKuchyne iSHOP s n\u00e1bytkom","og_description":"[vc_row disable_element=&#8221;yes&#8221; el_class=&#8221;oddiely_row&#8221;][vc_column][vc_column_text] Triedenie pod\u013ea povrchu: [\/vc_column_text][\/vc_column][\/vc_row][vc_row el_class=&#8221;oddiely_row&#8221;][vc_column width=&#8221;1\/4&#8243;][vc_column_text el_class=&#8221;oddiely_info_4&#8243; el_id=&#8221;jed_stol_f_drev_t&#8221;] Tmav\u00e9 drevo vst\u00fapi\u0165 do kateg\u00f3rie &gt; [\/vc_column_text][\/vc_column][vc_column width=&#8221;1\/4&#8243;][vc_column_text el_class=&#8221;oddiely_info_4&#8243; el_id=&#8221;jed_stol_f_drev_s&#8221;] Svetl\u00e9 drevo vst\u00fapi\u0165 do kateg\u00f3rie &gt; [\/vc_column_text][\/vc_column][vc_column width=&#8221;1\/4&#8243;][vc_column_text el_class=&#8221;oddiely_info_4&#8243;","og_url":"https:\/\/www.ikuchyne.sk\/eshop\/jedalenske-stoly-triedenie-podla-povrchu\/","og_site_name":"iKuchyne iSHOP s n\u00e1bytkom","article_publisher":"https:\/\/www.facebook.com\/ikuchyne\/","article_modified_time":"2020-10-15T19:09:40+00:00","twitter_card":"summary_large_image","twitter_misc":{"Predpokladan\u00fd \u010das \u010d\u00edtania":"1 min\u00fata"},"schema":{"@context":"https:\/\/schema.org","@graph":[{"@type":"WebPage","@id":"https:\/\/www.ikuchyne.sk\/eshop\/jedalenske-stoly-triedenie-podla-povrchu\/","url":"https:\/\/www.ikuchyne.sk\/eshop\/jedalenske-stoly-triedenie-podla-povrchu\/","name":"Jed\u00e1lensk\u00e9 stoly - triedenie pod\u013ea povrchu &#187; iKuchyne iSHOP s n\u00e1bytkom","isPartOf":{"@id":"https:\/\/www.ikuchyne.sk\/eshop\/#website"},"datePublished":"2017-09-27T08:59:15+00:00","dateModified":"2020-10-15T19:09:40+00:00","breadcrumb":{"@id":"https:\/\/www.ikuchyne.sk\/eshop\/jedalenske-stoly-triedenie-podla-povrchu\/#breadcrumb"},"inLanguage":"sk-SK","potentialAction":[{"@type":"ReadAction","target":["https:\/\/www.ikuchyne.sk\/eshop\/jedalenske-stoly-triedenie-podla-povrchu\/"]}]},{"@type":"BreadcrumbList","@id":"https:\/\/www.ikuchyne.sk\/eshop\/jedalenske-stoly-triedenie-podla-povrchu\/#breadcrumb","itemListElement":[{"@type":"ListItem","position":1,"name":"Home","item":"https:\/\/www.ikuchyne.sk\/eshop\/"},{"@type":"ListItem","position":2,"name":"Jed\u00e1lensk\u00e9 stoly &#8211; triedenie pod\u013ea povrchu"}]},{"@type":"WebSite","@id":"https:\/\/www.ikuchyne.sk\/eshop\/#website","url":"https:\/\/www.ikuchyne.sk\/eshop\/","name":"iKuchyne iSHOP s n\u00e1bytkom","description":"Jed\u00e1lensk\u00e9 stoly, stoli\u010dky, n\u00e1bytok, svietidl\u00e1...","publisher":{"@id":"https:\/\/www.ikuchyne.sk\/eshop\/#organization"},"potentialAction":[{"@type":"SearchAction","target":{"@type":"EntryPoint","urlTemplate":"https:\/\/www.ikuchyne.sk\/eshop\/?s={search_term_string}"},"query-input":"required name=search_term_string"}],"inLanguage":"sk-SK"},{"@type":"Organization","@id":"https:\/\/www.ikuchyne.sk\/eshop\/#organization","name":"ikuchyne!","url":"https:\/\/www.ikuchyne.sk\/eshop\/","logo":{"@type":"ImageObject","inLanguage":"sk-SK","@id":"https:\/\/www.ikuchyne.sk\/eshop\/#\/schema\/logo\/image\/","url":"https:\/\/www.ikuchyne.sk\/eshop\/wp-content\/uploads\/2017\/04\/ikuchyne-logo.jpg","contentUrl":"https:\/\/www.ikuchyne.sk\/eshop\/wp-content\/uploads\/2017\/04\/ikuchyne-logo.jpg","width":200,"height":48,"caption":"ikuchyne!"},"image":{"@id":"https:\/\/www.ikuchyne.sk\/eshop\/#\/schema\/logo\/image\/"},"sameAs":["https:\/\/www.facebook.com\/ikuchyne\/","https:\/\/www.instagram.com\/ikuchyne.sk\/","https:\/\/sk.pinterest.com\/ikuchynesk\/"]}]}},"_links":{"self":[{"href":"https:\/\/www.ikuchyne.sk\/eshop\/wp-json\/wp\/v2\/pages\/67701"}],"collection":[{"href":"https:\/\/www.ikuchyne.sk\/eshop\/wp-json\/wp\/v2\/pages"}],"about":[{"href":"https:\/\/www.ikuchyne.sk\/eshop\/wp-json\/wp\/v2\/types\/page"}],"author":[{"embeddable":true,"href":"https:\/\/www.ikuchyne.sk\/eshop\/wp-json\/wp\/v2\/users\/1"}],"replies":[{"embeddable":true,"href":"https:\/\/www.ikuchyne.sk\/eshop\/wp-json\/wp\/v2\/comments?post=67701"}],"version-history":[{"count":5,"href":"https:\/\/www.ikuchyne.sk\/eshop\/wp-json\/wp\/v2\/pages\/67701\/revisions"}],"predecessor-version":[{"id":147026,"href":"https:\/\/www.ikuchyne.sk\/eshop\/wp-json\/wp\/v2\/pages\/67701\/revisions\/147026"}],"wp:attachment":[{"href":"https:\/\/www.ikuchyne.sk\/eshop\/wp-json\/wp\/v2\/media?parent=67701"}],"curies":[{"name":"wp","href":"https:\/\/api.w.org\/{rel}","templated":true}]}}