{"id":69875,"date":"2017-11-09T14:38:28","date_gmt":"2017-11-09T13:38:28","guid":{"rendered":"https:\/\/ikuchyne.sk\/eshop\/?page_id=69875"},"modified":"2020-08-24T20:21:48","modified_gmt":"2020-08-24T18:21:48","slug":"serie-nabytku","status":"publish","type":"page","link":"https:\/\/www.ikuchyne.sk\/eshop\/serie-nabytku\/","title":{"rendered":"S\u00e9rie n\u00e1bytku"},"content":{"rendered":"<div style=\"display: none;\"><\/div>\n<div style=\"display: none;\"><\/div>\n<div style=\"display: none;\"><\/div>\n<div style=\"display: none;\"><\/div>\n<div style=\"display: none;\"><\/div>\n<div style=\"display: none;\"><\/div>\n<div style=\"display: none;\"><\/div>\n<div style=\"display: none;\"><\/div>\n<p>[vc_row][vc_column][vc_column_text]<\/p>\n<div style=\"display: none;\"><\/div>\n<p>[\/vc_column_text][\/vc_column][\/vc_row][vc_row][vc_column][vc_empty_space][\/vc_column][\/vc_row][vc_row][vc_column width=&#8221;1\/12&#8243;][\/vc_column][vc_column width=&#8221;1\/3&#8243;][vc_column_text]<\/p>\n<h2 style=\"font-weight: bold; line-height: 1em;\">Objavte dizajnov\u00e9<br \/>\n<span style=\"color: #ea1d5c;\">s\u00e9rie n\u00e1bytku<\/span><\/h2>\n<p>[\/vc_column_text][\/vc_column][vc_column width=&#8221;1\/12&#8243;][\/vc_column][vc_column width=&#8221;1\/4&#8243;][vc_column_text]Sk\u00f4r ne\u017e sa pust\u00edte do zaria\u010fovania interi\u00e9ru, je d\u00f4le\u017eit\u00e9 polo\u017ei\u0165 si ot\u00e1zku v akom \u0161t\u00fdle m\u00e1 by\u0165 V\u00e1\u0161 interi\u00e9r laden\u00fd.[\/vc_column_text][\/vc_column][vc_column width=&#8221;1\/4&#8243;][vc_column_text]Vybrali sme pre V\u00e1s s\u00e9rie najkraj\u0161\u00edch produktov a n\u00e1bytku tak, aby V\u00e1\u0161 interi\u00e9r bol zladen\u00fd v jednom \u0161t\u00fdle \u010di farebnom preveden\u00ed.[\/vc_column_text][\/vc_column][\/vc_row][vc_row][vc_column][vc_column_text el_class=&#8221;kat_nadpis_hore&#8221;][\/vc_column_text][\/vc_column][\/vc_row][vc_row][vc_column width=&#8221;5\/12&#8243; el_class=&#8221;div_seria_makassar&#8221;][vc_raw_html el_class=&#8221;seria_makassar&#8221;]JTNDaDIlMjBjbGFzcyUzRCUyMmgyX3NlcmlhJTIyJTNFUyVDMyU4OVJJQSUyMCUzQ3NwYW4lMjBzdHlsZSUzRCUyMmNvbG9yJTNBJTIwJTIzZWExZDVjJTNCJTIyJTNFTWFrYXNzYXIlM0MlMkZzcGFuJTNFJTNDJTJGaDIlM0UlMEElM0NhJTIwaHJlZiUzRCUyMiUyRmVzaG9wJTJGa2F0ZWdvcmlhJTJGc2VyaWUta2F0ZWdvcmlhJTJGc2VyaWEtbWFrYXNzYXIlMkYlMjIlM0UlM0NzcGFuJTNFJTNDJTJGc3BhbiUzRSUzQyUyRmElM0UlMEE=[\/vc_raw_html][\/vc_column][vc_column width=&#8221;7\/12&#8243; el_class=&#8221;div_seria_chesterfield&#8221;][vc_raw_html el_class=&#8221;seria_chesterfield&#8221;]JTNDaDIlMjBjbGFzcyUzRCUyMmgyX3NlcmlhJTIyJTNFUyVDMyU4OVJJQSUyMCUzQ3NwYW4lMjBzdHlsZSUzRCUyMmNvbG9yJTNBJTIwJTIzZWExZDVjJTNCJTIyJTNFQ2hlc3RlcmZpZWxkJTNDJTJGc3BhbiUzRSUzQyUyRmgyJTNFJTBBJTNDYSUyMGhyZWYlM0QlMjIlMkZlc2hvcCUyRmthdGVnb3JpYSUyRnNlcmlhLWNoZXN0ZXJmaWVsZCUyRiUyMiUzRSUzQ3NwYW4lM0UlM0MlMkZzcGFuJTNFJTNDJTJGYSUzRQ==[\/vc_raw_html][\/vc_column][\/vc_row][vc_row][vc_column width=&#8221;7\/12&#8243; el_class=&#8221;div_seria_scandic&#8221;][vc_raw_html el_class=&#8221;seria_scandic&#8221;]JTNDaDIlMjBjbGFzcyUzRCUyMmgyX3NlcmlhJTIyJTNFUyVDMyU4OVJJQSUyMCUzQ3NwYW4lMjBzdHlsZSUzRCUyMmNvbG9yJTNBJTIwJTIzZWExZDVjJTNCJTIyJTNFU2NhbmRpYyUzQyUyRnNwYW4lM0UlM0MlMkZoMiUzRSUwQSUzQ2ElMjBocmVmJTNEJTIyJTJGZXNob3AlMkZrYXRlZ29yaWElMkZzZXJpZS1rYXRlZ29yaWElMkZzZXJpYS1zY2FuZGljJTJGJTIyJTNFJTNDc3BhbiUzRSUzQyUyRnNwYW4lM0UlM0MlMkZhJTNFJTBB[\/vc_raw_html][\/vc_column][vc_column width=&#8221;5\/12&#8243; el_class=&#8221;div_seria_naplavene_drevo&#8221;][vc_raw_html el_class=&#8221;seria_naplavene_drevo&#8221;]JTNDaDIlMjBjbGFzcyUzRCUyMmgyX3NlcmlhJTIyJTNFUyVDMyU4OVJJQSUyMCUzQ2JyJTIwJTJGJTNFJTNDc3BhbiUyMHN0eWxlJTNEJTIyY29sb3IlM0ElMjAlMjNlYTFkNWMlM0IlMjIlM0VuYXBsYXZlbiVDMyVBOSUzQ2JyJTIwJTJGJTNFZHJldm8lM0MlMkZzcGFuJTNFJTNDJTJGaDIlM0UlMEElM0NhJTIwaHJlZiUzRCUyMiUyRmVzaG9wJTJGa2F0ZWdvcmlhJTJGc2VyaWUta2F0ZWdvcmlhJTJGc2VyaWEtbmFwbGF2ZW5lLWRyZXZvJTJGJTIyJTNFJTNDc3BhbiUzRSUzQyUyRnNwYW4lM0UlM0MlMkZhJTNF[\/vc_raw_html][\/vc_column][\/vc_row][vc_row][vc_column][vc_column_text][\/vc_column_text][\/vc_column][\/vc_row]<\/p>\n","protected":false},"excerpt":{"rendered":"<p>[vc_row][vc_column][vc_column_text] [\/vc_column_text][\/vc_column][\/vc_row][vc_row][vc_column][vc_empty_space][\/vc_column][\/vc_row][vc_row][vc_column width=&#8221;1\/12&#8243;][\/vc_column][vc_column width=&#8221;1\/3&#8243;][vc_column_text] Objavte dizajnov\u00e9 s\u00e9rie n\u00e1bytku [\/vc_column_text][\/vc_column][vc_column width=&#8221;1\/12&#8243;][\/vc_column][vc_column width=&#8221;1\/4&#8243;][vc_column_text]Sk\u00f4r ne\u017e sa pust\u00edte do zaria\u010fovania interi\u00e9ru, je d\u00f4le\u017eit\u00e9 polo\u017ei\u0165 si ot\u00e1zku v akom \u0161t\u00fdle m\u00e1 by\u0165 V\u00e1\u0161 interi\u00e9r laden\u00fd.[\/vc_column_text][\/vc_column][vc_column<\/p>\n","protected":false},"author":1,"featured_media":0,"parent":0,"menu_order":0,"comment_status":"closed","ping_status":"closed","template":"","meta":{"footnotes":""},"yoast_head":"<!-- This site is optimized with the Yoast SEO plugin v22.1 - https:\/\/yoast.com\/wordpress\/plugins\/seo\/ -->\n<title>S\u00e9rie n\u00e1bytku &#187; iKuchyne iSHOP s n\u00e1bytkom<\/title>\n<meta name=\"robots\" content=\"index, follow, max-snippet:-1, max-image-preview:large, max-video-preview:-1\" \/>\n<link rel=\"canonical\" href=\"https:\/\/www.ikuchyne.sk\/eshop\/serie-nabytku\/\" \/>\n<meta property=\"og:locale\" content=\"sk_SK\" \/>\n<meta property=\"og:type\" content=\"article\" \/>\n<meta property=\"og:title\" content=\"S\u00e9rie n\u00e1bytku &#187; iKuchyne iSHOP s n\u00e1bytkom\" \/>\n<meta property=\"og:description\" content=\"[vc_row][vc_column][vc_column_text] [\/vc_column_text][\/vc_column][\/vc_row][vc_row][vc_column][vc_empty_space][\/vc_column][\/vc_row][vc_row][vc_column width=&#8221;1\/12&#8243;][\/vc_column][vc_column width=&#8221;1\/3&#8243;][vc_column_text] Objavte dizajnov\u00e9 s\u00e9rie n\u00e1bytku [\/vc_column_text][\/vc_column][vc_column width=&#8221;1\/12&#8243;][\/vc_column][vc_column width=&#8221;1\/4&#8243;][vc_column_text]Sk\u00f4r ne\u017e sa pust\u00edte do zaria\u010fovania interi\u00e9ru, je d\u00f4le\u017eit\u00e9 polo\u017ei\u0165 si ot\u00e1zku v akom \u0161t\u00fdle m\u00e1 by\u0165 V\u00e1\u0161 interi\u00e9r laden\u00fd.[\/vc_column_text][\/vc_column][vc_column\" \/>\n<meta property=\"og:url\" content=\"https:\/\/www.ikuchyne.sk\/eshop\/serie-nabytku\/\" \/>\n<meta property=\"og:site_name\" content=\"iKuchyne iSHOP s n\u00e1bytkom\" \/>\n<meta property=\"article:publisher\" content=\"https:\/\/www.facebook.com\/ikuchyne\/\" \/>\n<meta property=\"article:modified_time\" content=\"2020-08-24T18:21:48+00:00\" \/>\n<meta name=\"twitter:card\" content=\"summary_large_image\" \/>\n<meta name=\"twitter:label1\" content=\"Predpokladan\u00fd \u010das \u010d\u00edtania\" \/>\n\t<meta name=\"twitter:data1\" content=\"2 min\u00faty\" \/>\n<script type=\"application\/ld+json\" class=\"yoast-schema-graph\">{\"@context\":\"https:\/\/schema.org\",\"@graph\":[{\"@type\":\"WebPage\",\"@id\":\"https:\/\/www.ikuchyne.sk\/eshop\/serie-nabytku\/\",\"url\":\"https:\/\/www.ikuchyne.sk\/eshop\/serie-nabytku\/\",\"name\":\"S\u00e9rie n\u00e1bytku &#187; iKuchyne iSHOP s n\u00e1bytkom\",\"isPartOf\":{\"@id\":\"https:\/\/www.ikuchyne.sk\/eshop\/#website\"},\"datePublished\":\"2017-11-09T13:38:28+00:00\",\"dateModified\":\"2020-08-24T18:21:48+00:00\",\"breadcrumb\":{\"@id\":\"https:\/\/www.ikuchyne.sk\/eshop\/serie-nabytku\/#breadcrumb\"},\"inLanguage\":\"sk-SK\",\"potentialAction\":[{\"@type\":\"ReadAction\",\"target\":[\"https:\/\/www.ikuchyne.sk\/eshop\/serie-nabytku\/\"]}]},{\"@type\":\"BreadcrumbList\",\"@id\":\"https:\/\/www.ikuchyne.sk\/eshop\/serie-nabytku\/#breadcrumb\",\"itemListElement\":[{\"@type\":\"ListItem\",\"position\":1,\"name\":\"Home\",\"item\":\"https:\/\/www.ikuchyne.sk\/eshop\/\"},{\"@type\":\"ListItem\",\"position\":2,\"name\":\"S\u00e9rie n\u00e1bytku\"}]},{\"@type\":\"WebSite\",\"@id\":\"https:\/\/www.ikuchyne.sk\/eshop\/#website\",\"url\":\"https:\/\/www.ikuchyne.sk\/eshop\/\",\"name\":\"iKuchyne iSHOP s n\u00e1bytkom\",\"description\":\"Jed\u00e1lensk\u00e9 stoly, stoli\u010dky, n\u00e1bytok, svietidl\u00e1...\",\"publisher\":{\"@id\":\"https:\/\/www.ikuchyne.sk\/eshop\/#organization\"},\"potentialAction\":[{\"@type\":\"SearchAction\",\"target\":{\"@type\":\"EntryPoint\",\"urlTemplate\":\"https:\/\/www.ikuchyne.sk\/eshop\/?s={search_term_string}\"},\"query-input\":\"required name=search_term_string\"}],\"inLanguage\":\"sk-SK\"},{\"@type\":\"Organization\",\"@id\":\"https:\/\/www.ikuchyne.sk\/eshop\/#organization\",\"name\":\"ikuchyne!\",\"url\":\"https:\/\/www.ikuchyne.sk\/eshop\/\",\"logo\":{\"@type\":\"ImageObject\",\"inLanguage\":\"sk-SK\",\"@id\":\"https:\/\/www.ikuchyne.sk\/eshop\/#\/schema\/logo\/image\/\",\"url\":\"https:\/\/www.ikuchyne.sk\/eshop\/wp-content\/uploads\/2017\/04\/ikuchyne-logo.jpg\",\"contentUrl\":\"https:\/\/www.ikuchyne.sk\/eshop\/wp-content\/uploads\/2017\/04\/ikuchyne-logo.jpg\",\"width\":200,\"height\":48,\"caption\":\"ikuchyne!\"},\"image\":{\"@id\":\"https:\/\/www.ikuchyne.sk\/eshop\/#\/schema\/logo\/image\/\"},\"sameAs\":[\"https:\/\/www.facebook.com\/ikuchyne\/\",\"https:\/\/www.instagram.com\/ikuchyne.sk\/\",\"https:\/\/sk.pinterest.com\/ikuchynesk\/\"]}]}<\/script>\n<!-- \/ Yoast SEO plugin. -->","yoast_head_json":{"title":"S\u00e9rie n\u00e1bytku &#187; iKuchyne iSHOP s n\u00e1bytkom","robots":{"index":"index","follow":"follow","max-snippet":"max-snippet:-1","max-image-preview":"max-image-preview:large","max-video-preview":"max-video-preview:-1"},"canonical":"https:\/\/www.ikuchyne.sk\/eshop\/serie-nabytku\/","og_locale":"sk_SK","og_type":"article","og_title":"S\u00e9rie n\u00e1bytku &#187; iKuchyne iSHOP s n\u00e1bytkom","og_description":"[vc_row][vc_column][vc_column_text] [\/vc_column_text][\/vc_column][\/vc_row][vc_row][vc_column][vc_empty_space][\/vc_column][\/vc_row][vc_row][vc_column width=&#8221;1\/12&#8243;][\/vc_column][vc_column width=&#8221;1\/3&#8243;][vc_column_text] Objavte dizajnov\u00e9 s\u00e9rie n\u00e1bytku [\/vc_column_text][\/vc_column][vc_column width=&#8221;1\/12&#8243;][\/vc_column][vc_column width=&#8221;1\/4&#8243;][vc_column_text]Sk\u00f4r ne\u017e sa pust\u00edte do zaria\u010fovania interi\u00e9ru, je d\u00f4le\u017eit\u00e9 polo\u017ei\u0165 si ot\u00e1zku v akom \u0161t\u00fdle m\u00e1 by\u0165 V\u00e1\u0161 interi\u00e9r laden\u00fd.[\/vc_column_text][\/vc_column][vc_column","og_url":"https:\/\/www.ikuchyne.sk\/eshop\/serie-nabytku\/","og_site_name":"iKuchyne iSHOP s n\u00e1bytkom","article_publisher":"https:\/\/www.facebook.com\/ikuchyne\/","article_modified_time":"2020-08-24T18:21:48+00:00","twitter_card":"summary_large_image","twitter_misc":{"Predpokladan\u00fd \u010das \u010d\u00edtania":"2 min\u00faty"},"schema":{"@context":"https:\/\/schema.org","@graph":[{"@type":"WebPage","@id":"https:\/\/www.ikuchyne.sk\/eshop\/serie-nabytku\/","url":"https:\/\/www.ikuchyne.sk\/eshop\/serie-nabytku\/","name":"S\u00e9rie n\u00e1bytku &#187; iKuchyne iSHOP s n\u00e1bytkom","isPartOf":{"@id":"https:\/\/www.ikuchyne.sk\/eshop\/#website"},"datePublished":"2017-11-09T13:38:28+00:00","dateModified":"2020-08-24T18:21:48+00:00","breadcrumb":{"@id":"https:\/\/www.ikuchyne.sk\/eshop\/serie-nabytku\/#breadcrumb"},"inLanguage":"sk-SK","potentialAction":[{"@type":"ReadAction","target":["https:\/\/www.ikuchyne.sk\/eshop\/serie-nabytku\/"]}]},{"@type":"BreadcrumbList","@id":"https:\/\/www.ikuchyne.sk\/eshop\/serie-nabytku\/#breadcrumb","itemListElement":[{"@type":"ListItem","position":1,"name":"Home","item":"https:\/\/www.ikuchyne.sk\/eshop\/"},{"@type":"ListItem","position":2,"name":"S\u00e9rie n\u00e1bytku"}]},{"@type":"WebSite","@id":"https:\/\/www.ikuchyne.sk\/eshop\/#website","url":"https:\/\/www.ikuchyne.sk\/eshop\/","name":"iKuchyne iSHOP s n\u00e1bytkom","description":"Jed\u00e1lensk\u00e9 stoly, stoli\u010dky, n\u00e1bytok, svietidl\u00e1...","publisher":{"@id":"https:\/\/www.ikuchyne.sk\/eshop\/#organization"},"potentialAction":[{"@type":"SearchAction","target":{"@type":"EntryPoint","urlTemplate":"https:\/\/www.ikuchyne.sk\/eshop\/?s={search_term_string}"},"query-input":"required name=search_term_string"}],"inLanguage":"sk-SK"},{"@type":"Organization","@id":"https:\/\/www.ikuchyne.sk\/eshop\/#organization","name":"ikuchyne!","url":"https:\/\/www.ikuchyne.sk\/eshop\/","logo":{"@type":"ImageObject","inLanguage":"sk-SK","@id":"https:\/\/www.ikuchyne.sk\/eshop\/#\/schema\/logo\/image\/","url":"https:\/\/www.ikuchyne.sk\/eshop\/wp-content\/uploads\/2017\/04\/ikuchyne-logo.jpg","contentUrl":"https:\/\/www.ikuchyne.sk\/eshop\/wp-content\/uploads\/2017\/04\/ikuchyne-logo.jpg","width":200,"height":48,"caption":"ikuchyne!"},"image":{"@id":"https:\/\/www.ikuchyne.sk\/eshop\/#\/schema\/logo\/image\/"},"sameAs":["https:\/\/www.facebook.com\/ikuchyne\/","https:\/\/www.instagram.com\/ikuchyne.sk\/","https:\/\/sk.pinterest.com\/ikuchynesk\/"]}]}},"_links":{"self":[{"href":"https:\/\/www.ikuchyne.sk\/eshop\/wp-json\/wp\/v2\/pages\/69875"}],"collection":[{"href":"https:\/\/www.ikuchyne.sk\/eshop\/wp-json\/wp\/v2\/pages"}],"about":[{"href":"https:\/\/www.ikuchyne.sk\/eshop\/wp-json\/wp\/v2\/types\/page"}],"author":[{"embeddable":true,"href":"https:\/\/www.ikuchyne.sk\/eshop\/wp-json\/wp\/v2\/users\/1"}],"replies":[{"embeddable":true,"href":"https:\/\/www.ikuchyne.sk\/eshop\/wp-json\/wp\/v2\/comments?post=69875"}],"version-history":[{"count":23,"href":"https:\/\/www.ikuchyne.sk\/eshop\/wp-json\/wp\/v2\/pages\/69875\/revisions"}],"predecessor-version":[{"id":132273,"href":"https:\/\/www.ikuchyne.sk\/eshop\/wp-json\/wp\/v2\/pages\/69875\/revisions\/132273"}],"wp:attachment":[{"href":"https:\/\/www.ikuchyne.sk\/eshop\/wp-json\/wp\/v2\/media?parent=69875"}],"curies":[{"name":"wp","href":"https:\/\/api.w.org\/{rel}","templated":true}]}}