{"id":71933,"date":"2018-02-07T12:38:24","date_gmt":"2018-02-07T11:38:24","guid":{"rendered":"https:\/\/ikuchyne.sk\/eshop\/?page_id=71933"},"modified":"2020-10-31T10:11:50","modified_gmt":"2020-10-31T09:11:50","slug":"showroom","status":"publish","type":"page","link":"https:\/\/www.ikuchyne.sk\/eshop\/showroom\/","title":{"rendered":"Showroom"},"content":{"rendered":"<p>[vc_row][vc_column][vc_empty_space][\/vc_column][\/vc_row][vc_row][vc_column width=&#8221;1\/3&#8243;][vc_column_text]<\/p>\n<h2 style=\"font-weight: bold; line-height: 1em;\">Showroom Bratislava<br \/>\n<span style=\"color: #ea1d5c;\">Galvaniho Business Centrum II<\/span><\/h2>\n<p>[\/vc_column_text][\/vc_column][vc_column width=&#8221;1\/3&#8243;][vc_column_text]Na tejto str\u00e1nke n\u00e1jdete v\u0161etky produkty, ktor\u00e9 m\u00f4\u017eete vidie\u0165 u n\u00e1s v predajni. Sme kuchynsk\u00e9 \u0161t\u00fadio v Bratislave a tento obchodn\u00fd priestor je zariaden\u00fd ako jeden ve\u013ek\u00fd byt s kuchy\u0148ou, jed\u00e1l\u0148ou a ob\u00fdva\u010dkou.[\/vc_column_text][\/vc_column][vc_column width=&#8221;1\/3&#8243;][vc_column_text]To znamen\u00e1, \u017ee u n\u00e1s neuvid\u00edte kompletn\u00fa ponuku jed\u00e1lensk\u00fdch stolov, ktor\u00fdch m\u00e1me na eshope viac ako 200, ale len jeden umiestnen\u00fd v jed\u00e1lni. Toto ist\u00e9 pravidlo plat\u00ed aj pri seda\u010dk\u00e1ch a komod\u00e1ch. V showroome sa v\u0161ak m\u00f4\u017eete posadi\u0165 na viac ako 20 jed\u00e1lensk\u00fdch stoli\u010diek a vidie\u0165 20 r\u00f4znych svietidiel.[\/vc_column_text][\/vc_column][\/vc_row][vc_row][vc_column]\n\t\t\t<!-- START ShowRoomSlider REVOLUTION SLIDER 6.3.9 --><p class=\"rs-p-wp-fix\"><\/p>\n\t\t\t<rs-module-wrap id=\"rev_slider_10_1_wrapper\" data-source=\"gallery\" style=\"background:transparent;padding:0;margin:0px auto;margin-top:0;margin-bottom:0;max-width:none;\">\n\t\t\t\t<rs-module id=\"rev_slider_10_1\" style=\"\" data-version=\"6.3.9\">\n\t\t\t\t\t<rs-slides>\n\t\t\t\t\t\t<rs-slide data-key=\"rs-36\" data-title=\"Slide\" data-duration=\"3000ms\" data-anim=\"ei:d;eo:d;s:d;r:default;t:zoomout;sl:d;\">\n\t\t\t\t\t\t\t<img loading=\"lazy\" decoding=\"async\" src=\"\/\/www.ikuchyne.sk\/eshop\/wp-content\/uploads\/2019\/08\/Showroom-iKuchyne.jpg\" alt=\"Showroom ikuchyne!\" title=\"Showroom iKuchyne\" width=\"2500\" height=\"1660\" data-panzoom=\"d:4000ms;ss:100%;se:300%;rs:0deg;re:0deg;bs:0px;os:0px\/-200px;oe:-500px\/500px;\" class=\"rev-slidebg\" data-no-retina>\n<!---->\t\t\t\t\t\t<\/rs-slide>\n\t\t\t\t\t\t<rs-slide data-key=\"rs-37\" data-title=\"Slide\" data-duration=\"3000ms\" data-anim=\"ei:d;eo:d;s:d;r:default;t:zoomout;sl:d;\">\n\t\t\t\t\t\t\t<img loading=\"lazy\" decoding=\"async\" src=\"\/\/www.ikuchyne.sk\/eshop\/wp-content\/uploads\/2018\/02\/showroom-galvaniho-2.jpg\" alt=\"Showroom Galvaniho 15\/B\" title=\"Showroom Galvaniho 15\/B\" width=\"600\" height=\"600\" data-panzoom=\"d:4000ms;ss:100;se:100;os:0\/-440px;oe:0px\/0;\" class=\"rev-slidebg\" data-no-retina>\n<!---->\t\t\t\t\t\t<\/rs-slide>\n\t\t\t\t\t\t<rs-slide data-key=\"rs-38\" data-title=\"Slide\" data-duration=\"3000ms\" data-anim=\"ei:d;eo:d;s:d;r:default;t:zoomout;sl:d;\">\n\t\t\t\t\t\t\t<img loading=\"lazy\" decoding=\"async\" src=\"\/\/www.ikuchyne.sk\/eshop\/wp-content\/uploads\/2018\/02\/showroom-galvaniho-3.jpg\" alt=\"Showroom Galvaniho 15\/B\" title=\"Showroom Galvaniho 15\/B\" width=\"600\" height=\"600\" data-panzoom=\"d:4000ms;ss:100;se:100;os:0\/-440px;oe:0px\/0;\" class=\"rev-slidebg\" data-no-retina>\n<!---->\t\t\t\t\t\t<\/rs-slide>\n\t\t\t\t\t<\/rs-slides>\n\t\t\t\t\t<rs-static-layers><!--\n\t\t\t\t\t--><\/rs-static-layers>\n\t\t\t\t<\/rs-module>\n\t\t\t\t<script type=\"text\/javascript\">\n\t\t\t\t\tsetREVStartSize({c: 'rev_slider_10_1',rl:[1240,1024,778,480],el:[400,768,960,720],gw:[1130,1024,778,480],gh:[400,768,960,720],type:'standard',justify:'',layout:'fullwidth',mh:\"0\"});\n\t\t\t\t\tvar\trevapi10,\n\t\t\t\t\t\ttpj;\n\t\t\t\t\tfunction revinit_revslider101() {\n\t\t\t\t\tjQuery(function() {\n\t\t\t\t\t\ttpj = jQuery;\n\t\t\t\t\t\trevapi10 = tpj(\"#rev_slider_10_1\");\n\t\t\t\t\t\tif(revapi10==undefined || revapi10.revolution == undefined){\n\t\t\t\t\t\t\trevslider_showDoubleJqueryError(\"rev_slider_10_1\");\n\t\t\t\t\t\t}else{\n\t\t\t\t\t\t\trevapi10.revolution({\n\t\t\t\t\t\t\t\tvisibilityLevels:\"1240,1024,778,480\",\n\t\t\t\t\t\t\t\tgridwidth:\"1130,1024,778,480\",\n\t\t\t\t\t\t\t\tgridheight:\"400,768,960,720\",\n\t\t\t\t\t\t\t\tautoHeight:true,\n\t\t\t\t\t\t\t\tspinner:\"spinner7\",\n\t\t\t\t\t\t\t\tmaxHeight:\"400px\",\n\t\t\t\t\t\t\t\tperspective:600,\n\t\t\t\t\t\t\t\tperspectiveType:\"local\",\n\t\t\t\t\t\t\t\tkeepBPHeight:true,\n\t\t\t\t\t\t\t\teditorheight:\"400,768,960,720\",\n\t\t\t\t\t\t\t\tresponsiveLevels:\"1240,1024,778,480\",\n\t\t\t\t\t\t\t\tprogressBar:{disableProgressBar:true},\n\t\t\t\t\t\t\t\tnavigation: {\n\t\t\t\t\t\t\t\t\tonHoverStop:false\n\t\t\t\t\t\t\t\t},\n\t\t\t\t\t\t\t\tfallbacks: {\n\t\t\t\t\t\t\t\t\tallowHTML5AutoPlayOnAndroid:true\n\t\t\t\t\t\t\t\t},\n\t\t\t\t\t\t\t});\n\t\t\t\t\t\t}\n\t\t\t\t\t\t\n\t\t\t\t\t});\n\t\t\t\t\t} \/\/ End of RevInitScript\n\t\t\t\tvar once_revslider101 = false;\n\t\t\t\tif (document.readyState === \"loading\") {document.addEventListener('readystatechange',function() { if((document.readyState === \"interactive\" || document.readyState === \"complete\") && !once_revslider101 ) { once_revslider101 = true; revinit_revslider101();}});} else {once_revslider101 = true; revinit_revslider101();}\n\t\t\t\t<\/script>\n\t\t\t<\/rs-module-wrap>\n\t\t\t<!-- END REVOLUTION SLIDER -->\n[\/vc_column][\/vc_row]<\/p>\n","protected":false},"excerpt":{"rendered":"<p>[vc_row][vc_column][vc_empty_space][\/vc_column][\/vc_row][vc_row][vc_column width=&#8221;1\/3&#8243;][vc_column_text] Showroom Bratislava Galvaniho Business Centrum II [\/vc_column_text][\/vc_column][vc_column width=&#8221;1\/3&#8243;][vc_column_text]Na tejto str\u00e1nke n\u00e1jdete v\u0161etky produkty, ktor\u00e9 m\u00f4\u017eete vidie\u0165 u n\u00e1s v predajni. Sme kuchynsk\u00e9 \u0161t\u00fadio v Bratislave a tento obchodn\u00fd<\/p>\n","protected":false},"author":1,"featured_media":0,"parent":0,"menu_order":0,"comment_status":"closed","ping_status":"closed","template":"","meta":{"footnotes":""},"yoast_head":"<!-- This site is optimized with the Yoast SEO plugin v22.1 - https:\/\/yoast.com\/wordpress\/plugins\/seo\/ -->\n<title>Showroom &#187; iKuchyne iSHOP s n\u00e1bytkom<\/title>\n<meta name=\"robots\" content=\"index, follow, max-snippet:-1, max-image-preview:large, max-video-preview:-1\" \/>\n<link rel=\"canonical\" href=\"https:\/\/www.ikuchyne.sk\/eshop\/showroom\/\" \/>\n<meta property=\"og:locale\" content=\"sk_SK\" \/>\n<meta property=\"og:type\" content=\"article\" \/>\n<meta property=\"og:title\" content=\"Showroom &#187; iKuchyne iSHOP s n\u00e1bytkom\" \/>\n<meta property=\"og:description\" content=\"[vc_row][vc_column][vc_empty_space][\/vc_column][\/vc_row][vc_row][vc_column width=&#8221;1\/3&#8243;][vc_column_text] Showroom Bratislava Galvaniho Business Centrum II [\/vc_column_text][\/vc_column][vc_column width=&#8221;1\/3&#8243;][vc_column_text]Na tejto str\u00e1nke n\u00e1jdete v\u0161etky produkty, ktor\u00e9 m\u00f4\u017eete vidie\u0165 u n\u00e1s v predajni. Sme kuchynsk\u00e9 \u0161t\u00fadio v Bratislave a tento obchodn\u00fd\" \/>\n<meta property=\"og:url\" content=\"https:\/\/www.ikuchyne.sk\/eshop\/showroom\/\" \/>\n<meta property=\"og:site_name\" content=\"iKuchyne iSHOP s n\u00e1bytkom\" \/>\n<meta property=\"article:publisher\" content=\"https:\/\/www.facebook.com\/ikuchyne\/\" \/>\n<meta property=\"article:modified_time\" content=\"2020-10-31T09:11:50+00:00\" \/>\n<meta name=\"twitter:card\" content=\"summary_large_image\" \/>\n<meta name=\"twitter:label1\" content=\"Predpokladan\u00fd \u010das \u010d\u00edtania\" \/>\n\t<meta name=\"twitter:data1\" content=\"1 min\u00fata\" \/>\n<script type=\"application\/ld+json\" class=\"yoast-schema-graph\">{\"@context\":\"https:\/\/schema.org\",\"@graph\":[{\"@type\":\"WebPage\",\"@id\":\"https:\/\/www.ikuchyne.sk\/eshop\/showroom\/\",\"url\":\"https:\/\/www.ikuchyne.sk\/eshop\/showroom\/\",\"name\":\"Showroom &#187; iKuchyne iSHOP s n\u00e1bytkom\",\"isPartOf\":{\"@id\":\"https:\/\/www.ikuchyne.sk\/eshop\/#website\"},\"datePublished\":\"2018-02-07T11:38:24+00:00\",\"dateModified\":\"2020-10-31T09:11:50+00:00\",\"breadcrumb\":{\"@id\":\"https:\/\/www.ikuchyne.sk\/eshop\/showroom\/#breadcrumb\"},\"inLanguage\":\"sk-SK\",\"potentialAction\":[{\"@type\":\"ReadAction\",\"target\":[\"https:\/\/www.ikuchyne.sk\/eshop\/showroom\/\"]}]},{\"@type\":\"BreadcrumbList\",\"@id\":\"https:\/\/www.ikuchyne.sk\/eshop\/showroom\/#breadcrumb\",\"itemListElement\":[{\"@type\":\"ListItem\",\"position\":1,\"name\":\"Home\",\"item\":\"https:\/\/www.ikuchyne.sk\/eshop\/\"},{\"@type\":\"ListItem\",\"position\":2,\"name\":\"Showroom\"}]},{\"@type\":\"WebSite\",\"@id\":\"https:\/\/www.ikuchyne.sk\/eshop\/#website\",\"url\":\"https:\/\/www.ikuchyne.sk\/eshop\/\",\"name\":\"iKuchyne iSHOP s n\u00e1bytkom\",\"description\":\"Jed\u00e1lensk\u00e9 stoly, stoli\u010dky, n\u00e1bytok, svietidl\u00e1...\",\"publisher\":{\"@id\":\"https:\/\/www.ikuchyne.sk\/eshop\/#organization\"},\"potentialAction\":[{\"@type\":\"SearchAction\",\"target\":{\"@type\":\"EntryPoint\",\"urlTemplate\":\"https:\/\/www.ikuchyne.sk\/eshop\/?s={search_term_string}\"},\"query-input\":\"required name=search_term_string\"}],\"inLanguage\":\"sk-SK\"},{\"@type\":\"Organization\",\"@id\":\"https:\/\/www.ikuchyne.sk\/eshop\/#organization\",\"name\":\"ikuchyne!\",\"url\":\"https:\/\/www.ikuchyne.sk\/eshop\/\",\"logo\":{\"@type\":\"ImageObject\",\"inLanguage\":\"sk-SK\",\"@id\":\"https:\/\/www.ikuchyne.sk\/eshop\/#\/schema\/logo\/image\/\",\"url\":\"https:\/\/www.ikuchyne.sk\/eshop\/wp-content\/uploads\/2017\/04\/ikuchyne-logo.jpg\",\"contentUrl\":\"https:\/\/www.ikuchyne.sk\/eshop\/wp-content\/uploads\/2017\/04\/ikuchyne-logo.jpg\",\"width\":200,\"height\":48,\"caption\":\"ikuchyne!\"},\"image\":{\"@id\":\"https:\/\/www.ikuchyne.sk\/eshop\/#\/schema\/logo\/image\/\"},\"sameAs\":[\"https:\/\/www.facebook.com\/ikuchyne\/\",\"https:\/\/www.instagram.com\/ikuchyne.sk\/\",\"https:\/\/sk.pinterest.com\/ikuchynesk\/\"]}]}<\/script>\n<!-- \/ Yoast SEO plugin. -->","yoast_head_json":{"title":"Showroom &#187; iKuchyne iSHOP s n\u00e1bytkom","robots":{"index":"index","follow":"follow","max-snippet":"max-snippet:-1","max-image-preview":"max-image-preview:large","max-video-preview":"max-video-preview:-1"},"canonical":"https:\/\/www.ikuchyne.sk\/eshop\/showroom\/","og_locale":"sk_SK","og_type":"article","og_title":"Showroom &#187; iKuchyne iSHOP s n\u00e1bytkom","og_description":"[vc_row][vc_column][vc_empty_space][\/vc_column][\/vc_row][vc_row][vc_column width=&#8221;1\/3&#8243;][vc_column_text] Showroom Bratislava Galvaniho Business Centrum II [\/vc_column_text][\/vc_column][vc_column width=&#8221;1\/3&#8243;][vc_column_text]Na tejto str\u00e1nke n\u00e1jdete v\u0161etky produkty, ktor\u00e9 m\u00f4\u017eete vidie\u0165 u n\u00e1s v predajni. Sme kuchynsk\u00e9 \u0161t\u00fadio v Bratislave a tento obchodn\u00fd","og_url":"https:\/\/www.ikuchyne.sk\/eshop\/showroom\/","og_site_name":"iKuchyne iSHOP s n\u00e1bytkom","article_publisher":"https:\/\/www.facebook.com\/ikuchyne\/","article_modified_time":"2020-10-31T09:11:50+00:00","twitter_card":"summary_large_image","twitter_misc":{"Predpokladan\u00fd \u010das \u010d\u00edtania":"1 min\u00fata"},"schema":{"@context":"https:\/\/schema.org","@graph":[{"@type":"WebPage","@id":"https:\/\/www.ikuchyne.sk\/eshop\/showroom\/","url":"https:\/\/www.ikuchyne.sk\/eshop\/showroom\/","name":"Showroom &#187; iKuchyne iSHOP s n\u00e1bytkom","isPartOf":{"@id":"https:\/\/www.ikuchyne.sk\/eshop\/#website"},"datePublished":"2018-02-07T11:38:24+00:00","dateModified":"2020-10-31T09:11:50+00:00","breadcrumb":{"@id":"https:\/\/www.ikuchyne.sk\/eshop\/showroom\/#breadcrumb"},"inLanguage":"sk-SK","potentialAction":[{"@type":"ReadAction","target":["https:\/\/www.ikuchyne.sk\/eshop\/showroom\/"]}]},{"@type":"BreadcrumbList","@id":"https:\/\/www.ikuchyne.sk\/eshop\/showroom\/#breadcrumb","itemListElement":[{"@type":"ListItem","position":1,"name":"Home","item":"https:\/\/www.ikuchyne.sk\/eshop\/"},{"@type":"ListItem","position":2,"name":"Showroom"}]},{"@type":"WebSite","@id":"https:\/\/www.ikuchyne.sk\/eshop\/#website","url":"https:\/\/www.ikuchyne.sk\/eshop\/","name":"iKuchyne iSHOP s n\u00e1bytkom","description":"Jed\u00e1lensk\u00e9 stoly, stoli\u010dky, n\u00e1bytok, svietidl\u00e1...","publisher":{"@id":"https:\/\/www.ikuchyne.sk\/eshop\/#organization"},"potentialAction":[{"@type":"SearchAction","target":{"@type":"EntryPoint","urlTemplate":"https:\/\/www.ikuchyne.sk\/eshop\/?s={search_term_string}"},"query-input":"required name=search_term_string"}],"inLanguage":"sk-SK"},{"@type":"Organization","@id":"https:\/\/www.ikuchyne.sk\/eshop\/#organization","name":"ikuchyne!","url":"https:\/\/www.ikuchyne.sk\/eshop\/","logo":{"@type":"ImageObject","inLanguage":"sk-SK","@id":"https:\/\/www.ikuchyne.sk\/eshop\/#\/schema\/logo\/image\/","url":"https:\/\/www.ikuchyne.sk\/eshop\/wp-content\/uploads\/2017\/04\/ikuchyne-logo.jpg","contentUrl":"https:\/\/www.ikuchyne.sk\/eshop\/wp-content\/uploads\/2017\/04\/ikuchyne-logo.jpg","width":200,"height":48,"caption":"ikuchyne!"},"image":{"@id":"https:\/\/www.ikuchyne.sk\/eshop\/#\/schema\/logo\/image\/"},"sameAs":["https:\/\/www.facebook.com\/ikuchyne\/","https:\/\/www.instagram.com\/ikuchyne.sk\/","https:\/\/sk.pinterest.com\/ikuchynesk\/"]}]}},"_links":{"self":[{"href":"https:\/\/www.ikuchyne.sk\/eshop\/wp-json\/wp\/v2\/pages\/71933"}],"collection":[{"href":"https:\/\/www.ikuchyne.sk\/eshop\/wp-json\/wp\/v2\/pages"}],"about":[{"href":"https:\/\/www.ikuchyne.sk\/eshop\/wp-json\/wp\/v2\/types\/page"}],"author":[{"embeddable":true,"href":"https:\/\/www.ikuchyne.sk\/eshop\/wp-json\/wp\/v2\/users\/1"}],"replies":[{"embeddable":true,"href":"https:\/\/www.ikuchyne.sk\/eshop\/wp-json\/wp\/v2\/comments?post=71933"}],"version-history":[{"count":13,"href":"https:\/\/www.ikuchyne.sk\/eshop\/wp-json\/wp\/v2\/pages\/71933\/revisions"}],"predecessor-version":[{"id":147650,"href":"https:\/\/www.ikuchyne.sk\/eshop\/wp-json\/wp\/v2\/pages\/71933\/revisions\/147650"}],"wp:attachment":[{"href":"https:\/\/www.ikuchyne.sk\/eshop\/wp-json\/wp\/v2\/media?parent=71933"}],"curies":[{"name":"wp","href":"https:\/\/api.w.org\/{rel}","templated":true}]}}