{"id":10572,"date":"2017-04-25T16:39:11","date_gmt":"2017-04-25T14:39:11","guid":{"rendered":"http:\/\/potocan.com\/eshop\/produkt\/jedalensky-stol-factory-200cm-agat-teak-sedy\/"},"modified":"2024-03-10T19:20:23","modified_gmt":"2024-03-10T18:20:23","slug":"industrialny-jedalensky-stol-factory-90-x-200cm","status":"publish","type":"product","link":"https:\/\/www.ikuchyne.sk\/eshop\/produkt\/industrialny-jedalensky-stol-factory-90-x-200cm\/","title":{"rendered":"Industri\u00e1lny jed\u00e1lensk\u00fd st\u00f4l Factory 90 x 200cm \u00bb"},"content":{"rendered":"<h1>Industri\u00e1lny jed\u00e1lensk\u00fd st\u00f4l Factory 90 x 200cm \u00bb<\/h1>\n<h4><strong>V\u0161eobecn\u00fd popis:<\/strong><\/h4>\n<p>Industri\u00e1lny jed\u00e1lensk\u00fd st\u00f4l Factory 90 x 200cm jed\u00e1lensk\u00fd st\u00f4l v trendy priemyselnom dizajne. Doska stola je vyroben\u00e1 z vysoko kvalitnej dyhy z prav\u00e9ho dreva. Vybielen\u00fd povrch dod\u00e1va stolu osobit\u00fd vkus. Zaobstarajte si tento rustik\u00e1lny p\u00fata\u010d pozornosti do svojej jed\u00e1lne!<\/p>\n<p>Jed\u00e1lensk\u00fd st\u00f4l v priemyselnom dizajne so stabiln\u00fdm r\u00e1mom. Pre dokonal\u00fa symbi\u00f3zu dvoch materi\u00e1lov vyu\u017e\u00edva tento jed\u00e1lensk\u00fd st\u00f4l kvalitn\u00fd vzh\u013ead z mas\u00edvneho dreva a stabiln\u00fd kovov\u00fd r\u00e1m. Bielen\u00e1 povrchov\u00e1 \u00faprava dod\u00e1va stolnej doske obzvl\u00e1\u0161\u0165 nostalgick\u00e9 \u010daro. Kovov\u00fd r\u00e1m, z ktor\u00e9ho s\u00fa vyroben\u00e9 nohy stola, dod\u00e1va tomuto jed\u00e1lensk\u00e9mu stolu absol\u00fatnu stabilitu bez kompromisov.<\/p>\n<p>Priemyseln\u00fd dizajn pre va\u0161u jed\u00e1le\u0148. Napriek svojmu mimoriadnemu dizajnu m\u00f4\u017eete st\u00f4l \u00fa\u017easne skombinova\u0165 s in\u00fdm n\u00e1bytkom. Ktor\u00e9 stoli\u010dky by to mali by\u0165 a ktor\u00e1 z\u00e1vesn\u00e1 lampa za\u017eiari st\u00f4l, je len na v\u00e1s. Samozrejme, vytv\u00e1rate ucelen\u00fd celkov\u00fd koncept, najm\u00e4 ak kombinujete jed\u00e1lensk\u00fd st\u00f4l s pr\u00edborn\u00edkom, poli\u010dkou alebo lampou v priemyselnom preveden\u00ed &#8211; vysk\u00fa\u0161ajte to!<\/p>\n<h4><strong>Detaily produktu:<\/strong><\/h4>\n<p>Preto\u017ee sa jedn\u00e1 o pr\u00edrodn\u00fd produkt, ka\u017ed\u00e1 doska stola je absol\u00fatne jedine\u010dn\u00e1. Nerovnosti, charizmatick\u00e9 uzly, praskliny alebo dokonca rozmerov\u00e9 rozdiely s\u00fa mo\u017en\u00e9 a vytv\u00e1raj\u00fa originalitu a vytv\u00e1raj\u00fa \u010daro mas\u00edvneho dreva. Existuj\u00face trhliny s\u00fa po\u010das procesu v\u00fdroby spojen\u00e9 a stabilizovan\u00e9 spojovac\u00edmi kusmi z rovnak\u00e9ho dreva. Preto m\u00f4\u017eu existova\u0165 farebn\u00e9 odch\u00fdlky. \u017diadny z t\u00fdchto d\u00f4vodov nie je d\u00f4vod na reklam\u00e1ciu. Vhodn\u00e9 bytov\u00e9 doplnky pre kombinovanie interi\u00e9ru s t\u00fdmto jed\u00e1lensk\u00fdm stolom n\u00e1jdete na na\u0161om e-shope v sekcii Bytov\u00e9 doplnky. Kontaktujte n\u00e1s a my v\u00e1m radi pom\u00f4\u017eeme s v\u00fdberom vhodn\u00fdch dekor\u00e1ci\u00ed.<\/p>\n<p><strong>Povrch stol\u00edka:<\/strong><br \/>\nPovrch jed\u00e1lensk\u00e9ho stola je z ag\u00e1tov\u00e9ho mas\u00edvu a teakov\u00e9ho dreva, ktor\u00e9 je v\u00e1pnen\u00e9, a preto je svetlob\u00e9\u017eovej farby.<\/p>\n<p><strong>Podno\u017e stol\u00edka:<br \/>\n<\/strong>Podno\u017e stola pozost\u00e1va zo \u0161tyroch mas\u00edvnych kovov\u00fdch n\u00f4h, ktor\u00e9 sp\u00e1jaj\u00fa vrchn\u00fa a spodn\u00fa dreven\u00fa dosku stola v\u00fdrazn\u00fdmi kovov\u00fdmi spojmi.<\/p>\n<p><strong>\u010eal\u0161ie inform\u00e1cie:<\/strong><br \/>\nStoly Factory sa vyzna\u010duj\u00fa ru\u010dn\u00fdm opracovan\u00edm s miernymi nedokonalos\u0165ami, ktor\u00e9 s\u00fa \u017eelan\u00fdm prvkom tejto s\u00e9rie.\u00a0Odpor\u00fa\u010danou a ide\u00e1lnou vo\u013ebou na \u010distenie a \u00fadr\u017ebu ag\u00e1tov\u00e9ho dreva, ktor\u00e9 je najpevnej\u0161ou a najstabilnej\u0161ou drevinou rast\u00facou v na\u0161ich geografick\u00fdch podmienkach, s\u00fa \u0161peci\u00e1lne teak pr\u00edpravky.<\/p>\n<p><b>Rozmery stola<\/b>:<br \/>\n\u0160\u00edrka stola: 90 cm<br \/>\nD\u013a\u017eka stola: 200 cm<br \/>\nV\u00fd\u0161ka stola: 75 cm<b><\/b><\/p>\n<p><strong>Tento st\u00f4l sa vyr\u00e1ba aj v tomto rozmere:<\/strong><br \/>\n90 x 160 cm<\/p>\n<p><b>Materi\u00e1l:\u00a0\u00a0<\/b>drevo (mas\u00edv) \u2013 ag\u00e1t, v\u00e1pnen\u00fd teak, kovov\u00fd stojan<\/p>\n<p><b>Farba:<\/b>\u00a0pr\u00edrodn\u00e9 bielen\u00e9 drevo, antracit<\/p>\n<p>Dodato\u010dn\u00e9 inform\u00e1cie:<\/p>\n<p>V pr\u00edpade z\u00e1ujmu o in\u00e9 stoly ako toaletn\u00e9, p\u00edsacie, konferen\u010dn\u00e9 stol\u00edky \u010di jed\u00e1lensk\u00e9 stoly, nav\u0161t\u00edvte sekciu stoly na <a href=\"https:\/\/www.ikuchyne.sk\/eshop\/kategoria\/stoly\/\">www.ikuchyne.sk\/eshop<\/a><br \/>\nV pr\u00edpade z\u00e1ujmu o n\u00e1bytok na mieru n\u00e1s kontaktuje na <a href=\"http:\/\/www.ikuchyne.sk\">www.ikuchyne.sk<\/a><\/p>\n","protected":false},"excerpt":{"rendered":"<p>Industri\u00e1lny jed\u00e1lensk\u00fd st\u00f4l Factory 90 x 200cm \u00bb V\u0161eobecn\u00fd popis: Industri\u00e1lny jed\u00e1lensk\u00fd st\u00f4l Factory 90 x 200cm jed\u00e1lensk\u00fd st\u00f4l v trendy priemyselnom dizajne. Doska stola je vyroben\u00e1 z vysoko kvalitnej<\/p>\n","protected":false},"featured_media":10573,"comment_status":"open","ping_status":"closed","template":"","meta":[],"product_cat":[287,298,851,855,847],"product_tag":[317,261,907,268],"yoast_head":"<!-- This site is optimized with the Yoast SEO plugin v22.1 - https:\/\/yoast.com\/wordpress\/plugins\/seo\/ -->\n<title>Industri\u00e1lny jed\u00e1lensk\u00fd st\u00f4l Factory 200cm &#187; iKuchyne iSHOP s n\u00e1bytkom<\/title>\n<meta name=\"description\" content=\"Industri\u00e1lny jed\u00e1lensk\u00fd st\u00f4l Factory 90 x 200cm \u00bb- r\u00fdchle dodanie, poradenstvo, n\u00e1bytok skladom v Bratislave s ikuchyne.sk - kuchyne na mieru.\" \/>\n<meta name=\"robots\" content=\"index, follow, max-snippet:-1, max-image-preview:large, max-video-preview:-1\" \/>\n<link rel=\"canonical\" href=\"https:\/\/www.ikuchyne.sk\/eshop\/produkt\/industrialny-jedalensky-stol-factory-90-x-200cm\/\" \/>\n<meta property=\"og:locale\" content=\"sk_SK\" \/>\n<meta property=\"og:type\" content=\"article\" \/>\n<meta property=\"og:title\" content=\"Industri\u00e1lny jed\u00e1lensk\u00fd st\u00f4l Factory 200cm &#187; iKuchyne iSHOP s n\u00e1bytkom\" \/>\n<meta property=\"og:description\" content=\"Industri\u00e1lny jed\u00e1lensk\u00fd st\u00f4l Factory 90 x 200cm \u00bb- r\u00fdchle dodanie, poradenstvo, n\u00e1bytok skladom v Bratislave s ikuchyne.sk - kuchyne na mieru.\" \/>\n<meta property=\"og:url\" content=\"https:\/\/www.ikuchyne.sk\/eshop\/produkt\/industrialny-jedalensky-stol-factory-90-x-200cm\/\" \/>\n<meta property=\"og:site_name\" content=\"iKuchyne iSHOP s n\u00e1bytkom\" \/>\n<meta property=\"article:publisher\" content=\"https:\/\/www.facebook.com\/ikuchyne\/\" \/>\n<meta property=\"article:modified_time\" content=\"2024-03-10T18:20:23+00:00\" \/>\n<meta property=\"og:image\" content=\"https:\/\/www.ikuchyne.sk\/eshop\/wp-content\/uploads\/2017\/04\/jedalensky-stol-factory-200cm-agat-teak-sedy.jpg\" \/>\n\t<meta property=\"og:image:width\" content=\"800\" \/>\n\t<meta property=\"og:image:height\" content=\"533\" \/>\n\t<meta property=\"og:image:type\" content=\"image\/jpeg\" \/>\n<meta name=\"twitter:card\" content=\"summary_large_image\" \/>\n<meta name=\"twitter:label1\" content=\"Predpokladan\u00fd \u010das \u010d\u00edtania\" \/>\n\t<meta name=\"twitter:data1\" content=\"2 min\u00faty\" \/>\n<script type=\"application\/ld+json\" class=\"yoast-schema-graph\">{\"@context\":\"https:\/\/schema.org\",\"@graph\":[{\"@type\":\"WebPage\",\"@id\":\"https:\/\/www.ikuchyne.sk\/eshop\/produkt\/industrialny-jedalensky-stol-factory-90-x-200cm\/\",\"url\":\"https:\/\/www.ikuchyne.sk\/eshop\/produkt\/industrialny-jedalensky-stol-factory-90-x-200cm\/\",\"name\":\"Industri\u00e1lny jed\u00e1lensk\u00fd st\u00f4l Factory 200cm &#187; iKuchyne iSHOP s n\u00e1bytkom\",\"isPartOf\":{\"@id\":\"https:\/\/www.ikuchyne.sk\/eshop\/#website\"},\"datePublished\":\"2017-04-25T14:39:11+00:00\",\"dateModified\":\"2024-03-10T18:20:23+00:00\",\"description\":\"Industri\u00e1lny jed\u00e1lensk\u00fd st\u00f4l Factory 90 x 200cm \u00bb- r\u00fdchle dodanie, poradenstvo, n\u00e1bytok skladom v Bratislave s ikuchyne.sk - kuchyne na mieru.\",\"breadcrumb\":{\"@id\":\"https:\/\/www.ikuchyne.sk\/eshop\/produkt\/industrialny-jedalensky-stol-factory-90-x-200cm\/#breadcrumb\"},\"inLanguage\":\"sk-SK\",\"potentialAction\":[{\"@type\":\"ReadAction\",\"target\":[\"https:\/\/www.ikuchyne.sk\/eshop\/produkt\/industrialny-jedalensky-stol-factory-90-x-200cm\/\"]}]},{\"@type\":\"BreadcrumbList\",\"@id\":\"https:\/\/www.ikuchyne.sk\/eshop\/produkt\/industrialny-jedalensky-stol-factory-90-x-200cm\/#breadcrumb\",\"itemListElement\":[{\"@type\":\"ListItem\",\"position\":1,\"name\":\"Home\",\"item\":\"https:\/\/www.ikuchyne.sk\/eshop\/\"},{\"@type\":\"ListItem\",\"position\":2,\"name\":\"Obchod\",\"item\":\"https:\/\/www.ikuchyne.sk\/eshop\/obchod\/\"},{\"@type\":\"ListItem\",\"position\":3,\"name\":\"Industri\u00e1lny jed\u00e1lensk\u00fd st\u00f4l Factory 90 x 200cm \u00bb\"}]},{\"@type\":\"WebSite\",\"@id\":\"https:\/\/www.ikuchyne.sk\/eshop\/#website\",\"url\":\"https:\/\/www.ikuchyne.sk\/eshop\/\",\"name\":\"iKuchyne iSHOP s n\u00e1bytkom\",\"description\":\"Jed\u00e1lensk\u00e9 stoly, stoli\u010dky, n\u00e1bytok, svietidl\u00e1...\",\"publisher\":{\"@id\":\"https:\/\/www.ikuchyne.sk\/eshop\/#organization\"},\"potentialAction\":[{\"@type\":\"SearchAction\",\"target\":{\"@type\":\"EntryPoint\",\"urlTemplate\":\"https:\/\/www.ikuchyne.sk\/eshop\/?s={search_term_string}\"},\"query-input\":\"required name=search_term_string\"}],\"inLanguage\":\"sk-SK\"},{\"@type\":\"Organization\",\"@id\":\"https:\/\/www.ikuchyne.sk\/eshop\/#organization\",\"name\":\"ikuchyne!\",\"url\":\"https:\/\/www.ikuchyne.sk\/eshop\/\",\"logo\":{\"@type\":\"ImageObject\",\"inLanguage\":\"sk-SK\",\"@id\":\"https:\/\/www.ikuchyne.sk\/eshop\/#\/schema\/logo\/image\/\",\"url\":\"https:\/\/www.ikuchyne.sk\/eshop\/wp-content\/uploads\/2017\/04\/ikuchyne-logo.jpg\",\"contentUrl\":\"https:\/\/www.ikuchyne.sk\/eshop\/wp-content\/uploads\/2017\/04\/ikuchyne-logo.jpg\",\"width\":200,\"height\":48,\"caption\":\"ikuchyne!\"},\"image\":{\"@id\":\"https:\/\/www.ikuchyne.sk\/eshop\/#\/schema\/logo\/image\/\"},\"sameAs\":[\"https:\/\/www.facebook.com\/ikuchyne\/\",\"https:\/\/www.instagram.com\/ikuchyne.sk\/\",\"https:\/\/sk.pinterest.com\/ikuchynesk\/\"]}]}<\/script>\n<!-- \/ Yoast SEO plugin. -->","yoast_head_json":{"title":"Industri\u00e1lny jed\u00e1lensk\u00fd st\u00f4l Factory 200cm &#187; iKuchyne iSHOP s n\u00e1bytkom","description":"Industri\u00e1lny jed\u00e1lensk\u00fd st\u00f4l Factory 90 x 200cm \u00bb- r\u00fdchle dodanie, poradenstvo, n\u00e1bytok skladom v Bratislave s ikuchyne.sk - kuchyne na mieru.","robots":{"index":"index","follow":"follow","max-snippet":"max-snippet:-1","max-image-preview":"max-image-preview:large","max-video-preview":"max-video-preview:-1"},"canonical":"https:\/\/www.ikuchyne.sk\/eshop\/produkt\/industrialny-jedalensky-stol-factory-90-x-200cm\/","og_locale":"sk_SK","og_type":"article","og_title":"Industri\u00e1lny jed\u00e1lensk\u00fd st\u00f4l Factory 200cm &#187; iKuchyne iSHOP s n\u00e1bytkom","og_description":"Industri\u00e1lny jed\u00e1lensk\u00fd st\u00f4l Factory 90 x 200cm \u00bb- r\u00fdchle dodanie, poradenstvo, n\u00e1bytok skladom v Bratislave s ikuchyne.sk - kuchyne na mieru.","og_url":"https:\/\/www.ikuchyne.sk\/eshop\/produkt\/industrialny-jedalensky-stol-factory-90-x-200cm\/","og_site_name":"iKuchyne iSHOP s n\u00e1bytkom","article_publisher":"https:\/\/www.facebook.com\/ikuchyne\/","article_modified_time":"2024-03-10T18:20:23+00:00","og_image":[{"width":800,"height":533,"url":"https:\/\/www.ikuchyne.sk\/eshop\/wp-content\/uploads\/2017\/04\/jedalensky-stol-factory-200cm-agat-teak-sedy.jpg","type":"image\/jpeg"}],"twitter_card":"summary_large_image","twitter_misc":{"Predpokladan\u00fd \u010das \u010d\u00edtania":"2 min\u00faty"},"schema":{"@context":"https:\/\/schema.org","@graph":[{"@type":"WebPage","@id":"https:\/\/www.ikuchyne.sk\/eshop\/produkt\/industrialny-jedalensky-stol-factory-90-x-200cm\/","url":"https:\/\/www.ikuchyne.sk\/eshop\/produkt\/industrialny-jedalensky-stol-factory-90-x-200cm\/","name":"Industri\u00e1lny jed\u00e1lensk\u00fd st\u00f4l Factory 200cm &#187; iKuchyne iSHOP s n\u00e1bytkom","isPartOf":{"@id":"https:\/\/www.ikuchyne.sk\/eshop\/#website"},"datePublished":"2017-04-25T14:39:11+00:00","dateModified":"2024-03-10T18:20:23+00:00","description":"Industri\u00e1lny jed\u00e1lensk\u00fd st\u00f4l Factory 90 x 200cm \u00bb- r\u00fdchle dodanie, poradenstvo, n\u00e1bytok skladom v Bratislave s ikuchyne.sk - kuchyne na mieru.","breadcrumb":{"@id":"https:\/\/www.ikuchyne.sk\/eshop\/produkt\/industrialny-jedalensky-stol-factory-90-x-200cm\/#breadcrumb"},"inLanguage":"sk-SK","potentialAction":[{"@type":"ReadAction","target":["https:\/\/www.ikuchyne.sk\/eshop\/produkt\/industrialny-jedalensky-stol-factory-90-x-200cm\/"]}]},{"@type":"BreadcrumbList","@id":"https:\/\/www.ikuchyne.sk\/eshop\/produkt\/industrialny-jedalensky-stol-factory-90-x-200cm\/#breadcrumb","itemListElement":[{"@type":"ListItem","position":1,"name":"Home","item":"https:\/\/www.ikuchyne.sk\/eshop\/"},{"@type":"ListItem","position":2,"name":"Obchod","item":"https:\/\/www.ikuchyne.sk\/eshop\/obchod\/"},{"@type":"ListItem","position":3,"name":"Industri\u00e1lny jed\u00e1lensk\u00fd st\u00f4l Factory 90 x 200cm \u00bb"}]},{"@type":"WebSite","@id":"https:\/\/www.ikuchyne.sk\/eshop\/#website","url":"https:\/\/www.ikuchyne.sk\/eshop\/","name":"iKuchyne iSHOP s n\u00e1bytkom","description":"Jed\u00e1lensk\u00e9 stoly, stoli\u010dky, n\u00e1bytok, svietidl\u00e1...","publisher":{"@id":"https:\/\/www.ikuchyne.sk\/eshop\/#organization"},"potentialAction":[{"@type":"SearchAction","target":{"@type":"EntryPoint","urlTemplate":"https:\/\/www.ikuchyne.sk\/eshop\/?s={search_term_string}"},"query-input":"required name=search_term_string"}],"inLanguage":"sk-SK"},{"@type":"Organization","@id":"https:\/\/www.ikuchyne.sk\/eshop\/#organization","name":"ikuchyne!","url":"https:\/\/www.ikuchyne.sk\/eshop\/","logo":{"@type":"ImageObject","inLanguage":"sk-SK","@id":"https:\/\/www.ikuchyne.sk\/eshop\/#\/schema\/logo\/image\/","url":"https:\/\/www.ikuchyne.sk\/eshop\/wp-content\/uploads\/2017\/04\/ikuchyne-logo.jpg","contentUrl":"https:\/\/www.ikuchyne.sk\/eshop\/wp-content\/uploads\/2017\/04\/ikuchyne-logo.jpg","width":200,"height":48,"caption":"ikuchyne!"},"image":{"@id":"https:\/\/www.ikuchyne.sk\/eshop\/#\/schema\/logo\/image\/"},"sameAs":["https:\/\/www.facebook.com\/ikuchyne\/","https:\/\/www.instagram.com\/ikuchyne.sk\/","https:\/\/sk.pinterest.com\/ikuchynesk\/"]}]}},"_links":{"self":[{"href":"https:\/\/www.ikuchyne.sk\/eshop\/wp-json\/wp\/v2\/product\/10572"}],"collection":[{"href":"https:\/\/www.ikuchyne.sk\/eshop\/wp-json\/wp\/v2\/product"}],"about":[{"href":"https:\/\/www.ikuchyne.sk\/eshop\/wp-json\/wp\/v2\/types\/product"}],"replies":[{"embeddable":true,"href":"https:\/\/www.ikuchyne.sk\/eshop\/wp-json\/wp\/v2\/comments?post=10572"}],"wp:featuredmedia":[{"embeddable":true,"href":"https:\/\/www.ikuchyne.sk\/eshop\/wp-json\/wp\/v2\/media\/10573"}],"wp:attachment":[{"href":"https:\/\/www.ikuchyne.sk\/eshop\/wp-json\/wp\/v2\/media?parent=10572"}],"wp:term":[{"taxonomy":"product_cat","embeddable":true,"href":"https:\/\/www.ikuchyne.sk\/eshop\/wp-json\/wp\/v2\/product_cat?post=10572"},{"taxonomy":"product_tag","embeddable":true,"href":"https:\/\/www.ikuchyne.sk\/eshop\/wp-json\/wp\/v2\/product_tag?post=10572"}],"curies":[{"name":"wp","href":"https:\/\/api.w.org\/{rel}","templated":true}]}}