{"id":11326,"date":"2017-04-26T08:09:27","date_gmt":"2017-04-26T06:09:27","guid":{"rendered":"http:\/\/potocan.com\/eshop\/produkt\/pisaci-stol-makassar-100cm-sheesham\/"},"modified":"2024-03-10T19:20:22","modified_gmt":"2024-03-10T18:20:22","slug":"pisaci-stol-makassar-sheesham-40-x-100-cm-2","status":"publish","type":"product","link":"https:\/\/www.ikuchyne.sk\/eshop\/produkt\/pisaci-stol-makassar-sheesham-40-x-100-cm-2\/","title":{"rendered":"P\u00edsac\u00ed st\u00f4l Makassar Sheesham 40 x 100 cm \u00bb"},"content":{"rendered":"<h1>P\u00edsac\u00ed st\u00f4l Makassar Sheesham 40 x 100 cm \u00bb<\/h1>\n<h4><strong>V\u0161eobecn\u00fd popis:<\/strong><\/h4>\n<p>P\u00edsac\u00ed st\u00f4l Makassar Sheesham 40 x 100 cm zo sheeshamov\u00e9ho dreva bude u v\u00e1s doma vynika\u0165 v\u010faka svojmu pr\u00edrodn\u00e9mu vzh\u013eadu. Mo\u017eno pou\u017ei\u0165 aj ako pracovn\u00fd st\u00f4l alebo toaletn\u00fd stol\u00edk. Ka\u017ed\u00e1 stolov\u00e1 doska je jedine\u010dn\u00e1 v\u010faka svojmu pr\u00edrodn\u00e9mu zrnu. Nechajte tento pr\u00edrodn\u00fd k\u00fasok nas\u0165ahova\u0165 sa k v\u00e1m domov!<\/p>\n<p>Dreven\u00fd st\u00f4l, ktor\u00fd in\u0161piruje. Elegantn\u00fd konzolov\u00fd stol\u00edk MAKASSAR je vyroben\u00fd v\u00fdhradne z mas\u00edvneho pr\u00edrodn\u00e9ho sheeshamov\u00e9ho dreva s povrchovou \u00fapravou. Ka\u017ed\u00fd p\u00edsac\u00ed st\u00f4l, ktor\u00fd je vyroben\u00fd, je skuto\u010dne jedine\u010dn\u00fd, nejde o s\u00e9riovo vyr\u00e1ban\u00fd produkt. Rustik\u00e1lny vkus je zd\u00f4raznen\u00fd vynikaj\u00facim spracovan\u00edm. Ve\u013ek\u00e1 pracovn\u00e1 plocha stola v\u00e1m umo\u017e\u0148uje pracova\u0165 uvo\u013enene a pon\u00faka v\u00e1m dostatok priestoru pre kreativitu a v\u0161etky d\u00f4le\u017eit\u00e9 pracovn\u00e9 potreby.<\/p>\n<p>Vyu\u017eite v\u0161estrannos\u0165 stola vo svojom prostred\u00ed. \u010ci u\u017e na chodbe ako konzolov\u00fd st\u00f4l alebo ako st\u00f4l v pracovni &#8211; st\u00f4l MAKASSAR je obzvl\u00e1\u0161\u0165 v\u0161estrann\u00fd. V\u010faka mas\u00edvnemu drevu je st\u00f4l robustn\u00fd a stabiln\u00fd a vydr\u017e\u00ed v\u0161etky po\u017eiadavky. Objednajte si teraz kr\u00e1sny p\u00fata\u010d o\u010d\u00ed do va\u0161ej dom\u00e1cnosti, ktor\u00fd v\u00e1m bude robi\u0165 ve\u013ek\u00e9 pote\u0161enie po mnoho \u010fal\u0161\u00edch rokov.<\/p>\n<h4><strong>Detaily produktu:<\/strong><\/h4>\n<p>Preto\u017ee sa jedn\u00e1 o pr\u00edrodn\u00fd produkt, ka\u017ed\u00e1 k\u00f3pia je \u00faplne jedine\u010dn\u00e1. Nerovnosti, charizmatick\u00e9 uzly, praskliny alebo dokonca rozmerov\u00e9 rozdiely s\u00fa mo\u017en\u00e9 a vytv\u00e1raj\u00fa originalitu a vytv\u00e1raj\u00fa \u010daro mas\u00edvneho dreva. Existuj\u00face trhliny s\u00fa po\u010das v\u00fdrobn\u00e9ho procesu spojen\u00e9 a stabilizovan\u00e9 spojovac\u00edmi kusmi z rovnak\u00e9ho dreva. Preto m\u00f4\u017eu existova\u0165 farebn\u00e9 odch\u00fdlky. \u017diadna z t\u00fdchto skuto\u010dnost\u00ed nie je d\u00f4vodom na reklam\u00e1ciu. Vhodn\u00e9 bytov\u00e9 doplnky \u010di stoly pre kombinovanie interi\u00e9ru s t\u00fdmto p\u00edsac\u00edm stolom n\u00e1jdete na na\u0161om e-shope v sekcii Bytov\u00e9 doplnky. Kontaktujte n\u00e1s a my v\u00e1m radi pom\u00f4\u017eeme s v\u00fdberom vhodn\u00fdch dekor\u00e1ci\u00ed a n\u00e1bytku do va\u0161ej dom\u00e1cnosti v akomko\u013evek \u0161t\u00fdle.<\/p>\n<p><b>Rozmery stola:<\/b><br \/>\n\u0160\u00edrka stola: 40 cm<br \/>\nD\u013a\u017eka stola: 100 cm<br \/>\nV\u00fd\u0161ka stola: 75 cm<br \/>\n<strong>Hr\u00fabka dosky stola:<\/strong>\u00a050 mm<\/p>\n<p><b>Materi\u00e1l:\u00a0<\/b>drevo (mas\u00edv), lakovan\u00fd sheesham<\/p>\n<p><b>Farba:<\/b>\u00a0pr\u00edrodn\u00e1<\/p>\n<p>Dodato\u010dn\u00e9 inform\u00e1cie:<\/p>\n<p>V pr\u00edpade z\u00e1ujmu o in\u00e9 stoly ako toaletn\u00e9, p\u00edsacie, konferen\u010dn\u00e9 stol\u00edky \u010di jed\u00e1lensk\u00e9 stoly, nav\u0161t\u00edvte sekciu stoly na <a href=\"https:\/\/www.ikuchyne.sk\/eshop\/kategoria\/stoly\/\">www.ikuchyne.sk\/eshop<\/a><br \/>\nV pr\u00edpade z\u00e1ujmu o n\u00e1bytok na mieru n\u00e1s kontaktuje na <a href=\"http:\/\/www.ikuchyne.sk\">www.ikuchyne.sk<\/a><\/p>\n","protected":false},"excerpt":{"rendered":"<p>P\u00edsac\u00ed st\u00f4l Makassar Sheesham 40 x 100 cm \u00bb V\u0161eobecn\u00fd popis: P\u00edsac\u00ed st\u00f4l Makassar Sheesham 40 x 100 cm zo sheeshamov\u00e9ho dreva bude u v\u00e1s doma vynika\u0165 v\u010faka svojmu pr\u00edrodn\u00e9mu<\/p>\n","protected":false},"featured_media":11418,"comment_status":"open","ping_status":"closed","template":"","meta":[],"product_cat":[591,939,300],"product_tag":[261],"yoast_head":"<!-- This site is optimized with the Yoast SEO plugin v22.1 - https:\/\/yoast.com\/wordpress\/plugins\/seo\/ -->\n<title>P\u00edsac\u00ed st\u00f4l Makassar Sheesham 40x100cm &#187; iKuchyne iSHOP s n\u00e1bytkom<\/title>\n<meta name=\"description\" content=\"P\u00edsac\u00ed st\u00f4l Makassar Sheesham 40 x 100 cm \u00bb - r\u00fdchle dodanie, poradenstvo, n\u00e1bytok skladom v Bratislave s ikuchyne.sk - kuchyne na mieru.\" \/>\n<meta name=\"robots\" content=\"index, follow, max-snippet:-1, max-image-preview:large, max-video-preview:-1\" \/>\n<link rel=\"canonical\" href=\"https:\/\/www.ikuchyne.sk\/eshop\/produkt\/pisaci-stol-makassar-sheesham-40-x-100-cm-2\/\" \/>\n<meta property=\"og:locale\" content=\"sk_SK\" \/>\n<meta property=\"og:type\" content=\"article\" \/>\n<meta property=\"og:title\" content=\"P\u00edsac\u00ed st\u00f4l Makassar Sheesham 40x100cm &#187; iKuchyne iSHOP s n\u00e1bytkom\" \/>\n<meta property=\"og:description\" content=\"P\u00edsac\u00ed st\u00f4l Makassar Sheesham 40 x 100 cm \u00bb - r\u00fdchle dodanie, poradenstvo, n\u00e1bytok skladom v Bratislave s ikuchyne.sk - kuchyne na mieru.\" \/>\n<meta property=\"og:url\" content=\"https:\/\/www.ikuchyne.sk\/eshop\/produkt\/pisaci-stol-makassar-sheesham-40-x-100-cm-2\/\" \/>\n<meta property=\"og:site_name\" content=\"iKuchyne iSHOP s n\u00e1bytkom\" \/>\n<meta property=\"article:publisher\" content=\"https:\/\/www.facebook.com\/ikuchyne\/\" \/>\n<meta property=\"article:modified_time\" content=\"2024-03-10T18:20:22+00:00\" \/>\n<meta property=\"og:image\" content=\"https:\/\/www.ikuchyne.sk\/eshop\/wp-content\/uploads\/2017\/04\/pisaci-stol-makassar-100cm-sheesham-11416-2.jpg\" \/>\n\t<meta property=\"og:image:width\" content=\"800\" \/>\n\t<meta property=\"og:image:height\" content=\"533\" \/>\n\t<meta property=\"og:image:type\" content=\"image\/jpeg\" \/>\n<meta name=\"twitter:card\" content=\"summary_large_image\" \/>\n<meta name=\"twitter:label1\" content=\"Predpokladan\u00fd \u010das \u010d\u00edtania\" \/>\n\t<meta name=\"twitter:data1\" content=\"2 min\u00faty\" \/>\n<script type=\"application\/ld+json\" class=\"yoast-schema-graph\">{\"@context\":\"https:\/\/schema.org\",\"@graph\":[{\"@type\":\"WebPage\",\"@id\":\"https:\/\/www.ikuchyne.sk\/eshop\/produkt\/pisaci-stol-makassar-sheesham-40-x-100-cm-2\/\",\"url\":\"https:\/\/www.ikuchyne.sk\/eshop\/produkt\/pisaci-stol-makassar-sheesham-40-x-100-cm-2\/\",\"name\":\"P\u00edsac\u00ed st\u00f4l Makassar Sheesham 40x100cm &#187; iKuchyne iSHOP s n\u00e1bytkom\",\"isPartOf\":{\"@id\":\"https:\/\/www.ikuchyne.sk\/eshop\/#website\"},\"datePublished\":\"2017-04-26T06:09:27+00:00\",\"dateModified\":\"2024-03-10T18:20:22+00:00\",\"description\":\"P\u00edsac\u00ed st\u00f4l Makassar Sheesham 40 x 100 cm \u00bb - r\u00fdchle dodanie, poradenstvo, n\u00e1bytok skladom v Bratislave s ikuchyne.sk - kuchyne na mieru.\",\"breadcrumb\":{\"@id\":\"https:\/\/www.ikuchyne.sk\/eshop\/produkt\/pisaci-stol-makassar-sheesham-40-x-100-cm-2\/#breadcrumb\"},\"inLanguage\":\"sk-SK\",\"potentialAction\":[{\"@type\":\"ReadAction\",\"target\":[\"https:\/\/www.ikuchyne.sk\/eshop\/produkt\/pisaci-stol-makassar-sheesham-40-x-100-cm-2\/\"]}]},{\"@type\":\"BreadcrumbList\",\"@id\":\"https:\/\/www.ikuchyne.sk\/eshop\/produkt\/pisaci-stol-makassar-sheesham-40-x-100-cm-2\/#breadcrumb\",\"itemListElement\":[{\"@type\":\"ListItem\",\"position\":1,\"name\":\"Home\",\"item\":\"https:\/\/www.ikuchyne.sk\/eshop\/\"},{\"@type\":\"ListItem\",\"position\":2,\"name\":\"Obchod\",\"item\":\"https:\/\/www.ikuchyne.sk\/eshop\/obchod\/\"},{\"@type\":\"ListItem\",\"position\":3,\"name\":\"P\u00edsac\u00ed st\u00f4l Makassar Sheesham 40 x 100 cm \u00bb\"}]},{\"@type\":\"WebSite\",\"@id\":\"https:\/\/www.ikuchyne.sk\/eshop\/#website\",\"url\":\"https:\/\/www.ikuchyne.sk\/eshop\/\",\"name\":\"iKuchyne iSHOP s n\u00e1bytkom\",\"description\":\"Jed\u00e1lensk\u00e9 stoly, stoli\u010dky, n\u00e1bytok, svietidl\u00e1...\",\"publisher\":{\"@id\":\"https:\/\/www.ikuchyne.sk\/eshop\/#organization\"},\"potentialAction\":[{\"@type\":\"SearchAction\",\"target\":{\"@type\":\"EntryPoint\",\"urlTemplate\":\"https:\/\/www.ikuchyne.sk\/eshop\/?s={search_term_string}\"},\"query-input\":\"required name=search_term_string\"}],\"inLanguage\":\"sk-SK\"},{\"@type\":\"Organization\",\"@id\":\"https:\/\/www.ikuchyne.sk\/eshop\/#organization\",\"name\":\"ikuchyne!\",\"url\":\"https:\/\/www.ikuchyne.sk\/eshop\/\",\"logo\":{\"@type\":\"ImageObject\",\"inLanguage\":\"sk-SK\",\"@id\":\"https:\/\/www.ikuchyne.sk\/eshop\/#\/schema\/logo\/image\/\",\"url\":\"https:\/\/www.ikuchyne.sk\/eshop\/wp-content\/uploads\/2017\/04\/ikuchyne-logo.jpg\",\"contentUrl\":\"https:\/\/www.ikuchyne.sk\/eshop\/wp-content\/uploads\/2017\/04\/ikuchyne-logo.jpg\",\"width\":200,\"height\":48,\"caption\":\"ikuchyne!\"},\"image\":{\"@id\":\"https:\/\/www.ikuchyne.sk\/eshop\/#\/schema\/logo\/image\/\"},\"sameAs\":[\"https:\/\/www.facebook.com\/ikuchyne\/\",\"https:\/\/www.instagram.com\/ikuchyne.sk\/\",\"https:\/\/sk.pinterest.com\/ikuchynesk\/\"]}]}<\/script>\n<!-- \/ Yoast SEO plugin. -->","yoast_head_json":{"title":"P\u00edsac\u00ed st\u00f4l Makassar Sheesham 40x100cm &#187; iKuchyne iSHOP s n\u00e1bytkom","description":"P\u00edsac\u00ed st\u00f4l Makassar Sheesham 40 x 100 cm \u00bb - r\u00fdchle dodanie, poradenstvo, n\u00e1bytok skladom v Bratislave s ikuchyne.sk - kuchyne na mieru.","robots":{"index":"index","follow":"follow","max-snippet":"max-snippet:-1","max-image-preview":"max-image-preview:large","max-video-preview":"max-video-preview:-1"},"canonical":"https:\/\/www.ikuchyne.sk\/eshop\/produkt\/pisaci-stol-makassar-sheesham-40-x-100-cm-2\/","og_locale":"sk_SK","og_type":"article","og_title":"P\u00edsac\u00ed st\u00f4l Makassar Sheesham 40x100cm &#187; iKuchyne iSHOP s n\u00e1bytkom","og_description":"P\u00edsac\u00ed st\u00f4l Makassar Sheesham 40 x 100 cm \u00bb - r\u00fdchle dodanie, poradenstvo, n\u00e1bytok skladom v Bratislave s ikuchyne.sk - kuchyne na mieru.","og_url":"https:\/\/www.ikuchyne.sk\/eshop\/produkt\/pisaci-stol-makassar-sheesham-40-x-100-cm-2\/","og_site_name":"iKuchyne iSHOP s n\u00e1bytkom","article_publisher":"https:\/\/www.facebook.com\/ikuchyne\/","article_modified_time":"2024-03-10T18:20:22+00:00","og_image":[{"width":800,"height":533,"url":"https:\/\/www.ikuchyne.sk\/eshop\/wp-content\/uploads\/2017\/04\/pisaci-stol-makassar-100cm-sheesham-11416-2.jpg","type":"image\/jpeg"}],"twitter_card":"summary_large_image","twitter_misc":{"Predpokladan\u00fd \u010das \u010d\u00edtania":"2 min\u00faty"},"schema":{"@context":"https:\/\/schema.org","@graph":[{"@type":"WebPage","@id":"https:\/\/www.ikuchyne.sk\/eshop\/produkt\/pisaci-stol-makassar-sheesham-40-x-100-cm-2\/","url":"https:\/\/www.ikuchyne.sk\/eshop\/produkt\/pisaci-stol-makassar-sheesham-40-x-100-cm-2\/","name":"P\u00edsac\u00ed st\u00f4l Makassar Sheesham 40x100cm &#187; iKuchyne iSHOP s n\u00e1bytkom","isPartOf":{"@id":"https:\/\/www.ikuchyne.sk\/eshop\/#website"},"datePublished":"2017-04-26T06:09:27+00:00","dateModified":"2024-03-10T18:20:22+00:00","description":"P\u00edsac\u00ed st\u00f4l Makassar Sheesham 40 x 100 cm \u00bb - r\u00fdchle dodanie, poradenstvo, n\u00e1bytok skladom v Bratislave s ikuchyne.sk - kuchyne na mieru.","breadcrumb":{"@id":"https:\/\/www.ikuchyne.sk\/eshop\/produkt\/pisaci-stol-makassar-sheesham-40-x-100-cm-2\/#breadcrumb"},"inLanguage":"sk-SK","potentialAction":[{"@type":"ReadAction","target":["https:\/\/www.ikuchyne.sk\/eshop\/produkt\/pisaci-stol-makassar-sheesham-40-x-100-cm-2\/"]}]},{"@type":"BreadcrumbList","@id":"https:\/\/www.ikuchyne.sk\/eshop\/produkt\/pisaci-stol-makassar-sheesham-40-x-100-cm-2\/#breadcrumb","itemListElement":[{"@type":"ListItem","position":1,"name":"Home","item":"https:\/\/www.ikuchyne.sk\/eshop\/"},{"@type":"ListItem","position":2,"name":"Obchod","item":"https:\/\/www.ikuchyne.sk\/eshop\/obchod\/"},{"@type":"ListItem","position":3,"name":"P\u00edsac\u00ed st\u00f4l Makassar Sheesham 40 x 100 cm \u00bb"}]},{"@type":"WebSite","@id":"https:\/\/www.ikuchyne.sk\/eshop\/#website","url":"https:\/\/www.ikuchyne.sk\/eshop\/","name":"iKuchyne iSHOP s n\u00e1bytkom","description":"Jed\u00e1lensk\u00e9 stoly, stoli\u010dky, n\u00e1bytok, svietidl\u00e1...","publisher":{"@id":"https:\/\/www.ikuchyne.sk\/eshop\/#organization"},"potentialAction":[{"@type":"SearchAction","target":{"@type":"EntryPoint","urlTemplate":"https:\/\/www.ikuchyne.sk\/eshop\/?s={search_term_string}"},"query-input":"required name=search_term_string"}],"inLanguage":"sk-SK"},{"@type":"Organization","@id":"https:\/\/www.ikuchyne.sk\/eshop\/#organization","name":"ikuchyne!","url":"https:\/\/www.ikuchyne.sk\/eshop\/","logo":{"@type":"ImageObject","inLanguage":"sk-SK","@id":"https:\/\/www.ikuchyne.sk\/eshop\/#\/schema\/logo\/image\/","url":"https:\/\/www.ikuchyne.sk\/eshop\/wp-content\/uploads\/2017\/04\/ikuchyne-logo.jpg","contentUrl":"https:\/\/www.ikuchyne.sk\/eshop\/wp-content\/uploads\/2017\/04\/ikuchyne-logo.jpg","width":200,"height":48,"caption":"ikuchyne!"},"image":{"@id":"https:\/\/www.ikuchyne.sk\/eshop\/#\/schema\/logo\/image\/"},"sameAs":["https:\/\/www.facebook.com\/ikuchyne\/","https:\/\/www.instagram.com\/ikuchyne.sk\/","https:\/\/sk.pinterest.com\/ikuchynesk\/"]}]}},"_links":{"self":[{"href":"https:\/\/www.ikuchyne.sk\/eshop\/wp-json\/wp\/v2\/product\/11326"}],"collection":[{"href":"https:\/\/www.ikuchyne.sk\/eshop\/wp-json\/wp\/v2\/product"}],"about":[{"href":"https:\/\/www.ikuchyne.sk\/eshop\/wp-json\/wp\/v2\/types\/product"}],"replies":[{"embeddable":true,"href":"https:\/\/www.ikuchyne.sk\/eshop\/wp-json\/wp\/v2\/comments?post=11326"}],"wp:featuredmedia":[{"embeddable":true,"href":"https:\/\/www.ikuchyne.sk\/eshop\/wp-json\/"}],"wp:attachment":[{"href":"https:\/\/www.ikuchyne.sk\/eshop\/wp-json\/wp\/v2\/media?parent=11326"}],"wp:term":[{"taxonomy":"product_cat","embeddable":true,"href":"https:\/\/www.ikuchyne.sk\/eshop\/wp-json\/wp\/v2\/product_cat?post=11326"},{"taxonomy":"product_tag","embeddable":true,"href":"https:\/\/www.ikuchyne.sk\/eshop\/wp-json\/wp\/v2\/product_tag?post=11326"}],"curies":[{"name":"wp","href":"https:\/\/api.w.org\/{rel}","templated":true}]}}