{"id":114056,"date":"2019-09-04T11:39:14","date_gmt":"2019-09-04T09:39:14","guid":{"rendered":"https:\/\/ikuchyne.sk\/eshop\/?post_type=product&#038;p=114056"},"modified":"2021-08-30T16:13:46","modified_gmt":"2021-08-30T14:13:46","slug":"sivy-jedalensky-stol-iron-craft-120-cm-mango-2","status":"publish","type":"product","link":"https:\/\/www.ikuchyne.sk\/eshop\/produkt\/sivy-jedalensky-stol-iron-craft-120-cm-mango-2\/","title":{"rendered":"Siv\u00fd okr\u00fahly jed\u00e1lensk\u00fd st\u00f4l Iron Craft 120 cm mango\u00bb"},"content":{"rendered":"<h1>Siv\u00fd okr\u00fahly jed\u00e1lensk\u00fd st\u00f4l Iron Craft\u00a0 mango 120 cm<\/h1>\n<p><b><strong>V\u0161eobecn\u00fd opis stola:<br \/>\n<\/strong><\/b>Siv\u00fd okr\u00fahly jed\u00e1lensk\u00fd st\u00f4l Iron Craft mango 120cm pozost\u00e1va z popul\u00e1rnej kombin\u00e1cie pr\u00edrodn\u00e9ho a mas\u00edvneho mangov\u00e9ho dreva a \u017eeleza, ktor\u00fd je charakteristick\u00fd pre industri\u00e1lny \u0161t\u00fdl. Tento \u0161t\u00fdl sa vyzna\u010duje kovov\u00fdmi prvkami, nedokonal\u00fdm povrchom a mohutn\u00fdm vzh\u013eadom n\u00e1bytku. N\u00e1\u0161 jed\u00e1lensk\u00fd st\u00f4l Iron Craft mango je v typick\u00fdch industri\u00e1lnych farb\u00e1ch, a to v sivom mas\u00edvnom dreve a kovovej farbe podno\u017ee. Povrch jed\u00e1lensk\u00e9ho stola je z unik\u00e1tneho mangov\u00e9ho dreva, ktor\u00e9 je s\u00edce tvrd\u00e9, no \u013eahko opracovate\u013en\u00e9. Pre tento druh dreva je typick\u00e1 r\u00f4znorodos\u0165 jeho \u0161trukt\u00fary a nenapodobite\u013en\u00e1 vlnitos\u0165. Mangov\u00e9 drevo poskytuje odtiene dreva l\u00ed\u0161iace sa od v\u00e4\u010d\u0161iny in\u00fdch drev\u00edn. Vysok\u00e1 hr\u00fabka drevenej dosky jed\u00e1lensk\u00e9ho stola vo v\u00fd\u0161ke 45 mm vytv\u00e1ra kr\u00e1sny a pr\u00edrodn\u00fd vzh\u013ead tohto jed\u00e1lensk\u00e9ho stola. Tento jed\u00e1lensk\u00fd st\u00f4l je charakteristick\u00fd svojou strohos\u0165ou, \u010dist\u00fdmi l\u00edniami a mohutn\u00fdm tvarom.<\/p>\n<p><strong>Povrch stola:<br \/>\n<\/strong>Povrch okr\u00fahleho jed\u00e1lensk\u00e9ho stola Iron Craft mango je z unik\u00e1tneho pr\u00edrodn\u00e9ho mangov\u00e9ho dreva, ktor\u00e9 sa vyzna\u010duje vysokou odolnos\u0165ou a trv\u00e1cnos\u0165ou. Pre tento druh dreva je typick\u00e1 r\u00f4znorodos\u0165 jeho \u0161trukt\u00fary. Vysok\u00e1 hr\u00fabka drevenej dosky dotv\u00e1ra typick\u00fd charakter n\u00e1bytku tohto druhu.<\/p>\n<p><strong>Podno\u017e stola:<br \/>\n<\/strong>Podno\u017e stola pozost\u00e1va z pevn\u00e9ho podstavca zo \u017eeleza, pr\u00edzna\u010dn\u00e9ho pre industri\u00e1lny typ n\u00e1bytku.<\/p>\n<p><strong>\u010eal\u0161ie inform\u00e1cie:<br \/>\n<\/strong>Ka\u017ed\u00fd st\u00f4l je unik\u00e1t, tak\u017ee jednotliv\u00e9 kusy sa m\u00f4\u017eu od seba mierne l\u00ed\u0161i\u0165.\u00a0 Originalita dreva je sp\u00f4soben\u00e1 \u0161irokou \u0161k\u00e1lou farieb a kresieb. N\u00e1bytok z mangov\u00e9ho dreva sa st\u00e1va st\u00e1le viac popul\u00e1rnym v\u010faka vysokej trv\u00e1cnosti a odolnosti.<\/p>\n<p><b>Rozmery (cca): <\/b>120cm x 76cm x 120cm (\u0160xVxH)<b><br \/>\nFarba: <\/b>siv\u00e1<b><br \/>\nMateri\u00e1l: <\/b>drevo (mas\u00edv), Mango, lak, kovov\u00e1 podno\u017e<b><br \/>\n<\/b>Ru\u010dn\u00e1 pr\u00e1ca.<br \/>\nIndustri\u00e1lny vzh\u013ead.<\/p>\n<p><strong>Tento jed\u00e1lensk\u00fd st\u00f4l sa tie\u017e vyr\u00e1ba v preveden\u00ed:<\/strong><br \/>\n&#8211; Okr\u00fahly jed\u00e1lensk\u00fd st\u00f4l Iron Craft 120 cm pr\u00edrodn\u00fd<br \/>\n&#8211; Siv\u00fd okr\u00fahly jed\u00e1lensk\u00fd st\u00f4l Iron Craft 80 cm<br \/>\n&#8211; Okr\u00fahly jed\u00e1lensk\u00fd st\u00f4l Iron Craft 80 cm<\/p>\n<p><b>Materi\u00e1l:\u00a0\u00a0<\/b>drevo (mas\u00edv), mango, lakovan\u00e9, \u017eelezo<\/p>\n<p><b>Farba:<\/b> siv\u00e1, \u017eelezo v Industrial Looku<\/p>\n<p>Dodato\u010dn\u00e9 inform\u00e1cie:<\/p>\n<p>V pr\u00edpade z\u00e1ujmu o in\u00e9 jed\u00e1lensk\u00e9 stoly, nav\u0161t\u00edvte sekciu jed\u00e1lensk\u00e9 stoly na <a href=\"https:\/\/www.ikuchyne.sk\/eshop\/kategoria\/jedalenske-stoly\/\">www.ikuchyne.sk\/eshop<\/a><br \/>\nV pr\u00edpade z\u00e1ujmu o n\u00e1bytok na mieru n\u00e1s kontaktuje na <a href=\"http:\/\/www.ikuchyne.sk\">www.ikuchyne.sk<\/a><\/p>\n","protected":false},"excerpt":{"rendered":"<p>Siv\u00fd okr\u00fahly jed\u00e1lensk\u00fd st\u00f4l Iron Craft\u00a0 mango 120 cm V\u0161eobecn\u00fd opis stola: Siv\u00fd okr\u00fahly jed\u00e1lensk\u00fd st\u00f4l Iron Craft mango 120cm pozost\u00e1va z popul\u00e1rnej kombin\u00e1cie pr\u00edrodn\u00e9ho a mas\u00edvneho mangov\u00e9ho dreva a<\/p>\n","protected":false},"featured_media":114057,"comment_status":"closed","ping_status":"closed","template":"","meta":[],"product_cat":[772,287,591,298,847,848],"product_tag":[204],"yoast_head":"<!-- This site is optimized with the Yoast SEO plugin v22.1 - https:\/\/yoast.com\/wordpress\/plugins\/seo\/ -->\n<title>Siv\u00fd okr\u00fahly jed\u00e1lensk\u00fd st\u00f4l Iron Craft &#187; iKuchyne iSHOP s n\u00e1bytkom<\/title>\n<meta name=\"description\" content=\"Siv\u00fd okr\u00fahly jed\u00e1lensk\u00fd st\u00f4l Iron Craft mango - r\u00fdchle dodanie, poradenstvo, n\u00e1bytok skladom. Dominanta va\u0161ej dom\u00e1cnosti v\u010faka ikuchyne.sk\" \/>\n<meta name=\"robots\" content=\"index, follow, max-snippet:-1, max-image-preview:large, max-video-preview:-1\" \/>\n<link rel=\"canonical\" href=\"https:\/\/www.ikuchyne.sk\/eshop\/produkt\/sivy-jedalensky-stol-iron-craft-120-cm-mango-2\/\" \/>\n<meta property=\"og:locale\" content=\"sk_SK\" \/>\n<meta property=\"og:type\" content=\"article\" \/>\n<meta property=\"og:title\" content=\"Siv\u00fd okr\u00fahly jed\u00e1lensk\u00fd st\u00f4l Iron Craft &#187; iKuchyne iSHOP s n\u00e1bytkom\" \/>\n<meta property=\"og:description\" content=\"Siv\u00fd okr\u00fahly jed\u00e1lensk\u00fd st\u00f4l Iron Craft mango - r\u00fdchle dodanie, poradenstvo, n\u00e1bytok skladom. Dominanta va\u0161ej dom\u00e1cnosti v\u010faka ikuchyne.sk\" \/>\n<meta property=\"og:url\" content=\"https:\/\/www.ikuchyne.sk\/eshop\/produkt\/sivy-jedalensky-stol-iron-craft-120-cm-mango-2\/\" \/>\n<meta property=\"og:site_name\" content=\"iKuchyne iSHOP s n\u00e1bytkom\" \/>\n<meta property=\"article:publisher\" content=\"https:\/\/www.facebook.com\/ikuchyne\/\" \/>\n<meta property=\"article:modified_time\" content=\"2021-08-30T14:13:46+00:00\" \/>\n<meta property=\"og:image\" content=\"https:\/\/www.ikuchyne.sk\/eshop\/wp-content\/uploads\/2019\/09\/Jedalensky-stol-Iron-Craft-120cm-rund-siva-Mango-39585.jpg\" \/>\n\t<meta property=\"og:image:width\" content=\"800\" \/>\n\t<meta property=\"og:image:height\" content=\"532\" \/>\n\t<meta property=\"og:image:type\" content=\"image\/jpeg\" \/>\n<meta name=\"twitter:card\" content=\"summary_large_image\" \/>\n<meta name=\"twitter:label1\" content=\"Predpokladan\u00fd \u010das \u010d\u00edtania\" \/>\n\t<meta name=\"twitter:data1\" content=\"2 min\u00faty\" \/>\n<script type=\"application\/ld+json\" class=\"yoast-schema-graph\">{\"@context\":\"https:\/\/schema.org\",\"@graph\":[{\"@type\":\"WebPage\",\"@id\":\"https:\/\/www.ikuchyne.sk\/eshop\/produkt\/sivy-jedalensky-stol-iron-craft-120-cm-mango-2\/\",\"url\":\"https:\/\/www.ikuchyne.sk\/eshop\/produkt\/sivy-jedalensky-stol-iron-craft-120-cm-mango-2\/\",\"name\":\"Siv\u00fd okr\u00fahly jed\u00e1lensk\u00fd st\u00f4l Iron Craft &#187; iKuchyne iSHOP s n\u00e1bytkom\",\"isPartOf\":{\"@id\":\"https:\/\/www.ikuchyne.sk\/eshop\/#website\"},\"datePublished\":\"2019-09-04T09:39:14+00:00\",\"dateModified\":\"2021-08-30T14:13:46+00:00\",\"description\":\"Siv\u00fd okr\u00fahly jed\u00e1lensk\u00fd st\u00f4l Iron Craft mango - r\u00fdchle dodanie, poradenstvo, n\u00e1bytok skladom. Dominanta va\u0161ej dom\u00e1cnosti v\u010faka ikuchyne.sk\",\"breadcrumb\":{\"@id\":\"https:\/\/www.ikuchyne.sk\/eshop\/produkt\/sivy-jedalensky-stol-iron-craft-120-cm-mango-2\/#breadcrumb\"},\"inLanguage\":\"sk-SK\",\"potentialAction\":[{\"@type\":\"ReadAction\",\"target\":[\"https:\/\/www.ikuchyne.sk\/eshop\/produkt\/sivy-jedalensky-stol-iron-craft-120-cm-mango-2\/\"]}]},{\"@type\":\"BreadcrumbList\",\"@id\":\"https:\/\/www.ikuchyne.sk\/eshop\/produkt\/sivy-jedalensky-stol-iron-craft-120-cm-mango-2\/#breadcrumb\",\"itemListElement\":[{\"@type\":\"ListItem\",\"position\":1,\"name\":\"Home\",\"item\":\"https:\/\/www.ikuchyne.sk\/eshop\/\"},{\"@type\":\"ListItem\",\"position\":2,\"name\":\"Obchod\",\"item\":\"https:\/\/www.ikuchyne.sk\/eshop\/obchod\/\"},{\"@type\":\"ListItem\",\"position\":3,\"name\":\"Siv\u00fd okr\u00fahly jed\u00e1lensk\u00fd st\u00f4l Iron Craft 120 cm mango\u00bb\"}]},{\"@type\":\"WebSite\",\"@id\":\"https:\/\/www.ikuchyne.sk\/eshop\/#website\",\"url\":\"https:\/\/www.ikuchyne.sk\/eshop\/\",\"name\":\"iKuchyne iSHOP s n\u00e1bytkom\",\"description\":\"Jed\u00e1lensk\u00e9 stoly, stoli\u010dky, n\u00e1bytok, svietidl\u00e1...\",\"publisher\":{\"@id\":\"https:\/\/www.ikuchyne.sk\/eshop\/#organization\"},\"potentialAction\":[{\"@type\":\"SearchAction\",\"target\":{\"@type\":\"EntryPoint\",\"urlTemplate\":\"https:\/\/www.ikuchyne.sk\/eshop\/?s={search_term_string}\"},\"query-input\":\"required name=search_term_string\"}],\"inLanguage\":\"sk-SK\"},{\"@type\":\"Organization\",\"@id\":\"https:\/\/www.ikuchyne.sk\/eshop\/#organization\",\"name\":\"ikuchyne!\",\"url\":\"https:\/\/www.ikuchyne.sk\/eshop\/\",\"logo\":{\"@type\":\"ImageObject\",\"inLanguage\":\"sk-SK\",\"@id\":\"https:\/\/www.ikuchyne.sk\/eshop\/#\/schema\/logo\/image\/\",\"url\":\"https:\/\/www.ikuchyne.sk\/eshop\/wp-content\/uploads\/2017\/04\/ikuchyne-logo.jpg\",\"contentUrl\":\"https:\/\/www.ikuchyne.sk\/eshop\/wp-content\/uploads\/2017\/04\/ikuchyne-logo.jpg\",\"width\":200,\"height\":48,\"caption\":\"ikuchyne!\"},\"image\":{\"@id\":\"https:\/\/www.ikuchyne.sk\/eshop\/#\/schema\/logo\/image\/\"},\"sameAs\":[\"https:\/\/www.facebook.com\/ikuchyne\/\",\"https:\/\/www.instagram.com\/ikuchyne.sk\/\",\"https:\/\/sk.pinterest.com\/ikuchynesk\/\"]}]}<\/script>\n<!-- \/ Yoast SEO plugin. -->","yoast_head_json":{"title":"Siv\u00fd okr\u00fahly jed\u00e1lensk\u00fd st\u00f4l Iron Craft &#187; iKuchyne iSHOP s n\u00e1bytkom","description":"Siv\u00fd okr\u00fahly jed\u00e1lensk\u00fd st\u00f4l Iron Craft mango - r\u00fdchle dodanie, poradenstvo, n\u00e1bytok skladom. Dominanta va\u0161ej dom\u00e1cnosti v\u010faka ikuchyne.sk","robots":{"index":"index","follow":"follow","max-snippet":"max-snippet:-1","max-image-preview":"max-image-preview:large","max-video-preview":"max-video-preview:-1"},"canonical":"https:\/\/www.ikuchyne.sk\/eshop\/produkt\/sivy-jedalensky-stol-iron-craft-120-cm-mango-2\/","og_locale":"sk_SK","og_type":"article","og_title":"Siv\u00fd okr\u00fahly jed\u00e1lensk\u00fd st\u00f4l Iron Craft &#187; iKuchyne iSHOP s n\u00e1bytkom","og_description":"Siv\u00fd okr\u00fahly jed\u00e1lensk\u00fd st\u00f4l Iron Craft mango - r\u00fdchle dodanie, poradenstvo, n\u00e1bytok skladom. Dominanta va\u0161ej dom\u00e1cnosti v\u010faka ikuchyne.sk","og_url":"https:\/\/www.ikuchyne.sk\/eshop\/produkt\/sivy-jedalensky-stol-iron-craft-120-cm-mango-2\/","og_site_name":"iKuchyne iSHOP s n\u00e1bytkom","article_publisher":"https:\/\/www.facebook.com\/ikuchyne\/","article_modified_time":"2021-08-30T14:13:46+00:00","og_image":[{"width":800,"height":532,"url":"https:\/\/www.ikuchyne.sk\/eshop\/wp-content\/uploads\/2019\/09\/Jedalensky-stol-Iron-Craft-120cm-rund-siva-Mango-39585.jpg","type":"image\/jpeg"}],"twitter_card":"summary_large_image","twitter_misc":{"Predpokladan\u00fd \u010das \u010d\u00edtania":"2 min\u00faty"},"schema":{"@context":"https:\/\/schema.org","@graph":[{"@type":"WebPage","@id":"https:\/\/www.ikuchyne.sk\/eshop\/produkt\/sivy-jedalensky-stol-iron-craft-120-cm-mango-2\/","url":"https:\/\/www.ikuchyne.sk\/eshop\/produkt\/sivy-jedalensky-stol-iron-craft-120-cm-mango-2\/","name":"Siv\u00fd okr\u00fahly jed\u00e1lensk\u00fd st\u00f4l Iron Craft &#187; iKuchyne iSHOP s n\u00e1bytkom","isPartOf":{"@id":"https:\/\/www.ikuchyne.sk\/eshop\/#website"},"datePublished":"2019-09-04T09:39:14+00:00","dateModified":"2021-08-30T14:13:46+00:00","description":"Siv\u00fd okr\u00fahly jed\u00e1lensk\u00fd st\u00f4l Iron Craft mango - r\u00fdchle dodanie, poradenstvo, n\u00e1bytok skladom. Dominanta va\u0161ej dom\u00e1cnosti v\u010faka ikuchyne.sk","breadcrumb":{"@id":"https:\/\/www.ikuchyne.sk\/eshop\/produkt\/sivy-jedalensky-stol-iron-craft-120-cm-mango-2\/#breadcrumb"},"inLanguage":"sk-SK","potentialAction":[{"@type":"ReadAction","target":["https:\/\/www.ikuchyne.sk\/eshop\/produkt\/sivy-jedalensky-stol-iron-craft-120-cm-mango-2\/"]}]},{"@type":"BreadcrumbList","@id":"https:\/\/www.ikuchyne.sk\/eshop\/produkt\/sivy-jedalensky-stol-iron-craft-120-cm-mango-2\/#breadcrumb","itemListElement":[{"@type":"ListItem","position":1,"name":"Home","item":"https:\/\/www.ikuchyne.sk\/eshop\/"},{"@type":"ListItem","position":2,"name":"Obchod","item":"https:\/\/www.ikuchyne.sk\/eshop\/obchod\/"},{"@type":"ListItem","position":3,"name":"Siv\u00fd okr\u00fahly jed\u00e1lensk\u00fd st\u00f4l Iron Craft 120 cm mango\u00bb"}]},{"@type":"WebSite","@id":"https:\/\/www.ikuchyne.sk\/eshop\/#website","url":"https:\/\/www.ikuchyne.sk\/eshop\/","name":"iKuchyne iSHOP s n\u00e1bytkom","description":"Jed\u00e1lensk\u00e9 stoly, stoli\u010dky, n\u00e1bytok, svietidl\u00e1...","publisher":{"@id":"https:\/\/www.ikuchyne.sk\/eshop\/#organization"},"potentialAction":[{"@type":"SearchAction","target":{"@type":"EntryPoint","urlTemplate":"https:\/\/www.ikuchyne.sk\/eshop\/?s={search_term_string}"},"query-input":"required name=search_term_string"}],"inLanguage":"sk-SK"},{"@type":"Organization","@id":"https:\/\/www.ikuchyne.sk\/eshop\/#organization","name":"ikuchyne!","url":"https:\/\/www.ikuchyne.sk\/eshop\/","logo":{"@type":"ImageObject","inLanguage":"sk-SK","@id":"https:\/\/www.ikuchyne.sk\/eshop\/#\/schema\/logo\/image\/","url":"https:\/\/www.ikuchyne.sk\/eshop\/wp-content\/uploads\/2017\/04\/ikuchyne-logo.jpg","contentUrl":"https:\/\/www.ikuchyne.sk\/eshop\/wp-content\/uploads\/2017\/04\/ikuchyne-logo.jpg","width":200,"height":48,"caption":"ikuchyne!"},"image":{"@id":"https:\/\/www.ikuchyne.sk\/eshop\/#\/schema\/logo\/image\/"},"sameAs":["https:\/\/www.facebook.com\/ikuchyne\/","https:\/\/www.instagram.com\/ikuchyne.sk\/","https:\/\/sk.pinterest.com\/ikuchynesk\/"]}]}},"_links":{"self":[{"href":"https:\/\/www.ikuchyne.sk\/eshop\/wp-json\/wp\/v2\/product\/114056"}],"collection":[{"href":"https:\/\/www.ikuchyne.sk\/eshop\/wp-json\/wp\/v2\/product"}],"about":[{"href":"https:\/\/www.ikuchyne.sk\/eshop\/wp-json\/wp\/v2\/types\/product"}],"replies":[{"embeddable":true,"href":"https:\/\/www.ikuchyne.sk\/eshop\/wp-json\/wp\/v2\/comments?post=114056"}],"wp:featuredmedia":[{"embeddable":true,"href":"https:\/\/www.ikuchyne.sk\/eshop\/wp-json\/wp\/v2\/media\/114057"}],"wp:attachment":[{"href":"https:\/\/www.ikuchyne.sk\/eshop\/wp-json\/wp\/v2\/media?parent=114056"}],"wp:term":[{"taxonomy":"product_cat","embeddable":true,"href":"https:\/\/www.ikuchyne.sk\/eshop\/wp-json\/wp\/v2\/product_cat?post=114056"},{"taxonomy":"product_tag","embeddable":true,"href":"https:\/\/www.ikuchyne.sk\/eshop\/wp-json\/wp\/v2\/product_tag?post=114056"}],"curies":[{"name":"wp","href":"https:\/\/api.w.org\/{rel}","templated":true}]}}