{"id":114560,"date":"2019-09-11T13:43:32","date_gmt":"2019-09-11T11:43:32","guid":{"rendered":"https:\/\/ikuchyne.sk\/eshop\/?post_type=product&#038;p=114560"},"modified":"2021-05-18T06:16:48","modified_gmt":"2021-05-18T04:16:48","slug":"jedalensky-stol-galaxie-200cm-z-manga","status":"publish","type":"product","link":"https:\/\/www.ikuchyne.sk\/eshop\/produkt\/jedalensky-stol-galaxie-200cm-z-manga\/","title":{"rendered":"Jed\u00e1lensk\u00fd st\u00f4l Galaxie 200cm z Manga \u00bb"},"content":{"rendered":"<h1>Jed\u00e1lensk\u00fd st\u00f4l Galaxie 200cm z Manga \u00bb<\/h1>\n<h4><strong>V\u0161eobecn\u00fd popis:<\/strong><\/h4>\n<p>Impozantn\u00fd jed\u00e1lensk\u00fd st\u00f4l Galaxie 200cm z Manga so stolovou doskou z mas\u00edvneho mangov\u00e9ho dreva. Kovov\u00fd r\u00e1m v tvare hviezdy je zvl\u00e1\u0161tnym, no zauj\u00edmav\u00fdm zv\u00fdraznen\u00edm. Teraz sa ka\u017ed\u00e1 ve\u010dera u v\u00e1s doma stane v\u010faka tomuto jed\u00e1lensk\u00e9mu stolu z\u00e1\u017eitkom!<\/p>\n<p>Tento jed\u00e1lensk\u00fd st\u00f4l je skuto\u010dn\u00fdm dizajnov\u00fdm vrcholom. Ak radi pod\u00e1vate ve\u010deru pri jed\u00e1lenskom stole, ktor\u00fd okam\u017eite up\u00fata pozornos\u0165 v\u0161etk\u00fdch, ur\u010dite by v\u00e1m nemal ch\u00fdba\u0165 n\u00e1\u0161 st\u00f4l GALAXIE. Ve\u013ek\u00e1 stolov\u00e1 doska z n\u00e1dherne zrnit\u00e9ho mangov\u00e9ho dreva spo\u010d\u00edva na senza\u010dnom r\u00e1me z impozantn\u00fdch kovov\u00fdch n\u00f4h. Tieto s\u00fa navz\u00e1jom spojen\u00e9 v tvare hviezdy a p\u00f4sobia s\u00fa\u010dasne tak mohutne a futuristicky. Spolu s panelom z pr\u00edrodn\u00e9ho dreva vznik\u00e1 \u0161ikovn\u00e1 zmes pr\u00edrodn\u00e9ho vkusu a prvkov priemyseln\u00e9ho dizajnu.<\/p>\n<p>Pre priemyseln\u00fd vzh\u013ead vo va\u0161ej jed\u00e1lni. Pr\u00edrodn\u00e1 stolov\u00e1 doska dokonale zapad\u00e1 do neobvykl\u00e9ho kovov\u00e9ho r\u00e1mu a d\u00e1 sa tie\u017e \u00fa\u017easne \u013eahko integrova\u0165 do najr\u00f4znej\u0161\u00edch \u0161t\u00fdlov v dom\u00e1cnosti. Bez oh\u013eadu na to, \u010di chcete st\u00f4l skombinova\u0165 s farebn\u00fdmi stoli\u010dkami, ve\u013ekou z\u00e1vesnou lampou alebo pr\u00edborn\u00edkom z mas\u00edvu: jed\u00e1lensk\u00fd st\u00f4l GALAXIE sa v\u017edy perfektne prisp\u00f4sob\u00ed svojmu okoliu a zjemn\u00ed ho extravagantn\u00fdm dizajnom.<\/p>\n<h4><strong>Detaily produktu:<\/strong><\/h4>\n<p>Preto\u017ee sa jedn\u00e1 o pr\u00edrodn\u00fd produkt, ka\u017ed\u00e1 doska stola je absol\u00fatne jedine\u010dn\u00e1. Nerovnosti, charizmatick\u00e9 uzly, praskliny alebo dokonca rozmerov\u00e9 rozdiely s\u00fa mo\u017en\u00e9 a vytv\u00e1raj\u00fa originalitu a \u010daro mas\u00edvneho dreva. Existuj\u00face trhliny s\u00fa po\u010das v\u00fdrobn\u00e9ho procesu spojen\u00e9 a stabilizovan\u00e9 spojovac\u00edmi kusmi z rovnak\u00e9ho dreva. Preto m\u00f4\u017eu existova\u0165 farebn\u00e9 odch\u00fdlky. \u017diadna z t\u00fdchto skuto\u010dnost\u00ed nie je d\u00f4vodom na reklam\u00e1ciu. Vhodn\u00e9 bytov\u00e9 doplnky pre kombinovanie interi\u00e9ru s t\u00fdmto jed\u00e1lensk\u00fdm stolom n\u00e1jdete na na\u0161om e-shope v sekcii Bytov\u00e9 doplnky. Kontaktujte n\u00e1s a my v\u00e1m radi pom\u00f4\u017eeme s v\u00fdberom vhodn\u00fdch dekor\u00e1ci\u00ed do va\u0161ej dom\u00e1cnosti v akomko\u013evek \u0161t\u00fdle.<\/p>\n<p><b>Rozmery stola:<br \/>\n<\/b>\u0160\u00edrka: 200cm<br \/>\nV\u00fd\u0161ka: 78cm<br \/>\nHr\u00fabka: 100cm<br \/>\n<b><br \/>\nHr\u00fabka dosky stola : <\/b>55mm<b><br \/>\nNohy stola: <\/b>7, 5cm x 7, 5cm<br \/>\n<span style=\"font-weight: 400;\"><br \/>\n<\/span><b>Materi\u00e1l:<\/b> Mango, lak, kov<span style=\"font-weight: 400;\"><br \/>\n<\/span><b>Farba:<\/b><span style=\"font-weight: 400;\"> pr\u00edrodn\u00e1, \u010dierna<\/span><\/p>\n<p>Dodato\u010dn\u00e9 inform\u00e1cie:<\/p>\n<p>V pr\u00edpade z\u00e1ujmu o in\u00e9 jed\u00e1lensk\u00e9 stoly, nav\u0161t\u00edvte sekciu jed\u00e1lensk\u00e9 stoly na <a href=\"https:\/\/www.ikuchyne.sk\/eshop\/kategoria\/jedalenske-stoly\/\">www.ikuchyne.sk\/eshop<\/a><br \/>\nV pr\u00edpade z\u00e1ujmu o n\u00e1bytok na mieru n\u00e1s kontaktuje na <a href=\"http:\/\/www.ikuchyne.sk\">www.ikuchyne.sk<\/a><\/p>\n","protected":false},"excerpt":{"rendered":"<p>Jed\u00e1lensk\u00fd st\u00f4l Galaxie 200cm z Manga \u00bb V\u0161eobecn\u00fd popis: Impozantn\u00fd jed\u00e1lensk\u00fd st\u00f4l Galaxie 200cm z Manga so stolovou doskou z mas\u00edvneho mangov\u00e9ho dreva. Kovov\u00fd r\u00e1m v tvare hviezdy je zvl\u00e1\u0161tnym,<\/p>\n","protected":false},"featured_media":114561,"comment_status":"closed","ping_status":"closed","template":"","meta":[],"product_cat":[772,287,591,298,855,847,857],"product_tag":[187,198],"yoast_head":"<!-- This site is optimized with the Yoast SEO plugin v22.1 - https:\/\/yoast.com\/wordpress\/plugins\/seo\/ -->\n<title>Jed\u00e1lensk\u00fd st\u00f4l Galaxie 200cm z Manga \u00bb &#187; iKuchyne iSHOP s n\u00e1bytkom<\/title>\n<meta name=\"description\" content=\"Jed\u00e1lensk\u00fd st\u00f4l Galaxie 200cm z Manga \u00bb - r\u00fdchle dodanie, poradenstvo, n\u00e1bytok skladom v Bratislave s ikuchyne.sk - kuchyne na mieru.\" \/>\n<meta name=\"robots\" content=\"index, follow, max-snippet:-1, max-image-preview:large, max-video-preview:-1\" \/>\n<link rel=\"canonical\" href=\"https:\/\/www.ikuchyne.sk\/eshop\/produkt\/jedalensky-stol-galaxie-200cm-z-manga\/\" \/>\n<meta property=\"og:locale\" content=\"sk_SK\" \/>\n<meta property=\"og:type\" content=\"article\" \/>\n<meta property=\"og:title\" content=\"Jed\u00e1lensk\u00fd st\u00f4l Galaxie 200cm z Manga \u00bb &#187; iKuchyne iSHOP s n\u00e1bytkom\" \/>\n<meta property=\"og:description\" content=\"Jed\u00e1lensk\u00fd st\u00f4l Galaxie 200cm z Manga \u00bb - r\u00fdchle dodanie, poradenstvo, n\u00e1bytok skladom v Bratislave s ikuchyne.sk - kuchyne na mieru.\" \/>\n<meta property=\"og:url\" content=\"https:\/\/www.ikuchyne.sk\/eshop\/produkt\/jedalensky-stol-galaxie-200cm-z-manga\/\" \/>\n<meta property=\"og:site_name\" content=\"iKuchyne iSHOP s n\u00e1bytkom\" \/>\n<meta property=\"article:publisher\" content=\"https:\/\/www.facebook.com\/ikuchyne\/\" \/>\n<meta property=\"article:modified_time\" content=\"2021-05-18T04:16:48+00:00\" \/>\n<meta property=\"og:image\" content=\"https:\/\/www.ikuchyne.sk\/eshop\/wp-content\/uploads\/2019\/09\/Jedalensky-stol-Galaxi-200cm-Mango-39444.jpg\" \/>\n\t<meta property=\"og:image:width\" content=\"800\" \/>\n\t<meta property=\"og:image:height\" content=\"533\" \/>\n\t<meta property=\"og:image:type\" content=\"image\/jpeg\" \/>\n<meta name=\"twitter:card\" content=\"summary_large_image\" \/>\n<meta name=\"twitter:label1\" content=\"Predpokladan\u00fd \u010das \u010d\u00edtania\" \/>\n\t<meta name=\"twitter:data1\" content=\"2 min\u00faty\" \/>\n<script type=\"application\/ld+json\" class=\"yoast-schema-graph\">{\"@context\":\"https:\/\/schema.org\",\"@graph\":[{\"@type\":\"WebPage\",\"@id\":\"https:\/\/www.ikuchyne.sk\/eshop\/produkt\/jedalensky-stol-galaxie-200cm-z-manga\/\",\"url\":\"https:\/\/www.ikuchyne.sk\/eshop\/produkt\/jedalensky-stol-galaxie-200cm-z-manga\/\",\"name\":\"Jed\u00e1lensk\u00fd st\u00f4l Galaxie 200cm z Manga \u00bb &#187; iKuchyne iSHOP s n\u00e1bytkom\",\"isPartOf\":{\"@id\":\"https:\/\/www.ikuchyne.sk\/eshop\/#website\"},\"datePublished\":\"2019-09-11T11:43:32+00:00\",\"dateModified\":\"2021-05-18T04:16:48+00:00\",\"description\":\"Jed\u00e1lensk\u00fd st\u00f4l Galaxie 200cm z Manga \u00bb - r\u00fdchle dodanie, poradenstvo, n\u00e1bytok skladom v Bratislave s ikuchyne.sk - kuchyne na mieru.\",\"breadcrumb\":{\"@id\":\"https:\/\/www.ikuchyne.sk\/eshop\/produkt\/jedalensky-stol-galaxie-200cm-z-manga\/#breadcrumb\"},\"inLanguage\":\"sk-SK\",\"potentialAction\":[{\"@type\":\"ReadAction\",\"target\":[\"https:\/\/www.ikuchyne.sk\/eshop\/produkt\/jedalensky-stol-galaxie-200cm-z-manga\/\"]}]},{\"@type\":\"BreadcrumbList\",\"@id\":\"https:\/\/www.ikuchyne.sk\/eshop\/produkt\/jedalensky-stol-galaxie-200cm-z-manga\/#breadcrumb\",\"itemListElement\":[{\"@type\":\"ListItem\",\"position\":1,\"name\":\"Home\",\"item\":\"https:\/\/www.ikuchyne.sk\/eshop\/\"},{\"@type\":\"ListItem\",\"position\":2,\"name\":\"Obchod\",\"item\":\"https:\/\/www.ikuchyne.sk\/eshop\/obchod\/\"},{\"@type\":\"ListItem\",\"position\":3,\"name\":\"Jed\u00e1lensk\u00fd st\u00f4l Galaxie 200cm z Manga \u00bb\"}]},{\"@type\":\"WebSite\",\"@id\":\"https:\/\/www.ikuchyne.sk\/eshop\/#website\",\"url\":\"https:\/\/www.ikuchyne.sk\/eshop\/\",\"name\":\"iKuchyne iSHOP s n\u00e1bytkom\",\"description\":\"Jed\u00e1lensk\u00e9 stoly, stoli\u010dky, n\u00e1bytok, svietidl\u00e1...\",\"publisher\":{\"@id\":\"https:\/\/www.ikuchyne.sk\/eshop\/#organization\"},\"potentialAction\":[{\"@type\":\"SearchAction\",\"target\":{\"@type\":\"EntryPoint\",\"urlTemplate\":\"https:\/\/www.ikuchyne.sk\/eshop\/?s={search_term_string}\"},\"query-input\":\"required name=search_term_string\"}],\"inLanguage\":\"sk-SK\"},{\"@type\":\"Organization\",\"@id\":\"https:\/\/www.ikuchyne.sk\/eshop\/#organization\",\"name\":\"ikuchyne!\",\"url\":\"https:\/\/www.ikuchyne.sk\/eshop\/\",\"logo\":{\"@type\":\"ImageObject\",\"inLanguage\":\"sk-SK\",\"@id\":\"https:\/\/www.ikuchyne.sk\/eshop\/#\/schema\/logo\/image\/\",\"url\":\"https:\/\/www.ikuchyne.sk\/eshop\/wp-content\/uploads\/2017\/04\/ikuchyne-logo.jpg\",\"contentUrl\":\"https:\/\/www.ikuchyne.sk\/eshop\/wp-content\/uploads\/2017\/04\/ikuchyne-logo.jpg\",\"width\":200,\"height\":48,\"caption\":\"ikuchyne!\"},\"image\":{\"@id\":\"https:\/\/www.ikuchyne.sk\/eshop\/#\/schema\/logo\/image\/\"},\"sameAs\":[\"https:\/\/www.facebook.com\/ikuchyne\/\",\"https:\/\/www.instagram.com\/ikuchyne.sk\/\",\"https:\/\/sk.pinterest.com\/ikuchynesk\/\"]}]}<\/script>\n<!-- \/ Yoast SEO plugin. -->","yoast_head_json":{"title":"Jed\u00e1lensk\u00fd st\u00f4l Galaxie 200cm z Manga \u00bb &#187; iKuchyne iSHOP s n\u00e1bytkom","description":"Jed\u00e1lensk\u00fd st\u00f4l Galaxie 200cm z Manga \u00bb - r\u00fdchle dodanie, poradenstvo, n\u00e1bytok skladom v Bratislave s ikuchyne.sk - kuchyne na mieru.","robots":{"index":"index","follow":"follow","max-snippet":"max-snippet:-1","max-image-preview":"max-image-preview:large","max-video-preview":"max-video-preview:-1"},"canonical":"https:\/\/www.ikuchyne.sk\/eshop\/produkt\/jedalensky-stol-galaxie-200cm-z-manga\/","og_locale":"sk_SK","og_type":"article","og_title":"Jed\u00e1lensk\u00fd st\u00f4l Galaxie 200cm z Manga \u00bb &#187; iKuchyne iSHOP s n\u00e1bytkom","og_description":"Jed\u00e1lensk\u00fd st\u00f4l Galaxie 200cm z Manga \u00bb - r\u00fdchle dodanie, poradenstvo, n\u00e1bytok skladom v Bratislave s ikuchyne.sk - kuchyne na mieru.","og_url":"https:\/\/www.ikuchyne.sk\/eshop\/produkt\/jedalensky-stol-galaxie-200cm-z-manga\/","og_site_name":"iKuchyne iSHOP s n\u00e1bytkom","article_publisher":"https:\/\/www.facebook.com\/ikuchyne\/","article_modified_time":"2021-05-18T04:16:48+00:00","og_image":[{"width":800,"height":533,"url":"https:\/\/www.ikuchyne.sk\/eshop\/wp-content\/uploads\/2019\/09\/Jedalensky-stol-Galaxi-200cm-Mango-39444.jpg","type":"image\/jpeg"}],"twitter_card":"summary_large_image","twitter_misc":{"Predpokladan\u00fd \u010das \u010d\u00edtania":"2 min\u00faty"},"schema":{"@context":"https:\/\/schema.org","@graph":[{"@type":"WebPage","@id":"https:\/\/www.ikuchyne.sk\/eshop\/produkt\/jedalensky-stol-galaxie-200cm-z-manga\/","url":"https:\/\/www.ikuchyne.sk\/eshop\/produkt\/jedalensky-stol-galaxie-200cm-z-manga\/","name":"Jed\u00e1lensk\u00fd st\u00f4l Galaxie 200cm z Manga \u00bb &#187; iKuchyne iSHOP s n\u00e1bytkom","isPartOf":{"@id":"https:\/\/www.ikuchyne.sk\/eshop\/#website"},"datePublished":"2019-09-11T11:43:32+00:00","dateModified":"2021-05-18T04:16:48+00:00","description":"Jed\u00e1lensk\u00fd st\u00f4l Galaxie 200cm z Manga \u00bb - r\u00fdchle dodanie, poradenstvo, n\u00e1bytok skladom v Bratislave s ikuchyne.sk - kuchyne na mieru.","breadcrumb":{"@id":"https:\/\/www.ikuchyne.sk\/eshop\/produkt\/jedalensky-stol-galaxie-200cm-z-manga\/#breadcrumb"},"inLanguage":"sk-SK","potentialAction":[{"@type":"ReadAction","target":["https:\/\/www.ikuchyne.sk\/eshop\/produkt\/jedalensky-stol-galaxie-200cm-z-manga\/"]}]},{"@type":"BreadcrumbList","@id":"https:\/\/www.ikuchyne.sk\/eshop\/produkt\/jedalensky-stol-galaxie-200cm-z-manga\/#breadcrumb","itemListElement":[{"@type":"ListItem","position":1,"name":"Home","item":"https:\/\/www.ikuchyne.sk\/eshop\/"},{"@type":"ListItem","position":2,"name":"Obchod","item":"https:\/\/www.ikuchyne.sk\/eshop\/obchod\/"},{"@type":"ListItem","position":3,"name":"Jed\u00e1lensk\u00fd st\u00f4l Galaxie 200cm z Manga \u00bb"}]},{"@type":"WebSite","@id":"https:\/\/www.ikuchyne.sk\/eshop\/#website","url":"https:\/\/www.ikuchyne.sk\/eshop\/","name":"iKuchyne iSHOP s n\u00e1bytkom","description":"Jed\u00e1lensk\u00e9 stoly, stoli\u010dky, n\u00e1bytok, svietidl\u00e1...","publisher":{"@id":"https:\/\/www.ikuchyne.sk\/eshop\/#organization"},"potentialAction":[{"@type":"SearchAction","target":{"@type":"EntryPoint","urlTemplate":"https:\/\/www.ikuchyne.sk\/eshop\/?s={search_term_string}"},"query-input":"required name=search_term_string"}],"inLanguage":"sk-SK"},{"@type":"Organization","@id":"https:\/\/www.ikuchyne.sk\/eshop\/#organization","name":"ikuchyne!","url":"https:\/\/www.ikuchyne.sk\/eshop\/","logo":{"@type":"ImageObject","inLanguage":"sk-SK","@id":"https:\/\/www.ikuchyne.sk\/eshop\/#\/schema\/logo\/image\/","url":"https:\/\/www.ikuchyne.sk\/eshop\/wp-content\/uploads\/2017\/04\/ikuchyne-logo.jpg","contentUrl":"https:\/\/www.ikuchyne.sk\/eshop\/wp-content\/uploads\/2017\/04\/ikuchyne-logo.jpg","width":200,"height":48,"caption":"ikuchyne!"},"image":{"@id":"https:\/\/www.ikuchyne.sk\/eshop\/#\/schema\/logo\/image\/"},"sameAs":["https:\/\/www.facebook.com\/ikuchyne\/","https:\/\/www.instagram.com\/ikuchyne.sk\/","https:\/\/sk.pinterest.com\/ikuchynesk\/"]}]}},"_links":{"self":[{"href":"https:\/\/www.ikuchyne.sk\/eshop\/wp-json\/wp\/v2\/product\/114560"}],"collection":[{"href":"https:\/\/www.ikuchyne.sk\/eshop\/wp-json\/wp\/v2\/product"}],"about":[{"href":"https:\/\/www.ikuchyne.sk\/eshop\/wp-json\/wp\/v2\/types\/product"}],"replies":[{"embeddable":true,"href":"https:\/\/www.ikuchyne.sk\/eshop\/wp-json\/wp\/v2\/comments?post=114560"}],"wp:featuredmedia":[{"embeddable":true,"href":"https:\/\/www.ikuchyne.sk\/eshop\/wp-json\/wp\/v2\/media\/114561"}],"wp:attachment":[{"href":"https:\/\/www.ikuchyne.sk\/eshop\/wp-json\/wp\/v2\/media?parent=114560"}],"wp:term":[{"taxonomy":"product_cat","embeddable":true,"href":"https:\/\/www.ikuchyne.sk\/eshop\/wp-json\/wp\/v2\/product_cat?post=114560"},{"taxonomy":"product_tag","embeddable":true,"href":"https:\/\/www.ikuchyne.sk\/eshop\/wp-json\/wp\/v2\/product_tag?post=114560"}],"curies":[{"name":"wp","href":"https:\/\/api.w.org\/{rel}","templated":true}]}}