{"id":114869,"date":"2019-09-18T10:42:38","date_gmt":"2019-09-18T08:42:38","guid":{"rendered":"https:\/\/ikuchyne.sk\/eshop\/?post_type=product&#038;p=114869"},"modified":"2021-07-18T22:04:13","modified_gmt":"2021-07-18T20:04:13","slug":"tv-stolik-living-edge-160cm","status":"publish","type":"product","link":"https:\/\/www.ikuchyne.sk\/eshop\/produkt\/tv-stolik-living-edge-160cm\/","title":{"rendered":"TV Stol\u00edk Living Edge 160cm \u00bb"},"content":{"rendered":"<div class=\"electro-description\">\n<div class=\"electro-description\">\n<h1>TV Stol\u00edk Living Edge 160cm \u00bb<\/h1>\n<h4><strong>V\u0161eobecn\u00fd popis:<\/strong><\/h4>\n<p>Mas\u00edvny TV Stol\u00edk Living Edge 160cm vyroben\u00fd z vysoko kvalitn\u00e9ho dubov\u00e9ho dreva. Praskliny, z\u00e1rezy a uzly dod\u00e1vaj\u00fa drevu jeho prirodzen\u00e9 \u010daro. Dve z\u00e1suvky a dve priehradky pre va\u0161e hi-fi pr\u00edslu\u0161enstvo. Ob\u013e\u00faben\u00fd industri\u00e1lny \u0161t\u00fdl sa v\u010faka tomuto TV stol\u00edku prenesie priamo do va\u0161ej ob\u00fdva\u010dky!<\/p>\n<p>Jedine\u010dn\u00fd vzh\u013ead v kombin\u00e1cii s ve\u013ek\u00fdm \u00falo\u017en\u00fdm priestorom: s t\u00fdmto TV stol\u00edkom je to mo\u017en\u00e9. Pri spracovan\u00ed povrchu sa pripisoval ve\u013ek\u00fd v\u00fdznam originalite dreva. Charakteristick\u00e9 zrno, uzliny, farebn\u00e9 prechody, praskliny a drsn\u00e9 \u010dasti sa tu sp\u00e1jaj\u00fa a vytv\u00e1raj\u00fa p\u00f4sobiv\u00fd celkov\u00fd obraz, ktor\u00fd rob\u00ed z ka\u017ed\u00e9ho TV stol\u00edka LIVING EDGE osobit\u00fd jedine\u010dn\u00fd produkt.<\/p>\n<p>Nov\u00fd vzh\u013ead v\u00e1\u0161ho telev\u00edzneho k\u00fatika. TV stol\u00edk so svojim vzru\u0161uj\u00facim zrnom le\u017e\u00ed na \u0161tyroch roztiahnut\u00fdch kovov\u00fdch noh\u00e1ch. Spolu s dekorat\u00edvnou li\u0161tou v antracitovej farbe, ktor\u00e1 vizu\u00e1lne odde\u013euje predn\u00fa \u010das\u0165 z\u00e1suviek, dod\u00e1va stol\u00edku zauj\u00edmav\u00fd industri\u00e1lny vzh\u013ead. Okrem dvoch z\u00e1suviek m\u00e1 doska aj dve otvoren\u00e9 priehradky s praktick\u00fdmi k\u00e1blov\u00fdmi otvormi pre DVD prehr\u00e1va\u010de, prij\u00edma\u010de at\u010f. N\u00e1\u0161 tip: Kombinujte TV stol\u00edk so zodpovedaj\u00facim konferen\u010dn\u00fdm stol\u00edkom z rovnomennej s\u00e9rie!<\/p>\n<p><strong>Detaily produktu:<\/strong><\/p>\n<p>Preto\u017ee sa jedn\u00e1 o pr\u00edrodn\u00fd produkt, ka\u017ed\u00e1 k\u00f3pia je \u00faplne jedine\u010dn\u00e1. Nerovnosti, farebn\u00e9 prechody, charizmatick\u00e9 uzly, praskliny alebo dokonca rozmerov\u00e9 rozdiely s\u00fa mo\u017en\u00e9 a vytv\u00e1raj\u00fa originalitu a vytv\u00e1raj\u00fa \u010daro mas\u00edvneho dreva. \u017diadny z t\u00fdchto d\u00f4vodov nie je d\u00f4vodom na s\u0165a\u017enos\u0165. Vhodn\u00e9 bytov\u00e9 doplnky pre kombinovanie interi\u00e9ru s t\u00fdmto TV stol\u00edkom n\u00e1jdete na na\u0161om e-shope v sekcii Bytov\u00e9 doplnky. Kontaktujte n\u00e1s a my v\u00e1m radi pom\u00f4\u017eeme s v\u00fdberom vhodn\u00fdch dekor\u00e1ci\u00ed a n\u00e1bytku.<\/p>\n<p><strong>Podno\u017e stola:<\/strong><br \/>\nNohy TV stola s\u00fa vyroben\u00e9 v \u010diernom kove. Ich zauj\u00edmav\u00fd vzh\u013ead prehnut\u00fdch l\u00ed\u0161t pod\u010diarkuje industri\u00e1lny vzh\u013ead stol\u00edka.<\/p>\n<p><strong>\u010eal\u0161ie inform\u00e1cie:<\/strong><br \/>\nDivok\u00fd dub sa vyzna\u010duje obzvl\u00e1\u0161\u0165 v\u0161estrannou \u0161trukt\u00farou dreva. Av\u0161ak, pri ka\u017edom v\u00fdrobku je in\u00e1 a preto je ka\u017ed\u00e1 \u010fal\u0161ia k\u00f3pia TV stol\u00edka origin\u00e1l.<\/p>\n<p><b>Rozmery:<\/b><br \/>\n\u0160\u00edrka: 160cm<br \/>\nV\u00fd\u0161ka: 50cm<br \/>\nH\u013abka: 45cm<\/p>\n<p><b>Farba:<\/b> pr\u00edrodn\u00e1, \u010dierna<br \/>\n<b>Materi\u00e1l:<\/b> div\u00fd dub, kov<\/p>\n<p>Dodato\u010dn\u00e9 inform\u00e1cie:<\/p>\n<p>V pr\u00edpade z\u00e1ujmu o in\u00e9 reg\u00e1ly, skrine, TV stol\u00edky \u010di komody, nav\u0161t\u00edvte sekciu n\u00e1bytok na <a href=\"https:\/\/www.ikuchyne.sk\/eshop\/kategoria\/nabytok\/\">www.ikuchyne.sk\/eshop<\/a><br \/>\nV pr\u00edpade z\u00e1ujmu o n\u00e1bytok na mieru n\u00e1s kontaktuje na <a href=\"http:\/\/www.ikuchyne.sk\">www.ikuchyne.sk<\/a><\/p>\n<\/div>\n<\/div>\n","protected":false},"excerpt":{"rendered":"<p>TV Stol\u00edk Living Edge 160cm \u00bb V\u0161eobecn\u00fd popis: Mas\u00edvny TV Stol\u00edk Living Edge 160cm vyroben\u00fd z vysoko kvalitn\u00e9ho dubov\u00e9ho dreva. Praskliny, z\u00e1rezy a uzly dod\u00e1vaj\u00fa drevu jeho prirodzen\u00e9 \u010daro. Dve<\/p>\n","protected":false},"featured_media":114870,"comment_status":"closed","ping_status":"closed","template":"","meta":[],"product_cat":[834,591,842,293,304,837,286,772,287],"product_tag":[198],"yoast_head":"<!-- This site is optimized with the Yoast SEO plugin v22.1 - https:\/\/yoast.com\/wordpress\/plugins\/seo\/ -->\n<title>TV Stol\u00edk Living Edge 160cm \u00bb &#187; iKuchyne iSHOP s n\u00e1bytkom<\/title>\n<meta name=\"description\" content=\"TV Stol\u00edk Living Edge 160cm \u00bb - r\u00fdchle dodanie, poradenstvo, n\u00e1bytok skladom v Bratislave s ikuchyne.sk - kuchyne na mieru.\" \/>\n<meta name=\"robots\" content=\"index, follow, max-snippet:-1, max-image-preview:large, max-video-preview:-1\" \/>\n<link rel=\"canonical\" href=\"https:\/\/www.ikuchyne.sk\/eshop\/produkt\/tv-stolik-living-edge-160cm\/\" \/>\n<meta property=\"og:locale\" content=\"sk_SK\" \/>\n<meta property=\"og:type\" content=\"article\" \/>\n<meta property=\"og:title\" content=\"TV Stol\u00edk Living Edge 160cm \u00bb &#187; iKuchyne iSHOP s n\u00e1bytkom\" \/>\n<meta property=\"og:description\" content=\"TV Stol\u00edk Living Edge 160cm \u00bb - r\u00fdchle dodanie, poradenstvo, n\u00e1bytok skladom v Bratislave s ikuchyne.sk - kuchyne na mieru.\" \/>\n<meta property=\"og:url\" content=\"https:\/\/www.ikuchyne.sk\/eshop\/produkt\/tv-stolik-living-edge-160cm\/\" \/>\n<meta property=\"og:site_name\" content=\"iKuchyne iSHOP s n\u00e1bytkom\" \/>\n<meta property=\"article:publisher\" content=\"https:\/\/www.facebook.com\/ikuchyne\/\" \/>\n<meta property=\"article:modified_time\" content=\"2021-07-18T20:04:13+00:00\" \/>\n<meta property=\"og:image\" content=\"https:\/\/www.ikuchyne.sk\/eshop\/wp-content\/uploads\/2019\/09\/TV-stolik-Living-Edge-160cm-divy-dub-39434.jpg\" \/>\n\t<meta property=\"og:image:width\" content=\"800\" \/>\n\t<meta property=\"og:image:height\" content=\"533\" \/>\n\t<meta property=\"og:image:type\" content=\"image\/jpeg\" \/>\n<meta name=\"twitter:card\" content=\"summary_large_image\" \/>\n<meta name=\"twitter:label1\" content=\"Predpokladan\u00fd \u010das \u010d\u00edtania\" \/>\n\t<meta name=\"twitter:data1\" content=\"2 min\u00faty\" \/>\n<script type=\"application\/ld+json\" class=\"yoast-schema-graph\">{\"@context\":\"https:\/\/schema.org\",\"@graph\":[{\"@type\":\"WebPage\",\"@id\":\"https:\/\/www.ikuchyne.sk\/eshop\/produkt\/tv-stolik-living-edge-160cm\/\",\"url\":\"https:\/\/www.ikuchyne.sk\/eshop\/produkt\/tv-stolik-living-edge-160cm\/\",\"name\":\"TV Stol\u00edk Living Edge 160cm \u00bb &#187; iKuchyne iSHOP s n\u00e1bytkom\",\"isPartOf\":{\"@id\":\"https:\/\/www.ikuchyne.sk\/eshop\/#website\"},\"datePublished\":\"2019-09-18T08:42:38+00:00\",\"dateModified\":\"2021-07-18T20:04:13+00:00\",\"description\":\"TV Stol\u00edk Living Edge 160cm \u00bb - r\u00fdchle dodanie, poradenstvo, n\u00e1bytok skladom v Bratislave s ikuchyne.sk - kuchyne na mieru.\",\"breadcrumb\":{\"@id\":\"https:\/\/www.ikuchyne.sk\/eshop\/produkt\/tv-stolik-living-edge-160cm\/#breadcrumb\"},\"inLanguage\":\"sk-SK\",\"potentialAction\":[{\"@type\":\"ReadAction\",\"target\":[\"https:\/\/www.ikuchyne.sk\/eshop\/produkt\/tv-stolik-living-edge-160cm\/\"]}]},{\"@type\":\"BreadcrumbList\",\"@id\":\"https:\/\/www.ikuchyne.sk\/eshop\/produkt\/tv-stolik-living-edge-160cm\/#breadcrumb\",\"itemListElement\":[{\"@type\":\"ListItem\",\"position\":1,\"name\":\"Home\",\"item\":\"https:\/\/www.ikuchyne.sk\/eshop\/\"},{\"@type\":\"ListItem\",\"position\":2,\"name\":\"Obchod\",\"item\":\"https:\/\/www.ikuchyne.sk\/eshop\/obchod\/\"},{\"@type\":\"ListItem\",\"position\":3,\"name\":\"TV Stol\u00edk Living Edge 160cm \u00bb\"}]},{\"@type\":\"WebSite\",\"@id\":\"https:\/\/www.ikuchyne.sk\/eshop\/#website\",\"url\":\"https:\/\/www.ikuchyne.sk\/eshop\/\",\"name\":\"iKuchyne iSHOP s n\u00e1bytkom\",\"description\":\"Jed\u00e1lensk\u00e9 stoly, stoli\u010dky, n\u00e1bytok, svietidl\u00e1...\",\"publisher\":{\"@id\":\"https:\/\/www.ikuchyne.sk\/eshop\/#organization\"},\"potentialAction\":[{\"@type\":\"SearchAction\",\"target\":{\"@type\":\"EntryPoint\",\"urlTemplate\":\"https:\/\/www.ikuchyne.sk\/eshop\/?s={search_term_string}\"},\"query-input\":\"required name=search_term_string\"}],\"inLanguage\":\"sk-SK\"},{\"@type\":\"Organization\",\"@id\":\"https:\/\/www.ikuchyne.sk\/eshop\/#organization\",\"name\":\"ikuchyne!\",\"url\":\"https:\/\/www.ikuchyne.sk\/eshop\/\",\"logo\":{\"@type\":\"ImageObject\",\"inLanguage\":\"sk-SK\",\"@id\":\"https:\/\/www.ikuchyne.sk\/eshop\/#\/schema\/logo\/image\/\",\"url\":\"https:\/\/www.ikuchyne.sk\/eshop\/wp-content\/uploads\/2017\/04\/ikuchyne-logo.jpg\",\"contentUrl\":\"https:\/\/www.ikuchyne.sk\/eshop\/wp-content\/uploads\/2017\/04\/ikuchyne-logo.jpg\",\"width\":200,\"height\":48,\"caption\":\"ikuchyne!\"},\"image\":{\"@id\":\"https:\/\/www.ikuchyne.sk\/eshop\/#\/schema\/logo\/image\/\"},\"sameAs\":[\"https:\/\/www.facebook.com\/ikuchyne\/\",\"https:\/\/www.instagram.com\/ikuchyne.sk\/\",\"https:\/\/sk.pinterest.com\/ikuchynesk\/\"]}]}<\/script>\n<!-- \/ Yoast SEO plugin. -->","yoast_head_json":{"title":"TV Stol\u00edk Living Edge 160cm \u00bb &#187; iKuchyne iSHOP s n\u00e1bytkom","description":"TV Stol\u00edk Living Edge 160cm \u00bb - r\u00fdchle dodanie, poradenstvo, n\u00e1bytok skladom v Bratislave s ikuchyne.sk - kuchyne na mieru.","robots":{"index":"index","follow":"follow","max-snippet":"max-snippet:-1","max-image-preview":"max-image-preview:large","max-video-preview":"max-video-preview:-1"},"canonical":"https:\/\/www.ikuchyne.sk\/eshop\/produkt\/tv-stolik-living-edge-160cm\/","og_locale":"sk_SK","og_type":"article","og_title":"TV Stol\u00edk Living Edge 160cm \u00bb &#187; iKuchyne iSHOP s n\u00e1bytkom","og_description":"TV Stol\u00edk Living Edge 160cm \u00bb - r\u00fdchle dodanie, poradenstvo, n\u00e1bytok skladom v Bratislave s ikuchyne.sk - kuchyne na mieru.","og_url":"https:\/\/www.ikuchyne.sk\/eshop\/produkt\/tv-stolik-living-edge-160cm\/","og_site_name":"iKuchyne iSHOP s n\u00e1bytkom","article_publisher":"https:\/\/www.facebook.com\/ikuchyne\/","article_modified_time":"2021-07-18T20:04:13+00:00","og_image":[{"width":800,"height":533,"url":"https:\/\/www.ikuchyne.sk\/eshop\/wp-content\/uploads\/2019\/09\/TV-stolik-Living-Edge-160cm-divy-dub-39434.jpg","type":"image\/jpeg"}],"twitter_card":"summary_large_image","twitter_misc":{"Predpokladan\u00fd \u010das \u010d\u00edtania":"2 min\u00faty"},"schema":{"@context":"https:\/\/schema.org","@graph":[{"@type":"WebPage","@id":"https:\/\/www.ikuchyne.sk\/eshop\/produkt\/tv-stolik-living-edge-160cm\/","url":"https:\/\/www.ikuchyne.sk\/eshop\/produkt\/tv-stolik-living-edge-160cm\/","name":"TV Stol\u00edk Living Edge 160cm \u00bb &#187; iKuchyne iSHOP s n\u00e1bytkom","isPartOf":{"@id":"https:\/\/www.ikuchyne.sk\/eshop\/#website"},"datePublished":"2019-09-18T08:42:38+00:00","dateModified":"2021-07-18T20:04:13+00:00","description":"TV Stol\u00edk Living Edge 160cm \u00bb - r\u00fdchle dodanie, poradenstvo, n\u00e1bytok skladom v Bratislave s ikuchyne.sk - kuchyne na mieru.","breadcrumb":{"@id":"https:\/\/www.ikuchyne.sk\/eshop\/produkt\/tv-stolik-living-edge-160cm\/#breadcrumb"},"inLanguage":"sk-SK","potentialAction":[{"@type":"ReadAction","target":["https:\/\/www.ikuchyne.sk\/eshop\/produkt\/tv-stolik-living-edge-160cm\/"]}]},{"@type":"BreadcrumbList","@id":"https:\/\/www.ikuchyne.sk\/eshop\/produkt\/tv-stolik-living-edge-160cm\/#breadcrumb","itemListElement":[{"@type":"ListItem","position":1,"name":"Home","item":"https:\/\/www.ikuchyne.sk\/eshop\/"},{"@type":"ListItem","position":2,"name":"Obchod","item":"https:\/\/www.ikuchyne.sk\/eshop\/obchod\/"},{"@type":"ListItem","position":3,"name":"TV Stol\u00edk Living Edge 160cm \u00bb"}]},{"@type":"WebSite","@id":"https:\/\/www.ikuchyne.sk\/eshop\/#website","url":"https:\/\/www.ikuchyne.sk\/eshop\/","name":"iKuchyne iSHOP s n\u00e1bytkom","description":"Jed\u00e1lensk\u00e9 stoly, stoli\u010dky, n\u00e1bytok, svietidl\u00e1...","publisher":{"@id":"https:\/\/www.ikuchyne.sk\/eshop\/#organization"},"potentialAction":[{"@type":"SearchAction","target":{"@type":"EntryPoint","urlTemplate":"https:\/\/www.ikuchyne.sk\/eshop\/?s={search_term_string}"},"query-input":"required name=search_term_string"}],"inLanguage":"sk-SK"},{"@type":"Organization","@id":"https:\/\/www.ikuchyne.sk\/eshop\/#organization","name":"ikuchyne!","url":"https:\/\/www.ikuchyne.sk\/eshop\/","logo":{"@type":"ImageObject","inLanguage":"sk-SK","@id":"https:\/\/www.ikuchyne.sk\/eshop\/#\/schema\/logo\/image\/","url":"https:\/\/www.ikuchyne.sk\/eshop\/wp-content\/uploads\/2017\/04\/ikuchyne-logo.jpg","contentUrl":"https:\/\/www.ikuchyne.sk\/eshop\/wp-content\/uploads\/2017\/04\/ikuchyne-logo.jpg","width":200,"height":48,"caption":"ikuchyne!"},"image":{"@id":"https:\/\/www.ikuchyne.sk\/eshop\/#\/schema\/logo\/image\/"},"sameAs":["https:\/\/www.facebook.com\/ikuchyne\/","https:\/\/www.instagram.com\/ikuchyne.sk\/","https:\/\/sk.pinterest.com\/ikuchynesk\/"]}]}},"_links":{"self":[{"href":"https:\/\/www.ikuchyne.sk\/eshop\/wp-json\/wp\/v2\/product\/114869"}],"collection":[{"href":"https:\/\/www.ikuchyne.sk\/eshop\/wp-json\/wp\/v2\/product"}],"about":[{"href":"https:\/\/www.ikuchyne.sk\/eshop\/wp-json\/wp\/v2\/types\/product"}],"replies":[{"embeddable":true,"href":"https:\/\/www.ikuchyne.sk\/eshop\/wp-json\/wp\/v2\/comments?post=114869"}],"wp:featuredmedia":[{"embeddable":true,"href":"https:\/\/www.ikuchyne.sk\/eshop\/wp-json\/wp\/v2\/media\/114870"}],"wp:attachment":[{"href":"https:\/\/www.ikuchyne.sk\/eshop\/wp-json\/wp\/v2\/media?parent=114869"}],"wp:term":[{"taxonomy":"product_cat","embeddable":true,"href":"https:\/\/www.ikuchyne.sk\/eshop\/wp-json\/wp\/v2\/product_cat?post=114869"},{"taxonomy":"product_tag","embeddable":true,"href":"https:\/\/www.ikuchyne.sk\/eshop\/wp-json\/wp\/v2\/product_tag?post=114869"}],"curies":[{"name":"wp","href":"https:\/\/api.w.org\/{rel}","templated":true}]}}