{"id":114973,"date":"2019-09-18T11:51:21","date_gmt":"2019-09-18T09:51:21","guid":{"rendered":"https:\/\/ikuchyne.sk\/eshop\/?post_type=product&#038;p=114973"},"modified":"2021-06-18T04:27:02","modified_gmt":"2021-06-18T02:27:02","slug":"jedalensky-stol-living-edge-200cm","status":"publish","type":"product","link":"https:\/\/www.ikuchyne.sk\/eshop\/produkt\/jedalensky-stol-living-edge-200cm\/","title":{"rendered":"Jed\u00e1lensk\u00fd st\u00f4l Living Edge 200cm \u00bb"},"content":{"rendered":"<h1>Jed\u00e1lensk\u00fd st\u00f4l Living Edge 200cm \u00bb<\/h1>\n<h4><strong>V\u0161eobecn\u00fd popis:<\/strong><\/h4>\n<p>Ve\u013ek\u00fd dizajnov\u00fd jed\u00e1lensk\u00fd st\u00f4l Living Edge 200cm s mas\u00edvnou dubovou doskou. Praskliny, z\u00e1rezy a uzly dod\u00e1vaj\u00fa drevu jeho prirodzen\u00e9 \u010daro. Harmonick\u00e9 zlo\u017eenie pr\u00edrodn\u00e9ho dreva a pevn\u00fdch kovov\u00fdch be\u017ecov. Za\u017eite, ako impozantn\u00fd jed\u00e1lensk\u00fd st\u00f4l obohat\u00ed va\u0161u jed\u00e1le\u0148!<\/p>\n<p>S t\u00fdmto jed\u00e1lensk\u00fdm stolom sa jedine\u010dn\u00fd k\u00fasok presunie do v\u00e1\u0161ho domova. M\u00e1te radi integr\u00e1ciu nefal\u0161ovanej prirodzenosti do v\u00e1\u0161ho interi\u00e9ru? Potom je n\u00e1\u0161 pevn\u00fd jed\u00e1lensk\u00fd st\u00f4l to prav\u00e9 pre v\u00e1s! Pri spracovan\u00ed stolovej dosky sa pripisoval ve\u013ek\u00fd v\u00fdznam originalite dreva. Charakteristick\u00e9 zrno, uzly, praskliny, farebn\u00e9 prechody a drsn\u00e9 \u010dasti sa tu sp\u00e1jaj\u00fa a vytv\u00e1raj\u00fa p\u00f4sobiv\u00fd celkov\u00fd obraz, ktor\u00fd rob\u00ed z ka\u017ed\u00e9ho jed\u00e1lensk\u00e9ho stola osobit\u00fd jedine\u010dn\u00fd v\u00fdrobok. Napriek povrchu so v\u0161etk\u00fdmi vlastnos\u0165ami pr\u00edrodn\u00e9ho dreva je panel samozrejme pre ka\u017edodenn\u00e9 pou\u017eitie starostlivo opracovan\u00fd a utesnen\u00fd.<\/p>\n<p>Dajte svojej jed\u00e1lni \u00faplne nov\u00fd \u0161mrnc. Vzru\u0161uj\u00faco zrnit\u00e1 doska stola spo\u010d\u00edva na dvoch pevn\u00fdch oce\u013eov\u00fdch be\u017ecoch v nad\u010dasovom antracitovom preveden\u00ed. Tvoria \u00faspe\u0161n\u00fd kontrast s dubov\u00fdm drevom a zaru\u010duj\u00fa pevn\u00e9 st\u00e1tie na akomko\u013evek povrchu. V\u010faka svojmu nad\u010dasov\u00e9mu a jednoduch\u00e9mu dizajnu m\u00f4\u017eete st\u00f4l kombinova\u0165 r\u00f4znymi sp\u00f4sobmi s r\u00f4znymi stoli\u010dkami, lampami alebo pr\u00edborn\u00edkmi pod\u013ea v\u00e1\u0161ho vkusu &#8211; jednoducho vysk\u00fa\u0161ajte!<\/p>\n<h4><strong>Detaily produktu:<\/strong><\/h4>\n<p>Preto\u017ee sa jedn\u00e1 o pr\u00edrodn\u00fd produkt, ka\u017ed\u00e1 tabu\u013eka je absol\u00fatne jedine\u010dn\u00e1. Nerovnosti, charizmatick\u00e9 uzly, praskliny alebo dokonca rozmerov\u00e9 rozdiely s\u00fa mo\u017en\u00e9 a vytv\u00e1raj\u00fa originalitu a vytv\u00e1raj\u00fa \u010daro mas\u00edvneho dreva. Existuj\u00face trhliny s\u00fa po\u010das procesu v\u00fdroby spojen\u00e9 a stabilizovan\u00e9 spojovac\u00edmi kusmi z rovnak\u00e9ho dreva. Preto m\u00f4\u017eu existova\u0165 farebn\u00e9 odch\u00fdlky. \u017diadny z t\u00fdchto d\u00f4vodov nie je d\u00f4vodom na s\u0165a\u017enos\u0165. Vhodn\u00e9 bytov\u00e9 doplnky pre kombinovanie interi\u00e9ru s t\u00fdmto jed\u00e1lensk\u00fdm stolom n\u00e1jdete na na\u0161om e-shope v sekcii Bytov\u00e9 doplnky. Kontaktujte n\u00e1s a my v\u00e1m radi pom\u00f4\u017eeme s v\u00fdberom vhodn\u00fdch dekor\u00e1ci\u00ed.<\/p>\n<p><b>Rozmery<\/b>: 160cm x 76cm x 90cm<br \/>\nNohy stola: 8cm x 4cm<br \/>\nHr\u00fabka dosky stola: 35mm<\/p>\n<p><b>Farba:<\/b> pr\u00edrodn\u00e1<br \/>\n<b>Materi\u00e1l:<\/b>\u00a0div\u00fd dub, kov<\/p>\n<div class=\"electro-description\">\n<div class=\"electro-description\">\n<p>Produkt je ru\u010dne vyroben\u00fd \u2013 rany, farebn\u00e9 gradienty, pr\u00edpadn\u00e9 rozdiely rozmerov s\u00fa preto be\u017en\u00fd jav. Nejde o v\u00fdrobn\u00fa chybu.<\/p>\n<\/div>\n<\/div>\n<p>Dodato\u010dn\u00e9 inform\u00e1cie:<\/p>\n<p>V pr\u00edpade z\u00e1ujmu o in\u00e9 jed\u00e1lensk\u00e9 stoly, nav\u0161t\u00edvte sekciu jed\u00e1lensk\u00e9 stoly na <a href=\"https:\/\/www.ikuchyne.sk\/eshop\/kategoria\/jedalenske-stoly\/\">www.ikuchyne.sk\/eshop<\/a><br \/>\nV pr\u00edpade z\u00e1ujmu o n\u00e1bytok na mieru n\u00e1s kontaktuje na <a href=\"http:\/\/www.ikuchyne.sk\">www.ikuchyne.sk<\/a><\/p>\n","protected":false},"excerpt":{"rendered":"<p>Jed\u00e1lensk\u00fd st\u00f4l Living Edge 200cm \u00bb V\u0161eobecn\u00fd popis: Ve\u013ek\u00fd dizajnov\u00fd jed\u00e1lensk\u00fd st\u00f4l Living Edge 200cm s mas\u00edvnou dubovou doskou. Praskliny, z\u00e1rezy a uzly dod\u00e1vaj\u00fa drevu jeho prirodzen\u00e9 \u010daro. Harmonick\u00e9 zlo\u017eenie<\/p>\n","protected":false},"featured_media":114974,"comment_status":"closed","ping_status":"closed","template":"","meta":[],"product_cat":[772,287,591,298,855,847],"product_tag":[187,198],"yoast_head":"<!-- This site is optimized with the Yoast SEO plugin v22.1 - https:\/\/yoast.com\/wordpress\/plugins\/seo\/ -->\n<title>Jed\u00e1lensk\u00fd st\u00f4l Living Edge 200cm \u00bb &#187; iKuchyne iSHOP s n\u00e1bytkom<\/title>\n<meta name=\"description\" content=\"Jed\u00e1lensk\u00fd st\u00f4l Living Edge 200cm \u00bb - r\u00fdchle dodanie, poradenstvo, n\u00e1bytok skladom v Bratislave s ikuchyne.sk - kuchyne na mieru.\" \/>\n<meta name=\"robots\" content=\"index, follow, max-snippet:-1, max-image-preview:large, max-video-preview:-1\" \/>\n<link rel=\"canonical\" href=\"https:\/\/www.ikuchyne.sk\/eshop\/produkt\/jedalensky-stol-living-edge-200cm\/\" \/>\n<meta property=\"og:locale\" content=\"sk_SK\" \/>\n<meta property=\"og:type\" content=\"article\" \/>\n<meta property=\"og:title\" content=\"Jed\u00e1lensk\u00fd st\u00f4l Living Edge 200cm \u00bb &#187; iKuchyne iSHOP s n\u00e1bytkom\" \/>\n<meta property=\"og:description\" content=\"Jed\u00e1lensk\u00fd st\u00f4l Living Edge 200cm \u00bb - r\u00fdchle dodanie, poradenstvo, n\u00e1bytok skladom v Bratislave s ikuchyne.sk - kuchyne na mieru.\" \/>\n<meta property=\"og:url\" content=\"https:\/\/www.ikuchyne.sk\/eshop\/produkt\/jedalensky-stol-living-edge-200cm\/\" \/>\n<meta property=\"og:site_name\" content=\"iKuchyne iSHOP s n\u00e1bytkom\" \/>\n<meta property=\"article:publisher\" content=\"https:\/\/www.facebook.com\/ikuchyne\/\" \/>\n<meta property=\"article:modified_time\" content=\"2021-06-18T02:27:02+00:00\" \/>\n<meta property=\"og:image\" content=\"https:\/\/www.ikuchyne.sk\/eshop\/wp-content\/uploads\/2019\/09\/Jedalensky-stol-Living-Edge-200cm-divy-dub-35mm-39437.jpg\" \/>\n\t<meta property=\"og:image:width\" content=\"800\" \/>\n\t<meta property=\"og:image:height\" content=\"533\" \/>\n\t<meta property=\"og:image:type\" content=\"image\/jpeg\" \/>\n<meta name=\"twitter:card\" content=\"summary_large_image\" \/>\n<meta name=\"twitter:label1\" content=\"Predpokladan\u00fd \u010das \u010d\u00edtania\" \/>\n\t<meta name=\"twitter:data1\" content=\"2 min\u00faty\" \/>\n<script type=\"application\/ld+json\" class=\"yoast-schema-graph\">{\"@context\":\"https:\/\/schema.org\",\"@graph\":[{\"@type\":\"WebPage\",\"@id\":\"https:\/\/www.ikuchyne.sk\/eshop\/produkt\/jedalensky-stol-living-edge-200cm\/\",\"url\":\"https:\/\/www.ikuchyne.sk\/eshop\/produkt\/jedalensky-stol-living-edge-200cm\/\",\"name\":\"Jed\u00e1lensk\u00fd st\u00f4l Living Edge 200cm \u00bb &#187; iKuchyne iSHOP s n\u00e1bytkom\",\"isPartOf\":{\"@id\":\"https:\/\/www.ikuchyne.sk\/eshop\/#website\"},\"datePublished\":\"2019-09-18T09:51:21+00:00\",\"dateModified\":\"2021-06-18T02:27:02+00:00\",\"description\":\"Jed\u00e1lensk\u00fd st\u00f4l Living Edge 200cm \u00bb - r\u00fdchle dodanie, poradenstvo, n\u00e1bytok skladom v Bratislave s ikuchyne.sk - kuchyne na mieru.\",\"breadcrumb\":{\"@id\":\"https:\/\/www.ikuchyne.sk\/eshop\/produkt\/jedalensky-stol-living-edge-200cm\/#breadcrumb\"},\"inLanguage\":\"sk-SK\",\"potentialAction\":[{\"@type\":\"ReadAction\",\"target\":[\"https:\/\/www.ikuchyne.sk\/eshop\/produkt\/jedalensky-stol-living-edge-200cm\/\"]}]},{\"@type\":\"BreadcrumbList\",\"@id\":\"https:\/\/www.ikuchyne.sk\/eshop\/produkt\/jedalensky-stol-living-edge-200cm\/#breadcrumb\",\"itemListElement\":[{\"@type\":\"ListItem\",\"position\":1,\"name\":\"Home\",\"item\":\"https:\/\/www.ikuchyne.sk\/eshop\/\"},{\"@type\":\"ListItem\",\"position\":2,\"name\":\"Obchod\",\"item\":\"https:\/\/www.ikuchyne.sk\/eshop\/obchod\/\"},{\"@type\":\"ListItem\",\"position\":3,\"name\":\"Jed\u00e1lensk\u00fd st\u00f4l Living Edge 200cm \u00bb\"}]},{\"@type\":\"WebSite\",\"@id\":\"https:\/\/www.ikuchyne.sk\/eshop\/#website\",\"url\":\"https:\/\/www.ikuchyne.sk\/eshop\/\",\"name\":\"iKuchyne iSHOP s n\u00e1bytkom\",\"description\":\"Jed\u00e1lensk\u00e9 stoly, stoli\u010dky, n\u00e1bytok, svietidl\u00e1...\",\"publisher\":{\"@id\":\"https:\/\/www.ikuchyne.sk\/eshop\/#organization\"},\"potentialAction\":[{\"@type\":\"SearchAction\",\"target\":{\"@type\":\"EntryPoint\",\"urlTemplate\":\"https:\/\/www.ikuchyne.sk\/eshop\/?s={search_term_string}\"},\"query-input\":\"required name=search_term_string\"}],\"inLanguage\":\"sk-SK\"},{\"@type\":\"Organization\",\"@id\":\"https:\/\/www.ikuchyne.sk\/eshop\/#organization\",\"name\":\"ikuchyne!\",\"url\":\"https:\/\/www.ikuchyne.sk\/eshop\/\",\"logo\":{\"@type\":\"ImageObject\",\"inLanguage\":\"sk-SK\",\"@id\":\"https:\/\/www.ikuchyne.sk\/eshop\/#\/schema\/logo\/image\/\",\"url\":\"https:\/\/www.ikuchyne.sk\/eshop\/wp-content\/uploads\/2017\/04\/ikuchyne-logo.jpg\",\"contentUrl\":\"https:\/\/www.ikuchyne.sk\/eshop\/wp-content\/uploads\/2017\/04\/ikuchyne-logo.jpg\",\"width\":200,\"height\":48,\"caption\":\"ikuchyne!\"},\"image\":{\"@id\":\"https:\/\/www.ikuchyne.sk\/eshop\/#\/schema\/logo\/image\/\"},\"sameAs\":[\"https:\/\/www.facebook.com\/ikuchyne\/\",\"https:\/\/www.instagram.com\/ikuchyne.sk\/\",\"https:\/\/sk.pinterest.com\/ikuchynesk\/\"]}]}<\/script>\n<!-- \/ Yoast SEO plugin. -->","yoast_head_json":{"title":"Jed\u00e1lensk\u00fd st\u00f4l Living Edge 200cm \u00bb &#187; iKuchyne iSHOP s n\u00e1bytkom","description":"Jed\u00e1lensk\u00fd st\u00f4l Living Edge 200cm \u00bb - r\u00fdchle dodanie, poradenstvo, n\u00e1bytok skladom v Bratislave s ikuchyne.sk - kuchyne na mieru.","robots":{"index":"index","follow":"follow","max-snippet":"max-snippet:-1","max-image-preview":"max-image-preview:large","max-video-preview":"max-video-preview:-1"},"canonical":"https:\/\/www.ikuchyne.sk\/eshop\/produkt\/jedalensky-stol-living-edge-200cm\/","og_locale":"sk_SK","og_type":"article","og_title":"Jed\u00e1lensk\u00fd st\u00f4l Living Edge 200cm \u00bb &#187; iKuchyne iSHOP s n\u00e1bytkom","og_description":"Jed\u00e1lensk\u00fd st\u00f4l Living Edge 200cm \u00bb - r\u00fdchle dodanie, poradenstvo, n\u00e1bytok skladom v Bratislave s ikuchyne.sk - kuchyne na mieru.","og_url":"https:\/\/www.ikuchyne.sk\/eshop\/produkt\/jedalensky-stol-living-edge-200cm\/","og_site_name":"iKuchyne iSHOP s n\u00e1bytkom","article_publisher":"https:\/\/www.facebook.com\/ikuchyne\/","article_modified_time":"2021-06-18T02:27:02+00:00","og_image":[{"width":800,"height":533,"url":"https:\/\/www.ikuchyne.sk\/eshop\/wp-content\/uploads\/2019\/09\/Jedalensky-stol-Living-Edge-200cm-divy-dub-35mm-39437.jpg","type":"image\/jpeg"}],"twitter_card":"summary_large_image","twitter_misc":{"Predpokladan\u00fd \u010das \u010d\u00edtania":"2 min\u00faty"},"schema":{"@context":"https:\/\/schema.org","@graph":[{"@type":"WebPage","@id":"https:\/\/www.ikuchyne.sk\/eshop\/produkt\/jedalensky-stol-living-edge-200cm\/","url":"https:\/\/www.ikuchyne.sk\/eshop\/produkt\/jedalensky-stol-living-edge-200cm\/","name":"Jed\u00e1lensk\u00fd st\u00f4l Living Edge 200cm \u00bb &#187; iKuchyne iSHOP s n\u00e1bytkom","isPartOf":{"@id":"https:\/\/www.ikuchyne.sk\/eshop\/#website"},"datePublished":"2019-09-18T09:51:21+00:00","dateModified":"2021-06-18T02:27:02+00:00","description":"Jed\u00e1lensk\u00fd st\u00f4l Living Edge 200cm \u00bb - r\u00fdchle dodanie, poradenstvo, n\u00e1bytok skladom v Bratislave s ikuchyne.sk - kuchyne na mieru.","breadcrumb":{"@id":"https:\/\/www.ikuchyne.sk\/eshop\/produkt\/jedalensky-stol-living-edge-200cm\/#breadcrumb"},"inLanguage":"sk-SK","potentialAction":[{"@type":"ReadAction","target":["https:\/\/www.ikuchyne.sk\/eshop\/produkt\/jedalensky-stol-living-edge-200cm\/"]}]},{"@type":"BreadcrumbList","@id":"https:\/\/www.ikuchyne.sk\/eshop\/produkt\/jedalensky-stol-living-edge-200cm\/#breadcrumb","itemListElement":[{"@type":"ListItem","position":1,"name":"Home","item":"https:\/\/www.ikuchyne.sk\/eshop\/"},{"@type":"ListItem","position":2,"name":"Obchod","item":"https:\/\/www.ikuchyne.sk\/eshop\/obchod\/"},{"@type":"ListItem","position":3,"name":"Jed\u00e1lensk\u00fd st\u00f4l Living Edge 200cm \u00bb"}]},{"@type":"WebSite","@id":"https:\/\/www.ikuchyne.sk\/eshop\/#website","url":"https:\/\/www.ikuchyne.sk\/eshop\/","name":"iKuchyne iSHOP s n\u00e1bytkom","description":"Jed\u00e1lensk\u00e9 stoly, stoli\u010dky, n\u00e1bytok, svietidl\u00e1...","publisher":{"@id":"https:\/\/www.ikuchyne.sk\/eshop\/#organization"},"potentialAction":[{"@type":"SearchAction","target":{"@type":"EntryPoint","urlTemplate":"https:\/\/www.ikuchyne.sk\/eshop\/?s={search_term_string}"},"query-input":"required name=search_term_string"}],"inLanguage":"sk-SK"},{"@type":"Organization","@id":"https:\/\/www.ikuchyne.sk\/eshop\/#organization","name":"ikuchyne!","url":"https:\/\/www.ikuchyne.sk\/eshop\/","logo":{"@type":"ImageObject","inLanguage":"sk-SK","@id":"https:\/\/www.ikuchyne.sk\/eshop\/#\/schema\/logo\/image\/","url":"https:\/\/www.ikuchyne.sk\/eshop\/wp-content\/uploads\/2017\/04\/ikuchyne-logo.jpg","contentUrl":"https:\/\/www.ikuchyne.sk\/eshop\/wp-content\/uploads\/2017\/04\/ikuchyne-logo.jpg","width":200,"height":48,"caption":"ikuchyne!"},"image":{"@id":"https:\/\/www.ikuchyne.sk\/eshop\/#\/schema\/logo\/image\/"},"sameAs":["https:\/\/www.facebook.com\/ikuchyne\/","https:\/\/www.instagram.com\/ikuchyne.sk\/","https:\/\/sk.pinterest.com\/ikuchynesk\/"]}]}},"_links":{"self":[{"href":"https:\/\/www.ikuchyne.sk\/eshop\/wp-json\/wp\/v2\/product\/114973"}],"collection":[{"href":"https:\/\/www.ikuchyne.sk\/eshop\/wp-json\/wp\/v2\/product"}],"about":[{"href":"https:\/\/www.ikuchyne.sk\/eshop\/wp-json\/wp\/v2\/types\/product"}],"replies":[{"embeddable":true,"href":"https:\/\/www.ikuchyne.sk\/eshop\/wp-json\/wp\/v2\/comments?post=114973"}],"wp:featuredmedia":[{"embeddable":true,"href":"https:\/\/www.ikuchyne.sk\/eshop\/wp-json\/wp\/v2\/media\/114974"}],"wp:attachment":[{"href":"https:\/\/www.ikuchyne.sk\/eshop\/wp-json\/wp\/v2\/media?parent=114973"}],"wp:term":[{"taxonomy":"product_cat","embeddable":true,"href":"https:\/\/www.ikuchyne.sk\/eshop\/wp-json\/wp\/v2\/product_cat?post=114973"},{"taxonomy":"product_tag","embeddable":true,"href":"https:\/\/www.ikuchyne.sk\/eshop\/wp-json\/wp\/v2\/product_tag?post=114973"}],"curies":[{"name":"wp","href":"https:\/\/api.w.org\/{rel}","templated":true}]}}