{"id":114981,"date":"2019-09-18T11:37:18","date_gmt":"2019-09-18T09:37:18","guid":{"rendered":"https:\/\/ikuchyne.sk\/eshop\/?post_type=product&#038;p=114981"},"modified":"2021-03-15T16:04:47","modified_gmt":"2021-03-15T15:04:47","slug":"konferencny-stolik-living-edge-110cm","status":"publish","type":"product","link":"https:\/\/www.ikuchyne.sk\/eshop\/produkt\/konferencny-stolik-living-edge-110cm\/","title":{"rendered":"Konferen\u010dn\u00fd stol\u00edk Living Edge 110cm \u00bb"},"content":{"rendered":"<div class=\"electro-description\">\n<div class=\"electro-description\">\n<h1>Konferen\u010dn\u00fd stol\u00edk Living Edge 110cm<\/h1>\n<\/div>\n<p><strong>V\u0161eobecn\u00fd opis stola:<br \/>\n<\/strong>Tento vysoko kvalitn\u00fd konferen\u010dn\u00fd stol\u00edk sa v\u00e1m prinesie ve\u013ek\u00fa rados\u0165 a z\u00e1\u017eitok z pou\u017e\u00edvania. Pri spracovan\u00ed povrchu bol kladen\u00fd ve\u013ek\u00fd d\u00f4raz na originalitu dreva &#8211; jeho prevedenie stoj\u00ed za jedine\u010dnos\u0165ou konferen\u010dn\u00e9ho stol\u00edka. St\u00f4l je samozrejme napriek v\u0161etk\u00fdm vlastnostiam pr\u00edrodn\u00e9ho dreva starostlivo utesnen\u00fd a pripraven\u00fd pre ka\u017edodenn\u00e9 pou\u017eitie. Konferen\u010dn\u00fd stol\u00edk v\u010faka svojej uzavretej a otvorenej priehradke uschov\u00e1 v\u0161etky va\u0161e tajomstv\u00e1, ktor\u00e9 by ste chceli ma\u0165 schovan\u00e9 pred zrakmi ostatn\u00fdch. Industri\u00e1lny vzh\u013ead konferen\u010dn\u00e9ho stola pod\u010diarkuje \u010dierny lem na z\u00e1suvke spolu s kovov\u00fdmi no\u017ei\u010dkami. Sk\u00faste tento kus n\u00e1bytku kombinova\u0165 aj s ostatn\u00fdmi produktami s\u00e9rie Living Edge a vyhrajte sa s dizajnom v\u00e1\u0161ho interi\u00e9ru.<\/p>\n<p><strong>Podno\u017e stola:<\/strong><br \/>\nNohy konferen\u010dn\u00e9ho s\u00fa vyroben\u00e9 z kovu v \u010diernej farbe. Takto v kombin\u00e1cii s drevom pod\u010diarkuj\u00fa industri\u00e1lny look stol\u00edka.<\/p>\n<p><strong>\u010eal\u0161ie inform\u00e1cie:<\/strong><br \/>\nPraskliny, z\u00e1rezy a \u0161trbiny dod\u00e1vaj\u00fa drevu jeho prirodzen\u00fd \u0161mrnc.<\/p>\n<p><b>Rozmery:<\/b><br \/>\n\u0160\u00edrka: 110cm<br \/>\nV\u00fd\u0161ka: 45cm<br \/>\nH\u013abka: 60cm<\/p>\n<p><b>Farba:<\/b> pr\u00edrodn\u00e1, \u010dierna<br \/>\n<b>Materi\u00e1l:<\/b> div\u00fd dub, kov<\/p>\n<\/div>\n","protected":false},"excerpt":{"rendered":"<p>Konferen\u010dn\u00fd stol\u00edk Living Edge 110cm V\u0161eobecn\u00fd opis stola: Tento vysoko kvalitn\u00fd konferen\u010dn\u00fd stol\u00edk sa v\u00e1m prinesie ve\u013ek\u00fa rados\u0165 a z\u00e1\u017eitok z pou\u017e\u00edvania. Pri spracovan\u00ed povrchu bol kladen\u00fd ve\u013ek\u00fd d\u00f4raz na<\/p>\n","protected":false},"featured_media":114982,"comment_status":"closed","ping_status":"closed","template":"","meta":[],"product_cat":[834,591,304,837,836,772,287],"product_tag":[198],"yoast_head":"<!-- This site is optimized with the Yoast SEO plugin v22.1 - https:\/\/yoast.com\/wordpress\/plugins\/seo\/ -->\n<title>Konferen\u010dn\u00fd stol\u00edk Living Edge 110cm \u00bb &#187; iKuchyne iSHOP s n\u00e1bytkom<\/title>\n<meta name=\"description\" content=\"K\u00fapte si u n\u00e1s Konferen\u010dn\u00fd stol\u00edk Living Edge 110cm \u00bb za akciov\u00fa cenu. R\u00fdchle dodanie tovaru, odborn\u00e9 poradenstvo a stovky produktov skladom. Konferen\u010dn\u00fd stol\u00edk Living Edge 110cm \u00bb sa stane dominantou V\u00e1\u0161ho interi\u00e9ru. Internetov\u00fd obchod ikuchyne! pon\u00faka odber Konferen\u010dn\u00fd stol\u00edk Living Edge 110cm \u00bb u\u017e od 1 kusu.\" \/>\n<meta name=\"robots\" content=\"index, follow, max-snippet:-1, max-image-preview:large, max-video-preview:-1\" \/>\n<link rel=\"canonical\" href=\"https:\/\/www.ikuchyne.sk\/eshop\/produkt\/konferencny-stolik-living-edge-110cm\/\" \/>\n<meta property=\"og:locale\" content=\"sk_SK\" \/>\n<meta property=\"og:type\" content=\"article\" \/>\n<meta property=\"og:title\" content=\"Konferen\u010dn\u00fd stol\u00edk Living Edge 110cm \u00bb &#187; iKuchyne iSHOP s n\u00e1bytkom\" \/>\n<meta property=\"og:description\" content=\"K\u00fapte si u n\u00e1s Konferen\u010dn\u00fd stol\u00edk Living Edge 110cm \u00bb za akciov\u00fa cenu. R\u00fdchle dodanie tovaru, odborn\u00e9 poradenstvo a stovky produktov skladom. Konferen\u010dn\u00fd stol\u00edk Living Edge 110cm \u00bb sa stane dominantou V\u00e1\u0161ho interi\u00e9ru. Internetov\u00fd obchod ikuchyne! pon\u00faka odber Konferen\u010dn\u00fd stol\u00edk Living Edge 110cm \u00bb u\u017e od 1 kusu.\" \/>\n<meta property=\"og:url\" content=\"https:\/\/www.ikuchyne.sk\/eshop\/produkt\/konferencny-stolik-living-edge-110cm\/\" \/>\n<meta property=\"og:site_name\" content=\"iKuchyne iSHOP s n\u00e1bytkom\" \/>\n<meta property=\"article:publisher\" content=\"https:\/\/www.facebook.com\/ikuchyne\/\" \/>\n<meta property=\"article:modified_time\" content=\"2021-03-15T15:04:47+00:00\" \/>\n<meta property=\"og:image\" content=\"https:\/\/www.ikuchyne.sk\/eshop\/wp-content\/uploads\/2019\/09\/Konferencny-stolik-Living-Edge-110cm-divy-dub-39433.jpg\" \/>\n\t<meta property=\"og:image:width\" content=\"800\" \/>\n\t<meta property=\"og:image:height\" content=\"533\" \/>\n\t<meta property=\"og:image:type\" content=\"image\/jpeg\" \/>\n<meta name=\"twitter:card\" content=\"summary_large_image\" \/>\n<meta name=\"twitter:label1\" content=\"Predpokladan\u00fd \u010das \u010d\u00edtania\" \/>\n\t<meta name=\"twitter:data1\" content=\"1 min\u00fata\" \/>\n<script type=\"application\/ld+json\" class=\"yoast-schema-graph\">{\"@context\":\"https:\/\/schema.org\",\"@graph\":[{\"@type\":\"WebPage\",\"@id\":\"https:\/\/www.ikuchyne.sk\/eshop\/produkt\/konferencny-stolik-living-edge-110cm\/\",\"url\":\"https:\/\/www.ikuchyne.sk\/eshop\/produkt\/konferencny-stolik-living-edge-110cm\/\",\"name\":\"Konferen\u010dn\u00fd stol\u00edk Living Edge 110cm \u00bb &#187; iKuchyne iSHOP s n\u00e1bytkom\",\"isPartOf\":{\"@id\":\"https:\/\/www.ikuchyne.sk\/eshop\/#website\"},\"datePublished\":\"2019-09-18T09:37:18+00:00\",\"dateModified\":\"2021-03-15T15:04:47+00:00\",\"description\":\"K\u00fapte si u n\u00e1s Konferen\u010dn\u00fd stol\u00edk Living Edge 110cm \u00bb za akciov\u00fa cenu. R\u00fdchle dodanie tovaru, odborn\u00e9 poradenstvo a stovky produktov skladom. Konferen\u010dn\u00fd stol\u00edk Living Edge 110cm \u00bb sa stane dominantou V\u00e1\u0161ho interi\u00e9ru. Internetov\u00fd obchod ikuchyne! pon\u00faka odber Konferen\u010dn\u00fd stol\u00edk Living Edge 110cm \u00bb u\u017e od 1 kusu.\",\"breadcrumb\":{\"@id\":\"https:\/\/www.ikuchyne.sk\/eshop\/produkt\/konferencny-stolik-living-edge-110cm\/#breadcrumb\"},\"inLanguage\":\"sk-SK\",\"potentialAction\":[{\"@type\":\"ReadAction\",\"target\":[\"https:\/\/www.ikuchyne.sk\/eshop\/produkt\/konferencny-stolik-living-edge-110cm\/\"]}]},{\"@type\":\"BreadcrumbList\",\"@id\":\"https:\/\/www.ikuchyne.sk\/eshop\/produkt\/konferencny-stolik-living-edge-110cm\/#breadcrumb\",\"itemListElement\":[{\"@type\":\"ListItem\",\"position\":1,\"name\":\"Home\",\"item\":\"https:\/\/www.ikuchyne.sk\/eshop\/\"},{\"@type\":\"ListItem\",\"position\":2,\"name\":\"Obchod\",\"item\":\"https:\/\/www.ikuchyne.sk\/eshop\/obchod\/\"},{\"@type\":\"ListItem\",\"position\":3,\"name\":\"Konferen\u010dn\u00fd stol\u00edk Living Edge 110cm \u00bb\"}]},{\"@type\":\"WebSite\",\"@id\":\"https:\/\/www.ikuchyne.sk\/eshop\/#website\",\"url\":\"https:\/\/www.ikuchyne.sk\/eshop\/\",\"name\":\"iKuchyne iSHOP s n\u00e1bytkom\",\"description\":\"Jed\u00e1lensk\u00e9 stoly, stoli\u010dky, n\u00e1bytok, svietidl\u00e1...\",\"publisher\":{\"@id\":\"https:\/\/www.ikuchyne.sk\/eshop\/#organization\"},\"potentialAction\":[{\"@type\":\"SearchAction\",\"target\":{\"@type\":\"EntryPoint\",\"urlTemplate\":\"https:\/\/www.ikuchyne.sk\/eshop\/?s={search_term_string}\"},\"query-input\":\"required name=search_term_string\"}],\"inLanguage\":\"sk-SK\"},{\"@type\":\"Organization\",\"@id\":\"https:\/\/www.ikuchyne.sk\/eshop\/#organization\",\"name\":\"ikuchyne!\",\"url\":\"https:\/\/www.ikuchyne.sk\/eshop\/\",\"logo\":{\"@type\":\"ImageObject\",\"inLanguage\":\"sk-SK\",\"@id\":\"https:\/\/www.ikuchyne.sk\/eshop\/#\/schema\/logo\/image\/\",\"url\":\"https:\/\/www.ikuchyne.sk\/eshop\/wp-content\/uploads\/2017\/04\/ikuchyne-logo.jpg\",\"contentUrl\":\"https:\/\/www.ikuchyne.sk\/eshop\/wp-content\/uploads\/2017\/04\/ikuchyne-logo.jpg\",\"width\":200,\"height\":48,\"caption\":\"ikuchyne!\"},\"image\":{\"@id\":\"https:\/\/www.ikuchyne.sk\/eshop\/#\/schema\/logo\/image\/\"},\"sameAs\":[\"https:\/\/www.facebook.com\/ikuchyne\/\",\"https:\/\/www.instagram.com\/ikuchyne.sk\/\",\"https:\/\/sk.pinterest.com\/ikuchynesk\/\"]}]}<\/script>\n<!-- \/ Yoast SEO plugin. -->","yoast_head_json":{"title":"Konferen\u010dn\u00fd stol\u00edk Living Edge 110cm \u00bb &#187; iKuchyne iSHOP s n\u00e1bytkom","description":"K\u00fapte si u n\u00e1s Konferen\u010dn\u00fd stol\u00edk Living Edge 110cm \u00bb za akciov\u00fa cenu. R\u00fdchle dodanie tovaru, odborn\u00e9 poradenstvo a stovky produktov skladom. Konferen\u010dn\u00fd stol\u00edk Living Edge 110cm \u00bb sa stane dominantou V\u00e1\u0161ho interi\u00e9ru. Internetov\u00fd obchod ikuchyne! pon\u00faka odber Konferen\u010dn\u00fd stol\u00edk Living Edge 110cm \u00bb u\u017e od 1 kusu.","robots":{"index":"index","follow":"follow","max-snippet":"max-snippet:-1","max-image-preview":"max-image-preview:large","max-video-preview":"max-video-preview:-1"},"canonical":"https:\/\/www.ikuchyne.sk\/eshop\/produkt\/konferencny-stolik-living-edge-110cm\/","og_locale":"sk_SK","og_type":"article","og_title":"Konferen\u010dn\u00fd stol\u00edk Living Edge 110cm \u00bb &#187; iKuchyne iSHOP s n\u00e1bytkom","og_description":"K\u00fapte si u n\u00e1s Konferen\u010dn\u00fd stol\u00edk Living Edge 110cm \u00bb za akciov\u00fa cenu. R\u00fdchle dodanie tovaru, odborn\u00e9 poradenstvo a stovky produktov skladom. Konferen\u010dn\u00fd stol\u00edk Living Edge 110cm \u00bb sa stane dominantou V\u00e1\u0161ho interi\u00e9ru. Internetov\u00fd obchod ikuchyne! pon\u00faka odber Konferen\u010dn\u00fd stol\u00edk Living Edge 110cm \u00bb u\u017e od 1 kusu.","og_url":"https:\/\/www.ikuchyne.sk\/eshop\/produkt\/konferencny-stolik-living-edge-110cm\/","og_site_name":"iKuchyne iSHOP s n\u00e1bytkom","article_publisher":"https:\/\/www.facebook.com\/ikuchyne\/","article_modified_time":"2021-03-15T15:04:47+00:00","og_image":[{"width":800,"height":533,"url":"https:\/\/www.ikuchyne.sk\/eshop\/wp-content\/uploads\/2019\/09\/Konferencny-stolik-Living-Edge-110cm-divy-dub-39433.jpg","type":"image\/jpeg"}],"twitter_card":"summary_large_image","twitter_misc":{"Predpokladan\u00fd \u010das \u010d\u00edtania":"1 min\u00fata"},"schema":{"@context":"https:\/\/schema.org","@graph":[{"@type":"WebPage","@id":"https:\/\/www.ikuchyne.sk\/eshop\/produkt\/konferencny-stolik-living-edge-110cm\/","url":"https:\/\/www.ikuchyne.sk\/eshop\/produkt\/konferencny-stolik-living-edge-110cm\/","name":"Konferen\u010dn\u00fd stol\u00edk Living Edge 110cm \u00bb &#187; iKuchyne iSHOP s n\u00e1bytkom","isPartOf":{"@id":"https:\/\/www.ikuchyne.sk\/eshop\/#website"},"datePublished":"2019-09-18T09:37:18+00:00","dateModified":"2021-03-15T15:04:47+00:00","description":"K\u00fapte si u n\u00e1s Konferen\u010dn\u00fd stol\u00edk Living Edge 110cm \u00bb za akciov\u00fa cenu. R\u00fdchle dodanie tovaru, odborn\u00e9 poradenstvo a stovky produktov skladom. Konferen\u010dn\u00fd stol\u00edk Living Edge 110cm \u00bb sa stane dominantou V\u00e1\u0161ho interi\u00e9ru. Internetov\u00fd obchod ikuchyne! pon\u00faka odber Konferen\u010dn\u00fd stol\u00edk Living Edge 110cm \u00bb u\u017e od 1 kusu.","breadcrumb":{"@id":"https:\/\/www.ikuchyne.sk\/eshop\/produkt\/konferencny-stolik-living-edge-110cm\/#breadcrumb"},"inLanguage":"sk-SK","potentialAction":[{"@type":"ReadAction","target":["https:\/\/www.ikuchyne.sk\/eshop\/produkt\/konferencny-stolik-living-edge-110cm\/"]}]},{"@type":"BreadcrumbList","@id":"https:\/\/www.ikuchyne.sk\/eshop\/produkt\/konferencny-stolik-living-edge-110cm\/#breadcrumb","itemListElement":[{"@type":"ListItem","position":1,"name":"Home","item":"https:\/\/www.ikuchyne.sk\/eshop\/"},{"@type":"ListItem","position":2,"name":"Obchod","item":"https:\/\/www.ikuchyne.sk\/eshop\/obchod\/"},{"@type":"ListItem","position":3,"name":"Konferen\u010dn\u00fd stol\u00edk Living Edge 110cm \u00bb"}]},{"@type":"WebSite","@id":"https:\/\/www.ikuchyne.sk\/eshop\/#website","url":"https:\/\/www.ikuchyne.sk\/eshop\/","name":"iKuchyne iSHOP s n\u00e1bytkom","description":"Jed\u00e1lensk\u00e9 stoly, stoli\u010dky, n\u00e1bytok, svietidl\u00e1...","publisher":{"@id":"https:\/\/www.ikuchyne.sk\/eshop\/#organization"},"potentialAction":[{"@type":"SearchAction","target":{"@type":"EntryPoint","urlTemplate":"https:\/\/www.ikuchyne.sk\/eshop\/?s={search_term_string}"},"query-input":"required name=search_term_string"}],"inLanguage":"sk-SK"},{"@type":"Organization","@id":"https:\/\/www.ikuchyne.sk\/eshop\/#organization","name":"ikuchyne!","url":"https:\/\/www.ikuchyne.sk\/eshop\/","logo":{"@type":"ImageObject","inLanguage":"sk-SK","@id":"https:\/\/www.ikuchyne.sk\/eshop\/#\/schema\/logo\/image\/","url":"https:\/\/www.ikuchyne.sk\/eshop\/wp-content\/uploads\/2017\/04\/ikuchyne-logo.jpg","contentUrl":"https:\/\/www.ikuchyne.sk\/eshop\/wp-content\/uploads\/2017\/04\/ikuchyne-logo.jpg","width":200,"height":48,"caption":"ikuchyne!"},"image":{"@id":"https:\/\/www.ikuchyne.sk\/eshop\/#\/schema\/logo\/image\/"},"sameAs":["https:\/\/www.facebook.com\/ikuchyne\/","https:\/\/www.instagram.com\/ikuchyne.sk\/","https:\/\/sk.pinterest.com\/ikuchynesk\/"]}]}},"_links":{"self":[{"href":"https:\/\/www.ikuchyne.sk\/eshop\/wp-json\/wp\/v2\/product\/114981"}],"collection":[{"href":"https:\/\/www.ikuchyne.sk\/eshop\/wp-json\/wp\/v2\/product"}],"about":[{"href":"https:\/\/www.ikuchyne.sk\/eshop\/wp-json\/wp\/v2\/types\/product"}],"replies":[{"embeddable":true,"href":"https:\/\/www.ikuchyne.sk\/eshop\/wp-json\/wp\/v2\/comments?post=114981"}],"wp:featuredmedia":[{"embeddable":true,"href":"https:\/\/www.ikuchyne.sk\/eshop\/wp-json\/wp\/v2\/media\/114982"}],"wp:attachment":[{"href":"https:\/\/www.ikuchyne.sk\/eshop\/wp-json\/wp\/v2\/media?parent=114981"}],"wp:term":[{"taxonomy":"product_cat","embeddable":true,"href":"https:\/\/www.ikuchyne.sk\/eshop\/wp-json\/wp\/v2\/product_cat?post=114981"},{"taxonomy":"product_tag","embeddable":true,"href":"https:\/\/www.ikuchyne.sk\/eshop\/wp-json\/wp\/v2\/product_tag?post=114981"}],"curies":[{"name":"wp","href":"https:\/\/api.w.org\/{rel}","templated":true}]}}