{"id":116480,"date":"2019-10-03T09:55:38","date_gmt":"2019-10-03T07:55:38","guid":{"rendered":"https:\/\/ikuchyne.sk\/eshop\/?post_type=product&#038;p=116480"},"modified":"2021-03-23T21:36:35","modified_gmt":"2021-03-23T20:36:35","slug":"nocny-stolik-mystic-living-40-cm","status":"publish","type":"product","link":"https:\/\/www.ikuchyne.sk\/eshop\/produkt\/nocny-stolik-mystic-living-40-cm\/","title":{"rendered":"No\u010dn\u00fd stol\u00edk Mystic Living 40 cm \u00bb"},"content":{"rendered":"<h1>No\u010dn\u00fd stol\u00edk Mystic Living 40 cm \u00bb<\/h1>\n<h4><strong>V\u0161eobecn\u00fd popis:<\/strong><\/h4>\n<p>Mas\u00edvny mal\u00fd no\u010dn\u00fd stol\u00edk Mystic Living 40 cm vyroben\u00fd z vysoko kvalitn\u00e9ho dreva sheesham. Ve\u013ea \u00falo\u017en\u00e9ho priestoru v\u010faka dvom ve\u013ek\u00fdm z\u00e1suvk\u00e1m. Jedine\u010dn\u00e9 3D vzory s\u00fa vyr\u00e1ban\u00e9 ru\u010dne. St\u00f4l pou\u017e\u00edvajte ako no\u010dn\u00fd stol\u00edk alebo pr\u00edru\u010dn\u00fd stol\u00edk!<\/p>\n<p>Dizajnovou zauj\u00edmavos\u0165ou je povrch pr\u00edru\u010dn\u00e9ho stol\u00edka. Ak potrebujete \u00falo\u017en\u00fd priestor a z\u00e1rove\u0148 h\u013ead\u00e1te kvalitn\u00fd p\u00fata\u010d o\u010d\u00ed pre va\u0161e prostredie, je tento pr\u00edru\u010dn\u00fd stol\u00edk z mas\u00edvneho sheeshamov\u00e9ho dreva perfektnou vo\u013ebou. Jednotliv\u00e9 zrn\u00e1 dreva zv\u00fdraz\u0148uje aj extravagantn\u00fd 3D vzor dvoch z\u00e1suviek. Toto je starostlivo vyroben\u00e9 ru\u010dne a d\u00e1va stolu zauj\u00edmav\u00fd efekt.<\/p>\n<p>No\u010dn\u00fd stol\u00edk Mystic Living 40 cm je jedine\u010dn\u00fd dizajn pre ka\u017ed\u00fd obytn\u00fd priestor. Jemn\u00e9 kovov\u00e9 aplik\u00e1cie ve\u013emi nen\u00e1padne ladia s dizajnom stola. M\u00f4\u017eu by\u0165 pou\u017eit\u00e9 na otvorenie dvoch priestrann\u00fdch z\u00e1suviek. Tu m\u00f4\u017eete ulo\u017ei\u0165 v\u0161etky svoje potreby, ktor\u00e9 sl\u00fa\u017eia nielen na spanie. Sami sa rozhodnite, \u010di chcete mal\u00fa komodu umiestni\u0165 ako no\u010dn\u00fd stol\u00edk do sp\u00e1lne alebo sk\u00f4r ako elegantn\u00fd p\u00fata\u010d o\u010d\u00ed do ob\u00fdvacej izby.<\/p>\n<h4><strong>Detaily produktu:<\/strong><\/h4>\n<p>Preto\u017ee sa jedn\u00e1 o pr\u00edrodn\u00fd produkt, ka\u017ed\u00e1 k\u00f3pia je \u00faplne jedine\u010dn\u00e1. Nerovnosti, charizmatick\u00e9 uzly, praskliny alebo dokonca rozmerov\u00e9 rozdiely s\u00fa mo\u017en\u00e9 a vytv\u00e1raj\u00fa originalitu a vytv\u00e1raj\u00fa \u010daro mas\u00edvneho dreva. Existuj\u00face trhliny s\u00fa po\u010das v\u00fdrobn\u00e9ho procesu spojen\u00e9 a stabilizovan\u00e9 spojovac\u00edmi kusmi z rovnak\u00e9ho dreva. Preto m\u00f4\u017eu existova\u0165 farebn\u00e9 odch\u00fdlky. \u017diadna z t\u00fdchto skuto\u010dnost\u00ed nie je d\u00f4vodom na reklam\u00e1ciu. Vhodn\u00e9 bytov\u00e9 doplnky len zd\u00f4raznia jeho ru\u010dne zn\u00e1zornen\u00e9 a jedine\u010dn\u00e9 3D vzory.<\/p>\n<p><strong>Podno\u017e stola:<br \/>\n<\/strong>No\u010dn\u00fd stol\u00edk je polo\u017een\u00fd na \u0161tyroch tenk\u00fdch no\u017ei\u010dk\u00e1ch, ktor\u00e9 pod\u010diarkuj\u00fa staro\u017eitn\u00fd dizajn no\u010dn\u00e9ho stola. Ru\u010dn\u00e1 pr\u00e1ca.<\/p>\n<p><b>Rozmery (cca.):<\/b><br \/>\n40cm x 56cm x 35cm (\u0160xVxH)<br \/>\nZ\u00e1suvky: 31 cm x 12 cm x 25 cm (\u0160xVxH)<\/p>\n<p><strong>Z\u00e1suvky:<\/strong> 31 x 12 x 25 cm<br \/>\n<strong>V\u00fd\u0161ka n\u00f4h:<\/strong> 18 cm<\/p>\n<p><b>Farba:<\/b> pr\u00edrodn\u00e1, hned\u00e1<br \/>\n<b>Materi\u00e1l:<\/b> sheeshamov\u00e9 drevo<\/p>\n<p>Dodato\u010dn\u00e9 inform\u00e1cie:<\/p>\n<p>V pr\u00edpade z\u00e1ujmu o in\u00e9 stoly ako toaletn\u00e9, p\u00edsacie, konferen\u010dn\u00e9 stol\u00edky \u010di jed\u00e1lensk\u00e9 stoly, nav\u0161t\u00edvte sekciu stoly na <a href=\"https:\/\/www.ikuchyne.sk\/eshop\/kategoria\/stoly\/\">www.ikuchyne.sk\/eshop<\/a><br \/>\nV pr\u00edpade z\u00e1ujmu o n\u00e1bytok na mieru n\u00e1s kontaktuje na <a href=\"http:\/\/www.ikuchyne.sk\">www.ikuchyne.sk<\/a><\/p>\n","protected":false},"excerpt":{"rendered":"<p>No\u010dn\u00fd stol\u00edk Mystic Living 40 cm \u00bb V\u0161eobecn\u00fd popis: Mas\u00edvny mal\u00fd no\u010dn\u00fd stol\u00edk Mystic Living 40 cm vyroben\u00fd z vysoko kvalitn\u00e9ho dreva sheesham. Ve\u013ea \u00falo\u017en\u00e9ho priestoru v\u010faka dvom ve\u013ek\u00fdm z\u00e1suvk\u00e1m.<\/p>\n","protected":false},"featured_media":116481,"comment_status":"closed","ping_status":"closed","template":"","meta":[],"product_cat":[772,287,589],"product_tag":[192,198],"yoast_head":"<!-- This site is optimized with the Yoast SEO plugin v22.1 - https:\/\/yoast.com\/wordpress\/plugins\/seo\/ -->\n<title>No\u010dn\u00fd stol\u00edk Mystic Living 40 cm \u00bb &#187; iKuchyne iSHOP s n\u00e1bytkom<\/title>\n<meta name=\"description\" content=\"No\u010dn\u00fd stol\u00edk Mystic Living 40 cm \u00bb - r\u00fdchle dodanie, poradenstvo, n\u00e1bytok skladom v Bratislave s ikuchyne.sk - kuchyne na mieru.\" \/>\n<meta name=\"robots\" content=\"index, follow, max-snippet:-1, max-image-preview:large, max-video-preview:-1\" \/>\n<link rel=\"canonical\" href=\"https:\/\/www.ikuchyne.sk\/eshop\/produkt\/nocny-stolik-mystic-living-40-cm\/\" \/>\n<meta property=\"og:locale\" content=\"sk_SK\" \/>\n<meta property=\"og:type\" content=\"article\" \/>\n<meta property=\"og:title\" content=\"No\u010dn\u00fd stol\u00edk Mystic Living 40 cm \u00bb &#187; iKuchyne iSHOP s n\u00e1bytkom\" \/>\n<meta property=\"og:description\" content=\"No\u010dn\u00fd stol\u00edk Mystic Living 40 cm \u00bb - r\u00fdchle dodanie, poradenstvo, n\u00e1bytok skladom v Bratislave s ikuchyne.sk - kuchyne na mieru.\" \/>\n<meta property=\"og:url\" content=\"https:\/\/www.ikuchyne.sk\/eshop\/produkt\/nocny-stolik-mystic-living-40-cm\/\" \/>\n<meta property=\"og:site_name\" content=\"iKuchyne iSHOP s n\u00e1bytkom\" \/>\n<meta property=\"article:publisher\" content=\"https:\/\/www.facebook.com\/ikuchyne\/\" \/>\n<meta property=\"article:modified_time\" content=\"2021-03-23T20:36:35+00:00\" \/>\n<meta property=\"og:image\" content=\"https:\/\/www.ikuchyne.sk\/eshop\/wp-content\/uploads\/2019\/10\/Nachttisch-Mystic-Living-40cm-sheesham-39745.jpg\" \/>\n\t<meta property=\"og:image:width\" content=\"800\" \/>\n\t<meta property=\"og:image:height\" content=\"533\" \/>\n\t<meta property=\"og:image:type\" content=\"image\/jpeg\" \/>\n<meta name=\"twitter:card\" content=\"summary_large_image\" \/>\n<meta name=\"twitter:label1\" content=\"Predpokladan\u00fd \u010das \u010d\u00edtania\" \/>\n\t<meta name=\"twitter:data1\" content=\"2 min\u00faty\" \/>\n<script type=\"application\/ld+json\" class=\"yoast-schema-graph\">{\"@context\":\"https:\/\/schema.org\",\"@graph\":[{\"@type\":\"WebPage\",\"@id\":\"https:\/\/www.ikuchyne.sk\/eshop\/produkt\/nocny-stolik-mystic-living-40-cm\/\",\"url\":\"https:\/\/www.ikuchyne.sk\/eshop\/produkt\/nocny-stolik-mystic-living-40-cm\/\",\"name\":\"No\u010dn\u00fd stol\u00edk Mystic Living 40 cm \u00bb &#187; iKuchyne iSHOP s n\u00e1bytkom\",\"isPartOf\":{\"@id\":\"https:\/\/www.ikuchyne.sk\/eshop\/#website\"},\"datePublished\":\"2019-10-03T07:55:38+00:00\",\"dateModified\":\"2021-03-23T20:36:35+00:00\",\"description\":\"No\u010dn\u00fd stol\u00edk Mystic Living 40 cm \u00bb - r\u00fdchle dodanie, poradenstvo, n\u00e1bytok skladom v Bratislave s ikuchyne.sk - kuchyne na mieru.\",\"breadcrumb\":{\"@id\":\"https:\/\/www.ikuchyne.sk\/eshop\/produkt\/nocny-stolik-mystic-living-40-cm\/#breadcrumb\"},\"inLanguage\":\"sk-SK\",\"potentialAction\":[{\"@type\":\"ReadAction\",\"target\":[\"https:\/\/www.ikuchyne.sk\/eshop\/produkt\/nocny-stolik-mystic-living-40-cm\/\"]}]},{\"@type\":\"BreadcrumbList\",\"@id\":\"https:\/\/www.ikuchyne.sk\/eshop\/produkt\/nocny-stolik-mystic-living-40-cm\/#breadcrumb\",\"itemListElement\":[{\"@type\":\"ListItem\",\"position\":1,\"name\":\"Home\",\"item\":\"https:\/\/www.ikuchyne.sk\/eshop\/\"},{\"@type\":\"ListItem\",\"position\":2,\"name\":\"Obchod\",\"item\":\"https:\/\/www.ikuchyne.sk\/eshop\/obchod\/\"},{\"@type\":\"ListItem\",\"position\":3,\"name\":\"No\u010dn\u00fd stol\u00edk Mystic Living 40 cm \u00bb\"}]},{\"@type\":\"WebSite\",\"@id\":\"https:\/\/www.ikuchyne.sk\/eshop\/#website\",\"url\":\"https:\/\/www.ikuchyne.sk\/eshop\/\",\"name\":\"iKuchyne iSHOP s n\u00e1bytkom\",\"description\":\"Jed\u00e1lensk\u00e9 stoly, stoli\u010dky, n\u00e1bytok, svietidl\u00e1...\",\"publisher\":{\"@id\":\"https:\/\/www.ikuchyne.sk\/eshop\/#organization\"},\"potentialAction\":[{\"@type\":\"SearchAction\",\"target\":{\"@type\":\"EntryPoint\",\"urlTemplate\":\"https:\/\/www.ikuchyne.sk\/eshop\/?s={search_term_string}\"},\"query-input\":\"required name=search_term_string\"}],\"inLanguage\":\"sk-SK\"},{\"@type\":\"Organization\",\"@id\":\"https:\/\/www.ikuchyne.sk\/eshop\/#organization\",\"name\":\"ikuchyne!\",\"url\":\"https:\/\/www.ikuchyne.sk\/eshop\/\",\"logo\":{\"@type\":\"ImageObject\",\"inLanguage\":\"sk-SK\",\"@id\":\"https:\/\/www.ikuchyne.sk\/eshop\/#\/schema\/logo\/image\/\",\"url\":\"https:\/\/www.ikuchyne.sk\/eshop\/wp-content\/uploads\/2017\/04\/ikuchyne-logo.jpg\",\"contentUrl\":\"https:\/\/www.ikuchyne.sk\/eshop\/wp-content\/uploads\/2017\/04\/ikuchyne-logo.jpg\",\"width\":200,\"height\":48,\"caption\":\"ikuchyne!\"},\"image\":{\"@id\":\"https:\/\/www.ikuchyne.sk\/eshop\/#\/schema\/logo\/image\/\"},\"sameAs\":[\"https:\/\/www.facebook.com\/ikuchyne\/\",\"https:\/\/www.instagram.com\/ikuchyne.sk\/\",\"https:\/\/sk.pinterest.com\/ikuchynesk\/\"]}]}<\/script>\n<!-- \/ Yoast SEO plugin. -->","yoast_head_json":{"title":"No\u010dn\u00fd stol\u00edk Mystic Living 40 cm \u00bb &#187; iKuchyne iSHOP s n\u00e1bytkom","description":"No\u010dn\u00fd stol\u00edk Mystic Living 40 cm \u00bb - r\u00fdchle dodanie, poradenstvo, n\u00e1bytok skladom v Bratislave s ikuchyne.sk - kuchyne na mieru.","robots":{"index":"index","follow":"follow","max-snippet":"max-snippet:-1","max-image-preview":"max-image-preview:large","max-video-preview":"max-video-preview:-1"},"canonical":"https:\/\/www.ikuchyne.sk\/eshop\/produkt\/nocny-stolik-mystic-living-40-cm\/","og_locale":"sk_SK","og_type":"article","og_title":"No\u010dn\u00fd stol\u00edk Mystic Living 40 cm \u00bb &#187; iKuchyne iSHOP s n\u00e1bytkom","og_description":"No\u010dn\u00fd stol\u00edk Mystic Living 40 cm \u00bb - r\u00fdchle dodanie, poradenstvo, n\u00e1bytok skladom v Bratislave s ikuchyne.sk - kuchyne na mieru.","og_url":"https:\/\/www.ikuchyne.sk\/eshop\/produkt\/nocny-stolik-mystic-living-40-cm\/","og_site_name":"iKuchyne iSHOP s n\u00e1bytkom","article_publisher":"https:\/\/www.facebook.com\/ikuchyne\/","article_modified_time":"2021-03-23T20:36:35+00:00","og_image":[{"width":800,"height":533,"url":"https:\/\/www.ikuchyne.sk\/eshop\/wp-content\/uploads\/2019\/10\/Nachttisch-Mystic-Living-40cm-sheesham-39745.jpg","type":"image\/jpeg"}],"twitter_card":"summary_large_image","twitter_misc":{"Predpokladan\u00fd \u010das \u010d\u00edtania":"2 min\u00faty"},"schema":{"@context":"https:\/\/schema.org","@graph":[{"@type":"WebPage","@id":"https:\/\/www.ikuchyne.sk\/eshop\/produkt\/nocny-stolik-mystic-living-40-cm\/","url":"https:\/\/www.ikuchyne.sk\/eshop\/produkt\/nocny-stolik-mystic-living-40-cm\/","name":"No\u010dn\u00fd stol\u00edk Mystic Living 40 cm \u00bb &#187; iKuchyne iSHOP s n\u00e1bytkom","isPartOf":{"@id":"https:\/\/www.ikuchyne.sk\/eshop\/#website"},"datePublished":"2019-10-03T07:55:38+00:00","dateModified":"2021-03-23T20:36:35+00:00","description":"No\u010dn\u00fd stol\u00edk Mystic Living 40 cm \u00bb - r\u00fdchle dodanie, poradenstvo, n\u00e1bytok skladom v Bratislave s ikuchyne.sk - kuchyne na mieru.","breadcrumb":{"@id":"https:\/\/www.ikuchyne.sk\/eshop\/produkt\/nocny-stolik-mystic-living-40-cm\/#breadcrumb"},"inLanguage":"sk-SK","potentialAction":[{"@type":"ReadAction","target":["https:\/\/www.ikuchyne.sk\/eshop\/produkt\/nocny-stolik-mystic-living-40-cm\/"]}]},{"@type":"BreadcrumbList","@id":"https:\/\/www.ikuchyne.sk\/eshop\/produkt\/nocny-stolik-mystic-living-40-cm\/#breadcrumb","itemListElement":[{"@type":"ListItem","position":1,"name":"Home","item":"https:\/\/www.ikuchyne.sk\/eshop\/"},{"@type":"ListItem","position":2,"name":"Obchod","item":"https:\/\/www.ikuchyne.sk\/eshop\/obchod\/"},{"@type":"ListItem","position":3,"name":"No\u010dn\u00fd stol\u00edk Mystic Living 40 cm \u00bb"}]},{"@type":"WebSite","@id":"https:\/\/www.ikuchyne.sk\/eshop\/#website","url":"https:\/\/www.ikuchyne.sk\/eshop\/","name":"iKuchyne iSHOP s n\u00e1bytkom","description":"Jed\u00e1lensk\u00e9 stoly, stoli\u010dky, n\u00e1bytok, svietidl\u00e1...","publisher":{"@id":"https:\/\/www.ikuchyne.sk\/eshop\/#organization"},"potentialAction":[{"@type":"SearchAction","target":{"@type":"EntryPoint","urlTemplate":"https:\/\/www.ikuchyne.sk\/eshop\/?s={search_term_string}"},"query-input":"required name=search_term_string"}],"inLanguage":"sk-SK"},{"@type":"Organization","@id":"https:\/\/www.ikuchyne.sk\/eshop\/#organization","name":"ikuchyne!","url":"https:\/\/www.ikuchyne.sk\/eshop\/","logo":{"@type":"ImageObject","inLanguage":"sk-SK","@id":"https:\/\/www.ikuchyne.sk\/eshop\/#\/schema\/logo\/image\/","url":"https:\/\/www.ikuchyne.sk\/eshop\/wp-content\/uploads\/2017\/04\/ikuchyne-logo.jpg","contentUrl":"https:\/\/www.ikuchyne.sk\/eshop\/wp-content\/uploads\/2017\/04\/ikuchyne-logo.jpg","width":200,"height":48,"caption":"ikuchyne!"},"image":{"@id":"https:\/\/www.ikuchyne.sk\/eshop\/#\/schema\/logo\/image\/"},"sameAs":["https:\/\/www.facebook.com\/ikuchyne\/","https:\/\/www.instagram.com\/ikuchyne.sk\/","https:\/\/sk.pinterest.com\/ikuchynesk\/"]}]}},"_links":{"self":[{"href":"https:\/\/www.ikuchyne.sk\/eshop\/wp-json\/wp\/v2\/product\/116480"}],"collection":[{"href":"https:\/\/www.ikuchyne.sk\/eshop\/wp-json\/wp\/v2\/product"}],"about":[{"href":"https:\/\/www.ikuchyne.sk\/eshop\/wp-json\/wp\/v2\/types\/product"}],"replies":[{"embeddable":true,"href":"https:\/\/www.ikuchyne.sk\/eshop\/wp-json\/wp\/v2\/comments?post=116480"}],"wp:featuredmedia":[{"embeddable":true,"href":"https:\/\/www.ikuchyne.sk\/eshop\/wp-json\/wp\/v2\/media\/116481"}],"wp:attachment":[{"href":"https:\/\/www.ikuchyne.sk\/eshop\/wp-json\/wp\/v2\/media?parent=116480"}],"wp:term":[{"taxonomy":"product_cat","embeddable":true,"href":"https:\/\/www.ikuchyne.sk\/eshop\/wp-json\/wp\/v2\/product_cat?post=116480"},{"taxonomy":"product_tag","embeddable":true,"href":"https:\/\/www.ikuchyne.sk\/eshop\/wp-json\/wp\/v2\/product_tag?post=116480"}],"curies":[{"name":"wp","href":"https:\/\/api.w.org\/{rel}","templated":true}]}}