{"id":11759,"date":"2017-04-26T08:13:49","date_gmt":"2017-04-26T06:13:49","guid":{"rendered":"http:\/\/potocan.com\/eshop\/produkt\/nastenny-regal-tear-40x20cm\/"},"modified":"2024-03-10T19:20:22","modified_gmt":"2024-03-10T18:20:22","slug":"nastenny-regal-tear-40-x-20-cm","status":"publish","type":"product","link":"https:\/\/www.ikuchyne.sk\/eshop\/produkt\/nastenny-regal-tear-40-x-20-cm\/","title":{"rendered":"N\u00e1stenn\u00fd reg\u00e1l Tear 40 x 20 cm \u00bb"},"content":{"rendered":"<h1>N\u00e1stenn\u00fd reg\u00e1l Tear 40 x 20 cm<\/h1>\n<p><strong>V\u0161eobecn\u00fd opis reg\u00e1lu:<br \/>\n<\/strong>Zauj\u00edmav\u00fd n\u00e1stenn\u00fd reg\u00e1l v tvare slzy vynikne v moderne ladenom interi\u00e9ri. Svojou pevnou kon\u0161trukciou tvorenou z hlin\u00edka je schopn\u00fd unies\u0165 aj \u0165a\u017e\u0161ie predmety. leskl\u00fd kovovostrieborn\u00fd povrch umoc\u0148uje nad\u010dasov\u00fd dizajn. Tento reg\u00e1l je vyroben\u00fd z hlin\u00edkovej zliatiny. M\u00f4\u017eete ho pou\u017ei\u0165 samostatne alebo ako set viacer\u00fdch reg\u00e1lov tohto typu. Ur\u010dite ozvl\u00e1\u0161tni ka\u017ed\u00fa stenu. \u010cist\u00edme ho vlhkou handri\u010dkou a n\u00e1sledne ho vyle\u0161t\u00edme.<\/p>\n<p><strong>Povrch reg\u00e1lu:<br \/>\n<\/strong>Reg\u00e1l je vyroben\u00fd zo zliatiny hlin\u00edka v striebornej farbe.<\/p>\n<p><b>Rozmery reg\u00e1lu:<\/b><br \/>\n\u0160\u00edrka reg\u00e1lu: 20 cm<br \/>\nD\u013a\u017eka reg\u00e1lu: 40 cm<br \/>\nV\u00fd\u0161ka reg\u00e1lu: 5 cm<\/p>\n<p><b>Materi\u00e1l:\u00a0<\/b>kov (hlin\u00edkov\u00e1 zliatina)<\/p>\n<p><b>Farba:<\/b>\u00a0strieborn\u00e1<\/p>\n","protected":false},"excerpt":{"rendered":"<p>N\u00e1stenn\u00fd reg\u00e1l Tear 40 x 20 cm V\u0161eobecn\u00fd opis reg\u00e1lu: Zauj\u00edmav\u00fd n\u00e1stenn\u00fd reg\u00e1l v tvare slzy vynikne v moderne ladenom interi\u00e9ri. Svojou pevnou kon\u0161trukciou tvorenou z hlin\u00edka je schopn\u00fd unies\u0165<\/p>\n","protected":false},"featured_media":11760,"comment_status":"open","ping_status":"closed","template":"","meta":[],"product_cat":[296],"product_tag":[610],"yoast_head":"<!-- This site is optimized with the Yoast SEO plugin v22.1 - https:\/\/yoast.com\/wordpress\/plugins\/seo\/ -->\n<title>N\u00e1stenn\u00fd reg\u00e1l Tear 40 x 20 cm \u00bb &#187; iKuchyne iSHOP s n\u00e1bytkom<\/title>\n<meta name=\"description\" content=\"K\u00fapte si u n\u00e1s N\u00e1stenn\u00fd reg\u00e1l Tear 40 x 20 cm \u00bb za akciov\u00fa cenu. R\u00fdchle dodanie tovaru, odborn\u00e9 poradenstvo a stovky produktov skladom. N\u00e1stenn\u00fd reg\u00e1l Tear 40 x 20 cm \u00bb sa stane dominantou V\u00e1\u0161ho interi\u00e9ru. Internetov\u00fd obchod ikuchyne! pon\u00faka odber N\u00e1stenn\u00fd reg\u00e1l Tear 40 x 20 cm \u00bb u\u017e od 1 kusu.\" \/>\n<meta name=\"robots\" content=\"index, follow, max-snippet:-1, max-image-preview:large, max-video-preview:-1\" \/>\n<link rel=\"canonical\" href=\"https:\/\/www.ikuchyne.sk\/eshop\/produkt\/nastenny-regal-tear-40-x-20-cm\/\" \/>\n<meta property=\"og:locale\" content=\"sk_SK\" \/>\n<meta property=\"og:type\" content=\"article\" \/>\n<meta property=\"og:title\" content=\"N\u00e1stenn\u00fd reg\u00e1l Tear 40 x 20 cm \u00bb &#187; iKuchyne iSHOP s n\u00e1bytkom\" \/>\n<meta property=\"og:description\" content=\"K\u00fapte si u n\u00e1s N\u00e1stenn\u00fd reg\u00e1l Tear 40 x 20 cm \u00bb za akciov\u00fa cenu. R\u00fdchle dodanie tovaru, odborn\u00e9 poradenstvo a stovky produktov skladom. N\u00e1stenn\u00fd reg\u00e1l Tear 40 x 20 cm \u00bb sa stane dominantou V\u00e1\u0161ho interi\u00e9ru. Internetov\u00fd obchod ikuchyne! pon\u00faka odber N\u00e1stenn\u00fd reg\u00e1l Tear 40 x 20 cm \u00bb u\u017e od 1 kusu.\" \/>\n<meta property=\"og:url\" content=\"https:\/\/www.ikuchyne.sk\/eshop\/produkt\/nastenny-regal-tear-40-x-20-cm\/\" \/>\n<meta property=\"og:site_name\" content=\"iKuchyne iSHOP s n\u00e1bytkom\" \/>\n<meta property=\"article:publisher\" content=\"https:\/\/www.facebook.com\/ikuchyne\/\" \/>\n<meta property=\"article:modified_time\" content=\"2024-03-10T18:20:22+00:00\" \/>\n<meta property=\"og:image\" content=\"https:\/\/www.ikuchyne.sk\/eshop\/wp-content\/uploads\/2017\/04\/nastenny-regal-tear-40x20cm.jpg\" \/>\n\t<meta property=\"og:image:width\" content=\"800\" \/>\n\t<meta property=\"og:image:height\" content=\"533\" \/>\n\t<meta property=\"og:image:type\" content=\"image\/jpeg\" \/>\n<meta name=\"twitter:card\" content=\"summary_large_image\" \/>\n<meta name=\"twitter:label1\" content=\"Predpokladan\u00fd \u010das \u010d\u00edtania\" \/>\n\t<meta name=\"twitter:data1\" content=\"1 min\u00fata\" \/>\n<script type=\"application\/ld+json\" class=\"yoast-schema-graph\">{\"@context\":\"https:\/\/schema.org\",\"@graph\":[{\"@type\":\"WebPage\",\"@id\":\"https:\/\/www.ikuchyne.sk\/eshop\/produkt\/nastenny-regal-tear-40-x-20-cm\/\",\"url\":\"https:\/\/www.ikuchyne.sk\/eshop\/produkt\/nastenny-regal-tear-40-x-20-cm\/\",\"name\":\"N\u00e1stenn\u00fd reg\u00e1l Tear 40 x 20 cm \u00bb &#187; iKuchyne iSHOP s n\u00e1bytkom\",\"isPartOf\":{\"@id\":\"https:\/\/www.ikuchyne.sk\/eshop\/#website\"},\"datePublished\":\"2017-04-26T06:13:49+00:00\",\"dateModified\":\"2024-03-10T18:20:22+00:00\",\"description\":\"K\u00fapte si u n\u00e1s N\u00e1stenn\u00fd reg\u00e1l Tear 40 x 20 cm \u00bb za akciov\u00fa cenu. R\u00fdchle dodanie tovaru, odborn\u00e9 poradenstvo a stovky produktov skladom. N\u00e1stenn\u00fd reg\u00e1l Tear 40 x 20 cm \u00bb sa stane dominantou V\u00e1\u0161ho interi\u00e9ru. Internetov\u00fd obchod ikuchyne! pon\u00faka odber N\u00e1stenn\u00fd reg\u00e1l Tear 40 x 20 cm \u00bb u\u017e od 1 kusu.\",\"breadcrumb\":{\"@id\":\"https:\/\/www.ikuchyne.sk\/eshop\/produkt\/nastenny-regal-tear-40-x-20-cm\/#breadcrumb\"},\"inLanguage\":\"sk-SK\",\"potentialAction\":[{\"@type\":\"ReadAction\",\"target\":[\"https:\/\/www.ikuchyne.sk\/eshop\/produkt\/nastenny-regal-tear-40-x-20-cm\/\"]}]},{\"@type\":\"BreadcrumbList\",\"@id\":\"https:\/\/www.ikuchyne.sk\/eshop\/produkt\/nastenny-regal-tear-40-x-20-cm\/#breadcrumb\",\"itemListElement\":[{\"@type\":\"ListItem\",\"position\":1,\"name\":\"Home\",\"item\":\"https:\/\/www.ikuchyne.sk\/eshop\/\"},{\"@type\":\"ListItem\",\"position\":2,\"name\":\"Obchod\",\"item\":\"https:\/\/www.ikuchyne.sk\/eshop\/obchod\/\"},{\"@type\":\"ListItem\",\"position\":3,\"name\":\"N\u00e1stenn\u00fd reg\u00e1l Tear 40 x 20 cm \u00bb\"}]},{\"@type\":\"WebSite\",\"@id\":\"https:\/\/www.ikuchyne.sk\/eshop\/#website\",\"url\":\"https:\/\/www.ikuchyne.sk\/eshop\/\",\"name\":\"iKuchyne iSHOP s n\u00e1bytkom\",\"description\":\"Jed\u00e1lensk\u00e9 stoly, stoli\u010dky, n\u00e1bytok, svietidl\u00e1...\",\"publisher\":{\"@id\":\"https:\/\/www.ikuchyne.sk\/eshop\/#organization\"},\"potentialAction\":[{\"@type\":\"SearchAction\",\"target\":{\"@type\":\"EntryPoint\",\"urlTemplate\":\"https:\/\/www.ikuchyne.sk\/eshop\/?s={search_term_string}\"},\"query-input\":\"required name=search_term_string\"}],\"inLanguage\":\"sk-SK\"},{\"@type\":\"Organization\",\"@id\":\"https:\/\/www.ikuchyne.sk\/eshop\/#organization\",\"name\":\"ikuchyne!\",\"url\":\"https:\/\/www.ikuchyne.sk\/eshop\/\",\"logo\":{\"@type\":\"ImageObject\",\"inLanguage\":\"sk-SK\",\"@id\":\"https:\/\/www.ikuchyne.sk\/eshop\/#\/schema\/logo\/image\/\",\"url\":\"https:\/\/www.ikuchyne.sk\/eshop\/wp-content\/uploads\/2017\/04\/ikuchyne-logo.jpg\",\"contentUrl\":\"https:\/\/www.ikuchyne.sk\/eshop\/wp-content\/uploads\/2017\/04\/ikuchyne-logo.jpg\",\"width\":200,\"height\":48,\"caption\":\"ikuchyne!\"},\"image\":{\"@id\":\"https:\/\/www.ikuchyne.sk\/eshop\/#\/schema\/logo\/image\/\"},\"sameAs\":[\"https:\/\/www.facebook.com\/ikuchyne\/\",\"https:\/\/www.instagram.com\/ikuchyne.sk\/\",\"https:\/\/sk.pinterest.com\/ikuchynesk\/\"]}]}<\/script>\n<!-- \/ Yoast SEO plugin. -->","yoast_head_json":{"title":"N\u00e1stenn\u00fd reg\u00e1l Tear 40 x 20 cm \u00bb &#187; iKuchyne iSHOP s n\u00e1bytkom","description":"K\u00fapte si u n\u00e1s N\u00e1stenn\u00fd reg\u00e1l Tear 40 x 20 cm \u00bb za akciov\u00fa cenu. R\u00fdchle dodanie tovaru, odborn\u00e9 poradenstvo a stovky produktov skladom. N\u00e1stenn\u00fd reg\u00e1l Tear 40 x 20 cm \u00bb sa stane dominantou V\u00e1\u0161ho interi\u00e9ru. Internetov\u00fd obchod ikuchyne! pon\u00faka odber N\u00e1stenn\u00fd reg\u00e1l Tear 40 x 20 cm \u00bb u\u017e od 1 kusu.","robots":{"index":"index","follow":"follow","max-snippet":"max-snippet:-1","max-image-preview":"max-image-preview:large","max-video-preview":"max-video-preview:-1"},"canonical":"https:\/\/www.ikuchyne.sk\/eshop\/produkt\/nastenny-regal-tear-40-x-20-cm\/","og_locale":"sk_SK","og_type":"article","og_title":"N\u00e1stenn\u00fd reg\u00e1l Tear 40 x 20 cm \u00bb &#187; iKuchyne iSHOP s n\u00e1bytkom","og_description":"K\u00fapte si u n\u00e1s N\u00e1stenn\u00fd reg\u00e1l Tear 40 x 20 cm \u00bb za akciov\u00fa cenu. R\u00fdchle dodanie tovaru, odborn\u00e9 poradenstvo a stovky produktov skladom. N\u00e1stenn\u00fd reg\u00e1l Tear 40 x 20 cm \u00bb sa stane dominantou V\u00e1\u0161ho interi\u00e9ru. Internetov\u00fd obchod ikuchyne! pon\u00faka odber N\u00e1stenn\u00fd reg\u00e1l Tear 40 x 20 cm \u00bb u\u017e od 1 kusu.","og_url":"https:\/\/www.ikuchyne.sk\/eshop\/produkt\/nastenny-regal-tear-40-x-20-cm\/","og_site_name":"iKuchyne iSHOP s n\u00e1bytkom","article_publisher":"https:\/\/www.facebook.com\/ikuchyne\/","article_modified_time":"2024-03-10T18:20:22+00:00","og_image":[{"width":800,"height":533,"url":"https:\/\/www.ikuchyne.sk\/eshop\/wp-content\/uploads\/2017\/04\/nastenny-regal-tear-40x20cm.jpg","type":"image\/jpeg"}],"twitter_card":"summary_large_image","twitter_misc":{"Predpokladan\u00fd \u010das \u010d\u00edtania":"1 min\u00fata"},"schema":{"@context":"https:\/\/schema.org","@graph":[{"@type":"WebPage","@id":"https:\/\/www.ikuchyne.sk\/eshop\/produkt\/nastenny-regal-tear-40-x-20-cm\/","url":"https:\/\/www.ikuchyne.sk\/eshop\/produkt\/nastenny-regal-tear-40-x-20-cm\/","name":"N\u00e1stenn\u00fd reg\u00e1l Tear 40 x 20 cm \u00bb &#187; iKuchyne iSHOP s n\u00e1bytkom","isPartOf":{"@id":"https:\/\/www.ikuchyne.sk\/eshop\/#website"},"datePublished":"2017-04-26T06:13:49+00:00","dateModified":"2024-03-10T18:20:22+00:00","description":"K\u00fapte si u n\u00e1s N\u00e1stenn\u00fd reg\u00e1l Tear 40 x 20 cm \u00bb za akciov\u00fa cenu. R\u00fdchle dodanie tovaru, odborn\u00e9 poradenstvo a stovky produktov skladom. N\u00e1stenn\u00fd reg\u00e1l Tear 40 x 20 cm \u00bb sa stane dominantou V\u00e1\u0161ho interi\u00e9ru. Internetov\u00fd obchod ikuchyne! pon\u00faka odber N\u00e1stenn\u00fd reg\u00e1l Tear 40 x 20 cm \u00bb u\u017e od 1 kusu.","breadcrumb":{"@id":"https:\/\/www.ikuchyne.sk\/eshop\/produkt\/nastenny-regal-tear-40-x-20-cm\/#breadcrumb"},"inLanguage":"sk-SK","potentialAction":[{"@type":"ReadAction","target":["https:\/\/www.ikuchyne.sk\/eshop\/produkt\/nastenny-regal-tear-40-x-20-cm\/"]}]},{"@type":"BreadcrumbList","@id":"https:\/\/www.ikuchyne.sk\/eshop\/produkt\/nastenny-regal-tear-40-x-20-cm\/#breadcrumb","itemListElement":[{"@type":"ListItem","position":1,"name":"Home","item":"https:\/\/www.ikuchyne.sk\/eshop\/"},{"@type":"ListItem","position":2,"name":"Obchod","item":"https:\/\/www.ikuchyne.sk\/eshop\/obchod\/"},{"@type":"ListItem","position":3,"name":"N\u00e1stenn\u00fd reg\u00e1l Tear 40 x 20 cm \u00bb"}]},{"@type":"WebSite","@id":"https:\/\/www.ikuchyne.sk\/eshop\/#website","url":"https:\/\/www.ikuchyne.sk\/eshop\/","name":"iKuchyne iSHOP s n\u00e1bytkom","description":"Jed\u00e1lensk\u00e9 stoly, stoli\u010dky, n\u00e1bytok, svietidl\u00e1...","publisher":{"@id":"https:\/\/www.ikuchyne.sk\/eshop\/#organization"},"potentialAction":[{"@type":"SearchAction","target":{"@type":"EntryPoint","urlTemplate":"https:\/\/www.ikuchyne.sk\/eshop\/?s={search_term_string}"},"query-input":"required name=search_term_string"}],"inLanguage":"sk-SK"},{"@type":"Organization","@id":"https:\/\/www.ikuchyne.sk\/eshop\/#organization","name":"ikuchyne!","url":"https:\/\/www.ikuchyne.sk\/eshop\/","logo":{"@type":"ImageObject","inLanguage":"sk-SK","@id":"https:\/\/www.ikuchyne.sk\/eshop\/#\/schema\/logo\/image\/","url":"https:\/\/www.ikuchyne.sk\/eshop\/wp-content\/uploads\/2017\/04\/ikuchyne-logo.jpg","contentUrl":"https:\/\/www.ikuchyne.sk\/eshop\/wp-content\/uploads\/2017\/04\/ikuchyne-logo.jpg","width":200,"height":48,"caption":"ikuchyne!"},"image":{"@id":"https:\/\/www.ikuchyne.sk\/eshop\/#\/schema\/logo\/image\/"},"sameAs":["https:\/\/www.facebook.com\/ikuchyne\/","https:\/\/www.instagram.com\/ikuchyne.sk\/","https:\/\/sk.pinterest.com\/ikuchynesk\/"]}]}},"_links":{"self":[{"href":"https:\/\/www.ikuchyne.sk\/eshop\/wp-json\/wp\/v2\/product\/11759"}],"collection":[{"href":"https:\/\/www.ikuchyne.sk\/eshop\/wp-json\/wp\/v2\/product"}],"about":[{"href":"https:\/\/www.ikuchyne.sk\/eshop\/wp-json\/wp\/v2\/types\/product"}],"replies":[{"embeddable":true,"href":"https:\/\/www.ikuchyne.sk\/eshop\/wp-json\/wp\/v2\/comments?post=11759"}],"wp:featuredmedia":[{"embeddable":true,"href":"https:\/\/www.ikuchyne.sk\/eshop\/wp-json\/wp\/v2\/media\/11760"}],"wp:attachment":[{"href":"https:\/\/www.ikuchyne.sk\/eshop\/wp-json\/wp\/v2\/media?parent=11759"}],"wp:term":[{"taxonomy":"product_cat","embeddable":true,"href":"https:\/\/www.ikuchyne.sk\/eshop\/wp-json\/wp\/v2\/product_cat?post=11759"},{"taxonomy":"product_tag","embeddable":true,"href":"https:\/\/www.ikuchyne.sk\/eshop\/wp-json\/wp\/v2\/product_tag?post=11759"}],"curies":[{"name":"wp","href":"https:\/\/api.w.org\/{rel}","templated":true}]}}