{"id":117750,"date":"2019-10-29T17:07:05","date_gmt":"2019-10-29T16:07:05","guid":{"rendered":"https:\/\/ikuchyne.sk\/eshop\/?post_type=product&#038;p=117750"},"modified":"2024-03-10T19:19:51","modified_gmt":"2024-03-10T18:19:51","slug":"jedalensky-stol-prometheus-180-260cm-hrdza","status":"publish","type":"product","link":"https:\/\/www.ikuchyne.sk\/eshop\/produkt\/jedalensky-stol-prometheus-180-260cm-hrdza\/","title":{"rendered":"Jed\u00e1lensk\u00fd st\u00f4l Prometheus 180-260cm &#8211; Hrdza \u00bb"},"content":{"rendered":"<h1>Jed\u00e1lensk\u00fd st\u00f4l Prometheus 180-260cm &#8211; Hrdza \u00bb<\/h1>\n<h4><strong>V\u0161eobecn\u00fd popis:<\/strong><\/h4>\n<p>Extravagantn\u00fd jed\u00e1lensk\u00fd st\u00f4l Prometheus 180-260cm &#8211; Hrdza so stolovou doskou z talianskej keramiky v preveden\u00ed hrdza . Pred\u013a\u017eenie v troch f\u00e1zach pre individu\u00e1lne usporiadanie ve\u013ekosti. Futuristick\u00fd dizajn n\u00f4h stola pri\u0165ahuj\u00faci poh\u013ead. Ve\u013ek\u00fd st\u00f4l je mo\u017en\u00e9 pou\u017ei\u0165 aj ako modern\u00fd konferen\u010dn\u00fd st\u00f4l do va\u0161ej kancel\u00e1rie!<\/p>\n<p>St\u00f4l zaujme expres\u00edvnym dizajnom. Ak m\u00e1te radi neobvykl\u00e9 a netradi\u010dn\u00e9 veci, tento jed\u00e1lensk\u00fd st\u00f4l sa stane va\u0161im nov\u00fdm ob\u013e\u00faben\u00fdm k\u00faskom. Jed\u00e1lensk\u00fd st\u00f4l Prometheus m\u00e1 ve\u013ek\u00fa dosku z vysoko kvalitnej talianskej keramiky, ktor\u00e9 je odoln\u00e9 proti po\u0161kodeniu. Povrch stolovej dosky je mierne zdrsnen\u00fd, aby sa dosiahol elegantn\u00fd vzh\u013ead a dojem. Impozantn\u00e9 prekr\u00ed\u017een\u00e9 nohy stola v robustnom industri\u00e1lnom vzh\u013eade vytv\u00e1raj\u00fa s takmer filigr\u00e1novou keramickou doskou \u0161ikovn\u00fd zlom v \u0161t\u00fdle.<\/p>\n<p>Urobte viac miesta, ke\u010f to potrebujete. \u0160peci\u00e1lnym znakom stola s\u00fa dva nadstavce, ktor\u00e9 sa daj\u00fa \u013eahko zlo\u017ei\u0165. St\u00f4l m\u00f4\u017eete variabilne pred\u013a\u017ei\u0165 z d\u013a\u017eky 180 cm na 220 cm alebo a\u017e do 260 cm. Ve\u013ek\u00e9 rodinn\u00e9 stretnutia alebo ve\u010dere so v\u0161etk\u00fdmi va\u0161imi priate\u013emi u\u017e nie s\u00fa probl\u00e9m. Ak u\u017e predl\u017eovacie dosky nepotrebujete, jednoducho ich zasu\u0148te sp\u00e4\u0165 pod st\u00f4l, aby ste u\u0161etrili miesto.<\/p>\n<h4><strong>Detaily produktu:<\/strong><\/h4>\n<p>Stolov\u00e1 doska sa d\u00e1 variabilne zv\u00e4\u010d\u0161i\u0165 v\u010faka v\u00fdsuvn\u00fdm roz\u0161iruj\u00facim dosk\u00e1m. U\u0161\u013eachtil\u00e1 talianska keramika bola nanesen\u00e1 na tabu\u013eu z bezpe\u010dnostn\u00e9ho skla. Max. nosnos\u0165 stredn\u00e1 doska: asi 120 kg, max. nosnos\u0165 dodato\u010dn\u00fdch dosiek: asi 40 kg. M\u00f4\u017ee sa usadi\u0165 a\u017e 12 os\u00f4b. Mnoho z na\u0161ich stolov sa d\u00e1 \u013eahko roz\u0161\u00edri\u0165, aby sa poskytlo viac miesta pri jed\u00e1lenskom alebo konferen\u010dnom stole. Inteligentn\u00fd dizajn sp\u013a\u0148a najvy\u0161\u0161iu \u00farove\u0148 funk\u010dnosti. \u010ci u\u017e je to ve\u013ek\u00e1 rodinn\u00e1 ve\u010dera alebo d\u00f4le\u017eit\u00e9 stretnutie so v\u0161etk\u00fdmi kolegami: tieto stoly to umo\u017e\u0148uj\u00fa.<\/p>\n<p><b>Rozmery<\/b> (cca): 180-220-260cm x 76cm x 100cm (\u0160xVxH)<br \/>\n<strong>Hr\u00fabka dosky stola:<\/strong> 14mm<br \/>\n<b>Farba:<\/b> hned\u00e1, \u010dierna, imit\u00e1cia hrdze<br \/>\n<b>Materi\u00e1l:<\/b> keramick\u00e1 doska stola, kalen\u00e9 sklo<\/p>\n<p>Jed\u00e1lensk\u00fd st\u00f4l m\u00e1 a\u017e tri stupne roz\u0161\u00edrenia.<\/p>\n<p>Dodato\u010dn\u00e9 inform\u00e1cie:<\/p>\n<p>V pr\u00edpade z\u00e1ujmu o in\u00e9 jed\u00e1lensk\u00e9 stoly, nav\u0161t\u00edvte sekciu jed\u00e1lensk\u00e9 stoly na <a href=\"https:\/\/www.ikuchyne.sk\/eshop\/kategoria\/jedalenske-stoly\/\">www.ikuchyne.sk\/eshop<\/a><br \/>\nV pr\u00edpade z\u00e1ujmu o n\u00e1bytok na mieru n\u00e1s kontaktuje na <a href=\"http:\/\/www.ikuchyne.sk\">www.ikuchyne.sk<\/a><\/p>\n","protected":false},"excerpt":{"rendered":"<p>&nbsp;<\/p>\n<div id=\"mouseposition-extension-element-full-container\" style=\"font-weight: 400\">\n<div id=\"mouseposition-extension-element-rect-display\" style=\"font-size: 12px;justify-content: center;align-items: center;cursor: default;color: #000000;font-family: 'Helvetica Neue', Helvetica, Arial, sans-serif;width: 0px;height: 0px\">\n<pre style=\"flex: 1 1 0%;text-align: center;color: #000000;min-width: 42px;min-height: 12px\"><\/pre>\n<\/div>\n<pre id=\"mouseposition-extension-element-coordinate-display\" style=\"background: #ffffff;font-size: 12px;line-height: 14px;border-radius: 3px;border-width: 1px;border-color: #222222 black #333333;border-style: solid;padding: 3px;color: #222222;cursor: default;font-family: 'Helvetica Neue', Helvetica, Arial, sans-serif\"><\/pre>\n<\/div>\n","protected":false},"featured_media":117751,"comment_status":"closed","ping_status":"closed","template":"","meta":[],"product_cat":[298,855,857,846,772,287],"product_tag":[256,2262,2975],"yoast_head":"<!-- This site is optimized with the Yoast SEO plugin v22.1 - https:\/\/yoast.com\/wordpress\/plugins\/seo\/ -->\n<title>Jed\u00e1lensk\u00fd st\u00f4l Prometheus 180-260cm - Hrdza &#187; iKuchyne iSHOP s n\u00e1bytkom<\/title>\n<meta name=\"description\" content=\"Jed\u00e1lensk\u00fd st\u00f4l Prometheus 180-260cm - Hrdza \u00bb - r\u00fdchle dodanie, poradenstvo, n\u00e1bytok skladom v Bratislave s ikuchyne.sk - kuchyne na mieru.\" \/>\n<meta name=\"robots\" content=\"index, follow, max-snippet:-1, max-image-preview:large, max-video-preview:-1\" \/>\n<link rel=\"canonical\" href=\"https:\/\/www.ikuchyne.sk\/eshop\/produkt\/jedalensky-stol-prometheus-180-260cm-hrdza\/\" \/>\n<meta property=\"og:locale\" content=\"sk_SK\" \/>\n<meta property=\"og:type\" content=\"article\" \/>\n<meta property=\"og:title\" content=\"Jed\u00e1lensk\u00fd st\u00f4l Prometheus 180-260cm - Hrdza &#187; iKuchyne iSHOP s n\u00e1bytkom\" \/>\n<meta property=\"og:description\" content=\"Jed\u00e1lensk\u00fd st\u00f4l Prometheus 180-260cm - Hrdza \u00bb - r\u00fdchle dodanie, poradenstvo, n\u00e1bytok skladom v Bratislave s ikuchyne.sk - kuchyne na mieru.\" \/>\n<meta property=\"og:url\" content=\"https:\/\/www.ikuchyne.sk\/eshop\/produkt\/jedalensky-stol-prometheus-180-260cm-hrdza\/\" \/>\n<meta property=\"og:site_name\" content=\"iKuchyne iSHOP s n\u00e1bytkom\" \/>\n<meta property=\"article:publisher\" content=\"https:\/\/www.facebook.com\/ikuchyne\/\" \/>\n<meta property=\"article:modified_time\" content=\"2024-03-10T18:19:51+00:00\" \/>\n<meta property=\"og:image\" content=\"https:\/\/www.ikuchyne.sk\/eshop\/wp-content\/uploads\/2019\/10\/Jedalensky-stol-Prometheus-180-260cm-Rost-39561.jpg\" \/>\n\t<meta property=\"og:image:width\" content=\"800\" \/>\n\t<meta property=\"og:image:height\" content=\"533\" \/>\n\t<meta property=\"og:image:type\" content=\"image\/jpeg\" \/>\n<meta name=\"twitter:card\" content=\"summary_large_image\" \/>\n<meta name=\"twitter:label1\" content=\"Predpokladan\u00fd \u010das \u010d\u00edtania\" \/>\n\t<meta name=\"twitter:data1\" content=\"2 min\u00faty\" \/>\n<script type=\"application\/ld+json\" class=\"yoast-schema-graph\">{\"@context\":\"https:\/\/schema.org\",\"@graph\":[{\"@type\":\"WebPage\",\"@id\":\"https:\/\/www.ikuchyne.sk\/eshop\/produkt\/jedalensky-stol-prometheus-180-260cm-hrdza\/\",\"url\":\"https:\/\/www.ikuchyne.sk\/eshop\/produkt\/jedalensky-stol-prometheus-180-260cm-hrdza\/\",\"name\":\"Jed\u00e1lensk\u00fd st\u00f4l Prometheus 180-260cm - Hrdza &#187; iKuchyne iSHOP s n\u00e1bytkom\",\"isPartOf\":{\"@id\":\"https:\/\/www.ikuchyne.sk\/eshop\/#website\"},\"datePublished\":\"2019-10-29T16:07:05+00:00\",\"dateModified\":\"2024-03-10T18:19:51+00:00\",\"description\":\"Jed\u00e1lensk\u00fd st\u00f4l Prometheus 180-260cm - Hrdza \u00bb - r\u00fdchle dodanie, poradenstvo, n\u00e1bytok skladom v Bratislave s ikuchyne.sk - kuchyne na mieru.\",\"breadcrumb\":{\"@id\":\"https:\/\/www.ikuchyne.sk\/eshop\/produkt\/jedalensky-stol-prometheus-180-260cm-hrdza\/#breadcrumb\"},\"inLanguage\":\"sk-SK\",\"potentialAction\":[{\"@type\":\"ReadAction\",\"target\":[\"https:\/\/www.ikuchyne.sk\/eshop\/produkt\/jedalensky-stol-prometheus-180-260cm-hrdza\/\"]}]},{\"@type\":\"BreadcrumbList\",\"@id\":\"https:\/\/www.ikuchyne.sk\/eshop\/produkt\/jedalensky-stol-prometheus-180-260cm-hrdza\/#breadcrumb\",\"itemListElement\":[{\"@type\":\"ListItem\",\"position\":1,\"name\":\"Home\",\"item\":\"https:\/\/www.ikuchyne.sk\/eshop\/\"},{\"@type\":\"ListItem\",\"position\":2,\"name\":\"Obchod\",\"item\":\"https:\/\/www.ikuchyne.sk\/eshop\/obchod\/\"},{\"@type\":\"ListItem\",\"position\":3,\"name\":\"Jed\u00e1lensk\u00fd st\u00f4l Prometheus 180-260cm &#8211; Hrdza \u00bb\"}]},{\"@type\":\"WebSite\",\"@id\":\"https:\/\/www.ikuchyne.sk\/eshop\/#website\",\"url\":\"https:\/\/www.ikuchyne.sk\/eshop\/\",\"name\":\"iKuchyne iSHOP s n\u00e1bytkom\",\"description\":\"Jed\u00e1lensk\u00e9 stoly, stoli\u010dky, n\u00e1bytok, svietidl\u00e1...\",\"publisher\":{\"@id\":\"https:\/\/www.ikuchyne.sk\/eshop\/#organization\"},\"potentialAction\":[{\"@type\":\"SearchAction\",\"target\":{\"@type\":\"EntryPoint\",\"urlTemplate\":\"https:\/\/www.ikuchyne.sk\/eshop\/?s={search_term_string}\"},\"query-input\":\"required name=search_term_string\"}],\"inLanguage\":\"sk-SK\"},{\"@type\":\"Organization\",\"@id\":\"https:\/\/www.ikuchyne.sk\/eshop\/#organization\",\"name\":\"ikuchyne!\",\"url\":\"https:\/\/www.ikuchyne.sk\/eshop\/\",\"logo\":{\"@type\":\"ImageObject\",\"inLanguage\":\"sk-SK\",\"@id\":\"https:\/\/www.ikuchyne.sk\/eshop\/#\/schema\/logo\/image\/\",\"url\":\"https:\/\/www.ikuchyne.sk\/eshop\/wp-content\/uploads\/2017\/04\/ikuchyne-logo.jpg\",\"contentUrl\":\"https:\/\/www.ikuchyne.sk\/eshop\/wp-content\/uploads\/2017\/04\/ikuchyne-logo.jpg\",\"width\":200,\"height\":48,\"caption\":\"ikuchyne!\"},\"image\":{\"@id\":\"https:\/\/www.ikuchyne.sk\/eshop\/#\/schema\/logo\/image\/\"},\"sameAs\":[\"https:\/\/www.facebook.com\/ikuchyne\/\",\"https:\/\/www.instagram.com\/ikuchyne.sk\/\",\"https:\/\/sk.pinterest.com\/ikuchynesk\/\"]}]}<\/script>\n<!-- \/ Yoast SEO plugin. -->","yoast_head_json":{"title":"Jed\u00e1lensk\u00fd st\u00f4l Prometheus 180-260cm - Hrdza &#187; iKuchyne iSHOP s n\u00e1bytkom","description":"Jed\u00e1lensk\u00fd st\u00f4l Prometheus 180-260cm - Hrdza \u00bb - r\u00fdchle dodanie, poradenstvo, n\u00e1bytok skladom v Bratislave s ikuchyne.sk - kuchyne na mieru.","robots":{"index":"index","follow":"follow","max-snippet":"max-snippet:-1","max-image-preview":"max-image-preview:large","max-video-preview":"max-video-preview:-1"},"canonical":"https:\/\/www.ikuchyne.sk\/eshop\/produkt\/jedalensky-stol-prometheus-180-260cm-hrdza\/","og_locale":"sk_SK","og_type":"article","og_title":"Jed\u00e1lensk\u00fd st\u00f4l Prometheus 180-260cm - Hrdza &#187; iKuchyne iSHOP s n\u00e1bytkom","og_description":"Jed\u00e1lensk\u00fd st\u00f4l Prometheus 180-260cm - Hrdza \u00bb - r\u00fdchle dodanie, poradenstvo, n\u00e1bytok skladom v Bratislave s ikuchyne.sk - kuchyne na mieru.","og_url":"https:\/\/www.ikuchyne.sk\/eshop\/produkt\/jedalensky-stol-prometheus-180-260cm-hrdza\/","og_site_name":"iKuchyne iSHOP s n\u00e1bytkom","article_publisher":"https:\/\/www.facebook.com\/ikuchyne\/","article_modified_time":"2024-03-10T18:19:51+00:00","og_image":[{"width":800,"height":533,"url":"https:\/\/www.ikuchyne.sk\/eshop\/wp-content\/uploads\/2019\/10\/Jedalensky-stol-Prometheus-180-260cm-Rost-39561.jpg","type":"image\/jpeg"}],"twitter_card":"summary_large_image","twitter_misc":{"Predpokladan\u00fd \u010das \u010d\u00edtania":"2 min\u00faty"},"schema":{"@context":"https:\/\/schema.org","@graph":[{"@type":"WebPage","@id":"https:\/\/www.ikuchyne.sk\/eshop\/produkt\/jedalensky-stol-prometheus-180-260cm-hrdza\/","url":"https:\/\/www.ikuchyne.sk\/eshop\/produkt\/jedalensky-stol-prometheus-180-260cm-hrdza\/","name":"Jed\u00e1lensk\u00fd st\u00f4l Prometheus 180-260cm - Hrdza &#187; iKuchyne iSHOP s n\u00e1bytkom","isPartOf":{"@id":"https:\/\/www.ikuchyne.sk\/eshop\/#website"},"datePublished":"2019-10-29T16:07:05+00:00","dateModified":"2024-03-10T18:19:51+00:00","description":"Jed\u00e1lensk\u00fd st\u00f4l Prometheus 180-260cm - Hrdza \u00bb - r\u00fdchle dodanie, poradenstvo, n\u00e1bytok skladom v Bratislave s ikuchyne.sk - kuchyne na mieru.","breadcrumb":{"@id":"https:\/\/www.ikuchyne.sk\/eshop\/produkt\/jedalensky-stol-prometheus-180-260cm-hrdza\/#breadcrumb"},"inLanguage":"sk-SK","potentialAction":[{"@type":"ReadAction","target":["https:\/\/www.ikuchyne.sk\/eshop\/produkt\/jedalensky-stol-prometheus-180-260cm-hrdza\/"]}]},{"@type":"BreadcrumbList","@id":"https:\/\/www.ikuchyne.sk\/eshop\/produkt\/jedalensky-stol-prometheus-180-260cm-hrdza\/#breadcrumb","itemListElement":[{"@type":"ListItem","position":1,"name":"Home","item":"https:\/\/www.ikuchyne.sk\/eshop\/"},{"@type":"ListItem","position":2,"name":"Obchod","item":"https:\/\/www.ikuchyne.sk\/eshop\/obchod\/"},{"@type":"ListItem","position":3,"name":"Jed\u00e1lensk\u00fd st\u00f4l Prometheus 180-260cm &#8211; Hrdza \u00bb"}]},{"@type":"WebSite","@id":"https:\/\/www.ikuchyne.sk\/eshop\/#website","url":"https:\/\/www.ikuchyne.sk\/eshop\/","name":"iKuchyne iSHOP s n\u00e1bytkom","description":"Jed\u00e1lensk\u00e9 stoly, stoli\u010dky, n\u00e1bytok, svietidl\u00e1...","publisher":{"@id":"https:\/\/www.ikuchyne.sk\/eshop\/#organization"},"potentialAction":[{"@type":"SearchAction","target":{"@type":"EntryPoint","urlTemplate":"https:\/\/www.ikuchyne.sk\/eshop\/?s={search_term_string}"},"query-input":"required name=search_term_string"}],"inLanguage":"sk-SK"},{"@type":"Organization","@id":"https:\/\/www.ikuchyne.sk\/eshop\/#organization","name":"ikuchyne!","url":"https:\/\/www.ikuchyne.sk\/eshop\/","logo":{"@type":"ImageObject","inLanguage":"sk-SK","@id":"https:\/\/www.ikuchyne.sk\/eshop\/#\/schema\/logo\/image\/","url":"https:\/\/www.ikuchyne.sk\/eshop\/wp-content\/uploads\/2017\/04\/ikuchyne-logo.jpg","contentUrl":"https:\/\/www.ikuchyne.sk\/eshop\/wp-content\/uploads\/2017\/04\/ikuchyne-logo.jpg","width":200,"height":48,"caption":"ikuchyne!"},"image":{"@id":"https:\/\/www.ikuchyne.sk\/eshop\/#\/schema\/logo\/image\/"},"sameAs":["https:\/\/www.facebook.com\/ikuchyne\/","https:\/\/www.instagram.com\/ikuchyne.sk\/","https:\/\/sk.pinterest.com\/ikuchynesk\/"]}]}},"_links":{"self":[{"href":"https:\/\/www.ikuchyne.sk\/eshop\/wp-json\/wp\/v2\/product\/117750"}],"collection":[{"href":"https:\/\/www.ikuchyne.sk\/eshop\/wp-json\/wp\/v2\/product"}],"about":[{"href":"https:\/\/www.ikuchyne.sk\/eshop\/wp-json\/wp\/v2\/types\/product"}],"replies":[{"embeddable":true,"href":"https:\/\/www.ikuchyne.sk\/eshop\/wp-json\/wp\/v2\/comments?post=117750"}],"wp:featuredmedia":[{"embeddable":true,"href":"https:\/\/www.ikuchyne.sk\/eshop\/wp-json\/wp\/v2\/media\/117751"}],"wp:attachment":[{"href":"https:\/\/www.ikuchyne.sk\/eshop\/wp-json\/wp\/v2\/media?parent=117750"}],"wp:term":[{"taxonomy":"product_cat","embeddable":true,"href":"https:\/\/www.ikuchyne.sk\/eshop\/wp-json\/wp\/v2\/product_cat?post=117750"},{"taxonomy":"product_tag","embeddable":true,"href":"https:\/\/www.ikuchyne.sk\/eshop\/wp-json\/wp\/v2\/product_tag?post=117750"}],"curies":[{"name":"wp","href":"https:\/\/api.w.org\/{rel}","templated":true}]}}