{"id":118001,"date":"2019-11-04T15:44:30","date_gmt":"2019-11-04T14:44:30","guid":{"rendered":"https:\/\/ikuchyne.sk\/eshop\/?post_type=product&#038;p=118001"},"modified":"2021-03-19T14:56:29","modified_gmt":"2021-03-19T13:56:29","slug":"smaragdovozelena-zamatova-lenoska-chesterfield","status":"publish","type":"product","link":"https:\/\/www.ikuchyne.sk\/eshop\/produkt\/smaragdovozelena-zamatova-lenoska-chesterfield\/","title":{"rendered":"Smaragdovozelen\u00e1 zamatov\u00e1 le\u0148o\u0161ka Chesterfield \u00bb"},"content":{"rendered":"<h1>Smaragdovozelen\u00e1 zamatov\u00e1 le\u0148o\u0161ka Chesterfield<\/h1>\n<h4><strong>V\u0161eobecn\u00fd popis:<\/strong><\/h4>\n<p>Mimoriadny p\u00fata\u010d pozornosti v dizajne Chesterfield. Smaragdovozelen\u00e1 zamatov\u00e1 le\u0148o\u0161ka Chesterfield pon\u00faka pohodln\u00e9 le\u017eanie a sedenie v\u010faka kvalitn\u00e9mu \u010dal\u00faneniu. Typick\u00e9 pre\u0161\u00edvanie gomb\u00edkov a nitov. Vneste do svojho domova anglick\u00fd \u0161t\u00fdl!<\/p>\n<p>Ke\u010f sa le\u0148o\u0161ka stane vrcholom va\u0161ej dom\u00e1cnosti. T\u00e1to klasick\u00e1 smaragdovozelen\u00e1 zamatov\u00e1 le\u0148o\u0161ka Chesterfield v\u00e1s ohrom\u00ed! Kr\u00e1sny po\u0165ah je vyroben\u00fd z vysoko kvalitn\u00e9ho materi\u00e1lu v jemnej \u0161edej farbe a s\u013eubuje pr\u00edjemn\u00fd pocit. Typick\u00e9 pre t\u00fato le\u0148o\u0161ku je zakriven\u00e1 opierka, povrch operadla zdoben\u00fd gomb\u00edkmi, nity a kr\u00e1sne, tmav\u00e9, zakriven\u00e9 nohy.<\/p>\n<p>Anglick\u00fd dizajn pre skuto\u010dn\u00fdch milovn\u00edkov oddychu! Elegantn\u00e1 le\u0148o\u0161ka je z\u00e1rukou pohodln\u00fdch hod\u00edn v\u010faka svojmu obzvl\u00e1\u0161\u0165 ve\u013ekorys\u00e9mu \u010dal\u00faneniu &#8211; urobte si pohodlie s \u010dajom a dobrou knihou a u\u017eite si s\u00fahru jedine\u010dn\u00e9ho dizajnu a najvy\u0161\u0161ej \u00farovne komfortu sedenia! Objednajte si tento v\u00fdber pre v\u00e1\u0161 domov u\u017e teraz a te\u0161te sa na le\u0148o\u0161ku, ktor\u00e1 ka\u017ed\u00fd de\u0148 vyk\u00fazli vo va\u0161ej ob\u00fdvacej izbe vynikaj\u00faci anglick\u00fd \u017eivotn\u00fd \u0161t\u00fdl.<\/p>\n<h4>Chesterfield dizajn<\/h4>\n<p>Le\u0148o\u0161ka Chesterfield je zrete\u013ene rozpoznate\u013en\u00fd dizajn n\u00e1bytku &#8211; vysok\u00e9 ramen\u00e1 a \u010dal\u00fanenie, ktor\u00fd existuje u\u017e takmer 300 rokov. V\u00e4\u010d\u0161inu svojho \u017eivota str\u00e1vil v drevom oblo\u017een\u00fdch sten\u00e1ch anglick\u00fdch d\u017eentlmensk\u00fdch klubov, aristokratick\u00fdch domov a kamenn\u00fdch obchodov (fan\u00fa\u0161ikovia boli kr\u00e1\u013eovn\u00e1 Vikt\u00f3ria aj Sigmund Freud), ale Chesterfield sa stal vyh\u013ead\u00e1vanej\u0161\u00edm kusom n\u00e1bytku a je prisp\u00f4sobovan\u00fd pre modernej\u0161ie priestory za posledn\u00fdch nieko\u013eko desa\u0165ro\u010d\u00ed. Rozhodne sa Chesterfield dizajn nestrat\u00ed ani v tomto storo\u010d\u00ed. Vhodn\u00fdmi bytov\u00fdmi doplnkami dok\u00e1\u017eete Chesterfield dizajn ve\u013emi pekne zakomponova\u0165 a nadizajnova\u0165 aj do va\u0161ej dom\u00e1cnosti \u010di sal\u00f3nu. V\u010faka svojmu v\u00fdrazn\u00e9mu a charakteristick\u00e9mu dizajnu bude dominantou ka\u017edej miestnosti. Na\u0161i pracovn\u00edci v\u00e1m ochotne poradia a vyber\u00fa vhodn\u00e9 doplnky k le\u0148o\u0161ke.<\/p>\n<p><b>Rozmery (cca):<br \/>\n<\/b>280 cm x 73 cm x 85 cm (\u0160 x V x H)<\/p>\n<p><b>Farba:<\/b> hned\u00e1 antik<br \/>\n<b>Materi\u00e1l:<\/b><br \/>\nPo\u0165ah: mikrovl\u00e1kno, 100% polyester<br \/>\nR\u00e1m a nohy: mas\u00edvne drevo<\/p>\n<h4>Dopl\u0148uj\u00face inform\u00e1cie:<\/h4>\n<p>Uveden\u00e9 rozmery \u010dal\u00fanen\u00e9ho n\u00e1bytku (pohovky, le\u0148o\u0161ky, postele) s\u00fa pribli\u017en\u00e9 rozmery, ktor\u00e9 sa m\u00f4\u017eu mierne l\u00ed\u0161i\u0165 od skuto\u010dn\u00fdch (tolerancia rozmerov: +\/- 3 cm). Pr\u00edpadn\u00e9 rozdiely m\u00f4\u017eu by\u0165 sp\u00f4soben\u00e9 r\u00f4znymi typmi po\u0165ahov\u00fdch a v\u00fdpl\u0148ov\u00fdch materi\u00e1lov &#8211; to plat\u00ed najm\u00e4 pre v\u00fdrobky dostupn\u00e9 v nieko\u013ek\u00fdch farebn\u00fdch variantoch.<\/p>\n<p>Dodato\u010dn\u00e9 inform\u00e1cie:<\/p>\n<p>V pr\u00edpade z\u00e1ujmu o in\u00e9 le\u0148o\u0161ky, pohovky \u010di seda\u010dky, nav\u0161t\u00edvte sekciu sedenie na <a href=\"https:\/\/www.ikuchyne.sk\/eshop\/kategoria\/sedenie\/\">www.ikuchyne.sk\/eshop<\/a><br \/>\nV pr\u00edpade z\u00e1ujmu o n\u00e1bytok na mieru n\u00e1s kontaktuje na <a href=\"http:\/\/www.ikuchyne.sk\">www.ikuchyne.sk<\/a><\/p>\n<p><b>Rozmery<\/b> (cca): 170cm x 73cm x 60cm (\u0160xVxH)<br \/>\n<strong>Sedenie:<\/strong> 137cm x 35cm x 52cm (\u0160xVxH)<br \/>\n<strong>V\u00fd\u0161ka operadla:<\/strong> 18-40cm<br \/>\n<strong>V\u00fd\u0161ka lak\u0165ovej opierky:<\/strong> 38cm<br \/>\n<b>Farba:<\/b> smaragdovozelen\u00e1<br \/>\n<b>Materi\u00e1l:<\/b> zamat<\/p>\n","protected":false},"excerpt":{"rendered":"<p>Smaragdovozelen\u00e1 zamatov\u00e1 le\u0148o\u0161ka Chesterfield V\u0161eobecn\u00fd popis: Mimoriadny p\u00fata\u010d pozornosti v dizajne Chesterfield. Smaragdovozelen\u00e1 zamatov\u00e1 le\u0148o\u0161ka Chesterfield pon\u00faka pohodln\u00e9 le\u017eanie a sedenie v\u010faka kvalitn\u00e9mu \u010dal\u00faneniu. Typick\u00e9 pre\u0161\u00edvanie gomb\u00edkov a nitov. Vneste<\/p>\n","protected":false},"featured_media":118002,"comment_status":"closed","ping_status":"closed","template":"","meta":[],"product_cat":[936,605,772,600,935],"product_tag":[1036],"yoast_head":"<!-- This site is optimized with the Yoast SEO plugin v22.1 - https:\/\/yoast.com\/wordpress\/plugins\/seo\/ -->\n<title>Smaragdovozelen\u00e1 le\u0148o\u0161ka Chesterfield &#187; iKuchyne iSHOP s n\u00e1bytkom<\/title>\n<meta name=\"description\" content=\"Smaragdovozelen\u00e1 zamatov\u00e1 le\u0148o\u0161ka Chesterfield \u00bb r\u00fdchle dodanie, poradenstvo, n\u00e1bytok skladom v Bratislave s ikuchyne.sk - kuchyne na mieru.\" \/>\n<meta name=\"robots\" content=\"index, follow, max-snippet:-1, max-image-preview:large, max-video-preview:-1\" \/>\n<link rel=\"canonical\" href=\"https:\/\/www.ikuchyne.sk\/eshop\/produkt\/smaragdovozelena-zamatova-lenoska-chesterfield\/\" \/>\n<meta property=\"og:locale\" content=\"sk_SK\" \/>\n<meta property=\"og:type\" content=\"article\" \/>\n<meta property=\"og:title\" content=\"Smaragdovozelen\u00e1 le\u0148o\u0161ka Chesterfield &#187; iKuchyne iSHOP s n\u00e1bytkom\" \/>\n<meta property=\"og:description\" content=\"Smaragdovozelen\u00e1 zamatov\u00e1 le\u0148o\u0161ka Chesterfield \u00bb r\u00fdchle dodanie, poradenstvo, n\u00e1bytok skladom v Bratislave s ikuchyne.sk - kuchyne na mieru.\" \/>\n<meta property=\"og:url\" content=\"https:\/\/www.ikuchyne.sk\/eshop\/produkt\/smaragdovozelena-zamatova-lenoska-chesterfield\/\" \/>\n<meta property=\"og:site_name\" content=\"iKuchyne iSHOP s n\u00e1bytkom\" \/>\n<meta property=\"article:publisher\" content=\"https:\/\/www.facebook.com\/ikuchyne\/\" \/>\n<meta property=\"article:modified_time\" content=\"2021-03-19T13:56:29+00:00\" \/>\n<meta property=\"og:image\" content=\"https:\/\/www.ikuchyne.sk\/eshop\/wp-content\/uploads\/2019\/10\/Recamiere-Chesterfield-smaragdzelena-zamat-39429.jpg\" \/>\n\t<meta property=\"og:image:width\" content=\"800\" \/>\n\t<meta property=\"og:image:height\" content=\"533\" \/>\n\t<meta property=\"og:image:type\" content=\"image\/jpeg\" \/>\n<meta name=\"twitter:card\" content=\"summary_large_image\" \/>\n<meta name=\"twitter:label1\" content=\"Predpokladan\u00fd \u010das \u010d\u00edtania\" \/>\n\t<meta name=\"twitter:data1\" content=\"2 min\u00faty\" \/>\n<script type=\"application\/ld+json\" class=\"yoast-schema-graph\">{\"@context\":\"https:\/\/schema.org\",\"@graph\":[{\"@type\":\"WebPage\",\"@id\":\"https:\/\/www.ikuchyne.sk\/eshop\/produkt\/smaragdovozelena-zamatova-lenoska-chesterfield\/\",\"url\":\"https:\/\/www.ikuchyne.sk\/eshop\/produkt\/smaragdovozelena-zamatova-lenoska-chesterfield\/\",\"name\":\"Smaragdovozelen\u00e1 le\u0148o\u0161ka Chesterfield &#187; iKuchyne iSHOP s n\u00e1bytkom\",\"isPartOf\":{\"@id\":\"https:\/\/www.ikuchyne.sk\/eshop\/#website\"},\"datePublished\":\"2019-11-04T14:44:30+00:00\",\"dateModified\":\"2021-03-19T13:56:29+00:00\",\"description\":\"Smaragdovozelen\u00e1 zamatov\u00e1 le\u0148o\u0161ka Chesterfield \u00bb r\u00fdchle dodanie, poradenstvo, n\u00e1bytok skladom v Bratislave s ikuchyne.sk - kuchyne na mieru.\",\"breadcrumb\":{\"@id\":\"https:\/\/www.ikuchyne.sk\/eshop\/produkt\/smaragdovozelena-zamatova-lenoska-chesterfield\/#breadcrumb\"},\"inLanguage\":\"sk-SK\",\"potentialAction\":[{\"@type\":\"ReadAction\",\"target\":[\"https:\/\/www.ikuchyne.sk\/eshop\/produkt\/smaragdovozelena-zamatova-lenoska-chesterfield\/\"]}]},{\"@type\":\"BreadcrumbList\",\"@id\":\"https:\/\/www.ikuchyne.sk\/eshop\/produkt\/smaragdovozelena-zamatova-lenoska-chesterfield\/#breadcrumb\",\"itemListElement\":[{\"@type\":\"ListItem\",\"position\":1,\"name\":\"Home\",\"item\":\"https:\/\/www.ikuchyne.sk\/eshop\/\"},{\"@type\":\"ListItem\",\"position\":2,\"name\":\"Obchod\",\"item\":\"https:\/\/www.ikuchyne.sk\/eshop\/obchod\/\"},{\"@type\":\"ListItem\",\"position\":3,\"name\":\"Smaragdovozelen\u00e1 zamatov\u00e1 le\u0148o\u0161ka Chesterfield \u00bb\"}]},{\"@type\":\"WebSite\",\"@id\":\"https:\/\/www.ikuchyne.sk\/eshop\/#website\",\"url\":\"https:\/\/www.ikuchyne.sk\/eshop\/\",\"name\":\"iKuchyne iSHOP s n\u00e1bytkom\",\"description\":\"Jed\u00e1lensk\u00e9 stoly, stoli\u010dky, n\u00e1bytok, svietidl\u00e1...\",\"publisher\":{\"@id\":\"https:\/\/www.ikuchyne.sk\/eshop\/#organization\"},\"potentialAction\":[{\"@type\":\"SearchAction\",\"target\":{\"@type\":\"EntryPoint\",\"urlTemplate\":\"https:\/\/www.ikuchyne.sk\/eshop\/?s={search_term_string}\"},\"query-input\":\"required name=search_term_string\"}],\"inLanguage\":\"sk-SK\"},{\"@type\":\"Organization\",\"@id\":\"https:\/\/www.ikuchyne.sk\/eshop\/#organization\",\"name\":\"ikuchyne!\",\"url\":\"https:\/\/www.ikuchyne.sk\/eshop\/\",\"logo\":{\"@type\":\"ImageObject\",\"inLanguage\":\"sk-SK\",\"@id\":\"https:\/\/www.ikuchyne.sk\/eshop\/#\/schema\/logo\/image\/\",\"url\":\"https:\/\/www.ikuchyne.sk\/eshop\/wp-content\/uploads\/2017\/04\/ikuchyne-logo.jpg\",\"contentUrl\":\"https:\/\/www.ikuchyne.sk\/eshop\/wp-content\/uploads\/2017\/04\/ikuchyne-logo.jpg\",\"width\":200,\"height\":48,\"caption\":\"ikuchyne!\"},\"image\":{\"@id\":\"https:\/\/www.ikuchyne.sk\/eshop\/#\/schema\/logo\/image\/\"},\"sameAs\":[\"https:\/\/www.facebook.com\/ikuchyne\/\",\"https:\/\/www.instagram.com\/ikuchyne.sk\/\",\"https:\/\/sk.pinterest.com\/ikuchynesk\/\"]}]}<\/script>\n<!-- \/ Yoast SEO plugin. -->","yoast_head_json":{"title":"Smaragdovozelen\u00e1 le\u0148o\u0161ka Chesterfield &#187; iKuchyne iSHOP s n\u00e1bytkom","description":"Smaragdovozelen\u00e1 zamatov\u00e1 le\u0148o\u0161ka Chesterfield \u00bb r\u00fdchle dodanie, poradenstvo, n\u00e1bytok skladom v Bratislave s ikuchyne.sk - kuchyne na mieru.","robots":{"index":"index","follow":"follow","max-snippet":"max-snippet:-1","max-image-preview":"max-image-preview:large","max-video-preview":"max-video-preview:-1"},"canonical":"https:\/\/www.ikuchyne.sk\/eshop\/produkt\/smaragdovozelena-zamatova-lenoska-chesterfield\/","og_locale":"sk_SK","og_type":"article","og_title":"Smaragdovozelen\u00e1 le\u0148o\u0161ka Chesterfield &#187; iKuchyne iSHOP s n\u00e1bytkom","og_description":"Smaragdovozelen\u00e1 zamatov\u00e1 le\u0148o\u0161ka Chesterfield \u00bb r\u00fdchle dodanie, poradenstvo, n\u00e1bytok skladom v Bratislave s ikuchyne.sk - kuchyne na mieru.","og_url":"https:\/\/www.ikuchyne.sk\/eshop\/produkt\/smaragdovozelena-zamatova-lenoska-chesterfield\/","og_site_name":"iKuchyne iSHOP s n\u00e1bytkom","article_publisher":"https:\/\/www.facebook.com\/ikuchyne\/","article_modified_time":"2021-03-19T13:56:29+00:00","og_image":[{"width":800,"height":533,"url":"https:\/\/www.ikuchyne.sk\/eshop\/wp-content\/uploads\/2019\/10\/Recamiere-Chesterfield-smaragdzelena-zamat-39429.jpg","type":"image\/jpeg"}],"twitter_card":"summary_large_image","twitter_misc":{"Predpokladan\u00fd \u010das \u010d\u00edtania":"2 min\u00faty"},"schema":{"@context":"https:\/\/schema.org","@graph":[{"@type":"WebPage","@id":"https:\/\/www.ikuchyne.sk\/eshop\/produkt\/smaragdovozelena-zamatova-lenoska-chesterfield\/","url":"https:\/\/www.ikuchyne.sk\/eshop\/produkt\/smaragdovozelena-zamatova-lenoska-chesterfield\/","name":"Smaragdovozelen\u00e1 le\u0148o\u0161ka Chesterfield &#187; iKuchyne iSHOP s n\u00e1bytkom","isPartOf":{"@id":"https:\/\/www.ikuchyne.sk\/eshop\/#website"},"datePublished":"2019-11-04T14:44:30+00:00","dateModified":"2021-03-19T13:56:29+00:00","description":"Smaragdovozelen\u00e1 zamatov\u00e1 le\u0148o\u0161ka Chesterfield \u00bb r\u00fdchle dodanie, poradenstvo, n\u00e1bytok skladom v Bratislave s ikuchyne.sk - kuchyne na mieru.","breadcrumb":{"@id":"https:\/\/www.ikuchyne.sk\/eshop\/produkt\/smaragdovozelena-zamatova-lenoska-chesterfield\/#breadcrumb"},"inLanguage":"sk-SK","potentialAction":[{"@type":"ReadAction","target":["https:\/\/www.ikuchyne.sk\/eshop\/produkt\/smaragdovozelena-zamatova-lenoska-chesterfield\/"]}]},{"@type":"BreadcrumbList","@id":"https:\/\/www.ikuchyne.sk\/eshop\/produkt\/smaragdovozelena-zamatova-lenoska-chesterfield\/#breadcrumb","itemListElement":[{"@type":"ListItem","position":1,"name":"Home","item":"https:\/\/www.ikuchyne.sk\/eshop\/"},{"@type":"ListItem","position":2,"name":"Obchod","item":"https:\/\/www.ikuchyne.sk\/eshop\/obchod\/"},{"@type":"ListItem","position":3,"name":"Smaragdovozelen\u00e1 zamatov\u00e1 le\u0148o\u0161ka Chesterfield \u00bb"}]},{"@type":"WebSite","@id":"https:\/\/www.ikuchyne.sk\/eshop\/#website","url":"https:\/\/www.ikuchyne.sk\/eshop\/","name":"iKuchyne iSHOP s n\u00e1bytkom","description":"Jed\u00e1lensk\u00e9 stoly, stoli\u010dky, n\u00e1bytok, svietidl\u00e1...","publisher":{"@id":"https:\/\/www.ikuchyne.sk\/eshop\/#organization"},"potentialAction":[{"@type":"SearchAction","target":{"@type":"EntryPoint","urlTemplate":"https:\/\/www.ikuchyne.sk\/eshop\/?s={search_term_string}"},"query-input":"required name=search_term_string"}],"inLanguage":"sk-SK"},{"@type":"Organization","@id":"https:\/\/www.ikuchyne.sk\/eshop\/#organization","name":"ikuchyne!","url":"https:\/\/www.ikuchyne.sk\/eshop\/","logo":{"@type":"ImageObject","inLanguage":"sk-SK","@id":"https:\/\/www.ikuchyne.sk\/eshop\/#\/schema\/logo\/image\/","url":"https:\/\/www.ikuchyne.sk\/eshop\/wp-content\/uploads\/2017\/04\/ikuchyne-logo.jpg","contentUrl":"https:\/\/www.ikuchyne.sk\/eshop\/wp-content\/uploads\/2017\/04\/ikuchyne-logo.jpg","width":200,"height":48,"caption":"ikuchyne!"},"image":{"@id":"https:\/\/www.ikuchyne.sk\/eshop\/#\/schema\/logo\/image\/"},"sameAs":["https:\/\/www.facebook.com\/ikuchyne\/","https:\/\/www.instagram.com\/ikuchyne.sk\/","https:\/\/sk.pinterest.com\/ikuchynesk\/"]}]}},"_links":{"self":[{"href":"https:\/\/www.ikuchyne.sk\/eshop\/wp-json\/wp\/v2\/product\/118001"}],"collection":[{"href":"https:\/\/www.ikuchyne.sk\/eshop\/wp-json\/wp\/v2\/product"}],"about":[{"href":"https:\/\/www.ikuchyne.sk\/eshop\/wp-json\/wp\/v2\/types\/product"}],"replies":[{"embeddable":true,"href":"https:\/\/www.ikuchyne.sk\/eshop\/wp-json\/wp\/v2\/comments?post=118001"}],"wp:featuredmedia":[{"embeddable":true,"href":"https:\/\/www.ikuchyne.sk\/eshop\/wp-json\/wp\/v2\/media\/118002"}],"wp:attachment":[{"href":"https:\/\/www.ikuchyne.sk\/eshop\/wp-json\/wp\/v2\/media?parent=118001"}],"wp:term":[{"taxonomy":"product_cat","embeddable":true,"href":"https:\/\/www.ikuchyne.sk\/eshop\/wp-json\/wp\/v2\/product_cat?post=118001"},{"taxonomy":"product_tag","embeddable":true,"href":"https:\/\/www.ikuchyne.sk\/eshop\/wp-json\/wp\/v2\/product_tag?post=118001"}],"curies":[{"name":"wp","href":"https:\/\/api.w.org\/{rel}","templated":true}]}}