{"id":121538,"date":"2020-01-12T22:50:30","date_gmt":"2020-01-12T21:50:30","guid":{"rendered":"https:\/\/ikuchyne.sk\/eshop\/?post_type=product&#038;p=121538"},"modified":"2024-01-31T09:41:33","modified_gmt":"2024-01-31T08:41:33","slug":"siva-barova-stolicka-big-aston-ii","status":"publish","type":"product","link":"https:\/\/www.ikuchyne.sk\/eshop\/produkt\/siva-barova-stolicka-big-aston-ii\/","title":{"rendered":"Siv\u00e1 barov\u00e1 stoli\u010dka Big Aston II"},"content":{"rendered":"<h1>Siv\u00e1 barov\u00e1 stoli\u010dka Big Aston<\/h1>\n<p><strong>V\u0161eobecn\u00fd opis barovej stoli\u010dky:<\/strong><br \/>\nBarov\u00e1 stoli\u010dka na ly\u017einovom podstavci zaru\u010dene zaujme nie len svojim modern\u00fdm dizajnom, ale aj pohodl\u00edm, ktor\u00e9 pon\u00faka. Ur\u010dite pote\u0161\u00ed, \u017ee stoli\u010dka m\u00e1 v r\u00e1me aj opierku na nohy. S touto barovou stoli\u010dkou sa teda m\u00f4\u017eete te\u0161i\u0165 na dlh\u00e9 pohodov\u00e9 ve\u010dery s priate\u013emi! Barov\u00e1 stoli\u010dka Big Aston sa m\u00f4\u017ee pochv\u00e1li\u0165 vysoko kvalitn\u00fdm po\u0165ahom z mikrovl\u00e1kna a neprekonate\u013en\u00fdm elegantn\u00fdm dizajnom. V\u010faka vkusne tvarovan\u00e9mu a kvalitn\u00e9mu \u017eelezn\u00e9mu r\u00e1mu a \u0161t\u00fdlov\u00e9mu pre\u0161\u00edvaniu sa z nej stane skuto\u010dn\u00e1 l\u00e1ska na prv\u00fd poh\u013ead!<\/p>\n<p><strong>\u010eal\u0161ie inform\u00e1cie:<\/strong><br \/>\nV pr\u00edpade zne\u010distenia , pou\u017e\u00edvajte iba prostriedky na b\u00e1ze vody, ur\u010dite nepou\u017e\u00edvajte bielidl\u00e1. Ak nepom\u00f4\u017ee vysu\u0161enie suchou handri\u010dkou, naneste mal\u00e9 mno\u017estvo \u010distiaceho prostriedku na zne\u010disten\u00e9 plochy. \u010cakajte 2-3 min\u00faty a z\u013eahka vy\u010distite kr\u00fa\u017eiv\u00fdmi pohybmi, k\u00fdm \u0161kvrna nezmizne.<\/p>\n<p><b>Rozmery<\/b>:<br \/>\n\u0160\u00edrka: 42cm<br \/>\nV\u00fd\u0161ka: 99cm<br \/>\nH\u013abka: 55cm<\/p>\n<p><strong>Sedenie:<\/strong>\u00a055cm x 40cm x 67cm<br \/>\n<strong>V\u00fd\u0161ka operadla:<\/strong>\u00a035cm<br \/>\n<strong>V\u00fd\u0161ka n\u00f4h:<\/strong>\u00a026cm<\/p>\n<p><b>Farba:<\/b> siv\u00e1<br \/>\n<b>Materi\u00e1l:<\/b>\u00a0mikrovl\u00e1kno<\/p>\n","protected":false},"excerpt":{"rendered":"<p>Siv\u00e1 barov\u00e1 stoli\u010dka Big Aston V\u0161eobecn\u00fd opis barovej stoli\u010dky: Barov\u00e1 stoli\u010dka na ly\u017einovom podstavci zaru\u010dene zaujme nie len svojim modern\u00fdm dizajnom, ale aj pohodl\u00edm, ktor\u00e9 pon\u00faka. Ur\u010dite pote\u0161\u00ed, \u017ee stoli\u010dka<\/p>\n","protected":false},"featured_media":121539,"comment_status":"closed","ping_status":"closed","template":"","meta":[],"product_cat":[311,772,288],"product_tag":[291],"yoast_head":"<!-- This site is optimized with the Yoast SEO plugin v22.1 - https:\/\/yoast.com\/wordpress\/plugins\/seo\/ -->\n<title>Siv\u00e1 barov\u00e1 stoli\u010dka Big Aston II &#187; iKuchyne iSHOP s n\u00e1bytkom<\/title>\n<meta name=\"description\" content=\"K\u00fapte si u n\u00e1s Siv\u00e1 barov\u00e1 stoli\u010dka Big Aston II za akciov\u00fa cenu. R\u00fdchle dodanie tovaru, odborn\u00e9 poradenstvo a stovky produktov skladom. Siv\u00e1 barov\u00e1 stoli\u010dka Big Aston II sa stane dominantou V\u00e1\u0161ho interi\u00e9ru. Internetov\u00fd obchod ikuchyne! pon\u00faka odber Siv\u00e1 barov\u00e1 stoli\u010dka Big Aston II u\u017e od 1 kusu.\" \/>\n<meta name=\"robots\" content=\"index, follow, max-snippet:-1, max-image-preview:large, max-video-preview:-1\" \/>\n<link rel=\"canonical\" href=\"https:\/\/www.ikuchyne.sk\/eshop\/produkt\/siva-barova-stolicka-big-aston-ii\/\" \/>\n<meta property=\"og:locale\" content=\"sk_SK\" \/>\n<meta property=\"og:type\" content=\"article\" \/>\n<meta property=\"og:title\" content=\"Siv\u00e1 barov\u00e1 stoli\u010dka Big Aston II &#187; iKuchyne iSHOP s n\u00e1bytkom\" \/>\n<meta property=\"og:description\" content=\"K\u00fapte si u n\u00e1s Siv\u00e1 barov\u00e1 stoli\u010dka Big Aston II za akciov\u00fa cenu. R\u00fdchle dodanie tovaru, odborn\u00e9 poradenstvo a stovky produktov skladom. Siv\u00e1 barov\u00e1 stoli\u010dka Big Aston II sa stane dominantou V\u00e1\u0161ho interi\u00e9ru. Internetov\u00fd obchod ikuchyne! pon\u00faka odber Siv\u00e1 barov\u00e1 stoli\u010dka Big Aston II u\u017e od 1 kusu.\" \/>\n<meta property=\"og:url\" content=\"https:\/\/www.ikuchyne.sk\/eshop\/produkt\/siva-barova-stolicka-big-aston-ii\/\" \/>\n<meta property=\"og:site_name\" content=\"iKuchyne iSHOP s n\u00e1bytkom\" \/>\n<meta property=\"article:publisher\" content=\"https:\/\/www.facebook.com\/ikuchyne\/\" \/>\n<meta property=\"article:modified_time\" content=\"2024-01-31T08:41:33+00:00\" \/>\n<meta property=\"og:image\" content=\"https:\/\/www.ikuchyne.sk\/eshop\/wp-content\/uploads\/2020\/01\/Barstuhl-Big-Aston-II-antik-siva-40006.jpg\" \/>\n\t<meta property=\"og:image:width\" content=\"800\" \/>\n\t<meta property=\"og:image:height\" content=\"533\" \/>\n\t<meta property=\"og:image:type\" content=\"image\/jpeg\" \/>\n<meta name=\"twitter:card\" content=\"summary_large_image\" \/>\n<meta name=\"twitter:label1\" content=\"Predpokladan\u00fd \u010das \u010d\u00edtania\" \/>\n\t<meta name=\"twitter:data1\" content=\"1 min\u00fata\" \/>\n<script type=\"application\/ld+json\" class=\"yoast-schema-graph\">{\"@context\":\"https:\/\/schema.org\",\"@graph\":[{\"@type\":\"WebPage\",\"@id\":\"https:\/\/www.ikuchyne.sk\/eshop\/produkt\/siva-barova-stolicka-big-aston-ii\/\",\"url\":\"https:\/\/www.ikuchyne.sk\/eshop\/produkt\/siva-barova-stolicka-big-aston-ii\/\",\"name\":\"Siv\u00e1 barov\u00e1 stoli\u010dka Big Aston II &#187; iKuchyne iSHOP s n\u00e1bytkom\",\"isPartOf\":{\"@id\":\"https:\/\/www.ikuchyne.sk\/eshop\/#website\"},\"datePublished\":\"2020-01-12T21:50:30+00:00\",\"dateModified\":\"2024-01-31T08:41:33+00:00\",\"description\":\"K\u00fapte si u n\u00e1s Siv\u00e1 barov\u00e1 stoli\u010dka Big Aston II za akciov\u00fa cenu. R\u00fdchle dodanie tovaru, odborn\u00e9 poradenstvo a stovky produktov skladom. Siv\u00e1 barov\u00e1 stoli\u010dka Big Aston II sa stane dominantou V\u00e1\u0161ho interi\u00e9ru. Internetov\u00fd obchod ikuchyne! pon\u00faka odber Siv\u00e1 barov\u00e1 stoli\u010dka Big Aston II u\u017e od 1 kusu.\",\"breadcrumb\":{\"@id\":\"https:\/\/www.ikuchyne.sk\/eshop\/produkt\/siva-barova-stolicka-big-aston-ii\/#breadcrumb\"},\"inLanguage\":\"sk-SK\",\"potentialAction\":[{\"@type\":\"ReadAction\",\"target\":[\"https:\/\/www.ikuchyne.sk\/eshop\/produkt\/siva-barova-stolicka-big-aston-ii\/\"]}]},{\"@type\":\"BreadcrumbList\",\"@id\":\"https:\/\/www.ikuchyne.sk\/eshop\/produkt\/siva-barova-stolicka-big-aston-ii\/#breadcrumb\",\"itemListElement\":[{\"@type\":\"ListItem\",\"position\":1,\"name\":\"Home\",\"item\":\"https:\/\/www.ikuchyne.sk\/eshop\/\"},{\"@type\":\"ListItem\",\"position\":2,\"name\":\"Obchod\",\"item\":\"https:\/\/www.ikuchyne.sk\/eshop\/obchod\/\"},{\"@type\":\"ListItem\",\"position\":3,\"name\":\"Siv\u00e1 barov\u00e1 stoli\u010dka Big Aston II\"}]},{\"@type\":\"WebSite\",\"@id\":\"https:\/\/www.ikuchyne.sk\/eshop\/#website\",\"url\":\"https:\/\/www.ikuchyne.sk\/eshop\/\",\"name\":\"iKuchyne iSHOP s n\u00e1bytkom\",\"description\":\"Jed\u00e1lensk\u00e9 stoly, stoli\u010dky, n\u00e1bytok, svietidl\u00e1...\",\"publisher\":{\"@id\":\"https:\/\/www.ikuchyne.sk\/eshop\/#organization\"},\"potentialAction\":[{\"@type\":\"SearchAction\",\"target\":{\"@type\":\"EntryPoint\",\"urlTemplate\":\"https:\/\/www.ikuchyne.sk\/eshop\/?s={search_term_string}\"},\"query-input\":\"required name=search_term_string\"}],\"inLanguage\":\"sk-SK\"},{\"@type\":\"Organization\",\"@id\":\"https:\/\/www.ikuchyne.sk\/eshop\/#organization\",\"name\":\"ikuchyne!\",\"url\":\"https:\/\/www.ikuchyne.sk\/eshop\/\",\"logo\":{\"@type\":\"ImageObject\",\"inLanguage\":\"sk-SK\",\"@id\":\"https:\/\/www.ikuchyne.sk\/eshop\/#\/schema\/logo\/image\/\",\"url\":\"https:\/\/www.ikuchyne.sk\/eshop\/wp-content\/uploads\/2017\/04\/ikuchyne-logo.jpg\",\"contentUrl\":\"https:\/\/www.ikuchyne.sk\/eshop\/wp-content\/uploads\/2017\/04\/ikuchyne-logo.jpg\",\"width\":200,\"height\":48,\"caption\":\"ikuchyne!\"},\"image\":{\"@id\":\"https:\/\/www.ikuchyne.sk\/eshop\/#\/schema\/logo\/image\/\"},\"sameAs\":[\"https:\/\/www.facebook.com\/ikuchyne\/\",\"https:\/\/www.instagram.com\/ikuchyne.sk\/\",\"https:\/\/sk.pinterest.com\/ikuchynesk\/\"]}]}<\/script>\n<!-- \/ Yoast SEO plugin. -->","yoast_head_json":{"title":"Siv\u00e1 barov\u00e1 stoli\u010dka Big Aston II &#187; iKuchyne iSHOP s n\u00e1bytkom","description":"K\u00fapte si u n\u00e1s Siv\u00e1 barov\u00e1 stoli\u010dka Big Aston II za akciov\u00fa cenu. R\u00fdchle dodanie tovaru, odborn\u00e9 poradenstvo a stovky produktov skladom. Siv\u00e1 barov\u00e1 stoli\u010dka Big Aston II sa stane dominantou V\u00e1\u0161ho interi\u00e9ru. Internetov\u00fd obchod ikuchyne! pon\u00faka odber Siv\u00e1 barov\u00e1 stoli\u010dka Big Aston II u\u017e od 1 kusu.","robots":{"index":"index","follow":"follow","max-snippet":"max-snippet:-1","max-image-preview":"max-image-preview:large","max-video-preview":"max-video-preview:-1"},"canonical":"https:\/\/www.ikuchyne.sk\/eshop\/produkt\/siva-barova-stolicka-big-aston-ii\/","og_locale":"sk_SK","og_type":"article","og_title":"Siv\u00e1 barov\u00e1 stoli\u010dka Big Aston II &#187; iKuchyne iSHOP s n\u00e1bytkom","og_description":"K\u00fapte si u n\u00e1s Siv\u00e1 barov\u00e1 stoli\u010dka Big Aston II za akciov\u00fa cenu. R\u00fdchle dodanie tovaru, odborn\u00e9 poradenstvo a stovky produktov skladom. Siv\u00e1 barov\u00e1 stoli\u010dka Big Aston II sa stane dominantou V\u00e1\u0161ho interi\u00e9ru. Internetov\u00fd obchod ikuchyne! pon\u00faka odber Siv\u00e1 barov\u00e1 stoli\u010dka Big Aston II u\u017e od 1 kusu.","og_url":"https:\/\/www.ikuchyne.sk\/eshop\/produkt\/siva-barova-stolicka-big-aston-ii\/","og_site_name":"iKuchyne iSHOP s n\u00e1bytkom","article_publisher":"https:\/\/www.facebook.com\/ikuchyne\/","article_modified_time":"2024-01-31T08:41:33+00:00","og_image":[{"width":800,"height":533,"url":"https:\/\/www.ikuchyne.sk\/eshop\/wp-content\/uploads\/2020\/01\/Barstuhl-Big-Aston-II-antik-siva-40006.jpg","type":"image\/jpeg"}],"twitter_card":"summary_large_image","twitter_misc":{"Predpokladan\u00fd \u010das \u010d\u00edtania":"1 min\u00fata"},"schema":{"@context":"https:\/\/schema.org","@graph":[{"@type":"WebPage","@id":"https:\/\/www.ikuchyne.sk\/eshop\/produkt\/siva-barova-stolicka-big-aston-ii\/","url":"https:\/\/www.ikuchyne.sk\/eshop\/produkt\/siva-barova-stolicka-big-aston-ii\/","name":"Siv\u00e1 barov\u00e1 stoli\u010dka Big Aston II &#187; iKuchyne iSHOP s n\u00e1bytkom","isPartOf":{"@id":"https:\/\/www.ikuchyne.sk\/eshop\/#website"},"datePublished":"2020-01-12T21:50:30+00:00","dateModified":"2024-01-31T08:41:33+00:00","description":"K\u00fapte si u n\u00e1s Siv\u00e1 barov\u00e1 stoli\u010dka Big Aston II za akciov\u00fa cenu. R\u00fdchle dodanie tovaru, odborn\u00e9 poradenstvo a stovky produktov skladom. Siv\u00e1 barov\u00e1 stoli\u010dka Big Aston II sa stane dominantou V\u00e1\u0161ho interi\u00e9ru. Internetov\u00fd obchod ikuchyne! pon\u00faka odber Siv\u00e1 barov\u00e1 stoli\u010dka Big Aston II u\u017e od 1 kusu.","breadcrumb":{"@id":"https:\/\/www.ikuchyne.sk\/eshop\/produkt\/siva-barova-stolicka-big-aston-ii\/#breadcrumb"},"inLanguage":"sk-SK","potentialAction":[{"@type":"ReadAction","target":["https:\/\/www.ikuchyne.sk\/eshop\/produkt\/siva-barova-stolicka-big-aston-ii\/"]}]},{"@type":"BreadcrumbList","@id":"https:\/\/www.ikuchyne.sk\/eshop\/produkt\/siva-barova-stolicka-big-aston-ii\/#breadcrumb","itemListElement":[{"@type":"ListItem","position":1,"name":"Home","item":"https:\/\/www.ikuchyne.sk\/eshop\/"},{"@type":"ListItem","position":2,"name":"Obchod","item":"https:\/\/www.ikuchyne.sk\/eshop\/obchod\/"},{"@type":"ListItem","position":3,"name":"Siv\u00e1 barov\u00e1 stoli\u010dka Big Aston II"}]},{"@type":"WebSite","@id":"https:\/\/www.ikuchyne.sk\/eshop\/#website","url":"https:\/\/www.ikuchyne.sk\/eshop\/","name":"iKuchyne iSHOP s n\u00e1bytkom","description":"Jed\u00e1lensk\u00e9 stoly, stoli\u010dky, n\u00e1bytok, svietidl\u00e1...","publisher":{"@id":"https:\/\/www.ikuchyne.sk\/eshop\/#organization"},"potentialAction":[{"@type":"SearchAction","target":{"@type":"EntryPoint","urlTemplate":"https:\/\/www.ikuchyne.sk\/eshop\/?s={search_term_string}"},"query-input":"required name=search_term_string"}],"inLanguage":"sk-SK"},{"@type":"Organization","@id":"https:\/\/www.ikuchyne.sk\/eshop\/#organization","name":"ikuchyne!","url":"https:\/\/www.ikuchyne.sk\/eshop\/","logo":{"@type":"ImageObject","inLanguage":"sk-SK","@id":"https:\/\/www.ikuchyne.sk\/eshop\/#\/schema\/logo\/image\/","url":"https:\/\/www.ikuchyne.sk\/eshop\/wp-content\/uploads\/2017\/04\/ikuchyne-logo.jpg","contentUrl":"https:\/\/www.ikuchyne.sk\/eshop\/wp-content\/uploads\/2017\/04\/ikuchyne-logo.jpg","width":200,"height":48,"caption":"ikuchyne!"},"image":{"@id":"https:\/\/www.ikuchyne.sk\/eshop\/#\/schema\/logo\/image\/"},"sameAs":["https:\/\/www.facebook.com\/ikuchyne\/","https:\/\/www.instagram.com\/ikuchyne.sk\/","https:\/\/sk.pinterest.com\/ikuchynesk\/"]}]}},"_links":{"self":[{"href":"https:\/\/www.ikuchyne.sk\/eshop\/wp-json\/wp\/v2\/product\/121538"}],"collection":[{"href":"https:\/\/www.ikuchyne.sk\/eshop\/wp-json\/wp\/v2\/product"}],"about":[{"href":"https:\/\/www.ikuchyne.sk\/eshop\/wp-json\/wp\/v2\/types\/product"}],"replies":[{"embeddable":true,"href":"https:\/\/www.ikuchyne.sk\/eshop\/wp-json\/wp\/v2\/comments?post=121538"}],"wp:featuredmedia":[{"embeddable":true,"href":"https:\/\/www.ikuchyne.sk\/eshop\/wp-json\/wp\/v2\/media\/121539"}],"wp:attachment":[{"href":"https:\/\/www.ikuchyne.sk\/eshop\/wp-json\/wp\/v2\/media?parent=121538"}],"wp:term":[{"taxonomy":"product_cat","embeddable":true,"href":"https:\/\/www.ikuchyne.sk\/eshop\/wp-json\/wp\/v2\/product_cat?post=121538"},{"taxonomy":"product_tag","embeddable":true,"href":"https:\/\/www.ikuchyne.sk\/eshop\/wp-json\/wp\/v2\/product_tag?post=121538"}],"curies":[{"name":"wp","href":"https:\/\/api.w.org\/{rel}","templated":true}]}}