{"id":12192,"date":"2018-02-08T13:35:40","date_gmt":"2018-02-08T12:35:40","guid":{"rendered":"http:\/\/potocan.com\/eshop\/produkt\/taburet-castle-45cm-divy-dub\/"},"modified":"2024-03-10T19:20:10","modified_gmt":"2024-03-10T18:20:10","slug":"dreveny-taburet-castle-30-x-30-cm","status":"publish","type":"product","link":"https:\/\/www.ikuchyne.sk\/eshop\/produkt\/dreveny-taburet-castle-30-x-30-cm\/","title":{"rendered":"Dreven\u00fd taburet Castle 30 x 30 cm \u00bb"},"content":{"rendered":"<h1>Dreven\u00fd taburet Castle 30 x 30 cm<\/h1>\n<p><strong>V\u0161eobecn\u00fd opis taburetu:<br \/>\n<\/strong>Mohutn\u00fd dreven\u00fd taburet prin\u00e1\u0161a k\u00fasok pr\u00edrody do va\u0161ej ob\u00fdva\u010dk. Vynikne v interi\u00e9ri vo vidieckom \u0161t\u00fdle. Ide o poctiv\u00fd kus n\u00e1bytku s pevnou stavbou, ktor\u00fd posl\u00fa\u017ei nielen na sedenie, no tie\u017e aj ako mal\u00fd konferen\u010dn\u00fd stol\u00edk. Je vytvoren\u00fd z mas\u00edvu olejovan\u00e9ho divok\u00e9ho duba. Toto drevo je v na\u0161ich zemepisn\u00fdch \u0161\u00edrkach ve\u013emi ob\u013e\u00faben\u00e9 kv\u00f4li jeho odolnosti a pr\u00edjemnej teplej farbe. Podno\u017e tvoria \u0161tyri mohutn\u00e9 dreven\u00e9 nohy. Tento taburet je ve\u013emi praktick\u00fd a stabiln\u00fd.<\/p>\n<p><strong>Sed\u00e1k taburetu:<br \/>\n<\/strong>Povrch taburetu je vyroben\u00fd z mas\u00edvu olejovan\u00e9ho divok\u00e9ho duba.<\/p>\n<p><strong>Podno\u017e taburetu:<br \/>\n<\/strong>Podno\u017e taburetu je tvoren\u00e1 \u0161tyrmi hrub\u00fdmi dreven\u00fdmi nohami.<\/p>\n<p><strong>\u010eal\u0161ie inform\u00e1cie:<br \/>\n<\/strong>Ke\u010f\u017ee sa jedn\u00e1 o ru\u010dn\u00fa pr\u00e1cu a z\u00e1rove\u0148 pr\u00edrodn\u00fd produkt, m\u00f4\u017eu sa jednotliv\u00e9 kusy od seba mierne l\u00ed\u0161i\u0165 (farebne, ve\u013ekos\u0165ou alebo nerovnos\u0165ami). Na o\u0161etrovanie pou\u017e\u00edvame bavlnen\u00fa handri\u010dku a na udr\u017eanie svie\u017eeho vzh\u013eadu raz za tri mesiace \u013eanov\u00fd olej alebo vosk. Pou\u017e\u00edvame pr\u00edpravky len na \u00fadr\u017ebu dreva.<\/p>\n<p><b>Rozmery taburetu:<br \/>\n<\/b>\u0160\u00edrka taburetu: 30 cm<br \/>\nD\u013a\u017eka taburetu: 30 cm<br \/>\nV\u00fd\u0161ka taburetu: 45 cm<\/p>\n<p><b>Materi\u00e1l:\u00a0<\/b>drevo (mas\u00edv) \u2013 olejovan\u00fd divok\u00fd dub<\/p>\n<p><b>Farba:<\/b>\u00a0pr\u00edrodn\u00e1<\/p>\n","protected":false},"excerpt":{"rendered":"<p>Dreven\u00fd taburet Castle 30 x 30 cm V\u0161eobecn\u00fd opis taburetu: Mohutn\u00fd dreven\u00fd taburet prin\u00e1\u0161a k\u00fasok pr\u00edrody do va\u0161ej ob\u00fdva\u010dk. Vynikne v interi\u00e9ri vo vidieckom \u0161t\u00fdle. Ide o poctiv\u00fd kus n\u00e1bytku<\/p>\n","protected":false},"featured_media":12193,"comment_status":"open","ping_status":"closed","template":"","meta":[],"product_cat":[604],"product_tag":[],"yoast_head":"<!-- This site is optimized with the Yoast SEO plugin v22.1 - https:\/\/yoast.com\/wordpress\/plugins\/seo\/ -->\n<title>Dreven\u00fd taburet Castle 30 x 30 cm \u00bb &#187; iKuchyne iSHOP s n\u00e1bytkom<\/title>\n<meta name=\"description\" content=\"K\u00fapte si u n\u00e1s Dreven\u00fd taburet Castle 30 x 30 cm \u00bb za akciov\u00fa cenu. R\u00fdchle dodanie tovaru, odborn\u00e9 poradenstvo a stovky produktov skladom. Dreven\u00fd taburet Castle 30 x 30 cm \u00bb sa stane dominantou V\u00e1\u0161ho interi\u00e9ru. Internetov\u00fd obchod ikuchyne! pon\u00faka odber Dreven\u00fd taburet Castle 30 x 30 cm \u00bb u\u017e od 1 kusu.\" \/>\n<meta name=\"robots\" content=\"index, follow, max-snippet:-1, max-image-preview:large, max-video-preview:-1\" \/>\n<link rel=\"canonical\" href=\"https:\/\/www.ikuchyne.sk\/eshop\/produkt\/dreveny-taburet-castle-30-x-30-cm\/\" \/>\n<meta property=\"og:locale\" content=\"sk_SK\" \/>\n<meta property=\"og:type\" content=\"article\" \/>\n<meta property=\"og:title\" content=\"Dreven\u00fd taburet Castle 30 x 30 cm \u00bb &#187; iKuchyne iSHOP s n\u00e1bytkom\" \/>\n<meta property=\"og:description\" content=\"K\u00fapte si u n\u00e1s Dreven\u00fd taburet Castle 30 x 30 cm \u00bb za akciov\u00fa cenu. R\u00fdchle dodanie tovaru, odborn\u00e9 poradenstvo a stovky produktov skladom. Dreven\u00fd taburet Castle 30 x 30 cm \u00bb sa stane dominantou V\u00e1\u0161ho interi\u00e9ru. Internetov\u00fd obchod ikuchyne! pon\u00faka odber Dreven\u00fd taburet Castle 30 x 30 cm \u00bb u\u017e od 1 kusu.\" \/>\n<meta property=\"og:url\" content=\"https:\/\/www.ikuchyne.sk\/eshop\/produkt\/dreveny-taburet-castle-30-x-30-cm\/\" \/>\n<meta property=\"og:site_name\" content=\"iKuchyne iSHOP s n\u00e1bytkom\" \/>\n<meta property=\"article:publisher\" content=\"https:\/\/www.facebook.com\/ikuchyne\/\" \/>\n<meta property=\"article:modified_time\" content=\"2024-03-10T18:20:10+00:00\" \/>\n<meta property=\"og:image\" content=\"https:\/\/www.ikuchyne.sk\/eshop\/wp-content\/uploads\/2017\/04\/taburet-castle-45cm.jpg\" \/>\n\t<meta property=\"og:image:width\" content=\"800\" \/>\n\t<meta property=\"og:image:height\" content=\"533\" \/>\n\t<meta property=\"og:image:type\" content=\"image\/jpeg\" \/>\n<meta name=\"twitter:card\" content=\"summary_large_image\" \/>\n<meta name=\"twitter:label1\" content=\"Predpokladan\u00fd \u010das \u010d\u00edtania\" \/>\n\t<meta name=\"twitter:data1\" content=\"1 min\u00fata\" \/>\n<script type=\"application\/ld+json\" class=\"yoast-schema-graph\">{\"@context\":\"https:\/\/schema.org\",\"@graph\":[{\"@type\":\"WebPage\",\"@id\":\"https:\/\/www.ikuchyne.sk\/eshop\/produkt\/dreveny-taburet-castle-30-x-30-cm\/\",\"url\":\"https:\/\/www.ikuchyne.sk\/eshop\/produkt\/dreveny-taburet-castle-30-x-30-cm\/\",\"name\":\"Dreven\u00fd taburet Castle 30 x 30 cm \u00bb &#187; iKuchyne iSHOP s n\u00e1bytkom\",\"isPartOf\":{\"@id\":\"https:\/\/www.ikuchyne.sk\/eshop\/#website\"},\"datePublished\":\"2018-02-08T12:35:40+00:00\",\"dateModified\":\"2024-03-10T18:20:10+00:00\",\"description\":\"K\u00fapte si u n\u00e1s Dreven\u00fd taburet Castle 30 x 30 cm \u00bb za akciov\u00fa cenu. R\u00fdchle dodanie tovaru, odborn\u00e9 poradenstvo a stovky produktov skladom. Dreven\u00fd taburet Castle 30 x 30 cm \u00bb sa stane dominantou V\u00e1\u0161ho interi\u00e9ru. Internetov\u00fd obchod ikuchyne! pon\u00faka odber Dreven\u00fd taburet Castle 30 x 30 cm \u00bb u\u017e od 1 kusu.\",\"breadcrumb\":{\"@id\":\"https:\/\/www.ikuchyne.sk\/eshop\/produkt\/dreveny-taburet-castle-30-x-30-cm\/#breadcrumb\"},\"inLanguage\":\"sk-SK\",\"potentialAction\":[{\"@type\":\"ReadAction\",\"target\":[\"https:\/\/www.ikuchyne.sk\/eshop\/produkt\/dreveny-taburet-castle-30-x-30-cm\/\"]}]},{\"@type\":\"BreadcrumbList\",\"@id\":\"https:\/\/www.ikuchyne.sk\/eshop\/produkt\/dreveny-taburet-castle-30-x-30-cm\/#breadcrumb\",\"itemListElement\":[{\"@type\":\"ListItem\",\"position\":1,\"name\":\"Home\",\"item\":\"https:\/\/www.ikuchyne.sk\/eshop\/\"},{\"@type\":\"ListItem\",\"position\":2,\"name\":\"Obchod\",\"item\":\"https:\/\/www.ikuchyne.sk\/eshop\/obchod\/\"},{\"@type\":\"ListItem\",\"position\":3,\"name\":\"Dreven\u00fd taburet Castle 30 x 30 cm \u00bb\"}]},{\"@type\":\"WebSite\",\"@id\":\"https:\/\/www.ikuchyne.sk\/eshop\/#website\",\"url\":\"https:\/\/www.ikuchyne.sk\/eshop\/\",\"name\":\"iKuchyne iSHOP s n\u00e1bytkom\",\"description\":\"Jed\u00e1lensk\u00e9 stoly, stoli\u010dky, n\u00e1bytok, svietidl\u00e1...\",\"publisher\":{\"@id\":\"https:\/\/www.ikuchyne.sk\/eshop\/#organization\"},\"potentialAction\":[{\"@type\":\"SearchAction\",\"target\":{\"@type\":\"EntryPoint\",\"urlTemplate\":\"https:\/\/www.ikuchyne.sk\/eshop\/?s={search_term_string}\"},\"query-input\":\"required name=search_term_string\"}],\"inLanguage\":\"sk-SK\"},{\"@type\":\"Organization\",\"@id\":\"https:\/\/www.ikuchyne.sk\/eshop\/#organization\",\"name\":\"ikuchyne!\",\"url\":\"https:\/\/www.ikuchyne.sk\/eshop\/\",\"logo\":{\"@type\":\"ImageObject\",\"inLanguage\":\"sk-SK\",\"@id\":\"https:\/\/www.ikuchyne.sk\/eshop\/#\/schema\/logo\/image\/\",\"url\":\"https:\/\/www.ikuchyne.sk\/eshop\/wp-content\/uploads\/2017\/04\/ikuchyne-logo.jpg\",\"contentUrl\":\"https:\/\/www.ikuchyne.sk\/eshop\/wp-content\/uploads\/2017\/04\/ikuchyne-logo.jpg\",\"width\":200,\"height\":48,\"caption\":\"ikuchyne!\"},\"image\":{\"@id\":\"https:\/\/www.ikuchyne.sk\/eshop\/#\/schema\/logo\/image\/\"},\"sameAs\":[\"https:\/\/www.facebook.com\/ikuchyne\/\",\"https:\/\/www.instagram.com\/ikuchyne.sk\/\",\"https:\/\/sk.pinterest.com\/ikuchynesk\/\"]}]}<\/script>\n<!-- \/ Yoast SEO plugin. -->","yoast_head_json":{"title":"Dreven\u00fd taburet Castle 30 x 30 cm \u00bb &#187; iKuchyne iSHOP s n\u00e1bytkom","description":"K\u00fapte si u n\u00e1s Dreven\u00fd taburet Castle 30 x 30 cm \u00bb za akciov\u00fa cenu. R\u00fdchle dodanie tovaru, odborn\u00e9 poradenstvo a stovky produktov skladom. Dreven\u00fd taburet Castle 30 x 30 cm \u00bb sa stane dominantou V\u00e1\u0161ho interi\u00e9ru. Internetov\u00fd obchod ikuchyne! pon\u00faka odber Dreven\u00fd taburet Castle 30 x 30 cm \u00bb u\u017e od 1 kusu.","robots":{"index":"index","follow":"follow","max-snippet":"max-snippet:-1","max-image-preview":"max-image-preview:large","max-video-preview":"max-video-preview:-1"},"canonical":"https:\/\/www.ikuchyne.sk\/eshop\/produkt\/dreveny-taburet-castle-30-x-30-cm\/","og_locale":"sk_SK","og_type":"article","og_title":"Dreven\u00fd taburet Castle 30 x 30 cm \u00bb &#187; iKuchyne iSHOP s n\u00e1bytkom","og_description":"K\u00fapte si u n\u00e1s Dreven\u00fd taburet Castle 30 x 30 cm \u00bb za akciov\u00fa cenu. R\u00fdchle dodanie tovaru, odborn\u00e9 poradenstvo a stovky produktov skladom. Dreven\u00fd taburet Castle 30 x 30 cm \u00bb sa stane dominantou V\u00e1\u0161ho interi\u00e9ru. Internetov\u00fd obchod ikuchyne! pon\u00faka odber Dreven\u00fd taburet Castle 30 x 30 cm \u00bb u\u017e od 1 kusu.","og_url":"https:\/\/www.ikuchyne.sk\/eshop\/produkt\/dreveny-taburet-castle-30-x-30-cm\/","og_site_name":"iKuchyne iSHOP s n\u00e1bytkom","article_publisher":"https:\/\/www.facebook.com\/ikuchyne\/","article_modified_time":"2024-03-10T18:20:10+00:00","og_image":[{"width":800,"height":533,"url":"https:\/\/www.ikuchyne.sk\/eshop\/wp-content\/uploads\/2017\/04\/taburet-castle-45cm.jpg","type":"image\/jpeg"}],"twitter_card":"summary_large_image","twitter_misc":{"Predpokladan\u00fd \u010das \u010d\u00edtania":"1 min\u00fata"},"schema":{"@context":"https:\/\/schema.org","@graph":[{"@type":"WebPage","@id":"https:\/\/www.ikuchyne.sk\/eshop\/produkt\/dreveny-taburet-castle-30-x-30-cm\/","url":"https:\/\/www.ikuchyne.sk\/eshop\/produkt\/dreveny-taburet-castle-30-x-30-cm\/","name":"Dreven\u00fd taburet Castle 30 x 30 cm \u00bb &#187; iKuchyne iSHOP s n\u00e1bytkom","isPartOf":{"@id":"https:\/\/www.ikuchyne.sk\/eshop\/#website"},"datePublished":"2018-02-08T12:35:40+00:00","dateModified":"2024-03-10T18:20:10+00:00","description":"K\u00fapte si u n\u00e1s Dreven\u00fd taburet Castle 30 x 30 cm \u00bb za akciov\u00fa cenu. R\u00fdchle dodanie tovaru, odborn\u00e9 poradenstvo a stovky produktov skladom. Dreven\u00fd taburet Castle 30 x 30 cm \u00bb sa stane dominantou V\u00e1\u0161ho interi\u00e9ru. Internetov\u00fd obchod ikuchyne! pon\u00faka odber Dreven\u00fd taburet Castle 30 x 30 cm \u00bb u\u017e od 1 kusu.","breadcrumb":{"@id":"https:\/\/www.ikuchyne.sk\/eshop\/produkt\/dreveny-taburet-castle-30-x-30-cm\/#breadcrumb"},"inLanguage":"sk-SK","potentialAction":[{"@type":"ReadAction","target":["https:\/\/www.ikuchyne.sk\/eshop\/produkt\/dreveny-taburet-castle-30-x-30-cm\/"]}]},{"@type":"BreadcrumbList","@id":"https:\/\/www.ikuchyne.sk\/eshop\/produkt\/dreveny-taburet-castle-30-x-30-cm\/#breadcrumb","itemListElement":[{"@type":"ListItem","position":1,"name":"Home","item":"https:\/\/www.ikuchyne.sk\/eshop\/"},{"@type":"ListItem","position":2,"name":"Obchod","item":"https:\/\/www.ikuchyne.sk\/eshop\/obchod\/"},{"@type":"ListItem","position":3,"name":"Dreven\u00fd taburet Castle 30 x 30 cm \u00bb"}]},{"@type":"WebSite","@id":"https:\/\/www.ikuchyne.sk\/eshop\/#website","url":"https:\/\/www.ikuchyne.sk\/eshop\/","name":"iKuchyne iSHOP s n\u00e1bytkom","description":"Jed\u00e1lensk\u00e9 stoly, stoli\u010dky, n\u00e1bytok, svietidl\u00e1...","publisher":{"@id":"https:\/\/www.ikuchyne.sk\/eshop\/#organization"},"potentialAction":[{"@type":"SearchAction","target":{"@type":"EntryPoint","urlTemplate":"https:\/\/www.ikuchyne.sk\/eshop\/?s={search_term_string}"},"query-input":"required name=search_term_string"}],"inLanguage":"sk-SK"},{"@type":"Organization","@id":"https:\/\/www.ikuchyne.sk\/eshop\/#organization","name":"ikuchyne!","url":"https:\/\/www.ikuchyne.sk\/eshop\/","logo":{"@type":"ImageObject","inLanguage":"sk-SK","@id":"https:\/\/www.ikuchyne.sk\/eshop\/#\/schema\/logo\/image\/","url":"https:\/\/www.ikuchyne.sk\/eshop\/wp-content\/uploads\/2017\/04\/ikuchyne-logo.jpg","contentUrl":"https:\/\/www.ikuchyne.sk\/eshop\/wp-content\/uploads\/2017\/04\/ikuchyne-logo.jpg","width":200,"height":48,"caption":"ikuchyne!"},"image":{"@id":"https:\/\/www.ikuchyne.sk\/eshop\/#\/schema\/logo\/image\/"},"sameAs":["https:\/\/www.facebook.com\/ikuchyne\/","https:\/\/www.instagram.com\/ikuchyne.sk\/","https:\/\/sk.pinterest.com\/ikuchynesk\/"]}]}},"_links":{"self":[{"href":"https:\/\/www.ikuchyne.sk\/eshop\/wp-json\/wp\/v2\/product\/12192"}],"collection":[{"href":"https:\/\/www.ikuchyne.sk\/eshop\/wp-json\/wp\/v2\/product"}],"about":[{"href":"https:\/\/www.ikuchyne.sk\/eshop\/wp-json\/wp\/v2\/types\/product"}],"replies":[{"embeddable":true,"href":"https:\/\/www.ikuchyne.sk\/eshop\/wp-json\/wp\/v2\/comments?post=12192"}],"wp:featuredmedia":[{"embeddable":true,"href":"https:\/\/www.ikuchyne.sk\/eshop\/wp-json\/wp\/v2\/media\/12193"}],"wp:attachment":[{"href":"https:\/\/www.ikuchyne.sk\/eshop\/wp-json\/wp\/v2\/media?parent=12192"}],"wp:term":[{"taxonomy":"product_cat","embeddable":true,"href":"https:\/\/www.ikuchyne.sk\/eshop\/wp-json\/wp\/v2\/product_cat?post=12192"},{"taxonomy":"product_tag","embeddable":true,"href":"https:\/\/www.ikuchyne.sk\/eshop\/wp-json\/wp\/v2\/product_tag?post=12192"}],"curies":[{"name":"wp","href":"https:\/\/api.w.org\/{rel}","templated":true}]}}