{"id":12258,"date":"2018-01-31T14:38:06","date_gmt":"2018-01-31T13:38:06","guid":{"rendered":"http:\/\/potocan.com\/eshop\/produkt\/podnozka-50cm-zlta-strick\/"},"modified":"2024-09-13T09:43:54","modified_gmt":"2024-09-13T07:43:54","slug":"podnozka-50cm-strikovana-zlta","status":"publish","type":"product","link":"https:\/\/www.ikuchyne.sk\/eshop\/produkt\/podnozka-50cm-strikovana-zlta\/","title":{"rendered":"\u017dlt\u00e1 \u0161trikovan\u00e1 podno\u017eka \u00d8 50 cm \u00bb"},"content":{"rendered":"<h1>\u017dlt\u00e1 \u0161trikovan\u00e1 podno\u017eka \u00d8 50 cm<\/h1>\n<p><strong>V\u0161eobecn\u00fd opis podno\u017eky:<br \/>\n<\/strong>Origin\u00e1lna a hrav\u00e1 \u0161trikovan\u00e1 podno\u017eka prinesie do v\u00e1\u0161ho interi\u00e9ru dom\u00e1cku atmosf\u00e9ru a z\u00fatuln\u00ed ho. M\u00f4\u017eete ju pou\u017ei\u0165 na pr\u00edjemn\u00e9 sedenie, na vykladanie unaven\u00fdch n\u00f4h, ba dokonca aj ako netradi\u010dn\u00fd odkladac\u00ed stol\u00edk na drobnosti. Ob\u013e\u00fabia si ju aj najmen\u0161\u00ed. A to v\u010faka okr\u00fahlemu tvaru a m\u00e4kk\u00e9mu povrchu z jemnej bavlny, z ktorej je u\u0161trikovan\u00e1. T\u00e1to \u0161ikovn\u00e1 podno\u017eka je vo v\u00fdraznej \u017eltej farbe, ktor\u00e1 sa d\u00e1 ve\u013emi \u013eahko kombinova\u0165 s \u010fal\u0161\u00edm n\u00e1bytkom v modernom \u0161t\u00fdle. M\u00f4\u017ee sa sta\u0165 aj jedin\u00fdm o\u017eivuj\u00facim prvkom vo va\u0161ej ob\u00fdva\u010dke. Praktick\u00e9 vyu\u017eitie a jednoduch\u00fd dizajn robia z tejto podno\u017eky skvel\u00e9ho spolo\u010dn\u00edka.<\/p>\n<p><strong>Povrch podno\u017eky:<\/strong><br \/>\nPodno\u017eka je u\u0161trikovan\u00e1 z v\u00fdraznej a jemnej zelenej bavlny.<\/p>\n<p><strong>\u010eal\u0161ie inform\u00e1cie:<br \/>\n<\/strong>V pr\u00edpade zne\u010distenia, pou\u017e\u00edvajte jemne navlh\u010den\u00fa bavlnen\u00fa handri\u010dku v mydlovej vode.<\/p>\n<p><b>Rozmery podno\u017eky:<br \/>\n<\/b>\u0160\u00edrka kresla: 50 cm<br \/>\nV\u00fd\u0161ka kresla: 35 cm<br \/>\nH\u013abka kresla: 50 cm<\/p>\n<p><b>Materi\u00e1l:\u00a0<\/b>bavlna<\/p>\n<p><b>Farba:<\/b>\u00a0\u017elt\u00e1<\/p>\n","protected":false},"excerpt":{"rendered":"<p>\u017dlt\u00e1 \u0161trikovan\u00e1 podno\u017eka \u00d8 50 cm V\u0161eobecn\u00fd opis podno\u017eky: Origin\u00e1lna a hrav\u00e1 \u0161trikovan\u00e1 podno\u017eka prinesie do v\u00e1\u0161ho interi\u00e9ru dom\u00e1cku atmosf\u00e9ru a z\u00fatuln\u00ed ho. M\u00f4\u017eete ju pou\u017ei\u0165 na pr\u00edjemn\u00e9 sedenie, na<\/p>\n","protected":false},"featured_media":12259,"comment_status":"open","ping_status":"closed","template":"","meta":[],"product_cat":[604],"product_tag":[514],"yoast_head":"<!-- This site is optimized with the Yoast SEO plugin v22.1 - https:\/\/yoast.com\/wordpress\/plugins\/seo\/ -->\n<title>\u017dlt\u00e1 \u0161trikovan\u00e1 podno\u017eka \u00d8 50 cm \u00bb &#187; iKuchyne iSHOP s n\u00e1bytkom<\/title>\n<meta name=\"description\" content=\"K\u00fapte si u n\u00e1s \u017dlt\u00e1 \u0161trikovan\u00e1 podno\u017eka \u00d8 50 cm \u00bb za akciov\u00fa cenu. R\u00fdchle dodanie tovaru, odborn\u00e9 poradenstvo a stovky produktov skladom. \u017dlt\u00e1 \u0161trikovan\u00e1 podno\u017eka \u00d8 50 cm \u00bb sa stane dominantou V\u00e1\u0161ho interi\u00e9ru. Internetov\u00fd obchod ikuchyne! pon\u00faka odber \u017dlt\u00e1 \u0161trikovan\u00e1 podno\u017eka \u00d8 50 cm \u00bb u\u017e od 1 kusu.\" \/>\n<meta name=\"robots\" content=\"index, follow, max-snippet:-1, max-image-preview:large, max-video-preview:-1\" \/>\n<link rel=\"canonical\" href=\"https:\/\/www.ikuchyne.sk\/eshop\/produkt\/podnozka-50cm-strikovana-zlta\/\" \/>\n<meta property=\"og:locale\" content=\"sk_SK\" \/>\n<meta property=\"og:type\" content=\"article\" \/>\n<meta property=\"og:title\" content=\"\u017dlt\u00e1 \u0161trikovan\u00e1 podno\u017eka \u00d8 50 cm \u00bb &#187; iKuchyne iSHOP s n\u00e1bytkom\" \/>\n<meta property=\"og:description\" content=\"K\u00fapte si u n\u00e1s \u017dlt\u00e1 \u0161trikovan\u00e1 podno\u017eka \u00d8 50 cm \u00bb za akciov\u00fa cenu. R\u00fdchle dodanie tovaru, odborn\u00e9 poradenstvo a stovky produktov skladom. \u017dlt\u00e1 \u0161trikovan\u00e1 podno\u017eka \u00d8 50 cm \u00bb sa stane dominantou V\u00e1\u0161ho interi\u00e9ru. Internetov\u00fd obchod ikuchyne! pon\u00faka odber \u017dlt\u00e1 \u0161trikovan\u00e1 podno\u017eka \u00d8 50 cm \u00bb u\u017e od 1 kusu.\" \/>\n<meta property=\"og:url\" content=\"https:\/\/www.ikuchyne.sk\/eshop\/produkt\/podnozka-50cm-strikovana-zlta\/\" \/>\n<meta property=\"og:site_name\" content=\"iKuchyne iSHOP s n\u00e1bytkom\" \/>\n<meta property=\"article:publisher\" content=\"https:\/\/www.facebook.com\/ikuchyne\/\" \/>\n<meta property=\"article:modified_time\" content=\"2024-09-13T07:43:54+00:00\" \/>\n<meta property=\"og:image\" content=\"https:\/\/www.ikuchyne.sk\/eshop\/wp-content\/uploads\/2017\/04\/taburet-vinc-zlta.jpg\" \/>\n\t<meta property=\"og:image:width\" content=\"800\" \/>\n\t<meta property=\"og:image:height\" content=\"533\" \/>\n\t<meta property=\"og:image:type\" content=\"image\/jpeg\" \/>\n<meta name=\"twitter:card\" content=\"summary_large_image\" \/>\n<meta name=\"twitter:label1\" content=\"Predpokladan\u00fd \u010das \u010d\u00edtania\" \/>\n\t<meta name=\"twitter:data1\" content=\"1 min\u00fata\" \/>\n<script type=\"application\/ld+json\" class=\"yoast-schema-graph\">{\"@context\":\"https:\/\/schema.org\",\"@graph\":[{\"@type\":\"WebPage\",\"@id\":\"https:\/\/www.ikuchyne.sk\/eshop\/produkt\/podnozka-50cm-strikovana-zlta\/\",\"url\":\"https:\/\/www.ikuchyne.sk\/eshop\/produkt\/podnozka-50cm-strikovana-zlta\/\",\"name\":\"\u017dlt\u00e1 \u0161trikovan\u00e1 podno\u017eka \u00d8 50 cm \u00bb &#187; iKuchyne iSHOP s n\u00e1bytkom\",\"isPartOf\":{\"@id\":\"https:\/\/www.ikuchyne.sk\/eshop\/#website\"},\"datePublished\":\"2018-01-31T13:38:06+00:00\",\"dateModified\":\"2024-09-13T07:43:54+00:00\",\"description\":\"K\u00fapte si u n\u00e1s \u017dlt\u00e1 \u0161trikovan\u00e1 podno\u017eka \u00d8 50 cm \u00bb za akciov\u00fa cenu. R\u00fdchle dodanie tovaru, odborn\u00e9 poradenstvo a stovky produktov skladom. \u017dlt\u00e1 \u0161trikovan\u00e1 podno\u017eka \u00d8 50 cm \u00bb sa stane dominantou V\u00e1\u0161ho interi\u00e9ru. Internetov\u00fd obchod ikuchyne! pon\u00faka odber \u017dlt\u00e1 \u0161trikovan\u00e1 podno\u017eka \u00d8 50 cm \u00bb u\u017e od 1 kusu.\",\"breadcrumb\":{\"@id\":\"https:\/\/www.ikuchyne.sk\/eshop\/produkt\/podnozka-50cm-strikovana-zlta\/#breadcrumb\"},\"inLanguage\":\"sk-SK\",\"potentialAction\":[{\"@type\":\"ReadAction\",\"target\":[\"https:\/\/www.ikuchyne.sk\/eshop\/produkt\/podnozka-50cm-strikovana-zlta\/\"]}]},{\"@type\":\"BreadcrumbList\",\"@id\":\"https:\/\/www.ikuchyne.sk\/eshop\/produkt\/podnozka-50cm-strikovana-zlta\/#breadcrumb\",\"itemListElement\":[{\"@type\":\"ListItem\",\"position\":1,\"name\":\"Home\",\"item\":\"https:\/\/www.ikuchyne.sk\/eshop\/\"},{\"@type\":\"ListItem\",\"position\":2,\"name\":\"Obchod\",\"item\":\"https:\/\/www.ikuchyne.sk\/eshop\/obchod\/\"},{\"@type\":\"ListItem\",\"position\":3,\"name\":\"\u017dlt\u00e1 \u0161trikovan\u00e1 podno\u017eka \u00d8 50 cm \u00bb\"}]},{\"@type\":\"WebSite\",\"@id\":\"https:\/\/www.ikuchyne.sk\/eshop\/#website\",\"url\":\"https:\/\/www.ikuchyne.sk\/eshop\/\",\"name\":\"iKuchyne iSHOP s n\u00e1bytkom\",\"description\":\"Jed\u00e1lensk\u00e9 stoly, stoli\u010dky, n\u00e1bytok, svietidl\u00e1...\",\"publisher\":{\"@id\":\"https:\/\/www.ikuchyne.sk\/eshop\/#organization\"},\"potentialAction\":[{\"@type\":\"SearchAction\",\"target\":{\"@type\":\"EntryPoint\",\"urlTemplate\":\"https:\/\/www.ikuchyne.sk\/eshop\/?s={search_term_string}\"},\"query-input\":\"required name=search_term_string\"}],\"inLanguage\":\"sk-SK\"},{\"@type\":\"Organization\",\"@id\":\"https:\/\/www.ikuchyne.sk\/eshop\/#organization\",\"name\":\"ikuchyne!\",\"url\":\"https:\/\/www.ikuchyne.sk\/eshop\/\",\"logo\":{\"@type\":\"ImageObject\",\"inLanguage\":\"sk-SK\",\"@id\":\"https:\/\/www.ikuchyne.sk\/eshop\/#\/schema\/logo\/image\/\",\"url\":\"https:\/\/www.ikuchyne.sk\/eshop\/wp-content\/uploads\/2017\/04\/ikuchyne-logo.jpg\",\"contentUrl\":\"https:\/\/www.ikuchyne.sk\/eshop\/wp-content\/uploads\/2017\/04\/ikuchyne-logo.jpg\",\"width\":200,\"height\":48,\"caption\":\"ikuchyne!\"},\"image\":{\"@id\":\"https:\/\/www.ikuchyne.sk\/eshop\/#\/schema\/logo\/image\/\"},\"sameAs\":[\"https:\/\/www.facebook.com\/ikuchyne\/\",\"https:\/\/www.instagram.com\/ikuchyne.sk\/\",\"https:\/\/sk.pinterest.com\/ikuchynesk\/\"]}]}<\/script>\n<!-- \/ Yoast SEO plugin. -->","yoast_head_json":{"title":"\u017dlt\u00e1 \u0161trikovan\u00e1 podno\u017eka \u00d8 50 cm \u00bb &#187; iKuchyne iSHOP s n\u00e1bytkom","description":"K\u00fapte si u n\u00e1s \u017dlt\u00e1 \u0161trikovan\u00e1 podno\u017eka \u00d8 50 cm \u00bb za akciov\u00fa cenu. R\u00fdchle dodanie tovaru, odborn\u00e9 poradenstvo a stovky produktov skladom. \u017dlt\u00e1 \u0161trikovan\u00e1 podno\u017eka \u00d8 50 cm \u00bb sa stane dominantou V\u00e1\u0161ho interi\u00e9ru. Internetov\u00fd obchod ikuchyne! pon\u00faka odber \u017dlt\u00e1 \u0161trikovan\u00e1 podno\u017eka \u00d8 50 cm \u00bb u\u017e od 1 kusu.","robots":{"index":"index","follow":"follow","max-snippet":"max-snippet:-1","max-image-preview":"max-image-preview:large","max-video-preview":"max-video-preview:-1"},"canonical":"https:\/\/www.ikuchyne.sk\/eshop\/produkt\/podnozka-50cm-strikovana-zlta\/","og_locale":"sk_SK","og_type":"article","og_title":"\u017dlt\u00e1 \u0161trikovan\u00e1 podno\u017eka \u00d8 50 cm \u00bb &#187; iKuchyne iSHOP s n\u00e1bytkom","og_description":"K\u00fapte si u n\u00e1s \u017dlt\u00e1 \u0161trikovan\u00e1 podno\u017eka \u00d8 50 cm \u00bb za akciov\u00fa cenu. R\u00fdchle dodanie tovaru, odborn\u00e9 poradenstvo a stovky produktov skladom. \u017dlt\u00e1 \u0161trikovan\u00e1 podno\u017eka \u00d8 50 cm \u00bb sa stane dominantou V\u00e1\u0161ho interi\u00e9ru. Internetov\u00fd obchod ikuchyne! pon\u00faka odber \u017dlt\u00e1 \u0161trikovan\u00e1 podno\u017eka \u00d8 50 cm \u00bb u\u017e od 1 kusu.","og_url":"https:\/\/www.ikuchyne.sk\/eshop\/produkt\/podnozka-50cm-strikovana-zlta\/","og_site_name":"iKuchyne iSHOP s n\u00e1bytkom","article_publisher":"https:\/\/www.facebook.com\/ikuchyne\/","article_modified_time":"2024-09-13T07:43:54+00:00","og_image":[{"width":800,"height":533,"url":"https:\/\/www.ikuchyne.sk\/eshop\/wp-content\/uploads\/2017\/04\/taburet-vinc-zlta.jpg","type":"image\/jpeg"}],"twitter_card":"summary_large_image","twitter_misc":{"Predpokladan\u00fd \u010das \u010d\u00edtania":"1 min\u00fata"},"schema":{"@context":"https:\/\/schema.org","@graph":[{"@type":"WebPage","@id":"https:\/\/www.ikuchyne.sk\/eshop\/produkt\/podnozka-50cm-strikovana-zlta\/","url":"https:\/\/www.ikuchyne.sk\/eshop\/produkt\/podnozka-50cm-strikovana-zlta\/","name":"\u017dlt\u00e1 \u0161trikovan\u00e1 podno\u017eka \u00d8 50 cm \u00bb &#187; iKuchyne iSHOP s n\u00e1bytkom","isPartOf":{"@id":"https:\/\/www.ikuchyne.sk\/eshop\/#website"},"datePublished":"2018-01-31T13:38:06+00:00","dateModified":"2024-09-13T07:43:54+00:00","description":"K\u00fapte si u n\u00e1s \u017dlt\u00e1 \u0161trikovan\u00e1 podno\u017eka \u00d8 50 cm \u00bb za akciov\u00fa cenu. R\u00fdchle dodanie tovaru, odborn\u00e9 poradenstvo a stovky produktov skladom. \u017dlt\u00e1 \u0161trikovan\u00e1 podno\u017eka \u00d8 50 cm \u00bb sa stane dominantou V\u00e1\u0161ho interi\u00e9ru. Internetov\u00fd obchod ikuchyne! pon\u00faka odber \u017dlt\u00e1 \u0161trikovan\u00e1 podno\u017eka \u00d8 50 cm \u00bb u\u017e od 1 kusu.","breadcrumb":{"@id":"https:\/\/www.ikuchyne.sk\/eshop\/produkt\/podnozka-50cm-strikovana-zlta\/#breadcrumb"},"inLanguage":"sk-SK","potentialAction":[{"@type":"ReadAction","target":["https:\/\/www.ikuchyne.sk\/eshop\/produkt\/podnozka-50cm-strikovana-zlta\/"]}]},{"@type":"BreadcrumbList","@id":"https:\/\/www.ikuchyne.sk\/eshop\/produkt\/podnozka-50cm-strikovana-zlta\/#breadcrumb","itemListElement":[{"@type":"ListItem","position":1,"name":"Home","item":"https:\/\/www.ikuchyne.sk\/eshop\/"},{"@type":"ListItem","position":2,"name":"Obchod","item":"https:\/\/www.ikuchyne.sk\/eshop\/obchod\/"},{"@type":"ListItem","position":3,"name":"\u017dlt\u00e1 \u0161trikovan\u00e1 podno\u017eka \u00d8 50 cm \u00bb"}]},{"@type":"WebSite","@id":"https:\/\/www.ikuchyne.sk\/eshop\/#website","url":"https:\/\/www.ikuchyne.sk\/eshop\/","name":"iKuchyne iSHOP s n\u00e1bytkom","description":"Jed\u00e1lensk\u00e9 stoly, stoli\u010dky, n\u00e1bytok, svietidl\u00e1...","publisher":{"@id":"https:\/\/www.ikuchyne.sk\/eshop\/#organization"},"potentialAction":[{"@type":"SearchAction","target":{"@type":"EntryPoint","urlTemplate":"https:\/\/www.ikuchyne.sk\/eshop\/?s={search_term_string}"},"query-input":"required name=search_term_string"}],"inLanguage":"sk-SK"},{"@type":"Organization","@id":"https:\/\/www.ikuchyne.sk\/eshop\/#organization","name":"ikuchyne!","url":"https:\/\/www.ikuchyne.sk\/eshop\/","logo":{"@type":"ImageObject","inLanguage":"sk-SK","@id":"https:\/\/www.ikuchyne.sk\/eshop\/#\/schema\/logo\/image\/","url":"https:\/\/www.ikuchyne.sk\/eshop\/wp-content\/uploads\/2017\/04\/ikuchyne-logo.jpg","contentUrl":"https:\/\/www.ikuchyne.sk\/eshop\/wp-content\/uploads\/2017\/04\/ikuchyne-logo.jpg","width":200,"height":48,"caption":"ikuchyne!"},"image":{"@id":"https:\/\/www.ikuchyne.sk\/eshop\/#\/schema\/logo\/image\/"},"sameAs":["https:\/\/www.facebook.com\/ikuchyne\/","https:\/\/www.instagram.com\/ikuchyne.sk\/","https:\/\/sk.pinterest.com\/ikuchynesk\/"]}]}},"_links":{"self":[{"href":"https:\/\/www.ikuchyne.sk\/eshop\/wp-json\/wp\/v2\/product\/12258"}],"collection":[{"href":"https:\/\/www.ikuchyne.sk\/eshop\/wp-json\/wp\/v2\/product"}],"about":[{"href":"https:\/\/www.ikuchyne.sk\/eshop\/wp-json\/wp\/v2\/types\/product"}],"replies":[{"embeddable":true,"href":"https:\/\/www.ikuchyne.sk\/eshop\/wp-json\/wp\/v2\/comments?post=12258"}],"wp:featuredmedia":[{"embeddable":true,"href":"https:\/\/www.ikuchyne.sk\/eshop\/wp-json\/wp\/v2\/media\/12259"}],"wp:attachment":[{"href":"https:\/\/www.ikuchyne.sk\/eshop\/wp-json\/wp\/v2\/media?parent=12258"}],"wp:term":[{"taxonomy":"product_cat","embeddable":true,"href":"https:\/\/www.ikuchyne.sk\/eshop\/wp-json\/wp\/v2\/product_cat?post=12258"},{"taxonomy":"product_tag","embeddable":true,"href":"https:\/\/www.ikuchyne.sk\/eshop\/wp-json\/wp\/v2\/product_tag?post=12258"}],"curies":[{"name":"wp","href":"https:\/\/api.w.org\/{rel}","templated":true}]}}