{"id":123062,"date":"2020-02-03T16:55:53","date_gmt":"2020-02-03T15:55:53","guid":{"rendered":"https:\/\/ikuchyne.sk\/eshop\/?post_type=product&#038;p=123062"},"modified":"2023-01-11T08:57:24","modified_gmt":"2023-01-11T07:57:24","slug":"jedalensky-stol-iron-craft-140-cm-mango-45-mm-2","status":"publish","type":"product","link":"https:\/\/www.ikuchyne.sk\/eshop\/produkt\/jedalensky-stol-iron-craft-140-cm-mango-45-mm-2\/","title":{"rendered":"Jed\u00e1lensk\u00fd st\u00f4l Iron Craft 140 cm Mango 45 mm \u00bb"},"content":{"rendered":"<h1>Jed\u00e1lensk\u00fd st\u00f4l Iron Craft 140cm mango<\/h1>\n<h4><strong>V\u0161eobecn\u00fd opis jed\u00e1lensk\u00e9ho stola:<\/strong><\/h4>\n<p>Jed\u00e1lensk\u00fd st\u00f4l Iron Craft 140cm mango bude vhodn\u00fdm jed\u00e1lensk\u00fdm stolom do ka\u017edej miestnosti a svojou d\u013a\u017ekou 140 cm je vhodn\u00fd aj pre men\u0161ie byty \u010di jed\u00e1lne. Povrch dosky stola je jemn\u00fd, hladk\u00fd a \u013eahko udr\u017eiavate\u013en\u00fd. Dopl\u0148te interi\u00e9r \u010fal\u0161\u00edmi dizajnov\u00fdmi k\u00faskami z industri\u00e1lnej s\u00e9rie <strong>Iron Craft<\/strong> a ur\u010dite budete s fin\u00e1lnym v\u00fdsledkom spokojn\u00ed! Tento pr\u00edrodn\u00fd jed\u00e1lensk\u00fd st\u00f4l Iron Craft s d\u013a\u017ekou 140 cm z mangov\u00e9ho dreva bude vhodn\u00fdm doplnkom do ka\u017edej dom\u00e1cnosti. Najm\u00e4 spolo\u010dn\u00e9 ra\u0148ajky \u010di ve\u010dere bud\u00fa pr\u00edjemnou chv\u00ed\u013eou v kruhu va\u0161ej rodiny a priate\u013eov a pri tomto stole o to vesel\u0161ou. Jeho d\u013a\u017eka 140 cm je ide\u00e1lna aj pre men\u0161ie miestnosti v dome \u010di byte. Dokonalo zladen\u00e9 bytov\u00e9 doplnky dotvoria celkov\u00fd vizu\u00e1l miestnosti s t\u00fdmto dreven\u00fdm pr\u00edrodn\u00fdm jed\u00e1lensk\u00fdm stolom v industri\u00e1lnom \u0161t\u00fdle, ale rozhodne sa nestrat\u00ed ani v dom\u00e1cnosti v modernom preveden\u00ed.<\/p>\n<h4><strong>Povrch jed\u00e1lensk\u00e9ho stola:<\/strong><\/h4>\n<p>Povrch jed\u00e1lensk\u00e9ho stola tvor\u00ed mohutn\u00e9 mangov\u00e9 drevo v pr\u00edrodnom preveden\u00ed. Mangov\u00e1 doska je hrub\u00e1 4,5cm &#8211; spolu s \u010diernym ly\u017einov\u00fdm podstavcom tvoria dokonal\u00fa symbi\u00f3zu typick\u00fa pre industri\u00e1lny \u0161t\u00fdl.<\/p>\n<h4><strong>Podno\u017e jed\u00e1lensk\u00e9ho stola:<\/strong><\/h4>\n<p>Podno\u017e jed\u00e1lensk\u00e9ho stola je tvoren\u00e1 \u010diernym kovov\u00fdm ly\u017einov\u00fdm podstavcom na oboch stran\u00e1ch.<\/p>\n<h4><strong>\u010eal\u0161ie inform\u00e1cie:<\/strong><\/h4>\n<p>Ka\u017ed\u00fd jed\u00e1lensk\u00fd st\u00f4l je unik\u00e1t, tak\u017ee jednotliv\u00e9 kusy sa m\u00f4\u017eu od seba mierne l\u00ed\u0161i\u0165.\u00a0 Originalita dreva je sp\u00f4soben\u00e1 pr\u00e1ve \u0161irokou \u0161k\u00e1lou farieb a kresieb. N\u00e1bytok z mas\u00edvneho mangov\u00e9ho dreva sa st\u00e1va st\u00e1le viac popul\u00e1rnym v\u010faka vysokej trv\u00e1cnosti a odolnosti.<\/p>\n<p><b>Rozmery<\/b> (cca): 140cm x 76cm x 80cm (\u0160xVxH)<br \/>\nhr\u00fabka dosky stola: 45mm<br \/>\n<b>Farba:<\/b> pr\u00edrodn\u00e1<br \/>\n<b>Materi\u00e1l:<\/b> drevo (mas\u00edv), Mango, kovov\u00e1 podno\u017e, lak<br \/>\nRu\u010dn\u00e1 pr\u00e1ca.<\/p>\n<h4><strong>Tento jed\u00e1lensk\u00fd st\u00f4l sa tie\u017e vyr\u00e1ba aj v t\u00fdchto ve\u013ekostiach:<\/strong><\/h4>\n<p>80 x 120 cm \u2013 45 mm<br \/>\n80 x 160 cm &#8211; 45 mm<\/p>\n<p>Dodato\u010dn\u00e9 inform\u00e1cie:<\/p>\n<p>V pr\u00edpade z\u00e1ujmu o in\u00e9 jed\u00e1lensk\u00e9 stoly, nav\u0161t\u00edvte sekciu jed\u00e1lensk\u00e9 stoly na <a href=\"https:\/\/www.ikuchyne.sk\/eshop\/kategoria\/jedalenske-stoly\/\">www.ikuchyne.sk\/eshop<\/a><br \/>\nV pr\u00edpade z\u00e1ujmu o n\u00e1bytok na mieru n\u00e1s kontaktuje na <a href=\"http:\/\/www.ikuchyne.sk\">www.ikuchyne.sk<\/a><\/p>\n","protected":false},"excerpt":{"rendered":"<p>Jed\u00e1lensk\u00fd st\u00f4l Iron Craft 140cm mango V\u0161eobecn\u00fd opis jed\u00e1lensk\u00e9ho stola: Jed\u00e1lensk\u00fd st\u00f4l Iron Craft 140cm mango bude vhodn\u00fdm jed\u00e1lensk\u00fdm stolom do ka\u017edej miestnosti a svojou d\u013a\u017ekou 140 cm je vhodn\u00fd<\/p>\n","protected":false},"featured_media":159527,"comment_status":"closed","ping_status":"closed","template":"","meta":[],"product_cat":[591,298,855,847,846,849,772,287],"product_tag":[256,261],"yoast_head":"<!-- This site is optimized with the Yoast SEO plugin v22.1 - https:\/\/yoast.com\/wordpress\/plugins\/seo\/ -->\n<title>Jed\u00e1lensk\u00fd st\u00f4l Iron Craft 140 cm mango &#187; iKuchyne iSHOP s n\u00e1bytkom<\/title>\n<meta name=\"description\" content=\"Jed\u00e1lensk\u00fd st\u00f4l Iron Craft 140 cm mango - r\u00fdchle dodanie, poradenstvo, n\u00e1bytok skladom. Dominanta va\u0161ej dom\u00e1cnosti v\u010faka ikuchyne.sk\" \/>\n<meta name=\"robots\" content=\"index, follow, max-snippet:-1, max-image-preview:large, max-video-preview:-1\" \/>\n<link rel=\"canonical\" href=\"https:\/\/www.ikuchyne.sk\/eshop\/produkt\/jedalensky-stol-iron-craft-140-cm-mango-45-mm-2\/\" \/>\n<meta property=\"og:locale\" content=\"sk_SK\" \/>\n<meta property=\"og:type\" content=\"article\" \/>\n<meta property=\"og:title\" content=\"Jed\u00e1lensk\u00fd st\u00f4l Iron Craft 140 cm mango &#187; iKuchyne iSHOP s n\u00e1bytkom\" \/>\n<meta property=\"og:description\" content=\"Jed\u00e1lensk\u00fd st\u00f4l Iron Craft 140 cm mango - r\u00fdchle dodanie, poradenstvo, n\u00e1bytok skladom. Dominanta va\u0161ej dom\u00e1cnosti v\u010faka ikuchyne.sk\" \/>\n<meta property=\"og:url\" content=\"https:\/\/www.ikuchyne.sk\/eshop\/produkt\/jedalensky-stol-iron-craft-140-cm-mango-45-mm-2\/\" \/>\n<meta property=\"og:site_name\" content=\"iKuchyne iSHOP s n\u00e1bytkom\" \/>\n<meta property=\"article:publisher\" content=\"https:\/\/www.facebook.com\/ikuchyne\/\" \/>\n<meta property=\"article:modified_time\" content=\"2023-01-11T07:57:24+00:00\" \/>\n<meta property=\"og:image\" content=\"https:\/\/www.ikuchyne.sk\/eshop\/wp-content\/uploads\/2020\/02\/media_images_org_file0032686.jpg\" \/>\n\t<meta property=\"og:image:width\" content=\"2000\" \/>\n\t<meta property=\"og:image:height\" content=\"1333\" \/>\n\t<meta property=\"og:image:type\" content=\"image\/jpeg\" \/>\n<meta name=\"twitter:card\" content=\"summary_large_image\" \/>\n<meta name=\"twitter:label1\" content=\"Predpokladan\u00fd \u010das \u010d\u00edtania\" \/>\n\t<meta name=\"twitter:data1\" content=\"2 min\u00faty\" \/>\n<script type=\"application\/ld+json\" class=\"yoast-schema-graph\">{\"@context\":\"https:\/\/schema.org\",\"@graph\":[{\"@type\":\"WebPage\",\"@id\":\"https:\/\/www.ikuchyne.sk\/eshop\/produkt\/jedalensky-stol-iron-craft-140-cm-mango-45-mm-2\/\",\"url\":\"https:\/\/www.ikuchyne.sk\/eshop\/produkt\/jedalensky-stol-iron-craft-140-cm-mango-45-mm-2\/\",\"name\":\"Jed\u00e1lensk\u00fd st\u00f4l Iron Craft 140 cm mango &#187; iKuchyne iSHOP s n\u00e1bytkom\",\"isPartOf\":{\"@id\":\"https:\/\/www.ikuchyne.sk\/eshop\/#website\"},\"datePublished\":\"2020-02-03T15:55:53+00:00\",\"dateModified\":\"2023-01-11T07:57:24+00:00\",\"description\":\"Jed\u00e1lensk\u00fd st\u00f4l Iron Craft 140 cm mango - r\u00fdchle dodanie, poradenstvo, n\u00e1bytok skladom. Dominanta va\u0161ej dom\u00e1cnosti v\u010faka ikuchyne.sk\",\"breadcrumb\":{\"@id\":\"https:\/\/www.ikuchyne.sk\/eshop\/produkt\/jedalensky-stol-iron-craft-140-cm-mango-45-mm-2\/#breadcrumb\"},\"inLanguage\":\"sk-SK\",\"potentialAction\":[{\"@type\":\"ReadAction\",\"target\":[\"https:\/\/www.ikuchyne.sk\/eshop\/produkt\/jedalensky-stol-iron-craft-140-cm-mango-45-mm-2\/\"]}]},{\"@type\":\"BreadcrumbList\",\"@id\":\"https:\/\/www.ikuchyne.sk\/eshop\/produkt\/jedalensky-stol-iron-craft-140-cm-mango-45-mm-2\/#breadcrumb\",\"itemListElement\":[{\"@type\":\"ListItem\",\"position\":1,\"name\":\"Home\",\"item\":\"https:\/\/www.ikuchyne.sk\/eshop\/\"},{\"@type\":\"ListItem\",\"position\":2,\"name\":\"Obchod\",\"item\":\"https:\/\/www.ikuchyne.sk\/eshop\/obchod\/\"},{\"@type\":\"ListItem\",\"position\":3,\"name\":\"Jed\u00e1lensk\u00fd st\u00f4l Iron Craft 140 cm Mango 45 mm \u00bb\"}]},{\"@type\":\"WebSite\",\"@id\":\"https:\/\/www.ikuchyne.sk\/eshop\/#website\",\"url\":\"https:\/\/www.ikuchyne.sk\/eshop\/\",\"name\":\"iKuchyne iSHOP s n\u00e1bytkom\",\"description\":\"Jed\u00e1lensk\u00e9 stoly, stoli\u010dky, n\u00e1bytok, svietidl\u00e1...\",\"publisher\":{\"@id\":\"https:\/\/www.ikuchyne.sk\/eshop\/#organization\"},\"potentialAction\":[{\"@type\":\"SearchAction\",\"target\":{\"@type\":\"EntryPoint\",\"urlTemplate\":\"https:\/\/www.ikuchyne.sk\/eshop\/?s={search_term_string}\"},\"query-input\":\"required name=search_term_string\"}],\"inLanguage\":\"sk-SK\"},{\"@type\":\"Organization\",\"@id\":\"https:\/\/www.ikuchyne.sk\/eshop\/#organization\",\"name\":\"ikuchyne!\",\"url\":\"https:\/\/www.ikuchyne.sk\/eshop\/\",\"logo\":{\"@type\":\"ImageObject\",\"inLanguage\":\"sk-SK\",\"@id\":\"https:\/\/www.ikuchyne.sk\/eshop\/#\/schema\/logo\/image\/\",\"url\":\"https:\/\/www.ikuchyne.sk\/eshop\/wp-content\/uploads\/2017\/04\/ikuchyne-logo.jpg\",\"contentUrl\":\"https:\/\/www.ikuchyne.sk\/eshop\/wp-content\/uploads\/2017\/04\/ikuchyne-logo.jpg\",\"width\":200,\"height\":48,\"caption\":\"ikuchyne!\"},\"image\":{\"@id\":\"https:\/\/www.ikuchyne.sk\/eshop\/#\/schema\/logo\/image\/\"},\"sameAs\":[\"https:\/\/www.facebook.com\/ikuchyne\/\",\"https:\/\/www.instagram.com\/ikuchyne.sk\/\",\"https:\/\/sk.pinterest.com\/ikuchynesk\/\"]}]}<\/script>\n<!-- \/ Yoast SEO plugin. -->","yoast_head_json":{"title":"Jed\u00e1lensk\u00fd st\u00f4l Iron Craft 140 cm mango &#187; iKuchyne iSHOP s n\u00e1bytkom","description":"Jed\u00e1lensk\u00fd st\u00f4l Iron Craft 140 cm mango - r\u00fdchle dodanie, poradenstvo, n\u00e1bytok skladom. Dominanta va\u0161ej dom\u00e1cnosti v\u010faka ikuchyne.sk","robots":{"index":"index","follow":"follow","max-snippet":"max-snippet:-1","max-image-preview":"max-image-preview:large","max-video-preview":"max-video-preview:-1"},"canonical":"https:\/\/www.ikuchyne.sk\/eshop\/produkt\/jedalensky-stol-iron-craft-140-cm-mango-45-mm-2\/","og_locale":"sk_SK","og_type":"article","og_title":"Jed\u00e1lensk\u00fd st\u00f4l Iron Craft 140 cm mango &#187; iKuchyne iSHOP s n\u00e1bytkom","og_description":"Jed\u00e1lensk\u00fd st\u00f4l Iron Craft 140 cm mango - r\u00fdchle dodanie, poradenstvo, n\u00e1bytok skladom. Dominanta va\u0161ej dom\u00e1cnosti v\u010faka ikuchyne.sk","og_url":"https:\/\/www.ikuchyne.sk\/eshop\/produkt\/jedalensky-stol-iron-craft-140-cm-mango-45-mm-2\/","og_site_name":"iKuchyne iSHOP s n\u00e1bytkom","article_publisher":"https:\/\/www.facebook.com\/ikuchyne\/","article_modified_time":"2023-01-11T07:57:24+00:00","og_image":[{"width":2000,"height":1333,"url":"https:\/\/www.ikuchyne.sk\/eshop\/wp-content\/uploads\/2020\/02\/media_images_org_file0032686.jpg","type":"image\/jpeg"}],"twitter_card":"summary_large_image","twitter_misc":{"Predpokladan\u00fd \u010das \u010d\u00edtania":"2 min\u00faty"},"schema":{"@context":"https:\/\/schema.org","@graph":[{"@type":"WebPage","@id":"https:\/\/www.ikuchyne.sk\/eshop\/produkt\/jedalensky-stol-iron-craft-140-cm-mango-45-mm-2\/","url":"https:\/\/www.ikuchyne.sk\/eshop\/produkt\/jedalensky-stol-iron-craft-140-cm-mango-45-mm-2\/","name":"Jed\u00e1lensk\u00fd st\u00f4l Iron Craft 140 cm mango &#187; iKuchyne iSHOP s n\u00e1bytkom","isPartOf":{"@id":"https:\/\/www.ikuchyne.sk\/eshop\/#website"},"datePublished":"2020-02-03T15:55:53+00:00","dateModified":"2023-01-11T07:57:24+00:00","description":"Jed\u00e1lensk\u00fd st\u00f4l Iron Craft 140 cm mango - r\u00fdchle dodanie, poradenstvo, n\u00e1bytok skladom. Dominanta va\u0161ej dom\u00e1cnosti v\u010faka ikuchyne.sk","breadcrumb":{"@id":"https:\/\/www.ikuchyne.sk\/eshop\/produkt\/jedalensky-stol-iron-craft-140-cm-mango-45-mm-2\/#breadcrumb"},"inLanguage":"sk-SK","potentialAction":[{"@type":"ReadAction","target":["https:\/\/www.ikuchyne.sk\/eshop\/produkt\/jedalensky-stol-iron-craft-140-cm-mango-45-mm-2\/"]}]},{"@type":"BreadcrumbList","@id":"https:\/\/www.ikuchyne.sk\/eshop\/produkt\/jedalensky-stol-iron-craft-140-cm-mango-45-mm-2\/#breadcrumb","itemListElement":[{"@type":"ListItem","position":1,"name":"Home","item":"https:\/\/www.ikuchyne.sk\/eshop\/"},{"@type":"ListItem","position":2,"name":"Obchod","item":"https:\/\/www.ikuchyne.sk\/eshop\/obchod\/"},{"@type":"ListItem","position":3,"name":"Jed\u00e1lensk\u00fd st\u00f4l Iron Craft 140 cm Mango 45 mm \u00bb"}]},{"@type":"WebSite","@id":"https:\/\/www.ikuchyne.sk\/eshop\/#website","url":"https:\/\/www.ikuchyne.sk\/eshop\/","name":"iKuchyne iSHOP s n\u00e1bytkom","description":"Jed\u00e1lensk\u00e9 stoly, stoli\u010dky, n\u00e1bytok, svietidl\u00e1...","publisher":{"@id":"https:\/\/www.ikuchyne.sk\/eshop\/#organization"},"potentialAction":[{"@type":"SearchAction","target":{"@type":"EntryPoint","urlTemplate":"https:\/\/www.ikuchyne.sk\/eshop\/?s={search_term_string}"},"query-input":"required name=search_term_string"}],"inLanguage":"sk-SK"},{"@type":"Organization","@id":"https:\/\/www.ikuchyne.sk\/eshop\/#organization","name":"ikuchyne!","url":"https:\/\/www.ikuchyne.sk\/eshop\/","logo":{"@type":"ImageObject","inLanguage":"sk-SK","@id":"https:\/\/www.ikuchyne.sk\/eshop\/#\/schema\/logo\/image\/","url":"https:\/\/www.ikuchyne.sk\/eshop\/wp-content\/uploads\/2017\/04\/ikuchyne-logo.jpg","contentUrl":"https:\/\/www.ikuchyne.sk\/eshop\/wp-content\/uploads\/2017\/04\/ikuchyne-logo.jpg","width":200,"height":48,"caption":"ikuchyne!"},"image":{"@id":"https:\/\/www.ikuchyne.sk\/eshop\/#\/schema\/logo\/image\/"},"sameAs":["https:\/\/www.facebook.com\/ikuchyne\/","https:\/\/www.instagram.com\/ikuchyne.sk\/","https:\/\/sk.pinterest.com\/ikuchynesk\/"]}]}},"_links":{"self":[{"href":"https:\/\/www.ikuchyne.sk\/eshop\/wp-json\/wp\/v2\/product\/123062"}],"collection":[{"href":"https:\/\/www.ikuchyne.sk\/eshop\/wp-json\/wp\/v2\/product"}],"about":[{"href":"https:\/\/www.ikuchyne.sk\/eshop\/wp-json\/wp\/v2\/types\/product"}],"replies":[{"embeddable":true,"href":"https:\/\/www.ikuchyne.sk\/eshop\/wp-json\/wp\/v2\/comments?post=123062"}],"wp:featuredmedia":[{"embeddable":true,"href":"https:\/\/www.ikuchyne.sk\/eshop\/wp-json\/wp\/v2\/media\/159527"}],"wp:attachment":[{"href":"https:\/\/www.ikuchyne.sk\/eshop\/wp-json\/wp\/v2\/media?parent=123062"}],"wp:term":[{"taxonomy":"product_cat","embeddable":true,"href":"https:\/\/www.ikuchyne.sk\/eshop\/wp-json\/wp\/v2\/product_cat?post=123062"},{"taxonomy":"product_tag","embeddable":true,"href":"https:\/\/www.ikuchyne.sk\/eshop\/wp-json\/wp\/v2\/product_tag?post=123062"}],"curies":[{"name":"wp","href":"https:\/\/api.w.org\/{rel}","templated":true}]}}