{"id":123233,"date":"2021-03-23T20:20:04","date_gmt":"2021-03-23T19:20:04","guid":{"rendered":"https:\/\/ikuchyne.sk\/eshop\/?post_type=product&#038;p=123233"},"modified":"2024-03-10T12:41:08","modified_gmt":"2024-03-10T11:41:08","slug":"konferencny-stolik-driftwood-80-cm","status":"publish","type":"product","link":"https:\/\/www.ikuchyne.sk\/eshop\/produkt\/konferencny-stolik-driftwood-80-cm\/","title":{"rendered":"Konferen\u010dn\u00fd stol\u00edk Driftwood 80 cm"},"content":{"rendered":"<h1>Konferen\u010dn\u00fd stol\u00edk Driftwood 80 cm \u00bb<\/h1>\n<h4><strong>V\u0161eobecn\u00fd popis:<\/strong><\/h4>\n<p>Konferen\u010dn\u00fd stol\u00edk Driftwood 80 cm je ru\u010dne vyroben\u00fd zo starostlivo vybran\u00fdch teakov\u00fdch kon\u00e1rov. Drevo sa zbiera z riek: odtia\u013e poch\u00e1dza jedine\u010dn\u00fd vzh\u013ead naplaven\u00e9ho dreva pre pr\u00edrodn\u00fd vzh\u013ead do va\u0161ej ob\u00fdva\u010dky. Objednajte si svoj nov\u00fd ob\u013e\u00faben\u00fd st\u00f4l u\u017e teraz!<\/p>\n<p>Tento dizajnov\u00fd konferen\u010dn\u00fd stol\u00edk vn\u00e1\u0161a do v\u00e1\u0161ho prostredia pr\u00edrodu. Rustik\u00e1lny, modern\u00fd a s ve\u013ekou l\u00e1skou k pr\u00edrode &#8211; mimoriadny konferen\u010dn\u00fd stol\u00edk Driftwood 80 cm z n\u00e1\u0161ho sortimentu zaujme dokonale harmonickou kombin\u00e1ciou pr\u00edrodn\u00fdch a modern\u00fdch prvkov. R\u00f4zne orientovan\u00fd teak poskytuje vzru\u0161uj\u00faci a jedine\u010dn\u00fd vzh\u013ead. \u0160tvorcov\u00e1 sklenen\u00e1 doska navy\u0161e poskytuje ide\u00e1lny \u00falo\u017en\u00fd priestor pre \u010dasopisy a podobne. Tento st\u00f4l bude skuto\u010dn\u00fdm p\u00fata\u010dom pozornosti vo va\u0161ej ob\u00fdvacej izbe!<\/p>\n<p>Prajete si mimoriadny konferen\u010dn\u00fd stol\u00edk so \u0161armom? Ka\u017ed\u00fd st\u00f4l je skuto\u010dne jedine\u010dn\u00fd a bol vyroben\u00fd s l\u00e1skou. Pou\u017eit\u00fd teak sa sklad\u00e1 z kon\u00e1rov naplaven\u00e9ho dreva, ktor\u00e9 sa zhroma\u017e\u010fuje z riek a su\u0161\u00ed sa zlo\u017eit\u00fdm sp\u00f4sobom. Te\u010d\u00faca voda a roky po\u010dasia dali ka\u017ed\u00e9mu drevu svoj osobit\u00fd charakter &#8211; du\u0161a rieky je tu zve\u010dnen\u00e1 v ka\u017edom k\u00fasku naplaven\u00e9ho dreva! Pre v\u00e1\u0161 nov\u00fd konferen\u010dn\u00fd stol\u00edk sa pou\u017e\u00edvaj\u00fa starostlivo vybran\u00e9 iba tie najkraj\u0161ie vetvy, ktor\u00e9 s\u00fa rafinovane tvarovan\u00e9 do podoby mimoriadneho stol\u00edka. \u00daspe\u0161n\u00e1 zmes materi\u00e1lov z teaku a sklenen\u00fdch prvkov rob\u00ed tento konferen\u010dn\u00fd stol\u00edk unik\u00e1tnym.<\/p>\n<h4><strong>Detaily produktu:<\/strong><\/h4>\n<p>Preto\u017ee sa jedn\u00e1 o pr\u00edrodn\u00fd produkt, ka\u017ed\u00fd vyroben\u00fd stol\u00edk je \u00faplne jedine\u010dn\u00fd. Nerovnosti, farebn\u00e9 prechody, charizmatick\u00e9 uzly, praskliny alebo dokonca rozmerov\u00e9 rozdiely s\u00fa mo\u017en\u00e9 a vytv\u00e1raj\u00fa originalitu a vytv\u00e1raj\u00fa \u010daro mas\u00edvneho dreva. \u017diadna z t\u00fdchto skuto\u010dnost\u00ed nie je d\u00f4vodom na reklam\u00e1ciu. Takmer \u017eiadne in\u00e9 drevo nie je tak\u00e9 odoln\u00e9 vo\u010di poveternostn\u00fdm vplyvom ako teak. Terasov\u00fd a z\u00e1hradn\u00fd n\u00e1bytok z teaku vzdoruje vetru a da\u017e\u010fu bez probl\u00e9mov a starostlivos\u0165 o zlatohned\u00e9 drevo nie je komplikovan\u00e1. Z\u00e1ruka na roky skvelo vyzeraj\u00faceho n\u00e1bytku z mas\u00edvu! Dod\u00e1vka bez sklenenej tabule.<\/p>\n<p><b>Rozmery<\/b> (cca):<br \/>\n80cm x 40cm x 80cm (\u0160xVxH)<\/p>\n<p><b>Farba:<\/b> pr\u00edrodn\u00e1<br \/>\n<b>Materi\u00e1l:<\/b> drevo (mas\u00edv), naplaven\u00e9 drevo<\/p>\n<p>Dodato\u010dn\u00e9 inform\u00e1cie:<\/p>\n<p>V pr\u00edpade z\u00e1ujmu o in\u00e9 stoly ako toaletn\u00e9, p\u00edsacie, konferen\u010dn\u00e9 stol\u00edky \u010di jed\u00e1lensk\u00e9 stoly, nav\u0161t\u00edvte sekciu stoly na <a href=\"https:\/\/www.ikuchyne.sk\/eshop\/kategoria\/stoly\/\">www.ikuchyne.sk\/eshop<\/a><br \/>\nV pr\u00edpade z\u00e1ujmu o n\u00e1bytok na mieru n\u00e1s kontaktuje na <a href=\"http:\/\/www.ikuchyne.sk\">www.ikuchyne.sk<\/a><\/p>\n","protected":false},"excerpt":{"rendered":"<p>Konferen\u010dn\u00fd stol\u00edk Driftwood 80 cm \u00bb V\u0161eobecn\u00fd popis: Konferen\u010dn\u00fd stol\u00edk Driftwood 80 cm je ru\u010dne vyroben\u00fd zo starostlivo vybran\u00fdch teakov\u00fdch kon\u00e1rov. Drevo sa zbiera z riek: odtia\u013e poch\u00e1dza jedine\u010dn\u00fd vzh\u013ead<\/p>\n","protected":false},"featured_media":123234,"comment_status":"closed","ping_status":"closed","template":"","meta":[],"product_cat":[834,304,838,937,772,287],"product_tag":[261],"yoast_head":"<!-- This site is optimized with the Yoast SEO plugin v22.1 - https:\/\/yoast.com\/wordpress\/plugins\/seo\/ -->\n<title>Konferen\u010dn\u00fd stol\u00edk Driftwood 80 cm &#187; iKuchyne iSHOP s n\u00e1bytkom<\/title>\n<meta name=\"description\" content=\"Konferen\u010dn\u00fd stol\u00edk Driftwood 80 cm - r\u00fdchle dodanie, poradenstvo, n\u00e1bytok skladom v Bratislave s ikuchyne.sk - kuchyne na mieru.\" \/>\n<meta name=\"robots\" content=\"index, follow, max-snippet:-1, max-image-preview:large, max-video-preview:-1\" \/>\n<link rel=\"canonical\" href=\"https:\/\/www.ikuchyne.sk\/eshop\/produkt\/konferencny-stolik-driftwood-80-cm\/\" \/>\n<meta property=\"og:locale\" content=\"sk_SK\" \/>\n<meta property=\"og:type\" content=\"article\" \/>\n<meta property=\"og:title\" content=\"Konferen\u010dn\u00fd stol\u00edk Driftwood 80 cm &#187; iKuchyne iSHOP s n\u00e1bytkom\" \/>\n<meta property=\"og:description\" content=\"Konferen\u010dn\u00fd stol\u00edk Driftwood 80 cm - r\u00fdchle dodanie, poradenstvo, n\u00e1bytok skladom v Bratislave s ikuchyne.sk - kuchyne na mieru.\" \/>\n<meta property=\"og:url\" content=\"https:\/\/www.ikuchyne.sk\/eshop\/produkt\/konferencny-stolik-driftwood-80-cm\/\" \/>\n<meta property=\"og:site_name\" content=\"iKuchyne iSHOP s n\u00e1bytkom\" \/>\n<meta property=\"article:publisher\" content=\"https:\/\/www.facebook.com\/ikuchyne\/\" \/>\n<meta property=\"article:modified_time\" content=\"2024-03-10T11:41:08+00:00\" \/>\n<meta property=\"og:image\" content=\"https:\/\/www.ikuchyne.sk\/eshop\/wp-content\/uploads\/2020\/02\/Konferencny-stolik-Driftwood-80cm-Gestell-19806--19806-1.jpg\" \/>\n\t<meta property=\"og:image:width\" content=\"800\" \/>\n\t<meta property=\"og:image:height\" content=\"533\" \/>\n\t<meta property=\"og:image:type\" content=\"image\/jpeg\" \/>\n<meta name=\"twitter:card\" content=\"summary_large_image\" \/>\n<meta name=\"twitter:label1\" content=\"Predpokladan\u00fd \u010das \u010d\u00edtania\" \/>\n\t<meta name=\"twitter:data1\" content=\"3 min\u00faty\" \/>\n<script type=\"application\/ld+json\" class=\"yoast-schema-graph\">{\"@context\":\"https:\/\/schema.org\",\"@graph\":[{\"@type\":\"WebPage\",\"@id\":\"https:\/\/www.ikuchyne.sk\/eshop\/produkt\/konferencny-stolik-driftwood-80-cm\/\",\"url\":\"https:\/\/www.ikuchyne.sk\/eshop\/produkt\/konferencny-stolik-driftwood-80-cm\/\",\"name\":\"Konferen\u010dn\u00fd stol\u00edk Driftwood 80 cm &#187; iKuchyne iSHOP s n\u00e1bytkom\",\"isPartOf\":{\"@id\":\"https:\/\/www.ikuchyne.sk\/eshop\/#website\"},\"datePublished\":\"2021-03-23T19:20:04+00:00\",\"dateModified\":\"2024-03-10T11:41:08+00:00\",\"description\":\"Konferen\u010dn\u00fd stol\u00edk Driftwood 80 cm - r\u00fdchle dodanie, poradenstvo, n\u00e1bytok skladom v Bratislave s ikuchyne.sk - kuchyne na mieru.\",\"breadcrumb\":{\"@id\":\"https:\/\/www.ikuchyne.sk\/eshop\/produkt\/konferencny-stolik-driftwood-80-cm\/#breadcrumb\"},\"inLanguage\":\"sk-SK\",\"potentialAction\":[{\"@type\":\"ReadAction\",\"target\":[\"https:\/\/www.ikuchyne.sk\/eshop\/produkt\/konferencny-stolik-driftwood-80-cm\/\"]}]},{\"@type\":\"BreadcrumbList\",\"@id\":\"https:\/\/www.ikuchyne.sk\/eshop\/produkt\/konferencny-stolik-driftwood-80-cm\/#breadcrumb\",\"itemListElement\":[{\"@type\":\"ListItem\",\"position\":1,\"name\":\"Home\",\"item\":\"https:\/\/www.ikuchyne.sk\/eshop\/\"},{\"@type\":\"ListItem\",\"position\":2,\"name\":\"Obchod\",\"item\":\"https:\/\/www.ikuchyne.sk\/eshop\/obchod\/\"},{\"@type\":\"ListItem\",\"position\":3,\"name\":\"Konferen\u010dn\u00fd stol\u00edk Driftwood 80 cm\"}]},{\"@type\":\"WebSite\",\"@id\":\"https:\/\/www.ikuchyne.sk\/eshop\/#website\",\"url\":\"https:\/\/www.ikuchyne.sk\/eshop\/\",\"name\":\"iKuchyne iSHOP s n\u00e1bytkom\",\"description\":\"Jed\u00e1lensk\u00e9 stoly, stoli\u010dky, n\u00e1bytok, svietidl\u00e1...\",\"publisher\":{\"@id\":\"https:\/\/www.ikuchyne.sk\/eshop\/#organization\"},\"potentialAction\":[{\"@type\":\"SearchAction\",\"target\":{\"@type\":\"EntryPoint\",\"urlTemplate\":\"https:\/\/www.ikuchyne.sk\/eshop\/?s={search_term_string}\"},\"query-input\":\"required name=search_term_string\"}],\"inLanguage\":\"sk-SK\"},{\"@type\":\"Organization\",\"@id\":\"https:\/\/www.ikuchyne.sk\/eshop\/#organization\",\"name\":\"ikuchyne!\",\"url\":\"https:\/\/www.ikuchyne.sk\/eshop\/\",\"logo\":{\"@type\":\"ImageObject\",\"inLanguage\":\"sk-SK\",\"@id\":\"https:\/\/www.ikuchyne.sk\/eshop\/#\/schema\/logo\/image\/\",\"url\":\"https:\/\/www.ikuchyne.sk\/eshop\/wp-content\/uploads\/2017\/04\/ikuchyne-logo.jpg\",\"contentUrl\":\"https:\/\/www.ikuchyne.sk\/eshop\/wp-content\/uploads\/2017\/04\/ikuchyne-logo.jpg\",\"width\":200,\"height\":48,\"caption\":\"ikuchyne!\"},\"image\":{\"@id\":\"https:\/\/www.ikuchyne.sk\/eshop\/#\/schema\/logo\/image\/\"},\"sameAs\":[\"https:\/\/www.facebook.com\/ikuchyne\/\",\"https:\/\/www.instagram.com\/ikuchyne.sk\/\",\"https:\/\/sk.pinterest.com\/ikuchynesk\/\"]}]}<\/script>\n<!-- \/ Yoast SEO plugin. -->","yoast_head_json":{"title":"Konferen\u010dn\u00fd stol\u00edk Driftwood 80 cm &#187; iKuchyne iSHOP s n\u00e1bytkom","description":"Konferen\u010dn\u00fd stol\u00edk Driftwood 80 cm - r\u00fdchle dodanie, poradenstvo, n\u00e1bytok skladom v Bratislave s ikuchyne.sk - kuchyne na mieru.","robots":{"index":"index","follow":"follow","max-snippet":"max-snippet:-1","max-image-preview":"max-image-preview:large","max-video-preview":"max-video-preview:-1"},"canonical":"https:\/\/www.ikuchyne.sk\/eshop\/produkt\/konferencny-stolik-driftwood-80-cm\/","og_locale":"sk_SK","og_type":"article","og_title":"Konferen\u010dn\u00fd stol\u00edk Driftwood 80 cm &#187; iKuchyne iSHOP s n\u00e1bytkom","og_description":"Konferen\u010dn\u00fd stol\u00edk Driftwood 80 cm - r\u00fdchle dodanie, poradenstvo, n\u00e1bytok skladom v Bratislave s ikuchyne.sk - kuchyne na mieru.","og_url":"https:\/\/www.ikuchyne.sk\/eshop\/produkt\/konferencny-stolik-driftwood-80-cm\/","og_site_name":"iKuchyne iSHOP s n\u00e1bytkom","article_publisher":"https:\/\/www.facebook.com\/ikuchyne\/","article_modified_time":"2024-03-10T11:41:08+00:00","og_image":[{"width":800,"height":533,"url":"https:\/\/www.ikuchyne.sk\/eshop\/wp-content\/uploads\/2020\/02\/Konferencny-stolik-Driftwood-80cm-Gestell-19806--19806-1.jpg","type":"image\/jpeg"}],"twitter_card":"summary_large_image","twitter_misc":{"Predpokladan\u00fd \u010das \u010d\u00edtania":"3 min\u00faty"},"schema":{"@context":"https:\/\/schema.org","@graph":[{"@type":"WebPage","@id":"https:\/\/www.ikuchyne.sk\/eshop\/produkt\/konferencny-stolik-driftwood-80-cm\/","url":"https:\/\/www.ikuchyne.sk\/eshop\/produkt\/konferencny-stolik-driftwood-80-cm\/","name":"Konferen\u010dn\u00fd stol\u00edk Driftwood 80 cm &#187; iKuchyne iSHOP s n\u00e1bytkom","isPartOf":{"@id":"https:\/\/www.ikuchyne.sk\/eshop\/#website"},"datePublished":"2021-03-23T19:20:04+00:00","dateModified":"2024-03-10T11:41:08+00:00","description":"Konferen\u010dn\u00fd stol\u00edk Driftwood 80 cm - r\u00fdchle dodanie, poradenstvo, n\u00e1bytok skladom v Bratislave s ikuchyne.sk - kuchyne na mieru.","breadcrumb":{"@id":"https:\/\/www.ikuchyne.sk\/eshop\/produkt\/konferencny-stolik-driftwood-80-cm\/#breadcrumb"},"inLanguage":"sk-SK","potentialAction":[{"@type":"ReadAction","target":["https:\/\/www.ikuchyne.sk\/eshop\/produkt\/konferencny-stolik-driftwood-80-cm\/"]}]},{"@type":"BreadcrumbList","@id":"https:\/\/www.ikuchyne.sk\/eshop\/produkt\/konferencny-stolik-driftwood-80-cm\/#breadcrumb","itemListElement":[{"@type":"ListItem","position":1,"name":"Home","item":"https:\/\/www.ikuchyne.sk\/eshop\/"},{"@type":"ListItem","position":2,"name":"Obchod","item":"https:\/\/www.ikuchyne.sk\/eshop\/obchod\/"},{"@type":"ListItem","position":3,"name":"Konferen\u010dn\u00fd stol\u00edk Driftwood 80 cm"}]},{"@type":"WebSite","@id":"https:\/\/www.ikuchyne.sk\/eshop\/#website","url":"https:\/\/www.ikuchyne.sk\/eshop\/","name":"iKuchyne iSHOP s n\u00e1bytkom","description":"Jed\u00e1lensk\u00e9 stoly, stoli\u010dky, n\u00e1bytok, svietidl\u00e1...","publisher":{"@id":"https:\/\/www.ikuchyne.sk\/eshop\/#organization"},"potentialAction":[{"@type":"SearchAction","target":{"@type":"EntryPoint","urlTemplate":"https:\/\/www.ikuchyne.sk\/eshop\/?s={search_term_string}"},"query-input":"required name=search_term_string"}],"inLanguage":"sk-SK"},{"@type":"Organization","@id":"https:\/\/www.ikuchyne.sk\/eshop\/#organization","name":"ikuchyne!","url":"https:\/\/www.ikuchyne.sk\/eshop\/","logo":{"@type":"ImageObject","inLanguage":"sk-SK","@id":"https:\/\/www.ikuchyne.sk\/eshop\/#\/schema\/logo\/image\/","url":"https:\/\/www.ikuchyne.sk\/eshop\/wp-content\/uploads\/2017\/04\/ikuchyne-logo.jpg","contentUrl":"https:\/\/www.ikuchyne.sk\/eshop\/wp-content\/uploads\/2017\/04\/ikuchyne-logo.jpg","width":200,"height":48,"caption":"ikuchyne!"},"image":{"@id":"https:\/\/www.ikuchyne.sk\/eshop\/#\/schema\/logo\/image\/"},"sameAs":["https:\/\/www.facebook.com\/ikuchyne\/","https:\/\/www.instagram.com\/ikuchyne.sk\/","https:\/\/sk.pinterest.com\/ikuchynesk\/"]}]}},"_links":{"self":[{"href":"https:\/\/www.ikuchyne.sk\/eshop\/wp-json\/wp\/v2\/product\/123233"}],"collection":[{"href":"https:\/\/www.ikuchyne.sk\/eshop\/wp-json\/wp\/v2\/product"}],"about":[{"href":"https:\/\/www.ikuchyne.sk\/eshop\/wp-json\/wp\/v2\/types\/product"}],"replies":[{"embeddable":true,"href":"https:\/\/www.ikuchyne.sk\/eshop\/wp-json\/wp\/v2\/comments?post=123233"}],"wp:featuredmedia":[{"embeddable":true,"href":"https:\/\/www.ikuchyne.sk\/eshop\/wp-json\/wp\/v2\/media\/123234"}],"wp:attachment":[{"href":"https:\/\/www.ikuchyne.sk\/eshop\/wp-json\/wp\/v2\/media?parent=123233"}],"wp:term":[{"taxonomy":"product_cat","embeddable":true,"href":"https:\/\/www.ikuchyne.sk\/eshop\/wp-json\/wp\/v2\/product_cat?post=123233"},{"taxonomy":"product_tag","embeddable":true,"href":"https:\/\/www.ikuchyne.sk\/eshop\/wp-json\/wp\/v2\/product_tag?post=123233"}],"curies":[{"name":"wp","href":"https:\/\/api.w.org\/{rel}","templated":true}]}}