{"id":123879,"date":"2020-02-20T14:20:52","date_gmt":"2020-02-20T13:20:52","guid":{"rendered":"https:\/\/ikuchyne.sk\/eshop\/?post_type=product&#038;p=123879"},"modified":"2024-01-10T14:47:39","modified_gmt":"2024-01-10T13:47:39","slug":"jedalenska-stolicka-scandinavia-retro-horcicova-zlta","status":"publish","type":"product","link":"https:\/\/www.ikuchyne.sk\/eshop\/produkt\/jedalenska-stolicka-scandinavia-retro-horcicova-zlta\/","title":{"rendered":"\u017dlt\u00e1 jed\u00e1lensk\u00e1 stoli\u010dka Scandinavia Retro \u00bb"},"content":{"rendered":"<h1>\u017dlt\u00e1 jed\u00e1lensk\u00e1 stoli\u010dka Scandinavia Retro \u00bb<\/h1>\n<h4><strong>V\u0161eobecn\u00fd popis:<\/strong><\/h4>\n<p>Nad\u010dasov\u00e1 \u017elt\u00e1 jed\u00e1lensk\u00e1 stoli\u010dka Scandinavia Retro s obzvl\u00e1\u0161\u0165 elegantn\u00fdm zamatov\u00fdm po\u0165ahom. Ergonomicky tvarovan\u00e1 sedacia \u010das\u0165. Lakovan\u00e9 \u010dierne kovov\u00e9 nohy zabezpe\u010duj\u00fa bezpe\u010dn\u00e9 st\u00e1tie. Z\u00edskajte tento \u0161kandin\u00e1vsky p\u00fata\u010d o\u010d\u00ed do svojho domova!<\/p>\n<p>Elegantn\u00fd dizajn v kombin\u00e1cii s modern\u00fdmi akcentmi. Dizajnov\u00e1 stoli\u010dka SCANDINAVIA je skuto\u010dnou dizajnovou klasikou medzi stoli\u010dkami. Jed\u00e1lensk\u00e1 stoli\u010dka zaujme organicky tvarovanou \u0161krupinou sedadla, ktor\u00e1 je pokryt\u00e1 po\u0165ahom z kvalitn\u00e9ho zamatu, a jasn\u00fdmi l\u00edniami. Zais\u0165uje tak \u0161t\u00fdlov\u00e9, a z\u00e1rove\u0148 modern\u00e9 a \u0161t\u00fdlov\u00e9 prostredie pre b\u00fdvanie. \u010eal\u0161\u00edm vizu\u00e1lnym vrcholom s\u00fa nohy stoli\u010dky z \u010dierneho kovu, ktor\u00e9 s\u00fa jemne tvarovan\u00e9 a napriek tomu zais\u0165uj\u00fa stabiln\u00e9 st\u00e1tie.<\/p>\n<p>Ako by ste chceli skombinova\u0165 svoju nov\u00fa stoli\u010dku zo zamatu?<br \/>\nV\u010faka vank\u00fa\u0161u sedadla pon\u00faka sedadlo obzvl\u00e1\u0161\u0165 vysok\u00fa \u00farove\u0148 komfortu sedenia a zais\u0165uje tak dlh\u00e9 a pohodln\u00e9 sedenie. \u010ci u\u017e pre svoj vlastn\u00fd byt, pre modern\u00e9 re\u0161taur\u00e1cie alebo pre konferen\u010dn\u00e9 miestnosti, dizajnov\u00e1 stoli\u010dka SCANDINAVIA sa perfektne prisp\u00f4sob\u00ed ka\u017ed\u00e9mu prostrediu. Zamatov\u00fd po\u0165ah dod\u00e1 ka\u017edej miestnosti obzvl\u00e1\u0161\u0165 elegantn\u00fd vkus &#8211; vysk\u00fa\u0161ajte to na vlastnej ko\u017ei!<\/p>\n<h4>Dedaily produktu:<\/h4>\n<p>Zamat je ve\u013emi \u0161peci\u00e1lna po\u0165ahov\u00e1 l\u00e1tka s jedine\u010dn\u00fdmi vlastnos\u0165ami. Jas a intenzita farby sa m\u00f4\u017eu l\u00ed\u0161i\u0165 a na l\u00e1tke je mo\u017en\u00e9 vytv\u00e1ra\u0165 jedine\u010dn\u00e9 vzory &#8211; pod\u013ea toho, v akom smere s\u00fa jemn\u00e9 vl\u00e1kna ma\u013eovan\u00e9 a ako je l\u00e1tka osvetlen\u00e1. V\u00fdsledkom je individu\u00e1lne zlo\u017eenie farebn\u00fdch odtie\u0148ov a povrchov\u00fdch \u0161trukt\u00far, ktor\u00e9 z v\u00e1\u0161ho kusu n\u00e1bytku urobia v\u017edy fascinuj\u00faci poh\u013ead. Max. nosnos\u0165: 120 kg. Vhodn\u00e9 bytov\u00e9 doplnky pre kombinovanie interi\u00e9ru s touto jed\u00e1lenskou stoli\u010dkou n\u00e1jdete na na\u0161om e-shope v sekcii Bytov\u00e9 doplnky. Kontaktujte n\u00e1s a my v\u00e1m radi pom\u00f4\u017eeme s v\u00fdberom vhodn\u00fdch dekor\u00e1ci\u00ed.<\/p>\n<p><strong>Sed\u00e1k stoli\u010dky:<br \/>\n<\/strong>Ergonomicky tvarovan\u00fd sed\u00e1k\u00a0 prinesie pohodlie do ka\u017edej jed\u00e1lne alebo kuchyne. Sed\u00e1k je v elegantnej hor\u010dicovo \u017eltej farbe.<\/p>\n<p><strong>Podno\u017e stoli\u010dky:<br \/>\n<\/strong>Podno\u017e stoli\u010dky je tvoren\u00e1 typick\u00fdmi nohami z kovu v \u010diernej farbe v \u0161kandin\u00e1vskom type.<\/p>\n<p><strong>\u010eal\u0161ie inform\u00e1cie:<br \/>\n<\/strong>V pr\u00edpade zne\u010distenia, utierame vlhkou handri\u010dkou a vysu\u0161\u00edme.<\/p>\n<p><b>Rozmery<\/b> (cca): 48cm x 86cm x 55cm (\u0160xVxH)<br \/>\nsedenie: 44cm x 49cm x 40cm (\u0160xVxH)<br \/>\nv\u00fd\u0161ka operadla: 41cm<br \/>\n<b>Farba:<\/b> hor\u010dicov\u00e1 \u017elt\u00e1<br \/>\n<b>Materi\u00e1l:<\/b> zamat<\/p>\n<p>Dodato\u010dn\u00e9 inform\u00e1cie:<\/p>\n<p>V pr\u00edpade z\u00e1ujmu o in\u00e9 stoli\u010dky &#8211; jed\u00e1lensk\u00e9, barov\u00e9, kancel\u00e1rske, nav\u0161t\u00edvte sekciu stoli\u010dky na <a href=\"https:\/\/www.ikuchyne.sk\/eshop\/kategoria\/stolicky\/\">www.ikuchyne.sk\/eshop<\/a><br \/>\nV pr\u00edpade z\u00e1ujmu o n\u00e1bytok na mieru n\u00e1s kontaktuje na <a href=\"http:\/\/www.ikuchyne.sk\">www.ikuchyne.sk<\/a><\/p>\n","protected":false},"excerpt":{"rendered":"<p>\u017dlt\u00e1 jed\u00e1lensk\u00e1 stoli\u010dka Scandinavia Retro \u00bb V\u0161eobecn\u00fd popis: Nad\u010dasov\u00e1 \u017elt\u00e1 jed\u00e1lensk\u00e1 stoli\u010dka Scandinavia Retro s obzvl\u00e1\u0161\u0165 elegantn\u00fdm zamatov\u00fdm po\u0165ahom. Ergonomicky tvarovan\u00e1 sedacia \u010das\u0165. Lakovan\u00e9 \u010dierne kovov\u00e9 nohy zabezpe\u010duj\u00fa bezpe\u010dn\u00e9 st\u00e1tie.<\/p>\n","protected":false},"featured_media":125887,"comment_status":"closed","ping_status":"closed","template":"","meta":[],"product_cat":[310,823,826,820,830,819,772,940,935,288],"product_tag":[256,690,514],"yoast_head":"<!-- This site is optimized with the Yoast SEO plugin v22.1 - https:\/\/yoast.com\/wordpress\/plugins\/seo\/ -->\n<title>\u017dlt\u00e1 jed\u00e1lensk\u00e1 stoli\u010dka Scandinavia Retro &#187; iKuchyne iSHOP s n\u00e1bytkom<\/title>\n<meta name=\"description\" content=\"\u017dlt\u00e1 jed\u00e1lensk\u00e1 stoli\u010dka Scandinavia Retro \u00bb - r\u00fdchle dodanie, poradenstvo, n\u00e1bytok skladom v Bratislave s ikuchyne.sk - kuchyne na mieru.\" \/>\n<meta name=\"robots\" content=\"index, follow, max-snippet:-1, max-image-preview:large, max-video-preview:-1\" \/>\n<link rel=\"canonical\" href=\"https:\/\/www.ikuchyne.sk\/eshop\/produkt\/jedalenska-stolicka-scandinavia-retro-horcicova-zlta\/\" \/>\n<meta property=\"og:locale\" content=\"sk_SK\" \/>\n<meta property=\"og:type\" content=\"article\" \/>\n<meta property=\"og:title\" content=\"\u017dlt\u00e1 jed\u00e1lensk\u00e1 stoli\u010dka Scandinavia Retro &#187; iKuchyne iSHOP s n\u00e1bytkom\" \/>\n<meta property=\"og:description\" content=\"\u017dlt\u00e1 jed\u00e1lensk\u00e1 stoli\u010dka Scandinavia Retro \u00bb - r\u00fdchle dodanie, poradenstvo, n\u00e1bytok skladom v Bratislave s ikuchyne.sk - kuchyne na mieru.\" \/>\n<meta property=\"og:url\" content=\"https:\/\/www.ikuchyne.sk\/eshop\/produkt\/jedalenska-stolicka-scandinavia-retro-horcicova-zlta\/\" \/>\n<meta property=\"og:site_name\" content=\"iKuchyne iSHOP s n\u00e1bytkom\" \/>\n<meta property=\"article:publisher\" content=\"https:\/\/www.facebook.com\/ikuchyne\/\" \/>\n<meta property=\"article:modified_time\" content=\"2024-01-10T13:47:39+00:00\" \/>\n<meta property=\"og:image\" content=\"https:\/\/www.ikuchyne.sk\/eshop\/wp-content\/uploads\/2020\/02\/Jed\u00e1lensk\u00e1-stoli\u010dka-Scandinavia-Retro-hor\u010dicov\u00e1-\u017elt\u00e1-2.jpg\" \/>\n\t<meta property=\"og:image:width\" content=\"1000\" \/>\n\t<meta property=\"og:image:height\" content=\"667\" \/>\n\t<meta property=\"og:image:type\" content=\"image\/jpeg\" \/>\n<meta name=\"twitter:card\" content=\"summary_large_image\" \/>\n<meta name=\"twitter:label1\" content=\"Predpokladan\u00fd \u010das \u010d\u00edtania\" \/>\n\t<meta name=\"twitter:data1\" content=\"2 min\u00faty\" \/>\n<script type=\"application\/ld+json\" class=\"yoast-schema-graph\">{\"@context\":\"https:\/\/schema.org\",\"@graph\":[{\"@type\":\"WebPage\",\"@id\":\"https:\/\/www.ikuchyne.sk\/eshop\/produkt\/jedalenska-stolicka-scandinavia-retro-horcicova-zlta\/\",\"url\":\"https:\/\/www.ikuchyne.sk\/eshop\/produkt\/jedalenska-stolicka-scandinavia-retro-horcicova-zlta\/\",\"name\":\"\u017dlt\u00e1 jed\u00e1lensk\u00e1 stoli\u010dka Scandinavia Retro &#187; iKuchyne iSHOP s n\u00e1bytkom\",\"isPartOf\":{\"@id\":\"https:\/\/www.ikuchyne.sk\/eshop\/#website\"},\"datePublished\":\"2020-02-20T13:20:52+00:00\",\"dateModified\":\"2024-01-10T13:47:39+00:00\",\"description\":\"\u017dlt\u00e1 jed\u00e1lensk\u00e1 stoli\u010dka Scandinavia Retro \u00bb - r\u00fdchle dodanie, poradenstvo, n\u00e1bytok skladom v Bratislave s ikuchyne.sk - kuchyne na mieru.\",\"breadcrumb\":{\"@id\":\"https:\/\/www.ikuchyne.sk\/eshop\/produkt\/jedalenska-stolicka-scandinavia-retro-horcicova-zlta\/#breadcrumb\"},\"inLanguage\":\"sk-SK\",\"potentialAction\":[{\"@type\":\"ReadAction\",\"target\":[\"https:\/\/www.ikuchyne.sk\/eshop\/produkt\/jedalenska-stolicka-scandinavia-retro-horcicova-zlta\/\"]}]},{\"@type\":\"BreadcrumbList\",\"@id\":\"https:\/\/www.ikuchyne.sk\/eshop\/produkt\/jedalenska-stolicka-scandinavia-retro-horcicova-zlta\/#breadcrumb\",\"itemListElement\":[{\"@type\":\"ListItem\",\"position\":1,\"name\":\"Home\",\"item\":\"https:\/\/www.ikuchyne.sk\/eshop\/\"},{\"@type\":\"ListItem\",\"position\":2,\"name\":\"Obchod\",\"item\":\"https:\/\/www.ikuchyne.sk\/eshop\/obchod\/\"},{\"@type\":\"ListItem\",\"position\":3,\"name\":\"\u017dlt\u00e1 jed\u00e1lensk\u00e1 stoli\u010dka Scandinavia Retro \u00bb\"}]},{\"@type\":\"WebSite\",\"@id\":\"https:\/\/www.ikuchyne.sk\/eshop\/#website\",\"url\":\"https:\/\/www.ikuchyne.sk\/eshop\/\",\"name\":\"iKuchyne iSHOP s n\u00e1bytkom\",\"description\":\"Jed\u00e1lensk\u00e9 stoly, stoli\u010dky, n\u00e1bytok, svietidl\u00e1...\",\"publisher\":{\"@id\":\"https:\/\/www.ikuchyne.sk\/eshop\/#organization\"},\"potentialAction\":[{\"@type\":\"SearchAction\",\"target\":{\"@type\":\"EntryPoint\",\"urlTemplate\":\"https:\/\/www.ikuchyne.sk\/eshop\/?s={search_term_string}\"},\"query-input\":\"required name=search_term_string\"}],\"inLanguage\":\"sk-SK\"},{\"@type\":\"Organization\",\"@id\":\"https:\/\/www.ikuchyne.sk\/eshop\/#organization\",\"name\":\"ikuchyne!\",\"url\":\"https:\/\/www.ikuchyne.sk\/eshop\/\",\"logo\":{\"@type\":\"ImageObject\",\"inLanguage\":\"sk-SK\",\"@id\":\"https:\/\/www.ikuchyne.sk\/eshop\/#\/schema\/logo\/image\/\",\"url\":\"https:\/\/www.ikuchyne.sk\/eshop\/wp-content\/uploads\/2017\/04\/ikuchyne-logo.jpg\",\"contentUrl\":\"https:\/\/www.ikuchyne.sk\/eshop\/wp-content\/uploads\/2017\/04\/ikuchyne-logo.jpg\",\"width\":200,\"height\":48,\"caption\":\"ikuchyne!\"},\"image\":{\"@id\":\"https:\/\/www.ikuchyne.sk\/eshop\/#\/schema\/logo\/image\/\"},\"sameAs\":[\"https:\/\/www.facebook.com\/ikuchyne\/\",\"https:\/\/www.instagram.com\/ikuchyne.sk\/\",\"https:\/\/sk.pinterest.com\/ikuchynesk\/\"]}]}<\/script>\n<!-- \/ Yoast SEO plugin. -->","yoast_head_json":{"title":"\u017dlt\u00e1 jed\u00e1lensk\u00e1 stoli\u010dka Scandinavia Retro &#187; iKuchyne iSHOP s n\u00e1bytkom","description":"\u017dlt\u00e1 jed\u00e1lensk\u00e1 stoli\u010dka Scandinavia Retro \u00bb - r\u00fdchle dodanie, poradenstvo, n\u00e1bytok skladom v Bratislave s ikuchyne.sk - kuchyne na mieru.","robots":{"index":"index","follow":"follow","max-snippet":"max-snippet:-1","max-image-preview":"max-image-preview:large","max-video-preview":"max-video-preview:-1"},"canonical":"https:\/\/www.ikuchyne.sk\/eshop\/produkt\/jedalenska-stolicka-scandinavia-retro-horcicova-zlta\/","og_locale":"sk_SK","og_type":"article","og_title":"\u017dlt\u00e1 jed\u00e1lensk\u00e1 stoli\u010dka Scandinavia Retro &#187; iKuchyne iSHOP s n\u00e1bytkom","og_description":"\u017dlt\u00e1 jed\u00e1lensk\u00e1 stoli\u010dka Scandinavia Retro \u00bb - r\u00fdchle dodanie, poradenstvo, n\u00e1bytok skladom v Bratislave s ikuchyne.sk - kuchyne na mieru.","og_url":"https:\/\/www.ikuchyne.sk\/eshop\/produkt\/jedalenska-stolicka-scandinavia-retro-horcicova-zlta\/","og_site_name":"iKuchyne iSHOP s n\u00e1bytkom","article_publisher":"https:\/\/www.facebook.com\/ikuchyne\/","article_modified_time":"2024-01-10T13:47:39+00:00","og_image":[{"width":1000,"height":667,"url":"https:\/\/www.ikuchyne.sk\/eshop\/wp-content\/uploads\/2020\/02\/Jed\u00e1lensk\u00e1-stoli\u010dka-Scandinavia-Retro-hor\u010dicov\u00e1-\u017elt\u00e1-2.jpg","type":"image\/jpeg"}],"twitter_card":"summary_large_image","twitter_misc":{"Predpokladan\u00fd \u010das \u010d\u00edtania":"2 min\u00faty"},"schema":{"@context":"https:\/\/schema.org","@graph":[{"@type":"WebPage","@id":"https:\/\/www.ikuchyne.sk\/eshop\/produkt\/jedalenska-stolicka-scandinavia-retro-horcicova-zlta\/","url":"https:\/\/www.ikuchyne.sk\/eshop\/produkt\/jedalenska-stolicka-scandinavia-retro-horcicova-zlta\/","name":"\u017dlt\u00e1 jed\u00e1lensk\u00e1 stoli\u010dka Scandinavia Retro &#187; iKuchyne iSHOP s n\u00e1bytkom","isPartOf":{"@id":"https:\/\/www.ikuchyne.sk\/eshop\/#website"},"datePublished":"2020-02-20T13:20:52+00:00","dateModified":"2024-01-10T13:47:39+00:00","description":"\u017dlt\u00e1 jed\u00e1lensk\u00e1 stoli\u010dka Scandinavia Retro \u00bb - r\u00fdchle dodanie, poradenstvo, n\u00e1bytok skladom v Bratislave s ikuchyne.sk - kuchyne na mieru.","breadcrumb":{"@id":"https:\/\/www.ikuchyne.sk\/eshop\/produkt\/jedalenska-stolicka-scandinavia-retro-horcicova-zlta\/#breadcrumb"},"inLanguage":"sk-SK","potentialAction":[{"@type":"ReadAction","target":["https:\/\/www.ikuchyne.sk\/eshop\/produkt\/jedalenska-stolicka-scandinavia-retro-horcicova-zlta\/"]}]},{"@type":"BreadcrumbList","@id":"https:\/\/www.ikuchyne.sk\/eshop\/produkt\/jedalenska-stolicka-scandinavia-retro-horcicova-zlta\/#breadcrumb","itemListElement":[{"@type":"ListItem","position":1,"name":"Home","item":"https:\/\/www.ikuchyne.sk\/eshop\/"},{"@type":"ListItem","position":2,"name":"Obchod","item":"https:\/\/www.ikuchyne.sk\/eshop\/obchod\/"},{"@type":"ListItem","position":3,"name":"\u017dlt\u00e1 jed\u00e1lensk\u00e1 stoli\u010dka Scandinavia Retro \u00bb"}]},{"@type":"WebSite","@id":"https:\/\/www.ikuchyne.sk\/eshop\/#website","url":"https:\/\/www.ikuchyne.sk\/eshop\/","name":"iKuchyne iSHOP s n\u00e1bytkom","description":"Jed\u00e1lensk\u00e9 stoly, stoli\u010dky, n\u00e1bytok, svietidl\u00e1...","publisher":{"@id":"https:\/\/www.ikuchyne.sk\/eshop\/#organization"},"potentialAction":[{"@type":"SearchAction","target":{"@type":"EntryPoint","urlTemplate":"https:\/\/www.ikuchyne.sk\/eshop\/?s={search_term_string}"},"query-input":"required name=search_term_string"}],"inLanguage":"sk-SK"},{"@type":"Organization","@id":"https:\/\/www.ikuchyne.sk\/eshop\/#organization","name":"ikuchyne!","url":"https:\/\/www.ikuchyne.sk\/eshop\/","logo":{"@type":"ImageObject","inLanguage":"sk-SK","@id":"https:\/\/www.ikuchyne.sk\/eshop\/#\/schema\/logo\/image\/","url":"https:\/\/www.ikuchyne.sk\/eshop\/wp-content\/uploads\/2017\/04\/ikuchyne-logo.jpg","contentUrl":"https:\/\/www.ikuchyne.sk\/eshop\/wp-content\/uploads\/2017\/04\/ikuchyne-logo.jpg","width":200,"height":48,"caption":"ikuchyne!"},"image":{"@id":"https:\/\/www.ikuchyne.sk\/eshop\/#\/schema\/logo\/image\/"},"sameAs":["https:\/\/www.facebook.com\/ikuchyne\/","https:\/\/www.instagram.com\/ikuchyne.sk\/","https:\/\/sk.pinterest.com\/ikuchynesk\/"]}]}},"_links":{"self":[{"href":"https:\/\/www.ikuchyne.sk\/eshop\/wp-json\/wp\/v2\/product\/123879"}],"collection":[{"href":"https:\/\/www.ikuchyne.sk\/eshop\/wp-json\/wp\/v2\/product"}],"about":[{"href":"https:\/\/www.ikuchyne.sk\/eshop\/wp-json\/wp\/v2\/types\/product"}],"replies":[{"embeddable":true,"href":"https:\/\/www.ikuchyne.sk\/eshop\/wp-json\/wp\/v2\/comments?post=123879"}],"wp:featuredmedia":[{"embeddable":true,"href":"https:\/\/www.ikuchyne.sk\/eshop\/wp-json\/wp\/v2\/media\/125887"}],"wp:attachment":[{"href":"https:\/\/www.ikuchyne.sk\/eshop\/wp-json\/wp\/v2\/media?parent=123879"}],"wp:term":[{"taxonomy":"product_cat","embeddable":true,"href":"https:\/\/www.ikuchyne.sk\/eshop\/wp-json\/wp\/v2\/product_cat?post=123879"},{"taxonomy":"product_tag","embeddable":true,"href":"https:\/\/www.ikuchyne.sk\/eshop\/wp-json\/wp\/v2\/product_tag?post=123879"}],"curies":[{"name":"wp","href":"https:\/\/api.w.org\/{rel}","templated":true}]}}