{"id":124528,"date":"2020-02-27T10:57:22","date_gmt":"2020-02-27T09:57:22","guid":{"rendered":"https:\/\/ikuchyne.sk\/eshop\/?post_type=product&#038;p=124528"},"modified":"2021-07-02T08:43:59","modified_gmt":"2021-07-02T06:43:59","slug":"ruzova-rozkladacia-pohovka-bellezza-208cm","status":"publish","type":"product","link":"https:\/\/www.ikuchyne.sk\/eshop\/produkt\/ruzova-rozkladacia-pohovka-bellezza-208cm\/","title":{"rendered":"Ru\u017eov\u00e1 rozkladacia pohovka Bellezza 208cm \u00bb"},"content":{"rendered":"<h1>Ru\u017eov\u00e1 rozkladacia pohovka Bellezza 208cm \u00bb<\/h1>\n<h4><strong>V\u0161eobecn\u00fd popis:<\/strong><\/h4>\n<p>Elegantn\u00e1 ru\u017eov\u00e1 rozkladacia pohovka Bellezza 208cm s kvalitn\u00fdm po\u0165ahom z jemnej vrecoviny v ru\u017eovej farbe. Trojmiestna pohodln\u00e1 pohovka sa m\u00f4\u017ee pou\u017ei\u0165 aj ako poste\u013e pre host\u00ed. S elegantn\u00fdm lemom a no\u017ei\u010dkami v retro dizajne v ru\u017eovo zlatej.<\/p>\n<p>Trochu extravagancie pre va\u0161u ob\u00fdvaciu izbu. T\u00e1to pohovka m\u00e1 naozaj v\u0161etko! Nielen vzh\u013ead je okam\u017eite presved\u010div\u00fd a pri\u0165ahuje pozornos\u0165 v\u0161etk\u00fdch, ale m\u00e1 \u010do pon\u00faknu\u0165 aj z h\u013eadiska funk\u010dnosti. Operadlo 3-sedadla sa d\u00e1 \u013eahko sklopi\u0165 a pohovka sa zmen\u00ed na pohodln\u00fa poste\u013e pre host\u00ed. Spont\u00e1nnej n\u00e1v\u0161teve ni\u010d nestoj\u00ed v ceste! Zodpovedaj\u00face vank\u00fa\u0161e s\u00fa samozrejme s\u00fa\u010das\u0165ou dod\u00e1vky a zvy\u0161uj\u00fa komfort le\u017eania a sedenia.<\/p>\n<p>Nov\u00fd p\u00fata\u010d o\u010d\u00ed do va\u0161ej ob\u00fdva\u010dky. \u0160peci\u00e1lnym detailom pohovky je ozdobn\u00e1 li\u0161ta vyroben\u00e1 z kovu v u\u0161\u013eachtilom ru\u017eovom zlate a no\u017ei\u010dky v retro dizajne. Kvalitn\u00e1 a odoln\u00e1 l\u00e1tka v nad\u010dasovom ru\u017eovom odtieni sem dokonale zapad\u00e1 a zaujme elegantn\u00fdm vzh\u013eadom a pr\u00edjemn\u00fdm pocitom. Te\u0161te sa na farebn\u00fd p\u00fata\u010d o\u010d\u00ed vo va\u0161ej dom\u00e1cnosti, ktor\u00fd sa r\u00fdchlo stane va\u0161im nov\u00fdm ob\u013e\u00faben\u00fdm a v\u017edy z neho sr\u0161\u00ed n\u00e1dych extravagancie!<\/p>\n<h4>Detaily produktu:<\/h4>\n<p>Tkanina sa sklad\u00e1 zo siln\u00fdch prame\u0148ov vl\u00e1kien, ktor\u00e9 s\u00fa vertik\u00e1lne pretkan\u00e9. Drsn\u00e1 \u0161trukt\u00fara vytv\u00e1ra na povrchu skvel\u00fd 3D efekt. \u0160truktur\u00e1lna tkanina je ve\u013emi odoln\u00e1 a necitliv\u00e1 vo\u010di ne\u010distot\u00e1m a oderu. Vhodn\u00e9 bytov\u00e9 doplnky pre kombinovanie interi\u00e9ru s touto pohovkou n\u00e1jdete na na\u0161om e-shope v sekcii Bytov\u00e9 doplnky. Kontaktujte n\u00e1s a my v\u00e1m radi pom\u00f4\u017eeme s v\u00fdberom vhodn\u00fdch dekor\u00e1ci\u00ed.<\/p>\n<p><b>Rozmery<\/b> (cca):<br \/>\n208cm x 84cm x 102cm (\u0160xVxH)<br \/>\nsedenie: 180cm x 43cm x 51cm (\u0160xVxH)<br \/>\nv\u00fd\u0161ka : 47cm<br \/>\nle\u017eovisko: 180cm x 100cm (\u0160xH)<br \/>\nvank\u00fa\u0161iky: 2x 60cm x 25cm (\u0160xV)<br \/>\nv\u00fd\u0161ka podno\u017ee: 20cm<br \/>\n<b>Farba:<\/b> staroru\u017eov\u00e1<br \/>\n<b>Materi\u00e1l:<\/b> vrecovina<\/p>\n<h4>Dopl\u0148uj\u00face inform\u00e1cie:<\/h4>\n<p>Uveden\u00e9 rozmery \u010dal\u00fanen\u00e9ho n\u00e1bytku (pohovky, rohy, postele) s\u00fa pribli\u017en\u00e9 rozmery, ktor\u00e9 sa m\u00f4\u017eu mierne l\u00ed\u0161i\u0165 od skuto\u010dn\u00fdch (tolerancia rozmerov: +\/- 3 cm). Pr\u00edpadn\u00e9 rozdiely m\u00f4\u017eu by\u0165 sp\u00f4soben\u00e9 r\u00f4znymi typmi po\u0165ahov\u00fdch a v\u00fdpl\u0148ov\u00fdch materi\u00e1lov &#8211; to plat\u00ed najm\u00e4 pre v\u00fdrobky dostupn\u00e9 v nieko\u013ek\u00fdch farebn\u00fdch variantoch.<\/p>\n<p>Dodato\u010dn\u00e9 inform\u00e1cie:<\/p>\n<p>V pr\u00edpade z\u00e1ujmu o in\u00e9 seda\u010dky, pohovky \u010di le\u0148o\u0161ky, nav\u0161t\u00edvte sekciu sedenie na <a href=\"https:\/\/www.ikuchyne.sk\/eshop\/kategoria\/sedenie\/\">www.ikuchyne.sk\/eshop<\/a><br \/>\nV pr\u00edpade z\u00e1ujmu o n\u00e1bytok na mieru n\u00e1s kontaktuje na <a href=\"http:\/\/www.ikuchyne.sk\">www.ikuchyne.sk<\/a><\/p>\n","protected":false},"excerpt":{"rendered":"<p>Ru\u017eov\u00e1 rozkladacia pohovka Bellezza 208cm \u00bb V\u0161eobecn\u00fd popis: Elegantn\u00e1 ru\u017eov\u00e1 rozkladacia pohovka Bellezza 208cm s kvalitn\u00fdm po\u0165ahom z jemnej vrecoviny v ru\u017eovej farbe. Trojmiestna pohodln\u00e1 pohovka sa m\u00f4\u017ee pou\u017ei\u0165 aj<\/p>\n","protected":false},"featured_media":124529,"comment_status":"closed","ping_status":"closed","template":"","meta":[],"product_cat":[772,600,603],"product_tag":[200,2976],"yoast_head":"<!-- This site is optimized with the Yoast SEO plugin v22.1 - https:\/\/yoast.com\/wordpress\/plugins\/seo\/ -->\n<title>Ru\u017eov\u00e1 rozkladacia pohovka Bellezza &#187; iKuchyne iSHOP s n\u00e1bytkom<\/title>\n<meta name=\"description\" content=\"Ru\u017eov\u00e1 rozkladacia pohovka Bellezza 208cm \u00bb - r\u00fdchle dodanie, poradenstvo, n\u00e1bytok skladom v Bratislave s ikuchyne.sk - kuchyne na mieru.\" \/>\n<meta name=\"robots\" content=\"index, follow, max-snippet:-1, max-image-preview:large, max-video-preview:-1\" \/>\n<link rel=\"canonical\" href=\"https:\/\/www.ikuchyne.sk\/eshop\/produkt\/ruzova-rozkladacia-pohovka-bellezza-208cm\/\" \/>\n<meta property=\"og:locale\" content=\"sk_SK\" \/>\n<meta property=\"og:type\" content=\"article\" \/>\n<meta property=\"og:title\" content=\"Ru\u017eov\u00e1 rozkladacia pohovka Bellezza &#187; iKuchyne iSHOP s n\u00e1bytkom\" \/>\n<meta property=\"og:description\" content=\"Ru\u017eov\u00e1 rozkladacia pohovka Bellezza 208cm \u00bb - r\u00fdchle dodanie, poradenstvo, n\u00e1bytok skladom v Bratislave s ikuchyne.sk - kuchyne na mieru.\" \/>\n<meta property=\"og:url\" content=\"https:\/\/www.ikuchyne.sk\/eshop\/produkt\/ruzova-rozkladacia-pohovka-bellezza-208cm\/\" \/>\n<meta property=\"og:site_name\" content=\"iKuchyne iSHOP s n\u00e1bytkom\" \/>\n<meta property=\"article:publisher\" content=\"https:\/\/www.facebook.com\/ikuchyne\/\" \/>\n<meta property=\"article:modified_time\" content=\"2021-07-02T06:43:59+00:00\" \/>\n<meta property=\"og:image\" content=\"https:\/\/www.ikuchyne.sk\/eshop\/wp-content\/uploads\/2020\/02\/Rozkladacia-pohovka-Bellezza-208cm-altrosa-Struktur-39913.jpg\" \/>\n\t<meta property=\"og:image:width\" content=\"800\" \/>\n\t<meta property=\"og:image:height\" content=\"533\" \/>\n\t<meta property=\"og:image:type\" content=\"image\/jpeg\" \/>\n<meta name=\"twitter:card\" content=\"summary_large_image\" \/>\n<meta name=\"twitter:label1\" content=\"Predpokladan\u00fd \u010das \u010d\u00edtania\" \/>\n\t<meta name=\"twitter:data1\" content=\"2 min\u00faty\" \/>\n<script type=\"application\/ld+json\" class=\"yoast-schema-graph\">{\"@context\":\"https:\/\/schema.org\",\"@graph\":[{\"@type\":\"WebPage\",\"@id\":\"https:\/\/www.ikuchyne.sk\/eshop\/produkt\/ruzova-rozkladacia-pohovka-bellezza-208cm\/\",\"url\":\"https:\/\/www.ikuchyne.sk\/eshop\/produkt\/ruzova-rozkladacia-pohovka-bellezza-208cm\/\",\"name\":\"Ru\u017eov\u00e1 rozkladacia pohovka Bellezza &#187; iKuchyne iSHOP s n\u00e1bytkom\",\"isPartOf\":{\"@id\":\"https:\/\/www.ikuchyne.sk\/eshop\/#website\"},\"datePublished\":\"2020-02-27T09:57:22+00:00\",\"dateModified\":\"2021-07-02T06:43:59+00:00\",\"description\":\"Ru\u017eov\u00e1 rozkladacia pohovka Bellezza 208cm \u00bb - r\u00fdchle dodanie, poradenstvo, n\u00e1bytok skladom v Bratislave s ikuchyne.sk - kuchyne na mieru.\",\"breadcrumb\":{\"@id\":\"https:\/\/www.ikuchyne.sk\/eshop\/produkt\/ruzova-rozkladacia-pohovka-bellezza-208cm\/#breadcrumb\"},\"inLanguage\":\"sk-SK\",\"potentialAction\":[{\"@type\":\"ReadAction\",\"target\":[\"https:\/\/www.ikuchyne.sk\/eshop\/produkt\/ruzova-rozkladacia-pohovka-bellezza-208cm\/\"]}]},{\"@type\":\"BreadcrumbList\",\"@id\":\"https:\/\/www.ikuchyne.sk\/eshop\/produkt\/ruzova-rozkladacia-pohovka-bellezza-208cm\/#breadcrumb\",\"itemListElement\":[{\"@type\":\"ListItem\",\"position\":1,\"name\":\"Home\",\"item\":\"https:\/\/www.ikuchyne.sk\/eshop\/\"},{\"@type\":\"ListItem\",\"position\":2,\"name\":\"Obchod\",\"item\":\"https:\/\/www.ikuchyne.sk\/eshop\/obchod\/\"},{\"@type\":\"ListItem\",\"position\":3,\"name\":\"Ru\u017eov\u00e1 rozkladacia pohovka Bellezza 208cm \u00bb\"}]},{\"@type\":\"WebSite\",\"@id\":\"https:\/\/www.ikuchyne.sk\/eshop\/#website\",\"url\":\"https:\/\/www.ikuchyne.sk\/eshop\/\",\"name\":\"iKuchyne iSHOP s n\u00e1bytkom\",\"description\":\"Jed\u00e1lensk\u00e9 stoly, stoli\u010dky, n\u00e1bytok, svietidl\u00e1...\",\"publisher\":{\"@id\":\"https:\/\/www.ikuchyne.sk\/eshop\/#organization\"},\"potentialAction\":[{\"@type\":\"SearchAction\",\"target\":{\"@type\":\"EntryPoint\",\"urlTemplate\":\"https:\/\/www.ikuchyne.sk\/eshop\/?s={search_term_string}\"},\"query-input\":\"required name=search_term_string\"}],\"inLanguage\":\"sk-SK\"},{\"@type\":\"Organization\",\"@id\":\"https:\/\/www.ikuchyne.sk\/eshop\/#organization\",\"name\":\"ikuchyne!\",\"url\":\"https:\/\/www.ikuchyne.sk\/eshop\/\",\"logo\":{\"@type\":\"ImageObject\",\"inLanguage\":\"sk-SK\",\"@id\":\"https:\/\/www.ikuchyne.sk\/eshop\/#\/schema\/logo\/image\/\",\"url\":\"https:\/\/www.ikuchyne.sk\/eshop\/wp-content\/uploads\/2017\/04\/ikuchyne-logo.jpg\",\"contentUrl\":\"https:\/\/www.ikuchyne.sk\/eshop\/wp-content\/uploads\/2017\/04\/ikuchyne-logo.jpg\",\"width\":200,\"height\":48,\"caption\":\"ikuchyne!\"},\"image\":{\"@id\":\"https:\/\/www.ikuchyne.sk\/eshop\/#\/schema\/logo\/image\/\"},\"sameAs\":[\"https:\/\/www.facebook.com\/ikuchyne\/\",\"https:\/\/www.instagram.com\/ikuchyne.sk\/\",\"https:\/\/sk.pinterest.com\/ikuchynesk\/\"]}]}<\/script>\n<!-- \/ Yoast SEO plugin. -->","yoast_head_json":{"title":"Ru\u017eov\u00e1 rozkladacia pohovka Bellezza &#187; iKuchyne iSHOP s n\u00e1bytkom","description":"Ru\u017eov\u00e1 rozkladacia pohovka Bellezza 208cm \u00bb - r\u00fdchle dodanie, poradenstvo, n\u00e1bytok skladom v Bratislave s ikuchyne.sk - kuchyne na mieru.","robots":{"index":"index","follow":"follow","max-snippet":"max-snippet:-1","max-image-preview":"max-image-preview:large","max-video-preview":"max-video-preview:-1"},"canonical":"https:\/\/www.ikuchyne.sk\/eshop\/produkt\/ruzova-rozkladacia-pohovka-bellezza-208cm\/","og_locale":"sk_SK","og_type":"article","og_title":"Ru\u017eov\u00e1 rozkladacia pohovka Bellezza &#187; iKuchyne iSHOP s n\u00e1bytkom","og_description":"Ru\u017eov\u00e1 rozkladacia pohovka Bellezza 208cm \u00bb - r\u00fdchle dodanie, poradenstvo, n\u00e1bytok skladom v Bratislave s ikuchyne.sk - kuchyne na mieru.","og_url":"https:\/\/www.ikuchyne.sk\/eshop\/produkt\/ruzova-rozkladacia-pohovka-bellezza-208cm\/","og_site_name":"iKuchyne iSHOP s n\u00e1bytkom","article_publisher":"https:\/\/www.facebook.com\/ikuchyne\/","article_modified_time":"2021-07-02T06:43:59+00:00","og_image":[{"width":800,"height":533,"url":"https:\/\/www.ikuchyne.sk\/eshop\/wp-content\/uploads\/2020\/02\/Rozkladacia-pohovka-Bellezza-208cm-altrosa-Struktur-39913.jpg","type":"image\/jpeg"}],"twitter_card":"summary_large_image","twitter_misc":{"Predpokladan\u00fd \u010das \u010d\u00edtania":"2 min\u00faty"},"schema":{"@context":"https:\/\/schema.org","@graph":[{"@type":"WebPage","@id":"https:\/\/www.ikuchyne.sk\/eshop\/produkt\/ruzova-rozkladacia-pohovka-bellezza-208cm\/","url":"https:\/\/www.ikuchyne.sk\/eshop\/produkt\/ruzova-rozkladacia-pohovka-bellezza-208cm\/","name":"Ru\u017eov\u00e1 rozkladacia pohovka Bellezza &#187; iKuchyne iSHOP s n\u00e1bytkom","isPartOf":{"@id":"https:\/\/www.ikuchyne.sk\/eshop\/#website"},"datePublished":"2020-02-27T09:57:22+00:00","dateModified":"2021-07-02T06:43:59+00:00","description":"Ru\u017eov\u00e1 rozkladacia pohovka Bellezza 208cm \u00bb - r\u00fdchle dodanie, poradenstvo, n\u00e1bytok skladom v Bratislave s ikuchyne.sk - kuchyne na mieru.","breadcrumb":{"@id":"https:\/\/www.ikuchyne.sk\/eshop\/produkt\/ruzova-rozkladacia-pohovka-bellezza-208cm\/#breadcrumb"},"inLanguage":"sk-SK","potentialAction":[{"@type":"ReadAction","target":["https:\/\/www.ikuchyne.sk\/eshop\/produkt\/ruzova-rozkladacia-pohovka-bellezza-208cm\/"]}]},{"@type":"BreadcrumbList","@id":"https:\/\/www.ikuchyne.sk\/eshop\/produkt\/ruzova-rozkladacia-pohovka-bellezza-208cm\/#breadcrumb","itemListElement":[{"@type":"ListItem","position":1,"name":"Home","item":"https:\/\/www.ikuchyne.sk\/eshop\/"},{"@type":"ListItem","position":2,"name":"Obchod","item":"https:\/\/www.ikuchyne.sk\/eshop\/obchod\/"},{"@type":"ListItem","position":3,"name":"Ru\u017eov\u00e1 rozkladacia pohovka Bellezza 208cm \u00bb"}]},{"@type":"WebSite","@id":"https:\/\/www.ikuchyne.sk\/eshop\/#website","url":"https:\/\/www.ikuchyne.sk\/eshop\/","name":"iKuchyne iSHOP s n\u00e1bytkom","description":"Jed\u00e1lensk\u00e9 stoly, stoli\u010dky, n\u00e1bytok, svietidl\u00e1...","publisher":{"@id":"https:\/\/www.ikuchyne.sk\/eshop\/#organization"},"potentialAction":[{"@type":"SearchAction","target":{"@type":"EntryPoint","urlTemplate":"https:\/\/www.ikuchyne.sk\/eshop\/?s={search_term_string}"},"query-input":"required name=search_term_string"}],"inLanguage":"sk-SK"},{"@type":"Organization","@id":"https:\/\/www.ikuchyne.sk\/eshop\/#organization","name":"ikuchyne!","url":"https:\/\/www.ikuchyne.sk\/eshop\/","logo":{"@type":"ImageObject","inLanguage":"sk-SK","@id":"https:\/\/www.ikuchyne.sk\/eshop\/#\/schema\/logo\/image\/","url":"https:\/\/www.ikuchyne.sk\/eshop\/wp-content\/uploads\/2017\/04\/ikuchyne-logo.jpg","contentUrl":"https:\/\/www.ikuchyne.sk\/eshop\/wp-content\/uploads\/2017\/04\/ikuchyne-logo.jpg","width":200,"height":48,"caption":"ikuchyne!"},"image":{"@id":"https:\/\/www.ikuchyne.sk\/eshop\/#\/schema\/logo\/image\/"},"sameAs":["https:\/\/www.facebook.com\/ikuchyne\/","https:\/\/www.instagram.com\/ikuchyne.sk\/","https:\/\/sk.pinterest.com\/ikuchynesk\/"]}]}},"_links":{"self":[{"href":"https:\/\/www.ikuchyne.sk\/eshop\/wp-json\/wp\/v2\/product\/124528"}],"collection":[{"href":"https:\/\/www.ikuchyne.sk\/eshop\/wp-json\/wp\/v2\/product"}],"about":[{"href":"https:\/\/www.ikuchyne.sk\/eshop\/wp-json\/wp\/v2\/types\/product"}],"replies":[{"embeddable":true,"href":"https:\/\/www.ikuchyne.sk\/eshop\/wp-json\/wp\/v2\/comments?post=124528"}],"wp:featuredmedia":[{"embeddable":true,"href":"https:\/\/www.ikuchyne.sk\/eshop\/wp-json\/wp\/v2\/media\/124529"}],"wp:attachment":[{"href":"https:\/\/www.ikuchyne.sk\/eshop\/wp-json\/wp\/v2\/media?parent=124528"}],"wp:term":[{"taxonomy":"product_cat","embeddable":true,"href":"https:\/\/www.ikuchyne.sk\/eshop\/wp-json\/wp\/v2\/product_cat?post=124528"},{"taxonomy":"product_tag","embeddable":true,"href":"https:\/\/www.ikuchyne.sk\/eshop\/wp-json\/wp\/v2\/product_tag?post=124528"}],"curies":[{"name":"wp","href":"https:\/\/api.w.org\/{rel}","templated":true}]}}