{"id":125101,"date":"2020-03-20T18:29:45","date_gmt":"2020-03-20T17:29:45","guid":{"rendered":"https:\/\/ikuchyne.sk\/eshop\/?post_type=product&#038;p=125101"},"modified":"2021-07-18T22:20:47","modified_gmt":"2021-07-18T20:20:47","slug":"tv-stolik-amazonas-160cm-sheesham","status":"publish","type":"product","link":"https:\/\/www.ikuchyne.sk\/eshop\/produkt\/tv-stolik-amazonas-160cm-sheesham\/","title":{"rendered":"TV stol\u00edk Amazonas 160cm sheesham \u00bb"},"content":{"rendered":"<div class=\"electro-description\">\n<div class=\"electro-description\">\n<h1>TV stol\u00edk Amazonas 160cm sheesham \u00bb<\/h1>\n<h4><strong>V\u0161eobecn\u00fd popis:<\/strong><\/h4>\n<p>Ve\u013ek\u00fd TV stol\u00edk Amazonas 160cm sheesham vyroben\u00fd z dreva sheesham a \u010dierneho kovu. Dve otvoren\u00e9 priehradky s otvorom pre k\u00e1bel a dve priehradky s dvierkami pre dostatok \u00falo\u017en\u00e9ho priestoru. Sheesham je po celom svete zn\u00e1my svojim p\u00f4sobiv\u00fdm zrnom. Postavte svoj telev\u00edzor na v\u00fdslnie s t\u00fdmto TV stol\u00edkom!<\/p>\n<p>Pr\u00edrodn\u00e9 k\u00fazlo tohto dizajnov\u00e9ho TV stol\u00edka vypln\u00ed ka\u017ed\u00fa ob\u00fdvaciu izbu: Vysoko kvalitn\u00e9 sheeshamov\u00e9 drevo je lakovan\u00e9 tak, aby mimoriadne kr\u00e1sne vyniklo jedine\u010dn\u00e9 zrno a prirodzen\u00fd farebn\u00fd t\u00f3n. V kombin\u00e1cii s \u010diernym dekora\u010dn\u00fdm p\u00e1sikom z pr\u00e1\u0161kovan\u00e9ho kovu a mas\u00edvnymi kovov\u00fdmi nohami tak vytv\u00e1ra vzh\u013ead, ktor\u00fd dokonale kombinuje pr\u00edrodu a priemysel. Ako \u0161peci\u00e1lne zv\u00fdraznenie boli hrany dosky spracovan\u00e9 tak, aby vznikol p\u00f4vodn\u00fd charakter a prirodzen\u00fd dojem ve\u013ekej dosky dreva z ag\u00e1tov\u00e9ho stromu.<\/p>\n<p>TV stol\u00edk v\u0161ak neprin\u00e1\u0161a len dizajnov\u00fa v\u00fdhodu pre va\u0161u ob\u00fdvaciu izbu. Ka\u017ed\u00e1 z dvoch otvoren\u00fdch kom\u00f4r m\u00e1 praktick\u00fd otvor na k\u00e1ble, aby bolo mo\u017en\u00e9 v\u0161etky k\u00e1ble va\u0161ich hi-fi zariaden\u00ed preh\u013eadne a bezpe\u010dne vies\u0165 za TV stol\u00edkom. Za dverami n\u00e1jdete \u010fal\u0161\u00ed \u00falo\u017en\u00fd priestor: m\u00f4\u017eu sa tu \u00fa\u017easne uklada\u0165 DVD, knihy, ozdoby a podobne. Ve\u013ek\u00e1 \u00falo\u017en\u00e1 plocha dosky pon\u00faka nielen miesto pre va\u0161u telev\u00edziu, ale je tie\u017e ide\u00e1lna na nastavenie svie\u010dok, v\u00e1z alebo r\u00e1mov na obrazy.<\/p>\n<p><strong>Detaily produktu:<\/strong><\/p>\n<p>Preto\u017ee sa jedn\u00e1 o pr\u00edrodn\u00fd produkt, ka\u017ed\u00e1 k\u00f3pia je \u00faplne jedine\u010dn\u00e1. Nerovnosti, farebn\u00e9 prechody, charizmatick\u00e9 uzly, praskliny alebo dokonca rozmerov\u00e9 rozdiely s\u00fa mo\u017en\u00e9 a vytv\u00e1raj\u00fa originalitu a vytv\u00e1raj\u00fa \u010daro mas\u00edvneho dreva. \u017diadny z t\u00fdchto d\u00f4vodov nie je d\u00f4vodom na s\u0165a\u017enos\u0165. Vhodn\u00e9 bytov\u00e9 doplnky pre kombinovanie interi\u00e9ru s t\u00fdmto TV stol\u00edkom n\u00e1jdete na na\u0161om e-shope v sekcii Bytov\u00e9 doplnky. Kontaktujte n\u00e1s a my v\u00e1m radi pom\u00f4\u017eeme s v\u00fdberom vhodn\u00fdch dekor\u00e1ci\u00ed a n\u00e1bytku.<\/p>\n<p><b>Rozmery<\/b>\u00a0(cca): 160cm x 59cm x 45cm (\u0160xVxH)<br \/>\nV\u00fd\u0161ka podno\u017ee: 15cm<br \/>\n<b>Farba:<\/b> pr\u00edrodn\u00e1<br \/>\n<b>Materi\u00e1l:<\/b> drevo (mas\u00edv), sheesham, olejovan\u00e1 podno\u017e z kovu,<br \/>\nProdukt je ru\u010dne vyroben\u00fd, preto m\u00f4\u017eu nasta\u0165 mierne vizu\u00e1lne rozdiely \u2013 ide o pr\u00edrodn\u00fd produkt.<br \/>\nIndustri\u00e1lny look.<\/p>\n<p>Dodato\u010dn\u00e9 inform\u00e1cie:<\/p>\n<p>V pr\u00edpade z\u00e1ujmu o in\u00e9 reg\u00e1ly, skrine, TV stol\u00edky \u010di komody, nav\u0161t\u00edvte sekciu n\u00e1bytok na <a href=\"https:\/\/www.ikuchyne.sk\/eshop\/kategoria\/nabytok\/\">www.ikuchyne.sk\/eshop<\/a><br \/>\nV pr\u00edpade z\u00e1ujmu o n\u00e1bytok na mieru n\u00e1s kontaktuje na <a href=\"http:\/\/www.ikuchyne.sk\">www.ikuchyne.sk<\/a><\/p>\n<\/div>\n<\/div>\n","protected":false},"excerpt":{"rendered":"<p>TV stol\u00edk Amazonas 160cm sheesham \u00bb V\u0161eobecn\u00fd popis: Ve\u013ek\u00fd TV stol\u00edk Amazonas 160cm sheesham vyroben\u00fd z dreva sheesham a \u010dierneho kovu. Dve otvoren\u00e9 priehradky s otvorom pre k\u00e1bel a dve<\/p>\n","protected":false},"featured_media":125102,"comment_status":"closed","ping_status":"closed","template":"","meta":[],"product_cat":[286,293,772],"product_tag":[187,198],"yoast_head":"<!-- This site is optimized with the Yoast SEO plugin v22.1 - https:\/\/yoast.com\/wordpress\/plugins\/seo\/ -->\n<title>TV stol\u00edk Amazonas 160cm sheesham \u00bb &#187; iKuchyne iSHOP s n\u00e1bytkom<\/title>\n<meta name=\"description\" content=\"TV stol\u00edk Amazonas 160cm sheesham \u00bb - r\u00fdchle dodanie, poradenstvo, n\u00e1bytok skladom v Bratislave s ikuchyne.sk - kuchyne na mieru.\" \/>\n<meta name=\"robots\" content=\"index, follow, max-snippet:-1, max-image-preview:large, max-video-preview:-1\" \/>\n<link rel=\"canonical\" href=\"https:\/\/www.ikuchyne.sk\/eshop\/produkt\/tv-stolik-amazonas-160cm-sheesham\/\" \/>\n<meta property=\"og:locale\" content=\"sk_SK\" \/>\n<meta property=\"og:type\" content=\"article\" \/>\n<meta property=\"og:title\" content=\"TV stol\u00edk Amazonas 160cm sheesham \u00bb &#187; iKuchyne iSHOP s n\u00e1bytkom\" \/>\n<meta property=\"og:description\" content=\"TV stol\u00edk Amazonas 160cm sheesham \u00bb - r\u00fdchle dodanie, poradenstvo, n\u00e1bytok skladom v Bratislave s ikuchyne.sk - kuchyne na mieru.\" \/>\n<meta property=\"og:url\" content=\"https:\/\/www.ikuchyne.sk\/eshop\/produkt\/tv-stolik-amazonas-160cm-sheesham\/\" \/>\n<meta property=\"og:site_name\" content=\"iKuchyne iSHOP s n\u00e1bytkom\" \/>\n<meta property=\"article:publisher\" content=\"https:\/\/www.facebook.com\/ikuchyne\/\" \/>\n<meta property=\"article:modified_time\" content=\"2021-07-18T20:20:47+00:00\" \/>\n<meta property=\"og:image\" content=\"https:\/\/www.ikuchyne.sk\/eshop\/wp-content\/uploads\/2020\/03\/TV-stol\u00edk-Amazonas-160cm-pr\u00edrodn\u00e1-sheesham-40194.jpg\" \/>\n\t<meta property=\"og:image:width\" content=\"800\" \/>\n\t<meta property=\"og:image:height\" content=\"532\" \/>\n\t<meta property=\"og:image:type\" content=\"image\/jpeg\" \/>\n<meta name=\"twitter:card\" content=\"summary_large_image\" \/>\n<meta name=\"twitter:label1\" content=\"Predpokladan\u00fd \u010das \u010d\u00edtania\" \/>\n\t<meta name=\"twitter:data1\" content=\"2 min\u00faty\" \/>\n<script type=\"application\/ld+json\" class=\"yoast-schema-graph\">{\"@context\":\"https:\/\/schema.org\",\"@graph\":[{\"@type\":\"WebPage\",\"@id\":\"https:\/\/www.ikuchyne.sk\/eshop\/produkt\/tv-stolik-amazonas-160cm-sheesham\/\",\"url\":\"https:\/\/www.ikuchyne.sk\/eshop\/produkt\/tv-stolik-amazonas-160cm-sheesham\/\",\"name\":\"TV stol\u00edk Amazonas 160cm sheesham \u00bb &#187; iKuchyne iSHOP s n\u00e1bytkom\",\"isPartOf\":{\"@id\":\"https:\/\/www.ikuchyne.sk\/eshop\/#website\"},\"datePublished\":\"2020-03-20T17:29:45+00:00\",\"dateModified\":\"2021-07-18T20:20:47+00:00\",\"description\":\"TV stol\u00edk Amazonas 160cm sheesham \u00bb - r\u00fdchle dodanie, poradenstvo, n\u00e1bytok skladom v Bratislave s ikuchyne.sk - kuchyne na mieru.\",\"breadcrumb\":{\"@id\":\"https:\/\/www.ikuchyne.sk\/eshop\/produkt\/tv-stolik-amazonas-160cm-sheesham\/#breadcrumb\"},\"inLanguage\":\"sk-SK\",\"potentialAction\":[{\"@type\":\"ReadAction\",\"target\":[\"https:\/\/www.ikuchyne.sk\/eshop\/produkt\/tv-stolik-amazonas-160cm-sheesham\/\"]}]},{\"@type\":\"BreadcrumbList\",\"@id\":\"https:\/\/www.ikuchyne.sk\/eshop\/produkt\/tv-stolik-amazonas-160cm-sheesham\/#breadcrumb\",\"itemListElement\":[{\"@type\":\"ListItem\",\"position\":1,\"name\":\"Home\",\"item\":\"https:\/\/www.ikuchyne.sk\/eshop\/\"},{\"@type\":\"ListItem\",\"position\":2,\"name\":\"Obchod\",\"item\":\"https:\/\/www.ikuchyne.sk\/eshop\/obchod\/\"},{\"@type\":\"ListItem\",\"position\":3,\"name\":\"TV stol\u00edk Amazonas 160cm sheesham \u00bb\"}]},{\"@type\":\"WebSite\",\"@id\":\"https:\/\/www.ikuchyne.sk\/eshop\/#website\",\"url\":\"https:\/\/www.ikuchyne.sk\/eshop\/\",\"name\":\"iKuchyne iSHOP s n\u00e1bytkom\",\"description\":\"Jed\u00e1lensk\u00e9 stoly, stoli\u010dky, n\u00e1bytok, svietidl\u00e1...\",\"publisher\":{\"@id\":\"https:\/\/www.ikuchyne.sk\/eshop\/#organization\"},\"potentialAction\":[{\"@type\":\"SearchAction\",\"target\":{\"@type\":\"EntryPoint\",\"urlTemplate\":\"https:\/\/www.ikuchyne.sk\/eshop\/?s={search_term_string}\"},\"query-input\":\"required name=search_term_string\"}],\"inLanguage\":\"sk-SK\"},{\"@type\":\"Organization\",\"@id\":\"https:\/\/www.ikuchyne.sk\/eshop\/#organization\",\"name\":\"ikuchyne!\",\"url\":\"https:\/\/www.ikuchyne.sk\/eshop\/\",\"logo\":{\"@type\":\"ImageObject\",\"inLanguage\":\"sk-SK\",\"@id\":\"https:\/\/www.ikuchyne.sk\/eshop\/#\/schema\/logo\/image\/\",\"url\":\"https:\/\/www.ikuchyne.sk\/eshop\/wp-content\/uploads\/2017\/04\/ikuchyne-logo.jpg\",\"contentUrl\":\"https:\/\/www.ikuchyne.sk\/eshop\/wp-content\/uploads\/2017\/04\/ikuchyne-logo.jpg\",\"width\":200,\"height\":48,\"caption\":\"ikuchyne!\"},\"image\":{\"@id\":\"https:\/\/www.ikuchyne.sk\/eshop\/#\/schema\/logo\/image\/\"},\"sameAs\":[\"https:\/\/www.facebook.com\/ikuchyne\/\",\"https:\/\/www.instagram.com\/ikuchyne.sk\/\",\"https:\/\/sk.pinterest.com\/ikuchynesk\/\"]}]}<\/script>\n<!-- \/ Yoast SEO plugin. -->","yoast_head_json":{"title":"TV stol\u00edk Amazonas 160cm sheesham \u00bb &#187; iKuchyne iSHOP s n\u00e1bytkom","description":"TV stol\u00edk Amazonas 160cm sheesham \u00bb - r\u00fdchle dodanie, poradenstvo, n\u00e1bytok skladom v Bratislave s ikuchyne.sk - kuchyne na mieru.","robots":{"index":"index","follow":"follow","max-snippet":"max-snippet:-1","max-image-preview":"max-image-preview:large","max-video-preview":"max-video-preview:-1"},"canonical":"https:\/\/www.ikuchyne.sk\/eshop\/produkt\/tv-stolik-amazonas-160cm-sheesham\/","og_locale":"sk_SK","og_type":"article","og_title":"TV stol\u00edk Amazonas 160cm sheesham \u00bb &#187; iKuchyne iSHOP s n\u00e1bytkom","og_description":"TV stol\u00edk Amazonas 160cm sheesham \u00bb - r\u00fdchle dodanie, poradenstvo, n\u00e1bytok skladom v Bratislave s ikuchyne.sk - kuchyne na mieru.","og_url":"https:\/\/www.ikuchyne.sk\/eshop\/produkt\/tv-stolik-amazonas-160cm-sheesham\/","og_site_name":"iKuchyne iSHOP s n\u00e1bytkom","article_publisher":"https:\/\/www.facebook.com\/ikuchyne\/","article_modified_time":"2021-07-18T20:20:47+00:00","og_image":[{"width":800,"height":532,"url":"https:\/\/www.ikuchyne.sk\/eshop\/wp-content\/uploads\/2020\/03\/TV-stol\u00edk-Amazonas-160cm-pr\u00edrodn\u00e1-sheesham-40194.jpg","type":"image\/jpeg"}],"twitter_card":"summary_large_image","twitter_misc":{"Predpokladan\u00fd \u010das \u010d\u00edtania":"2 min\u00faty"},"schema":{"@context":"https:\/\/schema.org","@graph":[{"@type":"WebPage","@id":"https:\/\/www.ikuchyne.sk\/eshop\/produkt\/tv-stolik-amazonas-160cm-sheesham\/","url":"https:\/\/www.ikuchyne.sk\/eshop\/produkt\/tv-stolik-amazonas-160cm-sheesham\/","name":"TV stol\u00edk Amazonas 160cm sheesham \u00bb &#187; iKuchyne iSHOP s n\u00e1bytkom","isPartOf":{"@id":"https:\/\/www.ikuchyne.sk\/eshop\/#website"},"datePublished":"2020-03-20T17:29:45+00:00","dateModified":"2021-07-18T20:20:47+00:00","description":"TV stol\u00edk Amazonas 160cm sheesham \u00bb - r\u00fdchle dodanie, poradenstvo, n\u00e1bytok skladom v Bratislave s ikuchyne.sk - kuchyne na mieru.","breadcrumb":{"@id":"https:\/\/www.ikuchyne.sk\/eshop\/produkt\/tv-stolik-amazonas-160cm-sheesham\/#breadcrumb"},"inLanguage":"sk-SK","potentialAction":[{"@type":"ReadAction","target":["https:\/\/www.ikuchyne.sk\/eshop\/produkt\/tv-stolik-amazonas-160cm-sheesham\/"]}]},{"@type":"BreadcrumbList","@id":"https:\/\/www.ikuchyne.sk\/eshop\/produkt\/tv-stolik-amazonas-160cm-sheesham\/#breadcrumb","itemListElement":[{"@type":"ListItem","position":1,"name":"Home","item":"https:\/\/www.ikuchyne.sk\/eshop\/"},{"@type":"ListItem","position":2,"name":"Obchod","item":"https:\/\/www.ikuchyne.sk\/eshop\/obchod\/"},{"@type":"ListItem","position":3,"name":"TV stol\u00edk Amazonas 160cm sheesham \u00bb"}]},{"@type":"WebSite","@id":"https:\/\/www.ikuchyne.sk\/eshop\/#website","url":"https:\/\/www.ikuchyne.sk\/eshop\/","name":"iKuchyne iSHOP s n\u00e1bytkom","description":"Jed\u00e1lensk\u00e9 stoly, stoli\u010dky, n\u00e1bytok, svietidl\u00e1...","publisher":{"@id":"https:\/\/www.ikuchyne.sk\/eshop\/#organization"},"potentialAction":[{"@type":"SearchAction","target":{"@type":"EntryPoint","urlTemplate":"https:\/\/www.ikuchyne.sk\/eshop\/?s={search_term_string}"},"query-input":"required name=search_term_string"}],"inLanguage":"sk-SK"},{"@type":"Organization","@id":"https:\/\/www.ikuchyne.sk\/eshop\/#organization","name":"ikuchyne!","url":"https:\/\/www.ikuchyne.sk\/eshop\/","logo":{"@type":"ImageObject","inLanguage":"sk-SK","@id":"https:\/\/www.ikuchyne.sk\/eshop\/#\/schema\/logo\/image\/","url":"https:\/\/www.ikuchyne.sk\/eshop\/wp-content\/uploads\/2017\/04\/ikuchyne-logo.jpg","contentUrl":"https:\/\/www.ikuchyne.sk\/eshop\/wp-content\/uploads\/2017\/04\/ikuchyne-logo.jpg","width":200,"height":48,"caption":"ikuchyne!"},"image":{"@id":"https:\/\/www.ikuchyne.sk\/eshop\/#\/schema\/logo\/image\/"},"sameAs":["https:\/\/www.facebook.com\/ikuchyne\/","https:\/\/www.instagram.com\/ikuchyne.sk\/","https:\/\/sk.pinterest.com\/ikuchynesk\/"]}]}},"_links":{"self":[{"href":"https:\/\/www.ikuchyne.sk\/eshop\/wp-json\/wp\/v2\/product\/125101"}],"collection":[{"href":"https:\/\/www.ikuchyne.sk\/eshop\/wp-json\/wp\/v2\/product"}],"about":[{"href":"https:\/\/www.ikuchyne.sk\/eshop\/wp-json\/wp\/v2\/types\/product"}],"replies":[{"embeddable":true,"href":"https:\/\/www.ikuchyne.sk\/eshop\/wp-json\/wp\/v2\/comments?post=125101"}],"wp:featuredmedia":[{"embeddable":true,"href":"https:\/\/www.ikuchyne.sk\/eshop\/wp-json\/wp\/v2\/media\/125102"}],"wp:attachment":[{"href":"https:\/\/www.ikuchyne.sk\/eshop\/wp-json\/wp\/v2\/media?parent=125101"}],"wp:term":[{"taxonomy":"product_cat","embeddable":true,"href":"https:\/\/www.ikuchyne.sk\/eshop\/wp-json\/wp\/v2\/product_cat?post=125101"},{"taxonomy":"product_tag","embeddable":true,"href":"https:\/\/www.ikuchyne.sk\/eshop\/wp-json\/wp\/v2\/product_tag?post=125101"}],"curies":[{"name":"wp","href":"https:\/\/api.w.org\/{rel}","templated":true}]}}