{"id":125236,"date":"2020-03-20T19:52:21","date_gmt":"2020-03-20T18:52:21","guid":{"rendered":"https:\/\/ikuchyne.sk\/eshop\/?post_type=product&#038;p=125236"},"modified":"2021-07-02T09:50:54","modified_gmt":"2021-07-02T07:50:54","slug":"stolicka-big-aston-siva","status":"publish","type":"product","link":"https:\/\/www.ikuchyne.sk\/eshop\/produkt\/stolicka-big-aston-siva\/","title":{"rendered":"Stoli\u010dka Big Aston siv\u00e1 \u00bb"},"content":{"rendered":"<h1>Stoli\u010dka Big Aston siv\u00e1 \u00bb<\/h1>\n<h4><strong>V\u0161eobecn\u00fd popis:<\/strong><\/h4>\n<p>Nad\u010dasov\u00e1 konzolov\u00e1 stoli\u010dka Big Aston siv\u00e1 navrhnut\u00e1 vo svetozn\u00e1mom \u0161t\u00fdle Bauhaus. S ozdobn\u00fdm pre\u0161\u00edvan\u00edm na sedacej \u010dasti stoli\u010dky. Pru\u017einov\u00e9 \u010dal\u00fanenie jadra s\u013eubuje najvy\u0161\u0161iu \u00farove\u0148 komfortu sedenia. Nechajte svoju jed\u00e1le\u0148 vynikn\u00fa\u0165 s t\u00fdmito stoli\u010dkami!<\/p>\n<p>Klasick\u00e1 elegancia: t\u00e1to jed\u00e1lensk\u00e1 stoli\u010dka v\u00e1s in\u0161piruje. Konzolov\u00e9 stoli\u010dky nie s\u00fa iba p\u00fata\u010dom pozornosti svojim v\u00fdrazn\u00fdm, samostatne stojacim dizajnom, ktor\u00fd zvy\u0161uje celkov\u00fa atmosf\u00e9ru, v\u010faka svojej pru\u017enej kon\u0161trukcii, ktor\u00e1 sa pri jemnom pohybe tela jemne hojd\u00e1, maj\u00fa jedine\u010dn\u00fa ergon\u00f3miu. Sedenie na konzolovom alebo hojdacom kresle p\u00f4sob\u00ed relaxa\u010dne na chrbticu &#8211; bolesti chrbta a podobne s\u00fa minulos\u0165ou.<\/p>\n<p>Modern\u00e1 jed\u00e1lensk\u00e1 stoli\u010dka do jed\u00e1lne \u010di ob\u00fdvacej izby. Elegantn\u00e1 stoli\u010dka BIG ASTON zaujme po\u0165ahom z mikrovl\u00e1kna a neprekonate\u013en\u00fdm elegantn\u00fdm dizajnom. V\u010faka svojmu elegantn\u00e9mu a kvalitn\u00e9mu r\u00e1mu z br\u00fasenej ocele a \u0161t\u00fdlov\u00e9mu pre\u0161\u00edvaniu na sedadle a operadle sa st\u00e1va skuto\u010dnou dizajnovou klasikou s vysok\u00fdm kultov\u00fdm faktorom! R\u00e1m v drsnom priemyselnom vzh\u013eade s charakteristick\u00fdmi hrub\u00fdmi zvarov\u00fdmi prvkami a farebn\u00fdmi prechodmi pod\u010diarkuje charakter stoli\u010dky. Polstrovan\u00e9 podr\u00fa\u010dky a kvalitn\u00e9 \u010dal\u00fanenie s pru\u017einov\u00fdm jadrom v\u00fdrazne podporuj\u00fa komfort sedenia.<\/p>\n<h4><strong>Detaily produktu:<\/strong><\/h4>\n<p>Po\u0165ah tejto stoli\u010dky je vyroben\u00fd z odoln\u00e9ho mikrovl\u00e1kna. Tkaniny z mikrovl\u00e1kien s\u00fa ve\u013emi m\u00e4kk\u00e9 a mimoriadne tvarovo st\u00e1le. Po\u0165ah r\u00fdchlo schne, ve\u013emi dobre sa \u010dist\u00ed. Ozdobn\u00e9 pre\u0161\u00edvanie zdob\u00ed cel\u00fa sedaciu \u010das\u0165 stoli\u010dky. Max. nosnos\u0165 120 kg. Stoli\u010dku je mo\u017en\u00e9 \u00fa\u017easne v\u0161estranne kombinova\u0165 s in\u00fdm n\u00e1bytkom. Vhodn\u00e9 bytov\u00e9 doplnky pre kombinovanie interi\u00e9ru s touto jed\u00e1lenskou stoli\u010dkou n\u00e1jdete na na\u0161om e-shope v sekcii Bytov\u00e9 doplnky. Kontaktujte n\u00e1s a my v\u00e1m radi pom\u00f4\u017eeme s v\u00fdberom vhodn\u00fdch dekor\u00e1ci\u00ed do va\u0161ej dom\u00e1cnosti v akomko\u013evek \u0161t\u00fdle.<\/p>\n<p><strong>Rozmery (cca):<\/strong><br \/>\n55cm x 88cm x 61cm (\u0160xVxH)<br \/>\n<strong>Sedenie:<\/strong> 46cm x 49cm x 43cm (\u0160xVxH)<br \/>\n<strong>V\u00fd\u0161ka operadla:<\/strong> 42cm<br \/>\n<strong>V\u00fd\u0161ka lak\u0165ovej opierky:<\/strong> 18cm<br \/>\n<strong>Farba:<\/strong> siv\u00e1<br \/>\n<strong>Materi\u00e1l: <\/strong>mikrovl\u00e1kno<\/p>\n<p>Dodato\u010dn\u00e9 inform\u00e1cie:<\/p>\n<p>V pr\u00edpade z\u00e1ujmu o in\u00e9 stoli\u010dky &#8211; jed\u00e1lensk\u00e9, barov\u00e9, kancel\u00e1rske, nav\u0161t\u00edvte sekciu stoli\u010dky na <a href=\"https:\/\/www.ikuchyne.sk\/eshop\/kategoria\/stolicky\/\">www.ikuchyne.sk\/eshop<\/a><br \/>\nV pr\u00edpade z\u00e1ujmu o n\u00e1bytok na mieru n\u00e1s kontaktuje na <a href=\"http:\/\/www.ikuchyne.sk\">www.ikuchyne.sk<\/a><\/p>\n","protected":false},"excerpt":{"rendered":"<p>Stoli\u010dka Big Aston siv\u00e1 \u00bb V\u0161eobecn\u00fd popis: Nad\u010dasov\u00e1 konzolov\u00e1 stoli\u010dka Big Aston siv\u00e1 navrhnut\u00e1 vo svetozn\u00e1mom \u0161t\u00fdle Bauhaus. S ozdobn\u00fdm pre\u0161\u00edvan\u00edm na sedacej \u010dasti stoli\u010dky. Pru\u017einov\u00e9 \u010dal\u00fanenie jadra s\u013eubuje najvy\u0161\u0161iu<\/p>\n","protected":false},"featured_media":125237,"comment_status":"closed","ping_status":"closed","template":"","meta":[],"product_cat":[772,288,310,823,820,826,828,830],"product_tag":[204,484],"yoast_head":"<!-- This site is optimized with the Yoast SEO plugin v22.1 - https:\/\/yoast.com\/wordpress\/plugins\/seo\/ -->\n<title>Jed\u00e1lensk\u00e1 Stoli\u010dka Big Aston siv\u00e1 \u00bb &#187; iKuchyne iSHOP s n\u00e1bytkom<\/title>\n<meta name=\"description\" content=\"Jed\u00e1lensk\u00e1 Stoli\u010dka Big Aston siv\u00e1 \u00bb - r\u00fdchle dodanie, poradenstvo, n\u00e1bytok skladom v Bratislave s ikuchyne.sk - kuchyne na mieru.\" \/>\n<meta name=\"robots\" content=\"index, follow, max-snippet:-1, max-image-preview:large, max-video-preview:-1\" \/>\n<link rel=\"canonical\" href=\"https:\/\/www.ikuchyne.sk\/eshop\/produkt\/stolicka-big-aston-siva\/\" \/>\n<meta property=\"og:locale\" content=\"sk_SK\" \/>\n<meta property=\"og:type\" content=\"article\" \/>\n<meta property=\"og:title\" content=\"Jed\u00e1lensk\u00e1 Stoli\u010dka Big Aston siv\u00e1 \u00bb &#187; iKuchyne iSHOP s n\u00e1bytkom\" \/>\n<meta property=\"og:description\" content=\"Jed\u00e1lensk\u00e1 Stoli\u010dka Big Aston siv\u00e1 \u00bb - r\u00fdchle dodanie, poradenstvo, n\u00e1bytok skladom v Bratislave s ikuchyne.sk - kuchyne na mieru.\" \/>\n<meta property=\"og:url\" content=\"https:\/\/www.ikuchyne.sk\/eshop\/produkt\/stolicka-big-aston-siva\/\" \/>\n<meta property=\"og:site_name\" content=\"iKuchyne iSHOP s n\u00e1bytkom\" \/>\n<meta property=\"article:publisher\" content=\"https:\/\/www.facebook.com\/ikuchyne\/\" \/>\n<meta property=\"article:modified_time\" content=\"2021-07-02T07:50:54+00:00\" \/>\n<meta property=\"og:image\" content=\"https:\/\/www.ikuchyne.sk\/eshop\/wp-content\/uploads\/2020\/03\/Stoli\u010dka-Big-Aston-stone-siv\u00e1-39854.jpg\" \/>\n\t<meta property=\"og:image:width\" content=\"800\" \/>\n\t<meta property=\"og:image:height\" content=\"533\" \/>\n\t<meta property=\"og:image:type\" content=\"image\/jpeg\" \/>\n<meta name=\"twitter:card\" content=\"summary_large_image\" \/>\n<meta name=\"twitter:label1\" content=\"Predpokladan\u00fd \u010das \u010d\u00edtania\" \/>\n\t<meta name=\"twitter:data1\" content=\"2 min\u00faty\" \/>\n<script type=\"application\/ld+json\" class=\"yoast-schema-graph\">{\"@context\":\"https:\/\/schema.org\",\"@graph\":[{\"@type\":\"WebPage\",\"@id\":\"https:\/\/www.ikuchyne.sk\/eshop\/produkt\/stolicka-big-aston-siva\/\",\"url\":\"https:\/\/www.ikuchyne.sk\/eshop\/produkt\/stolicka-big-aston-siva\/\",\"name\":\"Jed\u00e1lensk\u00e1 Stoli\u010dka Big Aston siv\u00e1 \u00bb &#187; iKuchyne iSHOP s n\u00e1bytkom\",\"isPartOf\":{\"@id\":\"https:\/\/www.ikuchyne.sk\/eshop\/#website\"},\"datePublished\":\"2020-03-20T18:52:21+00:00\",\"dateModified\":\"2021-07-02T07:50:54+00:00\",\"description\":\"Jed\u00e1lensk\u00e1 Stoli\u010dka Big Aston siv\u00e1 \u00bb - r\u00fdchle dodanie, poradenstvo, n\u00e1bytok skladom v Bratislave s ikuchyne.sk - kuchyne na mieru.\",\"breadcrumb\":{\"@id\":\"https:\/\/www.ikuchyne.sk\/eshop\/produkt\/stolicka-big-aston-siva\/#breadcrumb\"},\"inLanguage\":\"sk-SK\",\"potentialAction\":[{\"@type\":\"ReadAction\",\"target\":[\"https:\/\/www.ikuchyne.sk\/eshop\/produkt\/stolicka-big-aston-siva\/\"]}]},{\"@type\":\"BreadcrumbList\",\"@id\":\"https:\/\/www.ikuchyne.sk\/eshop\/produkt\/stolicka-big-aston-siva\/#breadcrumb\",\"itemListElement\":[{\"@type\":\"ListItem\",\"position\":1,\"name\":\"Home\",\"item\":\"https:\/\/www.ikuchyne.sk\/eshop\/\"},{\"@type\":\"ListItem\",\"position\":2,\"name\":\"Obchod\",\"item\":\"https:\/\/www.ikuchyne.sk\/eshop\/obchod\/\"},{\"@type\":\"ListItem\",\"position\":3,\"name\":\"Stoli\u010dka Big Aston siv\u00e1 \u00bb\"}]},{\"@type\":\"WebSite\",\"@id\":\"https:\/\/www.ikuchyne.sk\/eshop\/#website\",\"url\":\"https:\/\/www.ikuchyne.sk\/eshop\/\",\"name\":\"iKuchyne iSHOP s n\u00e1bytkom\",\"description\":\"Jed\u00e1lensk\u00e9 stoly, stoli\u010dky, n\u00e1bytok, svietidl\u00e1...\",\"publisher\":{\"@id\":\"https:\/\/www.ikuchyne.sk\/eshop\/#organization\"},\"potentialAction\":[{\"@type\":\"SearchAction\",\"target\":{\"@type\":\"EntryPoint\",\"urlTemplate\":\"https:\/\/www.ikuchyne.sk\/eshop\/?s={search_term_string}\"},\"query-input\":\"required name=search_term_string\"}],\"inLanguage\":\"sk-SK\"},{\"@type\":\"Organization\",\"@id\":\"https:\/\/www.ikuchyne.sk\/eshop\/#organization\",\"name\":\"ikuchyne!\",\"url\":\"https:\/\/www.ikuchyne.sk\/eshop\/\",\"logo\":{\"@type\":\"ImageObject\",\"inLanguage\":\"sk-SK\",\"@id\":\"https:\/\/www.ikuchyne.sk\/eshop\/#\/schema\/logo\/image\/\",\"url\":\"https:\/\/www.ikuchyne.sk\/eshop\/wp-content\/uploads\/2017\/04\/ikuchyne-logo.jpg\",\"contentUrl\":\"https:\/\/www.ikuchyne.sk\/eshop\/wp-content\/uploads\/2017\/04\/ikuchyne-logo.jpg\",\"width\":200,\"height\":48,\"caption\":\"ikuchyne!\"},\"image\":{\"@id\":\"https:\/\/www.ikuchyne.sk\/eshop\/#\/schema\/logo\/image\/\"},\"sameAs\":[\"https:\/\/www.facebook.com\/ikuchyne\/\",\"https:\/\/www.instagram.com\/ikuchyne.sk\/\",\"https:\/\/sk.pinterest.com\/ikuchynesk\/\"]}]}<\/script>\n<!-- \/ Yoast SEO plugin. -->","yoast_head_json":{"title":"Jed\u00e1lensk\u00e1 Stoli\u010dka Big Aston siv\u00e1 \u00bb &#187; iKuchyne iSHOP s n\u00e1bytkom","description":"Jed\u00e1lensk\u00e1 Stoli\u010dka Big Aston siv\u00e1 \u00bb - r\u00fdchle dodanie, poradenstvo, n\u00e1bytok skladom v Bratislave s ikuchyne.sk - kuchyne na mieru.","robots":{"index":"index","follow":"follow","max-snippet":"max-snippet:-1","max-image-preview":"max-image-preview:large","max-video-preview":"max-video-preview:-1"},"canonical":"https:\/\/www.ikuchyne.sk\/eshop\/produkt\/stolicka-big-aston-siva\/","og_locale":"sk_SK","og_type":"article","og_title":"Jed\u00e1lensk\u00e1 Stoli\u010dka Big Aston siv\u00e1 \u00bb &#187; iKuchyne iSHOP s n\u00e1bytkom","og_description":"Jed\u00e1lensk\u00e1 Stoli\u010dka Big Aston siv\u00e1 \u00bb - r\u00fdchle dodanie, poradenstvo, n\u00e1bytok skladom v Bratislave s ikuchyne.sk - kuchyne na mieru.","og_url":"https:\/\/www.ikuchyne.sk\/eshop\/produkt\/stolicka-big-aston-siva\/","og_site_name":"iKuchyne iSHOP s n\u00e1bytkom","article_publisher":"https:\/\/www.facebook.com\/ikuchyne\/","article_modified_time":"2021-07-02T07:50:54+00:00","og_image":[{"width":800,"height":533,"url":"https:\/\/www.ikuchyne.sk\/eshop\/wp-content\/uploads\/2020\/03\/Stoli\u010dka-Big-Aston-stone-siv\u00e1-39854.jpg","type":"image\/jpeg"}],"twitter_card":"summary_large_image","twitter_misc":{"Predpokladan\u00fd \u010das \u010d\u00edtania":"2 min\u00faty"},"schema":{"@context":"https:\/\/schema.org","@graph":[{"@type":"WebPage","@id":"https:\/\/www.ikuchyne.sk\/eshop\/produkt\/stolicka-big-aston-siva\/","url":"https:\/\/www.ikuchyne.sk\/eshop\/produkt\/stolicka-big-aston-siva\/","name":"Jed\u00e1lensk\u00e1 Stoli\u010dka Big Aston siv\u00e1 \u00bb &#187; iKuchyne iSHOP s n\u00e1bytkom","isPartOf":{"@id":"https:\/\/www.ikuchyne.sk\/eshop\/#website"},"datePublished":"2020-03-20T18:52:21+00:00","dateModified":"2021-07-02T07:50:54+00:00","description":"Jed\u00e1lensk\u00e1 Stoli\u010dka Big Aston siv\u00e1 \u00bb - r\u00fdchle dodanie, poradenstvo, n\u00e1bytok skladom v Bratislave s ikuchyne.sk - kuchyne na mieru.","breadcrumb":{"@id":"https:\/\/www.ikuchyne.sk\/eshop\/produkt\/stolicka-big-aston-siva\/#breadcrumb"},"inLanguage":"sk-SK","potentialAction":[{"@type":"ReadAction","target":["https:\/\/www.ikuchyne.sk\/eshop\/produkt\/stolicka-big-aston-siva\/"]}]},{"@type":"BreadcrumbList","@id":"https:\/\/www.ikuchyne.sk\/eshop\/produkt\/stolicka-big-aston-siva\/#breadcrumb","itemListElement":[{"@type":"ListItem","position":1,"name":"Home","item":"https:\/\/www.ikuchyne.sk\/eshop\/"},{"@type":"ListItem","position":2,"name":"Obchod","item":"https:\/\/www.ikuchyne.sk\/eshop\/obchod\/"},{"@type":"ListItem","position":3,"name":"Stoli\u010dka Big Aston siv\u00e1 \u00bb"}]},{"@type":"WebSite","@id":"https:\/\/www.ikuchyne.sk\/eshop\/#website","url":"https:\/\/www.ikuchyne.sk\/eshop\/","name":"iKuchyne iSHOP s n\u00e1bytkom","description":"Jed\u00e1lensk\u00e9 stoly, stoli\u010dky, n\u00e1bytok, svietidl\u00e1...","publisher":{"@id":"https:\/\/www.ikuchyne.sk\/eshop\/#organization"},"potentialAction":[{"@type":"SearchAction","target":{"@type":"EntryPoint","urlTemplate":"https:\/\/www.ikuchyne.sk\/eshop\/?s={search_term_string}"},"query-input":"required name=search_term_string"}],"inLanguage":"sk-SK"},{"@type":"Organization","@id":"https:\/\/www.ikuchyne.sk\/eshop\/#organization","name":"ikuchyne!","url":"https:\/\/www.ikuchyne.sk\/eshop\/","logo":{"@type":"ImageObject","inLanguage":"sk-SK","@id":"https:\/\/www.ikuchyne.sk\/eshop\/#\/schema\/logo\/image\/","url":"https:\/\/www.ikuchyne.sk\/eshop\/wp-content\/uploads\/2017\/04\/ikuchyne-logo.jpg","contentUrl":"https:\/\/www.ikuchyne.sk\/eshop\/wp-content\/uploads\/2017\/04\/ikuchyne-logo.jpg","width":200,"height":48,"caption":"ikuchyne!"},"image":{"@id":"https:\/\/www.ikuchyne.sk\/eshop\/#\/schema\/logo\/image\/"},"sameAs":["https:\/\/www.facebook.com\/ikuchyne\/","https:\/\/www.instagram.com\/ikuchyne.sk\/","https:\/\/sk.pinterest.com\/ikuchynesk\/"]}]}},"_links":{"self":[{"href":"https:\/\/www.ikuchyne.sk\/eshop\/wp-json\/wp\/v2\/product\/125236"}],"collection":[{"href":"https:\/\/www.ikuchyne.sk\/eshop\/wp-json\/wp\/v2\/product"}],"about":[{"href":"https:\/\/www.ikuchyne.sk\/eshop\/wp-json\/wp\/v2\/types\/product"}],"replies":[{"embeddable":true,"href":"https:\/\/www.ikuchyne.sk\/eshop\/wp-json\/wp\/v2\/comments?post=125236"}],"wp:featuredmedia":[{"embeddable":true,"href":"https:\/\/www.ikuchyne.sk\/eshop\/wp-json\/wp\/v2\/media\/125237"}],"wp:attachment":[{"href":"https:\/\/www.ikuchyne.sk\/eshop\/wp-json\/wp\/v2\/media?parent=125236"}],"wp:term":[{"taxonomy":"product_cat","embeddable":true,"href":"https:\/\/www.ikuchyne.sk\/eshop\/wp-json\/wp\/v2\/product_cat?post=125236"},{"taxonomy":"product_tag","embeddable":true,"href":"https:\/\/www.ikuchyne.sk\/eshop\/wp-json\/wp\/v2\/product_tag?post=125236"}],"curies":[{"name":"wp","href":"https:\/\/api.w.org\/{rel}","templated":true}]}}