{"id":12617,"date":"2017-04-26T08:22:54","date_gmt":"2017-04-26T06:22:54","guid":{"rendered":"http:\/\/potocan.com\/eshop\/produkt\/beistell-telefontisch-hemingway-coffee\/"},"modified":"2024-03-10T19:20:22","modified_gmt":"2024-03-10T18:20:22","slug":"dreveny-prirucny-stolik-hemingway-coffee-25-x-335-cm","status":"publish","type":"product","link":"https:\/\/www.ikuchyne.sk\/eshop\/produkt\/dreveny-prirucny-stolik-hemingway-coffee-25-x-335-cm\/","title":{"rendered":"Dreven\u00fd pr\u00edru\u010dn\u00fd stol\u00edk Hemingway coffee 25 x 33,5 cm \u00bb"},"content":{"rendered":"<h1>Dreven\u00fd pr\u00edru\u010dn\u00fd stol\u00edk Hemingway coffee 25 x 33,5 cm<\/h1>\n<p><strong>V\u0161eobecn\u00fd opis stol\u00edka:<br \/>\n<\/strong>Kr\u00e1sny dreven\u00fd pr\u00edru\u010dn\u00fd stol\u00edk je vyroben\u00fd v tradi\u010dnom klasickom vidieckom \u0161t\u00fdle. Dizajn stol\u00edka je prepracovan\u00fd, \u010do vidie\u0165 na z\u00e1suvke vo vrchnej \u010dasti stol\u00edka. Obdl\u017en\u00edkov\u00fd povrch stol\u00edka tvor\u00ed mahag\u00f3nov\u00e9 drevo. Pod n\u00edm sa nach\u00e1dza mal\u00e1 dreven\u00e1 z\u00e1suvka. T\u00e1to exotick\u00e1 tropick\u00e1 drevina je ve\u013emi vz\u00e1cna a zn\u00e1ma svojou odolnos\u0165ou a unik\u00e1tnou kresbou. Podno\u017e stol\u00edka tvoria \u0161tyri dlh\u00e9 nohy. Dreven\u00fd konferen\u010dn\u00fd stol\u00edk zaujme pr\u00edrodnou tmavohnedou farbou. Preto sa ur\u010dite hod\u00ed do ka\u017edej dom\u00e1cnosti vo vidieckom \u0161t\u00fdle. Kvalitn\u00fd dreven\u00fd n\u00e1bytok je v\u017edy tou spr\u00e1vnou vo\u013ebou pre va\u0161u kuchy\u0148u a pr\u00edbytok.<\/p>\n<p><strong>Povrch stol\u00edka:<br \/>\n<\/strong>Povrch konferen\u010dn\u00e9ho stol\u00edka tvor\u00ed vz\u00e1cne tropick\u00e9 a vysoko odoln\u00e9 mahag\u00f3nov\u00e9 drevo.<\/p>\n<p><strong>Podno\u017e stola:<br \/>\n<\/strong>Podno\u017e stol\u00edka je tvoren\u00e1 \u0161tyrmi dlh\u00fdmi dreven\u00fdmi nohami.<\/p>\n<p><strong>\u010eal\u0161ie inform\u00e1cie:<br \/>\n<\/strong>Ka\u017ed\u00fd kus je unik\u00e1t pr\u00e1ve kv\u00f4li pou\u017eit\u00e9mu drevu.<br \/>\nNa o\u0161etrovanie pou\u017e\u00edvame bavlnen\u00fa handri\u010dku a ne\u010distoty odstra\u0148ujeme mydlovou vodou s\u00fabe\u017ene s kresbou dreva.<\/p>\n<p><b>Rozmery stol\u00edka<\/b>:<br \/>\n\u0160\u00edrka stol\u00edka: 25 cm<br \/>\nD\u013a\u017eka stol\u00edka: 33,5 cm<br \/>\nV\u00fd\u0161ka stol\u00edka: 52,5 cm<\/p>\n<p><b>Materi\u00e1l:\u00a0<\/b>drevo (mas\u00edv) &#8211; mahag\u00f3n<\/p>\n<p><b>Farba:<\/b>\u00a0pr\u00edrodn\u00e1,\u00a0 tmav\u00fd mahag\u00f3n<\/p>\n","protected":false},"excerpt":{"rendered":"<p>Dreven\u00fd pr\u00edru\u010dn\u00fd stol\u00edk Hemingway coffee 25 x 33,5 cm V\u0161eobecn\u00fd opis stol\u00edka: Kr\u00e1sny dreven\u00fd pr\u00edru\u010dn\u00fd stol\u00edk je vyroben\u00fd v tradi\u010dnom klasickom vidieckom \u0161t\u00fdle. Dizajn stol\u00edka je prepracovan\u00fd, \u010do vidie\u0165 na<\/p>\n","protected":false},"featured_media":12618,"comment_status":"open","ping_status":"closed","template":"","meta":[],"product_cat":[834,842,304,838,836],"product_tag":[206],"yoast_head":"<!-- This site is optimized with the Yoast SEO plugin v22.1 - https:\/\/yoast.com\/wordpress\/plugins\/seo\/ -->\n<title>Dreven\u00fd pr\u00edru\u010dn\u00fd stol\u00edk Hemingway coffee 25 x 33,5 cm \u00bb &#187; iKuchyne iSHOP s n\u00e1bytkom<\/title>\n<meta name=\"description\" content=\"K\u00fapte si u n\u00e1s Dreven\u00fd pr\u00edru\u010dn\u00fd stol\u00edk Hemingway coffee 25 x 33,5 cm \u00bb za akciov\u00fa cenu. R\u00fdchle dodanie tovaru, odborn\u00e9 poradenstvo a stovky produktov skladom. Dreven\u00fd pr\u00edru\u010dn\u00fd stol\u00edk Hemingway coffee 25 x 33,5 cm \u00bb sa stane dominantou V\u00e1\u0161ho interi\u00e9ru. Internetov\u00fd obchod ikuchyne! pon\u00faka odber Dreven\u00fd pr\u00edru\u010dn\u00fd stol\u00edk Hemingway coffee 25 x 33,5 cm \u00bb u\u017e od 1 kusu.\" \/>\n<meta name=\"robots\" content=\"index, follow, max-snippet:-1, max-image-preview:large, max-video-preview:-1\" \/>\n<link rel=\"canonical\" href=\"https:\/\/www.ikuchyne.sk\/eshop\/produkt\/dreveny-prirucny-stolik-hemingway-coffee-25-x-335-cm\/\" \/>\n<meta property=\"og:locale\" content=\"sk_SK\" \/>\n<meta property=\"og:type\" content=\"article\" \/>\n<meta property=\"og:title\" content=\"Dreven\u00fd pr\u00edru\u010dn\u00fd stol\u00edk Hemingway coffee 25 x 33,5 cm \u00bb &#187; iKuchyne iSHOP s n\u00e1bytkom\" \/>\n<meta property=\"og:description\" content=\"K\u00fapte si u n\u00e1s Dreven\u00fd pr\u00edru\u010dn\u00fd stol\u00edk Hemingway coffee 25 x 33,5 cm \u00bb za akciov\u00fa cenu. R\u00fdchle dodanie tovaru, odborn\u00e9 poradenstvo a stovky produktov skladom. Dreven\u00fd pr\u00edru\u010dn\u00fd stol\u00edk Hemingway coffee 25 x 33,5 cm \u00bb sa stane dominantou V\u00e1\u0161ho interi\u00e9ru. Internetov\u00fd obchod ikuchyne! pon\u00faka odber Dreven\u00fd pr\u00edru\u010dn\u00fd stol\u00edk Hemingway coffee 25 x 33,5 cm \u00bb u\u017e od 1 kusu.\" \/>\n<meta property=\"og:url\" content=\"https:\/\/www.ikuchyne.sk\/eshop\/produkt\/dreveny-prirucny-stolik-hemingway-coffee-25-x-335-cm\/\" \/>\n<meta property=\"og:site_name\" content=\"iKuchyne iSHOP s n\u00e1bytkom\" \/>\n<meta property=\"article:publisher\" content=\"https:\/\/www.facebook.com\/ikuchyne\/\" \/>\n<meta property=\"article:modified_time\" content=\"2024-03-10T18:20:22+00:00\" \/>\n<meta property=\"og:image\" content=\"https:\/\/www.ikuchyne.sk\/eshop\/wp-content\/uploads\/2017\/04\/Beistell-Telefontisch-Hemingway-coffee.jpg\" \/>\n\t<meta property=\"og:image:width\" content=\"800\" \/>\n\t<meta property=\"og:image:height\" content=\"533\" \/>\n\t<meta property=\"og:image:type\" content=\"image\/jpeg\" \/>\n<meta name=\"twitter:card\" content=\"summary_large_image\" \/>\n<meta name=\"twitter:label1\" content=\"Predpokladan\u00fd \u010das \u010d\u00edtania\" \/>\n\t<meta name=\"twitter:data1\" content=\"1 min\u00fata\" \/>\n<script type=\"application\/ld+json\" class=\"yoast-schema-graph\">{\"@context\":\"https:\/\/schema.org\",\"@graph\":[{\"@type\":\"WebPage\",\"@id\":\"https:\/\/www.ikuchyne.sk\/eshop\/produkt\/dreveny-prirucny-stolik-hemingway-coffee-25-x-335-cm\/\",\"url\":\"https:\/\/www.ikuchyne.sk\/eshop\/produkt\/dreveny-prirucny-stolik-hemingway-coffee-25-x-335-cm\/\",\"name\":\"Dreven\u00fd pr\u00edru\u010dn\u00fd stol\u00edk Hemingway coffee 25 x 33,5 cm \u00bb &#187; iKuchyne iSHOP s n\u00e1bytkom\",\"isPartOf\":{\"@id\":\"https:\/\/www.ikuchyne.sk\/eshop\/#website\"},\"datePublished\":\"2017-04-26T06:22:54+00:00\",\"dateModified\":\"2024-03-10T18:20:22+00:00\",\"description\":\"K\u00fapte si u n\u00e1s Dreven\u00fd pr\u00edru\u010dn\u00fd stol\u00edk Hemingway coffee 25 x 33,5 cm \u00bb za akciov\u00fa cenu. R\u00fdchle dodanie tovaru, odborn\u00e9 poradenstvo a stovky produktov skladom. Dreven\u00fd pr\u00edru\u010dn\u00fd stol\u00edk Hemingway coffee 25 x 33,5 cm \u00bb sa stane dominantou V\u00e1\u0161ho interi\u00e9ru. Internetov\u00fd obchod ikuchyne! pon\u00faka odber Dreven\u00fd pr\u00edru\u010dn\u00fd stol\u00edk Hemingway coffee 25 x 33,5 cm \u00bb u\u017e od 1 kusu.\",\"breadcrumb\":{\"@id\":\"https:\/\/www.ikuchyne.sk\/eshop\/produkt\/dreveny-prirucny-stolik-hemingway-coffee-25-x-335-cm\/#breadcrumb\"},\"inLanguage\":\"sk-SK\",\"potentialAction\":[{\"@type\":\"ReadAction\",\"target\":[\"https:\/\/www.ikuchyne.sk\/eshop\/produkt\/dreveny-prirucny-stolik-hemingway-coffee-25-x-335-cm\/\"]}]},{\"@type\":\"BreadcrumbList\",\"@id\":\"https:\/\/www.ikuchyne.sk\/eshop\/produkt\/dreveny-prirucny-stolik-hemingway-coffee-25-x-335-cm\/#breadcrumb\",\"itemListElement\":[{\"@type\":\"ListItem\",\"position\":1,\"name\":\"Home\",\"item\":\"https:\/\/www.ikuchyne.sk\/eshop\/\"},{\"@type\":\"ListItem\",\"position\":2,\"name\":\"Obchod\",\"item\":\"https:\/\/www.ikuchyne.sk\/eshop\/obchod\/\"},{\"@type\":\"ListItem\",\"position\":3,\"name\":\"Dreven\u00fd pr\u00edru\u010dn\u00fd stol\u00edk Hemingway coffee 25 x 33,5 cm \u00bb\"}]},{\"@type\":\"WebSite\",\"@id\":\"https:\/\/www.ikuchyne.sk\/eshop\/#website\",\"url\":\"https:\/\/www.ikuchyne.sk\/eshop\/\",\"name\":\"iKuchyne iSHOP s n\u00e1bytkom\",\"description\":\"Jed\u00e1lensk\u00e9 stoly, stoli\u010dky, n\u00e1bytok, svietidl\u00e1...\",\"publisher\":{\"@id\":\"https:\/\/www.ikuchyne.sk\/eshop\/#organization\"},\"potentialAction\":[{\"@type\":\"SearchAction\",\"target\":{\"@type\":\"EntryPoint\",\"urlTemplate\":\"https:\/\/www.ikuchyne.sk\/eshop\/?s={search_term_string}\"},\"query-input\":\"required name=search_term_string\"}],\"inLanguage\":\"sk-SK\"},{\"@type\":\"Organization\",\"@id\":\"https:\/\/www.ikuchyne.sk\/eshop\/#organization\",\"name\":\"ikuchyne!\",\"url\":\"https:\/\/www.ikuchyne.sk\/eshop\/\",\"logo\":{\"@type\":\"ImageObject\",\"inLanguage\":\"sk-SK\",\"@id\":\"https:\/\/www.ikuchyne.sk\/eshop\/#\/schema\/logo\/image\/\",\"url\":\"https:\/\/www.ikuchyne.sk\/eshop\/wp-content\/uploads\/2017\/04\/ikuchyne-logo.jpg\",\"contentUrl\":\"https:\/\/www.ikuchyne.sk\/eshop\/wp-content\/uploads\/2017\/04\/ikuchyne-logo.jpg\",\"width\":200,\"height\":48,\"caption\":\"ikuchyne!\"},\"image\":{\"@id\":\"https:\/\/www.ikuchyne.sk\/eshop\/#\/schema\/logo\/image\/\"},\"sameAs\":[\"https:\/\/www.facebook.com\/ikuchyne\/\",\"https:\/\/www.instagram.com\/ikuchyne.sk\/\",\"https:\/\/sk.pinterest.com\/ikuchynesk\/\"]}]}<\/script>\n<!-- \/ Yoast SEO plugin. -->","yoast_head_json":{"title":"Dreven\u00fd pr\u00edru\u010dn\u00fd stol\u00edk Hemingway coffee 25 x 33,5 cm \u00bb &#187; iKuchyne iSHOP s n\u00e1bytkom","description":"K\u00fapte si u n\u00e1s Dreven\u00fd pr\u00edru\u010dn\u00fd stol\u00edk Hemingway coffee 25 x 33,5 cm \u00bb za akciov\u00fa cenu. R\u00fdchle dodanie tovaru, odborn\u00e9 poradenstvo a stovky produktov skladom. Dreven\u00fd pr\u00edru\u010dn\u00fd stol\u00edk Hemingway coffee 25 x 33,5 cm \u00bb sa stane dominantou V\u00e1\u0161ho interi\u00e9ru. Internetov\u00fd obchod ikuchyne! pon\u00faka odber Dreven\u00fd pr\u00edru\u010dn\u00fd stol\u00edk Hemingway coffee 25 x 33,5 cm \u00bb u\u017e od 1 kusu.","robots":{"index":"index","follow":"follow","max-snippet":"max-snippet:-1","max-image-preview":"max-image-preview:large","max-video-preview":"max-video-preview:-1"},"canonical":"https:\/\/www.ikuchyne.sk\/eshop\/produkt\/dreveny-prirucny-stolik-hemingway-coffee-25-x-335-cm\/","og_locale":"sk_SK","og_type":"article","og_title":"Dreven\u00fd pr\u00edru\u010dn\u00fd stol\u00edk Hemingway coffee 25 x 33,5 cm \u00bb &#187; iKuchyne iSHOP s n\u00e1bytkom","og_description":"K\u00fapte si u n\u00e1s Dreven\u00fd pr\u00edru\u010dn\u00fd stol\u00edk Hemingway coffee 25 x 33,5 cm \u00bb za akciov\u00fa cenu. R\u00fdchle dodanie tovaru, odborn\u00e9 poradenstvo a stovky produktov skladom. Dreven\u00fd pr\u00edru\u010dn\u00fd stol\u00edk Hemingway coffee 25 x 33,5 cm \u00bb sa stane dominantou V\u00e1\u0161ho interi\u00e9ru. Internetov\u00fd obchod ikuchyne! pon\u00faka odber Dreven\u00fd pr\u00edru\u010dn\u00fd stol\u00edk Hemingway coffee 25 x 33,5 cm \u00bb u\u017e od 1 kusu.","og_url":"https:\/\/www.ikuchyne.sk\/eshop\/produkt\/dreveny-prirucny-stolik-hemingway-coffee-25-x-335-cm\/","og_site_name":"iKuchyne iSHOP s n\u00e1bytkom","article_publisher":"https:\/\/www.facebook.com\/ikuchyne\/","article_modified_time":"2024-03-10T18:20:22+00:00","og_image":[{"width":800,"height":533,"url":"https:\/\/www.ikuchyne.sk\/eshop\/wp-content\/uploads\/2017\/04\/Beistell-Telefontisch-Hemingway-coffee.jpg","type":"image\/jpeg"}],"twitter_card":"summary_large_image","twitter_misc":{"Predpokladan\u00fd \u010das \u010d\u00edtania":"1 min\u00fata"},"schema":{"@context":"https:\/\/schema.org","@graph":[{"@type":"WebPage","@id":"https:\/\/www.ikuchyne.sk\/eshop\/produkt\/dreveny-prirucny-stolik-hemingway-coffee-25-x-335-cm\/","url":"https:\/\/www.ikuchyne.sk\/eshop\/produkt\/dreveny-prirucny-stolik-hemingway-coffee-25-x-335-cm\/","name":"Dreven\u00fd pr\u00edru\u010dn\u00fd stol\u00edk Hemingway coffee 25 x 33,5 cm \u00bb &#187; iKuchyne iSHOP s n\u00e1bytkom","isPartOf":{"@id":"https:\/\/www.ikuchyne.sk\/eshop\/#website"},"datePublished":"2017-04-26T06:22:54+00:00","dateModified":"2024-03-10T18:20:22+00:00","description":"K\u00fapte si u n\u00e1s Dreven\u00fd pr\u00edru\u010dn\u00fd stol\u00edk Hemingway coffee 25 x 33,5 cm \u00bb za akciov\u00fa cenu. R\u00fdchle dodanie tovaru, odborn\u00e9 poradenstvo a stovky produktov skladom. Dreven\u00fd pr\u00edru\u010dn\u00fd stol\u00edk Hemingway coffee 25 x 33,5 cm \u00bb sa stane dominantou V\u00e1\u0161ho interi\u00e9ru. Internetov\u00fd obchod ikuchyne! pon\u00faka odber Dreven\u00fd pr\u00edru\u010dn\u00fd stol\u00edk Hemingway coffee 25 x 33,5 cm \u00bb u\u017e od 1 kusu.","breadcrumb":{"@id":"https:\/\/www.ikuchyne.sk\/eshop\/produkt\/dreveny-prirucny-stolik-hemingway-coffee-25-x-335-cm\/#breadcrumb"},"inLanguage":"sk-SK","potentialAction":[{"@type":"ReadAction","target":["https:\/\/www.ikuchyne.sk\/eshop\/produkt\/dreveny-prirucny-stolik-hemingway-coffee-25-x-335-cm\/"]}]},{"@type":"BreadcrumbList","@id":"https:\/\/www.ikuchyne.sk\/eshop\/produkt\/dreveny-prirucny-stolik-hemingway-coffee-25-x-335-cm\/#breadcrumb","itemListElement":[{"@type":"ListItem","position":1,"name":"Home","item":"https:\/\/www.ikuchyne.sk\/eshop\/"},{"@type":"ListItem","position":2,"name":"Obchod","item":"https:\/\/www.ikuchyne.sk\/eshop\/obchod\/"},{"@type":"ListItem","position":3,"name":"Dreven\u00fd pr\u00edru\u010dn\u00fd stol\u00edk Hemingway coffee 25 x 33,5 cm \u00bb"}]},{"@type":"WebSite","@id":"https:\/\/www.ikuchyne.sk\/eshop\/#website","url":"https:\/\/www.ikuchyne.sk\/eshop\/","name":"iKuchyne iSHOP s n\u00e1bytkom","description":"Jed\u00e1lensk\u00e9 stoly, stoli\u010dky, n\u00e1bytok, svietidl\u00e1...","publisher":{"@id":"https:\/\/www.ikuchyne.sk\/eshop\/#organization"},"potentialAction":[{"@type":"SearchAction","target":{"@type":"EntryPoint","urlTemplate":"https:\/\/www.ikuchyne.sk\/eshop\/?s={search_term_string}"},"query-input":"required name=search_term_string"}],"inLanguage":"sk-SK"},{"@type":"Organization","@id":"https:\/\/www.ikuchyne.sk\/eshop\/#organization","name":"ikuchyne!","url":"https:\/\/www.ikuchyne.sk\/eshop\/","logo":{"@type":"ImageObject","inLanguage":"sk-SK","@id":"https:\/\/www.ikuchyne.sk\/eshop\/#\/schema\/logo\/image\/","url":"https:\/\/www.ikuchyne.sk\/eshop\/wp-content\/uploads\/2017\/04\/ikuchyne-logo.jpg","contentUrl":"https:\/\/www.ikuchyne.sk\/eshop\/wp-content\/uploads\/2017\/04\/ikuchyne-logo.jpg","width":200,"height":48,"caption":"ikuchyne!"},"image":{"@id":"https:\/\/www.ikuchyne.sk\/eshop\/#\/schema\/logo\/image\/"},"sameAs":["https:\/\/www.facebook.com\/ikuchyne\/","https:\/\/www.instagram.com\/ikuchyne.sk\/","https:\/\/sk.pinterest.com\/ikuchynesk\/"]}]}},"_links":{"self":[{"href":"https:\/\/www.ikuchyne.sk\/eshop\/wp-json\/wp\/v2\/product\/12617"}],"collection":[{"href":"https:\/\/www.ikuchyne.sk\/eshop\/wp-json\/wp\/v2\/product"}],"about":[{"href":"https:\/\/www.ikuchyne.sk\/eshop\/wp-json\/wp\/v2\/types\/product"}],"replies":[{"embeddable":true,"href":"https:\/\/www.ikuchyne.sk\/eshop\/wp-json\/wp\/v2\/comments?post=12617"}],"wp:featuredmedia":[{"embeddable":true,"href":"https:\/\/www.ikuchyne.sk\/eshop\/wp-json\/wp\/v2\/media\/12618"}],"wp:attachment":[{"href":"https:\/\/www.ikuchyne.sk\/eshop\/wp-json\/wp\/v2\/media?parent=12617"}],"wp:term":[{"taxonomy":"product_cat","embeddable":true,"href":"https:\/\/www.ikuchyne.sk\/eshop\/wp-json\/wp\/v2\/product_cat?post=12617"},{"taxonomy":"product_tag","embeddable":true,"href":"https:\/\/www.ikuchyne.sk\/eshop\/wp-json\/wp\/v2\/product_tag?post=12617"}],"curies":[{"name":"wp","href":"https:\/\/api.w.org\/{rel}","templated":true}]}}