{"id":126746,"date":"2020-04-24T01:22:35","date_gmt":"2020-04-23T23:22:35","guid":{"rendered":"https:\/\/www.ikuchyne.sk\/eshop\/?post_type=product&#038;p=126746"},"modified":"2021-07-02T02:33:08","modified_gmt":"2021-07-02T00:33:08","slug":"stolik-modern-barock-145cm-strieborna-mramor","status":"publish","type":"product","link":"https:\/\/www.ikuchyne.sk\/eshop\/produkt\/stolik-modern-barock-145cm-strieborna-mramor\/","title":{"rendered":"Stol\u00edk Modern Barock 145cm strieborn\u00e1 mramor \u00bb"},"content":{"rendered":"<h1>Stol\u00edk Modern Barock 145cm strieborn\u00e1 mramor \u00bb<\/h1>\n<h4><strong>V\u0161eobecn\u00fd popis:<\/strong><\/h4>\n<p>Elegantn\u00fd toaletn\u00fd stol\u00edk Modern Barock 145cm strieborn\u00e1 mramor z bieleho op\u00e1lov\u00e9ho skla s mramorov\u00fdm vzh\u013eadom. Zakriven\u00e9 nohy z nehrdzavej\u00facej ocele vytv\u00e1raj\u00fa typick\u00fd barokov\u00fd vzh\u013ead. Ide\u00e1lne ako toaletn\u00fd stol\u00edk, no ur\u010dite sa nestrat\u00ed ani ako pr\u00edru\u010dn\u00fd stol\u00edk do predsiene \u010di ob\u00fdvacej izby. Nechajte dotiahnu\u0165 extravaganciu k sebe domov s t\u00fdmto barokov\u00fdm stol\u00edkom!<\/p>\n<p>U\u0161\u013eachtil\u00fd barokov\u00fd stol\u00edk sa stane vo va\u0161ej dom\u00e1cnosti extravagantn\u00fdm l\u00e1kadlom. Kusy n\u00e1bytku zo s\u00e9rie MODERN BAROCK zais\u0165uj\u00fa luxusn\u00fd a vynikaj\u00faci pocit b\u00fdvania. Ako u\u017e n\u00e1zov napoved\u00e1, s\u00fa navrhnut\u00e9 v barokovom \u0161t\u00fdle, pre ktor\u00fd s\u00fa charakteristick\u00e9 n\u00e1padne zakriven\u00e9 l\u00ednie a vysoko kvalitn\u00e9 kombin\u00e1cie materi\u00e1lov. Do o\u010d\u00ed bij\u00faci modern\u00fd \u0161t\u00fdl b\u00fdvania je vyjadren\u00edm v\u00e1\u0161ho \u0161t\u00fdlov\u00e9ho vkusu a dod\u00e1va v\u00e1\u0161mu dom\u00e1cemu prostrediu mimoriadnu a nezamenite\u013en\u00fa charizmu.<\/p>\n<p>Majest\u00e1tny dizajn: barokov\u00fd toaletn\u00fd stol\u00edk up\u00fata pozornos\u0165 ka\u017ed\u00e9ho. Luxusn\u00fd dizajn tohto barokov\u00e9ho stol\u00edka je definovan\u00fd elegantne zakriven\u00fdmi nohami stola a bielym op\u00e1lov\u00fdm sklom stolovej dosky v mramorovom vzh\u013eade. V\u010faka tomu je n\u00e1bytok vo va\u0161om ob\u00fdvacom priestore skuto\u010dne zauj\u00edmav\u00fdm p\u00fata\u010dom pozornosti. Preto\u017ee sa materi\u00e1l obzvl\u00e1\u0161\u0165 \u013eahko udr\u017euje, budete si ho dlho-predlho u\u017e\u00edva\u0165. Dajte svojmu prostrediu p\u00f4sobiv\u00fd vzh\u013ead s t\u00fdmto elegantn\u00fdm dizajnom.<\/p>\n<h4><strong>Detaily produktu:<\/strong><\/h4>\n<p>Vzne\u0161en\u00fd a barokov\u00fd. Ak sa v\u00e1m p\u00e1\u010di luxusn\u00fd dizajn, tento \u0161t\u00fdl je pre v\u00e1s ako stvoren\u00fd. Extravagantn\u00fd trend v zaria\u010fovan\u00ed ur\u010duj\u00fa povrchy zo zlata a striebra, zamatov\u00e9 materi\u00e1ly a umeleck\u00e9 dekor\u00e1cie. Barokov\u00fd n\u00e1bytok a doplnky robia z v\u00e1\u0161ho domova skuto\u010dne dizajnovo zauj\u00edmav\u00e9 miesto. Najv\u00e4\u010d\u0161ou v\u00fdhodou nehrdzavej\u00facej ocele je nepochybne to, \u017ee nehrdzavie. Oce\u013e je navy\u0161e mo\u017en\u00e9 pomocou r\u00f4znych povrchov\u00fdch \u00faprav (matn\u00fdch alebo leskl\u00fdch) dokonale prisp\u00f4sobi\u0165 individu\u00e1lnemu vzh\u013eadu r\u00f4znych \u010dast\u00ed n\u00e1bytku. Vhodn\u00e9 bytov\u00e9 doplnky pre kombinovanie interi\u00e9ru s t\u00fdmto toaletn\u00fdm stol\u00edkom n\u00e1jdete na na\u0161om e-shope v sekcii Bytov\u00e9 doplnky. Kontaktujte n\u00e1s a my v\u00e1m radi pom\u00f4\u017eeme s v\u00fdberom vhodn\u00fdch dekor\u00e1ci\u00ed.<\/p>\n<div class=\"electro-description\">\n<p><strong>Povrch stola:<\/strong><br \/>\nPovrch stol\u00edka je vyroben\u00fd z dosky z bieleho op\u00e1lov\u00e9ho skla s mramorov\u00fdm vzh\u013eadom.<\/p>\n<p><strong>Podno\u017e stola:<br \/>\n<\/strong>Podno\u017e stol\u00edka je tvoren\u00e1 elegantne zahnut\u00fdmi nohami vyroben\u00fdmi z le\u0161tenej u\u0161\u013eachtilej ocele.<\/p>\n<p><strong>\u010eal\u0161ie inform\u00e1cie:\u00a0<\/strong><br \/>\nTento sklenen\u00fd stol\u00edk nie je n\u00e1ro\u010dn\u00fd na \u0161peci\u00e1lnu \u00fadr\u017ebu. V pr\u00edpade potreby posta\u010d\u00ed vlhk\u00e1 bavlnen\u00e1 handri\u010dka.<\/p>\n<p><b>Rozmery<\/b> (cca): 145cm x 75cm x 50cm (\u0160xVxH)<br \/>\nsklo: 140cm x 1cm x 45cm (\u0160xVxH)<br \/>\nhr\u00fabka skla: 10mm<br \/>\n<b>Farba:<\/b> biela,siv\u00e1<br \/>\n<b>Materi\u00e1l:<\/b> bezpe\u010dnostn\u00e9 sklo, u\u0161\u013eachtil\u00e1 oce\u013e<\/p>\n<\/div>\n<p>Dodato\u010dn\u00e9 inform\u00e1cie:<\/p>\n<p>V pr\u00edpade z\u00e1ujmu o in\u00e9 toaletn\u00e9 stol\u00edky, nav\u0161t\u00edvte sekciu toaletn\u00e9 stol\u00edky na <a href=\"https:\/\/www.ikuchyne.sk\/eshop\/kategoria\/toaletne-stoliky\/\">www.ikuchyne.sk\/eshop<\/a><br \/>\nV pr\u00edpade z\u00e1ujmu o n\u00e1bytok na mieru n\u00e1s kontaktuje na <a href=\"http:\/\/www.ikuchyne.sk\">www.ikuchyne.sk<\/a><\/p>\n","protected":false},"excerpt":{"rendered":"<p>Stol\u00edk Modern Barock 145cm strieborn\u00e1 mramor \u00bb V\u0161eobecn\u00fd popis: Elegantn\u00fd toaletn\u00fd stol\u00edk Modern Barock 145cm strieborn\u00e1 mramor z bieleho op\u00e1lov\u00e9ho skla s mramorov\u00fdm vzh\u013eadom. Zakriven\u00e9 nohy z nehrdzavej\u00facej ocele vytv\u00e1raj\u00fa<\/p>\n","protected":false},"featured_media":126747,"comment_status":"closed","ping_status":"closed","template":"","meta":[],"product_cat":[831,842,304,839,772,835,287],"product_tag":[193,204,210],"yoast_head":"<!-- This site is optimized with the Yoast SEO plugin v22.1 - https:\/\/yoast.com\/wordpress\/plugins\/seo\/ -->\n<title>Stol\u00edk Modern Barock 145cm strieborn\u00e1 &#187; iKuchyne iSHOP s n\u00e1bytkom<\/title>\n<meta name=\"description\" content=\"Stol\u00edk Modern Barock 145cm strieborn\u00e1 - r\u00fdchle dodanie, poradenstvo, n\u00e1bytok skladom v Bratislave s ikuchyne.sk - kuchyne na mieru.\" \/>\n<meta name=\"robots\" content=\"index, follow, max-snippet:-1, max-image-preview:large, max-video-preview:-1\" \/>\n<link rel=\"canonical\" href=\"https:\/\/www.ikuchyne.sk\/eshop\/produkt\/stolik-modern-barock-145cm-strieborna-mramor\/\" \/>\n<meta property=\"og:locale\" content=\"sk_SK\" \/>\n<meta property=\"og:type\" content=\"article\" \/>\n<meta property=\"og:title\" content=\"Stol\u00edk Modern Barock 145cm strieborn\u00e1 &#187; iKuchyne iSHOP s n\u00e1bytkom\" \/>\n<meta property=\"og:description\" content=\"Stol\u00edk Modern Barock 145cm strieborn\u00e1 - r\u00fdchle dodanie, poradenstvo, n\u00e1bytok skladom v Bratislave s ikuchyne.sk - kuchyne na mieru.\" \/>\n<meta property=\"og:url\" content=\"https:\/\/www.ikuchyne.sk\/eshop\/produkt\/stolik-modern-barock-145cm-strieborna-mramor\/\" \/>\n<meta property=\"og:site_name\" content=\"iKuchyne iSHOP s n\u00e1bytkom\" \/>\n<meta property=\"article:publisher\" content=\"https:\/\/www.facebook.com\/ikuchyne\/\" \/>\n<meta property=\"article:modified_time\" content=\"2021-07-02T00:33:08+00:00\" \/>\n<meta property=\"og:image\" content=\"https:\/\/www.ikuchyne.sk\/eshop\/wp-content\/uploads\/2020\/04\/Stol\u00edk-Modern-Barock-145cm-strieborn\u00e1-mramor-39997.jpg\" \/>\n\t<meta property=\"og:image:width\" content=\"800\" \/>\n\t<meta property=\"og:image:height\" content=\"533\" \/>\n\t<meta property=\"og:image:type\" content=\"image\/jpeg\" \/>\n<meta name=\"twitter:card\" content=\"summary_large_image\" \/>\n<meta name=\"twitter:label1\" content=\"Predpokladan\u00fd \u010das \u010d\u00edtania\" \/>\n\t<meta name=\"twitter:data1\" content=\"2 min\u00faty\" \/>\n<script type=\"application\/ld+json\" class=\"yoast-schema-graph\">{\"@context\":\"https:\/\/schema.org\",\"@graph\":[{\"@type\":\"WebPage\",\"@id\":\"https:\/\/www.ikuchyne.sk\/eshop\/produkt\/stolik-modern-barock-145cm-strieborna-mramor\/\",\"url\":\"https:\/\/www.ikuchyne.sk\/eshop\/produkt\/stolik-modern-barock-145cm-strieborna-mramor\/\",\"name\":\"Stol\u00edk Modern Barock 145cm strieborn\u00e1 &#187; iKuchyne iSHOP s n\u00e1bytkom\",\"isPartOf\":{\"@id\":\"https:\/\/www.ikuchyne.sk\/eshop\/#website\"},\"datePublished\":\"2020-04-23T23:22:35+00:00\",\"dateModified\":\"2021-07-02T00:33:08+00:00\",\"description\":\"Stol\u00edk Modern Barock 145cm strieborn\u00e1 - r\u00fdchle dodanie, poradenstvo, n\u00e1bytok skladom v Bratislave s ikuchyne.sk - kuchyne na mieru.\",\"breadcrumb\":{\"@id\":\"https:\/\/www.ikuchyne.sk\/eshop\/produkt\/stolik-modern-barock-145cm-strieborna-mramor\/#breadcrumb\"},\"inLanguage\":\"sk-SK\",\"potentialAction\":[{\"@type\":\"ReadAction\",\"target\":[\"https:\/\/www.ikuchyne.sk\/eshop\/produkt\/stolik-modern-barock-145cm-strieborna-mramor\/\"]}]},{\"@type\":\"BreadcrumbList\",\"@id\":\"https:\/\/www.ikuchyne.sk\/eshop\/produkt\/stolik-modern-barock-145cm-strieborna-mramor\/#breadcrumb\",\"itemListElement\":[{\"@type\":\"ListItem\",\"position\":1,\"name\":\"Home\",\"item\":\"https:\/\/www.ikuchyne.sk\/eshop\/\"},{\"@type\":\"ListItem\",\"position\":2,\"name\":\"Obchod\",\"item\":\"https:\/\/www.ikuchyne.sk\/eshop\/obchod\/\"},{\"@type\":\"ListItem\",\"position\":3,\"name\":\"Stol\u00edk Modern Barock 145cm strieborn\u00e1 mramor \u00bb\"}]},{\"@type\":\"WebSite\",\"@id\":\"https:\/\/www.ikuchyne.sk\/eshop\/#website\",\"url\":\"https:\/\/www.ikuchyne.sk\/eshop\/\",\"name\":\"iKuchyne iSHOP s n\u00e1bytkom\",\"description\":\"Jed\u00e1lensk\u00e9 stoly, stoli\u010dky, n\u00e1bytok, svietidl\u00e1...\",\"publisher\":{\"@id\":\"https:\/\/www.ikuchyne.sk\/eshop\/#organization\"},\"potentialAction\":[{\"@type\":\"SearchAction\",\"target\":{\"@type\":\"EntryPoint\",\"urlTemplate\":\"https:\/\/www.ikuchyne.sk\/eshop\/?s={search_term_string}\"},\"query-input\":\"required name=search_term_string\"}],\"inLanguage\":\"sk-SK\"},{\"@type\":\"Organization\",\"@id\":\"https:\/\/www.ikuchyne.sk\/eshop\/#organization\",\"name\":\"ikuchyne!\",\"url\":\"https:\/\/www.ikuchyne.sk\/eshop\/\",\"logo\":{\"@type\":\"ImageObject\",\"inLanguage\":\"sk-SK\",\"@id\":\"https:\/\/www.ikuchyne.sk\/eshop\/#\/schema\/logo\/image\/\",\"url\":\"https:\/\/www.ikuchyne.sk\/eshop\/wp-content\/uploads\/2017\/04\/ikuchyne-logo.jpg\",\"contentUrl\":\"https:\/\/www.ikuchyne.sk\/eshop\/wp-content\/uploads\/2017\/04\/ikuchyne-logo.jpg\",\"width\":200,\"height\":48,\"caption\":\"ikuchyne!\"},\"image\":{\"@id\":\"https:\/\/www.ikuchyne.sk\/eshop\/#\/schema\/logo\/image\/\"},\"sameAs\":[\"https:\/\/www.facebook.com\/ikuchyne\/\",\"https:\/\/www.instagram.com\/ikuchyne.sk\/\",\"https:\/\/sk.pinterest.com\/ikuchynesk\/\"]}]}<\/script>\n<!-- \/ Yoast SEO plugin. -->","yoast_head_json":{"title":"Stol\u00edk Modern Barock 145cm strieborn\u00e1 &#187; iKuchyne iSHOP s n\u00e1bytkom","description":"Stol\u00edk Modern Barock 145cm strieborn\u00e1 - r\u00fdchle dodanie, poradenstvo, n\u00e1bytok skladom v Bratislave s ikuchyne.sk - kuchyne na mieru.","robots":{"index":"index","follow":"follow","max-snippet":"max-snippet:-1","max-image-preview":"max-image-preview:large","max-video-preview":"max-video-preview:-1"},"canonical":"https:\/\/www.ikuchyne.sk\/eshop\/produkt\/stolik-modern-barock-145cm-strieborna-mramor\/","og_locale":"sk_SK","og_type":"article","og_title":"Stol\u00edk Modern Barock 145cm strieborn\u00e1 &#187; iKuchyne iSHOP s n\u00e1bytkom","og_description":"Stol\u00edk Modern Barock 145cm strieborn\u00e1 - r\u00fdchle dodanie, poradenstvo, n\u00e1bytok skladom v Bratislave s ikuchyne.sk - kuchyne na mieru.","og_url":"https:\/\/www.ikuchyne.sk\/eshop\/produkt\/stolik-modern-barock-145cm-strieborna-mramor\/","og_site_name":"iKuchyne iSHOP s n\u00e1bytkom","article_publisher":"https:\/\/www.facebook.com\/ikuchyne\/","article_modified_time":"2021-07-02T00:33:08+00:00","og_image":[{"width":800,"height":533,"url":"https:\/\/www.ikuchyne.sk\/eshop\/wp-content\/uploads\/2020\/04\/Stol\u00edk-Modern-Barock-145cm-strieborn\u00e1-mramor-39997.jpg","type":"image\/jpeg"}],"twitter_card":"summary_large_image","twitter_misc":{"Predpokladan\u00fd \u010das \u010d\u00edtania":"2 min\u00faty"},"schema":{"@context":"https:\/\/schema.org","@graph":[{"@type":"WebPage","@id":"https:\/\/www.ikuchyne.sk\/eshop\/produkt\/stolik-modern-barock-145cm-strieborna-mramor\/","url":"https:\/\/www.ikuchyne.sk\/eshop\/produkt\/stolik-modern-barock-145cm-strieborna-mramor\/","name":"Stol\u00edk Modern Barock 145cm strieborn\u00e1 &#187; iKuchyne iSHOP s n\u00e1bytkom","isPartOf":{"@id":"https:\/\/www.ikuchyne.sk\/eshop\/#website"},"datePublished":"2020-04-23T23:22:35+00:00","dateModified":"2021-07-02T00:33:08+00:00","description":"Stol\u00edk Modern Barock 145cm strieborn\u00e1 - r\u00fdchle dodanie, poradenstvo, n\u00e1bytok skladom v Bratislave s ikuchyne.sk - kuchyne na mieru.","breadcrumb":{"@id":"https:\/\/www.ikuchyne.sk\/eshop\/produkt\/stolik-modern-barock-145cm-strieborna-mramor\/#breadcrumb"},"inLanguage":"sk-SK","potentialAction":[{"@type":"ReadAction","target":["https:\/\/www.ikuchyne.sk\/eshop\/produkt\/stolik-modern-barock-145cm-strieborna-mramor\/"]}]},{"@type":"BreadcrumbList","@id":"https:\/\/www.ikuchyne.sk\/eshop\/produkt\/stolik-modern-barock-145cm-strieborna-mramor\/#breadcrumb","itemListElement":[{"@type":"ListItem","position":1,"name":"Home","item":"https:\/\/www.ikuchyne.sk\/eshop\/"},{"@type":"ListItem","position":2,"name":"Obchod","item":"https:\/\/www.ikuchyne.sk\/eshop\/obchod\/"},{"@type":"ListItem","position":3,"name":"Stol\u00edk Modern Barock 145cm strieborn\u00e1 mramor \u00bb"}]},{"@type":"WebSite","@id":"https:\/\/www.ikuchyne.sk\/eshop\/#website","url":"https:\/\/www.ikuchyne.sk\/eshop\/","name":"iKuchyne iSHOP s n\u00e1bytkom","description":"Jed\u00e1lensk\u00e9 stoly, stoli\u010dky, n\u00e1bytok, svietidl\u00e1...","publisher":{"@id":"https:\/\/www.ikuchyne.sk\/eshop\/#organization"},"potentialAction":[{"@type":"SearchAction","target":{"@type":"EntryPoint","urlTemplate":"https:\/\/www.ikuchyne.sk\/eshop\/?s={search_term_string}"},"query-input":"required name=search_term_string"}],"inLanguage":"sk-SK"},{"@type":"Organization","@id":"https:\/\/www.ikuchyne.sk\/eshop\/#organization","name":"ikuchyne!","url":"https:\/\/www.ikuchyne.sk\/eshop\/","logo":{"@type":"ImageObject","inLanguage":"sk-SK","@id":"https:\/\/www.ikuchyne.sk\/eshop\/#\/schema\/logo\/image\/","url":"https:\/\/www.ikuchyne.sk\/eshop\/wp-content\/uploads\/2017\/04\/ikuchyne-logo.jpg","contentUrl":"https:\/\/www.ikuchyne.sk\/eshop\/wp-content\/uploads\/2017\/04\/ikuchyne-logo.jpg","width":200,"height":48,"caption":"ikuchyne!"},"image":{"@id":"https:\/\/www.ikuchyne.sk\/eshop\/#\/schema\/logo\/image\/"},"sameAs":["https:\/\/www.facebook.com\/ikuchyne\/","https:\/\/www.instagram.com\/ikuchyne.sk\/","https:\/\/sk.pinterest.com\/ikuchynesk\/"]}]}},"_links":{"self":[{"href":"https:\/\/www.ikuchyne.sk\/eshop\/wp-json\/wp\/v2\/product\/126746"}],"collection":[{"href":"https:\/\/www.ikuchyne.sk\/eshop\/wp-json\/wp\/v2\/product"}],"about":[{"href":"https:\/\/www.ikuchyne.sk\/eshop\/wp-json\/wp\/v2\/types\/product"}],"replies":[{"embeddable":true,"href":"https:\/\/www.ikuchyne.sk\/eshop\/wp-json\/wp\/v2\/comments?post=126746"}],"wp:featuredmedia":[{"embeddable":true,"href":"https:\/\/www.ikuchyne.sk\/eshop\/wp-json\/wp\/v2\/media\/126747"}],"wp:attachment":[{"href":"https:\/\/www.ikuchyne.sk\/eshop\/wp-json\/wp\/v2\/media?parent=126746"}],"wp:term":[{"taxonomy":"product_cat","embeddable":true,"href":"https:\/\/www.ikuchyne.sk\/eshop\/wp-json\/wp\/v2\/product_cat?post=126746"},{"taxonomy":"product_tag","embeddable":true,"href":"https:\/\/www.ikuchyne.sk\/eshop\/wp-json\/wp\/v2\/product_tag?post=126746"}],"curies":[{"name":"wp","href":"https:\/\/api.w.org\/{rel}","templated":true}]}}