{"id":12678,"date":"2017-04-26T08:23:34","date_gmt":"2017-04-26T06:23:34","guid":{"rendered":"http:\/\/potocan.com\/eshop\/produkt\/konferencny-stolik-blend-ii-dvojak-set-agat\/"},"modified":"2024-09-25T06:51:30","modified_gmt":"2024-09-25T04:51:30","slug":"tmavohnedy-konferencny-stolik-blend-ii-set-2-ks","status":"publish","type":"product","link":"https:\/\/www.ikuchyne.sk\/eshop\/produkt\/tmavohnedy-konferencny-stolik-blend-ii-set-2-ks\/","title":{"rendered":"Tmavohned\u00fd konferen\u010dn\u00fd stol\u00edk Blend II set 2 ks \u00bb"},"content":{"rendered":"<p><strong>Tmavohned\u00fd konferen\u010dn\u00fd stol\u00edk Blend II set 2 ks<\/strong><\/p>\n<div class=\"electro-description\">\n<p><b><strong>V\u0161eobecn\u00fd opis stol\u00edka:<br \/>\n<\/strong><\/b>Set dvoch konferen\u010dn\u00fdch stol\u00edkov Blend II reprezentuje modern\u00fd \u0161t\u00fdl b\u00fdvania. Ka\u017ed\u00fd zo stol\u00edkov je tvoren\u00fd jednoduch\u00fdm podstavcom a drevenou doskou, \u010do p\u00f4sob\u00ed mierne vidiecky. Povrch stol\u00edka je vyroben\u00fd z ag\u00e1tov\u00e9ho mas\u00edvu v tvare kruhu s vyv\u00fd\u0161en\u00fdm okrajom, aby v\u00e1m ni\u010d nesk\u013azlo. Podno\u017e konferen\u010dn\u00e9ho stol\u00edka tvoria tri \u00fazke kovov\u00e9 nohy spojen\u00e9 do polkruhu. T\u00e1to podno\u017e je v \u0161t\u00fdlovej \u010diernej farbe. Stol\u00edk je jednoduch\u00fd na \u00fadr\u017ebu v\u010faka hladk\u00e9mu povrchu. Kombin\u00e1cia \u010diernej a pr\u00edrodnej tmavohnedej skuto\u010dne zapadne do modern\u00e9ho, industri\u00e1lne laden\u00e9ho, \u010di vidieckeho \u0161t\u00fdlu b\u00fdvania preto\u017ee p\u00f4sob\u00ed elegantne a nen\u00e1padne.<\/p>\n<p><strong>Povrch stol\u00edka:<br \/>\n<\/strong>Povrch konferen\u010dn\u00e9ho stol\u00edka je vyroben\u00fd z ag\u00e1tov\u00e9ho mas\u00edvu v tvare kruhu.<\/p>\n<p><strong>Podno\u017e stol\u00edka:<br \/>\n<\/strong>Podno\u017e stol\u00edka pozost\u00e1va z troch tenk\u00fdch kovov\u00fdch n\u00f4h spojen\u00fdch do polkruhu, ktor\u00e9 s\u00fa v \u010diernej farbe.<\/p>\n<p><strong>\u010eal\u0161ie inform\u00e1cie:<br \/>\n<\/strong>V\u010faka hladk\u00e9mu povrchu je tento konferen\u010dn\u00fd stol\u00edk nen\u00e1ro\u010dn\u00fd na \u00fadr\u017ebu. Sta\u010d\u00ed ho pretrie\u0165 vlhkou handri\u010dkou.<\/p>\n<p><b>Rozmery stol\u00edkov<\/b>:<br \/>\n<b>Rozmery v\u00e4\u010d\u0161ieho stol\u00edka<\/b>:<br \/>\n\u0160\u00edrka stol\u00edka: 55 cm<br \/>\nD\u013a\u017eka stol\u00edka: 55 cm<br \/>\nV\u00fd\u0161ka stol\u00edka: 45 cm<br \/>\n<strong>Rozmery men\u0161ieho stol\u00edka:<br \/>\n<\/strong>\u0160\u00edrka stol\u00edka: 50 cm<br \/>\nD\u013a\u017eka stol\u00edka: 50 cm<br \/>\nV\u00fd\u0161ka stol\u00edka: 40 cm<\/p>\n<p><b>Materi\u00e1l:<\/b> drevo &#8211;\u00a0 ag\u00e1t (mas\u00edv), lak,\u00a0kov<\/p>\n<p><b>Farba: <\/b>pr\u00edrodn\u00e1\u00a0tmavohned\u00e1, \u010dierna<\/p>\n<\/div>\n","protected":false},"excerpt":{"rendered":"<p>Tmavohned\u00fd konferen\u010dn\u00fd stol\u00edk Blend II set 2 ks V\u0161eobecn\u00fd opis stol\u00edka: Set dvoch konferen\u010dn\u00fdch stol\u00edkov Blend II reprezentuje modern\u00fd \u0161t\u00fdl b\u00fdvania. Ka\u017ed\u00fd zo stol\u00edkov je tvoren\u00fd jednoduch\u00fdm podstavcom a drevenou<\/p>\n","protected":false},"featured_media":12679,"comment_status":"open","ping_status":"closed","template":"","meta":[],"product_cat":[832,834,304,837,839,836,841],"product_tag":[260,261],"yoast_head":"<!-- This site is optimized with the Yoast SEO plugin v22.1 - https:\/\/yoast.com\/wordpress\/plugins\/seo\/ -->\n<title>Tmavohned\u00fd konferen\u010dn\u00fd stol\u00edk Blend II set 2 ks \u00bb &#187; iKuchyne iSHOP s n\u00e1bytkom<\/title>\n<meta name=\"description\" content=\"K\u00fapte si u n\u00e1s Tmavohned\u00fd konferen\u010dn\u00fd stol\u00edk Blend II set 2 ks \u00bb za akciov\u00fa cenu. R\u00fdchle dodanie tovaru, odborn\u00e9 poradenstvo a stovky produktov skladom. Tmavohned\u00fd konferen\u010dn\u00fd stol\u00edk Blend II set 2 ks \u00bb sa stane dominantou V\u00e1\u0161ho interi\u00e9ru. Internetov\u00fd obchod ikuchyne! pon\u00faka odber Tmavohned\u00fd konferen\u010dn\u00fd stol\u00edk Blend II set 2 ks \u00bb u\u017e od 1 kusu.\" \/>\n<meta name=\"robots\" content=\"index, follow, max-snippet:-1, max-image-preview:large, max-video-preview:-1\" \/>\n<link rel=\"canonical\" href=\"https:\/\/www.ikuchyne.sk\/eshop\/produkt\/tmavohnedy-konferencny-stolik-blend-ii-set-2-ks\/\" \/>\n<meta property=\"og:locale\" content=\"sk_SK\" \/>\n<meta property=\"og:type\" content=\"article\" \/>\n<meta property=\"og:title\" content=\"Tmavohned\u00fd konferen\u010dn\u00fd stol\u00edk Blend II set 2 ks \u00bb &#187; iKuchyne iSHOP s n\u00e1bytkom\" \/>\n<meta property=\"og:description\" content=\"K\u00fapte si u n\u00e1s Tmavohned\u00fd konferen\u010dn\u00fd stol\u00edk Blend II set 2 ks \u00bb za akciov\u00fa cenu. R\u00fdchle dodanie tovaru, odborn\u00e9 poradenstvo a stovky produktov skladom. Tmavohned\u00fd konferen\u010dn\u00fd stol\u00edk Blend II set 2 ks \u00bb sa stane dominantou V\u00e1\u0161ho interi\u00e9ru. Internetov\u00fd obchod ikuchyne! pon\u00faka odber Tmavohned\u00fd konferen\u010dn\u00fd stol\u00edk Blend II set 2 ks \u00bb u\u017e od 1 kusu.\" \/>\n<meta property=\"og:url\" content=\"https:\/\/www.ikuchyne.sk\/eshop\/produkt\/tmavohnedy-konferencny-stolik-blend-ii-set-2-ks\/\" \/>\n<meta property=\"og:site_name\" content=\"iKuchyne iSHOP s n\u00e1bytkom\" \/>\n<meta property=\"article:publisher\" content=\"https:\/\/www.facebook.com\/ikuchyne\/\" \/>\n<meta property=\"article:modified_time\" content=\"2024-09-25T04:51:30+00:00\" \/>\n<meta property=\"og:image\" content=\"https:\/\/www.ikuchyne.sk\/eshop\/wp-content\/uploads\/2017\/04\/konferencny-stolik-blend-ii-dvojak-set-agat.jpg\" \/>\n\t<meta property=\"og:image:width\" content=\"800\" \/>\n\t<meta property=\"og:image:height\" content=\"533\" \/>\n\t<meta property=\"og:image:type\" content=\"image\/jpeg\" \/>\n<meta name=\"twitter:card\" content=\"summary_large_image\" \/>\n<meta name=\"twitter:label1\" content=\"Predpokladan\u00fd \u010das \u010d\u00edtania\" \/>\n\t<meta name=\"twitter:data1\" content=\"1 min\u00fata\" \/>\n<script type=\"application\/ld+json\" class=\"yoast-schema-graph\">{\"@context\":\"https:\/\/schema.org\",\"@graph\":[{\"@type\":\"WebPage\",\"@id\":\"https:\/\/www.ikuchyne.sk\/eshop\/produkt\/tmavohnedy-konferencny-stolik-blend-ii-set-2-ks\/\",\"url\":\"https:\/\/www.ikuchyne.sk\/eshop\/produkt\/tmavohnedy-konferencny-stolik-blend-ii-set-2-ks\/\",\"name\":\"Tmavohned\u00fd konferen\u010dn\u00fd stol\u00edk Blend II set 2 ks \u00bb &#187; iKuchyne iSHOP s n\u00e1bytkom\",\"isPartOf\":{\"@id\":\"https:\/\/www.ikuchyne.sk\/eshop\/#website\"},\"datePublished\":\"2017-04-26T06:23:34+00:00\",\"dateModified\":\"2024-09-25T04:51:30+00:00\",\"description\":\"K\u00fapte si u n\u00e1s Tmavohned\u00fd konferen\u010dn\u00fd stol\u00edk Blend II set 2 ks \u00bb za akciov\u00fa cenu. R\u00fdchle dodanie tovaru, odborn\u00e9 poradenstvo a stovky produktov skladom. Tmavohned\u00fd konferen\u010dn\u00fd stol\u00edk Blend II set 2 ks \u00bb sa stane dominantou V\u00e1\u0161ho interi\u00e9ru. Internetov\u00fd obchod ikuchyne! pon\u00faka odber Tmavohned\u00fd konferen\u010dn\u00fd stol\u00edk Blend II set 2 ks \u00bb u\u017e od 1 kusu.\",\"breadcrumb\":{\"@id\":\"https:\/\/www.ikuchyne.sk\/eshop\/produkt\/tmavohnedy-konferencny-stolik-blend-ii-set-2-ks\/#breadcrumb\"},\"inLanguage\":\"sk-SK\",\"potentialAction\":[{\"@type\":\"ReadAction\",\"target\":[\"https:\/\/www.ikuchyne.sk\/eshop\/produkt\/tmavohnedy-konferencny-stolik-blend-ii-set-2-ks\/\"]}]},{\"@type\":\"BreadcrumbList\",\"@id\":\"https:\/\/www.ikuchyne.sk\/eshop\/produkt\/tmavohnedy-konferencny-stolik-blend-ii-set-2-ks\/#breadcrumb\",\"itemListElement\":[{\"@type\":\"ListItem\",\"position\":1,\"name\":\"Home\",\"item\":\"https:\/\/www.ikuchyne.sk\/eshop\/\"},{\"@type\":\"ListItem\",\"position\":2,\"name\":\"Obchod\",\"item\":\"https:\/\/www.ikuchyne.sk\/eshop\/obchod\/\"},{\"@type\":\"ListItem\",\"position\":3,\"name\":\"Tmavohned\u00fd konferen\u010dn\u00fd stol\u00edk Blend II set 2 ks \u00bb\"}]},{\"@type\":\"WebSite\",\"@id\":\"https:\/\/www.ikuchyne.sk\/eshop\/#website\",\"url\":\"https:\/\/www.ikuchyne.sk\/eshop\/\",\"name\":\"iKuchyne iSHOP s n\u00e1bytkom\",\"description\":\"Jed\u00e1lensk\u00e9 stoly, stoli\u010dky, n\u00e1bytok, svietidl\u00e1...\",\"publisher\":{\"@id\":\"https:\/\/www.ikuchyne.sk\/eshop\/#organization\"},\"potentialAction\":[{\"@type\":\"SearchAction\",\"target\":{\"@type\":\"EntryPoint\",\"urlTemplate\":\"https:\/\/www.ikuchyne.sk\/eshop\/?s={search_term_string}\"},\"query-input\":\"required name=search_term_string\"}],\"inLanguage\":\"sk-SK\"},{\"@type\":\"Organization\",\"@id\":\"https:\/\/www.ikuchyne.sk\/eshop\/#organization\",\"name\":\"ikuchyne!\",\"url\":\"https:\/\/www.ikuchyne.sk\/eshop\/\",\"logo\":{\"@type\":\"ImageObject\",\"inLanguage\":\"sk-SK\",\"@id\":\"https:\/\/www.ikuchyne.sk\/eshop\/#\/schema\/logo\/image\/\",\"url\":\"https:\/\/www.ikuchyne.sk\/eshop\/wp-content\/uploads\/2017\/04\/ikuchyne-logo.jpg\",\"contentUrl\":\"https:\/\/www.ikuchyne.sk\/eshop\/wp-content\/uploads\/2017\/04\/ikuchyne-logo.jpg\",\"width\":200,\"height\":48,\"caption\":\"ikuchyne!\"},\"image\":{\"@id\":\"https:\/\/www.ikuchyne.sk\/eshop\/#\/schema\/logo\/image\/\"},\"sameAs\":[\"https:\/\/www.facebook.com\/ikuchyne\/\",\"https:\/\/www.instagram.com\/ikuchyne.sk\/\",\"https:\/\/sk.pinterest.com\/ikuchynesk\/\"]}]}<\/script>\n<!-- \/ Yoast SEO plugin. -->","yoast_head_json":{"title":"Tmavohned\u00fd konferen\u010dn\u00fd stol\u00edk Blend II set 2 ks \u00bb &#187; iKuchyne iSHOP s n\u00e1bytkom","description":"K\u00fapte si u n\u00e1s Tmavohned\u00fd konferen\u010dn\u00fd stol\u00edk Blend II set 2 ks \u00bb za akciov\u00fa cenu. R\u00fdchle dodanie tovaru, odborn\u00e9 poradenstvo a stovky produktov skladom. Tmavohned\u00fd konferen\u010dn\u00fd stol\u00edk Blend II set 2 ks \u00bb sa stane dominantou V\u00e1\u0161ho interi\u00e9ru. Internetov\u00fd obchod ikuchyne! pon\u00faka odber Tmavohned\u00fd konferen\u010dn\u00fd stol\u00edk Blend II set 2 ks \u00bb u\u017e od 1 kusu.","robots":{"index":"index","follow":"follow","max-snippet":"max-snippet:-1","max-image-preview":"max-image-preview:large","max-video-preview":"max-video-preview:-1"},"canonical":"https:\/\/www.ikuchyne.sk\/eshop\/produkt\/tmavohnedy-konferencny-stolik-blend-ii-set-2-ks\/","og_locale":"sk_SK","og_type":"article","og_title":"Tmavohned\u00fd konferen\u010dn\u00fd stol\u00edk Blend II set 2 ks \u00bb &#187; iKuchyne iSHOP s n\u00e1bytkom","og_description":"K\u00fapte si u n\u00e1s Tmavohned\u00fd konferen\u010dn\u00fd stol\u00edk Blend II set 2 ks \u00bb za akciov\u00fa cenu. R\u00fdchle dodanie tovaru, odborn\u00e9 poradenstvo a stovky produktov skladom. Tmavohned\u00fd konferen\u010dn\u00fd stol\u00edk Blend II set 2 ks \u00bb sa stane dominantou V\u00e1\u0161ho interi\u00e9ru. Internetov\u00fd obchod ikuchyne! pon\u00faka odber Tmavohned\u00fd konferen\u010dn\u00fd stol\u00edk Blend II set 2 ks \u00bb u\u017e od 1 kusu.","og_url":"https:\/\/www.ikuchyne.sk\/eshop\/produkt\/tmavohnedy-konferencny-stolik-blend-ii-set-2-ks\/","og_site_name":"iKuchyne iSHOP s n\u00e1bytkom","article_publisher":"https:\/\/www.facebook.com\/ikuchyne\/","article_modified_time":"2024-09-25T04:51:30+00:00","og_image":[{"width":800,"height":533,"url":"https:\/\/www.ikuchyne.sk\/eshop\/wp-content\/uploads\/2017\/04\/konferencny-stolik-blend-ii-dvojak-set-agat.jpg","type":"image\/jpeg"}],"twitter_card":"summary_large_image","twitter_misc":{"Predpokladan\u00fd \u010das \u010d\u00edtania":"1 min\u00fata"},"schema":{"@context":"https:\/\/schema.org","@graph":[{"@type":"WebPage","@id":"https:\/\/www.ikuchyne.sk\/eshop\/produkt\/tmavohnedy-konferencny-stolik-blend-ii-set-2-ks\/","url":"https:\/\/www.ikuchyne.sk\/eshop\/produkt\/tmavohnedy-konferencny-stolik-blend-ii-set-2-ks\/","name":"Tmavohned\u00fd konferen\u010dn\u00fd stol\u00edk Blend II set 2 ks \u00bb &#187; iKuchyne iSHOP s n\u00e1bytkom","isPartOf":{"@id":"https:\/\/www.ikuchyne.sk\/eshop\/#website"},"datePublished":"2017-04-26T06:23:34+00:00","dateModified":"2024-09-25T04:51:30+00:00","description":"K\u00fapte si u n\u00e1s Tmavohned\u00fd konferen\u010dn\u00fd stol\u00edk Blend II set 2 ks \u00bb za akciov\u00fa cenu. R\u00fdchle dodanie tovaru, odborn\u00e9 poradenstvo a stovky produktov skladom. Tmavohned\u00fd konferen\u010dn\u00fd stol\u00edk Blend II set 2 ks \u00bb sa stane dominantou V\u00e1\u0161ho interi\u00e9ru. Internetov\u00fd obchod ikuchyne! pon\u00faka odber Tmavohned\u00fd konferen\u010dn\u00fd stol\u00edk Blend II set 2 ks \u00bb u\u017e od 1 kusu.","breadcrumb":{"@id":"https:\/\/www.ikuchyne.sk\/eshop\/produkt\/tmavohnedy-konferencny-stolik-blend-ii-set-2-ks\/#breadcrumb"},"inLanguage":"sk-SK","potentialAction":[{"@type":"ReadAction","target":["https:\/\/www.ikuchyne.sk\/eshop\/produkt\/tmavohnedy-konferencny-stolik-blend-ii-set-2-ks\/"]}]},{"@type":"BreadcrumbList","@id":"https:\/\/www.ikuchyne.sk\/eshop\/produkt\/tmavohnedy-konferencny-stolik-blend-ii-set-2-ks\/#breadcrumb","itemListElement":[{"@type":"ListItem","position":1,"name":"Home","item":"https:\/\/www.ikuchyne.sk\/eshop\/"},{"@type":"ListItem","position":2,"name":"Obchod","item":"https:\/\/www.ikuchyne.sk\/eshop\/obchod\/"},{"@type":"ListItem","position":3,"name":"Tmavohned\u00fd konferen\u010dn\u00fd stol\u00edk Blend II set 2 ks \u00bb"}]},{"@type":"WebSite","@id":"https:\/\/www.ikuchyne.sk\/eshop\/#website","url":"https:\/\/www.ikuchyne.sk\/eshop\/","name":"iKuchyne iSHOP s n\u00e1bytkom","description":"Jed\u00e1lensk\u00e9 stoly, stoli\u010dky, n\u00e1bytok, svietidl\u00e1...","publisher":{"@id":"https:\/\/www.ikuchyne.sk\/eshop\/#organization"},"potentialAction":[{"@type":"SearchAction","target":{"@type":"EntryPoint","urlTemplate":"https:\/\/www.ikuchyne.sk\/eshop\/?s={search_term_string}"},"query-input":"required name=search_term_string"}],"inLanguage":"sk-SK"},{"@type":"Organization","@id":"https:\/\/www.ikuchyne.sk\/eshop\/#organization","name":"ikuchyne!","url":"https:\/\/www.ikuchyne.sk\/eshop\/","logo":{"@type":"ImageObject","inLanguage":"sk-SK","@id":"https:\/\/www.ikuchyne.sk\/eshop\/#\/schema\/logo\/image\/","url":"https:\/\/www.ikuchyne.sk\/eshop\/wp-content\/uploads\/2017\/04\/ikuchyne-logo.jpg","contentUrl":"https:\/\/www.ikuchyne.sk\/eshop\/wp-content\/uploads\/2017\/04\/ikuchyne-logo.jpg","width":200,"height":48,"caption":"ikuchyne!"},"image":{"@id":"https:\/\/www.ikuchyne.sk\/eshop\/#\/schema\/logo\/image\/"},"sameAs":["https:\/\/www.facebook.com\/ikuchyne\/","https:\/\/www.instagram.com\/ikuchyne.sk\/","https:\/\/sk.pinterest.com\/ikuchynesk\/"]}]}},"_links":{"self":[{"href":"https:\/\/www.ikuchyne.sk\/eshop\/wp-json\/wp\/v2\/product\/12678"}],"collection":[{"href":"https:\/\/www.ikuchyne.sk\/eshop\/wp-json\/wp\/v2\/product"}],"about":[{"href":"https:\/\/www.ikuchyne.sk\/eshop\/wp-json\/wp\/v2\/types\/product"}],"replies":[{"embeddable":true,"href":"https:\/\/www.ikuchyne.sk\/eshop\/wp-json\/wp\/v2\/comments?post=12678"}],"wp:featuredmedia":[{"embeddable":true,"href":"https:\/\/www.ikuchyne.sk\/eshop\/wp-json\/wp\/v2\/media\/12679"}],"wp:attachment":[{"href":"https:\/\/www.ikuchyne.sk\/eshop\/wp-json\/wp\/v2\/media?parent=12678"}],"wp:term":[{"taxonomy":"product_cat","embeddable":true,"href":"https:\/\/www.ikuchyne.sk\/eshop\/wp-json\/wp\/v2\/product_cat?post=12678"},{"taxonomy":"product_tag","embeddable":true,"href":"https:\/\/www.ikuchyne.sk\/eshop\/wp-json\/wp\/v2\/product_tag?post=12678"}],"curies":[{"name":"wp","href":"https:\/\/api.w.org\/{rel}","templated":true}]}}