{"id":12686,"date":"2017-04-26T08:23:39","date_gmt":"2017-04-26T06:23:39","guid":{"rendered":"http:\/\/potocan.com\/eshop\/produkt\/konferencny-stolik-ciano-cierna-chrom-m-stolik-podnos\/"},"modified":"2024-03-10T19:20:21","modified_gmt":"2024-03-10T18:20:21","slug":"cierny-konferencny-stolik-s-podnosom-ciano-40-x-40-cm","status":"publish","type":"product","link":"https:\/\/www.ikuchyne.sk\/eshop\/produkt\/cierny-konferencny-stolik-s-podnosom-ciano-40-x-40-cm\/","title":{"rendered":"\u010cierny konferen\u010dn\u00fd stol\u00edk s podnosom Ciano 40 x 40 cm \u00bb"},"content":{"rendered":"<h1>\u010cierny konferen\u010dn\u00fd stol\u00edk s podnosom Ciano 40 x 40 cm<\/h1>\n<div class=\"electro-description\">\n<p><b><strong>V\u0161eobecn\u00fd opis stol\u00edka:<br \/>\n<\/strong><\/b>Netradi\u010dn\u00fd \u010dierno-chr\u00f3movan\u00fd konferen\u010dn\u00fd stol\u00edk Ciano je z\u00e1stupcom modern\u00e9ho \u0161t\u00fdlu b\u00fdvania. Pre tento \u0161t\u00fdl je charakteristick\u00fd minimalizmus a \u010dist\u00e9 l\u00ednie. Povrch stol\u00edka je vyroben\u00fd z \u010dierneho plastu v tvare \u0161tvorca s ohrani\u010den\u00fdm a vyv\u00fd\u0161en\u00fdm okrajom, ktor\u00fd zabezpe\u010d\u00ed, \u017ee v\u00e1m ni\u010d zo stol\u00edka nesk\u013azne. T\u00e1to \u010das\u0165 je odn\u00edmate\u013en\u00e1 s v\u00fdrezmi na ruky. Vrchn\u00e1 \u010das\u0165 je preto pou\u017eite\u013en\u00e1 aj samostatne ako podnos. Podno\u017e konferen\u010dn\u00e9ho stol\u00edka tvor\u00ed pochr\u00f3movan\u00fd kovov\u00fd stojan. Stol\u00edk je jednoduch\u00fd na \u00fadr\u017ebu v\u010faka starostlivo vybran\u00fdm materi\u00e1lom a hladk\u00e9mu povrchu. Kombin\u00e1cia \u010diernej a striebornej skvelo zapadne do modern\u00e9ho interi\u00e9ru.<\/p>\n<p><strong>Povrch stol\u00edka:<br \/>\n<\/strong>Povrch konferen\u010dn\u00e9ho stol\u00edka\u00a0tvor\u00ed \u010dierny plast v tvare \u0161tvorca s vyv\u00fd\u0161en\u00fdm okrajom. Tento podnos je odn\u00edmate\u013en\u00fd.<\/p>\n<p><strong>Podno\u017e stol\u00edka:<br \/>\n<\/strong>Podno\u017e stol\u00edka pozost\u00e1va z pochr\u00f3movan\u00e9ho kovov\u00e9ho stojana s \u00fazkymi nohami.<\/p>\n<p><strong>\u010eal\u0161ie inform\u00e1cie:<br \/>\n<\/strong>V\u010faka hladk\u00e9mu povrchu je tento konferen\u010dn\u00fd stol\u00edk nen\u00e1ro\u010dn\u00fd na \u00fadr\u017ebu. Sta\u010d\u00ed ho pretrie\u0165 vlhkou handri\u010dkou namo\u010denou v jemnej mydlovej vode.<\/p>\n<p><b>Rozmery stol\u00edka<\/b>:<br \/>\n\u0160\u00edrka stol\u00edka: 40 cm<br \/>\nD\u013a\u017eka stol\u00edka: 40 cm<br \/>\nV\u00fd\u0161ka stol\u00edka: 60 cm<br \/>\n<strong>Rozmery odn\u00edmate\u013en\u00e9ho podnosu:<\/strong>\u00a040cm x 40cm (\u0160xH)<\/p>\n<p><b>Materi\u00e1l:\u00a0<\/b>plast, pochr\u00f3movan\u00fd\u00a0kov<\/p>\n<p><b>Farba:<\/b>\u00a0\u010dierna, chr\u00f3movan\u00e1<\/p>\n<\/div>\n","protected":false},"excerpt":{"rendered":"<p>\u010cierny konferen\u010dn\u00fd stol\u00edk s podnosom Ciano 40 x 40 cm V\u0161eobecn\u00fd opis stol\u00edka: Netradi\u010dn\u00fd \u010dierno-chr\u00f3movan\u00fd konferen\u010dn\u00fd stol\u00edk Ciano je z\u00e1stupcom modern\u00e9ho \u0161t\u00fdlu b\u00fdvania. Pre tento \u0161t\u00fdl je charakteristick\u00fd minimalizmus a<\/p>\n","protected":false},"featured_media":12687,"comment_status":"closed","ping_status":"closed","template":"","meta":[],"product_cat":[832,842,304,839,836],"product_tag":[256],"yoast_head":"<!-- This site is optimized with the Yoast SEO plugin v22.1 - https:\/\/yoast.com\/wordpress\/plugins\/seo\/ -->\n<title>\u010cierny konferen\u010dn\u00fd stol\u00edk s podnosom Ciano 40 x 40 cm \u00bb &#187; iKuchyne iSHOP s n\u00e1bytkom<\/title>\n<meta name=\"description\" content=\"K\u00fapte si u n\u00e1s \u010cierny konferen\u010dn\u00fd stol\u00edk s podnosom Ciano 40 x 40 cm \u00bb za akciov\u00fa cenu. R\u00fdchle dodanie tovaru, odborn\u00e9 poradenstvo a stovky produktov skladom. \u010cierny konferen\u010dn\u00fd stol\u00edk s podnosom Ciano 40 x 40 cm \u00bb sa stane dominantou V\u00e1\u0161ho interi\u00e9ru. Internetov\u00fd obchod ikuchyne! pon\u00faka odber \u010cierny konferen\u010dn\u00fd stol\u00edk s podnosom Ciano 40 x 40 cm \u00bb u\u017e od 1 kusu.\" \/>\n<meta name=\"robots\" content=\"index, follow, max-snippet:-1, max-image-preview:large, max-video-preview:-1\" \/>\n<link rel=\"canonical\" href=\"https:\/\/www.ikuchyne.sk\/eshop\/produkt\/cierny-konferencny-stolik-s-podnosom-ciano-40-x-40-cm\/\" \/>\n<meta property=\"og:locale\" content=\"sk_SK\" \/>\n<meta property=\"og:type\" content=\"article\" \/>\n<meta property=\"og:title\" content=\"\u010cierny konferen\u010dn\u00fd stol\u00edk s podnosom Ciano 40 x 40 cm \u00bb &#187; iKuchyne iSHOP s n\u00e1bytkom\" \/>\n<meta property=\"og:description\" content=\"K\u00fapte si u n\u00e1s \u010cierny konferen\u010dn\u00fd stol\u00edk s podnosom Ciano 40 x 40 cm \u00bb za akciov\u00fa cenu. R\u00fdchle dodanie tovaru, odborn\u00e9 poradenstvo a stovky produktov skladom. \u010cierny konferen\u010dn\u00fd stol\u00edk s podnosom Ciano 40 x 40 cm \u00bb sa stane dominantou V\u00e1\u0161ho interi\u00e9ru. Internetov\u00fd obchod ikuchyne! pon\u00faka odber \u010cierny konferen\u010dn\u00fd stol\u00edk s podnosom Ciano 40 x 40 cm \u00bb u\u017e od 1 kusu.\" \/>\n<meta property=\"og:url\" content=\"https:\/\/www.ikuchyne.sk\/eshop\/produkt\/cierny-konferencny-stolik-s-podnosom-ciano-40-x-40-cm\/\" \/>\n<meta property=\"og:site_name\" content=\"iKuchyne iSHOP s n\u00e1bytkom\" \/>\n<meta property=\"article:publisher\" content=\"https:\/\/www.facebook.com\/ikuchyne\/\" \/>\n<meta property=\"article:modified_time\" content=\"2024-03-10T18:20:21+00:00\" \/>\n<meta property=\"og:image\" content=\"https:\/\/www.ikuchyne.sk\/eshop\/wp-content\/uploads\/2017\/04\/cierny-konferencny-stolik-s-podnosom-ciano-40-x-40-cm-12686.jpg\" \/>\n\t<meta property=\"og:image:width\" content=\"533\" \/>\n\t<meta property=\"og:image:height\" content=\"800\" \/>\n\t<meta property=\"og:image:type\" content=\"image\/jpeg\" \/>\n<meta name=\"twitter:card\" content=\"summary_large_image\" \/>\n<meta name=\"twitter:label1\" content=\"Predpokladan\u00fd \u010das \u010d\u00edtania\" \/>\n\t<meta name=\"twitter:data1\" content=\"1 min\u00fata\" \/>\n<script type=\"application\/ld+json\" class=\"yoast-schema-graph\">{\"@context\":\"https:\/\/schema.org\",\"@graph\":[{\"@type\":\"WebPage\",\"@id\":\"https:\/\/www.ikuchyne.sk\/eshop\/produkt\/cierny-konferencny-stolik-s-podnosom-ciano-40-x-40-cm\/\",\"url\":\"https:\/\/www.ikuchyne.sk\/eshop\/produkt\/cierny-konferencny-stolik-s-podnosom-ciano-40-x-40-cm\/\",\"name\":\"\u010cierny konferen\u010dn\u00fd stol\u00edk s podnosom Ciano 40 x 40 cm \u00bb &#187; iKuchyne iSHOP s n\u00e1bytkom\",\"isPartOf\":{\"@id\":\"https:\/\/www.ikuchyne.sk\/eshop\/#website\"},\"datePublished\":\"2017-04-26T06:23:39+00:00\",\"dateModified\":\"2024-03-10T18:20:21+00:00\",\"description\":\"K\u00fapte si u n\u00e1s \u010cierny konferen\u010dn\u00fd stol\u00edk s podnosom Ciano 40 x 40 cm \u00bb za akciov\u00fa cenu. R\u00fdchle dodanie tovaru, odborn\u00e9 poradenstvo a stovky produktov skladom. \u010cierny konferen\u010dn\u00fd stol\u00edk s podnosom Ciano 40 x 40 cm \u00bb sa stane dominantou V\u00e1\u0161ho interi\u00e9ru. Internetov\u00fd obchod ikuchyne! pon\u00faka odber \u010cierny konferen\u010dn\u00fd stol\u00edk s podnosom Ciano 40 x 40 cm \u00bb u\u017e od 1 kusu.\",\"breadcrumb\":{\"@id\":\"https:\/\/www.ikuchyne.sk\/eshop\/produkt\/cierny-konferencny-stolik-s-podnosom-ciano-40-x-40-cm\/#breadcrumb\"},\"inLanguage\":\"sk-SK\",\"potentialAction\":[{\"@type\":\"ReadAction\",\"target\":[\"https:\/\/www.ikuchyne.sk\/eshop\/produkt\/cierny-konferencny-stolik-s-podnosom-ciano-40-x-40-cm\/\"]}]},{\"@type\":\"BreadcrumbList\",\"@id\":\"https:\/\/www.ikuchyne.sk\/eshop\/produkt\/cierny-konferencny-stolik-s-podnosom-ciano-40-x-40-cm\/#breadcrumb\",\"itemListElement\":[{\"@type\":\"ListItem\",\"position\":1,\"name\":\"Home\",\"item\":\"https:\/\/www.ikuchyne.sk\/eshop\/\"},{\"@type\":\"ListItem\",\"position\":2,\"name\":\"Obchod\",\"item\":\"https:\/\/www.ikuchyne.sk\/eshop\/obchod\/\"},{\"@type\":\"ListItem\",\"position\":3,\"name\":\"\u010cierny konferen\u010dn\u00fd stol\u00edk s podnosom Ciano 40 x 40 cm \u00bb\"}]},{\"@type\":\"WebSite\",\"@id\":\"https:\/\/www.ikuchyne.sk\/eshop\/#website\",\"url\":\"https:\/\/www.ikuchyne.sk\/eshop\/\",\"name\":\"iKuchyne iSHOP s n\u00e1bytkom\",\"description\":\"Jed\u00e1lensk\u00e9 stoly, stoli\u010dky, n\u00e1bytok, svietidl\u00e1...\",\"publisher\":{\"@id\":\"https:\/\/www.ikuchyne.sk\/eshop\/#organization\"},\"potentialAction\":[{\"@type\":\"SearchAction\",\"target\":{\"@type\":\"EntryPoint\",\"urlTemplate\":\"https:\/\/www.ikuchyne.sk\/eshop\/?s={search_term_string}\"},\"query-input\":\"required name=search_term_string\"}],\"inLanguage\":\"sk-SK\"},{\"@type\":\"Organization\",\"@id\":\"https:\/\/www.ikuchyne.sk\/eshop\/#organization\",\"name\":\"ikuchyne!\",\"url\":\"https:\/\/www.ikuchyne.sk\/eshop\/\",\"logo\":{\"@type\":\"ImageObject\",\"inLanguage\":\"sk-SK\",\"@id\":\"https:\/\/www.ikuchyne.sk\/eshop\/#\/schema\/logo\/image\/\",\"url\":\"https:\/\/www.ikuchyne.sk\/eshop\/wp-content\/uploads\/2017\/04\/ikuchyne-logo.jpg\",\"contentUrl\":\"https:\/\/www.ikuchyne.sk\/eshop\/wp-content\/uploads\/2017\/04\/ikuchyne-logo.jpg\",\"width\":200,\"height\":48,\"caption\":\"ikuchyne!\"},\"image\":{\"@id\":\"https:\/\/www.ikuchyne.sk\/eshop\/#\/schema\/logo\/image\/\"},\"sameAs\":[\"https:\/\/www.facebook.com\/ikuchyne\/\",\"https:\/\/www.instagram.com\/ikuchyne.sk\/\",\"https:\/\/sk.pinterest.com\/ikuchynesk\/\"]}]}<\/script>\n<!-- \/ Yoast SEO plugin. -->","yoast_head_json":{"title":"\u010cierny konferen\u010dn\u00fd stol\u00edk s podnosom Ciano 40 x 40 cm \u00bb &#187; iKuchyne iSHOP s n\u00e1bytkom","description":"K\u00fapte si u n\u00e1s \u010cierny konferen\u010dn\u00fd stol\u00edk s podnosom Ciano 40 x 40 cm \u00bb za akciov\u00fa cenu. R\u00fdchle dodanie tovaru, odborn\u00e9 poradenstvo a stovky produktov skladom. \u010cierny konferen\u010dn\u00fd stol\u00edk s podnosom Ciano 40 x 40 cm \u00bb sa stane dominantou V\u00e1\u0161ho interi\u00e9ru. Internetov\u00fd obchod ikuchyne! pon\u00faka odber \u010cierny konferen\u010dn\u00fd stol\u00edk s podnosom Ciano 40 x 40 cm \u00bb u\u017e od 1 kusu.","robots":{"index":"index","follow":"follow","max-snippet":"max-snippet:-1","max-image-preview":"max-image-preview:large","max-video-preview":"max-video-preview:-1"},"canonical":"https:\/\/www.ikuchyne.sk\/eshop\/produkt\/cierny-konferencny-stolik-s-podnosom-ciano-40-x-40-cm\/","og_locale":"sk_SK","og_type":"article","og_title":"\u010cierny konferen\u010dn\u00fd stol\u00edk s podnosom Ciano 40 x 40 cm \u00bb &#187; iKuchyne iSHOP s n\u00e1bytkom","og_description":"K\u00fapte si u n\u00e1s \u010cierny konferen\u010dn\u00fd stol\u00edk s podnosom Ciano 40 x 40 cm \u00bb za akciov\u00fa cenu. R\u00fdchle dodanie tovaru, odborn\u00e9 poradenstvo a stovky produktov skladom. \u010cierny konferen\u010dn\u00fd stol\u00edk s podnosom Ciano 40 x 40 cm \u00bb sa stane dominantou V\u00e1\u0161ho interi\u00e9ru. Internetov\u00fd obchod ikuchyne! pon\u00faka odber \u010cierny konferen\u010dn\u00fd stol\u00edk s podnosom Ciano 40 x 40 cm \u00bb u\u017e od 1 kusu.","og_url":"https:\/\/www.ikuchyne.sk\/eshop\/produkt\/cierny-konferencny-stolik-s-podnosom-ciano-40-x-40-cm\/","og_site_name":"iKuchyne iSHOP s n\u00e1bytkom","article_publisher":"https:\/\/www.facebook.com\/ikuchyne\/","article_modified_time":"2024-03-10T18:20:21+00:00","og_image":[{"width":533,"height":800,"url":"https:\/\/www.ikuchyne.sk\/eshop\/wp-content\/uploads\/2017\/04\/cierny-konferencny-stolik-s-podnosom-ciano-40-x-40-cm-12686.jpg","type":"image\/jpeg"}],"twitter_card":"summary_large_image","twitter_misc":{"Predpokladan\u00fd \u010das \u010d\u00edtania":"1 min\u00fata"},"schema":{"@context":"https:\/\/schema.org","@graph":[{"@type":"WebPage","@id":"https:\/\/www.ikuchyne.sk\/eshop\/produkt\/cierny-konferencny-stolik-s-podnosom-ciano-40-x-40-cm\/","url":"https:\/\/www.ikuchyne.sk\/eshop\/produkt\/cierny-konferencny-stolik-s-podnosom-ciano-40-x-40-cm\/","name":"\u010cierny konferen\u010dn\u00fd stol\u00edk s podnosom Ciano 40 x 40 cm \u00bb &#187; iKuchyne iSHOP s n\u00e1bytkom","isPartOf":{"@id":"https:\/\/www.ikuchyne.sk\/eshop\/#website"},"datePublished":"2017-04-26T06:23:39+00:00","dateModified":"2024-03-10T18:20:21+00:00","description":"K\u00fapte si u n\u00e1s \u010cierny konferen\u010dn\u00fd stol\u00edk s podnosom Ciano 40 x 40 cm \u00bb za akciov\u00fa cenu. R\u00fdchle dodanie tovaru, odborn\u00e9 poradenstvo a stovky produktov skladom. \u010cierny konferen\u010dn\u00fd stol\u00edk s podnosom Ciano 40 x 40 cm \u00bb sa stane dominantou V\u00e1\u0161ho interi\u00e9ru. Internetov\u00fd obchod ikuchyne! pon\u00faka odber \u010cierny konferen\u010dn\u00fd stol\u00edk s podnosom Ciano 40 x 40 cm \u00bb u\u017e od 1 kusu.","breadcrumb":{"@id":"https:\/\/www.ikuchyne.sk\/eshop\/produkt\/cierny-konferencny-stolik-s-podnosom-ciano-40-x-40-cm\/#breadcrumb"},"inLanguage":"sk-SK","potentialAction":[{"@type":"ReadAction","target":["https:\/\/www.ikuchyne.sk\/eshop\/produkt\/cierny-konferencny-stolik-s-podnosom-ciano-40-x-40-cm\/"]}]},{"@type":"BreadcrumbList","@id":"https:\/\/www.ikuchyne.sk\/eshop\/produkt\/cierny-konferencny-stolik-s-podnosom-ciano-40-x-40-cm\/#breadcrumb","itemListElement":[{"@type":"ListItem","position":1,"name":"Home","item":"https:\/\/www.ikuchyne.sk\/eshop\/"},{"@type":"ListItem","position":2,"name":"Obchod","item":"https:\/\/www.ikuchyne.sk\/eshop\/obchod\/"},{"@type":"ListItem","position":3,"name":"\u010cierny konferen\u010dn\u00fd stol\u00edk s podnosom Ciano 40 x 40 cm \u00bb"}]},{"@type":"WebSite","@id":"https:\/\/www.ikuchyne.sk\/eshop\/#website","url":"https:\/\/www.ikuchyne.sk\/eshop\/","name":"iKuchyne iSHOP s n\u00e1bytkom","description":"Jed\u00e1lensk\u00e9 stoly, stoli\u010dky, n\u00e1bytok, svietidl\u00e1...","publisher":{"@id":"https:\/\/www.ikuchyne.sk\/eshop\/#organization"},"potentialAction":[{"@type":"SearchAction","target":{"@type":"EntryPoint","urlTemplate":"https:\/\/www.ikuchyne.sk\/eshop\/?s={search_term_string}"},"query-input":"required name=search_term_string"}],"inLanguage":"sk-SK"},{"@type":"Organization","@id":"https:\/\/www.ikuchyne.sk\/eshop\/#organization","name":"ikuchyne!","url":"https:\/\/www.ikuchyne.sk\/eshop\/","logo":{"@type":"ImageObject","inLanguage":"sk-SK","@id":"https:\/\/www.ikuchyne.sk\/eshop\/#\/schema\/logo\/image\/","url":"https:\/\/www.ikuchyne.sk\/eshop\/wp-content\/uploads\/2017\/04\/ikuchyne-logo.jpg","contentUrl":"https:\/\/www.ikuchyne.sk\/eshop\/wp-content\/uploads\/2017\/04\/ikuchyne-logo.jpg","width":200,"height":48,"caption":"ikuchyne!"},"image":{"@id":"https:\/\/www.ikuchyne.sk\/eshop\/#\/schema\/logo\/image\/"},"sameAs":["https:\/\/www.facebook.com\/ikuchyne\/","https:\/\/www.instagram.com\/ikuchyne.sk\/","https:\/\/sk.pinterest.com\/ikuchynesk\/"]}]}},"_links":{"self":[{"href":"https:\/\/www.ikuchyne.sk\/eshop\/wp-json\/wp\/v2\/product\/12686"}],"collection":[{"href":"https:\/\/www.ikuchyne.sk\/eshop\/wp-json\/wp\/v2\/product"}],"about":[{"href":"https:\/\/www.ikuchyne.sk\/eshop\/wp-json\/wp\/v2\/types\/product"}],"replies":[{"embeddable":true,"href":"https:\/\/www.ikuchyne.sk\/eshop\/wp-json\/wp\/v2\/comments?post=12686"}],"wp:featuredmedia":[{"embeddable":true,"href":"https:\/\/www.ikuchyne.sk\/eshop\/wp-json\/wp\/v2\/media\/12687"}],"wp:attachment":[{"href":"https:\/\/www.ikuchyne.sk\/eshop\/wp-json\/wp\/v2\/media?parent=12686"}],"wp:term":[{"taxonomy":"product_cat","embeddable":true,"href":"https:\/\/www.ikuchyne.sk\/eshop\/wp-json\/wp\/v2\/product_cat?post=12686"},{"taxonomy":"product_tag","embeddable":true,"href":"https:\/\/www.ikuchyne.sk\/eshop\/wp-json\/wp\/v2\/product_tag?post=12686"}],"curies":[{"name":"wp","href":"https:\/\/api.w.org\/{rel}","templated":true}]}}