{"id":127108,"date":"2020-04-28T13:26:08","date_gmt":"2020-04-28T11:26:08","guid":{"rendered":"https:\/\/www.ikuchyne.sk\/eshop\/?post_type=product&#038;p=127108"},"modified":"2021-05-29T06:29:59","modified_gmt":"2021-05-29T04:29:59","slug":"stolicka-divani-retro-tmavosiva","status":"publish","type":"product","link":"https:\/\/www.ikuchyne.sk\/eshop\/produkt\/stolicka-divani-retro-tmavosiva\/","title":{"rendered":"Stoli\u010dka Divani Retro tmavosiv\u00e1 \u00bb"},"content":{"rendered":"<h1>Stoli\u010dka Divani Retro tmavosiv\u00e1 \u00bb<\/h1>\n<h4><strong>V\u0161eobecn\u00fd popis:<\/strong><\/h4>\n<p>Elegantn\u00e1 stoli\u010dka Divani Retro tmavosiv\u00e1 v trendy retro \u0161t\u00fdle. S kvalitn\u00fdm po\u0165ahom z odoln\u00e9ho mikrovl\u00e1kna a syntetickej ko\u017ee. Dizajn opticky skr\u00e1\u0161\u013euje ozdobn\u00e9 pre\u0161\u00edvanie. Urobte si pohodlie na svojej novej ob\u013e\u00fabenej stoli\u010dke!<\/p>\n<p>Jed\u00e1lensk\u00e1 \u010di kancel\u00e1rska stoli\u010dka pre ka\u017ed\u00fa pr\u00edle\u017eitos\u0165. \u010ci u\u017e pri jed\u00e1lenskom stole alebo v dom\u00e1cej kancel\u00e1rii: pohodln\u00e1 \u0161krupinov\u00e1 stoli\u010dka DIVANI je tou spr\u00e1vnou vo\u013ebou pre ka\u017ed\u00fd \u00fa\u010del. Pohodlne \u010dal\u00fanen\u00e1 sedacia \u010das\u0165 je pokryt\u00e1 kvalitn\u00fdm a odoln\u00fdm po\u0165ahom z mikrovl\u00e1kna v nad\u010dasovej tmavosivej farbe, zatia\u013e \u010do zadn\u00e1 strana je opatren\u00e1 modernou syntetickou ko\u017eou. Nazna\u010den\u00e9 ozdobn\u00e9 pre\u0161\u00edvanie prech\u00e1dza cel\u00fdm operadlom a sedadlom a dod\u00e1va stoli\u010dke u\u0161\u013eachtil\u00fd charakter. \u010cierne kovov\u00e9 nohy, naopak, zais\u0165uj\u00fa \u0161t\u00fdlov\u00fd retro vzh\u013ead stoli\u010dky a s\u013eubuj\u00fa pevn\u00e9 st\u00e1tie na akomko\u013evek povrchu.<\/p>\n<p>Urobte si na svojej novej stoli\u010dke pohodlie! Chyst\u00e1te ve\u013ek\u00fa rodinn\u00fa ve\u010deru? Ka\u017ed\u00fd m\u00e1 r\u00e1d pohodlie pri dlh\u00fdch ve\u010deroch za stolom. Ale retro stoli\u010dka tie\u017e pon\u00faka mo\u017enos\u0165 vyu\u017eitia ako mimoriadna kancel\u00e1rska stoli\u010dka pri p\u00edsacom stole. V\u010faka svojmu jednoduch\u00e9mu a nad\u010dasov\u00e9mu dizajnu m\u00f4\u017eete stoli\u010dku skombinova\u0165 \u00fa\u017easne v\u0161estranne &#8211; jednoducho si ju vysk\u00fa\u0161ajte!<\/p>\n<h4>Dopl\u0148uj\u00face inform\u00e1cie:<\/h4>\n<p>Po\u0165ah tejto jed\u00e1lenskej stoli\u010dky je vyroben\u00fd z odoln\u00e9ho mikrovl\u00e1kna &#8211; to popisuje materi\u00e1l s obzvl\u00e1\u0161\u0165 tenk\u00fdmi vl\u00e1knami. Tkaniny z mikrovl\u00e1kien s\u00fa ve\u013emi jemn\u00e9 a mimoriadne tvarovo st\u00e1le. Po\u0165ah r\u00fdchlo schne, ve\u013emi dobre sa \u010d\u00edst\u00ed a pri spr\u00e1vnom zaobch\u00e1dzan\u00ed v\u00e1m vydr\u017e\u00ed naozaj dlho! Vhodn\u00e9 bytov\u00e9 doplnky pre kombinovanie interi\u00e9ru s touto jed\u00e1lenskou stoli\u010dkou n\u00e1jdete na na\u0161om e-shope v sekcii Bytov\u00e9 doplnky. Kontaktujte n\u00e1s a my v\u00e1m radi pom\u00f4\u017eeme s v\u00fdberom vhodn\u00fdch dekor\u00e1ci\u00ed a n\u00e1bytku do va\u0161ej dom\u00e1cnosti.<\/p>\n<p><b>Rozmery<\/b> (cca): 57cm x 86cm x 61cm (\u0160xVxH)<br \/>\nsedenie: 45cm x 48cm x 42cm (\u0160xVxH)<br \/>\nv\u00fd\u0161ka operedla: 41cm<br \/>\n<b>Farba:<\/b> bled\u00e1\u00a0 siv\u00e1<br \/>\n<b>Materi\u00e1l:<\/b>\u00a0 sedenie &#8211; mikrovl\u00e1kno , spodok stoli\u010dky &#8211; umel\u00e1 ko\u017ea<\/p>\n<p><strong>T\u00fato jed\u00e1lensk\u00fa stoli\u010dku m\u00f4\u017eete n\u00e1js\u0165 aj v in\u00fdch farebn\u00fdch prevedeniach:<\/strong><\/p>\n<ul>\n<li>svetlo\u0161ed\u00e1<\/li>\n<\/ul>\n<p>Dodato\u010dn\u00e9 inform\u00e1cie:<\/p>\n<p>V pr\u00edpade z\u00e1ujmu o in\u00e9 stoli\u010dky &#8211; jed\u00e1lensk\u00e9, barov\u00e9, kancel\u00e1rske, nav\u0161t\u00edvte sekciu stoli\u010dky na <a href=\"https:\/\/www.ikuchyne.sk\/eshop\/kategoria\/stolicky\/\">www.ikuchyne.sk\/eshop<\/a><br \/>\nV pr\u00edpade z\u00e1ujmu o n\u00e1bytok na mieru n\u00e1s kontaktuje na <a href=\"http:\/\/www.ikuchyne.sk\">www.ikuchyne.sk<\/a><\/p>\n","protected":false},"excerpt":{"rendered":"<p>Stoli\u010dka Divani Retro tmavosiv\u00e1 \u00bb V\u0161eobecn\u00fd popis: Elegantn\u00e1 stoli\u010dka Divani Retro tmavosiv\u00e1 v trendy retro \u0161t\u00fdle. S kvalitn\u00fdm po\u0165ahom z odoln\u00e9ho mikrovl\u00e1kna a syntetickej ko\u017ee. Dizajn opticky skr\u00e1\u0161\u013euje ozdobn\u00e9 pre\u0161\u00edvanie.<\/p>\n","protected":false},"featured_media":127109,"comment_status":"closed","ping_status":"closed","template":"","meta":[],"product_cat":[310,823,820,830,772,288],"product_tag":[941],"yoast_head":"<!-- This site is optimized with the Yoast SEO plugin v22.1 - https:\/\/yoast.com\/wordpress\/plugins\/seo\/ -->\n<title>Stoli\u010dka Divani Retro tmavosiv\u00e1 \u00bb &#187; iKuchyne iSHOP s n\u00e1bytkom<\/title>\n<meta name=\"description\" content=\"Stoli\u010dka Divani Retro tmavosiv\u00e1 \u00bb - r\u00fdchle dodanie, poradenstvo, n\u00e1bytok skladom v Bratislave s ikuchyne.sk - kuchyne na mieru.\" \/>\n<meta name=\"robots\" content=\"index, follow, max-snippet:-1, max-image-preview:large, max-video-preview:-1\" \/>\n<link rel=\"canonical\" href=\"https:\/\/www.ikuchyne.sk\/eshop\/produkt\/stolicka-divani-retro-tmavosiva\/\" \/>\n<meta property=\"og:locale\" content=\"sk_SK\" \/>\n<meta property=\"og:type\" content=\"article\" \/>\n<meta property=\"og:title\" content=\"Stoli\u010dka Divani Retro tmavosiv\u00e1 \u00bb &#187; iKuchyne iSHOP s n\u00e1bytkom\" \/>\n<meta property=\"og:description\" content=\"Stoli\u010dka Divani Retro tmavosiv\u00e1 \u00bb - r\u00fdchle dodanie, poradenstvo, n\u00e1bytok skladom v Bratislave s ikuchyne.sk - kuchyne na mieru.\" \/>\n<meta property=\"og:url\" content=\"https:\/\/www.ikuchyne.sk\/eshop\/produkt\/stolicka-divani-retro-tmavosiva\/\" \/>\n<meta property=\"og:site_name\" content=\"iKuchyne iSHOP s n\u00e1bytkom\" \/>\n<meta property=\"article:publisher\" content=\"https:\/\/www.facebook.com\/ikuchyne\/\" \/>\n<meta property=\"article:modified_time\" content=\"2021-05-29T04:29:59+00:00\" \/>\n<meta property=\"og:image\" content=\"https:\/\/www.ikuchyne.sk\/eshop\/wp-content\/uploads\/2020\/04\/Stoli\u010dka-Divani-dunkelsiv\u00e1-\u010dierna-Retro-40018.jpg\" \/>\n\t<meta property=\"og:image:width\" content=\"800\" \/>\n\t<meta property=\"og:image:height\" content=\"533\" \/>\n\t<meta property=\"og:image:type\" content=\"image\/jpeg\" \/>\n<meta name=\"twitter:card\" content=\"summary_large_image\" \/>\n<meta name=\"twitter:label1\" content=\"Predpokladan\u00fd \u010das \u010d\u00edtania\" \/>\n\t<meta name=\"twitter:data1\" content=\"2 min\u00faty\" \/>\n<script type=\"application\/ld+json\" class=\"yoast-schema-graph\">{\"@context\":\"https:\/\/schema.org\",\"@graph\":[{\"@type\":\"WebPage\",\"@id\":\"https:\/\/www.ikuchyne.sk\/eshop\/produkt\/stolicka-divani-retro-tmavosiva\/\",\"url\":\"https:\/\/www.ikuchyne.sk\/eshop\/produkt\/stolicka-divani-retro-tmavosiva\/\",\"name\":\"Stoli\u010dka Divani Retro tmavosiv\u00e1 \u00bb &#187; iKuchyne iSHOP s n\u00e1bytkom\",\"isPartOf\":{\"@id\":\"https:\/\/www.ikuchyne.sk\/eshop\/#website\"},\"datePublished\":\"2020-04-28T11:26:08+00:00\",\"dateModified\":\"2021-05-29T04:29:59+00:00\",\"description\":\"Stoli\u010dka Divani Retro tmavosiv\u00e1 \u00bb - r\u00fdchle dodanie, poradenstvo, n\u00e1bytok skladom v Bratislave s ikuchyne.sk - kuchyne na mieru.\",\"breadcrumb\":{\"@id\":\"https:\/\/www.ikuchyne.sk\/eshop\/produkt\/stolicka-divani-retro-tmavosiva\/#breadcrumb\"},\"inLanguage\":\"sk-SK\",\"potentialAction\":[{\"@type\":\"ReadAction\",\"target\":[\"https:\/\/www.ikuchyne.sk\/eshop\/produkt\/stolicka-divani-retro-tmavosiva\/\"]}]},{\"@type\":\"BreadcrumbList\",\"@id\":\"https:\/\/www.ikuchyne.sk\/eshop\/produkt\/stolicka-divani-retro-tmavosiva\/#breadcrumb\",\"itemListElement\":[{\"@type\":\"ListItem\",\"position\":1,\"name\":\"Home\",\"item\":\"https:\/\/www.ikuchyne.sk\/eshop\/\"},{\"@type\":\"ListItem\",\"position\":2,\"name\":\"Obchod\",\"item\":\"https:\/\/www.ikuchyne.sk\/eshop\/obchod\/\"},{\"@type\":\"ListItem\",\"position\":3,\"name\":\"Stoli\u010dka Divani Retro tmavosiv\u00e1 \u00bb\"}]},{\"@type\":\"WebSite\",\"@id\":\"https:\/\/www.ikuchyne.sk\/eshop\/#website\",\"url\":\"https:\/\/www.ikuchyne.sk\/eshop\/\",\"name\":\"iKuchyne iSHOP s n\u00e1bytkom\",\"description\":\"Jed\u00e1lensk\u00e9 stoly, stoli\u010dky, n\u00e1bytok, svietidl\u00e1...\",\"publisher\":{\"@id\":\"https:\/\/www.ikuchyne.sk\/eshop\/#organization\"},\"potentialAction\":[{\"@type\":\"SearchAction\",\"target\":{\"@type\":\"EntryPoint\",\"urlTemplate\":\"https:\/\/www.ikuchyne.sk\/eshop\/?s={search_term_string}\"},\"query-input\":\"required name=search_term_string\"}],\"inLanguage\":\"sk-SK\"},{\"@type\":\"Organization\",\"@id\":\"https:\/\/www.ikuchyne.sk\/eshop\/#organization\",\"name\":\"ikuchyne!\",\"url\":\"https:\/\/www.ikuchyne.sk\/eshop\/\",\"logo\":{\"@type\":\"ImageObject\",\"inLanguage\":\"sk-SK\",\"@id\":\"https:\/\/www.ikuchyne.sk\/eshop\/#\/schema\/logo\/image\/\",\"url\":\"https:\/\/www.ikuchyne.sk\/eshop\/wp-content\/uploads\/2017\/04\/ikuchyne-logo.jpg\",\"contentUrl\":\"https:\/\/www.ikuchyne.sk\/eshop\/wp-content\/uploads\/2017\/04\/ikuchyne-logo.jpg\",\"width\":200,\"height\":48,\"caption\":\"ikuchyne!\"},\"image\":{\"@id\":\"https:\/\/www.ikuchyne.sk\/eshop\/#\/schema\/logo\/image\/\"},\"sameAs\":[\"https:\/\/www.facebook.com\/ikuchyne\/\",\"https:\/\/www.instagram.com\/ikuchyne.sk\/\",\"https:\/\/sk.pinterest.com\/ikuchynesk\/\"]}]}<\/script>\n<!-- \/ Yoast SEO plugin. -->","yoast_head_json":{"title":"Stoli\u010dka Divani Retro tmavosiv\u00e1 \u00bb &#187; iKuchyne iSHOP s n\u00e1bytkom","description":"Stoli\u010dka Divani Retro tmavosiv\u00e1 \u00bb - r\u00fdchle dodanie, poradenstvo, n\u00e1bytok skladom v Bratislave s ikuchyne.sk - kuchyne na mieru.","robots":{"index":"index","follow":"follow","max-snippet":"max-snippet:-1","max-image-preview":"max-image-preview:large","max-video-preview":"max-video-preview:-1"},"canonical":"https:\/\/www.ikuchyne.sk\/eshop\/produkt\/stolicka-divani-retro-tmavosiva\/","og_locale":"sk_SK","og_type":"article","og_title":"Stoli\u010dka Divani Retro tmavosiv\u00e1 \u00bb &#187; iKuchyne iSHOP s n\u00e1bytkom","og_description":"Stoli\u010dka Divani Retro tmavosiv\u00e1 \u00bb - r\u00fdchle dodanie, poradenstvo, n\u00e1bytok skladom v Bratislave s ikuchyne.sk - kuchyne na mieru.","og_url":"https:\/\/www.ikuchyne.sk\/eshop\/produkt\/stolicka-divani-retro-tmavosiva\/","og_site_name":"iKuchyne iSHOP s n\u00e1bytkom","article_publisher":"https:\/\/www.facebook.com\/ikuchyne\/","article_modified_time":"2021-05-29T04:29:59+00:00","og_image":[{"width":800,"height":533,"url":"https:\/\/www.ikuchyne.sk\/eshop\/wp-content\/uploads\/2020\/04\/Stoli\u010dka-Divani-dunkelsiv\u00e1-\u010dierna-Retro-40018.jpg","type":"image\/jpeg"}],"twitter_card":"summary_large_image","twitter_misc":{"Predpokladan\u00fd \u010das \u010d\u00edtania":"2 min\u00faty"},"schema":{"@context":"https:\/\/schema.org","@graph":[{"@type":"WebPage","@id":"https:\/\/www.ikuchyne.sk\/eshop\/produkt\/stolicka-divani-retro-tmavosiva\/","url":"https:\/\/www.ikuchyne.sk\/eshop\/produkt\/stolicka-divani-retro-tmavosiva\/","name":"Stoli\u010dka Divani Retro tmavosiv\u00e1 \u00bb &#187; iKuchyne iSHOP s n\u00e1bytkom","isPartOf":{"@id":"https:\/\/www.ikuchyne.sk\/eshop\/#website"},"datePublished":"2020-04-28T11:26:08+00:00","dateModified":"2021-05-29T04:29:59+00:00","description":"Stoli\u010dka Divani Retro tmavosiv\u00e1 \u00bb - r\u00fdchle dodanie, poradenstvo, n\u00e1bytok skladom v Bratislave s ikuchyne.sk - kuchyne na mieru.","breadcrumb":{"@id":"https:\/\/www.ikuchyne.sk\/eshop\/produkt\/stolicka-divani-retro-tmavosiva\/#breadcrumb"},"inLanguage":"sk-SK","potentialAction":[{"@type":"ReadAction","target":["https:\/\/www.ikuchyne.sk\/eshop\/produkt\/stolicka-divani-retro-tmavosiva\/"]}]},{"@type":"BreadcrumbList","@id":"https:\/\/www.ikuchyne.sk\/eshop\/produkt\/stolicka-divani-retro-tmavosiva\/#breadcrumb","itemListElement":[{"@type":"ListItem","position":1,"name":"Home","item":"https:\/\/www.ikuchyne.sk\/eshop\/"},{"@type":"ListItem","position":2,"name":"Obchod","item":"https:\/\/www.ikuchyne.sk\/eshop\/obchod\/"},{"@type":"ListItem","position":3,"name":"Stoli\u010dka Divani Retro tmavosiv\u00e1 \u00bb"}]},{"@type":"WebSite","@id":"https:\/\/www.ikuchyne.sk\/eshop\/#website","url":"https:\/\/www.ikuchyne.sk\/eshop\/","name":"iKuchyne iSHOP s n\u00e1bytkom","description":"Jed\u00e1lensk\u00e9 stoly, stoli\u010dky, n\u00e1bytok, svietidl\u00e1...","publisher":{"@id":"https:\/\/www.ikuchyne.sk\/eshop\/#organization"},"potentialAction":[{"@type":"SearchAction","target":{"@type":"EntryPoint","urlTemplate":"https:\/\/www.ikuchyne.sk\/eshop\/?s={search_term_string}"},"query-input":"required name=search_term_string"}],"inLanguage":"sk-SK"},{"@type":"Organization","@id":"https:\/\/www.ikuchyne.sk\/eshop\/#organization","name":"ikuchyne!","url":"https:\/\/www.ikuchyne.sk\/eshop\/","logo":{"@type":"ImageObject","inLanguage":"sk-SK","@id":"https:\/\/www.ikuchyne.sk\/eshop\/#\/schema\/logo\/image\/","url":"https:\/\/www.ikuchyne.sk\/eshop\/wp-content\/uploads\/2017\/04\/ikuchyne-logo.jpg","contentUrl":"https:\/\/www.ikuchyne.sk\/eshop\/wp-content\/uploads\/2017\/04\/ikuchyne-logo.jpg","width":200,"height":48,"caption":"ikuchyne!"},"image":{"@id":"https:\/\/www.ikuchyne.sk\/eshop\/#\/schema\/logo\/image\/"},"sameAs":["https:\/\/www.facebook.com\/ikuchyne\/","https:\/\/www.instagram.com\/ikuchyne.sk\/","https:\/\/sk.pinterest.com\/ikuchynesk\/"]}]}},"_links":{"self":[{"href":"https:\/\/www.ikuchyne.sk\/eshop\/wp-json\/wp\/v2\/product\/127108"}],"collection":[{"href":"https:\/\/www.ikuchyne.sk\/eshop\/wp-json\/wp\/v2\/product"}],"about":[{"href":"https:\/\/www.ikuchyne.sk\/eshop\/wp-json\/wp\/v2\/types\/product"}],"replies":[{"embeddable":true,"href":"https:\/\/www.ikuchyne.sk\/eshop\/wp-json\/wp\/v2\/comments?post=127108"}],"wp:featuredmedia":[{"embeddable":true,"href":"https:\/\/www.ikuchyne.sk\/eshop\/wp-json\/wp\/v2\/media\/127109"}],"wp:attachment":[{"href":"https:\/\/www.ikuchyne.sk\/eshop\/wp-json\/wp\/v2\/media?parent=127108"}],"wp:term":[{"taxonomy":"product_cat","embeddable":true,"href":"https:\/\/www.ikuchyne.sk\/eshop\/wp-json\/wp\/v2\/product_cat?post=127108"},{"taxonomy":"product_tag","embeddable":true,"href":"https:\/\/www.ikuchyne.sk\/eshop\/wp-json\/wp\/v2\/product_tag?post=127108"}],"curies":[{"name":"wp","href":"https:\/\/api.w.org\/{rel}","templated":true}]}}