{"id":127781,"date":"2020-05-06T22:39:24","date_gmt":"2020-05-06T20:39:24","guid":{"rendered":"https:\/\/www.ikuchyne.sk\/eshop\/?post_type=product&#038;p=127781"},"modified":"2020-05-07T07:39:36","modified_gmt":"2020-05-07T05:39:36","slug":"barovy-stol-castle-120cm-divy-dub","status":"publish","type":"product","link":"https:\/\/www.ikuchyne.sk\/eshop\/produkt\/barovy-stol-castle-120cm-divy-dub\/","title":{"rendered":"Barov\u00fd st\u00f4l Castle 120cm div\u00fd dub"},"content":{"rendered":"<p>Ve\u013ekos\u0165 (pribli\u017ene):<br \/>\n120 cm x 105 cm x 70 cm (\u0161 xvxh)<br \/>\nHr\u00fabka stola: 20 mm<br \/>\nNohy stola: 5 cm x 5 cm (\u0161 xv)<br \/>\nFarba: pr\u00edrodn\u00e1<br \/>\nMateri\u00e1l: mas\u00edvne drevo, divok\u00fd dub, olejovan\u00fd<br \/>\nKovov\u00fd r\u00e1m<br \/>\nPraskliny, medzery a \u010fal\u0161ie znaky, ktor\u00e9 vyplynuli z procesu su\u0161enia pr\u00edrodn\u00e9ho dreva, s\u00fa z\u00e1mern\u00e9 kon\u0161truk\u010dn\u00e9 prvky. Preto\u017ee je to ru\u010dne vyroben\u00fd a pr\u00edrodn\u00fd produkt,<br \/>\nm\u00f4\u017eu existova\u0165 farebn\u00e9 a rozmerov\u00e9 odch\u00fdlky, ako aj nerovnosti.<\/p>\n","protected":false},"excerpt":{"rendered":"<p>Ve\u013ekos\u0165 (pribli\u017ene): 120 cm x 105 cm x 70 cm (\u0161 xvxh) Hr\u00fabka stola: 20 mm Nohy stola: 5 cm x 5 cm (\u0161 xv) Farba: pr\u00edrodn\u00e1 Materi\u00e1l: mas\u00edvne drevo,<\/p>\n","protected":false},"featured_media":127782,"comment_status":"closed","ping_status":"closed","template":"","meta":[],"product_cat":[772,287,591,298,855,847,846,849],"product_tag":[198],"yoast_head":"<!-- This site is optimized with the Yoast SEO plugin v22.1 - https:\/\/yoast.com\/wordpress\/plugins\/seo\/ -->\n<title>Barov\u00fd st\u00f4l Castle 120cm div\u00fd dub &#187; iKuchyne iSHOP s n\u00e1bytkom<\/title>\n<meta name=\"description\" content=\"K\u00fapte si u n\u00e1s Barov\u00fd st\u00f4l Castle 120cm div\u00fd dub za akciov\u00fa cenu. R\u00fdchle dodanie tovaru, odborn\u00e9 poradenstvo a stovky produktov skladom. Barov\u00fd st\u00f4l Castle 120cm div\u00fd dub sa stane dominantou V\u00e1\u0161ho interi\u00e9ru. Internetov\u00fd obchod ikuchyne! pon\u00faka odber Barov\u00fd st\u00f4l Castle 120cm div\u00fd dub u\u017e od 1 kusu.\" \/>\n<meta name=\"robots\" content=\"index, follow, max-snippet:-1, max-image-preview:large, max-video-preview:-1\" \/>\n<link rel=\"canonical\" href=\"https:\/\/www.ikuchyne.sk\/eshop\/produkt\/barovy-stol-castle-120cm-divy-dub\/\" \/>\n<meta property=\"og:locale\" content=\"sk_SK\" \/>\n<meta property=\"og:type\" content=\"article\" \/>\n<meta property=\"og:title\" content=\"Barov\u00fd st\u00f4l Castle 120cm div\u00fd dub &#187; iKuchyne iSHOP s n\u00e1bytkom\" \/>\n<meta property=\"og:description\" content=\"K\u00fapte si u n\u00e1s Barov\u00fd st\u00f4l Castle 120cm div\u00fd dub za akciov\u00fa cenu. R\u00fdchle dodanie tovaru, odborn\u00e9 poradenstvo a stovky produktov skladom. Barov\u00fd st\u00f4l Castle 120cm div\u00fd dub sa stane dominantou V\u00e1\u0161ho interi\u00e9ru. Internetov\u00fd obchod ikuchyne! pon\u00faka odber Barov\u00fd st\u00f4l Castle 120cm div\u00fd dub u\u017e od 1 kusu.\" \/>\n<meta property=\"og:url\" content=\"https:\/\/www.ikuchyne.sk\/eshop\/produkt\/barovy-stol-castle-120cm-divy-dub\/\" \/>\n<meta property=\"og:site_name\" content=\"iKuchyne iSHOP s n\u00e1bytkom\" \/>\n<meta property=\"article:publisher\" content=\"https:\/\/www.facebook.com\/ikuchyne\/\" \/>\n<meta property=\"article:modified_time\" content=\"2020-05-07T05:39:36+00:00\" \/>\n<meta property=\"og:image\" content=\"https:\/\/www.ikuchyne.sk\/eshop\/wp-content\/uploads\/2020\/05\/Barov\u00e1-stoli\u010dka-Castle-120cm-div\u00fd-dub-39722.jpg\" \/>\n\t<meta property=\"og:image:width\" content=\"800\" \/>\n\t<meta property=\"og:image:height\" content=\"533\" \/>\n\t<meta property=\"og:image:type\" content=\"image\/jpeg\" \/>\n<meta name=\"twitter:card\" content=\"summary_large_image\" \/>\n<script type=\"application\/ld+json\" class=\"yoast-schema-graph\">{\"@context\":\"https:\/\/schema.org\",\"@graph\":[{\"@type\":\"WebPage\",\"@id\":\"https:\/\/www.ikuchyne.sk\/eshop\/produkt\/barovy-stol-castle-120cm-divy-dub\/\",\"url\":\"https:\/\/www.ikuchyne.sk\/eshop\/produkt\/barovy-stol-castle-120cm-divy-dub\/\",\"name\":\"Barov\u00fd st\u00f4l Castle 120cm div\u00fd dub &#187; iKuchyne iSHOP s n\u00e1bytkom\",\"isPartOf\":{\"@id\":\"https:\/\/www.ikuchyne.sk\/eshop\/#website\"},\"datePublished\":\"2020-05-06T20:39:24+00:00\",\"dateModified\":\"2020-05-07T05:39:36+00:00\",\"description\":\"K\u00fapte si u n\u00e1s Barov\u00fd st\u00f4l Castle 120cm div\u00fd dub za akciov\u00fa cenu. R\u00fdchle dodanie tovaru, odborn\u00e9 poradenstvo a stovky produktov skladom. Barov\u00fd st\u00f4l Castle 120cm div\u00fd dub sa stane dominantou V\u00e1\u0161ho interi\u00e9ru. Internetov\u00fd obchod ikuchyne! pon\u00faka odber Barov\u00fd st\u00f4l Castle 120cm div\u00fd dub u\u017e od 1 kusu.\",\"breadcrumb\":{\"@id\":\"https:\/\/www.ikuchyne.sk\/eshop\/produkt\/barovy-stol-castle-120cm-divy-dub\/#breadcrumb\"},\"inLanguage\":\"sk-SK\",\"potentialAction\":[{\"@type\":\"ReadAction\",\"target\":[\"https:\/\/www.ikuchyne.sk\/eshop\/produkt\/barovy-stol-castle-120cm-divy-dub\/\"]}]},{\"@type\":\"BreadcrumbList\",\"@id\":\"https:\/\/www.ikuchyne.sk\/eshop\/produkt\/barovy-stol-castle-120cm-divy-dub\/#breadcrumb\",\"itemListElement\":[{\"@type\":\"ListItem\",\"position\":1,\"name\":\"Home\",\"item\":\"https:\/\/www.ikuchyne.sk\/eshop\/\"},{\"@type\":\"ListItem\",\"position\":2,\"name\":\"Obchod\",\"item\":\"https:\/\/www.ikuchyne.sk\/eshop\/obchod\/\"},{\"@type\":\"ListItem\",\"position\":3,\"name\":\"Barov\u00fd st\u00f4l Castle 120cm div\u00fd dub\"}]},{\"@type\":\"WebSite\",\"@id\":\"https:\/\/www.ikuchyne.sk\/eshop\/#website\",\"url\":\"https:\/\/www.ikuchyne.sk\/eshop\/\",\"name\":\"iKuchyne iSHOP s n\u00e1bytkom\",\"description\":\"Jed\u00e1lensk\u00e9 stoly, stoli\u010dky, n\u00e1bytok, svietidl\u00e1...\",\"publisher\":{\"@id\":\"https:\/\/www.ikuchyne.sk\/eshop\/#organization\"},\"potentialAction\":[{\"@type\":\"SearchAction\",\"target\":{\"@type\":\"EntryPoint\",\"urlTemplate\":\"https:\/\/www.ikuchyne.sk\/eshop\/?s={search_term_string}\"},\"query-input\":\"required name=search_term_string\"}],\"inLanguage\":\"sk-SK\"},{\"@type\":\"Organization\",\"@id\":\"https:\/\/www.ikuchyne.sk\/eshop\/#organization\",\"name\":\"ikuchyne!\",\"url\":\"https:\/\/www.ikuchyne.sk\/eshop\/\",\"logo\":{\"@type\":\"ImageObject\",\"inLanguage\":\"sk-SK\",\"@id\":\"https:\/\/www.ikuchyne.sk\/eshop\/#\/schema\/logo\/image\/\",\"url\":\"https:\/\/www.ikuchyne.sk\/eshop\/wp-content\/uploads\/2017\/04\/ikuchyne-logo.jpg\",\"contentUrl\":\"https:\/\/www.ikuchyne.sk\/eshop\/wp-content\/uploads\/2017\/04\/ikuchyne-logo.jpg\",\"width\":200,\"height\":48,\"caption\":\"ikuchyne!\"},\"image\":{\"@id\":\"https:\/\/www.ikuchyne.sk\/eshop\/#\/schema\/logo\/image\/\"},\"sameAs\":[\"https:\/\/www.facebook.com\/ikuchyne\/\",\"https:\/\/www.instagram.com\/ikuchyne.sk\/\",\"https:\/\/sk.pinterest.com\/ikuchynesk\/\"]}]}<\/script>\n<!-- \/ Yoast SEO plugin. -->","yoast_head_json":{"title":"Barov\u00fd st\u00f4l Castle 120cm div\u00fd dub &#187; iKuchyne iSHOP s n\u00e1bytkom","description":"K\u00fapte si u n\u00e1s Barov\u00fd st\u00f4l Castle 120cm div\u00fd dub za akciov\u00fa cenu. R\u00fdchle dodanie tovaru, odborn\u00e9 poradenstvo a stovky produktov skladom. Barov\u00fd st\u00f4l Castle 120cm div\u00fd dub sa stane dominantou V\u00e1\u0161ho interi\u00e9ru. Internetov\u00fd obchod ikuchyne! pon\u00faka odber Barov\u00fd st\u00f4l Castle 120cm div\u00fd dub u\u017e od 1 kusu.","robots":{"index":"index","follow":"follow","max-snippet":"max-snippet:-1","max-image-preview":"max-image-preview:large","max-video-preview":"max-video-preview:-1"},"canonical":"https:\/\/www.ikuchyne.sk\/eshop\/produkt\/barovy-stol-castle-120cm-divy-dub\/","og_locale":"sk_SK","og_type":"article","og_title":"Barov\u00fd st\u00f4l Castle 120cm div\u00fd dub &#187; iKuchyne iSHOP s n\u00e1bytkom","og_description":"K\u00fapte si u n\u00e1s Barov\u00fd st\u00f4l Castle 120cm div\u00fd dub za akciov\u00fa cenu. R\u00fdchle dodanie tovaru, odborn\u00e9 poradenstvo a stovky produktov skladom. Barov\u00fd st\u00f4l Castle 120cm div\u00fd dub sa stane dominantou V\u00e1\u0161ho interi\u00e9ru. Internetov\u00fd obchod ikuchyne! pon\u00faka odber Barov\u00fd st\u00f4l Castle 120cm div\u00fd dub u\u017e od 1 kusu.","og_url":"https:\/\/www.ikuchyne.sk\/eshop\/produkt\/barovy-stol-castle-120cm-divy-dub\/","og_site_name":"iKuchyne iSHOP s n\u00e1bytkom","article_publisher":"https:\/\/www.facebook.com\/ikuchyne\/","article_modified_time":"2020-05-07T05:39:36+00:00","og_image":[{"width":800,"height":533,"url":"https:\/\/www.ikuchyne.sk\/eshop\/wp-content\/uploads\/2020\/05\/Barov\u00e1-stoli\u010dka-Castle-120cm-div\u00fd-dub-39722.jpg","type":"image\/jpeg"}],"twitter_card":"summary_large_image","schema":{"@context":"https:\/\/schema.org","@graph":[{"@type":"WebPage","@id":"https:\/\/www.ikuchyne.sk\/eshop\/produkt\/barovy-stol-castle-120cm-divy-dub\/","url":"https:\/\/www.ikuchyne.sk\/eshop\/produkt\/barovy-stol-castle-120cm-divy-dub\/","name":"Barov\u00fd st\u00f4l Castle 120cm div\u00fd dub &#187; iKuchyne iSHOP s n\u00e1bytkom","isPartOf":{"@id":"https:\/\/www.ikuchyne.sk\/eshop\/#website"},"datePublished":"2020-05-06T20:39:24+00:00","dateModified":"2020-05-07T05:39:36+00:00","description":"K\u00fapte si u n\u00e1s Barov\u00fd st\u00f4l Castle 120cm div\u00fd dub za akciov\u00fa cenu. R\u00fdchle dodanie tovaru, odborn\u00e9 poradenstvo a stovky produktov skladom. Barov\u00fd st\u00f4l Castle 120cm div\u00fd dub sa stane dominantou V\u00e1\u0161ho interi\u00e9ru. Internetov\u00fd obchod ikuchyne! pon\u00faka odber Barov\u00fd st\u00f4l Castle 120cm div\u00fd dub u\u017e od 1 kusu.","breadcrumb":{"@id":"https:\/\/www.ikuchyne.sk\/eshop\/produkt\/barovy-stol-castle-120cm-divy-dub\/#breadcrumb"},"inLanguage":"sk-SK","potentialAction":[{"@type":"ReadAction","target":["https:\/\/www.ikuchyne.sk\/eshop\/produkt\/barovy-stol-castle-120cm-divy-dub\/"]}]},{"@type":"BreadcrumbList","@id":"https:\/\/www.ikuchyne.sk\/eshop\/produkt\/barovy-stol-castle-120cm-divy-dub\/#breadcrumb","itemListElement":[{"@type":"ListItem","position":1,"name":"Home","item":"https:\/\/www.ikuchyne.sk\/eshop\/"},{"@type":"ListItem","position":2,"name":"Obchod","item":"https:\/\/www.ikuchyne.sk\/eshop\/obchod\/"},{"@type":"ListItem","position":3,"name":"Barov\u00fd st\u00f4l Castle 120cm div\u00fd dub"}]},{"@type":"WebSite","@id":"https:\/\/www.ikuchyne.sk\/eshop\/#website","url":"https:\/\/www.ikuchyne.sk\/eshop\/","name":"iKuchyne iSHOP s n\u00e1bytkom","description":"Jed\u00e1lensk\u00e9 stoly, stoli\u010dky, n\u00e1bytok, svietidl\u00e1...","publisher":{"@id":"https:\/\/www.ikuchyne.sk\/eshop\/#organization"},"potentialAction":[{"@type":"SearchAction","target":{"@type":"EntryPoint","urlTemplate":"https:\/\/www.ikuchyne.sk\/eshop\/?s={search_term_string}"},"query-input":"required name=search_term_string"}],"inLanguage":"sk-SK"},{"@type":"Organization","@id":"https:\/\/www.ikuchyne.sk\/eshop\/#organization","name":"ikuchyne!","url":"https:\/\/www.ikuchyne.sk\/eshop\/","logo":{"@type":"ImageObject","inLanguage":"sk-SK","@id":"https:\/\/www.ikuchyne.sk\/eshop\/#\/schema\/logo\/image\/","url":"https:\/\/www.ikuchyne.sk\/eshop\/wp-content\/uploads\/2017\/04\/ikuchyne-logo.jpg","contentUrl":"https:\/\/www.ikuchyne.sk\/eshop\/wp-content\/uploads\/2017\/04\/ikuchyne-logo.jpg","width":200,"height":48,"caption":"ikuchyne!"},"image":{"@id":"https:\/\/www.ikuchyne.sk\/eshop\/#\/schema\/logo\/image\/"},"sameAs":["https:\/\/www.facebook.com\/ikuchyne\/","https:\/\/www.instagram.com\/ikuchyne.sk\/","https:\/\/sk.pinterest.com\/ikuchynesk\/"]}]}},"_links":{"self":[{"href":"https:\/\/www.ikuchyne.sk\/eshop\/wp-json\/wp\/v2\/product\/127781"}],"collection":[{"href":"https:\/\/www.ikuchyne.sk\/eshop\/wp-json\/wp\/v2\/product"}],"about":[{"href":"https:\/\/www.ikuchyne.sk\/eshop\/wp-json\/wp\/v2\/types\/product"}],"replies":[{"embeddable":true,"href":"https:\/\/www.ikuchyne.sk\/eshop\/wp-json\/wp\/v2\/comments?post=127781"}],"wp:featuredmedia":[{"embeddable":true,"href":"https:\/\/www.ikuchyne.sk\/eshop\/wp-json\/wp\/v2\/media\/127782"}],"wp:attachment":[{"href":"https:\/\/www.ikuchyne.sk\/eshop\/wp-json\/wp\/v2\/media?parent=127781"}],"wp:term":[{"taxonomy":"product_cat","embeddable":true,"href":"https:\/\/www.ikuchyne.sk\/eshop\/wp-json\/wp\/v2\/product_cat?post=127781"},{"taxonomy":"product_tag","embeddable":true,"href":"https:\/\/www.ikuchyne.sk\/eshop\/wp-json\/wp\/v2\/product_tag?post=127781"}],"curies":[{"name":"wp","href":"https:\/\/api.w.org\/{rel}","templated":true}]}}