{"id":128003,"date":"2021-07-28T21:14:07","date_gmt":"2021-07-28T19:14:07","guid":{"rendered":"https:\/\/www.ikuchyne.sk\/eshop\/?post_type=product&#038;p=128003"},"modified":"2024-03-07T11:21:10","modified_gmt":"2024-03-07T10:21:10","slug":"rozkladacia-pohovka-maison-belle-220cm-siva-zamat-2","status":"publish","type":"product","link":"https:\/\/www.ikuchyne.sk\/eshop\/produkt\/rozkladacia-pohovka-maison-belle-220cm-siva-zamat-2\/","title":{"rendered":"Rozkladacia pohovka Maison Belle 220cm siv\u00e1 zamat"},"content":{"rendered":"<h1>Rozkladacia pohovka Maison Belle 220cm siv\u00e1 zamat<\/h1>\n<p><strong>V\u0161eobecn\u00fd opis seda\u010dky:<\/strong><br \/>\nPre mimoriadne \u0161t\u00fdlov\u00fd interi\u00e9r je tu mimoriadne \u0161t\u00fdlov\u00e1 pohovka Maison Belle v \u0161t\u00fdle Chesterfield. Vysokokvalitn\u00fd zamat v sivej farbe a mas\u00edvne dreven\u00e9 nohy seda\u010dky so sebou prin\u00e1\u0161aj\u00fa k\u00fasok anglickej elegancie. Pohovka v\u0161ak nie je len dizajnovo pr\u00edta\u017eliv\u00e1, ale aj skuto\u010dne funk\u010dn\u00e1. Po nieko\u013ek\u00fdch jednoduch\u00fdch krokoch sa d\u00e1 pohovka zmeni\u0165 na pohodln\u00fa poste\u013e pre host\u00ed. Operadlo sa d\u00e1 jednoducho sklopi\u0165 a vr\u00e1ti\u0165 na miesto. Operadlo sedadla je v\u0161ak tie\u017e dokonale nastavite\u013en\u00e9 pre pohodlie pri seden\u00ed: m\u00f4\u017eete si vybra\u0165 medzi r\u00f4znymi \u00farov\u0148ami sklonu a v\u010faka vysokej kvalite po\u0165ahu si u\u017eijete nov\u00fa pohovku po\u010das ve\u013emi dlh\u00e9ho obdobia.<\/p>\n<p><b>Rozmery<\/b> (cca): 220cm x 88cm x 95cm (\u0160xVxH)<br \/>\nsedenie: 186cm x 44cm x 60cm (\u0160xVxH)<br \/>\nplocha na le\u017eanie: 186cm x 120cm<br \/>\nv\u00fd\u0161ka lak\u0165ovej opierky: 63cm<br \/>\n<b>Farba:<\/b> siv\u00e1<br \/>\n<b>Materi\u00e1l:<\/b> zamat<\/p>\n<p>&nbsp;<\/p>\n","protected":false},"excerpt":{"rendered":"<p>Rozkladacia pohovka Maison Belle 220cm siv\u00e1 zamat V\u0161eobecn\u00fd opis seda\u010dky: Pre mimoriadne \u0161t\u00fdlov\u00fd interi\u00e9r je tu mimoriadne \u0161t\u00fdlov\u00e1 pohovka Maison Belle v \u0161t\u00fdle Chesterfield. Vysokokvalitn\u00fd zamat v sivej farbe a<\/p>\n","protected":false},"featured_media":128004,"comment_status":"closed","ping_status":"closed","template":"","meta":[],"product_cat":[772,600,602,601],"product_tag":[257],"yoast_head":"<!-- This site is optimized with the Yoast SEO plugin v22.1 - https:\/\/yoast.com\/wordpress\/plugins\/seo\/ -->\n<title>Rozkladacia pohovka Maison Belle 220cm siv\u00e1 zamat &#187; iKuchyne iSHOP s n\u00e1bytkom<\/title>\n<meta name=\"description\" content=\"K\u00fapte si u n\u00e1s Rozkladacia pohovka Maison Belle 220cm siv\u00e1 zamat za akciov\u00fa cenu. R\u00fdchle dodanie tovaru, odborn\u00e9 poradenstvo a stovky produktov skladom. Rozkladacia pohovka Maison Belle 220cm siv\u00e1 zamat sa stane dominantou V\u00e1\u0161ho interi\u00e9ru. Internetov\u00fd obchod ikuchyne! pon\u00faka odber Rozkladacia pohovka Maison Belle 220cm siv\u00e1 zamat u\u017e od 1 kusu.\" \/>\n<meta name=\"robots\" content=\"index, follow, max-snippet:-1, max-image-preview:large, max-video-preview:-1\" \/>\n<link rel=\"canonical\" href=\"https:\/\/www.ikuchyne.sk\/eshop\/?post_type=product&p=128003\" \/>\n<meta property=\"og:locale\" content=\"sk_SK\" \/>\n<meta property=\"og:type\" content=\"article\" \/>\n<meta property=\"og:title\" content=\"Rozkladacia pohovka Maison Belle 220cm siv\u00e1 zamat &#187; iKuchyne iSHOP s n\u00e1bytkom\" \/>\n<meta property=\"og:description\" content=\"K\u00fapte si u n\u00e1s Rozkladacia pohovka Maison Belle 220cm siv\u00e1 zamat za akciov\u00fa cenu. R\u00fdchle dodanie tovaru, odborn\u00e9 poradenstvo a stovky produktov skladom. Rozkladacia pohovka Maison Belle 220cm siv\u00e1 zamat sa stane dominantou V\u00e1\u0161ho interi\u00e9ru. Internetov\u00fd obchod ikuchyne! pon\u00faka odber Rozkladacia pohovka Maison Belle 220cm siv\u00e1 zamat u\u017e od 1 kusu.\" \/>\n<meta property=\"og:url\" content=\"https:\/\/www.ikuchyne.sk\/eshop\/?post_type=product&amp;p=128003\" \/>\n<meta property=\"og:site_name\" content=\"iKuchyne iSHOP s n\u00e1bytkom\" \/>\n<meta property=\"article:publisher\" content=\"https:\/\/www.facebook.com\/ikuchyne\/\" \/>\n<meta property=\"article:modified_time\" content=\"2024-03-07T10:21:10+00:00\" \/>\n<meta property=\"og:image\" content=\"https:\/\/www.ikuchyne.sk\/eshop\/wp-content\/uploads\/2020\/05\/Rozkladacia-pohovka-Maison-Belle-220cm-siv\u00e1-zamat-40083.jpg\" \/>\n\t<meta property=\"og:image:width\" content=\"800\" \/>\n\t<meta property=\"og:image:height\" content=\"533\" \/>\n\t<meta property=\"og:image:type\" content=\"image\/jpeg\" \/>\n<meta name=\"twitter:card\" content=\"summary_large_image\" \/>\n<meta name=\"twitter:label1\" content=\"Predpokladan\u00fd \u010das \u010d\u00edtania\" \/>\n\t<meta name=\"twitter:data1\" content=\"1 min\u00fata\" \/>\n<script type=\"application\/ld+json\" class=\"yoast-schema-graph\">{\"@context\":\"https:\/\/schema.org\",\"@graph\":[{\"@type\":\"WebPage\",\"@id\":\"https:\/\/www.ikuchyne.sk\/eshop\/?post_type=product&p=128003\",\"url\":\"https:\/\/www.ikuchyne.sk\/eshop\/?post_type=product&p=128003\",\"name\":\"Rozkladacia pohovka Maison Belle 220cm siv\u00e1 zamat &#187; iKuchyne iSHOP s n\u00e1bytkom\",\"isPartOf\":{\"@id\":\"https:\/\/www.ikuchyne.sk\/eshop\/#website\"},\"datePublished\":\"2021-07-28T19:14:07+00:00\",\"dateModified\":\"2024-03-07T10:21:10+00:00\",\"description\":\"K\u00fapte si u n\u00e1s Rozkladacia pohovka Maison Belle 220cm siv\u00e1 zamat za akciov\u00fa cenu. R\u00fdchle dodanie tovaru, odborn\u00e9 poradenstvo a stovky produktov skladom. Rozkladacia pohovka Maison Belle 220cm siv\u00e1 zamat sa stane dominantou V\u00e1\u0161ho interi\u00e9ru. Internetov\u00fd obchod ikuchyne! pon\u00faka odber Rozkladacia pohovka Maison Belle 220cm siv\u00e1 zamat u\u017e od 1 kusu.\",\"breadcrumb\":{\"@id\":\"https:\/\/www.ikuchyne.sk\/eshop\/?post_type=product&p=128003#breadcrumb\"},\"inLanguage\":\"sk-SK\",\"potentialAction\":[{\"@type\":\"ReadAction\",\"target\":[\"https:\/\/www.ikuchyne.sk\/eshop\/?post_type=product&p=128003\"]}]},{\"@type\":\"BreadcrumbList\",\"@id\":\"https:\/\/www.ikuchyne.sk\/eshop\/?post_type=product&p=128003#breadcrumb\",\"itemListElement\":[{\"@type\":\"ListItem\",\"position\":1,\"name\":\"Home\",\"item\":\"https:\/\/www.ikuchyne.sk\/eshop\/\"},{\"@type\":\"ListItem\",\"position\":2,\"name\":\"Obchod\",\"item\":\"https:\/\/www.ikuchyne.sk\/eshop\/obchod\/\"},{\"@type\":\"ListItem\",\"position\":3,\"name\":\"Rozkladacia pohovka Maison Belle 220cm siv\u00e1 zamat\"}]},{\"@type\":\"WebSite\",\"@id\":\"https:\/\/www.ikuchyne.sk\/eshop\/#website\",\"url\":\"https:\/\/www.ikuchyne.sk\/eshop\/\",\"name\":\"iKuchyne iSHOP s n\u00e1bytkom\",\"description\":\"Jed\u00e1lensk\u00e9 stoly, stoli\u010dky, n\u00e1bytok, svietidl\u00e1...\",\"publisher\":{\"@id\":\"https:\/\/www.ikuchyne.sk\/eshop\/#organization\"},\"potentialAction\":[{\"@type\":\"SearchAction\",\"target\":{\"@type\":\"EntryPoint\",\"urlTemplate\":\"https:\/\/www.ikuchyne.sk\/eshop\/?s={search_term_string}\"},\"query-input\":\"required name=search_term_string\"}],\"inLanguage\":\"sk-SK\"},{\"@type\":\"Organization\",\"@id\":\"https:\/\/www.ikuchyne.sk\/eshop\/#organization\",\"name\":\"ikuchyne!\",\"url\":\"https:\/\/www.ikuchyne.sk\/eshop\/\",\"logo\":{\"@type\":\"ImageObject\",\"inLanguage\":\"sk-SK\",\"@id\":\"https:\/\/www.ikuchyne.sk\/eshop\/#\/schema\/logo\/image\/\",\"url\":\"https:\/\/www.ikuchyne.sk\/eshop\/wp-content\/uploads\/2017\/04\/ikuchyne-logo.jpg\",\"contentUrl\":\"https:\/\/www.ikuchyne.sk\/eshop\/wp-content\/uploads\/2017\/04\/ikuchyne-logo.jpg\",\"width\":200,\"height\":48,\"caption\":\"ikuchyne!\"},\"image\":{\"@id\":\"https:\/\/www.ikuchyne.sk\/eshop\/#\/schema\/logo\/image\/\"},\"sameAs\":[\"https:\/\/www.facebook.com\/ikuchyne\/\",\"https:\/\/www.instagram.com\/ikuchyne.sk\/\",\"https:\/\/sk.pinterest.com\/ikuchynesk\/\"]}]}<\/script>\n<!-- \/ Yoast SEO plugin. -->","yoast_head_json":{"title":"Rozkladacia pohovka Maison Belle 220cm siv\u00e1 zamat &#187; iKuchyne iSHOP s n\u00e1bytkom","description":"K\u00fapte si u n\u00e1s Rozkladacia pohovka Maison Belle 220cm siv\u00e1 zamat za akciov\u00fa cenu. R\u00fdchle dodanie tovaru, odborn\u00e9 poradenstvo a stovky produktov skladom. Rozkladacia pohovka Maison Belle 220cm siv\u00e1 zamat sa stane dominantou V\u00e1\u0161ho interi\u00e9ru. Internetov\u00fd obchod ikuchyne! pon\u00faka odber Rozkladacia pohovka Maison Belle 220cm siv\u00e1 zamat u\u017e od 1 kusu.","robots":{"index":"index","follow":"follow","max-snippet":"max-snippet:-1","max-image-preview":"max-image-preview:large","max-video-preview":"max-video-preview:-1"},"canonical":"https:\/\/www.ikuchyne.sk\/eshop\/?post_type=product&p=128003","og_locale":"sk_SK","og_type":"article","og_title":"Rozkladacia pohovka Maison Belle 220cm siv\u00e1 zamat &#187; iKuchyne iSHOP s n\u00e1bytkom","og_description":"K\u00fapte si u n\u00e1s Rozkladacia pohovka Maison Belle 220cm siv\u00e1 zamat za akciov\u00fa cenu. R\u00fdchle dodanie tovaru, odborn\u00e9 poradenstvo a stovky produktov skladom. Rozkladacia pohovka Maison Belle 220cm siv\u00e1 zamat sa stane dominantou V\u00e1\u0161ho interi\u00e9ru. Internetov\u00fd obchod ikuchyne! pon\u00faka odber Rozkladacia pohovka Maison Belle 220cm siv\u00e1 zamat u\u017e od 1 kusu.","og_url":"https:\/\/www.ikuchyne.sk\/eshop\/?post_type=product&p=128003","og_site_name":"iKuchyne iSHOP s n\u00e1bytkom","article_publisher":"https:\/\/www.facebook.com\/ikuchyne\/","article_modified_time":"2024-03-07T10:21:10+00:00","og_image":[{"width":800,"height":533,"url":"https:\/\/www.ikuchyne.sk\/eshop\/wp-content\/uploads\/2020\/05\/Rozkladacia-pohovka-Maison-Belle-220cm-siv\u00e1-zamat-40083.jpg","type":"image\/jpeg"}],"twitter_card":"summary_large_image","twitter_misc":{"Predpokladan\u00fd \u010das \u010d\u00edtania":"1 min\u00fata"},"schema":{"@context":"https:\/\/schema.org","@graph":[{"@type":"WebPage","@id":"https:\/\/www.ikuchyne.sk\/eshop\/?post_type=product&p=128003","url":"https:\/\/www.ikuchyne.sk\/eshop\/?post_type=product&p=128003","name":"Rozkladacia pohovka Maison Belle 220cm siv\u00e1 zamat &#187; iKuchyne iSHOP s n\u00e1bytkom","isPartOf":{"@id":"https:\/\/www.ikuchyne.sk\/eshop\/#website"},"datePublished":"2021-07-28T19:14:07+00:00","dateModified":"2024-03-07T10:21:10+00:00","description":"K\u00fapte si u n\u00e1s Rozkladacia pohovka Maison Belle 220cm siv\u00e1 zamat za akciov\u00fa cenu. R\u00fdchle dodanie tovaru, odborn\u00e9 poradenstvo a stovky produktov skladom. Rozkladacia pohovka Maison Belle 220cm siv\u00e1 zamat sa stane dominantou V\u00e1\u0161ho interi\u00e9ru. Internetov\u00fd obchod ikuchyne! pon\u00faka odber Rozkladacia pohovka Maison Belle 220cm siv\u00e1 zamat u\u017e od 1 kusu.","breadcrumb":{"@id":"https:\/\/www.ikuchyne.sk\/eshop\/?post_type=product&p=128003#breadcrumb"},"inLanguage":"sk-SK","potentialAction":[{"@type":"ReadAction","target":["https:\/\/www.ikuchyne.sk\/eshop\/?post_type=product&p=128003"]}]},{"@type":"BreadcrumbList","@id":"https:\/\/www.ikuchyne.sk\/eshop\/?post_type=product&p=128003#breadcrumb","itemListElement":[{"@type":"ListItem","position":1,"name":"Home","item":"https:\/\/www.ikuchyne.sk\/eshop\/"},{"@type":"ListItem","position":2,"name":"Obchod","item":"https:\/\/www.ikuchyne.sk\/eshop\/obchod\/"},{"@type":"ListItem","position":3,"name":"Rozkladacia pohovka Maison Belle 220cm siv\u00e1 zamat"}]},{"@type":"WebSite","@id":"https:\/\/www.ikuchyne.sk\/eshop\/#website","url":"https:\/\/www.ikuchyne.sk\/eshop\/","name":"iKuchyne iSHOP s n\u00e1bytkom","description":"Jed\u00e1lensk\u00e9 stoly, stoli\u010dky, n\u00e1bytok, svietidl\u00e1...","publisher":{"@id":"https:\/\/www.ikuchyne.sk\/eshop\/#organization"},"potentialAction":[{"@type":"SearchAction","target":{"@type":"EntryPoint","urlTemplate":"https:\/\/www.ikuchyne.sk\/eshop\/?s={search_term_string}"},"query-input":"required name=search_term_string"}],"inLanguage":"sk-SK"},{"@type":"Organization","@id":"https:\/\/www.ikuchyne.sk\/eshop\/#organization","name":"ikuchyne!","url":"https:\/\/www.ikuchyne.sk\/eshop\/","logo":{"@type":"ImageObject","inLanguage":"sk-SK","@id":"https:\/\/www.ikuchyne.sk\/eshop\/#\/schema\/logo\/image\/","url":"https:\/\/www.ikuchyne.sk\/eshop\/wp-content\/uploads\/2017\/04\/ikuchyne-logo.jpg","contentUrl":"https:\/\/www.ikuchyne.sk\/eshop\/wp-content\/uploads\/2017\/04\/ikuchyne-logo.jpg","width":200,"height":48,"caption":"ikuchyne!"},"image":{"@id":"https:\/\/www.ikuchyne.sk\/eshop\/#\/schema\/logo\/image\/"},"sameAs":["https:\/\/www.facebook.com\/ikuchyne\/","https:\/\/www.instagram.com\/ikuchyne.sk\/","https:\/\/sk.pinterest.com\/ikuchynesk\/"]}]}},"_links":{"self":[{"href":"https:\/\/www.ikuchyne.sk\/eshop\/wp-json\/wp\/v2\/product\/128003"}],"collection":[{"href":"https:\/\/www.ikuchyne.sk\/eshop\/wp-json\/wp\/v2\/product"}],"about":[{"href":"https:\/\/www.ikuchyne.sk\/eshop\/wp-json\/wp\/v2\/types\/product"}],"replies":[{"embeddable":true,"href":"https:\/\/www.ikuchyne.sk\/eshop\/wp-json\/wp\/v2\/comments?post=128003"}],"wp:featuredmedia":[{"embeddable":true,"href":"https:\/\/www.ikuchyne.sk\/eshop\/wp-json\/wp\/v2\/media\/128004"}],"wp:attachment":[{"href":"https:\/\/www.ikuchyne.sk\/eshop\/wp-json\/wp\/v2\/media?parent=128003"}],"wp:term":[{"taxonomy":"product_cat","embeddable":true,"href":"https:\/\/www.ikuchyne.sk\/eshop\/wp-json\/wp\/v2\/product_cat?post=128003"},{"taxonomy":"product_tag","embeddable":true,"href":"https:\/\/www.ikuchyne.sk\/eshop\/wp-json\/wp\/v2\/product_tag?post=128003"}],"curies":[{"name":"wp","href":"https:\/\/api.w.org\/{rel}","templated":true}]}}