{"id":128326,"date":"2020-05-13T17:00:22","date_gmt":"2020-05-13T15:00:22","guid":{"rendered":"https:\/\/www.ikuchyne.sk\/eshop\/?post_type=product&#038;p=128326"},"modified":"2021-06-07T05:10:39","modified_gmt":"2021-06-07T03:10:39","slug":"kreslo-big-dutch-zelena-zamat","status":"publish","type":"product","link":"https:\/\/www.ikuchyne.sk\/eshop\/produkt\/kreslo-big-dutch-zelena-zamat\/","title":{"rendered":"Kreslo Big Dutch zelen\u00e1 zamat \u00bb"},"content":{"rendered":"<h1>Kreslo Big Dutch zelen\u00e1 zamat \u00bb<\/h1>\n<h4><strong>V\u0161eobecn\u00fd popis:<\/strong><\/h4>\n<p>Elegantn\u00e9 relaxa\u010dn\u00e9 kreslo Big Dutch zelen\u00e1 zamat zamat zamat s vysoko kvalitn\u00fdm zamatov\u00fdm po\u0165ahom. Obzvl\u00e1\u0161\u0165 pohodln\u00e1 sedacia \u010das\u0165 v\u010faka hrub\u00e9mu po\u0165ahu zo zamatu. Sedaciu \u010das\u0165 je mo\u017en\u00e9 oto\u010di\u0165 o 360 \u00b0. Pou\u017eite kreslo do dom\u00e1cnosti alebo do va\u0161ej kancel\u00e1rie!<\/p>\n<p>Pohodlie je ve\u013emi d\u00f4le\u017eit\u00e9! Ak h\u013ead\u00e1te obzvl\u00e1\u0161\u0165 pohodln\u00e9 kreslo so skvel\u00fdm dizajnom, mali by ste sa teraz pozrie\u0165 bli\u017e\u0161ie. Na\u0161a pohodln\u00e1 retro klasika s extra hrub\u00fdmi po\u0165ahom na sedadle a operadle zaujme nad\u010dasov\u00fdm a trendov\u00fdm dizajnom. \u010cierne kovov\u00e9 nohy vytv\u00e1raj\u00fa skvel\u00fd kontrast s u\u0161\u013eachtil\u00fdm zamatov\u00fdm po\u0165ahom sedacej \u010dasti v smaragdovo zelenj farbe a kovov\u00e9 nohy v zauj\u00edmavom vzh\u013eade zabezpe\u010duj\u00fa bezpe\u010dn\u00e9 st\u00e1tie na akomko\u013evek povrchu.<\/p>\n<p>\u0160t\u00fdlov\u00e9 kreslo obohat\u00ed v\u00e1\u0161 domov. \u010ci u\u017e v ob\u00fdvacej izbe ako doplnok k v\u00e1\u0161mu obytn\u00e9mu priestoru, v sp\u00e1lni ako pohodln\u00e9 kreslo alebo vo va\u0161ej kancel\u00e1rii: toto retro kreslo zaujme svojou postavou v ka\u017edej miestnosti. M\u00f4\u017eete ho tie\u017e \u013eahko kombinova\u0165 so \u0161irokou \u0161k\u00e1lou n\u00e1bytku a \u0161t\u00fdlov. Zamatov\u00e1 pohovka, pr\u00edborn\u00edk s kovov\u00fdmi prvkami alebo modern\u00e1 stojaca lampa \u00fa\u017easne dop\u013a\u0148aj\u00fa kreslo a v\u00e1\u0161 n\u00e1bytok vyzer\u00e1 v ka\u017edej chv\u00edli obzvl\u00e1\u0161\u0165 harmonicky.<\/p>\n<h4>Dopl\u0148uj\u00face inform\u00e1cie:<\/h4>\n<p>Zamat je ve\u013emi \u0161peci\u00e1lna po\u0165ahov\u00e1 l\u00e1tka s jedine\u010dn\u00fdmi vlastnos\u0165ami. Jas a intenzita farby sa m\u00f4\u017eu l\u00ed\u0161i\u0165 a na l\u00e1tke je mo\u017en\u00e9 vytv\u00e1ra\u0165 jedine\u010dn\u00e9 vzory &#8211; pod\u013ea toho, v akom smere s\u00fa jemn\u00e9 vl\u00e1kna ma\u013eovan\u00e9 a ako je l\u00e1tka osvetlen\u00e1. V\u00fdsledkom je individu\u00e1lna kompoz\u00edcia farebn\u00fdch odtie\u0148ov a povrchov\u00fdch \u0161trukt\u00far, ktor\u00e9 v\u017edy premenia v\u00e1\u0161 n\u00e1bytok na fascinuj\u00faci poh\u013ead. Max. nosnos\u0165 130 kg. Vhodn\u00e9 bytov\u00e9 doplnky pre kombinovanie interi\u00e9ru s t\u00fdmto kreslom n\u00e1jdete na na\u0161om e-shope v sekcii Bytov\u00e9 doplnky. Kontaktujte n\u00e1s a my v\u00e1m radi pom\u00f4\u017eeme s v\u00fdberom vhodn\u00fdch dekor\u00e1ci\u00ed a n\u00e1bytku do va\u0161ej dom\u00e1cnosti \u010di kancel\u00e1rie.<\/p>\n<p><strong>\u010eal\u0161ie inform\u00e1cie:<br \/>\n<\/strong>Vhodne zvolen\u00fd v\u00fdber materi\u00e1lov rob\u00ed z tohto kresla \u013eahko udr\u017eiavate\u013en\u00fd kus n\u00e1bytku s dlhou \u017eivotnos\u0165ou. O\u0161etrujeme vlhkou handri\u010dkou namo\u010denou v mydlovej vode.<\/p>\n<p><b>Rozmery<\/b> (cca): 83cm x 79cm x 76m (\u0160xVxH)<br \/>\n<b>Farba:<\/b> smaragdovo zelen\u00e1<br \/>\n<b>Materi\u00e1l:<\/b> zamat, kov<\/p>\n<p>Dodato\u010dn\u00e9 inform\u00e1cie:<\/p>\n<p>V pr\u00edpade z\u00e1ujmu o in\u00e9 stoli\u010dky &#8211; jed\u00e1lensk\u00e9, barov\u00e9, kancel\u00e1rske, nav\u0161t\u00edvte sekciu stoli\u010dky na <a href=\"https:\/\/www.ikuchyne.sk\/eshop\/kategoria\/stolicky\/\">www.ikuchyne.sk\/eshop,<\/a> v pr\u00edpade z\u00e1ujmu o in\u00e9 kresl\u00e1 nav\u0161t\u00edvte sekciu kresl\u00e1 na <a href=\"https:\/\/www.ikuchyne.sk\/eshop\/kategoria\/kresla\/\">www.ikuchyne.sk\/eshop<\/a>.<br \/>\nV pr\u00edpade z\u00e1ujmu o n\u00e1bytok na mieru n\u00e1s kontaktuje na <a href=\"http:\/\/www.ikuchyne.sk\">www.ikuchyne.sk<\/a><\/p>\n","protected":false},"excerpt":{"rendered":"<p>Kreslo Big Dutch zelen\u00e1 zamat \u00bb V\u0161eobecn\u00fd popis: Elegantn\u00e9 relaxa\u010dn\u00e9 kreslo Big Dutch zelen\u00e1 zamat zamat zamat s vysoko kvalitn\u00fdm zamatov\u00fdm po\u0165ahom. Obzvl\u00e1\u0161\u0165 pohodln\u00e1 sedacia \u010das\u0165 v\u010faka hrub\u00e9mu po\u0165ahu zo<\/p>\n","protected":false},"featured_media":128327,"comment_status":"closed","ping_status":"closed","template":"","meta":[],"product_cat":[592,772,594],"product_tag":[1036],"yoast_head":"<!-- This site is optimized with the Yoast SEO plugin v22.1 - https:\/\/yoast.com\/wordpress\/plugins\/seo\/ -->\n<title>Kreslo Big Dutch zelen\u00e1 zamat \u00bb &#187; iKuchyne iSHOP s n\u00e1bytkom<\/title>\n<meta name=\"description\" content=\"Kreslo Big Dutch zelen\u00e1 zamat \u00bb - r\u00fdchle dodanie, poradenstvo, n\u00e1bytok skladom v Bratislave s ikuchyne.sk - kuchyne na mieru.\" \/>\n<meta name=\"robots\" content=\"index, follow, max-snippet:-1, max-image-preview:large, max-video-preview:-1\" \/>\n<link rel=\"canonical\" href=\"https:\/\/www.ikuchyne.sk\/eshop\/produkt\/kreslo-big-dutch-zelena-zamat\/\" \/>\n<meta property=\"og:locale\" content=\"sk_SK\" \/>\n<meta property=\"og:type\" content=\"article\" \/>\n<meta property=\"og:title\" content=\"Kreslo Big Dutch zelen\u00e1 zamat \u00bb &#187; iKuchyne iSHOP s n\u00e1bytkom\" \/>\n<meta property=\"og:description\" content=\"Kreslo Big Dutch zelen\u00e1 zamat \u00bb - r\u00fdchle dodanie, poradenstvo, n\u00e1bytok skladom v Bratislave s ikuchyne.sk - kuchyne na mieru.\" \/>\n<meta property=\"og:url\" content=\"https:\/\/www.ikuchyne.sk\/eshop\/produkt\/kreslo-big-dutch-zelena-zamat\/\" \/>\n<meta property=\"og:site_name\" content=\"iKuchyne iSHOP s n\u00e1bytkom\" \/>\n<meta property=\"article:publisher\" content=\"https:\/\/www.facebook.com\/ikuchyne\/\" \/>\n<meta property=\"article:modified_time\" content=\"2021-06-07T03:10:39+00:00\" \/>\n<meta property=\"og:image\" content=\"https:\/\/www.ikuchyne.sk\/eshop\/wp-content\/uploads\/2020\/05\/Kreslo-Big-Dutch-smaragdzelen\u00e1-zamat-Armlehne-40011.jpg\" \/>\n\t<meta property=\"og:image:width\" content=\"800\" \/>\n\t<meta property=\"og:image:height\" content=\"533\" \/>\n\t<meta property=\"og:image:type\" content=\"image\/jpeg\" \/>\n<meta name=\"twitter:card\" content=\"summary_large_image\" \/>\n<meta name=\"twitter:label1\" content=\"Predpokladan\u00fd \u010das \u010d\u00edtania\" \/>\n\t<meta name=\"twitter:data1\" content=\"2 min\u00faty\" \/>\n<script type=\"application\/ld+json\" class=\"yoast-schema-graph\">{\"@context\":\"https:\/\/schema.org\",\"@graph\":[{\"@type\":\"WebPage\",\"@id\":\"https:\/\/www.ikuchyne.sk\/eshop\/produkt\/kreslo-big-dutch-zelena-zamat\/\",\"url\":\"https:\/\/www.ikuchyne.sk\/eshop\/produkt\/kreslo-big-dutch-zelena-zamat\/\",\"name\":\"Kreslo Big Dutch zelen\u00e1 zamat \u00bb &#187; iKuchyne iSHOP s n\u00e1bytkom\",\"isPartOf\":{\"@id\":\"https:\/\/www.ikuchyne.sk\/eshop\/#website\"},\"datePublished\":\"2020-05-13T15:00:22+00:00\",\"dateModified\":\"2021-06-07T03:10:39+00:00\",\"description\":\"Kreslo Big Dutch zelen\u00e1 zamat \u00bb - r\u00fdchle dodanie, poradenstvo, n\u00e1bytok skladom v Bratislave s ikuchyne.sk - kuchyne na mieru.\",\"breadcrumb\":{\"@id\":\"https:\/\/www.ikuchyne.sk\/eshop\/produkt\/kreslo-big-dutch-zelena-zamat\/#breadcrumb\"},\"inLanguage\":\"sk-SK\",\"potentialAction\":[{\"@type\":\"ReadAction\",\"target\":[\"https:\/\/www.ikuchyne.sk\/eshop\/produkt\/kreslo-big-dutch-zelena-zamat\/\"]}]},{\"@type\":\"BreadcrumbList\",\"@id\":\"https:\/\/www.ikuchyne.sk\/eshop\/produkt\/kreslo-big-dutch-zelena-zamat\/#breadcrumb\",\"itemListElement\":[{\"@type\":\"ListItem\",\"position\":1,\"name\":\"Home\",\"item\":\"https:\/\/www.ikuchyne.sk\/eshop\/\"},{\"@type\":\"ListItem\",\"position\":2,\"name\":\"Obchod\",\"item\":\"https:\/\/www.ikuchyne.sk\/eshop\/obchod\/\"},{\"@type\":\"ListItem\",\"position\":3,\"name\":\"Kreslo Big Dutch zelen\u00e1 zamat \u00bb\"}]},{\"@type\":\"WebSite\",\"@id\":\"https:\/\/www.ikuchyne.sk\/eshop\/#website\",\"url\":\"https:\/\/www.ikuchyne.sk\/eshop\/\",\"name\":\"iKuchyne iSHOP s n\u00e1bytkom\",\"description\":\"Jed\u00e1lensk\u00e9 stoly, stoli\u010dky, n\u00e1bytok, svietidl\u00e1...\",\"publisher\":{\"@id\":\"https:\/\/www.ikuchyne.sk\/eshop\/#organization\"},\"potentialAction\":[{\"@type\":\"SearchAction\",\"target\":{\"@type\":\"EntryPoint\",\"urlTemplate\":\"https:\/\/www.ikuchyne.sk\/eshop\/?s={search_term_string}\"},\"query-input\":\"required name=search_term_string\"}],\"inLanguage\":\"sk-SK\"},{\"@type\":\"Organization\",\"@id\":\"https:\/\/www.ikuchyne.sk\/eshop\/#organization\",\"name\":\"ikuchyne!\",\"url\":\"https:\/\/www.ikuchyne.sk\/eshop\/\",\"logo\":{\"@type\":\"ImageObject\",\"inLanguage\":\"sk-SK\",\"@id\":\"https:\/\/www.ikuchyne.sk\/eshop\/#\/schema\/logo\/image\/\",\"url\":\"https:\/\/www.ikuchyne.sk\/eshop\/wp-content\/uploads\/2017\/04\/ikuchyne-logo.jpg\",\"contentUrl\":\"https:\/\/www.ikuchyne.sk\/eshop\/wp-content\/uploads\/2017\/04\/ikuchyne-logo.jpg\",\"width\":200,\"height\":48,\"caption\":\"ikuchyne!\"},\"image\":{\"@id\":\"https:\/\/www.ikuchyne.sk\/eshop\/#\/schema\/logo\/image\/\"},\"sameAs\":[\"https:\/\/www.facebook.com\/ikuchyne\/\",\"https:\/\/www.instagram.com\/ikuchyne.sk\/\",\"https:\/\/sk.pinterest.com\/ikuchynesk\/\"]}]}<\/script>\n<!-- \/ Yoast SEO plugin. -->","yoast_head_json":{"title":"Kreslo Big Dutch zelen\u00e1 zamat \u00bb &#187; iKuchyne iSHOP s n\u00e1bytkom","description":"Kreslo Big Dutch zelen\u00e1 zamat \u00bb - r\u00fdchle dodanie, poradenstvo, n\u00e1bytok skladom v Bratislave s ikuchyne.sk - kuchyne na mieru.","robots":{"index":"index","follow":"follow","max-snippet":"max-snippet:-1","max-image-preview":"max-image-preview:large","max-video-preview":"max-video-preview:-1"},"canonical":"https:\/\/www.ikuchyne.sk\/eshop\/produkt\/kreslo-big-dutch-zelena-zamat\/","og_locale":"sk_SK","og_type":"article","og_title":"Kreslo Big Dutch zelen\u00e1 zamat \u00bb &#187; iKuchyne iSHOP s n\u00e1bytkom","og_description":"Kreslo Big Dutch zelen\u00e1 zamat \u00bb - r\u00fdchle dodanie, poradenstvo, n\u00e1bytok skladom v Bratislave s ikuchyne.sk - kuchyne na mieru.","og_url":"https:\/\/www.ikuchyne.sk\/eshop\/produkt\/kreslo-big-dutch-zelena-zamat\/","og_site_name":"iKuchyne iSHOP s n\u00e1bytkom","article_publisher":"https:\/\/www.facebook.com\/ikuchyne\/","article_modified_time":"2021-06-07T03:10:39+00:00","og_image":[{"width":800,"height":533,"url":"https:\/\/www.ikuchyne.sk\/eshop\/wp-content\/uploads\/2020\/05\/Kreslo-Big-Dutch-smaragdzelen\u00e1-zamat-Armlehne-40011.jpg","type":"image\/jpeg"}],"twitter_card":"summary_large_image","twitter_misc":{"Predpokladan\u00fd \u010das \u010d\u00edtania":"2 min\u00faty"},"schema":{"@context":"https:\/\/schema.org","@graph":[{"@type":"WebPage","@id":"https:\/\/www.ikuchyne.sk\/eshop\/produkt\/kreslo-big-dutch-zelena-zamat\/","url":"https:\/\/www.ikuchyne.sk\/eshop\/produkt\/kreslo-big-dutch-zelena-zamat\/","name":"Kreslo Big Dutch zelen\u00e1 zamat \u00bb &#187; iKuchyne iSHOP s n\u00e1bytkom","isPartOf":{"@id":"https:\/\/www.ikuchyne.sk\/eshop\/#website"},"datePublished":"2020-05-13T15:00:22+00:00","dateModified":"2021-06-07T03:10:39+00:00","description":"Kreslo Big Dutch zelen\u00e1 zamat \u00bb - r\u00fdchle dodanie, poradenstvo, n\u00e1bytok skladom v Bratislave s ikuchyne.sk - kuchyne na mieru.","breadcrumb":{"@id":"https:\/\/www.ikuchyne.sk\/eshop\/produkt\/kreslo-big-dutch-zelena-zamat\/#breadcrumb"},"inLanguage":"sk-SK","potentialAction":[{"@type":"ReadAction","target":["https:\/\/www.ikuchyne.sk\/eshop\/produkt\/kreslo-big-dutch-zelena-zamat\/"]}]},{"@type":"BreadcrumbList","@id":"https:\/\/www.ikuchyne.sk\/eshop\/produkt\/kreslo-big-dutch-zelena-zamat\/#breadcrumb","itemListElement":[{"@type":"ListItem","position":1,"name":"Home","item":"https:\/\/www.ikuchyne.sk\/eshop\/"},{"@type":"ListItem","position":2,"name":"Obchod","item":"https:\/\/www.ikuchyne.sk\/eshop\/obchod\/"},{"@type":"ListItem","position":3,"name":"Kreslo Big Dutch zelen\u00e1 zamat \u00bb"}]},{"@type":"WebSite","@id":"https:\/\/www.ikuchyne.sk\/eshop\/#website","url":"https:\/\/www.ikuchyne.sk\/eshop\/","name":"iKuchyne iSHOP s n\u00e1bytkom","description":"Jed\u00e1lensk\u00e9 stoly, stoli\u010dky, n\u00e1bytok, svietidl\u00e1...","publisher":{"@id":"https:\/\/www.ikuchyne.sk\/eshop\/#organization"},"potentialAction":[{"@type":"SearchAction","target":{"@type":"EntryPoint","urlTemplate":"https:\/\/www.ikuchyne.sk\/eshop\/?s={search_term_string}"},"query-input":"required name=search_term_string"}],"inLanguage":"sk-SK"},{"@type":"Organization","@id":"https:\/\/www.ikuchyne.sk\/eshop\/#organization","name":"ikuchyne!","url":"https:\/\/www.ikuchyne.sk\/eshop\/","logo":{"@type":"ImageObject","inLanguage":"sk-SK","@id":"https:\/\/www.ikuchyne.sk\/eshop\/#\/schema\/logo\/image\/","url":"https:\/\/www.ikuchyne.sk\/eshop\/wp-content\/uploads\/2017\/04\/ikuchyne-logo.jpg","contentUrl":"https:\/\/www.ikuchyne.sk\/eshop\/wp-content\/uploads\/2017\/04\/ikuchyne-logo.jpg","width":200,"height":48,"caption":"ikuchyne!"},"image":{"@id":"https:\/\/www.ikuchyne.sk\/eshop\/#\/schema\/logo\/image\/"},"sameAs":["https:\/\/www.facebook.com\/ikuchyne\/","https:\/\/www.instagram.com\/ikuchyne.sk\/","https:\/\/sk.pinterest.com\/ikuchynesk\/"]}]}},"_links":{"self":[{"href":"https:\/\/www.ikuchyne.sk\/eshop\/wp-json\/wp\/v2\/product\/128326"}],"collection":[{"href":"https:\/\/www.ikuchyne.sk\/eshop\/wp-json\/wp\/v2\/product"}],"about":[{"href":"https:\/\/www.ikuchyne.sk\/eshop\/wp-json\/wp\/v2\/types\/product"}],"replies":[{"embeddable":true,"href":"https:\/\/www.ikuchyne.sk\/eshop\/wp-json\/wp\/v2\/comments?post=128326"}],"wp:featuredmedia":[{"embeddable":true,"href":"https:\/\/www.ikuchyne.sk\/eshop\/wp-json\/wp\/v2\/media\/128327"}],"wp:attachment":[{"href":"https:\/\/www.ikuchyne.sk\/eshop\/wp-json\/wp\/v2\/media?parent=128326"}],"wp:term":[{"taxonomy":"product_cat","embeddable":true,"href":"https:\/\/www.ikuchyne.sk\/eshop\/wp-json\/wp\/v2\/product_cat?post=128326"},{"taxonomy":"product_tag","embeddable":true,"href":"https:\/\/www.ikuchyne.sk\/eshop\/wp-json\/wp\/v2\/product_tag?post=128326"}],"curies":[{"name":"wp","href":"https:\/\/api.w.org\/{rel}","templated":true}]}}