{"id":128543,"date":"2020-05-15T17:33:07","date_gmt":"2020-05-15T15:33:07","guid":{"rendered":"https:\/\/www.ikuchyne.sk\/eshop\/?post_type=product&#038;p=128543"},"modified":"2021-06-07T04:12:17","modified_gmt":"2021-06-07T02:12:17","slug":"konferencny-stolik-elements-set-2ks-sheesham-smoke","status":"publish","type":"product","link":"https:\/\/www.ikuchyne.sk\/eshop\/produkt\/konferencny-stolik-elements-set-2ks-sheesham-smoke\/","title":{"rendered":"Konferen\u010dn\u00fd stol\u00edk Elements set 2ks smoke \u00bb"},"content":{"rendered":"<h1>Konferen\u010dn\u00fd stol\u00edk Elements set 2ks smoke \u00bb<\/h1>\n<h4><strong>V\u0161eobecn\u00fd popis:<\/strong><\/h4>\n<p>Konferen\u010dn\u00fd stol\u00edk Elements set 2ks smoke vyroben\u00fd zo sheeshamov\u00e9ho dreva so zauj\u00edmav\u00fdm pr\u00edrodn\u00fdm vzh\u013eadom a \u0161ed\u00fdm dymov\u00fdm povrchom. \u010cierny kov vytv\u00e1ra ve\u013ek\u00fd kontrast so sheeshamom v pr\u00edrodnom a dymovom preveden\u00ed. Stol\u00edky je mo\u017en\u00e9 z d\u00f4vodu \u00faspory miesta pos\u00fava\u0165 jeden pod druh\u00fd. Pre modern\u00fd a z\u00e1rove\u0148 pr\u00edrodn\u00fd vkus do va\u0161ej ob\u00fdva\u010dky.<\/p>\n<p>Pr\u00edroda sa stret\u00e1va s modernos\u0165ou. Odkladacie stol\u00edky ELEMENTS kombinuj\u00fa modern\u00fd priemyseln\u00fd vzh\u013ead s pr\u00edrodn\u00fdm retro dizajnom. \u00da\u017easn\u00e9 zrno sheeshamov\u00e9ho dreva v tmavej farbe a s dymov\u00fdm povrchom dod\u00e1va stolom p\u00f4vabn\u00fd n\u00e1dych a vytv\u00e1ra skvel\u00fd kontrast k \u010diernemu r\u00e1mu. Sheeshamov\u00e9 drevo stol\u00edkov bolo opracovan\u00e9 tak, aby vytv\u00e1rali zauj\u00edmav\u00fd pr\u00edrodn\u00fd vzh\u013ead, ktor\u00fd je miestami s dymov\u00fdm povrchom. V\u00fdsledkom je, \u017ee dosky stola si svoj\u00edm pr\u00edrodn\u00fdm vzh\u013eadom a jedine\u010dn\u00fdm zrnom sheeshamu z\u00edskaj\u00fa ka\u017ed\u00e9ho.<\/p>\n<p>Bezkonkuren\u010dn\u00e9 duo, ktor\u00e9 zaujme. \u010ci u\u017e ako dekorat\u00edvny prvok vo va\u0161ej ob\u00fdva\u010dke alebo ako pr\u00edru\u010dn\u00fd stol\u00edk v ob\u00fdvacej izbe, kombin\u00e1cia t\u00fdchto dvoch stol\u00edkov sa d\u00e1 \u00fa\u017easne flexibilne vyu\u017ei\u0165. Tieto dva stoly je tie\u017e mo\u017en\u00e9 postavi\u0165 oddelene od seba a prida\u0165 hodnotu ka\u017edej ob\u00fdvacej izbe. Te\u0161te sa na kr\u00e1sne pr\u00edru\u010dn\u00e9 stol\u00edky, ktor\u00e9 sa dobre hodia do ka\u017ed\u00e9ho interi\u00e9ru.<\/p>\n<h4><strong>Detaily produktu:<\/strong><\/h4>\n<p>Preto\u017ee sa jedn\u00e1 o pr\u00edrodn\u00fd produkt, ka\u017ed\u00e1 k\u00f3pia je \u00faplne jedine\u010dn\u00e1. Nerovnosti, farebn\u00e9 prechody, charizmatick\u00e9 uzly, praskliny alebo dokonca rozmerov\u00e9 rozdiely s\u00fa mo\u017en\u00e9 a vytv\u00e1raj\u00fa originalitu a vytv\u00e1raj\u00fa \u010daro mas\u00edvneho dreva. \u017diadny z t\u00fdchto d\u00f4vodov nie je d\u00f4vod na reklam\u00e1ciu. V\u010faka svojej kon\u0161trukcii je mo\u017en\u00e9 men\u0161\u00ed stol\u00edk zasun\u00fa\u0165 pod v\u00e4\u010d\u0161\u00ed. Vhodn\u00e9 bytov\u00e9 doplnky pre kombinovanie interi\u00e9ru s t\u00fdmto konferen\u010dn\u00fdm stol\u00edkom n\u00e1jdete na na\u0161om e-shope v sekcii Bytov\u00e9 doplnky. Kontaktujte n\u00e1s a my v\u00e1m radi pom\u00f4\u017eeme s v\u00fdberom vhodn\u00fdch dekor\u00e1ci\u00ed.<\/p>\n<p><strong>\u010eal\u0161ie inform\u00e1cie:<br \/>\n<\/strong>Ka\u017ed\u00fd stol\u00edk je unik\u00e1t, tak\u017ee jednotliv\u00e9 kusy sa m\u00f4\u017eu od seba mierne l\u00ed\u0161i\u0165.\u00a0 Originalita dreva je sp\u00f4soben\u00e1 \u0161irokou \u0161k\u00e1lou farieb a kresieb. Utierajte suchou handri\u010dkou. Raz mesa\u010dne povrch stol\u00edka o\u0161etrujte olejom, najlep\u0161ie s\u00a0\u010distiacou zlo\u017ekou. Olej naneste v\u00a0dostato\u010dnou mno\u017estve na dosku, nechajte chv\u00ed\u013eu p\u00f4sobi\u0165 a\u00a0potom ho zotrite suchou m\u00e4kkou handri\u010dkou.<\/p>\n<p><b>Rozmery<\/b> (cca):<br \/>\nve\u013ek\u00fd st\u00f4l: 75cm x 40cm x 75cm (\u0160xVxH)<br \/>\nmal\u00fd st\u00f4l: 65cm x 35cm x 65cm (\u0160xVxH)<br \/>\nhr\u00fabka dosky stola: 16mm<br \/>\nnohy stola: 2cm x 2cm (\u0160xH)<br \/>\n<b><\/b><\/p>\n<p><b>Farba:<\/b> pr\u00edrodn\u00e1, siv\u00e1<br \/>\n<b>Materi\u00e1l:<\/b> drevo (mas\u00edv), sheesham, lak, kov<br \/>\nRu\u0107n\u00e1 pr\u00e1ca.<\/p>\n<p>Dodato\u010dn\u00e9 inform\u00e1cie:<\/p>\n<p>V pr\u00edpade z\u00e1ujmu o in\u00e9 stoly ako toaletn\u00e9, p\u00edsacie, konferen\u010dn\u00e9 stol\u00edky \u010di jed\u00e1lensk\u00e9 stoly, nav\u0161t\u00edvte sekciu stoly na <a href=\"https:\/\/www.ikuchyne.sk\/eshop\/kategoria\/stoly\/\">www.ikuchyne.sk\/eshop<\/a><br \/>\nV pr\u00edpade z\u00e1ujmu o n\u00e1bytok na mieru n\u00e1s kontaktuje na <a href=\"http:\/\/www.ikuchyne.sk\">www.ikuchyne.sk<\/a><\/p>\n","protected":false},"excerpt":{"rendered":"<p>Konferen\u010dn\u00fd stol\u00edk Elements set 2ks smoke \u00bb V\u0161eobecn\u00fd popis: Konferen\u010dn\u00fd stol\u00edk Elements set 2ks smoke vyroben\u00fd zo sheeshamov\u00e9ho dreva so zauj\u00edmav\u00fdm pr\u00edrodn\u00fdm vzh\u013eadom a \u0161ed\u00fdm dymov\u00fdm povrchom. \u010cierny kov vytv\u00e1ra<\/p>\n","protected":false},"featured_media":128544,"comment_status":"closed","ping_status":"closed","template":"","meta":[],"product_cat":[834,842,304,837,839,772,287],"product_tag":[883,198,2898],"yoast_head":"<!-- This site is optimized with the Yoast SEO plugin v22.1 - https:\/\/yoast.com\/wordpress\/plugins\/seo\/ -->\n<title>Konferen\u010dn\u00fd stol\u00edk Elements set 2ks smoke &#187; iKuchyne iSHOP s n\u00e1bytkom<\/title>\n<meta name=\"description\" content=\"Konferen\u010dn\u00fd stol\u00edk Elements set 2ks smoke \u00bb - r\u00fdchle dodanie, poradenstvo, n\u00e1bytok skladom v Bratislave s ikuchyne.sk - kuchyne na mieru.\" \/>\n<meta name=\"robots\" content=\"index, follow, max-snippet:-1, max-image-preview:large, max-video-preview:-1\" \/>\n<link rel=\"canonical\" href=\"https:\/\/www.ikuchyne.sk\/eshop\/produkt\/konferencny-stolik-elements-set-2ks-sheesham-smoke\/\" \/>\n<meta property=\"og:locale\" content=\"sk_SK\" \/>\n<meta property=\"og:type\" content=\"article\" \/>\n<meta property=\"og:title\" content=\"Konferen\u010dn\u00fd stol\u00edk Elements set 2ks smoke &#187; iKuchyne iSHOP s n\u00e1bytkom\" \/>\n<meta property=\"og:description\" content=\"Konferen\u010dn\u00fd stol\u00edk Elements set 2ks smoke \u00bb - r\u00fdchle dodanie, poradenstvo, n\u00e1bytok skladom v Bratislave s ikuchyne.sk - kuchyne na mieru.\" \/>\n<meta property=\"og:url\" content=\"https:\/\/www.ikuchyne.sk\/eshop\/produkt\/konferencny-stolik-elements-set-2ks-sheesham-smoke\/\" \/>\n<meta property=\"og:site_name\" content=\"iKuchyne iSHOP s n\u00e1bytkom\" \/>\n<meta property=\"article:publisher\" content=\"https:\/\/www.facebook.com\/ikuchyne\/\" \/>\n<meta property=\"article:modified_time\" content=\"2021-06-07T02:12:17+00:00\" \/>\n<meta property=\"og:image\" content=\"https:\/\/www.ikuchyne.sk\/eshop\/wp-content\/uploads\/2020\/05\/Konferen\u010dn\u00fd-stol\u00edk-Elements-set-2ks-sheesham-smoke-40281.jpg\" \/>\n\t<meta property=\"og:image:width\" content=\"800\" \/>\n\t<meta property=\"og:image:height\" content=\"533\" \/>\n\t<meta property=\"og:image:type\" content=\"image\/jpeg\" \/>\n<meta name=\"twitter:card\" content=\"summary_large_image\" \/>\n<meta name=\"twitter:label1\" content=\"Predpokladan\u00fd \u010das \u010d\u00edtania\" \/>\n\t<meta name=\"twitter:data1\" content=\"2 min\u00faty\" \/>\n<script type=\"application\/ld+json\" class=\"yoast-schema-graph\">{\"@context\":\"https:\/\/schema.org\",\"@graph\":[{\"@type\":\"WebPage\",\"@id\":\"https:\/\/www.ikuchyne.sk\/eshop\/produkt\/konferencny-stolik-elements-set-2ks-sheesham-smoke\/\",\"url\":\"https:\/\/www.ikuchyne.sk\/eshop\/produkt\/konferencny-stolik-elements-set-2ks-sheesham-smoke\/\",\"name\":\"Konferen\u010dn\u00fd stol\u00edk Elements set 2ks smoke &#187; iKuchyne iSHOP s n\u00e1bytkom\",\"isPartOf\":{\"@id\":\"https:\/\/www.ikuchyne.sk\/eshop\/#website\"},\"datePublished\":\"2020-05-15T15:33:07+00:00\",\"dateModified\":\"2021-06-07T02:12:17+00:00\",\"description\":\"Konferen\u010dn\u00fd stol\u00edk Elements set 2ks smoke \u00bb - r\u00fdchle dodanie, poradenstvo, n\u00e1bytok skladom v Bratislave s ikuchyne.sk - kuchyne na mieru.\",\"breadcrumb\":{\"@id\":\"https:\/\/www.ikuchyne.sk\/eshop\/produkt\/konferencny-stolik-elements-set-2ks-sheesham-smoke\/#breadcrumb\"},\"inLanguage\":\"sk-SK\",\"potentialAction\":[{\"@type\":\"ReadAction\",\"target\":[\"https:\/\/www.ikuchyne.sk\/eshop\/produkt\/konferencny-stolik-elements-set-2ks-sheesham-smoke\/\"]}]},{\"@type\":\"BreadcrumbList\",\"@id\":\"https:\/\/www.ikuchyne.sk\/eshop\/produkt\/konferencny-stolik-elements-set-2ks-sheesham-smoke\/#breadcrumb\",\"itemListElement\":[{\"@type\":\"ListItem\",\"position\":1,\"name\":\"Home\",\"item\":\"https:\/\/www.ikuchyne.sk\/eshop\/\"},{\"@type\":\"ListItem\",\"position\":2,\"name\":\"Obchod\",\"item\":\"https:\/\/www.ikuchyne.sk\/eshop\/obchod\/\"},{\"@type\":\"ListItem\",\"position\":3,\"name\":\"Konferen\u010dn\u00fd stol\u00edk Elements set 2ks smoke \u00bb\"}]},{\"@type\":\"WebSite\",\"@id\":\"https:\/\/www.ikuchyne.sk\/eshop\/#website\",\"url\":\"https:\/\/www.ikuchyne.sk\/eshop\/\",\"name\":\"iKuchyne iSHOP s n\u00e1bytkom\",\"description\":\"Jed\u00e1lensk\u00e9 stoly, stoli\u010dky, n\u00e1bytok, svietidl\u00e1...\",\"publisher\":{\"@id\":\"https:\/\/www.ikuchyne.sk\/eshop\/#organization\"},\"potentialAction\":[{\"@type\":\"SearchAction\",\"target\":{\"@type\":\"EntryPoint\",\"urlTemplate\":\"https:\/\/www.ikuchyne.sk\/eshop\/?s={search_term_string}\"},\"query-input\":\"required name=search_term_string\"}],\"inLanguage\":\"sk-SK\"},{\"@type\":\"Organization\",\"@id\":\"https:\/\/www.ikuchyne.sk\/eshop\/#organization\",\"name\":\"ikuchyne!\",\"url\":\"https:\/\/www.ikuchyne.sk\/eshop\/\",\"logo\":{\"@type\":\"ImageObject\",\"inLanguage\":\"sk-SK\",\"@id\":\"https:\/\/www.ikuchyne.sk\/eshop\/#\/schema\/logo\/image\/\",\"url\":\"https:\/\/www.ikuchyne.sk\/eshop\/wp-content\/uploads\/2017\/04\/ikuchyne-logo.jpg\",\"contentUrl\":\"https:\/\/www.ikuchyne.sk\/eshop\/wp-content\/uploads\/2017\/04\/ikuchyne-logo.jpg\",\"width\":200,\"height\":48,\"caption\":\"ikuchyne!\"},\"image\":{\"@id\":\"https:\/\/www.ikuchyne.sk\/eshop\/#\/schema\/logo\/image\/\"},\"sameAs\":[\"https:\/\/www.facebook.com\/ikuchyne\/\",\"https:\/\/www.instagram.com\/ikuchyne.sk\/\",\"https:\/\/sk.pinterest.com\/ikuchynesk\/\"]}]}<\/script>\n<!-- \/ Yoast SEO plugin. -->","yoast_head_json":{"title":"Konferen\u010dn\u00fd stol\u00edk Elements set 2ks smoke &#187; iKuchyne iSHOP s n\u00e1bytkom","description":"Konferen\u010dn\u00fd stol\u00edk Elements set 2ks smoke \u00bb - r\u00fdchle dodanie, poradenstvo, n\u00e1bytok skladom v Bratislave s ikuchyne.sk - kuchyne na mieru.","robots":{"index":"index","follow":"follow","max-snippet":"max-snippet:-1","max-image-preview":"max-image-preview:large","max-video-preview":"max-video-preview:-1"},"canonical":"https:\/\/www.ikuchyne.sk\/eshop\/produkt\/konferencny-stolik-elements-set-2ks-sheesham-smoke\/","og_locale":"sk_SK","og_type":"article","og_title":"Konferen\u010dn\u00fd stol\u00edk Elements set 2ks smoke &#187; iKuchyne iSHOP s n\u00e1bytkom","og_description":"Konferen\u010dn\u00fd stol\u00edk Elements set 2ks smoke \u00bb - r\u00fdchle dodanie, poradenstvo, n\u00e1bytok skladom v Bratislave s ikuchyne.sk - kuchyne na mieru.","og_url":"https:\/\/www.ikuchyne.sk\/eshop\/produkt\/konferencny-stolik-elements-set-2ks-sheesham-smoke\/","og_site_name":"iKuchyne iSHOP s n\u00e1bytkom","article_publisher":"https:\/\/www.facebook.com\/ikuchyne\/","article_modified_time":"2021-06-07T02:12:17+00:00","og_image":[{"width":800,"height":533,"url":"https:\/\/www.ikuchyne.sk\/eshop\/wp-content\/uploads\/2020\/05\/Konferen\u010dn\u00fd-stol\u00edk-Elements-set-2ks-sheesham-smoke-40281.jpg","type":"image\/jpeg"}],"twitter_card":"summary_large_image","twitter_misc":{"Predpokladan\u00fd \u010das \u010d\u00edtania":"2 min\u00faty"},"schema":{"@context":"https:\/\/schema.org","@graph":[{"@type":"WebPage","@id":"https:\/\/www.ikuchyne.sk\/eshop\/produkt\/konferencny-stolik-elements-set-2ks-sheesham-smoke\/","url":"https:\/\/www.ikuchyne.sk\/eshop\/produkt\/konferencny-stolik-elements-set-2ks-sheesham-smoke\/","name":"Konferen\u010dn\u00fd stol\u00edk Elements set 2ks smoke &#187; iKuchyne iSHOP s n\u00e1bytkom","isPartOf":{"@id":"https:\/\/www.ikuchyne.sk\/eshop\/#website"},"datePublished":"2020-05-15T15:33:07+00:00","dateModified":"2021-06-07T02:12:17+00:00","description":"Konferen\u010dn\u00fd stol\u00edk Elements set 2ks smoke \u00bb - r\u00fdchle dodanie, poradenstvo, n\u00e1bytok skladom v Bratislave s ikuchyne.sk - kuchyne na mieru.","breadcrumb":{"@id":"https:\/\/www.ikuchyne.sk\/eshop\/produkt\/konferencny-stolik-elements-set-2ks-sheesham-smoke\/#breadcrumb"},"inLanguage":"sk-SK","potentialAction":[{"@type":"ReadAction","target":["https:\/\/www.ikuchyne.sk\/eshop\/produkt\/konferencny-stolik-elements-set-2ks-sheesham-smoke\/"]}]},{"@type":"BreadcrumbList","@id":"https:\/\/www.ikuchyne.sk\/eshop\/produkt\/konferencny-stolik-elements-set-2ks-sheesham-smoke\/#breadcrumb","itemListElement":[{"@type":"ListItem","position":1,"name":"Home","item":"https:\/\/www.ikuchyne.sk\/eshop\/"},{"@type":"ListItem","position":2,"name":"Obchod","item":"https:\/\/www.ikuchyne.sk\/eshop\/obchod\/"},{"@type":"ListItem","position":3,"name":"Konferen\u010dn\u00fd stol\u00edk Elements set 2ks smoke \u00bb"}]},{"@type":"WebSite","@id":"https:\/\/www.ikuchyne.sk\/eshop\/#website","url":"https:\/\/www.ikuchyne.sk\/eshop\/","name":"iKuchyne iSHOP s n\u00e1bytkom","description":"Jed\u00e1lensk\u00e9 stoly, stoli\u010dky, n\u00e1bytok, svietidl\u00e1...","publisher":{"@id":"https:\/\/www.ikuchyne.sk\/eshop\/#organization"},"potentialAction":[{"@type":"SearchAction","target":{"@type":"EntryPoint","urlTemplate":"https:\/\/www.ikuchyne.sk\/eshop\/?s={search_term_string}"},"query-input":"required name=search_term_string"}],"inLanguage":"sk-SK"},{"@type":"Organization","@id":"https:\/\/www.ikuchyne.sk\/eshop\/#organization","name":"ikuchyne!","url":"https:\/\/www.ikuchyne.sk\/eshop\/","logo":{"@type":"ImageObject","inLanguage":"sk-SK","@id":"https:\/\/www.ikuchyne.sk\/eshop\/#\/schema\/logo\/image\/","url":"https:\/\/www.ikuchyne.sk\/eshop\/wp-content\/uploads\/2017\/04\/ikuchyne-logo.jpg","contentUrl":"https:\/\/www.ikuchyne.sk\/eshop\/wp-content\/uploads\/2017\/04\/ikuchyne-logo.jpg","width":200,"height":48,"caption":"ikuchyne!"},"image":{"@id":"https:\/\/www.ikuchyne.sk\/eshop\/#\/schema\/logo\/image\/"},"sameAs":["https:\/\/www.facebook.com\/ikuchyne\/","https:\/\/www.instagram.com\/ikuchyne.sk\/","https:\/\/sk.pinterest.com\/ikuchynesk\/"]}]}},"_links":{"self":[{"href":"https:\/\/www.ikuchyne.sk\/eshop\/wp-json\/wp\/v2\/product\/128543"}],"collection":[{"href":"https:\/\/www.ikuchyne.sk\/eshop\/wp-json\/wp\/v2\/product"}],"about":[{"href":"https:\/\/www.ikuchyne.sk\/eshop\/wp-json\/wp\/v2\/types\/product"}],"replies":[{"embeddable":true,"href":"https:\/\/www.ikuchyne.sk\/eshop\/wp-json\/wp\/v2\/comments?post=128543"}],"wp:featuredmedia":[{"embeddable":true,"href":"https:\/\/www.ikuchyne.sk\/eshop\/wp-json\/wp\/v2\/media\/128544"}],"wp:attachment":[{"href":"https:\/\/www.ikuchyne.sk\/eshop\/wp-json\/wp\/v2\/media?parent=128543"}],"wp:term":[{"taxonomy":"product_cat","embeddable":true,"href":"https:\/\/www.ikuchyne.sk\/eshop\/wp-json\/wp\/v2\/product_cat?post=128543"},{"taxonomy":"product_tag","embeddable":true,"href":"https:\/\/www.ikuchyne.sk\/eshop\/wp-json\/wp\/v2\/product_tag?post=128543"}],"curies":[{"name":"wp","href":"https:\/\/api.w.org\/{rel}","templated":true}]}}