{"id":128979,"date":"2020-05-28T00:44:38","date_gmt":"2020-05-27T22:44:38","guid":{"rendered":"https:\/\/www.ikuchyne.sk\/eshop\/?post_type=product&#038;p=128979"},"modified":"2024-02-21T00:19:07","modified_gmt":"2024-02-20T23:19:07","slug":"antracitova-rozkladacia-pohovka-scandinavia-210cm","status":"publish","type":"product","link":"https:\/\/www.ikuchyne.sk\/eshop\/produkt\/antracitova-rozkladacia-pohovka-scandinavia-210cm\/","title":{"rendered":"Antracitov\u00e1 rozkladacia pohovka Scandinavia 210cm \u00bb"},"content":{"rendered":"<h1>Antracitov\u00e1 rozkladacia pohovka Scandinavia 210cm \u00bb<\/h1>\n<p><strong>V\u0161eobecn\u00fd popis:<\/strong><br \/>\nDizajnov\u00e1 rozkladacia pohovka SCANDINAVIA prin\u00e1\u0161a do v\u00e1\u0161ho domova nordick\u00fa \u013eahkos\u0165 a n\u00e1dych elegancie. Pon\u00faka mnoho origin\u00e1lnych funkci\u00ed s vysoko kvalitnou \u0161trukt\u00farou v u\u0161\u013eachtilom dizajne. V\u010faka zacvak\u00e1vaciemu mechanizmu sa d\u00e1 \u013eahko zmeni\u0165 na rozkladaciu pohovku.\u00a0To v\u0161ak nie je v\u0161etko: pohovka XXL s funkciou postele presved\u010d\u00ed svojou vysokou \u00farov\u0148ou pohodlia a \u010dal\u00fanen\u00edm zachov\u00e1vaj\u00facim tvar. D\u00f4vodom je p\u00f4sobiv\u00e1 d\u013a\u017eka 210 cm. Na tomto gau\u010di bud\u00fa va\u0161i hostia spa\u0165 ako v oblakoch a nebud\u00fa sa c\u00edti\u0165 zovret\u00ed v\u010faka priestrannej ploche na le\u017eanie.<\/p>\n<p><strong>Sed\u00e1k:<\/strong><br \/>\nOperadlo funk\u010dnej seda\u010dky je nastavite\u013en\u00e9 v troch stup\u0148och, a tak zais\u0165uje optim\u00e1lne pohodlie pri seden\u00ed.<\/p>\n<p><strong>Podno\u017e:<\/strong><br \/>\nSeda\u010dka m\u00e1 dubov\u00e9 dreven\u00e9 nohy typick\u00e9 pre \u0161kandin\u00e1vsky \u0161t\u00fdl.<\/p>\n<p><strong>\u010eal\u0161ie inform\u00e1cie:<\/strong><br \/>\nAk sa vyskytne nehoda a nie\u010do sa vyleje, plat\u00ed to ist\u00e9 ako pri v\u0161etk\u00fdch ostatn\u00fdch povrchoch: vyplat\u00ed sa by\u0165 r\u00fdchly! \u010c\u00edm sk\u00f4r je \u0161kvrna odstr\u00e1nen\u00e1, t\u00fdm men\u0161ie je riziko zmeny farby. Na odstr\u00e1nenie pou\u017eite najprv sav\u00fd uter\u00e1k a nesk\u00f4r handri\u010dku namo\u010den\u00fa v myslovej vode.<\/p>\n<p><b>Rozmery<\/b> (cca): 210cm x 80cm x 80cm (\u0160xVxH)<br \/>\nsedenie: 190cm x 40cm x 55cm (\u0160xVxH)<br \/>\nv\u00fd\u0161ka lak\u0165ovej opierky: 60cm<br \/>\nle\u017eovisko: 190cm x 105cm<br \/>\n<b><\/b><\/p>\n<p><b>Farba:<\/b> antracitov\u00e1<br \/>\n<b>Materi\u00e1l:<\/b> vrecovina<\/p>\n","protected":false},"excerpt":{"rendered":"<p>Antracitov\u00e1 rozkladacia pohovka Scandinavia 210cm \u00bb V\u0161eobecn\u00fd popis: Dizajnov\u00e1 rozkladacia pohovka SCANDINAVIA prin\u00e1\u0161a do v\u00e1\u0161ho domova nordick\u00fa \u013eahkos\u0165 a n\u00e1dych elegancie. Pon\u00faka mnoho origin\u00e1lnych funkci\u00ed s vysoko kvalitnou \u0161trukt\u00farou v<\/p>\n","protected":false},"featured_media":128980,"comment_status":"closed","ping_status":"closed","template":"","meta":[],"product_cat":[772,603,600],"product_tag":[317],"yoast_head":"<!-- This site is optimized with the Yoast SEO plugin v22.1 - https:\/\/yoast.com\/wordpress\/plugins\/seo\/ -->\n<title>Antracitov\u00e1 rozkladacia pohovka Scandinavia 210cm \u00bb iKuchyne iSHOP s n\u00e1bytkom<\/title>\n<meta name=\"description\" content=\"K\u00fapte si u n\u00e1s Antracitov\u00e1 rozkladacia pohovka Scandinavia 210cm \u00bb za akciov\u00fa cenu. R\u00fdchle dodanie tovaru, odborn\u00e9 poradenstvo a stovky produktov skladom.\" \/>\n<meta name=\"robots\" content=\"index, follow, max-snippet:-1, max-image-preview:large, max-video-preview:-1\" \/>\n<link rel=\"canonical\" href=\"https:\/\/www.ikuchyne.sk\/eshop\/produkt\/antracitova-rozkladacia-pohovka-scandinavia-210cm\/\" \/>\n<meta property=\"og:locale\" content=\"sk_SK\" \/>\n<meta property=\"og:type\" content=\"article\" \/>\n<meta property=\"og:title\" content=\"Antracitov\u00e1 rozkladacia pohovka Scandinavia 210cm \u00bb iKuchyne iSHOP s n\u00e1bytkom\" \/>\n<meta property=\"og:description\" content=\"K\u00fapte si u n\u00e1s Antracitov\u00e1 rozkladacia pohovka Scandinavia 210cm \u00bb za akciov\u00fa cenu. R\u00fdchle dodanie tovaru, odborn\u00e9 poradenstvo a stovky produktov skladom.\" \/>\n<meta property=\"og:url\" content=\"https:\/\/www.ikuchyne.sk\/eshop\/produkt\/antracitova-rozkladacia-pohovka-scandinavia-210cm\/\" \/>\n<meta property=\"og:site_name\" content=\"iKuchyne iSHOP s n\u00e1bytkom\" \/>\n<meta property=\"article:publisher\" content=\"https:\/\/www.facebook.com\/ikuchyne\/\" \/>\n<meta property=\"article:modified_time\" content=\"2024-02-20T23:19:07+00:00\" \/>\n<meta property=\"og:image\" content=\"https:\/\/www.ikuchyne.sk\/eshop\/wp-content\/uploads\/2020\/05\/Rozkladacia-pohovka-Scandinavia-210cm-antracit-39248.jpg\" \/>\n\t<meta property=\"og:image:width\" content=\"800\" \/>\n\t<meta property=\"og:image:height\" content=\"533\" \/>\n\t<meta property=\"og:image:type\" content=\"image\/jpeg\" \/>\n<meta name=\"twitter:card\" content=\"summary_large_image\" \/>\n<meta name=\"twitter:label1\" content=\"Predpokladan\u00fd \u010das \u010d\u00edtania\" \/>\n\t<meta name=\"twitter:data1\" content=\"1 min\u00fata\" \/>\n<script type=\"application\/ld+json\" class=\"yoast-schema-graph\">{\"@context\":\"https:\/\/schema.org\",\"@graph\":[{\"@type\":\"WebPage\",\"@id\":\"https:\/\/www.ikuchyne.sk\/eshop\/produkt\/antracitova-rozkladacia-pohovka-scandinavia-210cm\/\",\"url\":\"https:\/\/www.ikuchyne.sk\/eshop\/produkt\/antracitova-rozkladacia-pohovka-scandinavia-210cm\/\",\"name\":\"Antracitov\u00e1 rozkladacia pohovka Scandinavia 210cm \u00bb iKuchyne iSHOP s n\u00e1bytkom\",\"isPartOf\":{\"@id\":\"https:\/\/www.ikuchyne.sk\/eshop\/#website\"},\"datePublished\":\"2020-05-27T22:44:38+00:00\",\"dateModified\":\"2024-02-20T23:19:07+00:00\",\"description\":\"K\u00fapte si u n\u00e1s Antracitov\u00e1 rozkladacia pohovka Scandinavia 210cm \u00bb za akciov\u00fa cenu. R\u00fdchle dodanie tovaru, odborn\u00e9 poradenstvo a stovky produktov skladom.\",\"breadcrumb\":{\"@id\":\"https:\/\/www.ikuchyne.sk\/eshop\/produkt\/antracitova-rozkladacia-pohovka-scandinavia-210cm\/#breadcrumb\"},\"inLanguage\":\"sk-SK\",\"potentialAction\":[{\"@type\":\"ReadAction\",\"target\":[\"https:\/\/www.ikuchyne.sk\/eshop\/produkt\/antracitova-rozkladacia-pohovka-scandinavia-210cm\/\"]}]},{\"@type\":\"BreadcrumbList\",\"@id\":\"https:\/\/www.ikuchyne.sk\/eshop\/produkt\/antracitova-rozkladacia-pohovka-scandinavia-210cm\/#breadcrumb\",\"itemListElement\":[{\"@type\":\"ListItem\",\"position\":1,\"name\":\"Home\",\"item\":\"https:\/\/www.ikuchyne.sk\/eshop\/\"},{\"@type\":\"ListItem\",\"position\":2,\"name\":\"Obchod\",\"item\":\"https:\/\/www.ikuchyne.sk\/eshop\/obchod\/\"},{\"@type\":\"ListItem\",\"position\":3,\"name\":\"Antracitov\u00e1 rozkladacia pohovka Scandinavia 210cm \u00bb\"}]},{\"@type\":\"WebSite\",\"@id\":\"https:\/\/www.ikuchyne.sk\/eshop\/#website\",\"url\":\"https:\/\/www.ikuchyne.sk\/eshop\/\",\"name\":\"iKuchyne iSHOP s n\u00e1bytkom\",\"description\":\"Jed\u00e1lensk\u00e9 stoly, stoli\u010dky, n\u00e1bytok, svietidl\u00e1...\",\"publisher\":{\"@id\":\"https:\/\/www.ikuchyne.sk\/eshop\/#organization\"},\"potentialAction\":[{\"@type\":\"SearchAction\",\"target\":{\"@type\":\"EntryPoint\",\"urlTemplate\":\"https:\/\/www.ikuchyne.sk\/eshop\/?s={search_term_string}\"},\"query-input\":\"required name=search_term_string\"}],\"inLanguage\":\"sk-SK\"},{\"@type\":\"Organization\",\"@id\":\"https:\/\/www.ikuchyne.sk\/eshop\/#organization\",\"name\":\"ikuchyne!\",\"url\":\"https:\/\/www.ikuchyne.sk\/eshop\/\",\"logo\":{\"@type\":\"ImageObject\",\"inLanguage\":\"sk-SK\",\"@id\":\"https:\/\/www.ikuchyne.sk\/eshop\/#\/schema\/logo\/image\/\",\"url\":\"https:\/\/www.ikuchyne.sk\/eshop\/wp-content\/uploads\/2017\/04\/ikuchyne-logo.jpg\",\"contentUrl\":\"https:\/\/www.ikuchyne.sk\/eshop\/wp-content\/uploads\/2017\/04\/ikuchyne-logo.jpg\",\"width\":200,\"height\":48,\"caption\":\"ikuchyne!\"},\"image\":{\"@id\":\"https:\/\/www.ikuchyne.sk\/eshop\/#\/schema\/logo\/image\/\"},\"sameAs\":[\"https:\/\/www.facebook.com\/ikuchyne\/\",\"https:\/\/www.instagram.com\/ikuchyne.sk\/\",\"https:\/\/sk.pinterest.com\/ikuchynesk\/\"]}]}<\/script>\n<!-- \/ Yoast SEO plugin. -->","yoast_head_json":{"title":"Antracitov\u00e1 rozkladacia pohovka Scandinavia 210cm \u00bb iKuchyne iSHOP s n\u00e1bytkom","description":"K\u00fapte si u n\u00e1s Antracitov\u00e1 rozkladacia pohovka Scandinavia 210cm \u00bb za akciov\u00fa cenu. R\u00fdchle dodanie tovaru, odborn\u00e9 poradenstvo a stovky produktov skladom.","robots":{"index":"index","follow":"follow","max-snippet":"max-snippet:-1","max-image-preview":"max-image-preview:large","max-video-preview":"max-video-preview:-1"},"canonical":"https:\/\/www.ikuchyne.sk\/eshop\/produkt\/antracitova-rozkladacia-pohovka-scandinavia-210cm\/","og_locale":"sk_SK","og_type":"article","og_title":"Antracitov\u00e1 rozkladacia pohovka Scandinavia 210cm \u00bb iKuchyne iSHOP s n\u00e1bytkom","og_description":"K\u00fapte si u n\u00e1s Antracitov\u00e1 rozkladacia pohovka Scandinavia 210cm \u00bb za akciov\u00fa cenu. R\u00fdchle dodanie tovaru, odborn\u00e9 poradenstvo a stovky produktov skladom.","og_url":"https:\/\/www.ikuchyne.sk\/eshop\/produkt\/antracitova-rozkladacia-pohovka-scandinavia-210cm\/","og_site_name":"iKuchyne iSHOP s n\u00e1bytkom","article_publisher":"https:\/\/www.facebook.com\/ikuchyne\/","article_modified_time":"2024-02-20T23:19:07+00:00","og_image":[{"width":800,"height":533,"url":"https:\/\/www.ikuchyne.sk\/eshop\/wp-content\/uploads\/2020\/05\/Rozkladacia-pohovka-Scandinavia-210cm-antracit-39248.jpg","type":"image\/jpeg"}],"twitter_card":"summary_large_image","twitter_misc":{"Predpokladan\u00fd \u010das \u010d\u00edtania":"1 min\u00fata"},"schema":{"@context":"https:\/\/schema.org","@graph":[{"@type":"WebPage","@id":"https:\/\/www.ikuchyne.sk\/eshop\/produkt\/antracitova-rozkladacia-pohovka-scandinavia-210cm\/","url":"https:\/\/www.ikuchyne.sk\/eshop\/produkt\/antracitova-rozkladacia-pohovka-scandinavia-210cm\/","name":"Antracitov\u00e1 rozkladacia pohovka Scandinavia 210cm \u00bb iKuchyne iSHOP s n\u00e1bytkom","isPartOf":{"@id":"https:\/\/www.ikuchyne.sk\/eshop\/#website"},"datePublished":"2020-05-27T22:44:38+00:00","dateModified":"2024-02-20T23:19:07+00:00","description":"K\u00fapte si u n\u00e1s Antracitov\u00e1 rozkladacia pohovka Scandinavia 210cm \u00bb za akciov\u00fa cenu. R\u00fdchle dodanie tovaru, odborn\u00e9 poradenstvo a stovky produktov skladom.","breadcrumb":{"@id":"https:\/\/www.ikuchyne.sk\/eshop\/produkt\/antracitova-rozkladacia-pohovka-scandinavia-210cm\/#breadcrumb"},"inLanguage":"sk-SK","potentialAction":[{"@type":"ReadAction","target":["https:\/\/www.ikuchyne.sk\/eshop\/produkt\/antracitova-rozkladacia-pohovka-scandinavia-210cm\/"]}]},{"@type":"BreadcrumbList","@id":"https:\/\/www.ikuchyne.sk\/eshop\/produkt\/antracitova-rozkladacia-pohovka-scandinavia-210cm\/#breadcrumb","itemListElement":[{"@type":"ListItem","position":1,"name":"Home","item":"https:\/\/www.ikuchyne.sk\/eshop\/"},{"@type":"ListItem","position":2,"name":"Obchod","item":"https:\/\/www.ikuchyne.sk\/eshop\/obchod\/"},{"@type":"ListItem","position":3,"name":"Antracitov\u00e1 rozkladacia pohovka Scandinavia 210cm \u00bb"}]},{"@type":"WebSite","@id":"https:\/\/www.ikuchyne.sk\/eshop\/#website","url":"https:\/\/www.ikuchyne.sk\/eshop\/","name":"iKuchyne iSHOP s n\u00e1bytkom","description":"Jed\u00e1lensk\u00e9 stoly, stoli\u010dky, n\u00e1bytok, svietidl\u00e1...","publisher":{"@id":"https:\/\/www.ikuchyne.sk\/eshop\/#organization"},"potentialAction":[{"@type":"SearchAction","target":{"@type":"EntryPoint","urlTemplate":"https:\/\/www.ikuchyne.sk\/eshop\/?s={search_term_string}"},"query-input":"required name=search_term_string"}],"inLanguage":"sk-SK"},{"@type":"Organization","@id":"https:\/\/www.ikuchyne.sk\/eshop\/#organization","name":"ikuchyne!","url":"https:\/\/www.ikuchyne.sk\/eshop\/","logo":{"@type":"ImageObject","inLanguage":"sk-SK","@id":"https:\/\/www.ikuchyne.sk\/eshop\/#\/schema\/logo\/image\/","url":"https:\/\/www.ikuchyne.sk\/eshop\/wp-content\/uploads\/2017\/04\/ikuchyne-logo.jpg","contentUrl":"https:\/\/www.ikuchyne.sk\/eshop\/wp-content\/uploads\/2017\/04\/ikuchyne-logo.jpg","width":200,"height":48,"caption":"ikuchyne!"},"image":{"@id":"https:\/\/www.ikuchyne.sk\/eshop\/#\/schema\/logo\/image\/"},"sameAs":["https:\/\/www.facebook.com\/ikuchyne\/","https:\/\/www.instagram.com\/ikuchyne.sk\/","https:\/\/sk.pinterest.com\/ikuchynesk\/"]}]}},"_links":{"self":[{"href":"https:\/\/www.ikuchyne.sk\/eshop\/wp-json\/wp\/v2\/product\/128979"}],"collection":[{"href":"https:\/\/www.ikuchyne.sk\/eshop\/wp-json\/wp\/v2\/product"}],"about":[{"href":"https:\/\/www.ikuchyne.sk\/eshop\/wp-json\/wp\/v2\/types\/product"}],"replies":[{"embeddable":true,"href":"https:\/\/www.ikuchyne.sk\/eshop\/wp-json\/wp\/v2\/comments?post=128979"}],"wp:featuredmedia":[{"embeddable":true,"href":"https:\/\/www.ikuchyne.sk\/eshop\/wp-json\/wp\/v2\/media\/128980"}],"wp:attachment":[{"href":"https:\/\/www.ikuchyne.sk\/eshop\/wp-json\/wp\/v2\/media?parent=128979"}],"wp:term":[{"taxonomy":"product_cat","embeddable":true,"href":"https:\/\/www.ikuchyne.sk\/eshop\/wp-json\/wp\/v2\/product_cat?post=128979"},{"taxonomy":"product_tag","embeddable":true,"href":"https:\/\/www.ikuchyne.sk\/eshop\/wp-json\/wp\/v2\/product_tag?post=128979"}],"curies":[{"name":"wp","href":"https:\/\/api.w.org\/{rel}","templated":true}]}}