{"id":129320,"date":"2020-06-02T12:15:05","date_gmt":"2020-06-02T10:15:05","guid":{"rendered":"https:\/\/www.ikuchyne.sk\/eshop\/?post_type=product&#038;p=129320"},"modified":"2024-03-10T19:19:49","modified_gmt":"2024-03-10T18:19:49","slug":"jedalensky-stol-euphoria-180-220-260cm-keramika","status":"publish","type":"product","link":"https:\/\/www.ikuchyne.sk\/eshop\/produkt\/jedalensky-stol-euphoria-180-220-260cm-keramika\/","title":{"rendered":"Jed\u00e1lensk\u00fd st\u00f4l Euphoria 180-220-260cm keramika \u00bb"},"content":{"rendered":"<h1>Jed\u00e1lensk\u00fd st\u00f4l Euphoria 180-220-260cm keramika \u00bb<\/h1>\n<h4><strong>V\u0161eobecn\u00fd popis:<\/strong><\/h4>\n<p>Extravagantn\u00fd jed\u00e1lensk\u00fd st\u00f4l Euphoria 180-220-260cm keramika so stolovou doskou v bielej farbe z talianskej keramiky. Pred\u013a\u017eenie v troch f\u00e1zach pre individu\u00e1lne nastavenie ve\u013ekosti. Futuristick\u00fd dizajn n\u00f4h stola ako \u010fal\u0161\u00ed zauj\u00edmav\u00fd prvok pri\u0165ahuj\u00faci pozornos\u0165. Ve\u013ek\u00fd st\u00f4l je mo\u017en\u00e9 pou\u017ei\u0165 aj ako modern\u00fd konferen\u010dn\u00fd stol\u00edk!<\/p>\n<p>Nov\u00fd \u0161perk vo va\u0161ej jed\u00e1lni. Ak m\u00e1te radi neobvykl\u00fd dizajnov\u00fd n\u00e1bytok, teraz je ten spr\u00e1vny \u010das zak\u00fapi\u0165 si tento jed\u00e1lensk\u00fd st\u00f4l. N\u00e1\u0161 jed\u00e1lensk\u00fd st\u00f4l Euphoria 180-220-260cm keramika m\u00e1 ve\u013ek\u00fa bielu stolov\u00fa dosku z kvalitnej talianskej keramiky v tmavom mramorovom vzh\u013eade, ktor\u00e1 bola nanesen\u00e1 na stabiln\u00fa dosku z bezpe\u010dnostn\u00e9ho skla. Povrch stolovej dosky je mierne zdrsnen\u00fd, aby sa dosiahol u\u0161\u013eachtil\u00fd vzh\u013ead a dojem. Impozantn\u00e9 prekr\u00ed\u017een\u00e9 nohy stola v robustnom industri\u00e1lnom vzh\u013eade vytv\u00e1raj\u00fa s takmer filigr\u00e1novou keramickou doskou dokonal\u00fa kombin\u00e1ciu.<\/p>\n<p>To\u013eko priestoru, ko\u013eko potrebujete. \u0160peci\u00e1lnou v\u00fdhodou s\u00fa v\u0161ak nepochybne dva nadstavce na konci stola, ktor\u00e9 sa daj\u00fa \u013eahko vysun\u00fa\u0165. St\u00f4l m\u00f4\u017eete variabilne pred\u013a\u017ei\u0165 z d\u013a\u017eky 180 cm na 220 cm alebo a\u017e do 260 cm. Ve\u013ek\u00e9 rodinn\u00e9 stretnutia alebo ve\u010dere so v\u0161etk\u00fdmi priate\u013emi u\u017e nie s\u00fa probl\u00e9mom. Ak u\u017e niektor\u00fa d\u013a\u017eku nepotrebujete, jednoducho dosky zasuniete sp\u00e4\u0165 pod st\u00f4l, aby ste u\u0161etrili miesto.<\/p>\n<h4><strong>V\u0161eobecn\u00fd popis:<\/strong><\/h4>\n<p>Stolov\u00e1 doska sa d\u00e1 variabilne zv\u00e4\u010d\u0161i\u0165 v\u010faka v\u00fdsuvn\u00fdm roz\u0161iruj\u00facim dosk\u00e1m. U\u0161\u013eachtil\u00e1 talianska keramika bola nanesen\u00e1 na tabu\u013eu z bezpe\u010dnostn\u00e9ho skla. Max. nosnos\u0165: stredn\u00e1 doska: asi 120 kg, max. nosnos\u0165 dopl\u0148uj\u00face dosky: asi 40 kg. Usadi\u0165 m\u00f4\u017eete a\u017e 12 \u013eud\u00ed. Mnoho z na\u0161ich stolov sa d\u00e1 \u013eahko roz\u0161\u00edri\u0165, aby poskytlo viac miesta pri jed\u00e1lenskom alebo konferen\u010dnom stole. Inteligentn\u00fd dizajn sp\u013a\u0148a najvy\u0161\u0161iu \u00farove\u0148 funk\u010dnosti. \u010ci u\u017e je to ve\u013ek\u00e1 rodinn\u00e1 ve\u010dera alebo d\u00f4le\u017eit\u00e9 stretnutie so v\u0161etk\u00fdmi kolegami, s t\u00fdmto stolom to bude mo\u017en\u00e9.<\/p>\n<p><strong>Rozmery (cca):<\/strong><br \/>\n180-220-260cm x 77cm x 90cm (\u0160xVxH)<br \/>\n<strong>Hr\u00fabka stola:<\/strong> 13mm, pozost\u00e1vaj\u00faca z:<br \/>\nBezpe\u010dnostn\u00e9 sklo: 10mm<br \/>\nKeramika: 3mm<\/p>\n<p><b>Farba: <\/b>siv\u00e1, biela, \u010dierna &#8211; Industri\u00e1lny \u0161t\u00fdl<br \/>\n<b>Materi\u00e1l:<br \/>\n<\/b>Doska stola: bezpe\u010dnostn\u00e9 sklo, keramika<br \/>\nR\u00e1m: kov, s pr\u00e1\u0161kovou farbou<\/p>\n<p>Vr\u00e1tane vys\u00favac\u00edch predl\u017eovac\u00edch dosiek.<\/p>\n<p>Dodato\u010dn\u00e9 inform\u00e1cie:<\/p>\n<p>V pr\u00edpade z\u00e1ujmu o in\u00e9 jed\u00e1lensk\u00e9 stoly, nav\u0161t\u00edvte sekciu jed\u00e1lensk\u00e9 stoly na <a href=\"https:\/\/www.ikuchyne.sk\/eshop\/kategoria\/jedalenske-stoly\/\">www.ikuchyne.sk\/eshop<\/a><br \/>\nV pr\u00edpade z\u00e1ujmu o n\u00e1bytok na mieru n\u00e1s kontaktuje na <a href=\"http:\/\/www.ikuchyne.sk\">www.ikuchyne.sk<\/a><\/p>\n","protected":false},"excerpt":{"rendered":"<p>Jed\u00e1lensk\u00fd st\u00f4l Euphoria 180-220-260cm keramika \u00bb V\u0161eobecn\u00fd popis: Extravagantn\u00fd jed\u00e1lensk\u00fd st\u00f4l Euphoria 180-220-260cm keramika so stolovou doskou v bielej farbe z talianskej keramiky. Pred\u013a\u017eenie v troch f\u00e1zach pre individu\u00e1lne nastavenie<\/p>\n","protected":false},"featured_media":129321,"comment_status":"closed","ping_status":"closed","template":"","meta":[],"product_cat":[858,298,855,847,846,772,287],"product_tag":[562,256,257],"yoast_head":"<!-- This site is optimized with the Yoast SEO plugin v22.1 - https:\/\/yoast.com\/wordpress\/plugins\/seo\/ -->\n<title>Jed\u00e1lensk\u00fd st\u00f4l Euphoria 180-220-260cm keramika \u00bb &#187; iKuchyne iSHOP s n\u00e1bytkom<\/title>\n<meta name=\"description\" content=\"Jed\u00e1lensk\u00fd st\u00f4l Euphoria 180-220-260cm keramika \u00bb - r\u00fdchle dodanie, poradenstvo, n\u00e1bytok skladom v Bratislave s ikuchyne.sk - kuchyne na mieru.\" \/>\n<meta name=\"robots\" content=\"index, follow, max-snippet:-1, max-image-preview:large, max-video-preview:-1\" \/>\n<link rel=\"canonical\" href=\"https:\/\/www.ikuchyne.sk\/eshop\/produkt\/jedalensky-stol-euphoria-180-220-260cm-keramika\/\" \/>\n<meta property=\"og:locale\" content=\"sk_SK\" \/>\n<meta property=\"og:type\" content=\"article\" \/>\n<meta property=\"og:title\" content=\"Jed\u00e1lensk\u00fd st\u00f4l Euphoria 180-220-260cm keramika \u00bb &#187; iKuchyne iSHOP s n\u00e1bytkom\" \/>\n<meta property=\"og:description\" content=\"Jed\u00e1lensk\u00fd st\u00f4l Euphoria 180-220-260cm keramika \u00bb - r\u00fdchle dodanie, poradenstvo, n\u00e1bytok skladom v Bratislave s ikuchyne.sk - kuchyne na mieru.\" \/>\n<meta property=\"og:url\" content=\"https:\/\/www.ikuchyne.sk\/eshop\/produkt\/jedalensky-stol-euphoria-180-220-260cm-keramika\/\" \/>\n<meta property=\"og:site_name\" content=\"iKuchyne iSHOP s n\u00e1bytkom\" \/>\n<meta property=\"article:publisher\" content=\"https:\/\/www.facebook.com\/ikuchyne\/\" \/>\n<meta property=\"article:modified_time\" content=\"2024-03-10T18:19:49+00:00\" \/>\n<meta property=\"og:image\" content=\"https:\/\/www.ikuchyne.sk\/eshop\/wp-content\/uploads\/2020\/05\/Jed\u00e1lensk\u00fd-st\u00f4l-Euphoria-180-220-260cm-keramika-40122.jpg\" \/>\n\t<meta property=\"og:image:width\" content=\"800\" \/>\n\t<meta property=\"og:image:height\" content=\"567\" \/>\n\t<meta property=\"og:image:type\" content=\"image\/jpeg\" \/>\n<meta name=\"twitter:card\" content=\"summary_large_image\" \/>\n<meta name=\"twitter:label1\" content=\"Predpokladan\u00fd \u010das \u010d\u00edtania\" \/>\n\t<meta name=\"twitter:data1\" content=\"2 min\u00faty\" \/>\n<script type=\"application\/ld+json\" class=\"yoast-schema-graph\">{\"@context\":\"https:\/\/schema.org\",\"@graph\":[{\"@type\":\"WebPage\",\"@id\":\"https:\/\/www.ikuchyne.sk\/eshop\/produkt\/jedalensky-stol-euphoria-180-220-260cm-keramika\/\",\"url\":\"https:\/\/www.ikuchyne.sk\/eshop\/produkt\/jedalensky-stol-euphoria-180-220-260cm-keramika\/\",\"name\":\"Jed\u00e1lensk\u00fd st\u00f4l Euphoria 180-220-260cm keramika \u00bb &#187; iKuchyne iSHOP s n\u00e1bytkom\",\"isPartOf\":{\"@id\":\"https:\/\/www.ikuchyne.sk\/eshop\/#website\"},\"datePublished\":\"2020-06-02T10:15:05+00:00\",\"dateModified\":\"2024-03-10T18:19:49+00:00\",\"description\":\"Jed\u00e1lensk\u00fd st\u00f4l Euphoria 180-220-260cm keramika \u00bb - r\u00fdchle dodanie, poradenstvo, n\u00e1bytok skladom v Bratislave s ikuchyne.sk - kuchyne na mieru.\",\"breadcrumb\":{\"@id\":\"https:\/\/www.ikuchyne.sk\/eshop\/produkt\/jedalensky-stol-euphoria-180-220-260cm-keramika\/#breadcrumb\"},\"inLanguage\":\"sk-SK\",\"potentialAction\":[{\"@type\":\"ReadAction\",\"target\":[\"https:\/\/www.ikuchyne.sk\/eshop\/produkt\/jedalensky-stol-euphoria-180-220-260cm-keramika\/\"]}]},{\"@type\":\"BreadcrumbList\",\"@id\":\"https:\/\/www.ikuchyne.sk\/eshop\/produkt\/jedalensky-stol-euphoria-180-220-260cm-keramika\/#breadcrumb\",\"itemListElement\":[{\"@type\":\"ListItem\",\"position\":1,\"name\":\"Home\",\"item\":\"https:\/\/www.ikuchyne.sk\/eshop\/\"},{\"@type\":\"ListItem\",\"position\":2,\"name\":\"Obchod\",\"item\":\"https:\/\/www.ikuchyne.sk\/eshop\/obchod\/\"},{\"@type\":\"ListItem\",\"position\":3,\"name\":\"Jed\u00e1lensk\u00fd st\u00f4l Euphoria 180-220-260cm keramika \u00bb\"}]},{\"@type\":\"WebSite\",\"@id\":\"https:\/\/www.ikuchyne.sk\/eshop\/#website\",\"url\":\"https:\/\/www.ikuchyne.sk\/eshop\/\",\"name\":\"iKuchyne iSHOP s n\u00e1bytkom\",\"description\":\"Jed\u00e1lensk\u00e9 stoly, stoli\u010dky, n\u00e1bytok, svietidl\u00e1...\",\"publisher\":{\"@id\":\"https:\/\/www.ikuchyne.sk\/eshop\/#organization\"},\"potentialAction\":[{\"@type\":\"SearchAction\",\"target\":{\"@type\":\"EntryPoint\",\"urlTemplate\":\"https:\/\/www.ikuchyne.sk\/eshop\/?s={search_term_string}\"},\"query-input\":\"required name=search_term_string\"}],\"inLanguage\":\"sk-SK\"},{\"@type\":\"Organization\",\"@id\":\"https:\/\/www.ikuchyne.sk\/eshop\/#organization\",\"name\":\"ikuchyne!\",\"url\":\"https:\/\/www.ikuchyne.sk\/eshop\/\",\"logo\":{\"@type\":\"ImageObject\",\"inLanguage\":\"sk-SK\",\"@id\":\"https:\/\/www.ikuchyne.sk\/eshop\/#\/schema\/logo\/image\/\",\"url\":\"https:\/\/www.ikuchyne.sk\/eshop\/wp-content\/uploads\/2017\/04\/ikuchyne-logo.jpg\",\"contentUrl\":\"https:\/\/www.ikuchyne.sk\/eshop\/wp-content\/uploads\/2017\/04\/ikuchyne-logo.jpg\",\"width\":200,\"height\":48,\"caption\":\"ikuchyne!\"},\"image\":{\"@id\":\"https:\/\/www.ikuchyne.sk\/eshop\/#\/schema\/logo\/image\/\"},\"sameAs\":[\"https:\/\/www.facebook.com\/ikuchyne\/\",\"https:\/\/www.instagram.com\/ikuchyne.sk\/\",\"https:\/\/sk.pinterest.com\/ikuchynesk\/\"]}]}<\/script>\n<!-- \/ Yoast SEO plugin. -->","yoast_head_json":{"title":"Jed\u00e1lensk\u00fd st\u00f4l Euphoria 180-220-260cm keramika \u00bb &#187; iKuchyne iSHOP s n\u00e1bytkom","description":"Jed\u00e1lensk\u00fd st\u00f4l Euphoria 180-220-260cm keramika \u00bb - r\u00fdchle dodanie, poradenstvo, n\u00e1bytok skladom v Bratislave s ikuchyne.sk - kuchyne na mieru.","robots":{"index":"index","follow":"follow","max-snippet":"max-snippet:-1","max-image-preview":"max-image-preview:large","max-video-preview":"max-video-preview:-1"},"canonical":"https:\/\/www.ikuchyne.sk\/eshop\/produkt\/jedalensky-stol-euphoria-180-220-260cm-keramika\/","og_locale":"sk_SK","og_type":"article","og_title":"Jed\u00e1lensk\u00fd st\u00f4l Euphoria 180-220-260cm keramika \u00bb &#187; iKuchyne iSHOP s n\u00e1bytkom","og_description":"Jed\u00e1lensk\u00fd st\u00f4l Euphoria 180-220-260cm keramika \u00bb - r\u00fdchle dodanie, poradenstvo, n\u00e1bytok skladom v Bratislave s ikuchyne.sk - kuchyne na mieru.","og_url":"https:\/\/www.ikuchyne.sk\/eshop\/produkt\/jedalensky-stol-euphoria-180-220-260cm-keramika\/","og_site_name":"iKuchyne iSHOP s n\u00e1bytkom","article_publisher":"https:\/\/www.facebook.com\/ikuchyne\/","article_modified_time":"2024-03-10T18:19:49+00:00","og_image":[{"width":800,"height":567,"url":"https:\/\/www.ikuchyne.sk\/eshop\/wp-content\/uploads\/2020\/05\/Jed\u00e1lensk\u00fd-st\u00f4l-Euphoria-180-220-260cm-keramika-40122.jpg","type":"image\/jpeg"}],"twitter_card":"summary_large_image","twitter_misc":{"Predpokladan\u00fd \u010das \u010d\u00edtania":"2 min\u00faty"},"schema":{"@context":"https:\/\/schema.org","@graph":[{"@type":"WebPage","@id":"https:\/\/www.ikuchyne.sk\/eshop\/produkt\/jedalensky-stol-euphoria-180-220-260cm-keramika\/","url":"https:\/\/www.ikuchyne.sk\/eshop\/produkt\/jedalensky-stol-euphoria-180-220-260cm-keramika\/","name":"Jed\u00e1lensk\u00fd st\u00f4l Euphoria 180-220-260cm keramika \u00bb &#187; iKuchyne iSHOP s n\u00e1bytkom","isPartOf":{"@id":"https:\/\/www.ikuchyne.sk\/eshop\/#website"},"datePublished":"2020-06-02T10:15:05+00:00","dateModified":"2024-03-10T18:19:49+00:00","description":"Jed\u00e1lensk\u00fd st\u00f4l Euphoria 180-220-260cm keramika \u00bb - r\u00fdchle dodanie, poradenstvo, n\u00e1bytok skladom v Bratislave s ikuchyne.sk - kuchyne na mieru.","breadcrumb":{"@id":"https:\/\/www.ikuchyne.sk\/eshop\/produkt\/jedalensky-stol-euphoria-180-220-260cm-keramika\/#breadcrumb"},"inLanguage":"sk-SK","potentialAction":[{"@type":"ReadAction","target":["https:\/\/www.ikuchyne.sk\/eshop\/produkt\/jedalensky-stol-euphoria-180-220-260cm-keramika\/"]}]},{"@type":"BreadcrumbList","@id":"https:\/\/www.ikuchyne.sk\/eshop\/produkt\/jedalensky-stol-euphoria-180-220-260cm-keramika\/#breadcrumb","itemListElement":[{"@type":"ListItem","position":1,"name":"Home","item":"https:\/\/www.ikuchyne.sk\/eshop\/"},{"@type":"ListItem","position":2,"name":"Obchod","item":"https:\/\/www.ikuchyne.sk\/eshop\/obchod\/"},{"@type":"ListItem","position":3,"name":"Jed\u00e1lensk\u00fd st\u00f4l Euphoria 180-220-260cm keramika \u00bb"}]},{"@type":"WebSite","@id":"https:\/\/www.ikuchyne.sk\/eshop\/#website","url":"https:\/\/www.ikuchyne.sk\/eshop\/","name":"iKuchyne iSHOP s n\u00e1bytkom","description":"Jed\u00e1lensk\u00e9 stoly, stoli\u010dky, n\u00e1bytok, svietidl\u00e1...","publisher":{"@id":"https:\/\/www.ikuchyne.sk\/eshop\/#organization"},"potentialAction":[{"@type":"SearchAction","target":{"@type":"EntryPoint","urlTemplate":"https:\/\/www.ikuchyne.sk\/eshop\/?s={search_term_string}"},"query-input":"required name=search_term_string"}],"inLanguage":"sk-SK"},{"@type":"Organization","@id":"https:\/\/www.ikuchyne.sk\/eshop\/#organization","name":"ikuchyne!","url":"https:\/\/www.ikuchyne.sk\/eshop\/","logo":{"@type":"ImageObject","inLanguage":"sk-SK","@id":"https:\/\/www.ikuchyne.sk\/eshop\/#\/schema\/logo\/image\/","url":"https:\/\/www.ikuchyne.sk\/eshop\/wp-content\/uploads\/2017\/04\/ikuchyne-logo.jpg","contentUrl":"https:\/\/www.ikuchyne.sk\/eshop\/wp-content\/uploads\/2017\/04\/ikuchyne-logo.jpg","width":200,"height":48,"caption":"ikuchyne!"},"image":{"@id":"https:\/\/www.ikuchyne.sk\/eshop\/#\/schema\/logo\/image\/"},"sameAs":["https:\/\/www.facebook.com\/ikuchyne\/","https:\/\/www.instagram.com\/ikuchyne.sk\/","https:\/\/sk.pinterest.com\/ikuchynesk\/"]}]}},"_links":{"self":[{"href":"https:\/\/www.ikuchyne.sk\/eshop\/wp-json\/wp\/v2\/product\/129320"}],"collection":[{"href":"https:\/\/www.ikuchyne.sk\/eshop\/wp-json\/wp\/v2\/product"}],"about":[{"href":"https:\/\/www.ikuchyne.sk\/eshop\/wp-json\/wp\/v2\/types\/product"}],"replies":[{"embeddable":true,"href":"https:\/\/www.ikuchyne.sk\/eshop\/wp-json\/wp\/v2\/comments?post=129320"}],"wp:featuredmedia":[{"embeddable":true,"href":"https:\/\/www.ikuchyne.sk\/eshop\/wp-json\/wp\/v2\/media\/129321"}],"wp:attachment":[{"href":"https:\/\/www.ikuchyne.sk\/eshop\/wp-json\/wp\/v2\/media?parent=129320"}],"wp:term":[{"taxonomy":"product_cat","embeddable":true,"href":"https:\/\/www.ikuchyne.sk\/eshop\/wp-json\/wp\/v2\/product_cat?post=129320"},{"taxonomy":"product_tag","embeddable":true,"href":"https:\/\/www.ikuchyne.sk\/eshop\/wp-json\/wp\/v2\/product_tag?post=129320"}],"curies":[{"name":"wp","href":"https:\/\/api.w.org\/{rel}","templated":true}]}}