{"id":129340,"date":"2020-06-02T12:17:43","date_gmt":"2020-06-02T10:17:43","guid":{"rendered":"https:\/\/www.ikuchyne.sk\/eshop\/?post_type=product&#038;p=129340"},"modified":"2024-02-20T23:58:25","modified_gmt":"2024-02-20T22:58:25","slug":"jedalensky-stol-atlas-180-220-260cm-keramika-lava","status":"publish","type":"product","link":"https:\/\/www.ikuchyne.sk\/eshop\/produkt\/jedalensky-stol-atlas-180-220-260cm-keramika-lava\/","title":{"rendered":"Jed\u00e1lensk\u00fd st\u00f4l Atlas 180-220-260cm keramika \/ l\u00e1va \u00bb"},"content":{"rendered":"<h1>Jed\u00e1lensk\u00fd st\u00f4l Atlas 180-220-260cm keramika \/ l\u00e1va \u00bb<\/h1>\n<h4><strong>V\u0161eobecn\u00fd popis:<\/strong><\/h4>\n<p>Impozantn\u00fd jed\u00e1lensk\u00fd st\u00f4l Atlas 180-220-260cm keramika \/ l\u00e1va so stolovou doskou z talianskej keramiky. Pred\u013a\u017eenie v troch f\u00e1zach pre individu\u00e1lne usporiadanie ve\u013ekosti. Kovov\u00fd r\u00e1m m\u00e1 neobvykl\u00fd dizajn. Ve\u013ek\u00fd st\u00f4l je mo\u017en\u00e9 pou\u017ei\u0165 aj ako modern\u00fd konferen\u010dn\u00fd st\u00f4l!<\/p>\n<p>Priemyseln\u00fd vzh\u013ead do va\u0161ej dom\u00e1cnosti. St\u00e1le h\u013ead\u00e1te jed\u00e1lensk\u00fd st\u00f4l, ktor\u00fd je neoby\u010dajn\u00fd? Potom by n\u00e1\u0161 jed\u00e1lensk\u00fd st\u00f4l Atlas 180-220-260cm keramika \/ l\u00e1va mohol by\u0165 t\u00fdm prav\u00fdm pre v\u00e1s. M\u00e1 ve\u013ek\u00fa dosku stola z kvalitnej talianskej keramiky v expres\u00edvnom vzh\u013eade l\u00e1vy, ktor\u00e1 bola nanesen\u00e1 na stabiln\u00fa dosku z bezpe\u010dnostn\u00e9ho skla. Povrch stolovej dosky je mierne zdrsnen\u00fd, aby sa dosiahol u\u0161\u013eachtil\u00fd vzh\u013ead a dojem. Impozantn\u00e9 prekr\u00ed\u017een\u00e9 kovov\u00e9 nohy stola v robustnom priemyselnom vzh\u013eade dop\u013a\u0148aj\u00fa dizajn stolovej dosky a zaru\u010duj\u00fa pevn\u00e9 dr\u017eanie na akejko\u013evek ploche.<\/p>\n<p>Jed\u00e1lensk\u00fd st\u00f4l, ktor\u00fd sa prisp\u00f4sob\u00ed va\u0161im potreb\u00e1m. V\u00fdhodou tohto jed\u00e1lensk\u00e9ho stola s\u00fa v\u0161ak nepochybne dva vys\u00favacie pl\u00e1ty, ktor\u00e9 sa daj\u00fa \u013eahko vysun\u00fa\u0165. St\u00f4l m\u00f4\u017eete variabilne pred\u013a\u017ei\u0165 z d\u013a\u017eky 180 cm na 220 cm alebo a\u017e do 260 cm. Ve\u013ek\u00e9 rodinn\u00e9 stretnutia alebo ve\u010dere so v\u0161etk\u00fdmi priate\u013emi u\u017e nie s\u00fa probl\u00e9mom. Ak u\u017e ak\u00fdko\u013evek z roz\u0161\u00edren\u00fdch rozmerov nepotrebujete, jednoducho ich zasuniete sp\u00e4\u0165 pod st\u00f4l, aby ste u\u0161etrili miesto, samostatn\u00e9 skladovanie tu nie je potrebn\u00e9.<\/p>\n<h4><strong>Detaily produktu:<\/strong><\/h4>\n<p>Stolov\u00e1 doska sa d\u00e1 variabilne zv\u00e4\u010d\u0161i\u0165 v\u010faka v\u00fdsuvn\u00fdm roz\u0161iruj\u00facim dosk\u00e1m. U\u0161\u013eachtil\u00e1 talianska keramika bola nanesen\u00e1 na tabu\u013eu z bezpe\u010dnostn\u00e9ho skla. Max. nosnos\u0165 stredn\u00e1 doska: asi 120 kg, max. nosnos\u0165 dodato\u010dn\u00fdch dosiek: asi 40 kg. M\u00f4\u017ee sa usadi\u0165 a\u017e 12 os\u00f4b. Mnoho z na\u0161ich stolov sa d\u00e1 \u013eahko roz\u0161\u00edri\u0165, aby sa poskytlo viac miesta pri jed\u00e1lenskom alebo konferen\u010dnom stole. Inteligentn\u00fd dizajn sp\u013a\u0148a najvy\u0161\u0161iu \u00farove\u0148 funk\u010dnosti. \u010ci u\u017e je to ve\u013ek\u00e1 rodinn\u00e1 ve\u010dera alebo d\u00f4le\u017eit\u00e9 stretnutie so v\u0161etk\u00fdmi kolegami: tieto stoly to umo\u017e\u0148uj\u00fa.<\/p>\n<p><strong>Podno\u017e:<br \/>\n<\/strong>Podno\u017e stola tvoria impozantn\u00e9 skr\u00ed\u017een\u00e9 kovov\u00e9 stolov\u00e9 nohy v robustnom industri\u00e1lnom vzh\u013eade.<\/p>\n<p><strong>\u010eal\u0161ie inform\u00e1cie:<br \/>\n<\/strong>Na \u010distenie s\u00fa vhodn\u00e9 pr\u00edpravky ur\u010den\u00e9 na sklen\u00e9 povrchy.<\/p>\n<p><strong>Rozmery:<\/strong><br \/>\n180 &#8211; 220 &#8211; 260 cm x 76 cm x 90 cm<br \/>\n<strong>Farba:<\/strong> \u010dierna, siv\u00e1<br \/>\n<strong>Materi\u00e1l:<\/strong> keramick\u00e1 doska stola, MDF, bezpe\u010dnostn\u00e9 sklo, kovov\u00fd r\u00e1m<br \/>\nVr\u00e1tane v\u00fdsuvn\u00fdch roz\u0161iruj\u00facich dosiek.<\/p>\n<p>Dodato\u010dn\u00e9 inform\u00e1cie:<\/p>\n<p>V pr\u00edpade z\u00e1ujmu o in\u00e9 jed\u00e1lensk\u00e9 stoly, nav\u0161t\u00edvte sekciu jed\u00e1lensk\u00e9 stoly na <a href=\"https:\/\/www.ikuchyne.sk\/eshop\/kategoria\/jedalenske-stoly\/\">www.ikuchyne.sk\/eshop<\/a><br \/>\nV pr\u00edpade z\u00e1ujmu o n\u00e1bytok na mieru n\u00e1s kontaktuje na <a href=\"http:\/\/www.ikuchyne.sk\">www.ikuchyne.sk<\/a><\/p>\n","protected":false},"excerpt":{"rendered":"<p>Jed\u00e1lensk\u00fd st\u00f4l Atlas 180-220-260cm keramika \/ l\u00e1va \u00bb V\u0161eobecn\u00fd popis: Impozantn\u00fd jed\u00e1lensk\u00fd st\u00f4l Atlas 180-220-260cm keramika \/ l\u00e1va so stolovou doskou z talianskej keramiky. Pred\u013a\u017eenie v troch f\u00e1zach pre individu\u00e1lne<\/p>\n","protected":false},"featured_media":129341,"comment_status":"closed","ping_status":"closed","template":"","meta":[],"product_cat":[298,855,857,847,846,772,287],"product_tag":[256,257],"yoast_head":"<!-- This site is optimized with the Yoast SEO plugin v22.1 - https:\/\/yoast.com\/wordpress\/plugins\/seo\/ -->\n<title>Jed\u00e1lensk\u00fd st\u00f4l Atlas 180-220-260cm keramika \/ l\u00e1va \u00bb &#187; iKuchyne iSHOP s n\u00e1bytkom<\/title>\n<meta name=\"description\" content=\"Jed\u00e1lensk\u00fd st\u00f4l Atlas 180-220-260cm keramika \/ l\u00e1va \u00bb - r\u00fdchle dodanie, poradenstvo, n\u00e1bytok skladom v Bratislave s ikuchyne.sk - kuchyne na mieru.\" \/>\n<meta name=\"robots\" content=\"index, follow, max-snippet:-1, max-image-preview:large, max-video-preview:-1\" \/>\n<link rel=\"canonical\" href=\"https:\/\/www.ikuchyne.sk\/eshop\/produkt\/jedalensky-stol-atlas-180-220-260cm-keramika-lava\/\" \/>\n<meta property=\"og:locale\" content=\"sk_SK\" \/>\n<meta property=\"og:type\" content=\"article\" \/>\n<meta property=\"og:title\" content=\"Jed\u00e1lensk\u00fd st\u00f4l Atlas 180-220-260cm keramika \/ l\u00e1va \u00bb &#187; iKuchyne iSHOP s n\u00e1bytkom\" \/>\n<meta property=\"og:description\" content=\"Jed\u00e1lensk\u00fd st\u00f4l Atlas 180-220-260cm keramika \/ l\u00e1va \u00bb - r\u00fdchle dodanie, poradenstvo, n\u00e1bytok skladom v Bratislave s ikuchyne.sk - kuchyne na mieru.\" \/>\n<meta property=\"og:url\" content=\"https:\/\/www.ikuchyne.sk\/eshop\/produkt\/jedalensky-stol-atlas-180-220-260cm-keramika-lava\/\" \/>\n<meta property=\"og:site_name\" content=\"iKuchyne iSHOP s n\u00e1bytkom\" \/>\n<meta property=\"article:publisher\" content=\"https:\/\/www.facebook.com\/ikuchyne\/\" \/>\n<meta property=\"article:modified_time\" content=\"2024-02-20T22:58:25+00:00\" \/>\n<meta property=\"og:image\" content=\"https:\/\/www.ikuchyne.sk\/eshop\/wp-content\/uploads\/2020\/05\/Jed\u00e1lensk\u00fd-st\u00f4l-Atlas-180-220-260cm-keramika-Lava-40118.jpg\" \/>\n\t<meta property=\"og:image:width\" content=\"800\" \/>\n\t<meta property=\"og:image:height\" content=\"559\" \/>\n\t<meta property=\"og:image:type\" content=\"image\/jpeg\" \/>\n<meta name=\"twitter:card\" content=\"summary_large_image\" \/>\n<meta name=\"twitter:label1\" content=\"Predpokladan\u00fd \u010das \u010d\u00edtania\" \/>\n\t<meta name=\"twitter:data1\" content=\"2 min\u00faty\" \/>\n<script type=\"application\/ld+json\" class=\"yoast-schema-graph\">{\"@context\":\"https:\/\/schema.org\",\"@graph\":[{\"@type\":\"WebPage\",\"@id\":\"https:\/\/www.ikuchyne.sk\/eshop\/produkt\/jedalensky-stol-atlas-180-220-260cm-keramika-lava\/\",\"url\":\"https:\/\/www.ikuchyne.sk\/eshop\/produkt\/jedalensky-stol-atlas-180-220-260cm-keramika-lava\/\",\"name\":\"Jed\u00e1lensk\u00fd st\u00f4l Atlas 180-220-260cm keramika \/ l\u00e1va \u00bb &#187; iKuchyne iSHOP s n\u00e1bytkom\",\"isPartOf\":{\"@id\":\"https:\/\/www.ikuchyne.sk\/eshop\/#website\"},\"datePublished\":\"2020-06-02T10:17:43+00:00\",\"dateModified\":\"2024-02-20T22:58:25+00:00\",\"description\":\"Jed\u00e1lensk\u00fd st\u00f4l Atlas 180-220-260cm keramika \/ l\u00e1va \u00bb - r\u00fdchle dodanie, poradenstvo, n\u00e1bytok skladom v Bratislave s ikuchyne.sk - kuchyne na mieru.\",\"breadcrumb\":{\"@id\":\"https:\/\/www.ikuchyne.sk\/eshop\/produkt\/jedalensky-stol-atlas-180-220-260cm-keramika-lava\/#breadcrumb\"},\"inLanguage\":\"sk-SK\",\"potentialAction\":[{\"@type\":\"ReadAction\",\"target\":[\"https:\/\/www.ikuchyne.sk\/eshop\/produkt\/jedalensky-stol-atlas-180-220-260cm-keramika-lava\/\"]}]},{\"@type\":\"BreadcrumbList\",\"@id\":\"https:\/\/www.ikuchyne.sk\/eshop\/produkt\/jedalensky-stol-atlas-180-220-260cm-keramika-lava\/#breadcrumb\",\"itemListElement\":[{\"@type\":\"ListItem\",\"position\":1,\"name\":\"Home\",\"item\":\"https:\/\/www.ikuchyne.sk\/eshop\/\"},{\"@type\":\"ListItem\",\"position\":2,\"name\":\"Obchod\",\"item\":\"https:\/\/www.ikuchyne.sk\/eshop\/obchod\/\"},{\"@type\":\"ListItem\",\"position\":3,\"name\":\"Jed\u00e1lensk\u00fd st\u00f4l Atlas 180-220-260cm keramika \/ l\u00e1va \u00bb\"}]},{\"@type\":\"WebSite\",\"@id\":\"https:\/\/www.ikuchyne.sk\/eshop\/#website\",\"url\":\"https:\/\/www.ikuchyne.sk\/eshop\/\",\"name\":\"iKuchyne iSHOP s n\u00e1bytkom\",\"description\":\"Jed\u00e1lensk\u00e9 stoly, stoli\u010dky, n\u00e1bytok, svietidl\u00e1...\",\"publisher\":{\"@id\":\"https:\/\/www.ikuchyne.sk\/eshop\/#organization\"},\"potentialAction\":[{\"@type\":\"SearchAction\",\"target\":{\"@type\":\"EntryPoint\",\"urlTemplate\":\"https:\/\/www.ikuchyne.sk\/eshop\/?s={search_term_string}\"},\"query-input\":\"required name=search_term_string\"}],\"inLanguage\":\"sk-SK\"},{\"@type\":\"Organization\",\"@id\":\"https:\/\/www.ikuchyne.sk\/eshop\/#organization\",\"name\":\"ikuchyne!\",\"url\":\"https:\/\/www.ikuchyne.sk\/eshop\/\",\"logo\":{\"@type\":\"ImageObject\",\"inLanguage\":\"sk-SK\",\"@id\":\"https:\/\/www.ikuchyne.sk\/eshop\/#\/schema\/logo\/image\/\",\"url\":\"https:\/\/www.ikuchyne.sk\/eshop\/wp-content\/uploads\/2017\/04\/ikuchyne-logo.jpg\",\"contentUrl\":\"https:\/\/www.ikuchyne.sk\/eshop\/wp-content\/uploads\/2017\/04\/ikuchyne-logo.jpg\",\"width\":200,\"height\":48,\"caption\":\"ikuchyne!\"},\"image\":{\"@id\":\"https:\/\/www.ikuchyne.sk\/eshop\/#\/schema\/logo\/image\/\"},\"sameAs\":[\"https:\/\/www.facebook.com\/ikuchyne\/\",\"https:\/\/www.instagram.com\/ikuchyne.sk\/\",\"https:\/\/sk.pinterest.com\/ikuchynesk\/\"]}]}<\/script>\n<!-- \/ Yoast SEO plugin. -->","yoast_head_json":{"title":"Jed\u00e1lensk\u00fd st\u00f4l Atlas 180-220-260cm keramika \/ l\u00e1va \u00bb &#187; iKuchyne iSHOP s n\u00e1bytkom","description":"Jed\u00e1lensk\u00fd st\u00f4l Atlas 180-220-260cm keramika \/ l\u00e1va \u00bb - r\u00fdchle dodanie, poradenstvo, n\u00e1bytok skladom v Bratislave s ikuchyne.sk - kuchyne na mieru.","robots":{"index":"index","follow":"follow","max-snippet":"max-snippet:-1","max-image-preview":"max-image-preview:large","max-video-preview":"max-video-preview:-1"},"canonical":"https:\/\/www.ikuchyne.sk\/eshop\/produkt\/jedalensky-stol-atlas-180-220-260cm-keramika-lava\/","og_locale":"sk_SK","og_type":"article","og_title":"Jed\u00e1lensk\u00fd st\u00f4l Atlas 180-220-260cm keramika \/ l\u00e1va \u00bb &#187; iKuchyne iSHOP s n\u00e1bytkom","og_description":"Jed\u00e1lensk\u00fd st\u00f4l Atlas 180-220-260cm keramika \/ l\u00e1va \u00bb - r\u00fdchle dodanie, poradenstvo, n\u00e1bytok skladom v Bratislave s ikuchyne.sk - kuchyne na mieru.","og_url":"https:\/\/www.ikuchyne.sk\/eshop\/produkt\/jedalensky-stol-atlas-180-220-260cm-keramika-lava\/","og_site_name":"iKuchyne iSHOP s n\u00e1bytkom","article_publisher":"https:\/\/www.facebook.com\/ikuchyne\/","article_modified_time":"2024-02-20T22:58:25+00:00","og_image":[{"width":800,"height":559,"url":"https:\/\/www.ikuchyne.sk\/eshop\/wp-content\/uploads\/2020\/05\/Jed\u00e1lensk\u00fd-st\u00f4l-Atlas-180-220-260cm-keramika-Lava-40118.jpg","type":"image\/jpeg"}],"twitter_card":"summary_large_image","twitter_misc":{"Predpokladan\u00fd \u010das \u010d\u00edtania":"2 min\u00faty"},"schema":{"@context":"https:\/\/schema.org","@graph":[{"@type":"WebPage","@id":"https:\/\/www.ikuchyne.sk\/eshop\/produkt\/jedalensky-stol-atlas-180-220-260cm-keramika-lava\/","url":"https:\/\/www.ikuchyne.sk\/eshop\/produkt\/jedalensky-stol-atlas-180-220-260cm-keramika-lava\/","name":"Jed\u00e1lensk\u00fd st\u00f4l Atlas 180-220-260cm keramika \/ l\u00e1va \u00bb &#187; iKuchyne iSHOP s n\u00e1bytkom","isPartOf":{"@id":"https:\/\/www.ikuchyne.sk\/eshop\/#website"},"datePublished":"2020-06-02T10:17:43+00:00","dateModified":"2024-02-20T22:58:25+00:00","description":"Jed\u00e1lensk\u00fd st\u00f4l Atlas 180-220-260cm keramika \/ l\u00e1va \u00bb - r\u00fdchle dodanie, poradenstvo, n\u00e1bytok skladom v Bratislave s ikuchyne.sk - kuchyne na mieru.","breadcrumb":{"@id":"https:\/\/www.ikuchyne.sk\/eshop\/produkt\/jedalensky-stol-atlas-180-220-260cm-keramika-lava\/#breadcrumb"},"inLanguage":"sk-SK","potentialAction":[{"@type":"ReadAction","target":["https:\/\/www.ikuchyne.sk\/eshop\/produkt\/jedalensky-stol-atlas-180-220-260cm-keramika-lava\/"]}]},{"@type":"BreadcrumbList","@id":"https:\/\/www.ikuchyne.sk\/eshop\/produkt\/jedalensky-stol-atlas-180-220-260cm-keramika-lava\/#breadcrumb","itemListElement":[{"@type":"ListItem","position":1,"name":"Home","item":"https:\/\/www.ikuchyne.sk\/eshop\/"},{"@type":"ListItem","position":2,"name":"Obchod","item":"https:\/\/www.ikuchyne.sk\/eshop\/obchod\/"},{"@type":"ListItem","position":3,"name":"Jed\u00e1lensk\u00fd st\u00f4l Atlas 180-220-260cm keramika \/ l\u00e1va \u00bb"}]},{"@type":"WebSite","@id":"https:\/\/www.ikuchyne.sk\/eshop\/#website","url":"https:\/\/www.ikuchyne.sk\/eshop\/","name":"iKuchyne iSHOP s n\u00e1bytkom","description":"Jed\u00e1lensk\u00e9 stoly, stoli\u010dky, n\u00e1bytok, svietidl\u00e1...","publisher":{"@id":"https:\/\/www.ikuchyne.sk\/eshop\/#organization"},"potentialAction":[{"@type":"SearchAction","target":{"@type":"EntryPoint","urlTemplate":"https:\/\/www.ikuchyne.sk\/eshop\/?s={search_term_string}"},"query-input":"required name=search_term_string"}],"inLanguage":"sk-SK"},{"@type":"Organization","@id":"https:\/\/www.ikuchyne.sk\/eshop\/#organization","name":"ikuchyne!","url":"https:\/\/www.ikuchyne.sk\/eshop\/","logo":{"@type":"ImageObject","inLanguage":"sk-SK","@id":"https:\/\/www.ikuchyne.sk\/eshop\/#\/schema\/logo\/image\/","url":"https:\/\/www.ikuchyne.sk\/eshop\/wp-content\/uploads\/2017\/04\/ikuchyne-logo.jpg","contentUrl":"https:\/\/www.ikuchyne.sk\/eshop\/wp-content\/uploads\/2017\/04\/ikuchyne-logo.jpg","width":200,"height":48,"caption":"ikuchyne!"},"image":{"@id":"https:\/\/www.ikuchyne.sk\/eshop\/#\/schema\/logo\/image\/"},"sameAs":["https:\/\/www.facebook.com\/ikuchyne\/","https:\/\/www.instagram.com\/ikuchyne.sk\/","https:\/\/sk.pinterest.com\/ikuchynesk\/"]}]}},"_links":{"self":[{"href":"https:\/\/www.ikuchyne.sk\/eshop\/wp-json\/wp\/v2\/product\/129340"}],"collection":[{"href":"https:\/\/www.ikuchyne.sk\/eshop\/wp-json\/wp\/v2\/product"}],"about":[{"href":"https:\/\/www.ikuchyne.sk\/eshop\/wp-json\/wp\/v2\/types\/product"}],"replies":[{"embeddable":true,"href":"https:\/\/www.ikuchyne.sk\/eshop\/wp-json\/wp\/v2\/comments?post=129340"}],"wp:featuredmedia":[{"embeddable":true,"href":"https:\/\/www.ikuchyne.sk\/eshop\/wp-json\/wp\/v2\/media\/129341"}],"wp:attachment":[{"href":"https:\/\/www.ikuchyne.sk\/eshop\/wp-json\/wp\/v2\/media?parent=129340"}],"wp:term":[{"taxonomy":"product_cat","embeddable":true,"href":"https:\/\/www.ikuchyne.sk\/eshop\/wp-json\/wp\/v2\/product_cat?post=129340"},{"taxonomy":"product_tag","embeddable":true,"href":"https:\/\/www.ikuchyne.sk\/eshop\/wp-json\/wp\/v2\/product_tag?post=129340"}],"curies":[{"name":"wp","href":"https:\/\/api.w.org\/{rel}","templated":true}]}}