{"id":129605,"date":"2020-06-03T07:50:02","date_gmt":"2020-06-03T05:50:02","guid":{"rendered":"https:\/\/www.ikuchyne.sk\/eshop\/?post_type=product&#038;p=129605"},"modified":"2022-01-28T11:59:00","modified_gmt":"2022-01-28T10:59:00","slug":"regal-na-vino-bodega-79cm-polovica-suda","status":"publish","type":"product","link":"https:\/\/www.ikuchyne.sk\/eshop\/produkt\/regal-na-vino-bodega-79cm-polovica-suda\/","title":{"rendered":"Reg\u00e1l na v\u00edno Bodega 79cm &#8211; polovica suda \u00bb"},"content":{"rendered":"<h1>Reg\u00e1l na v\u00edno Bodega 79cm &#8211; polovica suda \u00bb<\/h1>\n<h4><strong>V\u0161eobecn\u00fd popis:<\/strong><\/h4>\n<p>Elegantn\u00fd reg\u00e1l na v\u00edno Bodega 79cm &#8211; polovica suda, ktor\u00fd bude pre va\u0161e kvalitn\u00e9 f\u013ea\u0161e v\u00edna hotov\u00fdm kr\u00e1\u013eovstvom. Zlat\u00e9 nity a dizajn z pr\u00edrodn\u00e9ho dreva zu\u0161\u013each\u0165uj\u00fa tento reg\u00e1l. Zauj\u00edmav\u00e9 zrno dreva si z\u00edska va\u0161e poh\u013eady. S t\u00fdmto stojanom na v\u00edno je v\u00e1\u0161 dom\u00e1ci bar kompletn\u00fd!<\/p>\n<p>Ka\u017ed\u00fd reg\u00e1l BODEGA je jedine\u010dn\u00fd a \u00fa\u017easn\u00fd! Chceli by ste zauj\u00edmav\u00fdm sp\u00f4sobom predstavi\u0165 priate\u013eom alebo ochutna\u0165 svoje ob\u013e\u00faben\u00e9 v\u00edno a h\u013ead\u00e1te tie\u017e dekorat\u00edvny p\u00fata\u010d o\u010d\u00ed pre svoju v\u00ednnu pivnicu \u010di terasu? Potom by ste sa mali bli\u017e\u0161ie pozrie\u0165 na na\u0161e zauj\u00edmavo vyroben\u00e9 sudy na v\u00edno. Reg\u00e1l je modelovan\u00fd ako v\u00ednny sud a in\u0161piruje sa mnoh\u00fdmi autentick\u00fdmi detailmi, ktor\u00e9 tento reg\u00e1l len a len vylep\u0161uj\u00fa. Zlat\u00e9 ozdobn\u00e9 nity \u0161ikovne or\u00e1muj\u00fa ve\u013ek\u00e9 priehradky a na \u010diernom pozad\u00ed vyzeraj\u00fa e\u0161te efekt\u00edvnej\u0161ie.<\/p>\n<p>Ve\u013ea \u00falo\u017en\u00e9ho priestoru pre va\u0161u zbierku v\u00edn. V dvoch otvoren\u00fdch \u00falo\u017en\u00fdch priestoroch n\u00e1jdete dostatok miesta na odlo\u017eenie flia\u0161 v\u00edna. Nez\u00e1le\u017e\u00ed na tom, \u010di ide o biele alebo \u010derven\u00e9 v\u00edno, f\u013ea\u0161e \u0161ampansk\u00e9ho alebo dobr\u00e9ho prosecca &#8211; ka\u017ed\u00fd z va\u0161ich pokladov dokonalo zapadne do tohto reg\u00e1la. \u00dalo\u017en\u00fd priestor v\u00ednneho suda m\u00f4\u017eete vyu\u017ei\u0165 aj ako mal\u00fd barov\u00fd stol\u00edk, na ktor\u00fd sa d\u00e1 polo\u017ei\u0165 poh\u00e1r v\u00edna a ob\u010derstvenie. Navy\u0161e povrch suda bol navrhnut\u00fd tak, aby si p\u00f4vodn\u00fd charakter v\u00ednneho suda pri\u0161iel na svoje!<\/p>\n<h4><strong>Detaily produktu:<\/strong><\/h4>\n<p>Preto\u017ee sa jedn\u00e1 o pr\u00edrodn\u00fd produkt, ka\u017ed\u00e1 k\u00f3pia je \u00faplne jedine\u010dn\u00e1. Nerovnosti, farebn\u00e9 prechody, charizmatick\u00e9 uzly, praskliny alebo dokonca rozmerov\u00e9 rozdiely s\u00fa mo\u017en\u00e9 a vytv\u00e1raj\u00fa originalitu a vytv\u00e1raj\u00fa \u010daro mas\u00edvneho dreva. \u017diadny z t\u00fdchto d\u00f4vodov nie je d\u00f4vodom na s\u0165a\u017enos\u0165. Pon\u00faka priestor a\u017e pre 25 flia\u0161. Vhodn\u00e9 bytov\u00e9 doplnky pre kombinovanie interi\u00e9ru s t\u00fdmto reg\u00e1lom na v\u00edno Bodega n\u00e1jdete na na\u0161om e-shope v sekcii Bytov\u00e9 doplnky. Kontaktujte n\u00e1s a my v\u00e1m radi pom\u00f4\u017eeme s v\u00fdberom vhodn\u00fdch dekor\u00e1ci\u00ed a n\u00e1bytku.<\/p>\n<p><strong>\u010eal\u0161ie inform\u00e1cie:<br \/>\n<\/strong>Sud je jednoduch\u00fd na \u00fadr\u017ebu, posta\u010d\u00ed v\u00e1m vlhk\u00e1 handri\u010dka a voda.<\/p>\n<p><b>Rozmery<\/b> (cca): 50cm x 79cm x 24cm (\u0160xVxH)<br \/>\npriehradka oben: 39cm x 33cm x 24cm (\u0160xVxH)<br \/>\npriehradka unten: 33cm x 36cm x 21cm (\u0160xVxH)<br \/>\n<b>Farba:<\/b> pr\u00edrodn\u00e1<br \/>\n<b>Materi\u00e1l:<\/b> drevo (mas\u00edv)<\/p>\n<p>Dodato\u010dn\u00e9 inform\u00e1cie:<\/p>\n<p>V pr\u00edpade z\u00e1ujmu o in\u00e9 reg\u00e1ly, skrine \u010di komody, nav\u0161t\u00edvte sekciu n\u00e1bytok na <a href=\"https:\/\/www.ikuchyne.sk\/eshop\/kategoria\/nabytok\/\">www.ikuchyne.sk\/eshop<\/a><br \/>\nV pr\u00edpade z\u00e1ujmu o n\u00e1bytok na mieru n\u00e1s kontaktuje na <a href=\"http:\/\/www.ikuchyne.sk\">www.ikuchyne.sk<\/a><\/p>\n","protected":false},"excerpt":{"rendered":"<p>Reg\u00e1l na v\u00edno Bodega 79cm &#8211; polovica suda \u00bb V\u0161eobecn\u00fd popis: Elegantn\u00fd reg\u00e1l na v\u00edno Bodega 79cm &#8211; polovica suda, ktor\u00fd bude pre va\u0161e kvalitn\u00e9 f\u013ea\u0161e v\u00edna hotov\u00fdm kr\u00e1\u013eovstvom. Zlat\u00e9<\/p>\n","protected":false},"featured_media":129606,"comment_status":"closed","ping_status":"closed","template":"","meta":[],"product_cat":[286,772,296],"product_tag":[198],"yoast_head":"<!-- This site is optimized with the Yoast SEO plugin v22.1 - https:\/\/yoast.com\/wordpress\/plugins\/seo\/ -->\n<title>Reg\u00e1l na v\u00edno Bodega 79cm &#187; iKuchyne iSHOP s n\u00e1bytkom<\/title>\n<meta name=\"description\" content=\"Reg\u00e1l na v\u00edno Bodega 79cm - polovica suda \u00bb - r\u00fdchle dodanie, poradenstvo, n\u00e1bytok skladom v Bratislave s ikuchyne.sk - kuchyne na mieru.\" \/>\n<meta name=\"robots\" content=\"index, follow, max-snippet:-1, max-image-preview:large, max-video-preview:-1\" \/>\n<link rel=\"canonical\" href=\"https:\/\/www.ikuchyne.sk\/eshop\/produkt\/regal-na-vino-bodega-79cm-polovica-suda\/\" \/>\n<meta property=\"og:locale\" content=\"sk_SK\" \/>\n<meta property=\"og:type\" content=\"article\" \/>\n<meta property=\"og:title\" content=\"Reg\u00e1l na v\u00edno Bodega 79cm &#187; iKuchyne iSHOP s n\u00e1bytkom\" \/>\n<meta property=\"og:description\" content=\"Reg\u00e1l na v\u00edno Bodega 79cm - polovica suda \u00bb - r\u00fdchle dodanie, poradenstvo, n\u00e1bytok skladom v Bratislave s ikuchyne.sk - kuchyne na mieru.\" \/>\n<meta property=\"og:url\" content=\"https:\/\/www.ikuchyne.sk\/eshop\/produkt\/regal-na-vino-bodega-79cm-polovica-suda\/\" \/>\n<meta property=\"og:site_name\" content=\"iKuchyne iSHOP s n\u00e1bytkom\" \/>\n<meta property=\"article:publisher\" content=\"https:\/\/www.facebook.com\/ikuchyne\/\" \/>\n<meta property=\"article:modified_time\" content=\"2022-01-28T10:59:00+00:00\" \/>\n<meta property=\"og:image\" content=\"https:\/\/www.ikuchyne.sk\/eshop\/wp-content\/uploads\/2020\/06\/Reg\u00e1l-na-v\u00edno-Bodega-halb-79cm-pr\u00edrodn\u00e1-40074.jpg\" \/>\n\t<meta property=\"og:image:width\" content=\"800\" \/>\n\t<meta property=\"og:image:height\" content=\"533\" \/>\n\t<meta property=\"og:image:type\" content=\"image\/jpeg\" \/>\n<meta name=\"twitter:card\" content=\"summary_large_image\" \/>\n<meta name=\"twitter:label1\" content=\"Predpokladan\u00fd \u010das \u010d\u00edtania\" \/>\n\t<meta name=\"twitter:data1\" content=\"2 min\u00faty\" \/>\n<script type=\"application\/ld+json\" class=\"yoast-schema-graph\">{\"@context\":\"https:\/\/schema.org\",\"@graph\":[{\"@type\":\"WebPage\",\"@id\":\"https:\/\/www.ikuchyne.sk\/eshop\/produkt\/regal-na-vino-bodega-79cm-polovica-suda\/\",\"url\":\"https:\/\/www.ikuchyne.sk\/eshop\/produkt\/regal-na-vino-bodega-79cm-polovica-suda\/\",\"name\":\"Reg\u00e1l na v\u00edno Bodega 79cm &#187; iKuchyne iSHOP s n\u00e1bytkom\",\"isPartOf\":{\"@id\":\"https:\/\/www.ikuchyne.sk\/eshop\/#website\"},\"datePublished\":\"2020-06-03T05:50:02+00:00\",\"dateModified\":\"2022-01-28T10:59:00+00:00\",\"description\":\"Reg\u00e1l na v\u00edno Bodega 79cm - polovica suda \u00bb - r\u00fdchle dodanie, poradenstvo, n\u00e1bytok skladom v Bratislave s ikuchyne.sk - kuchyne na mieru.\",\"breadcrumb\":{\"@id\":\"https:\/\/www.ikuchyne.sk\/eshop\/produkt\/regal-na-vino-bodega-79cm-polovica-suda\/#breadcrumb\"},\"inLanguage\":\"sk-SK\",\"potentialAction\":[{\"@type\":\"ReadAction\",\"target\":[\"https:\/\/www.ikuchyne.sk\/eshop\/produkt\/regal-na-vino-bodega-79cm-polovica-suda\/\"]}]},{\"@type\":\"BreadcrumbList\",\"@id\":\"https:\/\/www.ikuchyne.sk\/eshop\/produkt\/regal-na-vino-bodega-79cm-polovica-suda\/#breadcrumb\",\"itemListElement\":[{\"@type\":\"ListItem\",\"position\":1,\"name\":\"Home\",\"item\":\"https:\/\/www.ikuchyne.sk\/eshop\/\"},{\"@type\":\"ListItem\",\"position\":2,\"name\":\"Obchod\",\"item\":\"https:\/\/www.ikuchyne.sk\/eshop\/obchod\/\"},{\"@type\":\"ListItem\",\"position\":3,\"name\":\"Reg\u00e1l na v\u00edno Bodega 79cm &#8211; polovica suda \u00bb\"}]},{\"@type\":\"WebSite\",\"@id\":\"https:\/\/www.ikuchyne.sk\/eshop\/#website\",\"url\":\"https:\/\/www.ikuchyne.sk\/eshop\/\",\"name\":\"iKuchyne iSHOP s n\u00e1bytkom\",\"description\":\"Jed\u00e1lensk\u00e9 stoly, stoli\u010dky, n\u00e1bytok, svietidl\u00e1...\",\"publisher\":{\"@id\":\"https:\/\/www.ikuchyne.sk\/eshop\/#organization\"},\"potentialAction\":[{\"@type\":\"SearchAction\",\"target\":{\"@type\":\"EntryPoint\",\"urlTemplate\":\"https:\/\/www.ikuchyne.sk\/eshop\/?s={search_term_string}\"},\"query-input\":\"required name=search_term_string\"}],\"inLanguage\":\"sk-SK\"},{\"@type\":\"Organization\",\"@id\":\"https:\/\/www.ikuchyne.sk\/eshop\/#organization\",\"name\":\"ikuchyne!\",\"url\":\"https:\/\/www.ikuchyne.sk\/eshop\/\",\"logo\":{\"@type\":\"ImageObject\",\"inLanguage\":\"sk-SK\",\"@id\":\"https:\/\/www.ikuchyne.sk\/eshop\/#\/schema\/logo\/image\/\",\"url\":\"https:\/\/www.ikuchyne.sk\/eshop\/wp-content\/uploads\/2017\/04\/ikuchyne-logo.jpg\",\"contentUrl\":\"https:\/\/www.ikuchyne.sk\/eshop\/wp-content\/uploads\/2017\/04\/ikuchyne-logo.jpg\",\"width\":200,\"height\":48,\"caption\":\"ikuchyne!\"},\"image\":{\"@id\":\"https:\/\/www.ikuchyne.sk\/eshop\/#\/schema\/logo\/image\/\"},\"sameAs\":[\"https:\/\/www.facebook.com\/ikuchyne\/\",\"https:\/\/www.instagram.com\/ikuchyne.sk\/\",\"https:\/\/sk.pinterest.com\/ikuchynesk\/\"]}]}<\/script>\n<!-- \/ Yoast SEO plugin. -->","yoast_head_json":{"title":"Reg\u00e1l na v\u00edno Bodega 79cm &#187; iKuchyne iSHOP s n\u00e1bytkom","description":"Reg\u00e1l na v\u00edno Bodega 79cm - polovica suda \u00bb - r\u00fdchle dodanie, poradenstvo, n\u00e1bytok skladom v Bratislave s ikuchyne.sk - kuchyne na mieru.","robots":{"index":"index","follow":"follow","max-snippet":"max-snippet:-1","max-image-preview":"max-image-preview:large","max-video-preview":"max-video-preview:-1"},"canonical":"https:\/\/www.ikuchyne.sk\/eshop\/produkt\/regal-na-vino-bodega-79cm-polovica-suda\/","og_locale":"sk_SK","og_type":"article","og_title":"Reg\u00e1l na v\u00edno Bodega 79cm &#187; iKuchyne iSHOP s n\u00e1bytkom","og_description":"Reg\u00e1l na v\u00edno Bodega 79cm - polovica suda \u00bb - r\u00fdchle dodanie, poradenstvo, n\u00e1bytok skladom v Bratislave s ikuchyne.sk - kuchyne na mieru.","og_url":"https:\/\/www.ikuchyne.sk\/eshop\/produkt\/regal-na-vino-bodega-79cm-polovica-suda\/","og_site_name":"iKuchyne iSHOP s n\u00e1bytkom","article_publisher":"https:\/\/www.facebook.com\/ikuchyne\/","article_modified_time":"2022-01-28T10:59:00+00:00","og_image":[{"width":800,"height":533,"url":"https:\/\/www.ikuchyne.sk\/eshop\/wp-content\/uploads\/2020\/06\/Reg\u00e1l-na-v\u00edno-Bodega-halb-79cm-pr\u00edrodn\u00e1-40074.jpg","type":"image\/jpeg"}],"twitter_card":"summary_large_image","twitter_misc":{"Predpokladan\u00fd \u010das \u010d\u00edtania":"2 min\u00faty"},"schema":{"@context":"https:\/\/schema.org","@graph":[{"@type":"WebPage","@id":"https:\/\/www.ikuchyne.sk\/eshop\/produkt\/regal-na-vino-bodega-79cm-polovica-suda\/","url":"https:\/\/www.ikuchyne.sk\/eshop\/produkt\/regal-na-vino-bodega-79cm-polovica-suda\/","name":"Reg\u00e1l na v\u00edno Bodega 79cm &#187; iKuchyne iSHOP s n\u00e1bytkom","isPartOf":{"@id":"https:\/\/www.ikuchyne.sk\/eshop\/#website"},"datePublished":"2020-06-03T05:50:02+00:00","dateModified":"2022-01-28T10:59:00+00:00","description":"Reg\u00e1l na v\u00edno Bodega 79cm - polovica suda \u00bb - r\u00fdchle dodanie, poradenstvo, n\u00e1bytok skladom v Bratislave s ikuchyne.sk - kuchyne na mieru.","breadcrumb":{"@id":"https:\/\/www.ikuchyne.sk\/eshop\/produkt\/regal-na-vino-bodega-79cm-polovica-suda\/#breadcrumb"},"inLanguage":"sk-SK","potentialAction":[{"@type":"ReadAction","target":["https:\/\/www.ikuchyne.sk\/eshop\/produkt\/regal-na-vino-bodega-79cm-polovica-suda\/"]}]},{"@type":"BreadcrumbList","@id":"https:\/\/www.ikuchyne.sk\/eshop\/produkt\/regal-na-vino-bodega-79cm-polovica-suda\/#breadcrumb","itemListElement":[{"@type":"ListItem","position":1,"name":"Home","item":"https:\/\/www.ikuchyne.sk\/eshop\/"},{"@type":"ListItem","position":2,"name":"Obchod","item":"https:\/\/www.ikuchyne.sk\/eshop\/obchod\/"},{"@type":"ListItem","position":3,"name":"Reg\u00e1l na v\u00edno Bodega 79cm &#8211; polovica suda \u00bb"}]},{"@type":"WebSite","@id":"https:\/\/www.ikuchyne.sk\/eshop\/#website","url":"https:\/\/www.ikuchyne.sk\/eshop\/","name":"iKuchyne iSHOP s n\u00e1bytkom","description":"Jed\u00e1lensk\u00e9 stoly, stoli\u010dky, n\u00e1bytok, svietidl\u00e1...","publisher":{"@id":"https:\/\/www.ikuchyne.sk\/eshop\/#organization"},"potentialAction":[{"@type":"SearchAction","target":{"@type":"EntryPoint","urlTemplate":"https:\/\/www.ikuchyne.sk\/eshop\/?s={search_term_string}"},"query-input":"required name=search_term_string"}],"inLanguage":"sk-SK"},{"@type":"Organization","@id":"https:\/\/www.ikuchyne.sk\/eshop\/#organization","name":"ikuchyne!","url":"https:\/\/www.ikuchyne.sk\/eshop\/","logo":{"@type":"ImageObject","inLanguage":"sk-SK","@id":"https:\/\/www.ikuchyne.sk\/eshop\/#\/schema\/logo\/image\/","url":"https:\/\/www.ikuchyne.sk\/eshop\/wp-content\/uploads\/2017\/04\/ikuchyne-logo.jpg","contentUrl":"https:\/\/www.ikuchyne.sk\/eshop\/wp-content\/uploads\/2017\/04\/ikuchyne-logo.jpg","width":200,"height":48,"caption":"ikuchyne!"},"image":{"@id":"https:\/\/www.ikuchyne.sk\/eshop\/#\/schema\/logo\/image\/"},"sameAs":["https:\/\/www.facebook.com\/ikuchyne\/","https:\/\/www.instagram.com\/ikuchyne.sk\/","https:\/\/sk.pinterest.com\/ikuchynesk\/"]}]}},"_links":{"self":[{"href":"https:\/\/www.ikuchyne.sk\/eshop\/wp-json\/wp\/v2\/product\/129605"}],"collection":[{"href":"https:\/\/www.ikuchyne.sk\/eshop\/wp-json\/wp\/v2\/product"}],"about":[{"href":"https:\/\/www.ikuchyne.sk\/eshop\/wp-json\/wp\/v2\/types\/product"}],"replies":[{"embeddable":true,"href":"https:\/\/www.ikuchyne.sk\/eshop\/wp-json\/wp\/v2\/comments?post=129605"}],"wp:featuredmedia":[{"embeddable":true,"href":"https:\/\/www.ikuchyne.sk\/eshop\/wp-json\/wp\/v2\/media\/129606"}],"wp:attachment":[{"href":"https:\/\/www.ikuchyne.sk\/eshop\/wp-json\/wp\/v2\/media?parent=129605"}],"wp:term":[{"taxonomy":"product_cat","embeddable":true,"href":"https:\/\/www.ikuchyne.sk\/eshop\/wp-json\/wp\/v2\/product_cat?post=129605"},{"taxonomy":"product_tag","embeddable":true,"href":"https:\/\/www.ikuchyne.sk\/eshop\/wp-json\/wp\/v2\/product_tag?post=129605"}],"curies":[{"name":"wp","href":"https:\/\/api.w.org\/{rel}","templated":true}]}}