{"id":129696,"date":"2020-06-17T21:36:28","date_gmt":"2020-06-17T19:36:28","guid":{"rendered":"https:\/\/www.ikuchyne.sk\/eshop\/?post_type=product&#038;p=129696"},"modified":"2024-03-10T19:19:49","modified_gmt":"2024-03-10T18:19:49","slug":"striebornosiva-rozkladacia-pohovka-divani","status":"publish","type":"product","link":"https:\/\/www.ikuchyne.sk\/eshop\/produkt\/striebornosiva-rozkladacia-pohovka-divani\/","title":{"rendered":"Striebornosiv\u00e1 rozkladacia pohovka Divani \u00bb"},"content":{"rendered":"<h1 class=\"product_title entry-title\">Striebornosiv\u00e1 rozkladacia pohovka Divani \u00bb<\/h1>\n<p><strong>V\u0161eobecn\u00fd opis pohovky:<br \/>\n<\/strong>Vkusn\u00e1 a praktick\u00e1 rozkladacia pohovka z m\u00e4kk\u00e9ho zamatu je ako stvoren\u00e1 pre modern\u00fd interi\u00e9r. T\u00e1to seda\u010dka je v minimalistickom \u00fatulnom preveden\u00ed na \u00fazkych dreven\u00fdch noh\u00e1ch, ktor\u00e9 s\u00fa pr\u00edzna\u010dn\u00e9 pre \u0161kandin\u00e1vsky \u0161t\u00fdl b\u00fdvania. Sedenie je \u010dal\u00fanen\u00e9 kvalitn\u00fdm zamatom v striebornosivej farbe. Operadlo a opierky r\u00fak s\u00fa tie\u017e \u010dal\u00fanen\u00e9. Podno\u017e tejto pohovky tvoria \u0161tyri \u00fazke dreven\u00e9 nohy v svetlej farbe. Ocen\u00edte nielen estetick\u00e9 vlastnosti tejto seda\u010dky, ale aj jej praktick\u00fa str\u00e1nku, ke\u010f\u017ee sa d\u00e1 rozlo\u017ei\u0165 a m\u00f4\u017ee posl\u00fa\u017ei\u0165 aj na spanie.<\/p>\n<p><strong>Sedenie:<br \/>\n<\/strong>Sedenie a tie\u017e le\u017eovisko je \u010dal\u00fanen\u00e9 kvalitn\u00fdm striebornosiv\u00fdm zamatom.<strong><br \/>\n<\/strong><\/p>\n<p><strong>Podno\u017e pohovky:<br \/>\n<\/strong>Podno\u017e rozkladacej pohovky je tvoren\u00e1 \u00fazkymi dreven\u00fdmi nohami.<\/p>\n<p><strong>\u010eal\u0161ie inform\u00e1cie:<br \/>\n<\/strong>V pr\u00edpade zne\u010distenia, pou\u017e\u00edvajte iba prostriedky na b\u00e1ze vody, ur\u010dite nepou\u017e\u00edvajte bielidl\u00e1. Ak nepom\u00f4\u017ee vysu\u0161enie suchou handri\u010dkou, naneste mal\u00e9 mno\u017estvo \u010distiaceho prostriedku na zne\u010disten\u00e9 plochy. \u010cakajte 2-3 min\u00faty a z\u013eahka vy\u010distite kr\u00fa\u017eiv\u00fdmi pohybmi, k\u00fdm \u0161kvrna nezmizne. \u0160kvrnu nechajte prirodzene vyschn\u00fa\u0165. Ke\u010f je povrch such\u00fd, vy\u010de\u0161te vlasy jemnou kefkou.<br \/>\nRada star\u00fdch m\u00e1m: so\u013e rozsypte po zamate a opatrne prekefujte.<\/p>\n<p><b>Rozmery pohovky<\/b>:<br \/>\n\u0160\u00edrka seda\u010dky: 215 cm<br \/>\nV\u00fd\u0161ka seda\u010dky: 85 cm<br \/>\nH\u013abka seda\u010dky: 91 cm<\/p>\n<p><strong>Rozmery sedenia:<\/strong>\u00a0180 x 41 x 56 cm (\u0160xVxH)<br \/>\n<strong>V\u00fd\u0161ka operadla:<\/strong>\u00a044 cm<strong><br \/>\nRozmer le\u017eoviska:\u00a0<\/strong>180 x 110 cm (\u0160xH)<strong><br \/>\nRozmer vank\u00fa\u0161ov:\u00a0<\/strong>2 x 95 x 30 cm (\u0160xV)<\/p>\n<p><b>Materi\u00e1l:\u00a0<\/b>zamat, drevo mas\u00edv<\/p>\n<p><b>Farba:<\/b>\u00a0striebornosiv\u00e1<\/p>\n","protected":false},"excerpt":{"rendered":"<p>Striebornosiv\u00e1 rozkladacia pohovka Divani \u00bb V\u0161eobecn\u00fd opis pohovky: Vkusn\u00e1 a praktick\u00e1 rozkladacia pohovka z m\u00e4kk\u00e9ho zamatu je ako stvoren\u00e1 pre modern\u00fd interi\u00e9r. T\u00e1to seda\u010dka je v minimalistickom \u00fatulnom preveden\u00ed na<\/p>\n","protected":false},"featured_media":129697,"comment_status":"closed","ping_status":"closed","template":"","meta":[],"product_cat":[772,600,603],"product_tag":[266],"yoast_head":"<!-- This site is optimized with the Yoast SEO plugin v22.1 - https:\/\/yoast.com\/wordpress\/plugins\/seo\/ -->\n<title>Striebornosiv\u00e1 rozkladacia pohovka Divani \u00bb &#187; iKuchyne iSHOP s n\u00e1bytkom<\/title>\n<meta name=\"description\" content=\"K\u00fapte si u n\u00e1s Striebornosiv\u00e1 rozkladacia pohovka Divani \u00bb za akciov\u00fa cenu. R\u00fdchle dodanie tovaru, odborn\u00e9 poradenstvo a stovky produktov skladom. Striebornosiv\u00e1 rozkladacia pohovka Divani \u00bb sa stane dominantou V\u00e1\u0161ho interi\u00e9ru. Internetov\u00fd obchod ikuchyne! pon\u00faka odber Striebornosiv\u00e1 rozkladacia pohovka Divani \u00bb u\u017e od 1 kusu.\" \/>\n<meta name=\"robots\" content=\"index, follow, max-snippet:-1, max-image-preview:large, max-video-preview:-1\" \/>\n<link rel=\"canonical\" href=\"https:\/\/www.ikuchyne.sk\/eshop\/produkt\/striebornosiva-rozkladacia-pohovka-divani\/\" \/>\n<meta property=\"og:locale\" content=\"sk_SK\" \/>\n<meta property=\"og:type\" content=\"article\" \/>\n<meta property=\"og:title\" content=\"Striebornosiv\u00e1 rozkladacia pohovka Divani \u00bb &#187; iKuchyne iSHOP s n\u00e1bytkom\" \/>\n<meta property=\"og:description\" content=\"K\u00fapte si u n\u00e1s Striebornosiv\u00e1 rozkladacia pohovka Divani \u00bb za akciov\u00fa cenu. R\u00fdchle dodanie tovaru, odborn\u00e9 poradenstvo a stovky produktov skladom. Striebornosiv\u00e1 rozkladacia pohovka Divani \u00bb sa stane dominantou V\u00e1\u0161ho interi\u00e9ru. Internetov\u00fd obchod ikuchyne! pon\u00faka odber Striebornosiv\u00e1 rozkladacia pohovka Divani \u00bb u\u017e od 1 kusu.\" \/>\n<meta property=\"og:url\" content=\"https:\/\/www.ikuchyne.sk\/eshop\/produkt\/striebornosiva-rozkladacia-pohovka-divani\/\" \/>\n<meta property=\"og:site_name\" content=\"iKuchyne iSHOP s n\u00e1bytkom\" \/>\n<meta property=\"article:publisher\" content=\"https:\/\/www.facebook.com\/ikuchyne\/\" \/>\n<meta property=\"article:modified_time\" content=\"2024-03-10T18:19:49+00:00\" \/>\n<meta property=\"og:image\" content=\"https:\/\/www.ikuchyne.sk\/eshop\/wp-content\/uploads\/2020\/06\/Rozkladacia-pohovka-Divani-II-215cm-strieborno\u0161ed\u00e1-zamat-40087.jpg\" \/>\n\t<meta property=\"og:image:width\" content=\"800\" \/>\n\t<meta property=\"og:image:height\" content=\"533\" \/>\n\t<meta property=\"og:image:type\" content=\"image\/jpeg\" \/>\n<meta name=\"twitter:card\" content=\"summary_large_image\" \/>\n<meta name=\"twitter:label1\" content=\"Predpokladan\u00fd \u010das \u010d\u00edtania\" \/>\n\t<meta name=\"twitter:data1\" content=\"1 min\u00fata\" \/>\n<script type=\"application\/ld+json\" class=\"yoast-schema-graph\">{\"@context\":\"https:\/\/schema.org\",\"@graph\":[{\"@type\":\"WebPage\",\"@id\":\"https:\/\/www.ikuchyne.sk\/eshop\/produkt\/striebornosiva-rozkladacia-pohovka-divani\/\",\"url\":\"https:\/\/www.ikuchyne.sk\/eshop\/produkt\/striebornosiva-rozkladacia-pohovka-divani\/\",\"name\":\"Striebornosiv\u00e1 rozkladacia pohovka Divani \u00bb &#187; iKuchyne iSHOP s n\u00e1bytkom\",\"isPartOf\":{\"@id\":\"https:\/\/www.ikuchyne.sk\/eshop\/#website\"},\"datePublished\":\"2020-06-17T19:36:28+00:00\",\"dateModified\":\"2024-03-10T18:19:49+00:00\",\"description\":\"K\u00fapte si u n\u00e1s Striebornosiv\u00e1 rozkladacia pohovka Divani \u00bb za akciov\u00fa cenu. R\u00fdchle dodanie tovaru, odborn\u00e9 poradenstvo a stovky produktov skladom. Striebornosiv\u00e1 rozkladacia pohovka Divani \u00bb sa stane dominantou V\u00e1\u0161ho interi\u00e9ru. Internetov\u00fd obchod ikuchyne! pon\u00faka odber Striebornosiv\u00e1 rozkladacia pohovka Divani \u00bb u\u017e od 1 kusu.\",\"breadcrumb\":{\"@id\":\"https:\/\/www.ikuchyne.sk\/eshop\/produkt\/striebornosiva-rozkladacia-pohovka-divani\/#breadcrumb\"},\"inLanguage\":\"sk-SK\",\"potentialAction\":[{\"@type\":\"ReadAction\",\"target\":[\"https:\/\/www.ikuchyne.sk\/eshop\/produkt\/striebornosiva-rozkladacia-pohovka-divani\/\"]}]},{\"@type\":\"BreadcrumbList\",\"@id\":\"https:\/\/www.ikuchyne.sk\/eshop\/produkt\/striebornosiva-rozkladacia-pohovka-divani\/#breadcrumb\",\"itemListElement\":[{\"@type\":\"ListItem\",\"position\":1,\"name\":\"Home\",\"item\":\"https:\/\/www.ikuchyne.sk\/eshop\/\"},{\"@type\":\"ListItem\",\"position\":2,\"name\":\"Obchod\",\"item\":\"https:\/\/www.ikuchyne.sk\/eshop\/obchod\/\"},{\"@type\":\"ListItem\",\"position\":3,\"name\":\"Striebornosiv\u00e1 rozkladacia pohovka Divani \u00bb\"}]},{\"@type\":\"WebSite\",\"@id\":\"https:\/\/www.ikuchyne.sk\/eshop\/#website\",\"url\":\"https:\/\/www.ikuchyne.sk\/eshop\/\",\"name\":\"iKuchyne iSHOP s n\u00e1bytkom\",\"description\":\"Jed\u00e1lensk\u00e9 stoly, stoli\u010dky, n\u00e1bytok, svietidl\u00e1...\",\"publisher\":{\"@id\":\"https:\/\/www.ikuchyne.sk\/eshop\/#organization\"},\"potentialAction\":[{\"@type\":\"SearchAction\",\"target\":{\"@type\":\"EntryPoint\",\"urlTemplate\":\"https:\/\/www.ikuchyne.sk\/eshop\/?s={search_term_string}\"},\"query-input\":\"required name=search_term_string\"}],\"inLanguage\":\"sk-SK\"},{\"@type\":\"Organization\",\"@id\":\"https:\/\/www.ikuchyne.sk\/eshop\/#organization\",\"name\":\"ikuchyne!\",\"url\":\"https:\/\/www.ikuchyne.sk\/eshop\/\",\"logo\":{\"@type\":\"ImageObject\",\"inLanguage\":\"sk-SK\",\"@id\":\"https:\/\/www.ikuchyne.sk\/eshop\/#\/schema\/logo\/image\/\",\"url\":\"https:\/\/www.ikuchyne.sk\/eshop\/wp-content\/uploads\/2017\/04\/ikuchyne-logo.jpg\",\"contentUrl\":\"https:\/\/www.ikuchyne.sk\/eshop\/wp-content\/uploads\/2017\/04\/ikuchyne-logo.jpg\",\"width\":200,\"height\":48,\"caption\":\"ikuchyne!\"},\"image\":{\"@id\":\"https:\/\/www.ikuchyne.sk\/eshop\/#\/schema\/logo\/image\/\"},\"sameAs\":[\"https:\/\/www.facebook.com\/ikuchyne\/\",\"https:\/\/www.instagram.com\/ikuchyne.sk\/\",\"https:\/\/sk.pinterest.com\/ikuchynesk\/\"]}]}<\/script>\n<!-- \/ Yoast SEO plugin. -->","yoast_head_json":{"title":"Striebornosiv\u00e1 rozkladacia pohovka Divani \u00bb &#187; iKuchyne iSHOP s n\u00e1bytkom","description":"K\u00fapte si u n\u00e1s Striebornosiv\u00e1 rozkladacia pohovka Divani \u00bb za akciov\u00fa cenu. R\u00fdchle dodanie tovaru, odborn\u00e9 poradenstvo a stovky produktov skladom. Striebornosiv\u00e1 rozkladacia pohovka Divani \u00bb sa stane dominantou V\u00e1\u0161ho interi\u00e9ru. Internetov\u00fd obchod ikuchyne! pon\u00faka odber Striebornosiv\u00e1 rozkladacia pohovka Divani \u00bb u\u017e od 1 kusu.","robots":{"index":"index","follow":"follow","max-snippet":"max-snippet:-1","max-image-preview":"max-image-preview:large","max-video-preview":"max-video-preview:-1"},"canonical":"https:\/\/www.ikuchyne.sk\/eshop\/produkt\/striebornosiva-rozkladacia-pohovka-divani\/","og_locale":"sk_SK","og_type":"article","og_title":"Striebornosiv\u00e1 rozkladacia pohovka Divani \u00bb &#187; iKuchyne iSHOP s n\u00e1bytkom","og_description":"K\u00fapte si u n\u00e1s Striebornosiv\u00e1 rozkladacia pohovka Divani \u00bb za akciov\u00fa cenu. R\u00fdchle dodanie tovaru, odborn\u00e9 poradenstvo a stovky produktov skladom. Striebornosiv\u00e1 rozkladacia pohovka Divani \u00bb sa stane dominantou V\u00e1\u0161ho interi\u00e9ru. Internetov\u00fd obchod ikuchyne! pon\u00faka odber Striebornosiv\u00e1 rozkladacia pohovka Divani \u00bb u\u017e od 1 kusu.","og_url":"https:\/\/www.ikuchyne.sk\/eshop\/produkt\/striebornosiva-rozkladacia-pohovka-divani\/","og_site_name":"iKuchyne iSHOP s n\u00e1bytkom","article_publisher":"https:\/\/www.facebook.com\/ikuchyne\/","article_modified_time":"2024-03-10T18:19:49+00:00","og_image":[{"width":800,"height":533,"url":"https:\/\/www.ikuchyne.sk\/eshop\/wp-content\/uploads\/2020\/06\/Rozkladacia-pohovka-Divani-II-215cm-strieborno\u0161ed\u00e1-zamat-40087.jpg","type":"image\/jpeg"}],"twitter_card":"summary_large_image","twitter_misc":{"Predpokladan\u00fd \u010das \u010d\u00edtania":"1 min\u00fata"},"schema":{"@context":"https:\/\/schema.org","@graph":[{"@type":"WebPage","@id":"https:\/\/www.ikuchyne.sk\/eshop\/produkt\/striebornosiva-rozkladacia-pohovka-divani\/","url":"https:\/\/www.ikuchyne.sk\/eshop\/produkt\/striebornosiva-rozkladacia-pohovka-divani\/","name":"Striebornosiv\u00e1 rozkladacia pohovka Divani \u00bb &#187; iKuchyne iSHOP s n\u00e1bytkom","isPartOf":{"@id":"https:\/\/www.ikuchyne.sk\/eshop\/#website"},"datePublished":"2020-06-17T19:36:28+00:00","dateModified":"2024-03-10T18:19:49+00:00","description":"K\u00fapte si u n\u00e1s Striebornosiv\u00e1 rozkladacia pohovka Divani \u00bb za akciov\u00fa cenu. R\u00fdchle dodanie tovaru, odborn\u00e9 poradenstvo a stovky produktov skladom. Striebornosiv\u00e1 rozkladacia pohovka Divani \u00bb sa stane dominantou V\u00e1\u0161ho interi\u00e9ru. Internetov\u00fd obchod ikuchyne! pon\u00faka odber Striebornosiv\u00e1 rozkladacia pohovka Divani \u00bb u\u017e od 1 kusu.","breadcrumb":{"@id":"https:\/\/www.ikuchyne.sk\/eshop\/produkt\/striebornosiva-rozkladacia-pohovka-divani\/#breadcrumb"},"inLanguage":"sk-SK","potentialAction":[{"@type":"ReadAction","target":["https:\/\/www.ikuchyne.sk\/eshop\/produkt\/striebornosiva-rozkladacia-pohovka-divani\/"]}]},{"@type":"BreadcrumbList","@id":"https:\/\/www.ikuchyne.sk\/eshop\/produkt\/striebornosiva-rozkladacia-pohovka-divani\/#breadcrumb","itemListElement":[{"@type":"ListItem","position":1,"name":"Home","item":"https:\/\/www.ikuchyne.sk\/eshop\/"},{"@type":"ListItem","position":2,"name":"Obchod","item":"https:\/\/www.ikuchyne.sk\/eshop\/obchod\/"},{"@type":"ListItem","position":3,"name":"Striebornosiv\u00e1 rozkladacia pohovka Divani \u00bb"}]},{"@type":"WebSite","@id":"https:\/\/www.ikuchyne.sk\/eshop\/#website","url":"https:\/\/www.ikuchyne.sk\/eshop\/","name":"iKuchyne iSHOP s n\u00e1bytkom","description":"Jed\u00e1lensk\u00e9 stoly, stoli\u010dky, n\u00e1bytok, svietidl\u00e1...","publisher":{"@id":"https:\/\/www.ikuchyne.sk\/eshop\/#organization"},"potentialAction":[{"@type":"SearchAction","target":{"@type":"EntryPoint","urlTemplate":"https:\/\/www.ikuchyne.sk\/eshop\/?s={search_term_string}"},"query-input":"required name=search_term_string"}],"inLanguage":"sk-SK"},{"@type":"Organization","@id":"https:\/\/www.ikuchyne.sk\/eshop\/#organization","name":"ikuchyne!","url":"https:\/\/www.ikuchyne.sk\/eshop\/","logo":{"@type":"ImageObject","inLanguage":"sk-SK","@id":"https:\/\/www.ikuchyne.sk\/eshop\/#\/schema\/logo\/image\/","url":"https:\/\/www.ikuchyne.sk\/eshop\/wp-content\/uploads\/2017\/04\/ikuchyne-logo.jpg","contentUrl":"https:\/\/www.ikuchyne.sk\/eshop\/wp-content\/uploads\/2017\/04\/ikuchyne-logo.jpg","width":200,"height":48,"caption":"ikuchyne!"},"image":{"@id":"https:\/\/www.ikuchyne.sk\/eshop\/#\/schema\/logo\/image\/"},"sameAs":["https:\/\/www.facebook.com\/ikuchyne\/","https:\/\/www.instagram.com\/ikuchyne.sk\/","https:\/\/sk.pinterest.com\/ikuchynesk\/"]}]}},"_links":{"self":[{"href":"https:\/\/www.ikuchyne.sk\/eshop\/wp-json\/wp\/v2\/product\/129696"}],"collection":[{"href":"https:\/\/www.ikuchyne.sk\/eshop\/wp-json\/wp\/v2\/product"}],"about":[{"href":"https:\/\/www.ikuchyne.sk\/eshop\/wp-json\/wp\/v2\/types\/product"}],"replies":[{"embeddable":true,"href":"https:\/\/www.ikuchyne.sk\/eshop\/wp-json\/wp\/v2\/comments?post=129696"}],"wp:featuredmedia":[{"embeddable":true,"href":"https:\/\/www.ikuchyne.sk\/eshop\/wp-json\/wp\/v2\/media\/129697"}],"wp:attachment":[{"href":"https:\/\/www.ikuchyne.sk\/eshop\/wp-json\/wp\/v2\/media?parent=129696"}],"wp:term":[{"taxonomy":"product_cat","embeddable":true,"href":"https:\/\/www.ikuchyne.sk\/eshop\/wp-json\/wp\/v2\/product_cat?post=129696"},{"taxonomy":"product_tag","embeddable":true,"href":"https:\/\/www.ikuchyne.sk\/eshop\/wp-json\/wp\/v2\/product_tag?post=129696"}],"curies":[{"name":"wp","href":"https:\/\/api.w.org\/{rel}","templated":true}]}}