{"id":129966,"date":"2020-06-17T16:06:34","date_gmt":"2020-06-17T14:06:34","guid":{"rendered":"https:\/\/www.ikuchyne.sk\/eshop\/?post_type=product&#038;p=129966"},"modified":"2022-01-05T09:34:47","modified_gmt":"2022-01-05T08:34:47","slug":"pribornik-marrakesch-160cm-mango","status":"publish","type":"product","link":"https:\/\/www.ikuchyne.sk\/eshop\/produkt\/pribornik-marrakesch-160cm-mango\/","title":{"rendered":"Pr\u00edborn\u00edk Marrakesch z Manga \u2013 160cm \u00bb"},"content":{"rendered":"<h1>Pr\u00edborn\u00edk Marrakesch z Manga \u2013 160cm \u00bb<\/h1>\n<p><strong>V\u0161eobecn\u00fd popis pr\u00edborn\u00edka:<\/strong><br \/>\nV\u010faka tomuto pr\u00edborn\u00edku z\u00edskate nielen priestrann\u00fa komodu, v ktorej m\u00f4\u017eete organizovane ulo\u017ei\u0165 mno\u017estvo bytov\u00fdch doplnkov a riadov, ale aj mimoriadne p\u00fatav\u00fd dizajnov\u00fd n\u00e1bytok. Mas\u00edvne mangov\u00e9 drevo zaujme typickou kresbou, r\u00f4znymi odtie\u0148mi a drsn\u00fdm povrchom. Skrinka s ur\u010ditos\u0165ou zaujme ru\u010dne vytvoren\u00fdm vzorom na dvierkach pr\u00edborn\u00edka. Farby pr\u00edborn\u00edka s\u00fa v tepl\u00fdch odtie\u0148och zeme, a tak dokonale zd\u00f4raz\u0148uj\u00fa\u00a0 jeho prirodzen\u00fd vzh\u013ead. Za i dverami n\u00e1jdete trie prie\u010dky s dostato\u010dn\u00fdm \u00falo\u017en\u00fdm priestorom. Pr\u00edborn\u00edk je dostato\u010dne priestrann\u00fd, \u010do znamen\u00e1, \u017ee aj na jeho vrch si m\u00f4\u017eete pokojne pouklada\u0165 fotografie, kvety, alebo in\u00e9 dekor\u00e1cie.<\/p>\n<p><strong>Podno\u017e pr\u00edborn\u00edka:\u00a0<\/strong><br \/>\nSkrinka pr\u00edborn\u00edka je polo\u017een\u00e1 na 4 tenk\u00e9, kr\u00e1tke dreven\u00e9 no\u017ei\u010dky vo svetlej farbe dreva.<\/p>\n<p><strong>\u010eal\u0161ie inform\u00e1cie:<\/strong><br \/>\nNa n\u00e1bytok z mas\u00edvu je vhodn\u00e9 pou\u017e\u00edva\u0165 jemn\u00fa m\u00e4kk\u00fa handri\u010dku, ktor\u00e1 m\u00f4\u017ee by\u0165 jemne navlh\u010den\u00e1. Vyhnite sa agres\u00edvnym pr\u00edpravkom, ktor\u00e9 m\u00f4\u017eu drevo po\u0161kodi\u0165, alebo odfarbi\u0165. Neoveren\u00fd pr\u00edpravok natrite na mal\u00fa plochu, niekde, kde to nie je vidite\u013en\u00e9 a pr\u00edpravok vysk\u00fa\u0161ajte.<\/p>\n<p><strong>Rozmery:<\/strong><br \/>\n160 cm x 75 cm x 38 cm (\u0161xvxh)<br \/>\n<strong>Farba:<\/strong> pr\u00edrodn\u00e1<br \/>\n<strong>Materi\u00e1l:<\/strong> mas\u00edvne drevo, mango<\/p>\n","protected":false},"excerpt":{"rendered":"<p>Pr\u00edborn\u00edk Marrakesch z Manga \u2013 160cm \u00bb V\u0161eobecn\u00fd popis pr\u00edborn\u00edka: V\u010faka tomuto pr\u00edborn\u00edku z\u00edskate nielen priestrann\u00fa komodu, v ktorej m\u00f4\u017eete organizovane ulo\u017ei\u0165 mno\u017estvo bytov\u00fdch doplnkov a riadov, ale aj mimoriadne<\/p>\n","protected":false},"featured_media":129967,"comment_status":"closed","ping_status":"closed","template":"","meta":[],"product_cat":[293,286,772],"product_tag":[198],"yoast_head":"<!-- This site is optimized with the Yoast SEO plugin v22.1 - https:\/\/yoast.com\/wordpress\/plugins\/seo\/ -->\n<title>Pr\u00edborn\u00edk Marrakesch z Manga \u2013 160cm \u00bb &#187; iKuchyne iSHOP s n\u00e1bytkom<\/title>\n<meta name=\"description\" content=\"K\u00fapte si u n\u00e1s Pr\u00edborn\u00edk Marrakesch z Manga \u2013 160cm \u00bb za akciov\u00fa cenu. R\u00fdchle dodanie tovaru, odborn\u00e9 poradenstvo a stovky produktov skladom. Pr\u00edborn\u00edk Marrakesch z Manga \u2013 160cm \u00bb sa stane dominantou V\u00e1\u0161ho interi\u00e9ru. Internetov\u00fd obchod ikuchyne! pon\u00faka odber Pr\u00edborn\u00edk Marrakesch z Manga \u2013 160cm \u00bb u\u017e od 1 kusu.\" \/>\n<meta name=\"robots\" content=\"index, follow, max-snippet:-1, max-image-preview:large, max-video-preview:-1\" \/>\n<link rel=\"canonical\" href=\"https:\/\/www.ikuchyne.sk\/eshop\/produkt\/pribornik-marrakesch-160cm-mango\/\" \/>\n<meta property=\"og:locale\" content=\"sk_SK\" \/>\n<meta property=\"og:type\" content=\"article\" \/>\n<meta property=\"og:title\" content=\"Pr\u00edborn\u00edk Marrakesch z Manga \u2013 160cm \u00bb &#187; iKuchyne iSHOP s n\u00e1bytkom\" \/>\n<meta property=\"og:description\" content=\"K\u00fapte si u n\u00e1s Pr\u00edborn\u00edk Marrakesch z Manga \u2013 160cm \u00bb za akciov\u00fa cenu. R\u00fdchle dodanie tovaru, odborn\u00e9 poradenstvo a stovky produktov skladom. Pr\u00edborn\u00edk Marrakesch z Manga \u2013 160cm \u00bb sa stane dominantou V\u00e1\u0161ho interi\u00e9ru. Internetov\u00fd obchod ikuchyne! pon\u00faka odber Pr\u00edborn\u00edk Marrakesch z Manga \u2013 160cm \u00bb u\u017e od 1 kusu.\" \/>\n<meta property=\"og:url\" content=\"https:\/\/www.ikuchyne.sk\/eshop\/produkt\/pribornik-marrakesch-160cm-mango\/\" \/>\n<meta property=\"og:site_name\" content=\"iKuchyne iSHOP s n\u00e1bytkom\" \/>\n<meta property=\"article:publisher\" content=\"https:\/\/www.facebook.com\/ikuchyne\/\" \/>\n<meta property=\"article:modified_time\" content=\"2022-01-05T08:34:47+00:00\" \/>\n<meta property=\"og:image\" content=\"https:\/\/www.ikuchyne.sk\/eshop\/wp-content\/uploads\/2020\/06\/Pr\u00edborn\u00edk-Marrakesch-160cm-Mango-40247.jpg\" \/>\n\t<meta property=\"og:image:width\" content=\"800\" \/>\n\t<meta property=\"og:image:height\" content=\"401\" \/>\n\t<meta property=\"og:image:type\" content=\"image\/jpeg\" \/>\n<meta name=\"twitter:card\" content=\"summary_large_image\" \/>\n<meta name=\"twitter:label1\" content=\"Predpokladan\u00fd \u010das \u010d\u00edtania\" \/>\n\t<meta name=\"twitter:data1\" content=\"1 min\u00fata\" \/>\n<script type=\"application\/ld+json\" class=\"yoast-schema-graph\">{\"@context\":\"https:\/\/schema.org\",\"@graph\":[{\"@type\":\"WebPage\",\"@id\":\"https:\/\/www.ikuchyne.sk\/eshop\/produkt\/pribornik-marrakesch-160cm-mango\/\",\"url\":\"https:\/\/www.ikuchyne.sk\/eshop\/produkt\/pribornik-marrakesch-160cm-mango\/\",\"name\":\"Pr\u00edborn\u00edk Marrakesch z Manga \u2013 160cm \u00bb &#187; iKuchyne iSHOP s n\u00e1bytkom\",\"isPartOf\":{\"@id\":\"https:\/\/www.ikuchyne.sk\/eshop\/#website\"},\"datePublished\":\"2020-06-17T14:06:34+00:00\",\"dateModified\":\"2022-01-05T08:34:47+00:00\",\"description\":\"K\u00fapte si u n\u00e1s Pr\u00edborn\u00edk Marrakesch z Manga \u2013 160cm \u00bb za akciov\u00fa cenu. R\u00fdchle dodanie tovaru, odborn\u00e9 poradenstvo a stovky produktov skladom. Pr\u00edborn\u00edk Marrakesch z Manga \u2013 160cm \u00bb sa stane dominantou V\u00e1\u0161ho interi\u00e9ru. Internetov\u00fd obchod ikuchyne! pon\u00faka odber Pr\u00edborn\u00edk Marrakesch z Manga \u2013 160cm \u00bb u\u017e od 1 kusu.\",\"breadcrumb\":{\"@id\":\"https:\/\/www.ikuchyne.sk\/eshop\/produkt\/pribornik-marrakesch-160cm-mango\/#breadcrumb\"},\"inLanguage\":\"sk-SK\",\"potentialAction\":[{\"@type\":\"ReadAction\",\"target\":[\"https:\/\/www.ikuchyne.sk\/eshop\/produkt\/pribornik-marrakesch-160cm-mango\/\"]}]},{\"@type\":\"BreadcrumbList\",\"@id\":\"https:\/\/www.ikuchyne.sk\/eshop\/produkt\/pribornik-marrakesch-160cm-mango\/#breadcrumb\",\"itemListElement\":[{\"@type\":\"ListItem\",\"position\":1,\"name\":\"Home\",\"item\":\"https:\/\/www.ikuchyne.sk\/eshop\/\"},{\"@type\":\"ListItem\",\"position\":2,\"name\":\"Obchod\",\"item\":\"https:\/\/www.ikuchyne.sk\/eshop\/obchod\/\"},{\"@type\":\"ListItem\",\"position\":3,\"name\":\"Pr\u00edborn\u00edk Marrakesch z Manga \u2013 160cm \u00bb\"}]},{\"@type\":\"WebSite\",\"@id\":\"https:\/\/www.ikuchyne.sk\/eshop\/#website\",\"url\":\"https:\/\/www.ikuchyne.sk\/eshop\/\",\"name\":\"iKuchyne iSHOP s n\u00e1bytkom\",\"description\":\"Jed\u00e1lensk\u00e9 stoly, stoli\u010dky, n\u00e1bytok, svietidl\u00e1...\",\"publisher\":{\"@id\":\"https:\/\/www.ikuchyne.sk\/eshop\/#organization\"},\"potentialAction\":[{\"@type\":\"SearchAction\",\"target\":{\"@type\":\"EntryPoint\",\"urlTemplate\":\"https:\/\/www.ikuchyne.sk\/eshop\/?s={search_term_string}\"},\"query-input\":\"required name=search_term_string\"}],\"inLanguage\":\"sk-SK\"},{\"@type\":\"Organization\",\"@id\":\"https:\/\/www.ikuchyne.sk\/eshop\/#organization\",\"name\":\"ikuchyne!\",\"url\":\"https:\/\/www.ikuchyne.sk\/eshop\/\",\"logo\":{\"@type\":\"ImageObject\",\"inLanguage\":\"sk-SK\",\"@id\":\"https:\/\/www.ikuchyne.sk\/eshop\/#\/schema\/logo\/image\/\",\"url\":\"https:\/\/www.ikuchyne.sk\/eshop\/wp-content\/uploads\/2017\/04\/ikuchyne-logo.jpg\",\"contentUrl\":\"https:\/\/www.ikuchyne.sk\/eshop\/wp-content\/uploads\/2017\/04\/ikuchyne-logo.jpg\",\"width\":200,\"height\":48,\"caption\":\"ikuchyne!\"},\"image\":{\"@id\":\"https:\/\/www.ikuchyne.sk\/eshop\/#\/schema\/logo\/image\/\"},\"sameAs\":[\"https:\/\/www.facebook.com\/ikuchyne\/\",\"https:\/\/www.instagram.com\/ikuchyne.sk\/\",\"https:\/\/sk.pinterest.com\/ikuchynesk\/\"]}]}<\/script>\n<!-- \/ Yoast SEO plugin. -->","yoast_head_json":{"title":"Pr\u00edborn\u00edk Marrakesch z Manga \u2013 160cm \u00bb &#187; iKuchyne iSHOP s n\u00e1bytkom","description":"K\u00fapte si u n\u00e1s Pr\u00edborn\u00edk Marrakesch z Manga \u2013 160cm \u00bb za akciov\u00fa cenu. R\u00fdchle dodanie tovaru, odborn\u00e9 poradenstvo a stovky produktov skladom. Pr\u00edborn\u00edk Marrakesch z Manga \u2013 160cm \u00bb sa stane dominantou V\u00e1\u0161ho interi\u00e9ru. Internetov\u00fd obchod ikuchyne! pon\u00faka odber Pr\u00edborn\u00edk Marrakesch z Manga \u2013 160cm \u00bb u\u017e od 1 kusu.","robots":{"index":"index","follow":"follow","max-snippet":"max-snippet:-1","max-image-preview":"max-image-preview:large","max-video-preview":"max-video-preview:-1"},"canonical":"https:\/\/www.ikuchyne.sk\/eshop\/produkt\/pribornik-marrakesch-160cm-mango\/","og_locale":"sk_SK","og_type":"article","og_title":"Pr\u00edborn\u00edk Marrakesch z Manga \u2013 160cm \u00bb &#187; iKuchyne iSHOP s n\u00e1bytkom","og_description":"K\u00fapte si u n\u00e1s Pr\u00edborn\u00edk Marrakesch z Manga \u2013 160cm \u00bb za akciov\u00fa cenu. R\u00fdchle dodanie tovaru, odborn\u00e9 poradenstvo a stovky produktov skladom. Pr\u00edborn\u00edk Marrakesch z Manga \u2013 160cm \u00bb sa stane dominantou V\u00e1\u0161ho interi\u00e9ru. Internetov\u00fd obchod ikuchyne! pon\u00faka odber Pr\u00edborn\u00edk Marrakesch z Manga \u2013 160cm \u00bb u\u017e od 1 kusu.","og_url":"https:\/\/www.ikuchyne.sk\/eshop\/produkt\/pribornik-marrakesch-160cm-mango\/","og_site_name":"iKuchyne iSHOP s n\u00e1bytkom","article_publisher":"https:\/\/www.facebook.com\/ikuchyne\/","article_modified_time":"2022-01-05T08:34:47+00:00","og_image":[{"width":800,"height":401,"url":"https:\/\/www.ikuchyne.sk\/eshop\/wp-content\/uploads\/2020\/06\/Pr\u00edborn\u00edk-Marrakesch-160cm-Mango-40247.jpg","type":"image\/jpeg"}],"twitter_card":"summary_large_image","twitter_misc":{"Predpokladan\u00fd \u010das \u010d\u00edtania":"1 min\u00fata"},"schema":{"@context":"https:\/\/schema.org","@graph":[{"@type":"WebPage","@id":"https:\/\/www.ikuchyne.sk\/eshop\/produkt\/pribornik-marrakesch-160cm-mango\/","url":"https:\/\/www.ikuchyne.sk\/eshop\/produkt\/pribornik-marrakesch-160cm-mango\/","name":"Pr\u00edborn\u00edk Marrakesch z Manga \u2013 160cm \u00bb &#187; iKuchyne iSHOP s n\u00e1bytkom","isPartOf":{"@id":"https:\/\/www.ikuchyne.sk\/eshop\/#website"},"datePublished":"2020-06-17T14:06:34+00:00","dateModified":"2022-01-05T08:34:47+00:00","description":"K\u00fapte si u n\u00e1s Pr\u00edborn\u00edk Marrakesch z Manga \u2013 160cm \u00bb za akciov\u00fa cenu. R\u00fdchle dodanie tovaru, odborn\u00e9 poradenstvo a stovky produktov skladom. Pr\u00edborn\u00edk Marrakesch z Manga \u2013 160cm \u00bb sa stane dominantou V\u00e1\u0161ho interi\u00e9ru. Internetov\u00fd obchod ikuchyne! pon\u00faka odber Pr\u00edborn\u00edk Marrakesch z Manga \u2013 160cm \u00bb u\u017e od 1 kusu.","breadcrumb":{"@id":"https:\/\/www.ikuchyne.sk\/eshop\/produkt\/pribornik-marrakesch-160cm-mango\/#breadcrumb"},"inLanguage":"sk-SK","potentialAction":[{"@type":"ReadAction","target":["https:\/\/www.ikuchyne.sk\/eshop\/produkt\/pribornik-marrakesch-160cm-mango\/"]}]},{"@type":"BreadcrumbList","@id":"https:\/\/www.ikuchyne.sk\/eshop\/produkt\/pribornik-marrakesch-160cm-mango\/#breadcrumb","itemListElement":[{"@type":"ListItem","position":1,"name":"Home","item":"https:\/\/www.ikuchyne.sk\/eshop\/"},{"@type":"ListItem","position":2,"name":"Obchod","item":"https:\/\/www.ikuchyne.sk\/eshop\/obchod\/"},{"@type":"ListItem","position":3,"name":"Pr\u00edborn\u00edk Marrakesch z Manga \u2013 160cm \u00bb"}]},{"@type":"WebSite","@id":"https:\/\/www.ikuchyne.sk\/eshop\/#website","url":"https:\/\/www.ikuchyne.sk\/eshop\/","name":"iKuchyne iSHOP s n\u00e1bytkom","description":"Jed\u00e1lensk\u00e9 stoly, stoli\u010dky, n\u00e1bytok, svietidl\u00e1...","publisher":{"@id":"https:\/\/www.ikuchyne.sk\/eshop\/#organization"},"potentialAction":[{"@type":"SearchAction","target":{"@type":"EntryPoint","urlTemplate":"https:\/\/www.ikuchyne.sk\/eshop\/?s={search_term_string}"},"query-input":"required name=search_term_string"}],"inLanguage":"sk-SK"},{"@type":"Organization","@id":"https:\/\/www.ikuchyne.sk\/eshop\/#organization","name":"ikuchyne!","url":"https:\/\/www.ikuchyne.sk\/eshop\/","logo":{"@type":"ImageObject","inLanguage":"sk-SK","@id":"https:\/\/www.ikuchyne.sk\/eshop\/#\/schema\/logo\/image\/","url":"https:\/\/www.ikuchyne.sk\/eshop\/wp-content\/uploads\/2017\/04\/ikuchyne-logo.jpg","contentUrl":"https:\/\/www.ikuchyne.sk\/eshop\/wp-content\/uploads\/2017\/04\/ikuchyne-logo.jpg","width":200,"height":48,"caption":"ikuchyne!"},"image":{"@id":"https:\/\/www.ikuchyne.sk\/eshop\/#\/schema\/logo\/image\/"},"sameAs":["https:\/\/www.facebook.com\/ikuchyne\/","https:\/\/www.instagram.com\/ikuchyne.sk\/","https:\/\/sk.pinterest.com\/ikuchynesk\/"]}]}},"_links":{"self":[{"href":"https:\/\/www.ikuchyne.sk\/eshop\/wp-json\/wp\/v2\/product\/129966"}],"collection":[{"href":"https:\/\/www.ikuchyne.sk\/eshop\/wp-json\/wp\/v2\/product"}],"about":[{"href":"https:\/\/www.ikuchyne.sk\/eshop\/wp-json\/wp\/v2\/types\/product"}],"replies":[{"embeddable":true,"href":"https:\/\/www.ikuchyne.sk\/eshop\/wp-json\/wp\/v2\/comments?post=129966"}],"wp:featuredmedia":[{"embeddable":true,"href":"https:\/\/www.ikuchyne.sk\/eshop\/wp-json\/wp\/v2\/media\/129967"}],"wp:attachment":[{"href":"https:\/\/www.ikuchyne.sk\/eshop\/wp-json\/wp\/v2\/media?parent=129966"}],"wp:term":[{"taxonomy":"product_cat","embeddable":true,"href":"https:\/\/www.ikuchyne.sk\/eshop\/wp-json\/wp\/v2\/product_cat?post=129966"},{"taxonomy":"product_tag","embeddable":true,"href":"https:\/\/www.ikuchyne.sk\/eshop\/wp-json\/wp\/v2\/product_tag?post=129966"}],"curies":[{"name":"wp","href":"https:\/\/api.w.org\/{rel}","templated":true}]}}