{"id":129971,"date":"2020-06-17T19:27:53","date_gmt":"2020-06-17T17:27:53","guid":{"rendered":"https:\/\/www.ikuchyne.sk\/eshop\/?post_type=product&#038;p=129971"},"modified":"2020-07-22T00:43:21","modified_gmt":"2020-07-21T22:43:21","slug":"pribornik-fluid-160cm-hneda-mango","status":"publish","type":"product","link":"https:\/\/www.ikuchyne.sk\/eshop\/produkt\/pribornik-fluid-160cm-hneda-mango\/","title":{"rendered":"Pr\u00edbon\u00edk Fluid 160cm \u00bb"},"content":{"rendered":"<h1>Pr\u00edbon\u00edk Fluid 160cm \u00bb<\/h1>\n<p><strong>V\u0161eobecn\u00fd opis komody:<br \/>\n<\/strong>Komoda so zauj\u00edmav\u00fdm dizajnom, ktor\u00fd dotv\u00e1raj\u00fa vyrez\u00e1van\u00e9 ornamenty situovan\u00e9 do abstraktn\u00e9ho tvaru. Pozost\u00e1va z troch priehradok, ktor\u00e9 s\u00fa ukryt\u00e9 za dvierkami. \u013dav\u00fa stranu komody tvoria \u0161tyri poli\u010dky. Povrch komody je z mas\u00edvu unik\u00e1tneho mangov\u00e9ho dreva. T\u00e1to kr\u00e1sna a unik\u00e1tna komoda je ve\u013emi priestrann\u00e1 a v\u010faka jedine\u010dn\u00e9mu dizajnu zaujme nejedno oko. Svoje vyu\u017eitie n\u00e1jde aj ako pr\u00edborn\u00edk v jed\u00e1lni.<\/p>\n<p><strong>Povrch komody:<br \/>\n<\/strong>Povrch komody tvor\u00ed vyrez\u00e1van\u00e9 exotick\u00e9 mangov\u00e9 drevo v tmav\u00fdch odtie\u0148och.<\/p>\n<p><strong>\u010eal\u0161ie inform\u00e1cie:<br \/>\n<\/strong>T\u00e1to komoda je ru\u010dn\u00e1 pr\u00e1ca a pr\u00edrodn\u00fd produkt, tak\u017ee m\u00f4\u017ee vykazova\u0165 farebn\u00e9 vari\u00e1cie a povrchov\u00e9 nerovnosti.\u00a0N\u00e1bytok treba \u010disti\u0165\u00a0vlhkou\u200b handri\u010dkou,\u200bktor\u00e1\u200b nep\u00fa\u0161\u0165a vl\u00e1kna \u200ba n\u00e1sledne ihne\u010f vytrie\u0165 do sucha. Na udr\u017eanie svie\u017eeho vzh\u013eadu raz za tri mesiace \u013eanov\u00fd olej alebo vosk. Pou\u017e\u00edvame pr\u00edpravky len na \u00fadr\u017ebu dreva.<\/p>\n<p><strong>Rozmery:<\/strong><br \/>\n160 cm x 86 cm x 45 cm (\u0161 xvxh)<br \/>\n<strong>Priehradky vy\u0161\u0161ie:<\/strong> 3x 51 cm x 28 cm x 33 cm (\u0161 xvxh)<br \/>\n<strong>Priehradky ni\u017e\u0161ie:<\/strong> 3x 51 cm x 28 cm x 37 cm (\u0161 xvxh)<br \/>\n<strong>V\u00fd\u0161ka n\u00f4h:<\/strong> 24 cm<br \/>\n<strong>Farba:<\/strong> hned\u00e1<br \/>\n<strong>Materi\u00e1l:<\/strong> mas\u00edvne drevo, mango, utesnen\u00e9, lakovan\u00e9<\/p>\n","protected":false},"excerpt":{"rendered":"<p>Pr\u00edbon\u00edk Fluid 160cm \u00bb V\u0161eobecn\u00fd opis komody: Komoda so zauj\u00edmav\u00fdm dizajnom, ktor\u00fd dotv\u00e1raj\u00fa vyrez\u00e1van\u00e9 ornamenty situovan\u00e9 do abstraktn\u00e9ho tvaru. Pozost\u00e1va z troch priehradok, ktor\u00e9 s\u00fa ukryt\u00e9 za dvierkami. \u013dav\u00fa stranu<\/p>\n","protected":false},"featured_media":129972,"comment_status":"closed","ping_status":"closed","template":"","meta":[],"product_cat":[286,293,772],"product_tag":[192],"yoast_head":"<!-- This site is optimized with the Yoast SEO plugin v22.1 - https:\/\/yoast.com\/wordpress\/plugins\/seo\/ -->\n<title>Pr\u00edbon\u00edk Fluid 160cm \u00bb &#187; iKuchyne iSHOP s n\u00e1bytkom<\/title>\n<meta name=\"description\" content=\"K\u00fapte si u n\u00e1s Pr\u00edbon\u00edk Fluid 160cm \u00bb za akciov\u00fa cenu. R\u00fdchle dodanie tovaru, odborn\u00e9 poradenstvo a stovky produktov skladom. Pr\u00edbon\u00edk Fluid 160cm \u00bb sa stane dominantou V\u00e1\u0161ho interi\u00e9ru. Internetov\u00fd obchod ikuchyne! pon\u00faka odber Pr\u00edbon\u00edk Fluid 160cm \u00bb u\u017e od 1 kusu.\" \/>\n<meta name=\"robots\" content=\"index, follow, max-snippet:-1, max-image-preview:large, max-video-preview:-1\" \/>\n<link rel=\"canonical\" href=\"https:\/\/www.ikuchyne.sk\/eshop\/produkt\/pribornik-fluid-160cm-hneda-mango\/\" \/>\n<meta property=\"og:locale\" content=\"sk_SK\" \/>\n<meta property=\"og:type\" content=\"article\" \/>\n<meta property=\"og:title\" content=\"Pr\u00edbon\u00edk Fluid 160cm \u00bb &#187; iKuchyne iSHOP s n\u00e1bytkom\" \/>\n<meta property=\"og:description\" content=\"K\u00fapte si u n\u00e1s Pr\u00edbon\u00edk Fluid 160cm \u00bb za akciov\u00fa cenu. R\u00fdchle dodanie tovaru, odborn\u00e9 poradenstvo a stovky produktov skladom. Pr\u00edbon\u00edk Fluid 160cm \u00bb sa stane dominantou V\u00e1\u0161ho interi\u00e9ru. Internetov\u00fd obchod ikuchyne! pon\u00faka odber Pr\u00edbon\u00edk Fluid 160cm \u00bb u\u017e od 1 kusu.\" \/>\n<meta property=\"og:url\" content=\"https:\/\/www.ikuchyne.sk\/eshop\/produkt\/pribornik-fluid-160cm-hneda-mango\/\" \/>\n<meta property=\"og:site_name\" content=\"iKuchyne iSHOP s n\u00e1bytkom\" \/>\n<meta property=\"article:publisher\" content=\"https:\/\/www.facebook.com\/ikuchyne\/\" \/>\n<meta property=\"article:modified_time\" content=\"2020-07-21T22:43:21+00:00\" \/>\n<meta property=\"og:image\" content=\"https:\/\/www.ikuchyne.sk\/eshop\/wp-content\/uploads\/2020\/06\/Pr\u00edborn\u00edk-Fluid-160cm-hned\u00e1-Mango-40244.jpg\" \/>\n\t<meta property=\"og:image:width\" content=\"800\" \/>\n\t<meta property=\"og:image:height\" content=\"533\" \/>\n\t<meta property=\"og:image:type\" content=\"image\/jpeg\" \/>\n<meta name=\"twitter:card\" content=\"summary_large_image\" \/>\n<meta name=\"twitter:label1\" content=\"Predpokladan\u00fd \u010das \u010d\u00edtania\" \/>\n\t<meta name=\"twitter:data1\" content=\"1 min\u00fata\" \/>\n<script type=\"application\/ld+json\" class=\"yoast-schema-graph\">{\"@context\":\"https:\/\/schema.org\",\"@graph\":[{\"@type\":\"WebPage\",\"@id\":\"https:\/\/www.ikuchyne.sk\/eshop\/produkt\/pribornik-fluid-160cm-hneda-mango\/\",\"url\":\"https:\/\/www.ikuchyne.sk\/eshop\/produkt\/pribornik-fluid-160cm-hneda-mango\/\",\"name\":\"Pr\u00edbon\u00edk Fluid 160cm \u00bb &#187; iKuchyne iSHOP s n\u00e1bytkom\",\"isPartOf\":{\"@id\":\"https:\/\/www.ikuchyne.sk\/eshop\/#website\"},\"datePublished\":\"2020-06-17T17:27:53+00:00\",\"dateModified\":\"2020-07-21T22:43:21+00:00\",\"description\":\"K\u00fapte si u n\u00e1s Pr\u00edbon\u00edk Fluid 160cm \u00bb za akciov\u00fa cenu. R\u00fdchle dodanie tovaru, odborn\u00e9 poradenstvo a stovky produktov skladom. Pr\u00edbon\u00edk Fluid 160cm \u00bb sa stane dominantou V\u00e1\u0161ho interi\u00e9ru. Internetov\u00fd obchod ikuchyne! pon\u00faka odber Pr\u00edbon\u00edk Fluid 160cm \u00bb u\u017e od 1 kusu.\",\"breadcrumb\":{\"@id\":\"https:\/\/www.ikuchyne.sk\/eshop\/produkt\/pribornik-fluid-160cm-hneda-mango\/#breadcrumb\"},\"inLanguage\":\"sk-SK\",\"potentialAction\":[{\"@type\":\"ReadAction\",\"target\":[\"https:\/\/www.ikuchyne.sk\/eshop\/produkt\/pribornik-fluid-160cm-hneda-mango\/\"]}]},{\"@type\":\"BreadcrumbList\",\"@id\":\"https:\/\/www.ikuchyne.sk\/eshop\/produkt\/pribornik-fluid-160cm-hneda-mango\/#breadcrumb\",\"itemListElement\":[{\"@type\":\"ListItem\",\"position\":1,\"name\":\"Home\",\"item\":\"https:\/\/www.ikuchyne.sk\/eshop\/\"},{\"@type\":\"ListItem\",\"position\":2,\"name\":\"Obchod\",\"item\":\"https:\/\/www.ikuchyne.sk\/eshop\/obchod\/\"},{\"@type\":\"ListItem\",\"position\":3,\"name\":\"Pr\u00edbon\u00edk Fluid 160cm \u00bb\"}]},{\"@type\":\"WebSite\",\"@id\":\"https:\/\/www.ikuchyne.sk\/eshop\/#website\",\"url\":\"https:\/\/www.ikuchyne.sk\/eshop\/\",\"name\":\"iKuchyne iSHOP s n\u00e1bytkom\",\"description\":\"Jed\u00e1lensk\u00e9 stoly, stoli\u010dky, n\u00e1bytok, svietidl\u00e1...\",\"publisher\":{\"@id\":\"https:\/\/www.ikuchyne.sk\/eshop\/#organization\"},\"potentialAction\":[{\"@type\":\"SearchAction\",\"target\":{\"@type\":\"EntryPoint\",\"urlTemplate\":\"https:\/\/www.ikuchyne.sk\/eshop\/?s={search_term_string}\"},\"query-input\":\"required name=search_term_string\"}],\"inLanguage\":\"sk-SK\"},{\"@type\":\"Organization\",\"@id\":\"https:\/\/www.ikuchyne.sk\/eshop\/#organization\",\"name\":\"ikuchyne!\",\"url\":\"https:\/\/www.ikuchyne.sk\/eshop\/\",\"logo\":{\"@type\":\"ImageObject\",\"inLanguage\":\"sk-SK\",\"@id\":\"https:\/\/www.ikuchyne.sk\/eshop\/#\/schema\/logo\/image\/\",\"url\":\"https:\/\/www.ikuchyne.sk\/eshop\/wp-content\/uploads\/2017\/04\/ikuchyne-logo.jpg\",\"contentUrl\":\"https:\/\/www.ikuchyne.sk\/eshop\/wp-content\/uploads\/2017\/04\/ikuchyne-logo.jpg\",\"width\":200,\"height\":48,\"caption\":\"ikuchyne!\"},\"image\":{\"@id\":\"https:\/\/www.ikuchyne.sk\/eshop\/#\/schema\/logo\/image\/\"},\"sameAs\":[\"https:\/\/www.facebook.com\/ikuchyne\/\",\"https:\/\/www.instagram.com\/ikuchyne.sk\/\",\"https:\/\/sk.pinterest.com\/ikuchynesk\/\"]}]}<\/script>\n<!-- \/ Yoast SEO plugin. -->","yoast_head_json":{"title":"Pr\u00edbon\u00edk Fluid 160cm \u00bb &#187; iKuchyne iSHOP s n\u00e1bytkom","description":"K\u00fapte si u n\u00e1s Pr\u00edbon\u00edk Fluid 160cm \u00bb za akciov\u00fa cenu. R\u00fdchle dodanie tovaru, odborn\u00e9 poradenstvo a stovky produktov skladom. Pr\u00edbon\u00edk Fluid 160cm \u00bb sa stane dominantou V\u00e1\u0161ho interi\u00e9ru. Internetov\u00fd obchod ikuchyne! pon\u00faka odber Pr\u00edbon\u00edk Fluid 160cm \u00bb u\u017e od 1 kusu.","robots":{"index":"index","follow":"follow","max-snippet":"max-snippet:-1","max-image-preview":"max-image-preview:large","max-video-preview":"max-video-preview:-1"},"canonical":"https:\/\/www.ikuchyne.sk\/eshop\/produkt\/pribornik-fluid-160cm-hneda-mango\/","og_locale":"sk_SK","og_type":"article","og_title":"Pr\u00edbon\u00edk Fluid 160cm \u00bb &#187; iKuchyne iSHOP s n\u00e1bytkom","og_description":"K\u00fapte si u n\u00e1s Pr\u00edbon\u00edk Fluid 160cm \u00bb za akciov\u00fa cenu. R\u00fdchle dodanie tovaru, odborn\u00e9 poradenstvo a stovky produktov skladom. Pr\u00edbon\u00edk Fluid 160cm \u00bb sa stane dominantou V\u00e1\u0161ho interi\u00e9ru. Internetov\u00fd obchod ikuchyne! pon\u00faka odber Pr\u00edbon\u00edk Fluid 160cm \u00bb u\u017e od 1 kusu.","og_url":"https:\/\/www.ikuchyne.sk\/eshop\/produkt\/pribornik-fluid-160cm-hneda-mango\/","og_site_name":"iKuchyne iSHOP s n\u00e1bytkom","article_publisher":"https:\/\/www.facebook.com\/ikuchyne\/","article_modified_time":"2020-07-21T22:43:21+00:00","og_image":[{"width":800,"height":533,"url":"https:\/\/www.ikuchyne.sk\/eshop\/wp-content\/uploads\/2020\/06\/Pr\u00edborn\u00edk-Fluid-160cm-hned\u00e1-Mango-40244.jpg","type":"image\/jpeg"}],"twitter_card":"summary_large_image","twitter_misc":{"Predpokladan\u00fd \u010das \u010d\u00edtania":"1 min\u00fata"},"schema":{"@context":"https:\/\/schema.org","@graph":[{"@type":"WebPage","@id":"https:\/\/www.ikuchyne.sk\/eshop\/produkt\/pribornik-fluid-160cm-hneda-mango\/","url":"https:\/\/www.ikuchyne.sk\/eshop\/produkt\/pribornik-fluid-160cm-hneda-mango\/","name":"Pr\u00edbon\u00edk Fluid 160cm \u00bb &#187; iKuchyne iSHOP s n\u00e1bytkom","isPartOf":{"@id":"https:\/\/www.ikuchyne.sk\/eshop\/#website"},"datePublished":"2020-06-17T17:27:53+00:00","dateModified":"2020-07-21T22:43:21+00:00","description":"K\u00fapte si u n\u00e1s Pr\u00edbon\u00edk Fluid 160cm \u00bb za akciov\u00fa cenu. R\u00fdchle dodanie tovaru, odborn\u00e9 poradenstvo a stovky produktov skladom. Pr\u00edbon\u00edk Fluid 160cm \u00bb sa stane dominantou V\u00e1\u0161ho interi\u00e9ru. Internetov\u00fd obchod ikuchyne! pon\u00faka odber Pr\u00edbon\u00edk Fluid 160cm \u00bb u\u017e od 1 kusu.","breadcrumb":{"@id":"https:\/\/www.ikuchyne.sk\/eshop\/produkt\/pribornik-fluid-160cm-hneda-mango\/#breadcrumb"},"inLanguage":"sk-SK","potentialAction":[{"@type":"ReadAction","target":["https:\/\/www.ikuchyne.sk\/eshop\/produkt\/pribornik-fluid-160cm-hneda-mango\/"]}]},{"@type":"BreadcrumbList","@id":"https:\/\/www.ikuchyne.sk\/eshop\/produkt\/pribornik-fluid-160cm-hneda-mango\/#breadcrumb","itemListElement":[{"@type":"ListItem","position":1,"name":"Home","item":"https:\/\/www.ikuchyne.sk\/eshop\/"},{"@type":"ListItem","position":2,"name":"Obchod","item":"https:\/\/www.ikuchyne.sk\/eshop\/obchod\/"},{"@type":"ListItem","position":3,"name":"Pr\u00edbon\u00edk Fluid 160cm \u00bb"}]},{"@type":"WebSite","@id":"https:\/\/www.ikuchyne.sk\/eshop\/#website","url":"https:\/\/www.ikuchyne.sk\/eshop\/","name":"iKuchyne iSHOP s n\u00e1bytkom","description":"Jed\u00e1lensk\u00e9 stoly, stoli\u010dky, n\u00e1bytok, svietidl\u00e1...","publisher":{"@id":"https:\/\/www.ikuchyne.sk\/eshop\/#organization"},"potentialAction":[{"@type":"SearchAction","target":{"@type":"EntryPoint","urlTemplate":"https:\/\/www.ikuchyne.sk\/eshop\/?s={search_term_string}"},"query-input":"required name=search_term_string"}],"inLanguage":"sk-SK"},{"@type":"Organization","@id":"https:\/\/www.ikuchyne.sk\/eshop\/#organization","name":"ikuchyne!","url":"https:\/\/www.ikuchyne.sk\/eshop\/","logo":{"@type":"ImageObject","inLanguage":"sk-SK","@id":"https:\/\/www.ikuchyne.sk\/eshop\/#\/schema\/logo\/image\/","url":"https:\/\/www.ikuchyne.sk\/eshop\/wp-content\/uploads\/2017\/04\/ikuchyne-logo.jpg","contentUrl":"https:\/\/www.ikuchyne.sk\/eshop\/wp-content\/uploads\/2017\/04\/ikuchyne-logo.jpg","width":200,"height":48,"caption":"ikuchyne!"},"image":{"@id":"https:\/\/www.ikuchyne.sk\/eshop\/#\/schema\/logo\/image\/"},"sameAs":["https:\/\/www.facebook.com\/ikuchyne\/","https:\/\/www.instagram.com\/ikuchyne.sk\/","https:\/\/sk.pinterest.com\/ikuchynesk\/"]}]}},"_links":{"self":[{"href":"https:\/\/www.ikuchyne.sk\/eshop\/wp-json\/wp\/v2\/product\/129971"}],"collection":[{"href":"https:\/\/www.ikuchyne.sk\/eshop\/wp-json\/wp\/v2\/product"}],"about":[{"href":"https:\/\/www.ikuchyne.sk\/eshop\/wp-json\/wp\/v2\/types\/product"}],"replies":[{"embeddable":true,"href":"https:\/\/www.ikuchyne.sk\/eshop\/wp-json\/wp\/v2\/comments?post=129971"}],"wp:featuredmedia":[{"embeddable":true,"href":"https:\/\/www.ikuchyne.sk\/eshop\/wp-json\/wp\/v2\/media\/129972"}],"wp:attachment":[{"href":"https:\/\/www.ikuchyne.sk\/eshop\/wp-json\/wp\/v2\/media?parent=129971"}],"wp:term":[{"taxonomy":"product_cat","embeddable":true,"href":"https:\/\/www.ikuchyne.sk\/eshop\/wp-json\/wp\/v2\/product_cat?post=129971"},{"taxonomy":"product_tag","embeddable":true,"href":"https:\/\/www.ikuchyne.sk\/eshop\/wp-json\/wp\/v2\/product_tag?post=129971"}],"curies":[{"name":"wp","href":"https:\/\/api.w.org\/{rel}","templated":true}]}}