{"id":129983,"date":"2020-06-17T19:49:55","date_gmt":"2020-06-17T17:49:55","guid":{"rendered":"https:\/\/www.ikuchyne.sk\/eshop\/?post_type=product&#038;p=129983"},"modified":"2021-07-19T00:02:33","modified_gmt":"2021-07-18T22:02:33","slug":"tv-stolik-scorpion-160cm-mango","status":"publish","type":"product","link":"https:\/\/www.ikuchyne.sk\/eshop\/produkt\/tv-stolik-scorpion-160cm-mango\/","title":{"rendered":"TV stol\u00edk Scorpion 160cm Mango \u00bb"},"content":{"rendered":"<div class=\"electro-description\">\n<div class=\"electro-description\">\n<h1>TV stol\u00edk Scorpion 160cm Mango \u00bb<\/h1>\n<h4><strong>V\u0161eobecn\u00fd popis:<\/strong><\/h4>\n<p>Mimoriadna TV stol\u00edk Scorpion 160cm Mango vyroben\u00fd z mas\u00edvneho mangov\u00e9ho dreva. P\u00fatav\u00e9 3D rezby s\u00fa vyr\u00e1ban\u00e9 ru\u010dne. S tromi priehradkami a z\u00e1suvkou pre dostatok \u00falo\u017en\u00e9ho priestoru. Te\u0161te sa na nov\u00fd p\u00fata\u010d o\u010d\u00ed vo svojej ob\u00fdvacej izbe!<\/p>\n<p>Tento TV stol\u00edk pri\u0165ahuje pozornos\u0165 v\u0161etk\u00fdch. M\u00e1te radi neoby\u010dajn\u00e9 veci a vo va\u0161ej ob\u00fdva\u010dke st\u00e1le ch\u00fdba trochu \u00falo\u017en\u00e9ho priestoru? Potom je n\u00e1\u0161 extravagantn\u00fd TV stol\u00edk Scorpion to prav\u00e9 pre v\u00e1\u0161 domov. Mas\u00edvne telo vyroben\u00e9 z mangov\u00e9ho dreva v pr\u00edrodnom vzh\u013eade spo\u010d\u00edva na jednoduchom kovovom r\u00e1me v \u010diernej farbe. Vrcholom dosky je v\u0161ak nepochybne prepracovan\u00e1 3D rezba. Zd\u00e1 sa, \u017ee organick\u00e9 tvary pretekaj\u00fa po povrchu a in\u0161piruj\u00fa svojim mimoriadnym vzh\u013eadom a dojmom.<\/p>\n<p>TV stol\u00edk Scorpion je presved\u010div\u00fd zvonka aj zvn\u00fatra. Ale nielen vzh\u013ead dosky in\u0161piruje od prv\u00e9ho okamihu. N\u00e1dejn\u00fd je aj interi\u00e9r. Za komplikovane navrhnut\u00fdmi dverami sa nach\u00e1dzaj\u00fa dve ve\u013ek\u00e9 priehradky vo vzh\u013eade pr\u00edrodn\u00e9ho mangov\u00e9ho dreva. Z\u00e1suvka poskytuje \u010fal\u0161\u00ed \u00falo\u017en\u00fd priestor a na zadnej strane otvorenej priehradky je praktick\u00fd k\u00e1blov\u00fd otvor pre va\u0161e hi-fi zariadenia.<\/p>\n<p><strong>Detaily produktu:<\/strong><\/p>\n<p>Preto\u017ee sa jedn\u00e1 o pr\u00edrodn\u00fd produkt, ka\u017ed\u00e1 k\u00f3pia je \u00faplne jedine\u010dn\u00e1. Nerovnosti, farebn\u00e9 prechody, charizmatick\u00e9 uzly, praskliny alebo dokonca rozmerov\u00e9 rozdiely s\u00fa mo\u017en\u00e9 a vytv\u00e1raj\u00fa originalitu a vytv\u00e1raj\u00fa \u010daro mas\u00edvneho dreva. \u017diadny z t\u00fdchto d\u00f4vodov nie je d\u00f4vodom na s\u0165a\u017enos\u0165. Vhodn\u00e9 bytov\u00e9 doplnky pre kombinovanie interi\u00e9ru s t\u00fdmto TV stol\u00edkom n\u00e1jdete na na\u0161om e-shope v sekcii Bytov\u00e9 doplnky. Kontaktujte n\u00e1s a my v\u00e1m radi pom\u00f4\u017eeme s v\u00fdberom vhodn\u00fdch dekor\u00e1ci\u00ed a n\u00e1bytku.<b><\/b><\/p>\n<p><strong>Povrch:<br \/>\n<\/strong>Povrch komody tvor\u00ed vysoko kvalitn\u00e9 lakovan\u00e9 mangov\u00e9 drevo v pr\u00edrodnom vzh\u013eade, ktor\u00e9 je mierne zvr\u00e1snen\u00e9.<\/p>\n<p><strong>Podno\u017e:\u00a0<\/strong><br \/>\nPodno\u017e komody tvor\u00ed \u010dierny ly\u017einov\u00fd podstavec.<\/p>\n<h4><strong>\u010eal\u0161ie inform\u00e1cie:<\/strong><\/h4>\n<p>V\u00fdrazn\u00e1 kresba, ktorou\u00a0 je tento TV stol\u00edk zdoben\u00fd, rob\u00ed z ka\u017ed\u00e9ho kusu unik\u00e1t. N\u00e1bytok treba \u010disti\u0165 vlhkou\u200b handri\u010dkou, \u200bktor\u00e1\u200b nep\u00fa\u0161\u0165a vl\u00e1kna \u200ba n\u00e1sledne ihne\u010f vytrie\u0165 do sucha. Handri\u010dka\u200b nesmie by\u0165 mokr\u00e1! Na \u010distenie nepou\u017e\u00edvame agres\u00edvne a abraz\u00edvne prostriedky. Pou\u017e\u00edvame spreje a pasty ur\u010den\u00e9 priamo na lakovan\u00fd n\u00e1bytok. Nan\u00e1\u0161ame ich na handri\u010dku, nie priamo na n\u00e1bytok.<\/p>\n<p><strong>Rozmery: <\/strong>160 cm x 65 cm x 40 cm (\u0161xvxh)<br \/>\n<strong>Farba:<\/strong> \u010dierna, pr\u00edrodn\u00e1<br \/>\n<strong>Materi\u00e1l:<\/strong> mas\u00edvne drevo, mango, utesnen\u00e9, lakovan\u00e9, \u010dierny kovov\u00fd podstavec<\/p>\n<p>Dodato\u010dn\u00e9 inform\u00e1cie:<\/p>\n<p>V pr\u00edpade z\u00e1ujmu o in\u00e9 reg\u00e1ly, skrine, TV stol\u00edky \u010di komody, nav\u0161t\u00edvte sekciu n\u00e1bytok na <a href=\"https:\/\/www.ikuchyne.sk\/eshop\/kategoria\/nabytok\/\">www.ikuchyne.sk\/eshop<\/a><br \/>\nV pr\u00edpade z\u00e1ujmu o n\u00e1bytok na mieru n\u00e1s kontaktuje na <a href=\"http:\/\/www.ikuchyne.sk\">www.ikuchyne.sk<\/a><\/p>\n<\/div>\n<\/div>\n","protected":false},"excerpt":{"rendered":"<p>TV stol\u00edk Scorpion 160cm Mango \u00bb V\u0161eobecn\u00fd popis: Mimoriadna TV stol\u00edk Scorpion 160cm Mango vyroben\u00fd z mas\u00edvneho mangov\u00e9ho dreva. P\u00fatav\u00e9 3D rezby s\u00fa vyr\u00e1ban\u00e9 ru\u010dne. S tromi priehradkami a z\u00e1suvkou<\/p>\n","protected":false},"featured_media":132175,"comment_status":"closed","ping_status":"closed","template":"","meta":[],"product_cat":[293,286,772],"product_tag":[187,198],"yoast_head":"<!-- This site is optimized with the Yoast SEO plugin v22.1 - https:\/\/yoast.com\/wordpress\/plugins\/seo\/ -->\n<title>TV stol\u00edk Scorpion 160cm Mango \u00bb &#187; iKuchyne iSHOP s n\u00e1bytkom<\/title>\n<meta name=\"description\" content=\"TV stol\u00edk Scorpion 160cm Mango \u00bb - r\u00fdchle dodanie, poradenstvo, n\u00e1bytok skladom v Bratislave s ikuchyne.sk - kuchyne na mieru.\" \/>\n<meta name=\"robots\" content=\"index, follow, max-snippet:-1, max-image-preview:large, max-video-preview:-1\" \/>\n<link rel=\"canonical\" href=\"https:\/\/www.ikuchyne.sk\/eshop\/produkt\/tv-stolik-scorpion-160cm-mango\/\" \/>\n<meta property=\"og:locale\" content=\"sk_SK\" \/>\n<meta property=\"og:type\" content=\"article\" \/>\n<meta property=\"og:title\" content=\"TV stol\u00edk Scorpion 160cm Mango \u00bb &#187; iKuchyne iSHOP s n\u00e1bytkom\" \/>\n<meta property=\"og:description\" content=\"TV stol\u00edk Scorpion 160cm Mango \u00bb - r\u00fdchle dodanie, poradenstvo, n\u00e1bytok skladom v Bratislave s ikuchyne.sk - kuchyne na mieru.\" \/>\n<meta property=\"og:url\" content=\"https:\/\/www.ikuchyne.sk\/eshop\/produkt\/tv-stolik-scorpion-160cm-mango\/\" \/>\n<meta property=\"og:site_name\" content=\"iKuchyne iSHOP s n\u00e1bytkom\" \/>\n<meta property=\"article:publisher\" content=\"https:\/\/www.facebook.com\/ikuchyne\/\" \/>\n<meta property=\"article:modified_time\" content=\"2021-07-18T22:02:33+00:00\" \/>\n<meta property=\"og:image\" content=\"https:\/\/www.ikuchyne.sk\/eshop\/wp-content\/uploads\/2020\/06\/media_images_org_file0035763.jpg\" \/>\n\t<meta property=\"og:image:width\" content=\"2000\" \/>\n\t<meta property=\"og:image:height\" content=\"1333\" \/>\n\t<meta property=\"og:image:type\" content=\"image\/jpeg\" \/>\n<meta name=\"twitter:card\" content=\"summary_large_image\" \/>\n<meta name=\"twitter:label1\" content=\"Predpokladan\u00fd \u010das \u010d\u00edtania\" \/>\n\t<meta name=\"twitter:data1\" content=\"2 min\u00faty\" \/>\n<script type=\"application\/ld+json\" class=\"yoast-schema-graph\">{\"@context\":\"https:\/\/schema.org\",\"@graph\":[{\"@type\":\"WebPage\",\"@id\":\"https:\/\/www.ikuchyne.sk\/eshop\/produkt\/tv-stolik-scorpion-160cm-mango\/\",\"url\":\"https:\/\/www.ikuchyne.sk\/eshop\/produkt\/tv-stolik-scorpion-160cm-mango\/\",\"name\":\"TV stol\u00edk Scorpion 160cm Mango \u00bb &#187; iKuchyne iSHOP s n\u00e1bytkom\",\"isPartOf\":{\"@id\":\"https:\/\/www.ikuchyne.sk\/eshop\/#website\"},\"datePublished\":\"2020-06-17T17:49:55+00:00\",\"dateModified\":\"2021-07-18T22:02:33+00:00\",\"description\":\"TV stol\u00edk Scorpion 160cm Mango \u00bb - r\u00fdchle dodanie, poradenstvo, n\u00e1bytok skladom v Bratislave s ikuchyne.sk - kuchyne na mieru.\",\"breadcrumb\":{\"@id\":\"https:\/\/www.ikuchyne.sk\/eshop\/produkt\/tv-stolik-scorpion-160cm-mango\/#breadcrumb\"},\"inLanguage\":\"sk-SK\",\"potentialAction\":[{\"@type\":\"ReadAction\",\"target\":[\"https:\/\/www.ikuchyne.sk\/eshop\/produkt\/tv-stolik-scorpion-160cm-mango\/\"]}]},{\"@type\":\"BreadcrumbList\",\"@id\":\"https:\/\/www.ikuchyne.sk\/eshop\/produkt\/tv-stolik-scorpion-160cm-mango\/#breadcrumb\",\"itemListElement\":[{\"@type\":\"ListItem\",\"position\":1,\"name\":\"Home\",\"item\":\"https:\/\/www.ikuchyne.sk\/eshop\/\"},{\"@type\":\"ListItem\",\"position\":2,\"name\":\"Obchod\",\"item\":\"https:\/\/www.ikuchyne.sk\/eshop\/obchod\/\"},{\"@type\":\"ListItem\",\"position\":3,\"name\":\"TV stol\u00edk Scorpion 160cm Mango \u00bb\"}]},{\"@type\":\"WebSite\",\"@id\":\"https:\/\/www.ikuchyne.sk\/eshop\/#website\",\"url\":\"https:\/\/www.ikuchyne.sk\/eshop\/\",\"name\":\"iKuchyne iSHOP s n\u00e1bytkom\",\"description\":\"Jed\u00e1lensk\u00e9 stoly, stoli\u010dky, n\u00e1bytok, svietidl\u00e1...\",\"publisher\":{\"@id\":\"https:\/\/www.ikuchyne.sk\/eshop\/#organization\"},\"potentialAction\":[{\"@type\":\"SearchAction\",\"target\":{\"@type\":\"EntryPoint\",\"urlTemplate\":\"https:\/\/www.ikuchyne.sk\/eshop\/?s={search_term_string}\"},\"query-input\":\"required name=search_term_string\"}],\"inLanguage\":\"sk-SK\"},{\"@type\":\"Organization\",\"@id\":\"https:\/\/www.ikuchyne.sk\/eshop\/#organization\",\"name\":\"ikuchyne!\",\"url\":\"https:\/\/www.ikuchyne.sk\/eshop\/\",\"logo\":{\"@type\":\"ImageObject\",\"inLanguage\":\"sk-SK\",\"@id\":\"https:\/\/www.ikuchyne.sk\/eshop\/#\/schema\/logo\/image\/\",\"url\":\"https:\/\/www.ikuchyne.sk\/eshop\/wp-content\/uploads\/2017\/04\/ikuchyne-logo.jpg\",\"contentUrl\":\"https:\/\/www.ikuchyne.sk\/eshop\/wp-content\/uploads\/2017\/04\/ikuchyne-logo.jpg\",\"width\":200,\"height\":48,\"caption\":\"ikuchyne!\"},\"image\":{\"@id\":\"https:\/\/www.ikuchyne.sk\/eshop\/#\/schema\/logo\/image\/\"},\"sameAs\":[\"https:\/\/www.facebook.com\/ikuchyne\/\",\"https:\/\/www.instagram.com\/ikuchyne.sk\/\",\"https:\/\/sk.pinterest.com\/ikuchynesk\/\"]}]}<\/script>\n<!-- \/ Yoast SEO plugin. -->","yoast_head_json":{"title":"TV stol\u00edk Scorpion 160cm Mango \u00bb &#187; iKuchyne iSHOP s n\u00e1bytkom","description":"TV stol\u00edk Scorpion 160cm Mango \u00bb - r\u00fdchle dodanie, poradenstvo, n\u00e1bytok skladom v Bratislave s ikuchyne.sk - kuchyne na mieru.","robots":{"index":"index","follow":"follow","max-snippet":"max-snippet:-1","max-image-preview":"max-image-preview:large","max-video-preview":"max-video-preview:-1"},"canonical":"https:\/\/www.ikuchyne.sk\/eshop\/produkt\/tv-stolik-scorpion-160cm-mango\/","og_locale":"sk_SK","og_type":"article","og_title":"TV stol\u00edk Scorpion 160cm Mango \u00bb &#187; iKuchyne iSHOP s n\u00e1bytkom","og_description":"TV stol\u00edk Scorpion 160cm Mango \u00bb - r\u00fdchle dodanie, poradenstvo, n\u00e1bytok skladom v Bratislave s ikuchyne.sk - kuchyne na mieru.","og_url":"https:\/\/www.ikuchyne.sk\/eshop\/produkt\/tv-stolik-scorpion-160cm-mango\/","og_site_name":"iKuchyne iSHOP s n\u00e1bytkom","article_publisher":"https:\/\/www.facebook.com\/ikuchyne\/","article_modified_time":"2021-07-18T22:02:33+00:00","og_image":[{"width":2000,"height":1333,"url":"https:\/\/www.ikuchyne.sk\/eshop\/wp-content\/uploads\/2020\/06\/media_images_org_file0035763.jpg","type":"image\/jpeg"}],"twitter_card":"summary_large_image","twitter_misc":{"Predpokladan\u00fd \u010das \u010d\u00edtania":"2 min\u00faty"},"schema":{"@context":"https:\/\/schema.org","@graph":[{"@type":"WebPage","@id":"https:\/\/www.ikuchyne.sk\/eshop\/produkt\/tv-stolik-scorpion-160cm-mango\/","url":"https:\/\/www.ikuchyne.sk\/eshop\/produkt\/tv-stolik-scorpion-160cm-mango\/","name":"TV stol\u00edk Scorpion 160cm Mango \u00bb &#187; iKuchyne iSHOP s n\u00e1bytkom","isPartOf":{"@id":"https:\/\/www.ikuchyne.sk\/eshop\/#website"},"datePublished":"2020-06-17T17:49:55+00:00","dateModified":"2021-07-18T22:02:33+00:00","description":"TV stol\u00edk Scorpion 160cm Mango \u00bb - r\u00fdchle dodanie, poradenstvo, n\u00e1bytok skladom v Bratislave s ikuchyne.sk - kuchyne na mieru.","breadcrumb":{"@id":"https:\/\/www.ikuchyne.sk\/eshop\/produkt\/tv-stolik-scorpion-160cm-mango\/#breadcrumb"},"inLanguage":"sk-SK","potentialAction":[{"@type":"ReadAction","target":["https:\/\/www.ikuchyne.sk\/eshop\/produkt\/tv-stolik-scorpion-160cm-mango\/"]}]},{"@type":"BreadcrumbList","@id":"https:\/\/www.ikuchyne.sk\/eshop\/produkt\/tv-stolik-scorpion-160cm-mango\/#breadcrumb","itemListElement":[{"@type":"ListItem","position":1,"name":"Home","item":"https:\/\/www.ikuchyne.sk\/eshop\/"},{"@type":"ListItem","position":2,"name":"Obchod","item":"https:\/\/www.ikuchyne.sk\/eshop\/obchod\/"},{"@type":"ListItem","position":3,"name":"TV stol\u00edk Scorpion 160cm Mango \u00bb"}]},{"@type":"WebSite","@id":"https:\/\/www.ikuchyne.sk\/eshop\/#website","url":"https:\/\/www.ikuchyne.sk\/eshop\/","name":"iKuchyne iSHOP s n\u00e1bytkom","description":"Jed\u00e1lensk\u00e9 stoly, stoli\u010dky, n\u00e1bytok, svietidl\u00e1...","publisher":{"@id":"https:\/\/www.ikuchyne.sk\/eshop\/#organization"},"potentialAction":[{"@type":"SearchAction","target":{"@type":"EntryPoint","urlTemplate":"https:\/\/www.ikuchyne.sk\/eshop\/?s={search_term_string}"},"query-input":"required name=search_term_string"}],"inLanguage":"sk-SK"},{"@type":"Organization","@id":"https:\/\/www.ikuchyne.sk\/eshop\/#organization","name":"ikuchyne!","url":"https:\/\/www.ikuchyne.sk\/eshop\/","logo":{"@type":"ImageObject","inLanguage":"sk-SK","@id":"https:\/\/www.ikuchyne.sk\/eshop\/#\/schema\/logo\/image\/","url":"https:\/\/www.ikuchyne.sk\/eshop\/wp-content\/uploads\/2017\/04\/ikuchyne-logo.jpg","contentUrl":"https:\/\/www.ikuchyne.sk\/eshop\/wp-content\/uploads\/2017\/04\/ikuchyne-logo.jpg","width":200,"height":48,"caption":"ikuchyne!"},"image":{"@id":"https:\/\/www.ikuchyne.sk\/eshop\/#\/schema\/logo\/image\/"},"sameAs":["https:\/\/www.facebook.com\/ikuchyne\/","https:\/\/www.instagram.com\/ikuchyne.sk\/","https:\/\/sk.pinterest.com\/ikuchynesk\/"]}]}},"_links":{"self":[{"href":"https:\/\/www.ikuchyne.sk\/eshop\/wp-json\/wp\/v2\/product\/129983"}],"collection":[{"href":"https:\/\/www.ikuchyne.sk\/eshop\/wp-json\/wp\/v2\/product"}],"about":[{"href":"https:\/\/www.ikuchyne.sk\/eshop\/wp-json\/wp\/v2\/types\/product"}],"replies":[{"embeddable":true,"href":"https:\/\/www.ikuchyne.sk\/eshop\/wp-json\/wp\/v2\/comments?post=129983"}],"wp:featuredmedia":[{"embeddable":true,"href":"https:\/\/www.ikuchyne.sk\/eshop\/wp-json\/wp\/v2\/media\/132175"}],"wp:attachment":[{"href":"https:\/\/www.ikuchyne.sk\/eshop\/wp-json\/wp\/v2\/media?parent=129983"}],"wp:term":[{"taxonomy":"product_cat","embeddable":true,"href":"https:\/\/www.ikuchyne.sk\/eshop\/wp-json\/wp\/v2\/product_cat?post=129983"},{"taxonomy":"product_tag","embeddable":true,"href":"https:\/\/www.ikuchyne.sk\/eshop\/wp-json\/wp\/v2\/product_tag?post=129983"}],"curies":[{"name":"wp","href":"https:\/\/api.w.org\/{rel}","templated":true}]}}