{"id":129988,"date":"2020-06-17T19:52:15","date_gmt":"2020-06-17T17:52:15","guid":{"rendered":"https:\/\/www.ikuchyne.sk\/eshop\/?post_type=product&#038;p=129988"},"modified":"2023-11-03T13:27:44","modified_gmt":"2023-11-03T12:27:44","slug":"komoda-scorpion-100cm-mango-prirodna","status":"publish","type":"product","link":"https:\/\/www.ikuchyne.sk\/eshop\/produkt\/komoda-scorpion-100cm-mango-prirodna\/","title":{"rendered":"Komoda Scorpion 100cm Mango pr\u00edrodn\u00e1 \u00bb"},"content":{"rendered":"<h1>Komoda Scorpion 100cm Mango pr\u00edrodn\u00e1 \u00bb<\/h1>\n<p><strong>V\u0161eobecn\u00fd opis pr\u00edborn\u00edka:<br \/>\n<\/strong>Ak h\u013ead\u00e1te skrinku, ktor\u00e1 oh\u00fari nie len dizajnom, ale aj funk\u010dnos\u0165ou, ste na spr\u00e1vnej adrese. Komoda Scorpion m\u00e1 priestor pre v\u0161etok v\u00e1\u0161 riad a nie len to! Mangov\u00e1 komoda na ly\u017einovom podstavci v sebe ukr\u00fdva tri police, ktor\u00e9 s\u00fa rozdelen\u00e9 do \u0161iestich priehradok. Vzh\u013ead komody v\u0161ak stoj\u00ed tie\u017e za spomenutie \u2013 mangov\u00e9 drevo bolo navrhnut\u00e9 a spracovan\u00e9 tak, aby vytv\u00e1ralo 3D efekt. Ke\u010f sa na skrinku pozriete, chcete sa jej okam\u017eite dotkn\u00fa\u0165!<\/p>\n<p><strong>\u010eal\u0161ie inform\u00e1cie:<\/strong><br \/>\nProdukt je ru\u010dne vyroben\u00fd \u2013 rany, farebn\u00e9 gradienty, pr\u00edpadn\u00e9 rozdiely rozmerov s\u00fa preto be\u017en\u00fd jav. Nejde o v\u00fdrobn\u00fa chybu. Dvere maj\u00fa jemn\u00fd uzatv\u00e1rac\u00ed mechanizmus.<\/p>\n<p><strong>Rozmery:<\/strong><br \/>\n100 cm x 120 cm x 45 cm (\u0161 xvxh)<br \/>\n<strong>Priestory:<\/strong> 6 x 47 cm x 31 cm x 34 cm (\u0161 xvxh)<br \/>\n<strong>V\u00fd\u0161ka<\/strong>\u00a0<strong>chodidiel:<\/strong> 20 cm<br \/>\n<strong>Farba:<\/strong> hned\u00e1<br \/>\n<strong>Materi\u00e1l:<\/strong> mas\u00edvne drevo, mango, lakovan\u00fd kovov\u00fd r\u00e1m<\/p>\n","protected":false},"excerpt":{"rendered":"<p>Komoda Scorpion 100cm Mango pr\u00edrodn\u00e1 \u00bb V\u0161eobecn\u00fd opis pr\u00edborn\u00edka: Ak h\u013ead\u00e1te skrinku, ktor\u00e1 oh\u00fari nie len dizajnom, ale aj funk\u010dnos\u0165ou, ste na spr\u00e1vnej adrese. Komoda Scorpion m\u00e1 priestor pre v\u0161etok<\/p>\n","protected":false},"featured_media":132170,"comment_status":"closed","ping_status":"closed","template":"","meta":[],"product_cat":[286,293,772],"product_tag":[192],"yoast_head":"<!-- This site is optimized with the Yoast SEO plugin v22.1 - https:\/\/yoast.com\/wordpress\/plugins\/seo\/ -->\n<title>Komoda Scorpion 100cm Mango pr\u00edrodn\u00e1 \u00bb &#187; iKuchyne iSHOP s n\u00e1bytkom<\/title>\n<meta name=\"description\" content=\"K\u00fapte si u n\u00e1s Komoda Scorpion 100cm Mango pr\u00edrodn\u00e1 \u00bb za akciov\u00fa cenu. R\u00fdchle dodanie tovaru, odborn\u00e9 poradenstvo a stovky produktov skladom. Komoda Scorpion 100cm Mango pr\u00edrodn\u00e1 \u00bb sa stane dominantou V\u00e1\u0161ho interi\u00e9ru. Internetov\u00fd obchod ikuchyne! pon\u00faka odber Komoda Scorpion 100cm Mango pr\u00edrodn\u00e1 \u00bb u\u017e od 1 kusu.\" \/>\n<meta name=\"robots\" content=\"index, follow, max-snippet:-1, max-image-preview:large, max-video-preview:-1\" \/>\n<link rel=\"canonical\" href=\"https:\/\/www.ikuchyne.sk\/eshop\/produkt\/komoda-scorpion-100cm-mango-prirodna\/\" \/>\n<meta property=\"og:locale\" content=\"sk_SK\" \/>\n<meta property=\"og:type\" content=\"article\" \/>\n<meta property=\"og:title\" content=\"Komoda Scorpion 100cm Mango pr\u00edrodn\u00e1 \u00bb &#187; iKuchyne iSHOP s n\u00e1bytkom\" \/>\n<meta property=\"og:description\" content=\"K\u00fapte si u n\u00e1s Komoda Scorpion 100cm Mango pr\u00edrodn\u00e1 \u00bb za akciov\u00fa cenu. R\u00fdchle dodanie tovaru, odborn\u00e9 poradenstvo a stovky produktov skladom. Komoda Scorpion 100cm Mango pr\u00edrodn\u00e1 \u00bb sa stane dominantou V\u00e1\u0161ho interi\u00e9ru. Internetov\u00fd obchod ikuchyne! pon\u00faka odber Komoda Scorpion 100cm Mango pr\u00edrodn\u00e1 \u00bb u\u017e od 1 kusu.\" \/>\n<meta property=\"og:url\" content=\"https:\/\/www.ikuchyne.sk\/eshop\/produkt\/komoda-scorpion-100cm-mango-prirodna\/\" \/>\n<meta property=\"og:site_name\" content=\"iKuchyne iSHOP s n\u00e1bytkom\" \/>\n<meta property=\"article:publisher\" content=\"https:\/\/www.facebook.com\/ikuchyne\/\" \/>\n<meta property=\"article:modified_time\" content=\"2023-11-03T12:27:44+00:00\" \/>\n<meta property=\"og:image\" content=\"https:\/\/www.ikuchyne.sk\/eshop\/wp-content\/uploads\/2020\/06\/media_images_org_file0035655.jpg\" \/>\n\t<meta property=\"og:image:width\" content=\"2000\" \/>\n\t<meta property=\"og:image:height\" content=\"1333\" \/>\n\t<meta property=\"og:image:type\" content=\"image\/jpeg\" \/>\n<meta name=\"twitter:card\" content=\"summary_large_image\" \/>\n<meta name=\"twitter:label1\" content=\"Predpokladan\u00fd \u010das \u010d\u00edtania\" \/>\n\t<meta name=\"twitter:data1\" content=\"1 min\u00fata\" \/>\n<script type=\"application\/ld+json\" class=\"yoast-schema-graph\">{\"@context\":\"https:\/\/schema.org\",\"@graph\":[{\"@type\":\"WebPage\",\"@id\":\"https:\/\/www.ikuchyne.sk\/eshop\/produkt\/komoda-scorpion-100cm-mango-prirodna\/\",\"url\":\"https:\/\/www.ikuchyne.sk\/eshop\/produkt\/komoda-scorpion-100cm-mango-prirodna\/\",\"name\":\"Komoda Scorpion 100cm Mango pr\u00edrodn\u00e1 \u00bb &#187; iKuchyne iSHOP s n\u00e1bytkom\",\"isPartOf\":{\"@id\":\"https:\/\/www.ikuchyne.sk\/eshop\/#website\"},\"datePublished\":\"2020-06-17T17:52:15+00:00\",\"dateModified\":\"2023-11-03T12:27:44+00:00\",\"description\":\"K\u00fapte si u n\u00e1s Komoda Scorpion 100cm Mango pr\u00edrodn\u00e1 \u00bb za akciov\u00fa cenu. R\u00fdchle dodanie tovaru, odborn\u00e9 poradenstvo a stovky produktov skladom. Komoda Scorpion 100cm Mango pr\u00edrodn\u00e1 \u00bb sa stane dominantou V\u00e1\u0161ho interi\u00e9ru. Internetov\u00fd obchod ikuchyne! pon\u00faka odber Komoda Scorpion 100cm Mango pr\u00edrodn\u00e1 \u00bb u\u017e od 1 kusu.\",\"breadcrumb\":{\"@id\":\"https:\/\/www.ikuchyne.sk\/eshop\/produkt\/komoda-scorpion-100cm-mango-prirodna\/#breadcrumb\"},\"inLanguage\":\"sk-SK\",\"potentialAction\":[{\"@type\":\"ReadAction\",\"target\":[\"https:\/\/www.ikuchyne.sk\/eshop\/produkt\/komoda-scorpion-100cm-mango-prirodna\/\"]}]},{\"@type\":\"BreadcrumbList\",\"@id\":\"https:\/\/www.ikuchyne.sk\/eshop\/produkt\/komoda-scorpion-100cm-mango-prirodna\/#breadcrumb\",\"itemListElement\":[{\"@type\":\"ListItem\",\"position\":1,\"name\":\"Home\",\"item\":\"https:\/\/www.ikuchyne.sk\/eshop\/\"},{\"@type\":\"ListItem\",\"position\":2,\"name\":\"Obchod\",\"item\":\"https:\/\/www.ikuchyne.sk\/eshop\/obchod\/\"},{\"@type\":\"ListItem\",\"position\":3,\"name\":\"Komoda Scorpion 100cm Mango pr\u00edrodn\u00e1 \u00bb\"}]},{\"@type\":\"WebSite\",\"@id\":\"https:\/\/www.ikuchyne.sk\/eshop\/#website\",\"url\":\"https:\/\/www.ikuchyne.sk\/eshop\/\",\"name\":\"iKuchyne iSHOP s n\u00e1bytkom\",\"description\":\"Jed\u00e1lensk\u00e9 stoly, stoli\u010dky, n\u00e1bytok, svietidl\u00e1...\",\"publisher\":{\"@id\":\"https:\/\/www.ikuchyne.sk\/eshop\/#organization\"},\"potentialAction\":[{\"@type\":\"SearchAction\",\"target\":{\"@type\":\"EntryPoint\",\"urlTemplate\":\"https:\/\/www.ikuchyne.sk\/eshop\/?s={search_term_string}\"},\"query-input\":\"required name=search_term_string\"}],\"inLanguage\":\"sk-SK\"},{\"@type\":\"Organization\",\"@id\":\"https:\/\/www.ikuchyne.sk\/eshop\/#organization\",\"name\":\"ikuchyne!\",\"url\":\"https:\/\/www.ikuchyne.sk\/eshop\/\",\"logo\":{\"@type\":\"ImageObject\",\"inLanguage\":\"sk-SK\",\"@id\":\"https:\/\/www.ikuchyne.sk\/eshop\/#\/schema\/logo\/image\/\",\"url\":\"https:\/\/www.ikuchyne.sk\/eshop\/wp-content\/uploads\/2017\/04\/ikuchyne-logo.jpg\",\"contentUrl\":\"https:\/\/www.ikuchyne.sk\/eshop\/wp-content\/uploads\/2017\/04\/ikuchyne-logo.jpg\",\"width\":200,\"height\":48,\"caption\":\"ikuchyne!\"},\"image\":{\"@id\":\"https:\/\/www.ikuchyne.sk\/eshop\/#\/schema\/logo\/image\/\"},\"sameAs\":[\"https:\/\/www.facebook.com\/ikuchyne\/\",\"https:\/\/www.instagram.com\/ikuchyne.sk\/\",\"https:\/\/sk.pinterest.com\/ikuchynesk\/\"]}]}<\/script>\n<!-- \/ Yoast SEO plugin. -->","yoast_head_json":{"title":"Komoda Scorpion 100cm Mango pr\u00edrodn\u00e1 \u00bb &#187; iKuchyne iSHOP s n\u00e1bytkom","description":"K\u00fapte si u n\u00e1s Komoda Scorpion 100cm Mango pr\u00edrodn\u00e1 \u00bb za akciov\u00fa cenu. R\u00fdchle dodanie tovaru, odborn\u00e9 poradenstvo a stovky produktov skladom. Komoda Scorpion 100cm Mango pr\u00edrodn\u00e1 \u00bb sa stane dominantou V\u00e1\u0161ho interi\u00e9ru. Internetov\u00fd obchod ikuchyne! pon\u00faka odber Komoda Scorpion 100cm Mango pr\u00edrodn\u00e1 \u00bb u\u017e od 1 kusu.","robots":{"index":"index","follow":"follow","max-snippet":"max-snippet:-1","max-image-preview":"max-image-preview:large","max-video-preview":"max-video-preview:-1"},"canonical":"https:\/\/www.ikuchyne.sk\/eshop\/produkt\/komoda-scorpion-100cm-mango-prirodna\/","og_locale":"sk_SK","og_type":"article","og_title":"Komoda Scorpion 100cm Mango pr\u00edrodn\u00e1 \u00bb &#187; iKuchyne iSHOP s n\u00e1bytkom","og_description":"K\u00fapte si u n\u00e1s Komoda Scorpion 100cm Mango pr\u00edrodn\u00e1 \u00bb za akciov\u00fa cenu. R\u00fdchle dodanie tovaru, odborn\u00e9 poradenstvo a stovky produktov skladom. Komoda Scorpion 100cm Mango pr\u00edrodn\u00e1 \u00bb sa stane dominantou V\u00e1\u0161ho interi\u00e9ru. Internetov\u00fd obchod ikuchyne! pon\u00faka odber Komoda Scorpion 100cm Mango pr\u00edrodn\u00e1 \u00bb u\u017e od 1 kusu.","og_url":"https:\/\/www.ikuchyne.sk\/eshop\/produkt\/komoda-scorpion-100cm-mango-prirodna\/","og_site_name":"iKuchyne iSHOP s n\u00e1bytkom","article_publisher":"https:\/\/www.facebook.com\/ikuchyne\/","article_modified_time":"2023-11-03T12:27:44+00:00","og_image":[{"width":2000,"height":1333,"url":"https:\/\/www.ikuchyne.sk\/eshop\/wp-content\/uploads\/2020\/06\/media_images_org_file0035655.jpg","type":"image\/jpeg"}],"twitter_card":"summary_large_image","twitter_misc":{"Predpokladan\u00fd \u010das \u010d\u00edtania":"1 min\u00fata"},"schema":{"@context":"https:\/\/schema.org","@graph":[{"@type":"WebPage","@id":"https:\/\/www.ikuchyne.sk\/eshop\/produkt\/komoda-scorpion-100cm-mango-prirodna\/","url":"https:\/\/www.ikuchyne.sk\/eshop\/produkt\/komoda-scorpion-100cm-mango-prirodna\/","name":"Komoda Scorpion 100cm Mango pr\u00edrodn\u00e1 \u00bb &#187; iKuchyne iSHOP s n\u00e1bytkom","isPartOf":{"@id":"https:\/\/www.ikuchyne.sk\/eshop\/#website"},"datePublished":"2020-06-17T17:52:15+00:00","dateModified":"2023-11-03T12:27:44+00:00","description":"K\u00fapte si u n\u00e1s Komoda Scorpion 100cm Mango pr\u00edrodn\u00e1 \u00bb za akciov\u00fa cenu. R\u00fdchle dodanie tovaru, odborn\u00e9 poradenstvo a stovky produktov skladom. Komoda Scorpion 100cm Mango pr\u00edrodn\u00e1 \u00bb sa stane dominantou V\u00e1\u0161ho interi\u00e9ru. Internetov\u00fd obchod ikuchyne! pon\u00faka odber Komoda Scorpion 100cm Mango pr\u00edrodn\u00e1 \u00bb u\u017e od 1 kusu.","breadcrumb":{"@id":"https:\/\/www.ikuchyne.sk\/eshop\/produkt\/komoda-scorpion-100cm-mango-prirodna\/#breadcrumb"},"inLanguage":"sk-SK","potentialAction":[{"@type":"ReadAction","target":["https:\/\/www.ikuchyne.sk\/eshop\/produkt\/komoda-scorpion-100cm-mango-prirodna\/"]}]},{"@type":"BreadcrumbList","@id":"https:\/\/www.ikuchyne.sk\/eshop\/produkt\/komoda-scorpion-100cm-mango-prirodna\/#breadcrumb","itemListElement":[{"@type":"ListItem","position":1,"name":"Home","item":"https:\/\/www.ikuchyne.sk\/eshop\/"},{"@type":"ListItem","position":2,"name":"Obchod","item":"https:\/\/www.ikuchyne.sk\/eshop\/obchod\/"},{"@type":"ListItem","position":3,"name":"Komoda Scorpion 100cm Mango pr\u00edrodn\u00e1 \u00bb"}]},{"@type":"WebSite","@id":"https:\/\/www.ikuchyne.sk\/eshop\/#website","url":"https:\/\/www.ikuchyne.sk\/eshop\/","name":"iKuchyne iSHOP s n\u00e1bytkom","description":"Jed\u00e1lensk\u00e9 stoly, stoli\u010dky, n\u00e1bytok, svietidl\u00e1...","publisher":{"@id":"https:\/\/www.ikuchyne.sk\/eshop\/#organization"},"potentialAction":[{"@type":"SearchAction","target":{"@type":"EntryPoint","urlTemplate":"https:\/\/www.ikuchyne.sk\/eshop\/?s={search_term_string}"},"query-input":"required name=search_term_string"}],"inLanguage":"sk-SK"},{"@type":"Organization","@id":"https:\/\/www.ikuchyne.sk\/eshop\/#organization","name":"ikuchyne!","url":"https:\/\/www.ikuchyne.sk\/eshop\/","logo":{"@type":"ImageObject","inLanguage":"sk-SK","@id":"https:\/\/www.ikuchyne.sk\/eshop\/#\/schema\/logo\/image\/","url":"https:\/\/www.ikuchyne.sk\/eshop\/wp-content\/uploads\/2017\/04\/ikuchyne-logo.jpg","contentUrl":"https:\/\/www.ikuchyne.sk\/eshop\/wp-content\/uploads\/2017\/04\/ikuchyne-logo.jpg","width":200,"height":48,"caption":"ikuchyne!"},"image":{"@id":"https:\/\/www.ikuchyne.sk\/eshop\/#\/schema\/logo\/image\/"},"sameAs":["https:\/\/www.facebook.com\/ikuchyne\/","https:\/\/www.instagram.com\/ikuchyne.sk\/","https:\/\/sk.pinterest.com\/ikuchynesk\/"]}]}},"_links":{"self":[{"href":"https:\/\/www.ikuchyne.sk\/eshop\/wp-json\/wp\/v2\/product\/129988"}],"collection":[{"href":"https:\/\/www.ikuchyne.sk\/eshop\/wp-json\/wp\/v2\/product"}],"about":[{"href":"https:\/\/www.ikuchyne.sk\/eshop\/wp-json\/wp\/v2\/types\/product"}],"replies":[{"embeddable":true,"href":"https:\/\/www.ikuchyne.sk\/eshop\/wp-json\/wp\/v2\/comments?post=129988"}],"wp:featuredmedia":[{"embeddable":true,"href":"https:\/\/www.ikuchyne.sk\/eshop\/wp-json\/wp\/v2\/media\/132170"}],"wp:attachment":[{"href":"https:\/\/www.ikuchyne.sk\/eshop\/wp-json\/wp\/v2\/media?parent=129988"}],"wp:term":[{"taxonomy":"product_cat","embeddable":true,"href":"https:\/\/www.ikuchyne.sk\/eshop\/wp-json\/wp\/v2\/product_cat?post=129988"},{"taxonomy":"product_tag","embeddable":true,"href":"https:\/\/www.ikuchyne.sk\/eshop\/wp-json\/wp\/v2\/product_tag?post=129988"}],"curies":[{"name":"wp","href":"https:\/\/api.w.org\/{rel}","templated":true}]}}