{"id":130060,"date":"2020-06-17T21:31:49","date_gmt":"2020-06-17T19:31:49","guid":{"rendered":"https:\/\/www.ikuchyne.sk\/eshop\/?post_type=product&#038;p=130060"},"modified":"2021-08-19T07:50:38","modified_gmt":"2021-08-19T05:50:38","slug":"rohova-sedacka-cozy-velvet-ii-260cm-zelena","status":"publish","type":"product","link":"https:\/\/www.ikuchyne.sk\/eshop\/produkt\/rohova-sedacka-cozy-velvet-ii-260cm-zelena\/","title":{"rendered":"Rohov\u00e1 seda\u010dka Cozy Velvet II 260cm zelen\u00e1 zamat \u00bb"},"content":{"rendered":"<h1 class=\"product_title entry-title\">Tmavozelen\u00e1 rohov\u00e1 seda\u010dka Cozy Velvet<\/h1>\n<p><strong>V\u0161eobecn\u00fd opis seda\u010dky:<br \/>\n<\/strong>Modern\u00e1 rohov\u00e1 seda\u010dka z jemn\u00e9ho zamatu vnesie exkluzivitu do v\u00e1\u0161ho pr\u00edbytku. Sedenie je \u010dal\u00fanen\u00e9 hebk\u00fdm zamatom v kr\u00e1\u013eovskej tmavozelenej farbe. Husto vsaden\u00e9 gomb\u00edky do sedacej \u010dasti prid\u00e1vaj\u00fa na pohodl\u00ed a estetickej str\u00e1nke seda\u010dky. Operadlo a lak\u0165ov\u00e1 opierka s\u00fa tie\u017e \u010dal\u00fanen\u00e9 zamatom. Podno\u017e tejto seda\u010dky tvoria \u00fazke dreven\u00e9 nohy v tmavej farbe. Pohodln\u00e9 le\u017eanie pri sledovan\u00ed telev\u00edzie v\u00e1m spr\u00edjemn\u00ed pred\u013a\u017een\u00fd otoman, na ktor\u00fd si m\u00f4\u017eete vystrie\u0165 unaven\u00e9 nohy. S\u00fa\u010das\u0165ou seda\u010dky s\u00fa aj dva kr\u00e1sne vank\u00fa\u0161e v tmavozelenej farbe.<\/p>\n<p><strong>Sedenie:<br \/>\n<\/strong>Sedenie a tie\u017e otoman s\u00fa \u010dal\u00fanen\u00e9 m\u00e4kk\u00fdm zamatom v tmavozelenej farbe.<\/p>\n<p><strong>Podno\u017e seda\u010dky:<br \/>\n<\/strong>Podno\u017e seda\u010dky je tvoren\u00e1 \u00fazkymi tmav\u00fdmi dreven\u00fdmi nohami.<\/p>\n<p><strong>\u010eal\u0161ie inform\u00e1cie:<br \/>\n<\/strong>V pr\u00edpade zne\u010distenia, pou\u017e\u00edvajte iba prostriedky na b\u00e1ze vody, ur\u010dite nepou\u017e\u00edvajte bielidl\u00e1. Ak nepom\u00f4\u017ee vysu\u0161enie suchou handri\u010dkou, naneste mal\u00e9 mno\u017estvo \u010distiaceho prostriedku na zne\u010disten\u00e9 plochy. \u010cakajte 2-3 min\u00faty a z\u013eahka vy\u010distite kr\u00fa\u017eiv\u00fdmi pohybmi, k\u00fdm \u0161kvrna nezmizne. \u0160kvrnu nechajte prirodzene vyschn\u00fa\u0165. Ke\u010f je povrch such\u00fd, vy\u010de\u0161te vlasy jemnou kefkou.<br \/>\nRada star\u00fdch m\u00e1m: so\u013e rozsypte po zamate a opatrne prekefujte.<\/p>\n<p><b>Rozmery seda\u010dky<\/b>:<br \/>\n\u0160\u00edrka seda\u010dky: 260 cm<br \/>\nV\u00fd\u0161ka seda\u010dky: 84 cm<br \/>\nH\u013abka seda\u010dky: 83 cm<\/p>\n<p><strong>Rozmery sedenia:<\/strong>\u00a0240 x 45 x 54 cm (\u0160xVxH)<br \/>\n<strong>V\u00fd\u0161ka opierky chrbta:\u00a0<\/strong>47 cm<strong><br \/>\nV\u00fd\u0161ka lak\u0165ovej opierky:\u00a0<\/strong>61 cm<strong><br \/>\nMal\u00e9 vank\u00fa\u0161iky:\u00a0<\/strong>2x 53 x 15 cm (\u0160xV)<\/p>\n<p><b>Materi\u00e1l:\u00a0<\/b>zamat<br \/>\n<b>Farba:<\/b> tmavozelen\u00e1<\/p>\n","protected":false},"excerpt":{"rendered":"<p>Tmavozelen\u00e1 rohov\u00e1 seda\u010dka Cozy Velvet V\u0161eobecn\u00fd opis seda\u010dky: Modern\u00e1 rohov\u00e1 seda\u010dka z jemn\u00e9ho zamatu vnesie exkluzivitu do v\u00e1\u0161ho pr\u00edbytku. Sedenie je \u010dal\u00fanen\u00e9 hebk\u00fdm zamatom v kr\u00e1\u013eovskej tmavozelenej farbe. Husto vsaden\u00e9<\/p>\n","protected":false},"featured_media":130504,"comment_status":"closed","ping_status":"closed","template":"","meta":[],"product_cat":[772,601,600],"product_tag":[1036],"yoast_head":"<!-- This site is optimized with the Yoast SEO plugin v22.1 - https:\/\/yoast.com\/wordpress\/plugins\/seo\/ -->\n<title>Rohov\u00e1 seda\u010dka Cozy Velvet II 260cm zelen\u00e1 zamat \u00bb &#187; iKuchyne iSHOP s n\u00e1bytkom<\/title>\n<meta name=\"description\" content=\"K\u00fapte si u n\u00e1s Rohov\u00e1 seda\u010dka Cozy Velvet II 260cm zelen\u00e1 zamat \u00bb za akciov\u00fa cenu. R\u00fdchle dodanie tovaru, odborn\u00e9 poradenstvo a stovky produktov skladom. Rohov\u00e1 seda\u010dka Cozy Velvet II 260cm zelen\u00e1 zamat \u00bb sa stane dominantou V\u00e1\u0161ho interi\u00e9ru. Internetov\u00fd obchod ikuchyne! pon\u00faka odber Rohov\u00e1 seda\u010dka Cozy Velvet II 260cm zelen\u00e1 zamat \u00bb u\u017e od 1 kusu.\" \/>\n<meta name=\"robots\" content=\"index, follow, max-snippet:-1, max-image-preview:large, max-video-preview:-1\" \/>\n<link rel=\"canonical\" href=\"https:\/\/www.ikuchyne.sk\/eshop\/produkt\/rohova-sedacka-cozy-velvet-ii-260cm-zelena\/\" \/>\n<meta property=\"og:locale\" content=\"sk_SK\" \/>\n<meta property=\"og:type\" content=\"article\" \/>\n<meta property=\"og:title\" content=\"Rohov\u00e1 seda\u010dka Cozy Velvet II 260cm zelen\u00e1 zamat \u00bb &#187; iKuchyne iSHOP s n\u00e1bytkom\" \/>\n<meta property=\"og:description\" content=\"K\u00fapte si u n\u00e1s Rohov\u00e1 seda\u010dka Cozy Velvet II 260cm zelen\u00e1 zamat \u00bb za akciov\u00fa cenu. R\u00fdchle dodanie tovaru, odborn\u00e9 poradenstvo a stovky produktov skladom. Rohov\u00e1 seda\u010dka Cozy Velvet II 260cm zelen\u00e1 zamat \u00bb sa stane dominantou V\u00e1\u0161ho interi\u00e9ru. Internetov\u00fd obchod ikuchyne! pon\u00faka odber Rohov\u00e1 seda\u010dka Cozy Velvet II 260cm zelen\u00e1 zamat \u00bb u\u017e od 1 kusu.\" \/>\n<meta property=\"og:url\" content=\"https:\/\/www.ikuchyne.sk\/eshop\/produkt\/rohova-sedacka-cozy-velvet-ii-260cm-zelena\/\" \/>\n<meta property=\"og:site_name\" content=\"iKuchyne iSHOP s n\u00e1bytkom\" \/>\n<meta property=\"article:publisher\" content=\"https:\/\/www.facebook.com\/ikuchyne\/\" \/>\n<meta property=\"article:modified_time\" content=\"2021-08-19T05:50:38+00:00\" \/>\n<meta property=\"og:image\" content=\"https:\/\/www.ikuchyne.sk\/eshop\/wp-content\/uploads\/2020\/06\/sedacka-cozy-velvet-zelena.jpg\" \/>\n\t<meta property=\"og:image:width\" content=\"800\" \/>\n\t<meta property=\"og:image:height\" content=\"533\" \/>\n\t<meta property=\"og:image:type\" content=\"image\/jpeg\" \/>\n<meta name=\"twitter:card\" content=\"summary_large_image\" \/>\n<meta name=\"twitter:label1\" content=\"Predpokladan\u00fd \u010das \u010d\u00edtania\" \/>\n\t<meta name=\"twitter:data1\" content=\"1 min\u00fata\" \/>\n<script type=\"application\/ld+json\" class=\"yoast-schema-graph\">{\"@context\":\"https:\/\/schema.org\",\"@graph\":[{\"@type\":\"WebPage\",\"@id\":\"https:\/\/www.ikuchyne.sk\/eshop\/produkt\/rohova-sedacka-cozy-velvet-ii-260cm-zelena\/\",\"url\":\"https:\/\/www.ikuchyne.sk\/eshop\/produkt\/rohova-sedacka-cozy-velvet-ii-260cm-zelena\/\",\"name\":\"Rohov\u00e1 seda\u010dka Cozy Velvet II 260cm zelen\u00e1 zamat \u00bb &#187; iKuchyne iSHOP s n\u00e1bytkom\",\"isPartOf\":{\"@id\":\"https:\/\/www.ikuchyne.sk\/eshop\/#website\"},\"datePublished\":\"2020-06-17T19:31:49+00:00\",\"dateModified\":\"2021-08-19T05:50:38+00:00\",\"description\":\"K\u00fapte si u n\u00e1s Rohov\u00e1 seda\u010dka Cozy Velvet II 260cm zelen\u00e1 zamat \u00bb za akciov\u00fa cenu. R\u00fdchle dodanie tovaru, odborn\u00e9 poradenstvo a stovky produktov skladom. Rohov\u00e1 seda\u010dka Cozy Velvet II 260cm zelen\u00e1 zamat \u00bb sa stane dominantou V\u00e1\u0161ho interi\u00e9ru. Internetov\u00fd obchod ikuchyne! pon\u00faka odber Rohov\u00e1 seda\u010dka Cozy Velvet II 260cm zelen\u00e1 zamat \u00bb u\u017e od 1 kusu.\",\"breadcrumb\":{\"@id\":\"https:\/\/www.ikuchyne.sk\/eshop\/produkt\/rohova-sedacka-cozy-velvet-ii-260cm-zelena\/#breadcrumb\"},\"inLanguage\":\"sk-SK\",\"potentialAction\":[{\"@type\":\"ReadAction\",\"target\":[\"https:\/\/www.ikuchyne.sk\/eshop\/produkt\/rohova-sedacka-cozy-velvet-ii-260cm-zelena\/\"]}]},{\"@type\":\"BreadcrumbList\",\"@id\":\"https:\/\/www.ikuchyne.sk\/eshop\/produkt\/rohova-sedacka-cozy-velvet-ii-260cm-zelena\/#breadcrumb\",\"itemListElement\":[{\"@type\":\"ListItem\",\"position\":1,\"name\":\"Home\",\"item\":\"https:\/\/www.ikuchyne.sk\/eshop\/\"},{\"@type\":\"ListItem\",\"position\":2,\"name\":\"Obchod\",\"item\":\"https:\/\/www.ikuchyne.sk\/eshop\/obchod\/\"},{\"@type\":\"ListItem\",\"position\":3,\"name\":\"Rohov\u00e1 seda\u010dka Cozy Velvet II 260cm zelen\u00e1 zamat \u00bb\"}]},{\"@type\":\"WebSite\",\"@id\":\"https:\/\/www.ikuchyne.sk\/eshop\/#website\",\"url\":\"https:\/\/www.ikuchyne.sk\/eshop\/\",\"name\":\"iKuchyne iSHOP s n\u00e1bytkom\",\"description\":\"Jed\u00e1lensk\u00e9 stoly, stoli\u010dky, n\u00e1bytok, svietidl\u00e1...\",\"publisher\":{\"@id\":\"https:\/\/www.ikuchyne.sk\/eshop\/#organization\"},\"potentialAction\":[{\"@type\":\"SearchAction\",\"target\":{\"@type\":\"EntryPoint\",\"urlTemplate\":\"https:\/\/www.ikuchyne.sk\/eshop\/?s={search_term_string}\"},\"query-input\":\"required name=search_term_string\"}],\"inLanguage\":\"sk-SK\"},{\"@type\":\"Organization\",\"@id\":\"https:\/\/www.ikuchyne.sk\/eshop\/#organization\",\"name\":\"ikuchyne!\",\"url\":\"https:\/\/www.ikuchyne.sk\/eshop\/\",\"logo\":{\"@type\":\"ImageObject\",\"inLanguage\":\"sk-SK\",\"@id\":\"https:\/\/www.ikuchyne.sk\/eshop\/#\/schema\/logo\/image\/\",\"url\":\"https:\/\/www.ikuchyne.sk\/eshop\/wp-content\/uploads\/2017\/04\/ikuchyne-logo.jpg\",\"contentUrl\":\"https:\/\/www.ikuchyne.sk\/eshop\/wp-content\/uploads\/2017\/04\/ikuchyne-logo.jpg\",\"width\":200,\"height\":48,\"caption\":\"ikuchyne!\"},\"image\":{\"@id\":\"https:\/\/www.ikuchyne.sk\/eshop\/#\/schema\/logo\/image\/\"},\"sameAs\":[\"https:\/\/www.facebook.com\/ikuchyne\/\",\"https:\/\/www.instagram.com\/ikuchyne.sk\/\",\"https:\/\/sk.pinterest.com\/ikuchynesk\/\"]}]}<\/script>\n<!-- \/ Yoast SEO plugin. -->","yoast_head_json":{"title":"Rohov\u00e1 seda\u010dka Cozy Velvet II 260cm zelen\u00e1 zamat \u00bb &#187; iKuchyne iSHOP s n\u00e1bytkom","description":"K\u00fapte si u n\u00e1s Rohov\u00e1 seda\u010dka Cozy Velvet II 260cm zelen\u00e1 zamat \u00bb za akciov\u00fa cenu. R\u00fdchle dodanie tovaru, odborn\u00e9 poradenstvo a stovky produktov skladom. Rohov\u00e1 seda\u010dka Cozy Velvet II 260cm zelen\u00e1 zamat \u00bb sa stane dominantou V\u00e1\u0161ho interi\u00e9ru. Internetov\u00fd obchod ikuchyne! pon\u00faka odber Rohov\u00e1 seda\u010dka Cozy Velvet II 260cm zelen\u00e1 zamat \u00bb u\u017e od 1 kusu.","robots":{"index":"index","follow":"follow","max-snippet":"max-snippet:-1","max-image-preview":"max-image-preview:large","max-video-preview":"max-video-preview:-1"},"canonical":"https:\/\/www.ikuchyne.sk\/eshop\/produkt\/rohova-sedacka-cozy-velvet-ii-260cm-zelena\/","og_locale":"sk_SK","og_type":"article","og_title":"Rohov\u00e1 seda\u010dka Cozy Velvet II 260cm zelen\u00e1 zamat \u00bb &#187; iKuchyne iSHOP s n\u00e1bytkom","og_description":"K\u00fapte si u n\u00e1s Rohov\u00e1 seda\u010dka Cozy Velvet II 260cm zelen\u00e1 zamat \u00bb za akciov\u00fa cenu. R\u00fdchle dodanie tovaru, odborn\u00e9 poradenstvo a stovky produktov skladom. Rohov\u00e1 seda\u010dka Cozy Velvet II 260cm zelen\u00e1 zamat \u00bb sa stane dominantou V\u00e1\u0161ho interi\u00e9ru. Internetov\u00fd obchod ikuchyne! pon\u00faka odber Rohov\u00e1 seda\u010dka Cozy Velvet II 260cm zelen\u00e1 zamat \u00bb u\u017e od 1 kusu.","og_url":"https:\/\/www.ikuchyne.sk\/eshop\/produkt\/rohova-sedacka-cozy-velvet-ii-260cm-zelena\/","og_site_name":"iKuchyne iSHOP s n\u00e1bytkom","article_publisher":"https:\/\/www.facebook.com\/ikuchyne\/","article_modified_time":"2021-08-19T05:50:38+00:00","og_image":[{"width":800,"height":533,"url":"https:\/\/www.ikuchyne.sk\/eshop\/wp-content\/uploads\/2020\/06\/sedacka-cozy-velvet-zelena.jpg","type":"image\/jpeg"}],"twitter_card":"summary_large_image","twitter_misc":{"Predpokladan\u00fd \u010das \u010d\u00edtania":"1 min\u00fata"},"schema":{"@context":"https:\/\/schema.org","@graph":[{"@type":"WebPage","@id":"https:\/\/www.ikuchyne.sk\/eshop\/produkt\/rohova-sedacka-cozy-velvet-ii-260cm-zelena\/","url":"https:\/\/www.ikuchyne.sk\/eshop\/produkt\/rohova-sedacka-cozy-velvet-ii-260cm-zelena\/","name":"Rohov\u00e1 seda\u010dka Cozy Velvet II 260cm zelen\u00e1 zamat \u00bb &#187; iKuchyne iSHOP s n\u00e1bytkom","isPartOf":{"@id":"https:\/\/www.ikuchyne.sk\/eshop\/#website"},"datePublished":"2020-06-17T19:31:49+00:00","dateModified":"2021-08-19T05:50:38+00:00","description":"K\u00fapte si u n\u00e1s Rohov\u00e1 seda\u010dka Cozy Velvet II 260cm zelen\u00e1 zamat \u00bb za akciov\u00fa cenu. R\u00fdchle dodanie tovaru, odborn\u00e9 poradenstvo a stovky produktov skladom. Rohov\u00e1 seda\u010dka Cozy Velvet II 260cm zelen\u00e1 zamat \u00bb sa stane dominantou V\u00e1\u0161ho interi\u00e9ru. Internetov\u00fd obchod ikuchyne! pon\u00faka odber Rohov\u00e1 seda\u010dka Cozy Velvet II 260cm zelen\u00e1 zamat \u00bb u\u017e od 1 kusu.","breadcrumb":{"@id":"https:\/\/www.ikuchyne.sk\/eshop\/produkt\/rohova-sedacka-cozy-velvet-ii-260cm-zelena\/#breadcrumb"},"inLanguage":"sk-SK","potentialAction":[{"@type":"ReadAction","target":["https:\/\/www.ikuchyne.sk\/eshop\/produkt\/rohova-sedacka-cozy-velvet-ii-260cm-zelena\/"]}]},{"@type":"BreadcrumbList","@id":"https:\/\/www.ikuchyne.sk\/eshop\/produkt\/rohova-sedacka-cozy-velvet-ii-260cm-zelena\/#breadcrumb","itemListElement":[{"@type":"ListItem","position":1,"name":"Home","item":"https:\/\/www.ikuchyne.sk\/eshop\/"},{"@type":"ListItem","position":2,"name":"Obchod","item":"https:\/\/www.ikuchyne.sk\/eshop\/obchod\/"},{"@type":"ListItem","position":3,"name":"Rohov\u00e1 seda\u010dka Cozy Velvet II 260cm zelen\u00e1 zamat \u00bb"}]},{"@type":"WebSite","@id":"https:\/\/www.ikuchyne.sk\/eshop\/#website","url":"https:\/\/www.ikuchyne.sk\/eshop\/","name":"iKuchyne iSHOP s n\u00e1bytkom","description":"Jed\u00e1lensk\u00e9 stoly, stoli\u010dky, n\u00e1bytok, svietidl\u00e1...","publisher":{"@id":"https:\/\/www.ikuchyne.sk\/eshop\/#organization"},"potentialAction":[{"@type":"SearchAction","target":{"@type":"EntryPoint","urlTemplate":"https:\/\/www.ikuchyne.sk\/eshop\/?s={search_term_string}"},"query-input":"required name=search_term_string"}],"inLanguage":"sk-SK"},{"@type":"Organization","@id":"https:\/\/www.ikuchyne.sk\/eshop\/#organization","name":"ikuchyne!","url":"https:\/\/www.ikuchyne.sk\/eshop\/","logo":{"@type":"ImageObject","inLanguage":"sk-SK","@id":"https:\/\/www.ikuchyne.sk\/eshop\/#\/schema\/logo\/image\/","url":"https:\/\/www.ikuchyne.sk\/eshop\/wp-content\/uploads\/2017\/04\/ikuchyne-logo.jpg","contentUrl":"https:\/\/www.ikuchyne.sk\/eshop\/wp-content\/uploads\/2017\/04\/ikuchyne-logo.jpg","width":200,"height":48,"caption":"ikuchyne!"},"image":{"@id":"https:\/\/www.ikuchyne.sk\/eshop\/#\/schema\/logo\/image\/"},"sameAs":["https:\/\/www.facebook.com\/ikuchyne\/","https:\/\/www.instagram.com\/ikuchyne.sk\/","https:\/\/sk.pinterest.com\/ikuchynesk\/"]}]}},"_links":{"self":[{"href":"https:\/\/www.ikuchyne.sk\/eshop\/wp-json\/wp\/v2\/product\/130060"}],"collection":[{"href":"https:\/\/www.ikuchyne.sk\/eshop\/wp-json\/wp\/v2\/product"}],"about":[{"href":"https:\/\/www.ikuchyne.sk\/eshop\/wp-json\/wp\/v2\/types\/product"}],"replies":[{"embeddable":true,"href":"https:\/\/www.ikuchyne.sk\/eshop\/wp-json\/wp\/v2\/comments?post=130060"}],"wp:featuredmedia":[{"embeddable":true,"href":"https:\/\/www.ikuchyne.sk\/eshop\/wp-json\/wp\/v2\/media\/130504"}],"wp:attachment":[{"href":"https:\/\/www.ikuchyne.sk\/eshop\/wp-json\/wp\/v2\/media?parent=130060"}],"wp:term":[{"taxonomy":"product_cat","embeddable":true,"href":"https:\/\/www.ikuchyne.sk\/eshop\/wp-json\/wp\/v2\/product_cat?post=130060"},{"taxonomy":"product_tag","embeddable":true,"href":"https:\/\/www.ikuchyne.sk\/eshop\/wp-json\/wp\/v2\/product_tag?post=130060"}],"curies":[{"name":"wp","href":"https:\/\/api.w.org\/{rel}","templated":true}]}}