{"id":130294,"date":"2020-06-24T12:58:57","date_gmt":"2020-06-24T10:58:57","guid":{"rendered":"https:\/\/www.ikuchyne.sk\/eshop\/?post_type=product&#038;p=130294"},"modified":"2021-06-01T06:11:25","modified_gmt":"2021-06-01T04:11:25","slug":"zlta-barova-stolicka-loft-100-cm-s-podrucou","status":"publish","type":"product","link":"https:\/\/www.ikuchyne.sk\/eshop\/produkt\/zlta-barova-stolicka-loft-100-cm-s-podrucou\/","title":{"rendered":"\u017dlt\u00e1 barov\u00e1 stoli\u010dka Loft 100cm s podru\u010dou \u00bb"},"content":{"rendered":"<h1>\u017dlt\u00e1 barov\u00e1 stoli\u010dka Loft 100cm s podru\u010dou \u00bb<\/h1>\n<h4><strong>V\u0161eobecn\u00fd popis:<\/strong><\/h4>\n<p>Elegantn\u00e1 \u017elt\u00e1 barov\u00e1 stoli\u010dka Loft 100cm s podru\u010dou s kvalitn\u00fdm zamatov\u00fdm po\u0165ahom na celej sedacej \u010dasti stoli\u010dky. Vysok\u00fd komfort v\u010faka podr\u00fa\u010dkam a opierke n\u00f4h. Hrub\u00e9 \u010dal\u00fanenie zaru\u010duje pohodln\u00e9 sedenie. Dodajte svojmu baru v dom\u00e1cnosti nov\u00fd elegantn\u00fd vzh\u013ead!<\/p>\n<p>Nov\u00fd p\u00fata\u010d o\u010d\u00ed pre v\u00e1\u0161 dom\u00e1ci bar. Nad\u010dasov\u00fd dizajn stoli\u010dky LOFT mo\u017eno \u013eahko integrova\u0165 do ka\u017ed\u00e9ho prostredia. Dizajnov\u00fd retro vzh\u013ead stoli\u010dky dotv\u00e1ra ozdobn\u00e9 pre\u0161\u00edvanie, ktor\u00e9 sa tiahne pozd\u013a\u017e pohodlne polstrovan\u00e9ho operadla. Aby zostala pohodln\u00e1 aj po\u010das dlh\u00fdch koktailov\u00fdch ve\u010derov, barov\u00e1 stoli\u010dka m\u00e1 tie\u017e dve podr\u00fa\u010dky a podno\u017eku.<\/p>\n<p>Barov\u00e1 stoli\u010dka sa d\u00e1 kombinova\u0165 r\u00f4znymi sp\u00f4sobmi. \u010cierne, ku\u017ee\u013eovit\u00e9 nohy dod\u00e1vaj\u00fa barovej stoli\u010dke n\u00e1dych retro pocitu. Kr\u00e1sny retro vzh\u013ead vynikne pri ka\u017edom barovom stole alebo kuchynskej linke. V\u010faka mo\u017enostiam kombin\u00e1cie so stolmi a in\u00fdm n\u00e1bytkom sa m\u00f4\u017eete rozhodn\u00fa\u0165 pod\u013ea v\u00e1\u0161ho vkusu. N\u00e1\u0161 tip: barov\u00fd st\u00f4l alebo stojan na v\u00edno s \u010diernymi no\u017ei\u010dkami sa dokonale hod\u00ed k dizajnu barovej stoli\u010dky!<\/p>\n<h4><strong>Detaily produktu:<\/strong><\/h4>\n<p>Zamat je ve\u013emi \u0161peci\u00e1lna po\u0165ahov\u00e1 l\u00e1tka s jedine\u010dn\u00fdmi vlastnos\u0165ami. Jas a intenzita farby sa m\u00f4\u017eu l\u00ed\u0161i\u0165 a na l\u00e1tke je mo\u017en\u00e9 vytv\u00e1ra\u0165 jedine\u010dn\u00e9 vzory &#8211; pod\u013ea toho, v akom smere s\u00fa jemn\u00e9 vl\u00e1kna ma\u013eovan\u00e9 a ako je l\u00e1tka osvetlen\u00e1. V\u00fdsledkom je individu\u00e1lna kompoz\u00edcia farebn\u00fdch odtie\u0148ov a povrchov\u00fdch \u0161trukt\u00far, ktor\u00e9 v\u017edy transformuj\u00fa v\u00e1\u0161 n\u00e1bytok na vzh\u013eadovo zauj\u00edmav\u00fd kus n\u00e1bytku. Ozdobn\u00e9 pre\u0161\u00edvanie zdob\u00ed cel\u00fa sedaciu \u010das\u0165 stoli\u010dky. Trendy retro vzh\u013ead v\u010faka \u010diernym noh\u00e1m. \u010cierne kovov\u00e9 nohy vytv\u00e1raj\u00fa ve\u013ek\u00fd kontrast s po\u0165ahom. S pohodln\u00fdmi podr\u00fa\u010dkami a pohodlnou opierkou na nohy. Max. nosnos\u0165: cca 120 kg. Vhodn\u00e9 bytov\u00e9 doplnky pre kombinovanie interi\u00e9ru s touto jed\u00e1lenskou stoli\u010dkou n\u00e1jdete na na\u0161om e-shope v sekcii Bytov\u00e9 doplnky. Kontaktujte n\u00e1s a my v\u00e1m radi pom\u00f4\u017eeme s v\u00fdberom vhodn\u00fdch dekor\u00e1ci\u00ed do va\u0161ej dom\u00e1cnosti v akomko\u013evek \u0161t\u00fdle.<\/p>\n<p><strong>\u010eal\u0161ie inform\u00e1cie:<br \/>\n<\/strong>Povrchov\u00fd materi\u00e1l barovej stoli\u010dky Loft si nevy\u017eaduje \u0161peci\u00e1lnu \u00fadr\u017ebu. Sta\u010d\u00ed si jemne namo\u010di\u0165 handri\u010dku a pretrie\u0165 za\u0161pinen\u00e9 miesto. Pou\u017ei\u0165 m\u00f4\u017eete aj so\u013e &#8211; bu\u010fte v\u0161ak pri \u010disten\u00ed opatrn\u00ed a nepou\u017e\u00edvajte \u017eiadne invaz\u00edvne prostriedky.<\/p>\n<p><strong>Rozmery:<\/strong><br \/>\n57 cm x 100 cm x 53 cm (\u0161xvxh)<br \/>\n<strong>Sedadlo:<\/strong> 39 cm x 76 cm x 36 cm (\u0161xvxh)<br \/>\n<strong>V\u00fd\u0161ka operadla:<\/strong> 30 cm<br \/>\n<strong>V\u00fd\u0161ka lak\u0165ovej opierky:<\/strong> 17 cm<br \/>\n<strong>Farba:<\/strong> \u017elt\u00e1<br \/>\n<strong>Materi\u00e1l:<\/strong> zamat<br \/>\n<strong>Zlo\u017eenie materi\u00e1lu po\u0165ahovej l\u00e1tky:<\/strong> 100% polyester<\/p>\n<p>Dodato\u010dn\u00e9 inform\u00e1cie:<\/p>\n<p>V pr\u00edpade z\u00e1ujmu o in\u00e9 stoli\u010dky &#8211; jed\u00e1lensk\u00e9, barov\u00e9, kancel\u00e1rske, nav\u0161t\u00edvte sekciu stoli\u010dky na <a href=\"https:\/\/www.ikuchyne.sk\/eshop\/kategoria\/stolicky\/\">www.ikuchyne.sk\/eshop<\/a><br \/>\nV pr\u00edpade z\u00e1ujmu o n\u00e1bytok na mieru n\u00e1s kontaktuje na <a href=\"http:\/\/www.ikuchyne.sk\">www.ikuchyne.sk<\/a><\/p>\n","protected":false},"excerpt":{"rendered":"<p>\u017dlt\u00e1 barov\u00e1 stoli\u010dka Loft 100cm s podru\u010dou \u00bb V\u0161eobecn\u00fd popis: Elegantn\u00e1 \u017elt\u00e1 barov\u00e1 stoli\u010dka Loft 100cm s podru\u010dou s kvalitn\u00fdm zamatov\u00fdm po\u0165ahom na celej sedacej \u010dasti stoli\u010dky. Vysok\u00fd komfort v\u010faka<\/p>\n","protected":false},"featured_media":132160,"comment_status":"closed","ping_status":"closed","template":"","meta":[],"product_cat":[772,288,311],"product_tag":[1115],"yoast_head":"<!-- This site is optimized with the Yoast SEO plugin v22.1 - https:\/\/yoast.com\/wordpress\/plugins\/seo\/ -->\n<title>\u017dlt\u00e1 barov\u00e1 stoli\u010dka Loft 100cm &#187; iKuchyne iSHOP s n\u00e1bytkom<\/title>\n<meta name=\"description\" content=\"\u017dlt\u00e1 barov\u00e1 stoli\u010dka Loft 100cm s podru\u010dou \u00bb - r\u00fdchle dodanie, poradenstvo, n\u00e1bytok skladom v Bratislave s ikuchyne.sk - kuchyne na mieru.\" \/>\n<meta name=\"robots\" content=\"index, follow, max-snippet:-1, max-image-preview:large, max-video-preview:-1\" \/>\n<link rel=\"canonical\" href=\"https:\/\/www.ikuchyne.sk\/eshop\/produkt\/zlta-barova-stolicka-loft-100-cm-s-podrucou\/\" \/>\n<meta property=\"og:locale\" content=\"sk_SK\" \/>\n<meta property=\"og:type\" content=\"article\" \/>\n<meta property=\"og:title\" content=\"\u017dlt\u00e1 barov\u00e1 stoli\u010dka Loft 100cm &#187; iKuchyne iSHOP s n\u00e1bytkom\" \/>\n<meta property=\"og:description\" content=\"\u017dlt\u00e1 barov\u00e1 stoli\u010dka Loft 100cm s podru\u010dou \u00bb - r\u00fdchle dodanie, poradenstvo, n\u00e1bytok skladom v Bratislave s ikuchyne.sk - kuchyne na mieru.\" \/>\n<meta property=\"og:url\" content=\"https:\/\/www.ikuchyne.sk\/eshop\/produkt\/zlta-barova-stolicka-loft-100-cm-s-podrucou\/\" \/>\n<meta property=\"og:site_name\" content=\"iKuchyne iSHOP s n\u00e1bytkom\" \/>\n<meta property=\"article:publisher\" content=\"https:\/\/www.facebook.com\/ikuchyne\/\" \/>\n<meta property=\"article:modified_time\" content=\"2021-06-01T04:11:25+00:00\" \/>\n<meta property=\"og:image\" content=\"https:\/\/www.ikuchyne.sk\/eshop\/wp-content\/uploads\/2020\/06\/media_images_org_file0035339.jpg\" \/>\n\t<meta property=\"og:image:width\" content=\"2000\" \/>\n\t<meta property=\"og:image:height\" content=\"1334\" \/>\n\t<meta property=\"og:image:type\" content=\"image\/jpeg\" \/>\n<meta name=\"twitter:card\" content=\"summary_large_image\" \/>\n<meta name=\"twitter:label1\" content=\"Predpokladan\u00fd \u010das \u010d\u00edtania\" \/>\n\t<meta name=\"twitter:data1\" content=\"2 min\u00faty\" \/>\n<script type=\"application\/ld+json\" class=\"yoast-schema-graph\">{\"@context\":\"https:\/\/schema.org\",\"@graph\":[{\"@type\":\"WebPage\",\"@id\":\"https:\/\/www.ikuchyne.sk\/eshop\/produkt\/zlta-barova-stolicka-loft-100-cm-s-podrucou\/\",\"url\":\"https:\/\/www.ikuchyne.sk\/eshop\/produkt\/zlta-barova-stolicka-loft-100-cm-s-podrucou\/\",\"name\":\"\u017dlt\u00e1 barov\u00e1 stoli\u010dka Loft 100cm &#187; iKuchyne iSHOP s n\u00e1bytkom\",\"isPartOf\":{\"@id\":\"https:\/\/www.ikuchyne.sk\/eshop\/#website\"},\"datePublished\":\"2020-06-24T10:58:57+00:00\",\"dateModified\":\"2021-06-01T04:11:25+00:00\",\"description\":\"\u017dlt\u00e1 barov\u00e1 stoli\u010dka Loft 100cm s podru\u010dou \u00bb - r\u00fdchle dodanie, poradenstvo, n\u00e1bytok skladom v Bratislave s ikuchyne.sk - kuchyne na mieru.\",\"breadcrumb\":{\"@id\":\"https:\/\/www.ikuchyne.sk\/eshop\/produkt\/zlta-barova-stolicka-loft-100-cm-s-podrucou\/#breadcrumb\"},\"inLanguage\":\"sk-SK\",\"potentialAction\":[{\"@type\":\"ReadAction\",\"target\":[\"https:\/\/www.ikuchyne.sk\/eshop\/produkt\/zlta-barova-stolicka-loft-100-cm-s-podrucou\/\"]}]},{\"@type\":\"BreadcrumbList\",\"@id\":\"https:\/\/www.ikuchyne.sk\/eshop\/produkt\/zlta-barova-stolicka-loft-100-cm-s-podrucou\/#breadcrumb\",\"itemListElement\":[{\"@type\":\"ListItem\",\"position\":1,\"name\":\"Home\",\"item\":\"https:\/\/www.ikuchyne.sk\/eshop\/\"},{\"@type\":\"ListItem\",\"position\":2,\"name\":\"Obchod\",\"item\":\"https:\/\/www.ikuchyne.sk\/eshop\/obchod\/\"},{\"@type\":\"ListItem\",\"position\":3,\"name\":\"\u017dlt\u00e1 barov\u00e1 stoli\u010dka Loft 100cm s podru\u010dou \u00bb\"}]},{\"@type\":\"WebSite\",\"@id\":\"https:\/\/www.ikuchyne.sk\/eshop\/#website\",\"url\":\"https:\/\/www.ikuchyne.sk\/eshop\/\",\"name\":\"iKuchyne iSHOP s n\u00e1bytkom\",\"description\":\"Jed\u00e1lensk\u00e9 stoly, stoli\u010dky, n\u00e1bytok, svietidl\u00e1...\",\"publisher\":{\"@id\":\"https:\/\/www.ikuchyne.sk\/eshop\/#organization\"},\"potentialAction\":[{\"@type\":\"SearchAction\",\"target\":{\"@type\":\"EntryPoint\",\"urlTemplate\":\"https:\/\/www.ikuchyne.sk\/eshop\/?s={search_term_string}\"},\"query-input\":\"required name=search_term_string\"}],\"inLanguage\":\"sk-SK\"},{\"@type\":\"Organization\",\"@id\":\"https:\/\/www.ikuchyne.sk\/eshop\/#organization\",\"name\":\"ikuchyne!\",\"url\":\"https:\/\/www.ikuchyne.sk\/eshop\/\",\"logo\":{\"@type\":\"ImageObject\",\"inLanguage\":\"sk-SK\",\"@id\":\"https:\/\/www.ikuchyne.sk\/eshop\/#\/schema\/logo\/image\/\",\"url\":\"https:\/\/www.ikuchyne.sk\/eshop\/wp-content\/uploads\/2017\/04\/ikuchyne-logo.jpg\",\"contentUrl\":\"https:\/\/www.ikuchyne.sk\/eshop\/wp-content\/uploads\/2017\/04\/ikuchyne-logo.jpg\",\"width\":200,\"height\":48,\"caption\":\"ikuchyne!\"},\"image\":{\"@id\":\"https:\/\/www.ikuchyne.sk\/eshop\/#\/schema\/logo\/image\/\"},\"sameAs\":[\"https:\/\/www.facebook.com\/ikuchyne\/\",\"https:\/\/www.instagram.com\/ikuchyne.sk\/\",\"https:\/\/sk.pinterest.com\/ikuchynesk\/\"]}]}<\/script>\n<!-- \/ Yoast SEO plugin. -->","yoast_head_json":{"title":"\u017dlt\u00e1 barov\u00e1 stoli\u010dka Loft 100cm &#187; iKuchyne iSHOP s n\u00e1bytkom","description":"\u017dlt\u00e1 barov\u00e1 stoli\u010dka Loft 100cm s podru\u010dou \u00bb - r\u00fdchle dodanie, poradenstvo, n\u00e1bytok skladom v Bratislave s ikuchyne.sk - kuchyne na mieru.","robots":{"index":"index","follow":"follow","max-snippet":"max-snippet:-1","max-image-preview":"max-image-preview:large","max-video-preview":"max-video-preview:-1"},"canonical":"https:\/\/www.ikuchyne.sk\/eshop\/produkt\/zlta-barova-stolicka-loft-100-cm-s-podrucou\/","og_locale":"sk_SK","og_type":"article","og_title":"\u017dlt\u00e1 barov\u00e1 stoli\u010dka Loft 100cm &#187; iKuchyne iSHOP s n\u00e1bytkom","og_description":"\u017dlt\u00e1 barov\u00e1 stoli\u010dka Loft 100cm s podru\u010dou \u00bb - r\u00fdchle dodanie, poradenstvo, n\u00e1bytok skladom v Bratislave s ikuchyne.sk - kuchyne na mieru.","og_url":"https:\/\/www.ikuchyne.sk\/eshop\/produkt\/zlta-barova-stolicka-loft-100-cm-s-podrucou\/","og_site_name":"iKuchyne iSHOP s n\u00e1bytkom","article_publisher":"https:\/\/www.facebook.com\/ikuchyne\/","article_modified_time":"2021-06-01T04:11:25+00:00","og_image":[{"width":2000,"height":1334,"url":"https:\/\/www.ikuchyne.sk\/eshop\/wp-content\/uploads\/2020\/06\/media_images_org_file0035339.jpg","type":"image\/jpeg"}],"twitter_card":"summary_large_image","twitter_misc":{"Predpokladan\u00fd \u010das \u010d\u00edtania":"2 min\u00faty"},"schema":{"@context":"https:\/\/schema.org","@graph":[{"@type":"WebPage","@id":"https:\/\/www.ikuchyne.sk\/eshop\/produkt\/zlta-barova-stolicka-loft-100-cm-s-podrucou\/","url":"https:\/\/www.ikuchyne.sk\/eshop\/produkt\/zlta-barova-stolicka-loft-100-cm-s-podrucou\/","name":"\u017dlt\u00e1 barov\u00e1 stoli\u010dka Loft 100cm &#187; iKuchyne iSHOP s n\u00e1bytkom","isPartOf":{"@id":"https:\/\/www.ikuchyne.sk\/eshop\/#website"},"datePublished":"2020-06-24T10:58:57+00:00","dateModified":"2021-06-01T04:11:25+00:00","description":"\u017dlt\u00e1 barov\u00e1 stoli\u010dka Loft 100cm s podru\u010dou \u00bb - r\u00fdchle dodanie, poradenstvo, n\u00e1bytok skladom v Bratislave s ikuchyne.sk - kuchyne na mieru.","breadcrumb":{"@id":"https:\/\/www.ikuchyne.sk\/eshop\/produkt\/zlta-barova-stolicka-loft-100-cm-s-podrucou\/#breadcrumb"},"inLanguage":"sk-SK","potentialAction":[{"@type":"ReadAction","target":["https:\/\/www.ikuchyne.sk\/eshop\/produkt\/zlta-barova-stolicka-loft-100-cm-s-podrucou\/"]}]},{"@type":"BreadcrumbList","@id":"https:\/\/www.ikuchyne.sk\/eshop\/produkt\/zlta-barova-stolicka-loft-100-cm-s-podrucou\/#breadcrumb","itemListElement":[{"@type":"ListItem","position":1,"name":"Home","item":"https:\/\/www.ikuchyne.sk\/eshop\/"},{"@type":"ListItem","position":2,"name":"Obchod","item":"https:\/\/www.ikuchyne.sk\/eshop\/obchod\/"},{"@type":"ListItem","position":3,"name":"\u017dlt\u00e1 barov\u00e1 stoli\u010dka Loft 100cm s podru\u010dou \u00bb"}]},{"@type":"WebSite","@id":"https:\/\/www.ikuchyne.sk\/eshop\/#website","url":"https:\/\/www.ikuchyne.sk\/eshop\/","name":"iKuchyne iSHOP s n\u00e1bytkom","description":"Jed\u00e1lensk\u00e9 stoly, stoli\u010dky, n\u00e1bytok, svietidl\u00e1...","publisher":{"@id":"https:\/\/www.ikuchyne.sk\/eshop\/#organization"},"potentialAction":[{"@type":"SearchAction","target":{"@type":"EntryPoint","urlTemplate":"https:\/\/www.ikuchyne.sk\/eshop\/?s={search_term_string}"},"query-input":"required name=search_term_string"}],"inLanguage":"sk-SK"},{"@type":"Organization","@id":"https:\/\/www.ikuchyne.sk\/eshop\/#organization","name":"ikuchyne!","url":"https:\/\/www.ikuchyne.sk\/eshop\/","logo":{"@type":"ImageObject","inLanguage":"sk-SK","@id":"https:\/\/www.ikuchyne.sk\/eshop\/#\/schema\/logo\/image\/","url":"https:\/\/www.ikuchyne.sk\/eshop\/wp-content\/uploads\/2017\/04\/ikuchyne-logo.jpg","contentUrl":"https:\/\/www.ikuchyne.sk\/eshop\/wp-content\/uploads\/2017\/04\/ikuchyne-logo.jpg","width":200,"height":48,"caption":"ikuchyne!"},"image":{"@id":"https:\/\/www.ikuchyne.sk\/eshop\/#\/schema\/logo\/image\/"},"sameAs":["https:\/\/www.facebook.com\/ikuchyne\/","https:\/\/www.instagram.com\/ikuchyne.sk\/","https:\/\/sk.pinterest.com\/ikuchynesk\/"]}]}},"_links":{"self":[{"href":"https:\/\/www.ikuchyne.sk\/eshop\/wp-json\/wp\/v2\/product\/130294"}],"collection":[{"href":"https:\/\/www.ikuchyne.sk\/eshop\/wp-json\/wp\/v2\/product"}],"about":[{"href":"https:\/\/www.ikuchyne.sk\/eshop\/wp-json\/wp\/v2\/types\/product"}],"replies":[{"embeddable":true,"href":"https:\/\/www.ikuchyne.sk\/eshop\/wp-json\/wp\/v2\/comments?post=130294"}],"wp:featuredmedia":[{"embeddable":true,"href":"https:\/\/www.ikuchyne.sk\/eshop\/wp-json\/wp\/v2\/media\/132160"}],"wp:attachment":[{"href":"https:\/\/www.ikuchyne.sk\/eshop\/wp-json\/wp\/v2\/media?parent=130294"}],"wp:term":[{"taxonomy":"product_cat","embeddable":true,"href":"https:\/\/www.ikuchyne.sk\/eshop\/wp-json\/wp\/v2\/product_cat?post=130294"},{"taxonomy":"product_tag","embeddable":true,"href":"https:\/\/www.ikuchyne.sk\/eshop\/wp-json\/wp\/v2\/product_tag?post=130294"}],"curies":[{"name":"wp","href":"https:\/\/api.w.org\/{rel}","templated":true}]}}