{"id":130304,"date":"2020-06-24T14:17:24","date_gmt":"2020-06-24T12:17:24","guid":{"rendered":"https:\/\/www.ikuchyne.sk\/eshop\/?post_type=product&#038;p=130304"},"modified":"2024-03-09T15:41:11","modified_gmt":"2024-03-09T14:41:11","slug":"rozkladacia-pohovka-maison-belle-ii-220cm-hneda","status":"publish","type":"product","link":"https:\/\/www.ikuchyne.sk\/eshop\/produkt\/rozkladacia-pohovka-maison-belle-ii-220cm-hneda\/","title":{"rendered":"Hned\u00e1 rozkladacia pohovka Maison Belle II 220cm \u00bb"},"content":{"rendered":"<h1>Hned\u00e1 rozkladacia pohovka Maison Belle II 220cm \u00bb<\/h1>\n<p><strong>V\u0161eobecn\u00fd opis seda\u010dky:<\/strong> Pre mimoriadne \u0161t\u00fdlov\u00fd interi\u00e9r je tu mimoriadne \u0161t\u00fdlov\u00e1 pohovka Maison Belle v \u0161t\u00fdle Chesterfield. Vysokokvalitn\u00e9 mikrovl\u00e1kno v hnedej farbe a mas\u00edvne dreven\u00e9 nohy seda\u010dky so sebou prin\u00e1\u0161aj\u00fa k\u00fasok anglickej elegancie. Pohovka v\u0161ak nie je len dizajnovo pr\u00edta\u017eliv\u00e1, ale aj skuto\u010dne funk\u010dn\u00e1.\u00a0Po nieko\u013ek\u00fdch jednoduch\u00fdch krokoch sa d\u00e1 pohovka zmeni\u0165 na pohodln\u00fa poste\u013e pre host\u00ed. Operadlo sa d\u00e1 jednoducho sklopi\u0165 a vr\u00e1ti\u0165 na miesto. Operadlo sedadla je v\u0161ak tie\u017e dokonale nastavite\u013en\u00e9 pre pohodlie pri seden\u00ed: m\u00f4\u017eete si vybra\u0165 medzi tromi \u00farov\u0148ami sklonu a v\u010faka vysokej kvalite po\u0165ahu si u\u017eijete nov\u00fa pohovku po\u010das ve\u013emi dlh\u00e9ho obdobia.<\/p>\n<p><b>Rozmery:<\/b><br \/>\n\u0160\u00edrka: 220 cm<br \/>\nV\u00fd\u0161ka: 88 cm<br \/>\nH\u013abka: 95cm<\/p>\n<p><strong>Sedenie:<\/strong><br \/>\n186cm x 44cm x 60cm<\/p>\n<p><strong>Le\u017eovisko:<\/strong> 186cm x 120cm<br \/>\n<strong>V\u00fd\u0161ka opierky:<\/strong> 47cm<br \/>\n<strong>V\u00fd\u0161ka lak\u0165ovej opierky:<\/strong> 63cm<\/p>\n<p><b>Farba:<\/b> hned\u00e1 vintage<br \/>\n<b>Materi\u00e1l:<\/b> mikrovl\u00e1kno<\/p>\n<p>&nbsp;<\/p>\n","protected":false},"excerpt":{"rendered":"<p>Hned\u00e1 rozkladacia pohovka Maison Belle II 220cm \u00bb V\u0161eobecn\u00fd opis seda\u010dky: Pre mimoriadne \u0161t\u00fdlov\u00fd interi\u00e9r je tu mimoriadne \u0161t\u00fdlov\u00e1 pohovka Maison Belle v \u0161t\u00fdle Chesterfield. Vysokokvalitn\u00e9 mikrovl\u00e1kno v hnedej farbe<\/p>\n","protected":false},"featured_media":130305,"comment_status":"closed","ping_status":"closed","template":"","meta":[],"product_cat":[772,603,600],"product_tag":[2856,192],"yoast_head":"<!-- This site is optimized with the Yoast SEO plugin v22.1 - https:\/\/yoast.com\/wordpress\/plugins\/seo\/ -->\n<title>Hned\u00e1 rozkladacia pohovka Maison Belle II 220cm \u00bb &#187; iKuchyne iSHOP s n\u00e1bytkom<\/title>\n<meta name=\"description\" content=\"K\u00fapte si u n\u00e1s Hned\u00e1 rozkladacia pohovka Maison Belle II 220cm \u00bb za akciov\u00fa cenu. R\u00fdchle dodanie tovaru, odborn\u00e9 poradenstvo a stovky produktov skladom. Hned\u00e1 rozkladacia pohovka Maison Belle II 220cm \u00bb sa stane dominantou V\u00e1\u0161ho interi\u00e9ru. Internetov\u00fd obchod ikuchyne! pon\u00faka odber Hned\u00e1 rozkladacia pohovka Maison Belle II 220cm \u00bb u\u017e od 1 kusu.\" \/>\n<meta name=\"robots\" content=\"index, follow, max-snippet:-1, max-image-preview:large, max-video-preview:-1\" \/>\n<link rel=\"canonical\" href=\"https:\/\/www.ikuchyne.sk\/eshop\/produkt\/rozkladacia-pohovka-maison-belle-ii-220cm-hneda\/\" \/>\n<meta property=\"og:locale\" content=\"sk_SK\" \/>\n<meta property=\"og:type\" content=\"article\" \/>\n<meta property=\"og:title\" content=\"Hned\u00e1 rozkladacia pohovka Maison Belle II 220cm \u00bb &#187; iKuchyne iSHOP s n\u00e1bytkom\" \/>\n<meta property=\"og:description\" content=\"K\u00fapte si u n\u00e1s Hned\u00e1 rozkladacia pohovka Maison Belle II 220cm \u00bb za akciov\u00fa cenu. R\u00fdchle dodanie tovaru, odborn\u00e9 poradenstvo a stovky produktov skladom. Hned\u00e1 rozkladacia pohovka Maison Belle II 220cm \u00bb sa stane dominantou V\u00e1\u0161ho interi\u00e9ru. Internetov\u00fd obchod ikuchyne! pon\u00faka odber Hned\u00e1 rozkladacia pohovka Maison Belle II 220cm \u00bb u\u017e od 1 kusu.\" \/>\n<meta property=\"og:url\" content=\"https:\/\/www.ikuchyne.sk\/eshop\/produkt\/rozkladacia-pohovka-maison-belle-ii-220cm-hneda\/\" \/>\n<meta property=\"og:site_name\" content=\"iKuchyne iSHOP s n\u00e1bytkom\" \/>\n<meta property=\"article:publisher\" content=\"https:\/\/www.facebook.com\/ikuchyne\/\" \/>\n<meta property=\"article:modified_time\" content=\"2024-03-09T14:41:11+00:00\" \/>\n<meta property=\"og:image\" content=\"https:\/\/www.ikuchyne.sk\/eshop\/wp-content\/uploads\/2020\/06\/Rozkladacia-pohovka-Maison-Belle-II-220cm-antik-hned\u00e1-40082.jpg\" \/>\n\t<meta property=\"og:image:width\" content=\"800\" \/>\n\t<meta property=\"og:image:height\" content=\"533\" \/>\n\t<meta property=\"og:image:type\" content=\"image\/jpeg\" \/>\n<meta name=\"twitter:card\" content=\"summary_large_image\" \/>\n<meta name=\"twitter:label1\" content=\"Predpokladan\u00fd \u010das \u010d\u00edtania\" \/>\n\t<meta name=\"twitter:data1\" content=\"1 min\u00fata\" \/>\n<script type=\"application\/ld+json\" class=\"yoast-schema-graph\">{\"@context\":\"https:\/\/schema.org\",\"@graph\":[{\"@type\":\"WebPage\",\"@id\":\"https:\/\/www.ikuchyne.sk\/eshop\/produkt\/rozkladacia-pohovka-maison-belle-ii-220cm-hneda\/\",\"url\":\"https:\/\/www.ikuchyne.sk\/eshop\/produkt\/rozkladacia-pohovka-maison-belle-ii-220cm-hneda\/\",\"name\":\"Hned\u00e1 rozkladacia pohovka Maison Belle II 220cm \u00bb &#187; iKuchyne iSHOP s n\u00e1bytkom\",\"isPartOf\":{\"@id\":\"https:\/\/www.ikuchyne.sk\/eshop\/#website\"},\"datePublished\":\"2020-06-24T12:17:24+00:00\",\"dateModified\":\"2024-03-09T14:41:11+00:00\",\"description\":\"K\u00fapte si u n\u00e1s Hned\u00e1 rozkladacia pohovka Maison Belle II 220cm \u00bb za akciov\u00fa cenu. R\u00fdchle dodanie tovaru, odborn\u00e9 poradenstvo a stovky produktov skladom. Hned\u00e1 rozkladacia pohovka Maison Belle II 220cm \u00bb sa stane dominantou V\u00e1\u0161ho interi\u00e9ru. Internetov\u00fd obchod ikuchyne! pon\u00faka odber Hned\u00e1 rozkladacia pohovka Maison Belle II 220cm \u00bb u\u017e od 1 kusu.\",\"breadcrumb\":{\"@id\":\"https:\/\/www.ikuchyne.sk\/eshop\/produkt\/rozkladacia-pohovka-maison-belle-ii-220cm-hneda\/#breadcrumb\"},\"inLanguage\":\"sk-SK\",\"potentialAction\":[{\"@type\":\"ReadAction\",\"target\":[\"https:\/\/www.ikuchyne.sk\/eshop\/produkt\/rozkladacia-pohovka-maison-belle-ii-220cm-hneda\/\"]}]},{\"@type\":\"BreadcrumbList\",\"@id\":\"https:\/\/www.ikuchyne.sk\/eshop\/produkt\/rozkladacia-pohovka-maison-belle-ii-220cm-hneda\/#breadcrumb\",\"itemListElement\":[{\"@type\":\"ListItem\",\"position\":1,\"name\":\"Home\",\"item\":\"https:\/\/www.ikuchyne.sk\/eshop\/\"},{\"@type\":\"ListItem\",\"position\":2,\"name\":\"Obchod\",\"item\":\"https:\/\/www.ikuchyne.sk\/eshop\/obchod\/\"},{\"@type\":\"ListItem\",\"position\":3,\"name\":\"Hned\u00e1 rozkladacia pohovka Maison Belle II 220cm \u00bb\"}]},{\"@type\":\"WebSite\",\"@id\":\"https:\/\/www.ikuchyne.sk\/eshop\/#website\",\"url\":\"https:\/\/www.ikuchyne.sk\/eshop\/\",\"name\":\"iKuchyne iSHOP s n\u00e1bytkom\",\"description\":\"Jed\u00e1lensk\u00e9 stoly, stoli\u010dky, n\u00e1bytok, svietidl\u00e1...\",\"publisher\":{\"@id\":\"https:\/\/www.ikuchyne.sk\/eshop\/#organization\"},\"potentialAction\":[{\"@type\":\"SearchAction\",\"target\":{\"@type\":\"EntryPoint\",\"urlTemplate\":\"https:\/\/www.ikuchyne.sk\/eshop\/?s={search_term_string}\"},\"query-input\":\"required name=search_term_string\"}],\"inLanguage\":\"sk-SK\"},{\"@type\":\"Organization\",\"@id\":\"https:\/\/www.ikuchyne.sk\/eshop\/#organization\",\"name\":\"ikuchyne!\",\"url\":\"https:\/\/www.ikuchyne.sk\/eshop\/\",\"logo\":{\"@type\":\"ImageObject\",\"inLanguage\":\"sk-SK\",\"@id\":\"https:\/\/www.ikuchyne.sk\/eshop\/#\/schema\/logo\/image\/\",\"url\":\"https:\/\/www.ikuchyne.sk\/eshop\/wp-content\/uploads\/2017\/04\/ikuchyne-logo.jpg\",\"contentUrl\":\"https:\/\/www.ikuchyne.sk\/eshop\/wp-content\/uploads\/2017\/04\/ikuchyne-logo.jpg\",\"width\":200,\"height\":48,\"caption\":\"ikuchyne!\"},\"image\":{\"@id\":\"https:\/\/www.ikuchyne.sk\/eshop\/#\/schema\/logo\/image\/\"},\"sameAs\":[\"https:\/\/www.facebook.com\/ikuchyne\/\",\"https:\/\/www.instagram.com\/ikuchyne.sk\/\",\"https:\/\/sk.pinterest.com\/ikuchynesk\/\"]}]}<\/script>\n<!-- \/ Yoast SEO plugin. -->","yoast_head_json":{"title":"Hned\u00e1 rozkladacia pohovka Maison Belle II 220cm \u00bb &#187; iKuchyne iSHOP s n\u00e1bytkom","description":"K\u00fapte si u n\u00e1s Hned\u00e1 rozkladacia pohovka Maison Belle II 220cm \u00bb za akciov\u00fa cenu. R\u00fdchle dodanie tovaru, odborn\u00e9 poradenstvo a stovky produktov skladom. Hned\u00e1 rozkladacia pohovka Maison Belle II 220cm \u00bb sa stane dominantou V\u00e1\u0161ho interi\u00e9ru. Internetov\u00fd obchod ikuchyne! pon\u00faka odber Hned\u00e1 rozkladacia pohovka Maison Belle II 220cm \u00bb u\u017e od 1 kusu.","robots":{"index":"index","follow":"follow","max-snippet":"max-snippet:-1","max-image-preview":"max-image-preview:large","max-video-preview":"max-video-preview:-1"},"canonical":"https:\/\/www.ikuchyne.sk\/eshop\/produkt\/rozkladacia-pohovka-maison-belle-ii-220cm-hneda\/","og_locale":"sk_SK","og_type":"article","og_title":"Hned\u00e1 rozkladacia pohovka Maison Belle II 220cm \u00bb &#187; iKuchyne iSHOP s n\u00e1bytkom","og_description":"K\u00fapte si u n\u00e1s Hned\u00e1 rozkladacia pohovka Maison Belle II 220cm \u00bb za akciov\u00fa cenu. R\u00fdchle dodanie tovaru, odborn\u00e9 poradenstvo a stovky produktov skladom. Hned\u00e1 rozkladacia pohovka Maison Belle II 220cm \u00bb sa stane dominantou V\u00e1\u0161ho interi\u00e9ru. Internetov\u00fd obchod ikuchyne! pon\u00faka odber Hned\u00e1 rozkladacia pohovka Maison Belle II 220cm \u00bb u\u017e od 1 kusu.","og_url":"https:\/\/www.ikuchyne.sk\/eshop\/produkt\/rozkladacia-pohovka-maison-belle-ii-220cm-hneda\/","og_site_name":"iKuchyne iSHOP s n\u00e1bytkom","article_publisher":"https:\/\/www.facebook.com\/ikuchyne\/","article_modified_time":"2024-03-09T14:41:11+00:00","og_image":[{"width":800,"height":533,"url":"https:\/\/www.ikuchyne.sk\/eshop\/wp-content\/uploads\/2020\/06\/Rozkladacia-pohovka-Maison-Belle-II-220cm-antik-hned\u00e1-40082.jpg","type":"image\/jpeg"}],"twitter_card":"summary_large_image","twitter_misc":{"Predpokladan\u00fd \u010das \u010d\u00edtania":"1 min\u00fata"},"schema":{"@context":"https:\/\/schema.org","@graph":[{"@type":"WebPage","@id":"https:\/\/www.ikuchyne.sk\/eshop\/produkt\/rozkladacia-pohovka-maison-belle-ii-220cm-hneda\/","url":"https:\/\/www.ikuchyne.sk\/eshop\/produkt\/rozkladacia-pohovka-maison-belle-ii-220cm-hneda\/","name":"Hned\u00e1 rozkladacia pohovka Maison Belle II 220cm \u00bb &#187; iKuchyne iSHOP s n\u00e1bytkom","isPartOf":{"@id":"https:\/\/www.ikuchyne.sk\/eshop\/#website"},"datePublished":"2020-06-24T12:17:24+00:00","dateModified":"2024-03-09T14:41:11+00:00","description":"K\u00fapte si u n\u00e1s Hned\u00e1 rozkladacia pohovka Maison Belle II 220cm \u00bb za akciov\u00fa cenu. R\u00fdchle dodanie tovaru, odborn\u00e9 poradenstvo a stovky produktov skladom. Hned\u00e1 rozkladacia pohovka Maison Belle II 220cm \u00bb sa stane dominantou V\u00e1\u0161ho interi\u00e9ru. Internetov\u00fd obchod ikuchyne! pon\u00faka odber Hned\u00e1 rozkladacia pohovka Maison Belle II 220cm \u00bb u\u017e od 1 kusu.","breadcrumb":{"@id":"https:\/\/www.ikuchyne.sk\/eshop\/produkt\/rozkladacia-pohovka-maison-belle-ii-220cm-hneda\/#breadcrumb"},"inLanguage":"sk-SK","potentialAction":[{"@type":"ReadAction","target":["https:\/\/www.ikuchyne.sk\/eshop\/produkt\/rozkladacia-pohovka-maison-belle-ii-220cm-hneda\/"]}]},{"@type":"BreadcrumbList","@id":"https:\/\/www.ikuchyne.sk\/eshop\/produkt\/rozkladacia-pohovka-maison-belle-ii-220cm-hneda\/#breadcrumb","itemListElement":[{"@type":"ListItem","position":1,"name":"Home","item":"https:\/\/www.ikuchyne.sk\/eshop\/"},{"@type":"ListItem","position":2,"name":"Obchod","item":"https:\/\/www.ikuchyne.sk\/eshop\/obchod\/"},{"@type":"ListItem","position":3,"name":"Hned\u00e1 rozkladacia pohovka Maison Belle II 220cm \u00bb"}]},{"@type":"WebSite","@id":"https:\/\/www.ikuchyne.sk\/eshop\/#website","url":"https:\/\/www.ikuchyne.sk\/eshop\/","name":"iKuchyne iSHOP s n\u00e1bytkom","description":"Jed\u00e1lensk\u00e9 stoly, stoli\u010dky, n\u00e1bytok, svietidl\u00e1...","publisher":{"@id":"https:\/\/www.ikuchyne.sk\/eshop\/#organization"},"potentialAction":[{"@type":"SearchAction","target":{"@type":"EntryPoint","urlTemplate":"https:\/\/www.ikuchyne.sk\/eshop\/?s={search_term_string}"},"query-input":"required name=search_term_string"}],"inLanguage":"sk-SK"},{"@type":"Organization","@id":"https:\/\/www.ikuchyne.sk\/eshop\/#organization","name":"ikuchyne!","url":"https:\/\/www.ikuchyne.sk\/eshop\/","logo":{"@type":"ImageObject","inLanguage":"sk-SK","@id":"https:\/\/www.ikuchyne.sk\/eshop\/#\/schema\/logo\/image\/","url":"https:\/\/www.ikuchyne.sk\/eshop\/wp-content\/uploads\/2017\/04\/ikuchyne-logo.jpg","contentUrl":"https:\/\/www.ikuchyne.sk\/eshop\/wp-content\/uploads\/2017\/04\/ikuchyne-logo.jpg","width":200,"height":48,"caption":"ikuchyne!"},"image":{"@id":"https:\/\/www.ikuchyne.sk\/eshop\/#\/schema\/logo\/image\/"},"sameAs":["https:\/\/www.facebook.com\/ikuchyne\/","https:\/\/www.instagram.com\/ikuchyne.sk\/","https:\/\/sk.pinterest.com\/ikuchynesk\/"]}]}},"_links":{"self":[{"href":"https:\/\/www.ikuchyne.sk\/eshop\/wp-json\/wp\/v2\/product\/130304"}],"collection":[{"href":"https:\/\/www.ikuchyne.sk\/eshop\/wp-json\/wp\/v2\/product"}],"about":[{"href":"https:\/\/www.ikuchyne.sk\/eshop\/wp-json\/wp\/v2\/types\/product"}],"replies":[{"embeddable":true,"href":"https:\/\/www.ikuchyne.sk\/eshop\/wp-json\/wp\/v2\/comments?post=130304"}],"wp:featuredmedia":[{"embeddable":true,"href":"https:\/\/www.ikuchyne.sk\/eshop\/wp-json\/wp\/v2\/media\/130305"}],"wp:attachment":[{"href":"https:\/\/www.ikuchyne.sk\/eshop\/wp-json\/wp\/v2\/media?parent=130304"}],"wp:term":[{"taxonomy":"product_cat","embeddable":true,"href":"https:\/\/www.ikuchyne.sk\/eshop\/wp-json\/wp\/v2\/product_cat?post=130304"},{"taxonomy":"product_tag","embeddable":true,"href":"https:\/\/www.ikuchyne.sk\/eshop\/wp-json\/wp\/v2\/product_tag?post=130304"}],"curies":[{"name":"wp","href":"https:\/\/api.w.org\/{rel}","templated":true}]}}