{"id":130357,"date":"2020-06-25T17:14:12","date_gmt":"2020-06-25T15:14:12","guid":{"rendered":"https:\/\/www.ikuchyne.sk\/eshop\/?post_type=product&#038;p=130357"},"modified":"2021-05-27T06:52:45","modified_gmt":"2021-05-27T04:52:45","slug":"kancelarska-stolicka-turin-zlta-zamat-s-podrucou","status":"publish","type":"product","link":"https:\/\/www.ikuchyne.sk\/eshop\/produkt\/kancelarska-stolicka-turin-zlta-zamat-s-podrucou\/","title":{"rendered":"\u017dlt\u00e1 zamatov\u00e1 kancel\u00e1rska stoli\u010dka Turin s podru\u010dou \u00bb"},"content":{"rendered":"<h1>\u017dlt\u00e1 zamatov\u00e1 kancel\u00e1rska stoli\u010dka Turin s podru\u010dou \u00bb<\/h1>\n<h4><strong>V\u0161eobecn\u00fd popis:<\/strong><\/h4>\n<p>Elegantn\u00e1 kancel\u00e1rska \u017elt\u00e1 zamatov\u00e1 kancel\u00e1rska stoli\u010dka Turin s podru\u010dou s pohodln\u00fdm \u010dal\u00fanen\u00edm sedacej \u010dasti stoli\u010dky. Zamatov\u00fd po\u0165ah dod\u00e1va stoli\u010dke elegantn\u00fd \u0161mrnc. Stoli\u010dka je v\u00fd\u0161kovo nastavite\u013en\u00e1 a v\u010faka kolieskam flexibilne nastavite\u013en\u00e1. Dajte svojej kancel\u00e1rii nov\u00fd vzh\u013ead zameran\u00fd na \u0161t\u00fdlov\u00fd dizajn!<\/p>\n<p>Nov\u00fd p\u00fata\u010d o\u010d\u00ed vo va\u0161ej kancel\u00e1rii. Prajete si trochu dychu pre vybavenie svojej pracovne? S na\u0161imi stoli\u010dkami TURIN je to jednoduch\u00e9! Nad\u010dasov\u00fd dizajn stoli\u010dky a zdr\u017eanliv\u00e1 farebn\u00e1 kombin\u00e1cia \u017elt\u00e9ho zamatov\u00e9ho po\u0165ahu a \u010diernom r\u00e1me s kvalitn\u00fdmi kolieskami s hladk\u00fdm chodom mo\u017eno \u013eahko integrova\u0165 do ka\u017ed\u00e9ho prostredia. Vzh\u013ead dotv\u00e1ra ozdobn\u00e9 pre\u0161\u00edvanie, ktor\u00e9 sa tiahne pozd\u013a\u017e pohodlne polstrovan\u00e9ho operadla.<\/p>\n<p>Ako chcete skombinova\u0165 svoju nov\u00fa stoli\u010dku? \u010cierny r\u00e1m v kombin\u00e1cii so \u0161kvrnit\u00fdm po\u0165ahom dod\u00e1va stoli\u010dke n\u00e1dych priemyseln\u00e9ho dizajnu. V\u010faka mo\u017enostiam kombin\u00e1cie so stolmi a in\u00fdm n\u00e1bytkom sa m\u00f4\u017eete rozhodn\u00fa\u0165 pod\u013ea v\u00e1\u0161ho vkusu. N\u00e1\u0161 tip: p\u00edsac\u00ed st\u00f4l s \u010diernymi no\u017ei\u010dkami sa dokonale zhoduje s dizajnom v\u00fd\u0161kovo nastavite\u013enej stoli\u010dky!<\/p>\n<h4><strong>Detaily produktu:<\/strong><\/h4>\n<p>Zamat je ve\u013emi \u0161peci\u00e1lna po\u0165ahov\u00e1 l\u00e1tka s jedine\u010dn\u00fdmi vlastnos\u0165ami. Jas a intenzita farby sa m\u00f4\u017eu l\u00ed\u0161i\u0165 a na l\u00e1tke je mo\u017en\u00e9 vytv\u00e1ra\u0165 jedine\u010dn\u00e9 vzory &#8211; pod\u013ea toho, v akom smere s\u00fa jemn\u00e9 vl\u00e1kna ma\u013eovan\u00e9 a ako je l\u00e1tka osvetlen\u00e1. V\u00fdsledkom je individu\u00e1lna kompoz\u00edcia farebn\u00fdch odtie\u0148ov a povrchov\u00fdch \u0161trukt\u00far, ktor\u00e9 v\u017edy transformuj\u00fa v\u00e1\u0161 n\u00e1bytok. Stoli\u010dku je mo\u017en\u00e9 \u00fa\u017easne v\u0161estranne kombinova\u0165 s in\u00fdm n\u00e1bytkom. Vhodn\u00e9 bytov\u00e9 doplnky pre kombinovanie interi\u00e9ru s touto jed\u00e1lenskou stoli\u010dkou n\u00e1jdete na na\u0161om e-shope v sekcii Bytov\u00e9 doplnky. Kontaktujte n\u00e1s a my v\u00e1m radi pom\u00f4\u017eeme s v\u00fdberom vhodn\u00fdch dekor\u00e1ci\u00ed do va\u0161ej dom\u00e1cnosti v akomko\u013evek \u0161t\u00fdle.<\/p>\n<p><strong>Podno\u017e stoli\u010dky:<br \/>\n<\/strong>Podno\u017e tejto kancel\u00e1rskej stoli\u010dky je v tvare hviezdy, na kolieskach, pre lep\u0161ie premiest\u0148ovanie sa.<\/p>\n<p><strong>\u010eal\u0161ie inform\u00e1cie:<br \/>\n<\/strong>Povrch kancel\u00e1rskej stoli\u010dky je jednoduch\u00fd na \u00fadr\u017ebu. Sta\u010d\u00ed si jemne namo\u010di\u0165 handri\u010dku a pretrie\u0165 za\u0161pinen\u00e9 miesto.<\/p>\n<p><b>Rozmery<\/b> (cca): 60cm x 81-90cm x 63cm (\u0160xVxH)<br \/>\nsedenie: 40cm x 47-56cm x 42cm (\u0160xVxH)<br \/>\nv\u00fd\u0161ka operadla: 39cm<br \/>\nv\u00fd\u0161ka lak\u0165ovej opierky: 18cm<br \/>\n<b>Farba:<\/b> \u017elt\u00e1<br \/>\n<b>Materi\u00e1l:<\/b> zamat<\/p>\n<p>Dodato\u010dn\u00e9 inform\u00e1cie:<\/p>\n<p>V pr\u00edpade z\u00e1ujmu o in\u00e9 stoli\u010dky &#8211; jed\u00e1lensk\u00e9, barov\u00e9, kancel\u00e1rske, nav\u0161t\u00edvte sekciu stoli\u010dky na <a href=\"https:\/\/www.ikuchyne.sk\/eshop\/kategoria\/stolicky\/\">www.ikuchyne.sk\/eshop<\/a><br \/>\nV pr\u00edpade z\u00e1ujmu o n\u00e1bytok na mieru n\u00e1s kontaktuje na <a href=\"http:\/\/www.ikuchyne.sk\">www.ikuchyne.sk<\/a><\/p>\n","protected":false},"excerpt":{"rendered":"<p>\u017dlt\u00e1 zamatov\u00e1 kancel\u00e1rska stoli\u010dka Turin s podru\u010dou \u00bb V\u0161eobecn\u00fd popis: Elegantn\u00e1 kancel\u00e1rska \u017elt\u00e1 zamatov\u00e1 kancel\u00e1rska stoli\u010dka Turin s podru\u010dou s pohodln\u00fdm \u010dal\u00fanen\u00edm sedacej \u010dasti stoli\u010dky. Zamatov\u00fd po\u0165ah dod\u00e1va stoli\u010dke elegantn\u00fd<\/p>\n","protected":false},"featured_media":130358,"comment_status":"closed","ping_status":"closed","template":"","meta":[],"product_cat":[309,772],"product_tag":[],"yoast_head":"<!-- This site is optimized with the Yoast SEO plugin v22.1 - https:\/\/yoast.com\/wordpress\/plugins\/seo\/ -->\n<title>\u017dlt\u00e1 zamatov\u00e1 kancel\u00e1rska stoli\u010dka Turin s podru\u010dou \u00bb &#187; iKuchyne!<\/title>\n<meta name=\"description\" content=\"\u017dlt\u00e1 zamatov\u00e1 kancel\u00e1rska stoli\u010dka Turin s podru\u010dou \u00bb - r\u00fdchle dodanie, poradenstvo, n\u00e1bytok skladom v Bratislave s ikuchyne.sk - kuchyne na mieru.\" \/>\n<meta name=\"robots\" content=\"index, follow, max-snippet:-1, max-image-preview:large, max-video-preview:-1\" \/>\n<link rel=\"canonical\" href=\"https:\/\/www.ikuchyne.sk\/eshop\/produkt\/kancelarska-stolicka-turin-zlta-zamat-s-podrucou\/\" \/>\n<meta property=\"og:locale\" content=\"sk_SK\" \/>\n<meta property=\"og:type\" content=\"article\" \/>\n<meta property=\"og:title\" content=\"\u017dlt\u00e1 zamatov\u00e1 kancel\u00e1rska stoli\u010dka Turin s podru\u010dou \u00bb &#187; iKuchyne!\" \/>\n<meta property=\"og:description\" content=\"\u017dlt\u00e1 zamatov\u00e1 kancel\u00e1rska stoli\u010dka Turin s podru\u010dou \u00bb - r\u00fdchle dodanie, poradenstvo, n\u00e1bytok skladom v Bratislave s ikuchyne.sk - kuchyne na mieru.\" \/>\n<meta property=\"og:url\" content=\"https:\/\/www.ikuchyne.sk\/eshop\/produkt\/kancelarska-stolicka-turin-zlta-zamat-s-podrucou\/\" \/>\n<meta property=\"og:site_name\" content=\"iKuchyne iSHOP s n\u00e1bytkom\" \/>\n<meta property=\"article:publisher\" content=\"https:\/\/www.facebook.com\/ikuchyne\/\" \/>\n<meta property=\"article:modified_time\" content=\"2021-05-27T04:52:45+00:00\" \/>\n<meta property=\"og:image\" content=\"https:\/\/www.ikuchyne.sk\/eshop\/wp-content\/uploads\/2020\/06\/Kancel\u00e1rska-stoli\u010dka-Turin-senf\u017elt\u00e1-zamat-Armlehne-40306.jpg\" \/>\n\t<meta property=\"og:image:width\" content=\"520\" \/>\n\t<meta property=\"og:image:height\" content=\"800\" \/>\n\t<meta property=\"og:image:type\" content=\"image\/jpeg\" \/>\n<meta name=\"twitter:card\" content=\"summary_large_image\" \/>\n<meta name=\"twitter:label1\" content=\"Predpokladan\u00fd \u010das \u010d\u00edtania\" \/>\n\t<meta name=\"twitter:data1\" content=\"2 min\u00faty\" \/>\n<script type=\"application\/ld+json\" class=\"yoast-schema-graph\">{\"@context\":\"https:\/\/schema.org\",\"@graph\":[{\"@type\":\"WebPage\",\"@id\":\"https:\/\/www.ikuchyne.sk\/eshop\/produkt\/kancelarska-stolicka-turin-zlta-zamat-s-podrucou\/\",\"url\":\"https:\/\/www.ikuchyne.sk\/eshop\/produkt\/kancelarska-stolicka-turin-zlta-zamat-s-podrucou\/\",\"name\":\"\u017dlt\u00e1 zamatov\u00e1 kancel\u00e1rska stoli\u010dka Turin s podru\u010dou \u00bb &#187; iKuchyne!\",\"isPartOf\":{\"@id\":\"https:\/\/www.ikuchyne.sk\/eshop\/#website\"},\"datePublished\":\"2020-06-25T15:14:12+00:00\",\"dateModified\":\"2021-05-27T04:52:45+00:00\",\"description\":\"\u017dlt\u00e1 zamatov\u00e1 kancel\u00e1rska stoli\u010dka Turin s podru\u010dou \u00bb - r\u00fdchle dodanie, poradenstvo, n\u00e1bytok skladom v Bratislave s ikuchyne.sk - kuchyne na mieru.\",\"breadcrumb\":{\"@id\":\"https:\/\/www.ikuchyne.sk\/eshop\/produkt\/kancelarska-stolicka-turin-zlta-zamat-s-podrucou\/#breadcrumb\"},\"inLanguage\":\"sk-SK\",\"potentialAction\":[{\"@type\":\"ReadAction\",\"target\":[\"https:\/\/www.ikuchyne.sk\/eshop\/produkt\/kancelarska-stolicka-turin-zlta-zamat-s-podrucou\/\"]}]},{\"@type\":\"BreadcrumbList\",\"@id\":\"https:\/\/www.ikuchyne.sk\/eshop\/produkt\/kancelarska-stolicka-turin-zlta-zamat-s-podrucou\/#breadcrumb\",\"itemListElement\":[{\"@type\":\"ListItem\",\"position\":1,\"name\":\"Home\",\"item\":\"https:\/\/www.ikuchyne.sk\/eshop\/\"},{\"@type\":\"ListItem\",\"position\":2,\"name\":\"Obchod\",\"item\":\"https:\/\/www.ikuchyne.sk\/eshop\/obchod\/\"},{\"@type\":\"ListItem\",\"position\":3,\"name\":\"\u017dlt\u00e1 zamatov\u00e1 kancel\u00e1rska stoli\u010dka Turin s podru\u010dou \u00bb\"}]},{\"@type\":\"WebSite\",\"@id\":\"https:\/\/www.ikuchyne.sk\/eshop\/#website\",\"url\":\"https:\/\/www.ikuchyne.sk\/eshop\/\",\"name\":\"iKuchyne iSHOP s n\u00e1bytkom\",\"description\":\"Jed\u00e1lensk\u00e9 stoly, stoli\u010dky, n\u00e1bytok, svietidl\u00e1...\",\"publisher\":{\"@id\":\"https:\/\/www.ikuchyne.sk\/eshop\/#organization\"},\"potentialAction\":[{\"@type\":\"SearchAction\",\"target\":{\"@type\":\"EntryPoint\",\"urlTemplate\":\"https:\/\/www.ikuchyne.sk\/eshop\/?s={search_term_string}\"},\"query-input\":\"required name=search_term_string\"}],\"inLanguage\":\"sk-SK\"},{\"@type\":\"Organization\",\"@id\":\"https:\/\/www.ikuchyne.sk\/eshop\/#organization\",\"name\":\"ikuchyne!\",\"url\":\"https:\/\/www.ikuchyne.sk\/eshop\/\",\"logo\":{\"@type\":\"ImageObject\",\"inLanguage\":\"sk-SK\",\"@id\":\"https:\/\/www.ikuchyne.sk\/eshop\/#\/schema\/logo\/image\/\",\"url\":\"https:\/\/www.ikuchyne.sk\/eshop\/wp-content\/uploads\/2017\/04\/ikuchyne-logo.jpg\",\"contentUrl\":\"https:\/\/www.ikuchyne.sk\/eshop\/wp-content\/uploads\/2017\/04\/ikuchyne-logo.jpg\",\"width\":200,\"height\":48,\"caption\":\"ikuchyne!\"},\"image\":{\"@id\":\"https:\/\/www.ikuchyne.sk\/eshop\/#\/schema\/logo\/image\/\"},\"sameAs\":[\"https:\/\/www.facebook.com\/ikuchyne\/\",\"https:\/\/www.instagram.com\/ikuchyne.sk\/\",\"https:\/\/sk.pinterest.com\/ikuchynesk\/\"]}]}<\/script>\n<!-- \/ Yoast SEO plugin. -->","yoast_head_json":{"title":"\u017dlt\u00e1 zamatov\u00e1 kancel\u00e1rska stoli\u010dka Turin s podru\u010dou \u00bb &#187; iKuchyne!","description":"\u017dlt\u00e1 zamatov\u00e1 kancel\u00e1rska stoli\u010dka Turin s podru\u010dou \u00bb - r\u00fdchle dodanie, poradenstvo, n\u00e1bytok skladom v Bratislave s ikuchyne.sk - kuchyne na mieru.","robots":{"index":"index","follow":"follow","max-snippet":"max-snippet:-1","max-image-preview":"max-image-preview:large","max-video-preview":"max-video-preview:-1"},"canonical":"https:\/\/www.ikuchyne.sk\/eshop\/produkt\/kancelarska-stolicka-turin-zlta-zamat-s-podrucou\/","og_locale":"sk_SK","og_type":"article","og_title":"\u017dlt\u00e1 zamatov\u00e1 kancel\u00e1rska stoli\u010dka Turin s podru\u010dou \u00bb &#187; iKuchyne!","og_description":"\u017dlt\u00e1 zamatov\u00e1 kancel\u00e1rska stoli\u010dka Turin s podru\u010dou \u00bb - r\u00fdchle dodanie, poradenstvo, n\u00e1bytok skladom v Bratislave s ikuchyne.sk - kuchyne na mieru.","og_url":"https:\/\/www.ikuchyne.sk\/eshop\/produkt\/kancelarska-stolicka-turin-zlta-zamat-s-podrucou\/","og_site_name":"iKuchyne iSHOP s n\u00e1bytkom","article_publisher":"https:\/\/www.facebook.com\/ikuchyne\/","article_modified_time":"2021-05-27T04:52:45+00:00","og_image":[{"width":520,"height":800,"url":"https:\/\/www.ikuchyne.sk\/eshop\/wp-content\/uploads\/2020\/06\/Kancel\u00e1rska-stoli\u010dka-Turin-senf\u017elt\u00e1-zamat-Armlehne-40306.jpg","type":"image\/jpeg"}],"twitter_card":"summary_large_image","twitter_misc":{"Predpokladan\u00fd \u010das \u010d\u00edtania":"2 min\u00faty"},"schema":{"@context":"https:\/\/schema.org","@graph":[{"@type":"WebPage","@id":"https:\/\/www.ikuchyne.sk\/eshop\/produkt\/kancelarska-stolicka-turin-zlta-zamat-s-podrucou\/","url":"https:\/\/www.ikuchyne.sk\/eshop\/produkt\/kancelarska-stolicka-turin-zlta-zamat-s-podrucou\/","name":"\u017dlt\u00e1 zamatov\u00e1 kancel\u00e1rska stoli\u010dka Turin s podru\u010dou \u00bb &#187; iKuchyne!","isPartOf":{"@id":"https:\/\/www.ikuchyne.sk\/eshop\/#website"},"datePublished":"2020-06-25T15:14:12+00:00","dateModified":"2021-05-27T04:52:45+00:00","description":"\u017dlt\u00e1 zamatov\u00e1 kancel\u00e1rska stoli\u010dka Turin s podru\u010dou \u00bb - r\u00fdchle dodanie, poradenstvo, n\u00e1bytok skladom v Bratislave s ikuchyne.sk - kuchyne na mieru.","breadcrumb":{"@id":"https:\/\/www.ikuchyne.sk\/eshop\/produkt\/kancelarska-stolicka-turin-zlta-zamat-s-podrucou\/#breadcrumb"},"inLanguage":"sk-SK","potentialAction":[{"@type":"ReadAction","target":["https:\/\/www.ikuchyne.sk\/eshop\/produkt\/kancelarska-stolicka-turin-zlta-zamat-s-podrucou\/"]}]},{"@type":"BreadcrumbList","@id":"https:\/\/www.ikuchyne.sk\/eshop\/produkt\/kancelarska-stolicka-turin-zlta-zamat-s-podrucou\/#breadcrumb","itemListElement":[{"@type":"ListItem","position":1,"name":"Home","item":"https:\/\/www.ikuchyne.sk\/eshop\/"},{"@type":"ListItem","position":2,"name":"Obchod","item":"https:\/\/www.ikuchyne.sk\/eshop\/obchod\/"},{"@type":"ListItem","position":3,"name":"\u017dlt\u00e1 zamatov\u00e1 kancel\u00e1rska stoli\u010dka Turin s podru\u010dou \u00bb"}]},{"@type":"WebSite","@id":"https:\/\/www.ikuchyne.sk\/eshop\/#website","url":"https:\/\/www.ikuchyne.sk\/eshop\/","name":"iKuchyne iSHOP s n\u00e1bytkom","description":"Jed\u00e1lensk\u00e9 stoly, stoli\u010dky, n\u00e1bytok, svietidl\u00e1...","publisher":{"@id":"https:\/\/www.ikuchyne.sk\/eshop\/#organization"},"potentialAction":[{"@type":"SearchAction","target":{"@type":"EntryPoint","urlTemplate":"https:\/\/www.ikuchyne.sk\/eshop\/?s={search_term_string}"},"query-input":"required name=search_term_string"}],"inLanguage":"sk-SK"},{"@type":"Organization","@id":"https:\/\/www.ikuchyne.sk\/eshop\/#organization","name":"ikuchyne!","url":"https:\/\/www.ikuchyne.sk\/eshop\/","logo":{"@type":"ImageObject","inLanguage":"sk-SK","@id":"https:\/\/www.ikuchyne.sk\/eshop\/#\/schema\/logo\/image\/","url":"https:\/\/www.ikuchyne.sk\/eshop\/wp-content\/uploads\/2017\/04\/ikuchyne-logo.jpg","contentUrl":"https:\/\/www.ikuchyne.sk\/eshop\/wp-content\/uploads\/2017\/04\/ikuchyne-logo.jpg","width":200,"height":48,"caption":"ikuchyne!"},"image":{"@id":"https:\/\/www.ikuchyne.sk\/eshop\/#\/schema\/logo\/image\/"},"sameAs":["https:\/\/www.facebook.com\/ikuchyne\/","https:\/\/www.instagram.com\/ikuchyne.sk\/","https:\/\/sk.pinterest.com\/ikuchynesk\/"]}]}},"_links":{"self":[{"href":"https:\/\/www.ikuchyne.sk\/eshop\/wp-json\/wp\/v2\/product\/130357"}],"collection":[{"href":"https:\/\/www.ikuchyne.sk\/eshop\/wp-json\/wp\/v2\/product"}],"about":[{"href":"https:\/\/www.ikuchyne.sk\/eshop\/wp-json\/wp\/v2\/types\/product"}],"replies":[{"embeddable":true,"href":"https:\/\/www.ikuchyne.sk\/eshop\/wp-json\/wp\/v2\/comments?post=130357"}],"wp:featuredmedia":[{"embeddable":true,"href":"https:\/\/www.ikuchyne.sk\/eshop\/wp-json\/wp\/v2\/media\/130358"}],"wp:attachment":[{"href":"https:\/\/www.ikuchyne.sk\/eshop\/wp-json\/wp\/v2\/media?parent=130357"}],"wp:term":[{"taxonomy":"product_cat","embeddable":true,"href":"https:\/\/www.ikuchyne.sk\/eshop\/wp-json\/wp\/v2\/product_cat?post=130357"},{"taxonomy":"product_tag","embeddable":true,"href":"https:\/\/www.ikuchyne.sk\/eshop\/wp-json\/wp\/v2\/product_tag?post=130357"}],"curies":[{"name":"wp","href":"https:\/\/api.w.org\/{rel}","templated":true}]}}