{"id":130577,"date":"2020-07-03T00:44:20","date_gmt":"2020-07-02T22:44:20","guid":{"rendered":"https:\/\/www.ikuchyne.sk\/eshop\/?post_type=product&#038;p=130577"},"modified":"2024-02-20T23:58:49","modified_gmt":"2024-02-20T22:58:49","slug":"siva-rozkladacia-pohovka-petit-beaute-180-cm","status":"publish","type":"product","link":"https:\/\/www.ikuchyne.sk\/eshop\/produkt\/siva-rozkladacia-pohovka-petit-beaute-180-cm\/","title":{"rendered":"Siv\u00e1 rozkladacia pohovka Petit Beaute 180 cm \u00bb"},"content":{"rendered":"<h1>Siv\u00e1 rozkladacia pohovka Petit Beaute 180cm \u00bb<\/h1>\n<p><strong>V\u0161eobecn\u00fd popis seda\u010dky:<\/strong><br \/>\nSiv\u00e1 rozkladacia pohovka Petit Beaute 180 cm sa zaru\u010dene stane dominantou va\u0161ej ob\u00fdva\u010dky. Svojou farbou zapadne do naozaj mnoh\u00fdch interi\u00e9rov, ke\u010f\u017ee jej siv\u00e1 farba je vcelku neutr\u00e1lna. Svoje miesto si n\u00e1jde v minimalisticky zariaden\u00fdch dom\u00e1cnostiach ako s\u00fa \u0161kandin\u00e1vsky laden\u00e9 interi\u00e9ry, alebo aj modern\u00e9 chic interi\u00e9ry. Pokia\u013e sa v\u00e1m zd\u00e1 seda\u010dka a\u017e prive\u013emi jednoduch\u00e1, pokojne k nej pridajte dva &#8211; tri farebn\u00e9 dekorat\u00edvne vank\u00fa\u0161e, ktor\u00e9 ladia s va\u0161im interi\u00e9rom a razom vy\u010darujete \u00faplne in\u00fa atmosf\u00e9ru.<\/p>\n<p><strong>\u010eal\u0161ie inform\u00e1cie:<\/strong><br \/>\nV pr\u00edpade zne\u010distenia handri\u010dkou vy\u010distite \u0161kvrnu kr\u00fa\u017eiv\u00fdmi pohybmi. Pou\u017e\u00edvajte pri tom iba overen\u00e9 prostriedky. Vyhn\u00fa\u0165 by ste sa mali produktom s bieliacimi \u00fa\u010dinkami.<\/p>\n<p><em>Pri v\u00fdbere seda\u010dky v\u00e1m pom\u00f4\u017ee n\u00e1\u0161 <a href=\"https:\/\/ikuchyne.sk\/eshop\/vyberate-novu-sedacku-poradime-vam\/\" class=\"broken_link\">\u010dl\u00e1nok<\/a> na blogu iKuchyne.sk, v ktorom v\u00e1m porad\u00edme ako na to. V \u010dl\u00e1nku n\u00e1jdete nie len rady, ktor\u00e9 v\u00e1m u\u0161etria \u010das, ale aj va\u0161e peniaze.<\/em><\/p>\n<p><strong>Rozmery seda\u010dky: <\/strong>180cm x 66-79cm x 75-108cm<br \/>\n<strong>\u0160\u00edrka:\u00a0<\/strong>180 cm<br \/>\n<strong>V\u00fd\u0161ka: <\/strong>38 cm<br \/>\n<strong>H\u013abka: <\/strong>56 cm<\/p>\n<p><strong>V\u00fd\u0161ka operadla:<\/strong> 46cm<br \/>\n<strong>V\u00fd\u0161ka n\u00f4h:<\/strong> 20 cm<\/p>\n<p><strong>Farba seda\u010dky:<\/strong> siv\u00e1<br \/>\n<strong>Materi\u00e1l seda\u010dky:<\/strong> zamat<\/p>\n<p><strong>T\u00e1to kr\u00e1sna seda\u010dka sa tie\u017e vyr\u00e1ba aj v t\u00fdchto farb\u00e1ch:<\/strong><\/p>\n<p>Smaragdovo zelen\u00e1 rozkladacia pohovka Petit Beaute 180cm<\/p>\n<p>Dodato\u010dn\u00e9 inform\u00e1cie:<\/p>\n<p>V pr\u00edpade z\u00e1ujmu o in\u00e9 seda\u010dky, pohovky \u010di le\u0148o\u0161ky, nav\u0161t\u00edvte sekciu sedenie na <a href=\"https:\/\/www.ikuchyne.sk\/eshop\/kategoria\/sedenie\/\">www.ikuchyne.sk\/eshop<\/a><br \/>\nV pr\u00edpade z\u00e1ujmu o n\u00e1bytok na mieru n\u00e1s kontaktuje na <a href=\"http:\/\/www.ikuchyne.sk\">www.ikuchyne.sk<\/a><\/p>\n<p>&nbsp;<\/p>\n","protected":false},"excerpt":{"rendered":"<p>Siv\u00e1 rozkladacia pohovka Petit Beaute 180cm \u00bb V\u0161eobecn\u00fd popis seda\u010dky: Siv\u00e1 rozkladacia pohovka Petit Beaute 180 cm sa zaru\u010dene stane dominantou va\u0161ej ob\u00fdva\u010dky. Svojou farbou zapadne do naozaj mnoh\u00fdch interi\u00e9rov,<\/p>\n","protected":false},"featured_media":130578,"comment_status":"closed","ping_status":"closed","template":"","meta":[],"product_cat":[772,603,600],"product_tag":[257],"yoast_head":"<!-- This site is optimized with the Yoast SEO plugin v22.1 - https:\/\/yoast.com\/wordpress\/plugins\/seo\/ -->\n<title>Siv\u00e1 rozkladacia pohovka Petit Beaute &#187; iKuchyne iSHOP s n\u00e1bytkom<\/title>\n<meta name=\"description\" content=\"Siv\u00e1 rozkladacia pohovka Petit Beaute 180 cm \u00bb r\u00fdchle dodanie, poradenstvo, n\u00e1bytok skladom, ktor\u00e1 bude dominantou dom\u00e1cnosti.\" \/>\n<meta name=\"robots\" content=\"index, follow, max-snippet:-1, max-image-preview:large, max-video-preview:-1\" \/>\n<link rel=\"canonical\" href=\"https:\/\/www.ikuchyne.sk\/eshop\/produkt\/siva-rozkladacia-pohovka-petit-beaute-180-cm\/\" \/>\n<meta property=\"og:locale\" content=\"sk_SK\" \/>\n<meta property=\"og:type\" content=\"article\" \/>\n<meta property=\"og:title\" content=\"Siv\u00e1 rozkladacia pohovka Petit Beaute &#187; iKuchyne iSHOP s n\u00e1bytkom\" \/>\n<meta property=\"og:description\" content=\"Siv\u00e1 rozkladacia pohovka Petit Beaute 180 cm \u00bb r\u00fdchle dodanie, poradenstvo, n\u00e1bytok skladom, ktor\u00e1 bude dominantou dom\u00e1cnosti.\" \/>\n<meta property=\"og:url\" content=\"https:\/\/www.ikuchyne.sk\/eshop\/produkt\/siva-rozkladacia-pohovka-petit-beaute-180-cm\/\" \/>\n<meta property=\"og:site_name\" content=\"iKuchyne iSHOP s n\u00e1bytkom\" \/>\n<meta property=\"article:publisher\" content=\"https:\/\/www.facebook.com\/ikuchyne\/\" \/>\n<meta property=\"article:modified_time\" content=\"2024-02-20T22:58:49+00:00\" \/>\n<meta property=\"og:image\" content=\"https:\/\/www.ikuchyne.sk\/eshop\/wp-content\/uploads\/2020\/07\/Rozkladacia-pohovka-Petit-Beaute-180cm-siv\u00e1-40027.jpg\" \/>\n\t<meta property=\"og:image:width\" content=\"800\" \/>\n\t<meta property=\"og:image:height\" content=\"533\" \/>\n\t<meta property=\"og:image:type\" content=\"image\/jpeg\" \/>\n<meta name=\"twitter:card\" content=\"summary_large_image\" \/>\n<meta name=\"twitter:label1\" content=\"Predpokladan\u00fd \u010das \u010d\u00edtania\" \/>\n\t<meta name=\"twitter:data1\" content=\"1 min\u00fata\" \/>\n<script type=\"application\/ld+json\" class=\"yoast-schema-graph\">{\"@context\":\"https:\/\/schema.org\",\"@graph\":[{\"@type\":\"WebPage\",\"@id\":\"https:\/\/www.ikuchyne.sk\/eshop\/produkt\/siva-rozkladacia-pohovka-petit-beaute-180-cm\/\",\"url\":\"https:\/\/www.ikuchyne.sk\/eshop\/produkt\/siva-rozkladacia-pohovka-petit-beaute-180-cm\/\",\"name\":\"Siv\u00e1 rozkladacia pohovka Petit Beaute &#187; iKuchyne iSHOP s n\u00e1bytkom\",\"isPartOf\":{\"@id\":\"https:\/\/www.ikuchyne.sk\/eshop\/#website\"},\"datePublished\":\"2020-07-02T22:44:20+00:00\",\"dateModified\":\"2024-02-20T22:58:49+00:00\",\"description\":\"Siv\u00e1 rozkladacia pohovka Petit Beaute 180 cm \u00bb r\u00fdchle dodanie, poradenstvo, n\u00e1bytok skladom, ktor\u00e1 bude dominantou dom\u00e1cnosti.\",\"breadcrumb\":{\"@id\":\"https:\/\/www.ikuchyne.sk\/eshop\/produkt\/siva-rozkladacia-pohovka-petit-beaute-180-cm\/#breadcrumb\"},\"inLanguage\":\"sk-SK\",\"potentialAction\":[{\"@type\":\"ReadAction\",\"target\":[\"https:\/\/www.ikuchyne.sk\/eshop\/produkt\/siva-rozkladacia-pohovka-petit-beaute-180-cm\/\"]}]},{\"@type\":\"BreadcrumbList\",\"@id\":\"https:\/\/www.ikuchyne.sk\/eshop\/produkt\/siva-rozkladacia-pohovka-petit-beaute-180-cm\/#breadcrumb\",\"itemListElement\":[{\"@type\":\"ListItem\",\"position\":1,\"name\":\"Home\",\"item\":\"https:\/\/www.ikuchyne.sk\/eshop\/\"},{\"@type\":\"ListItem\",\"position\":2,\"name\":\"Obchod\",\"item\":\"https:\/\/www.ikuchyne.sk\/eshop\/obchod\/\"},{\"@type\":\"ListItem\",\"position\":3,\"name\":\"Siv\u00e1 rozkladacia pohovka Petit Beaute 180 cm \u00bb\"}]},{\"@type\":\"WebSite\",\"@id\":\"https:\/\/www.ikuchyne.sk\/eshop\/#website\",\"url\":\"https:\/\/www.ikuchyne.sk\/eshop\/\",\"name\":\"iKuchyne iSHOP s n\u00e1bytkom\",\"description\":\"Jed\u00e1lensk\u00e9 stoly, stoli\u010dky, n\u00e1bytok, svietidl\u00e1...\",\"publisher\":{\"@id\":\"https:\/\/www.ikuchyne.sk\/eshop\/#organization\"},\"potentialAction\":[{\"@type\":\"SearchAction\",\"target\":{\"@type\":\"EntryPoint\",\"urlTemplate\":\"https:\/\/www.ikuchyne.sk\/eshop\/?s={search_term_string}\"},\"query-input\":\"required name=search_term_string\"}],\"inLanguage\":\"sk-SK\"},{\"@type\":\"Organization\",\"@id\":\"https:\/\/www.ikuchyne.sk\/eshop\/#organization\",\"name\":\"ikuchyne!\",\"url\":\"https:\/\/www.ikuchyne.sk\/eshop\/\",\"logo\":{\"@type\":\"ImageObject\",\"inLanguage\":\"sk-SK\",\"@id\":\"https:\/\/www.ikuchyne.sk\/eshop\/#\/schema\/logo\/image\/\",\"url\":\"https:\/\/www.ikuchyne.sk\/eshop\/wp-content\/uploads\/2017\/04\/ikuchyne-logo.jpg\",\"contentUrl\":\"https:\/\/www.ikuchyne.sk\/eshop\/wp-content\/uploads\/2017\/04\/ikuchyne-logo.jpg\",\"width\":200,\"height\":48,\"caption\":\"ikuchyne!\"},\"image\":{\"@id\":\"https:\/\/www.ikuchyne.sk\/eshop\/#\/schema\/logo\/image\/\"},\"sameAs\":[\"https:\/\/www.facebook.com\/ikuchyne\/\",\"https:\/\/www.instagram.com\/ikuchyne.sk\/\",\"https:\/\/sk.pinterest.com\/ikuchynesk\/\"]}]}<\/script>\n<!-- \/ Yoast SEO plugin. -->","yoast_head_json":{"title":"Siv\u00e1 rozkladacia pohovka Petit Beaute &#187; iKuchyne iSHOP s n\u00e1bytkom","description":"Siv\u00e1 rozkladacia pohovka Petit Beaute 180 cm \u00bb r\u00fdchle dodanie, poradenstvo, n\u00e1bytok skladom, ktor\u00e1 bude dominantou dom\u00e1cnosti.","robots":{"index":"index","follow":"follow","max-snippet":"max-snippet:-1","max-image-preview":"max-image-preview:large","max-video-preview":"max-video-preview:-1"},"canonical":"https:\/\/www.ikuchyne.sk\/eshop\/produkt\/siva-rozkladacia-pohovka-petit-beaute-180-cm\/","og_locale":"sk_SK","og_type":"article","og_title":"Siv\u00e1 rozkladacia pohovka Petit Beaute &#187; iKuchyne iSHOP s n\u00e1bytkom","og_description":"Siv\u00e1 rozkladacia pohovka Petit Beaute 180 cm \u00bb r\u00fdchle dodanie, poradenstvo, n\u00e1bytok skladom, ktor\u00e1 bude dominantou dom\u00e1cnosti.","og_url":"https:\/\/www.ikuchyne.sk\/eshop\/produkt\/siva-rozkladacia-pohovka-petit-beaute-180-cm\/","og_site_name":"iKuchyne iSHOP s n\u00e1bytkom","article_publisher":"https:\/\/www.facebook.com\/ikuchyne\/","article_modified_time":"2024-02-20T22:58:49+00:00","og_image":[{"width":800,"height":533,"url":"https:\/\/www.ikuchyne.sk\/eshop\/wp-content\/uploads\/2020\/07\/Rozkladacia-pohovka-Petit-Beaute-180cm-siv\u00e1-40027.jpg","type":"image\/jpeg"}],"twitter_card":"summary_large_image","twitter_misc":{"Predpokladan\u00fd \u010das \u010d\u00edtania":"1 min\u00fata"},"schema":{"@context":"https:\/\/schema.org","@graph":[{"@type":"WebPage","@id":"https:\/\/www.ikuchyne.sk\/eshop\/produkt\/siva-rozkladacia-pohovka-petit-beaute-180-cm\/","url":"https:\/\/www.ikuchyne.sk\/eshop\/produkt\/siva-rozkladacia-pohovka-petit-beaute-180-cm\/","name":"Siv\u00e1 rozkladacia pohovka Petit Beaute &#187; iKuchyne iSHOP s n\u00e1bytkom","isPartOf":{"@id":"https:\/\/www.ikuchyne.sk\/eshop\/#website"},"datePublished":"2020-07-02T22:44:20+00:00","dateModified":"2024-02-20T22:58:49+00:00","description":"Siv\u00e1 rozkladacia pohovka Petit Beaute 180 cm \u00bb r\u00fdchle dodanie, poradenstvo, n\u00e1bytok skladom, ktor\u00e1 bude dominantou dom\u00e1cnosti.","breadcrumb":{"@id":"https:\/\/www.ikuchyne.sk\/eshop\/produkt\/siva-rozkladacia-pohovka-petit-beaute-180-cm\/#breadcrumb"},"inLanguage":"sk-SK","potentialAction":[{"@type":"ReadAction","target":["https:\/\/www.ikuchyne.sk\/eshop\/produkt\/siva-rozkladacia-pohovka-petit-beaute-180-cm\/"]}]},{"@type":"BreadcrumbList","@id":"https:\/\/www.ikuchyne.sk\/eshop\/produkt\/siva-rozkladacia-pohovka-petit-beaute-180-cm\/#breadcrumb","itemListElement":[{"@type":"ListItem","position":1,"name":"Home","item":"https:\/\/www.ikuchyne.sk\/eshop\/"},{"@type":"ListItem","position":2,"name":"Obchod","item":"https:\/\/www.ikuchyne.sk\/eshop\/obchod\/"},{"@type":"ListItem","position":3,"name":"Siv\u00e1 rozkladacia pohovka Petit Beaute 180 cm \u00bb"}]},{"@type":"WebSite","@id":"https:\/\/www.ikuchyne.sk\/eshop\/#website","url":"https:\/\/www.ikuchyne.sk\/eshop\/","name":"iKuchyne iSHOP s n\u00e1bytkom","description":"Jed\u00e1lensk\u00e9 stoly, stoli\u010dky, n\u00e1bytok, svietidl\u00e1...","publisher":{"@id":"https:\/\/www.ikuchyne.sk\/eshop\/#organization"},"potentialAction":[{"@type":"SearchAction","target":{"@type":"EntryPoint","urlTemplate":"https:\/\/www.ikuchyne.sk\/eshop\/?s={search_term_string}"},"query-input":"required name=search_term_string"}],"inLanguage":"sk-SK"},{"@type":"Organization","@id":"https:\/\/www.ikuchyne.sk\/eshop\/#organization","name":"ikuchyne!","url":"https:\/\/www.ikuchyne.sk\/eshop\/","logo":{"@type":"ImageObject","inLanguage":"sk-SK","@id":"https:\/\/www.ikuchyne.sk\/eshop\/#\/schema\/logo\/image\/","url":"https:\/\/www.ikuchyne.sk\/eshop\/wp-content\/uploads\/2017\/04\/ikuchyne-logo.jpg","contentUrl":"https:\/\/www.ikuchyne.sk\/eshop\/wp-content\/uploads\/2017\/04\/ikuchyne-logo.jpg","width":200,"height":48,"caption":"ikuchyne!"},"image":{"@id":"https:\/\/www.ikuchyne.sk\/eshop\/#\/schema\/logo\/image\/"},"sameAs":["https:\/\/www.facebook.com\/ikuchyne\/","https:\/\/www.instagram.com\/ikuchyne.sk\/","https:\/\/sk.pinterest.com\/ikuchynesk\/"]}]}},"_links":{"self":[{"href":"https:\/\/www.ikuchyne.sk\/eshop\/wp-json\/wp\/v2\/product\/130577"}],"collection":[{"href":"https:\/\/www.ikuchyne.sk\/eshop\/wp-json\/wp\/v2\/product"}],"about":[{"href":"https:\/\/www.ikuchyne.sk\/eshop\/wp-json\/wp\/v2\/types\/product"}],"replies":[{"embeddable":true,"href":"https:\/\/www.ikuchyne.sk\/eshop\/wp-json\/wp\/v2\/comments?post=130577"}],"wp:featuredmedia":[{"embeddable":true,"href":"https:\/\/www.ikuchyne.sk\/eshop\/wp-json\/wp\/v2\/media\/130578"}],"wp:attachment":[{"href":"https:\/\/www.ikuchyne.sk\/eshop\/wp-json\/wp\/v2\/media?parent=130577"}],"wp:term":[{"taxonomy":"product_cat","embeddable":true,"href":"https:\/\/www.ikuchyne.sk\/eshop\/wp-json\/wp\/v2\/product_cat?post=130577"},{"taxonomy":"product_tag","embeddable":true,"href":"https:\/\/www.ikuchyne.sk\/eshop\/wp-json\/wp\/v2\/product_tag?post=130577"}],"curies":[{"name":"wp","href":"https:\/\/api.w.org\/{rel}","templated":true}]}}