{"id":130596,"date":"2020-07-03T02:04:01","date_gmt":"2020-07-03T00:04:01","guid":{"rendered":"https:\/\/www.ikuchyne.sk\/eshop\/?post_type=product&#038;p=130596"},"modified":"2024-08-20T10:32:12","modified_gmt":"2024-08-20T08:32:12","slug":"barova-stolicka-scandinavia-modra-zlata","status":"publish","type":"product","link":"https:\/\/www.ikuchyne.sk\/eshop\/produkt\/barova-stolicka-scandinavia-modra-zlata\/","title":{"rendered":"Modr\u00e1 zamatov\u00e1 barov\u00e1 stoli\u010dka Scandinavia \u00bb"},"content":{"rendered":"<h1>Modr\u00e1 zamatov\u00e1 barov\u00e1 stoli\u010dka Scandinavia \u00bb<\/h1>\n<p><strong>V\u0161eobecn\u00fd opis stoli\u010dky:<br \/>\n<\/strong>Priam dychber\u00faca farba tejto barovej stoli\u010dky sa stane \u0161perkom va\u0161ej dom\u00e1cnosti. Kr\u00e1\u013eovsky modr\u00e1 farba, ktor\u00e1 je mimochodom aj farbou roka 2020, v\u00e1m zaru\u010d\u00ed, \u017ee v\u00e1\u0161 interi\u00e9r bude skuto\u010dne IN. Pokia\u013e zarad\u00edte stoli\u010dku v takejto dominantnej farbe do va\u0161ej kuchyne, nebudete sa u\u017e musie\u0165 viac zapodieva\u0165 \u010fal\u0161ou dekor\u00e1ciou. Bud\u00fa \u0148ou samotn\u00e9 stoli\u010dky. Barov\u00fa stoli\u010dku by sme dizajnovo zaradili do \u0161t\u00fdlu Glamour.<\/p>\n<p><strong>Sed\u00e1k stoli\u010dky:<br \/>\n<\/strong>\u010cal\u00fanen\u00fd sed\u00e1k\u00a0 z m\u00e4kk\u00e9ho modr\u00e9ho zamatu a patri\u010dne pohodln\u00fdm operadlom v\u00e1m umo\u017en\u00ed pr\u00edjemn\u00e9 sedenie pri bare.<\/p>\n<p><strong>Podno\u017e stoli\u010dky:<br \/>\n<\/strong>Podno\u017e stoli\u010dky je tvoren\u00e1 \u0161tyrmi \u00fazkymi kovov\u00fdmi nohami v zlatej farbe, ktor\u00e9 s\u00fa v dolnej \u010dasti prepojen\u00e9.<\/p>\n<p><strong>\u010eal\u0161ie inform\u00e1cie:<br \/>\n<\/strong>V pr\u00edpade zne\u010distenia , pou\u017e\u00edvajte iba prostriedky na b\u00e1ze vody, ur\u010dite nepou\u017e\u00edvajte bielidl\u00e1. Ak nepom\u00f4\u017ee vysu\u0161enie suchou handri\u010dkou, naneste mal\u00e9 mno\u017estvo \u010distiaceho prostriedku na zne\u010disten\u00e9 plochy. \u010cakajte 2-3 min\u00faty a z\u013eahka vy\u010distite kr\u00fa\u017eiv\u00fdmi pohybmi, k\u00fdm \u0161kvrna nezmizne. Na zamatov\u00e9 \u017eal\u00fanenie je vhodn\u00e9 j \u010distenie so\u013eou.<\/p>\n<p><b>Rozmery stoli\u010dky:<br \/>\n<\/b>\u0160\u00edrka stoli\u010dky: 45 cm<br \/>\nV\u00fd\u0161ka stoli\u010dky: 73 cm<br \/>\nH\u013abka stoli\u010dky: 54 cm<\/p>\n<p><strong>V\u00fd\u0161ka opierky chrbta:<\/strong>\u00a030 cm<br \/>\n<strong>V\u00fd\u0161ka lak\u0165ovej opierky:<\/strong>\u00a013 cm<br \/>\n<strong>V\u00fd\u0161ka st\u00fapa\u010dky:<\/strong>\u00a030 cm<\/p>\n<p><b>Materi\u00e1l:<\/b>\u00a0zamat, kov<\/p>\n<p><b>Farba:<\/b> modr\u00e1<\/p>\n","protected":false},"excerpt":{"rendered":"<p>Modr\u00e1 zamatov\u00e1 barov\u00e1 stoli\u010dka Scandinavia \u00bb V\u0161eobecn\u00fd opis stoli\u010dky: Priam dychber\u00faca farba tejto barovej stoli\u010dky sa stane \u0161perkom va\u0161ej dom\u00e1cnosti. Kr\u00e1\u013eovsky modr\u00e1 farba, ktor\u00e1 je mimochodom aj farbou roka 2020,<\/p>\n","protected":false},"featured_media":132131,"comment_status":"closed","ping_status":"closed","template":"","meta":[],"product_cat":[311,772,288],"product_tag":[],"yoast_head":"<!-- This site is optimized with the Yoast SEO plugin v22.1 - https:\/\/yoast.com\/wordpress\/plugins\/seo\/ -->\n<title>Modr\u00e1 zamatov\u00e1 barov\u00e1 stoli\u010dka Scandinavia \u00bb &#187; iKuchyne iSHOP s n\u00e1bytkom<\/title>\n<meta name=\"description\" content=\"K\u00fapte si u n\u00e1s Modr\u00e1 zamatov\u00e1 barov\u00e1 stoli\u010dka Scandinavia \u00bb za akciov\u00fa cenu. R\u00fdchle dodanie tovaru, odborn\u00e9 poradenstvo a stovky produktov skladom. Modr\u00e1 zamatov\u00e1 barov\u00e1 stoli\u010dka Scandinavia \u00bb sa stane dominantou V\u00e1\u0161ho interi\u00e9ru. Internetov\u00fd obchod ikuchyne! pon\u00faka odber Modr\u00e1 zamatov\u00e1 barov\u00e1 stoli\u010dka Scandinavia \u00bb u\u017e od 1 kusu.\" \/>\n<meta name=\"robots\" content=\"index, follow, max-snippet:-1, max-image-preview:large, max-video-preview:-1\" \/>\n<link rel=\"canonical\" href=\"https:\/\/www.ikuchyne.sk\/eshop\/produkt\/barova-stolicka-scandinavia-modra-zlata\/\" \/>\n<meta property=\"og:locale\" content=\"sk_SK\" \/>\n<meta property=\"og:type\" content=\"article\" \/>\n<meta property=\"og:title\" content=\"Modr\u00e1 zamatov\u00e1 barov\u00e1 stoli\u010dka Scandinavia \u00bb &#187; iKuchyne iSHOP s n\u00e1bytkom\" \/>\n<meta property=\"og:description\" content=\"K\u00fapte si u n\u00e1s Modr\u00e1 zamatov\u00e1 barov\u00e1 stoli\u010dka Scandinavia \u00bb za akciov\u00fa cenu. R\u00fdchle dodanie tovaru, odborn\u00e9 poradenstvo a stovky produktov skladom. Modr\u00e1 zamatov\u00e1 barov\u00e1 stoli\u010dka Scandinavia \u00bb sa stane dominantou V\u00e1\u0161ho interi\u00e9ru. Internetov\u00fd obchod ikuchyne! pon\u00faka odber Modr\u00e1 zamatov\u00e1 barov\u00e1 stoli\u010dka Scandinavia \u00bb u\u017e od 1 kusu.\" \/>\n<meta property=\"og:url\" content=\"https:\/\/www.ikuchyne.sk\/eshop\/produkt\/barova-stolicka-scandinavia-modra-zlata\/\" \/>\n<meta property=\"og:site_name\" content=\"iKuchyne iSHOP s n\u00e1bytkom\" \/>\n<meta property=\"article:publisher\" content=\"https:\/\/www.facebook.com\/ikuchyne\/\" \/>\n<meta property=\"article:modified_time\" content=\"2024-08-20T08:32:12+00:00\" \/>\n<meta property=\"og:image\" content=\"https:\/\/www.ikuchyne.sk\/eshop\/wp-content\/uploads\/2020\/07\/media_images_org_file0036498.jpg\" \/>\n\t<meta property=\"og:image:width\" content=\"2000\" \/>\n\t<meta property=\"og:image:height\" content=\"1333\" \/>\n\t<meta property=\"og:image:type\" content=\"image\/jpeg\" \/>\n<meta name=\"twitter:card\" content=\"summary_large_image\" \/>\n<meta name=\"twitter:label1\" content=\"Predpokladan\u00fd \u010das \u010d\u00edtania\" \/>\n\t<meta name=\"twitter:data1\" content=\"1 min\u00fata\" \/>\n<script type=\"application\/ld+json\" class=\"yoast-schema-graph\">{\"@context\":\"https:\/\/schema.org\",\"@graph\":[{\"@type\":\"WebPage\",\"@id\":\"https:\/\/www.ikuchyne.sk\/eshop\/produkt\/barova-stolicka-scandinavia-modra-zlata\/\",\"url\":\"https:\/\/www.ikuchyne.sk\/eshop\/produkt\/barova-stolicka-scandinavia-modra-zlata\/\",\"name\":\"Modr\u00e1 zamatov\u00e1 barov\u00e1 stoli\u010dka Scandinavia \u00bb &#187; iKuchyne iSHOP s n\u00e1bytkom\",\"isPartOf\":{\"@id\":\"https:\/\/www.ikuchyne.sk\/eshop\/#website\"},\"datePublished\":\"2020-07-03T00:04:01+00:00\",\"dateModified\":\"2024-08-20T08:32:12+00:00\",\"description\":\"K\u00fapte si u n\u00e1s Modr\u00e1 zamatov\u00e1 barov\u00e1 stoli\u010dka Scandinavia \u00bb za akciov\u00fa cenu. R\u00fdchle dodanie tovaru, odborn\u00e9 poradenstvo a stovky produktov skladom. Modr\u00e1 zamatov\u00e1 barov\u00e1 stoli\u010dka Scandinavia \u00bb sa stane dominantou V\u00e1\u0161ho interi\u00e9ru. Internetov\u00fd obchod ikuchyne! pon\u00faka odber Modr\u00e1 zamatov\u00e1 barov\u00e1 stoli\u010dka Scandinavia \u00bb u\u017e od 1 kusu.\",\"breadcrumb\":{\"@id\":\"https:\/\/www.ikuchyne.sk\/eshop\/produkt\/barova-stolicka-scandinavia-modra-zlata\/#breadcrumb\"},\"inLanguage\":\"sk-SK\",\"potentialAction\":[{\"@type\":\"ReadAction\",\"target\":[\"https:\/\/www.ikuchyne.sk\/eshop\/produkt\/barova-stolicka-scandinavia-modra-zlata\/\"]}]},{\"@type\":\"BreadcrumbList\",\"@id\":\"https:\/\/www.ikuchyne.sk\/eshop\/produkt\/barova-stolicka-scandinavia-modra-zlata\/#breadcrumb\",\"itemListElement\":[{\"@type\":\"ListItem\",\"position\":1,\"name\":\"Home\",\"item\":\"https:\/\/www.ikuchyne.sk\/eshop\/\"},{\"@type\":\"ListItem\",\"position\":2,\"name\":\"Obchod\",\"item\":\"https:\/\/www.ikuchyne.sk\/eshop\/obchod\/\"},{\"@type\":\"ListItem\",\"position\":3,\"name\":\"Modr\u00e1 zamatov\u00e1 barov\u00e1 stoli\u010dka Scandinavia \u00bb\"}]},{\"@type\":\"WebSite\",\"@id\":\"https:\/\/www.ikuchyne.sk\/eshop\/#website\",\"url\":\"https:\/\/www.ikuchyne.sk\/eshop\/\",\"name\":\"iKuchyne iSHOP s n\u00e1bytkom\",\"description\":\"Jed\u00e1lensk\u00e9 stoly, stoli\u010dky, n\u00e1bytok, svietidl\u00e1...\",\"publisher\":{\"@id\":\"https:\/\/www.ikuchyne.sk\/eshop\/#organization\"},\"potentialAction\":[{\"@type\":\"SearchAction\",\"target\":{\"@type\":\"EntryPoint\",\"urlTemplate\":\"https:\/\/www.ikuchyne.sk\/eshop\/?s={search_term_string}\"},\"query-input\":\"required name=search_term_string\"}],\"inLanguage\":\"sk-SK\"},{\"@type\":\"Organization\",\"@id\":\"https:\/\/www.ikuchyne.sk\/eshop\/#organization\",\"name\":\"ikuchyne!\",\"url\":\"https:\/\/www.ikuchyne.sk\/eshop\/\",\"logo\":{\"@type\":\"ImageObject\",\"inLanguage\":\"sk-SK\",\"@id\":\"https:\/\/www.ikuchyne.sk\/eshop\/#\/schema\/logo\/image\/\",\"url\":\"https:\/\/www.ikuchyne.sk\/eshop\/wp-content\/uploads\/2017\/04\/ikuchyne-logo.jpg\",\"contentUrl\":\"https:\/\/www.ikuchyne.sk\/eshop\/wp-content\/uploads\/2017\/04\/ikuchyne-logo.jpg\",\"width\":200,\"height\":48,\"caption\":\"ikuchyne!\"},\"image\":{\"@id\":\"https:\/\/www.ikuchyne.sk\/eshop\/#\/schema\/logo\/image\/\"},\"sameAs\":[\"https:\/\/www.facebook.com\/ikuchyne\/\",\"https:\/\/www.instagram.com\/ikuchyne.sk\/\",\"https:\/\/sk.pinterest.com\/ikuchynesk\/\"]}]}<\/script>\n<!-- \/ Yoast SEO plugin. -->","yoast_head_json":{"title":"Modr\u00e1 zamatov\u00e1 barov\u00e1 stoli\u010dka Scandinavia \u00bb &#187; iKuchyne iSHOP s n\u00e1bytkom","description":"K\u00fapte si u n\u00e1s Modr\u00e1 zamatov\u00e1 barov\u00e1 stoli\u010dka Scandinavia \u00bb za akciov\u00fa cenu. R\u00fdchle dodanie tovaru, odborn\u00e9 poradenstvo a stovky produktov skladom. Modr\u00e1 zamatov\u00e1 barov\u00e1 stoli\u010dka Scandinavia \u00bb sa stane dominantou V\u00e1\u0161ho interi\u00e9ru. Internetov\u00fd obchod ikuchyne! pon\u00faka odber Modr\u00e1 zamatov\u00e1 barov\u00e1 stoli\u010dka Scandinavia \u00bb u\u017e od 1 kusu.","robots":{"index":"index","follow":"follow","max-snippet":"max-snippet:-1","max-image-preview":"max-image-preview:large","max-video-preview":"max-video-preview:-1"},"canonical":"https:\/\/www.ikuchyne.sk\/eshop\/produkt\/barova-stolicka-scandinavia-modra-zlata\/","og_locale":"sk_SK","og_type":"article","og_title":"Modr\u00e1 zamatov\u00e1 barov\u00e1 stoli\u010dka Scandinavia \u00bb &#187; iKuchyne iSHOP s n\u00e1bytkom","og_description":"K\u00fapte si u n\u00e1s Modr\u00e1 zamatov\u00e1 barov\u00e1 stoli\u010dka Scandinavia \u00bb za akciov\u00fa cenu. R\u00fdchle dodanie tovaru, odborn\u00e9 poradenstvo a stovky produktov skladom. Modr\u00e1 zamatov\u00e1 barov\u00e1 stoli\u010dka Scandinavia \u00bb sa stane dominantou V\u00e1\u0161ho interi\u00e9ru. Internetov\u00fd obchod ikuchyne! pon\u00faka odber Modr\u00e1 zamatov\u00e1 barov\u00e1 stoli\u010dka Scandinavia \u00bb u\u017e od 1 kusu.","og_url":"https:\/\/www.ikuchyne.sk\/eshop\/produkt\/barova-stolicka-scandinavia-modra-zlata\/","og_site_name":"iKuchyne iSHOP s n\u00e1bytkom","article_publisher":"https:\/\/www.facebook.com\/ikuchyne\/","article_modified_time":"2024-08-20T08:32:12+00:00","og_image":[{"width":2000,"height":1333,"url":"https:\/\/www.ikuchyne.sk\/eshop\/wp-content\/uploads\/2020\/07\/media_images_org_file0036498.jpg","type":"image\/jpeg"}],"twitter_card":"summary_large_image","twitter_misc":{"Predpokladan\u00fd \u010das \u010d\u00edtania":"1 min\u00fata"},"schema":{"@context":"https:\/\/schema.org","@graph":[{"@type":"WebPage","@id":"https:\/\/www.ikuchyne.sk\/eshop\/produkt\/barova-stolicka-scandinavia-modra-zlata\/","url":"https:\/\/www.ikuchyne.sk\/eshop\/produkt\/barova-stolicka-scandinavia-modra-zlata\/","name":"Modr\u00e1 zamatov\u00e1 barov\u00e1 stoli\u010dka Scandinavia \u00bb &#187; iKuchyne iSHOP s n\u00e1bytkom","isPartOf":{"@id":"https:\/\/www.ikuchyne.sk\/eshop\/#website"},"datePublished":"2020-07-03T00:04:01+00:00","dateModified":"2024-08-20T08:32:12+00:00","description":"K\u00fapte si u n\u00e1s Modr\u00e1 zamatov\u00e1 barov\u00e1 stoli\u010dka Scandinavia \u00bb za akciov\u00fa cenu. R\u00fdchle dodanie tovaru, odborn\u00e9 poradenstvo a stovky produktov skladom. Modr\u00e1 zamatov\u00e1 barov\u00e1 stoli\u010dka Scandinavia \u00bb sa stane dominantou V\u00e1\u0161ho interi\u00e9ru. Internetov\u00fd obchod ikuchyne! pon\u00faka odber Modr\u00e1 zamatov\u00e1 barov\u00e1 stoli\u010dka Scandinavia \u00bb u\u017e od 1 kusu.","breadcrumb":{"@id":"https:\/\/www.ikuchyne.sk\/eshop\/produkt\/barova-stolicka-scandinavia-modra-zlata\/#breadcrumb"},"inLanguage":"sk-SK","potentialAction":[{"@type":"ReadAction","target":["https:\/\/www.ikuchyne.sk\/eshop\/produkt\/barova-stolicka-scandinavia-modra-zlata\/"]}]},{"@type":"BreadcrumbList","@id":"https:\/\/www.ikuchyne.sk\/eshop\/produkt\/barova-stolicka-scandinavia-modra-zlata\/#breadcrumb","itemListElement":[{"@type":"ListItem","position":1,"name":"Home","item":"https:\/\/www.ikuchyne.sk\/eshop\/"},{"@type":"ListItem","position":2,"name":"Obchod","item":"https:\/\/www.ikuchyne.sk\/eshop\/obchod\/"},{"@type":"ListItem","position":3,"name":"Modr\u00e1 zamatov\u00e1 barov\u00e1 stoli\u010dka Scandinavia \u00bb"}]},{"@type":"WebSite","@id":"https:\/\/www.ikuchyne.sk\/eshop\/#website","url":"https:\/\/www.ikuchyne.sk\/eshop\/","name":"iKuchyne iSHOP s n\u00e1bytkom","description":"Jed\u00e1lensk\u00e9 stoly, stoli\u010dky, n\u00e1bytok, svietidl\u00e1...","publisher":{"@id":"https:\/\/www.ikuchyne.sk\/eshop\/#organization"},"potentialAction":[{"@type":"SearchAction","target":{"@type":"EntryPoint","urlTemplate":"https:\/\/www.ikuchyne.sk\/eshop\/?s={search_term_string}"},"query-input":"required name=search_term_string"}],"inLanguage":"sk-SK"},{"@type":"Organization","@id":"https:\/\/www.ikuchyne.sk\/eshop\/#organization","name":"ikuchyne!","url":"https:\/\/www.ikuchyne.sk\/eshop\/","logo":{"@type":"ImageObject","inLanguage":"sk-SK","@id":"https:\/\/www.ikuchyne.sk\/eshop\/#\/schema\/logo\/image\/","url":"https:\/\/www.ikuchyne.sk\/eshop\/wp-content\/uploads\/2017\/04\/ikuchyne-logo.jpg","contentUrl":"https:\/\/www.ikuchyne.sk\/eshop\/wp-content\/uploads\/2017\/04\/ikuchyne-logo.jpg","width":200,"height":48,"caption":"ikuchyne!"},"image":{"@id":"https:\/\/www.ikuchyne.sk\/eshop\/#\/schema\/logo\/image\/"},"sameAs":["https:\/\/www.facebook.com\/ikuchyne\/","https:\/\/www.instagram.com\/ikuchyne.sk\/","https:\/\/sk.pinterest.com\/ikuchynesk\/"]}]}},"_links":{"self":[{"href":"https:\/\/www.ikuchyne.sk\/eshop\/wp-json\/wp\/v2\/product\/130596"}],"collection":[{"href":"https:\/\/www.ikuchyne.sk\/eshop\/wp-json\/wp\/v2\/product"}],"about":[{"href":"https:\/\/www.ikuchyne.sk\/eshop\/wp-json\/wp\/v2\/types\/product"}],"replies":[{"embeddable":true,"href":"https:\/\/www.ikuchyne.sk\/eshop\/wp-json\/wp\/v2\/comments?post=130596"}],"wp:featuredmedia":[{"embeddable":true,"href":"https:\/\/www.ikuchyne.sk\/eshop\/wp-json\/wp\/v2\/media\/132131"}],"wp:attachment":[{"href":"https:\/\/www.ikuchyne.sk\/eshop\/wp-json\/wp\/v2\/media?parent=130596"}],"wp:term":[{"taxonomy":"product_cat","embeddable":true,"href":"https:\/\/www.ikuchyne.sk\/eshop\/wp-json\/wp\/v2\/product_cat?post=130596"},{"taxonomy":"product_tag","embeddable":true,"href":"https:\/\/www.ikuchyne.sk\/eshop\/wp-json\/wp\/v2\/product_tag?post=130596"}],"curies":[{"name":"wp","href":"https:\/\/api.w.org\/{rel}","templated":true}]}}