{"id":130663,"date":"2020-07-03T14:10:04","date_gmt":"2020-07-03T12:10:04","guid":{"rendered":"https:\/\/www.ikuchyne.sk\/eshop\/?post_type=product&#038;p=130663"},"modified":"2023-11-24T08:00:32","modified_gmt":"2023-11-24T07:00:32","slug":"tv-kreslo-hollywood-ii-dvojmiestne","status":"publish","type":"product","link":"https:\/\/www.ikuchyne.sk\/eshop\/produkt\/tv-kreslo-hollywood-ii-dvojmiestne\/","title":{"rendered":"\u010cierne relaxa\u010dn\u00e9 dvojmiestne TV kreslo Hollywood \u00bb"},"content":{"rendered":"<h1>\u010cierne relaxa\u010dn\u00e9 dvojmiestne TV kreslo Hollywood \u00bb<\/h1>\n<p><strong>V\u0161eobecn\u00fd popis kresla:<\/strong><br \/>\nKomfortn\u00e9 a mas\u00edvne dvojkreslo v modernom \u0161t\u00fdle je ako stvoren\u00e9 na posedenie pri telev\u00edzore. Kreslo je toti\u017e nastavite\u013en\u00e9 do relaxa\u010dnej polohy v\u010faka v\u00fdsuvn\u00e9 podlo\u017eke na nohy. Tie\u017e disponuje stredovou priehradkou na odkladanie n\u00e1pojov a drobnost\u00ed. Tak\u017ee sa m\u00f4\u017eete neru\u0161ene bez odbiehanie pozrie\u0165 na ob\u013e\u00faben\u00fd film. Hrub\u00e1 vrstva \u010dal\u00fanenie z \u010diernej umelej ko\u017ee zaru\u010duje m\u00e4kk\u00e9 sedenie. K pohodlnosti prispievaj\u00fa aj lak\u0165ovej opierky. Toto kreslo \u0161t\u00fdlovo dopln\u00ed v\u00e1\u0161 ob\u00fdvacia izba a iste ocen\u00edte jeho vlastnosti.<\/p>\n<p><strong>Sed\u00e1k kresla:<\/strong><br \/>\nSedadlo a opierka chrbta s\u00fa bohato \u010dal\u00fanen\u00e9 kvalitnou a m\u00e4kkou umelou ko\u017eou v \u010diernej farbe.<\/p>\n<p><strong> Podno\u017e kresla:<\/strong><br \/>\nPodno\u017e kresla je tvoren\u00e1 kr\u00e1tkymi a siln\u00fdmi nohami, ktor\u00e9 zais\u0165uj\u00fa jeho stabilitu.<\/p>\n<p><strong>\u010eal\u0161ie inform\u00e1cie:<\/strong><br \/>\nV pr\u00edpade zne\u010distenia, pou\u017eite jemne navlh\u010den\u00fa bavlnen\u00fa handri\u010dku v mydlovej vode a vysu\u0161te.<\/p>\n<p><strong>Rozmery kresla:<\/strong><br \/>\n\u0160\u00edrka kresla: 187 cm<br \/>\nV\u00fd\u0161ka kresla: 102 cm<br \/>\nH\u013abka kresla: 90 &#8211; 140 cm<\/p>\n<p><strong>Rozmery sedenia:<\/strong> 56 x 50 x 52 cm (\u0160xVxH)<br \/>\n<strong>V\u00fd\u0161ka opierky chrbta:<\/strong> 57 cm<br \/>\n<strong>Ve\u013ekos\u0165 priehradky:<\/strong> 26 x 14 x 29 cm (\u0160xVxH)<\/p>\n<p><strong>Materi\u00e1l:<\/strong> umel\u00e1 ko\u017ea<\/p>\n<p><strong>Farba:<\/strong> \u010dierna<\/p>\n","protected":false},"excerpt":{"rendered":"<p>\u010cierne relaxa\u010dn\u00e9 dvojmiestne TV kreslo Hollywood \u00bb V\u0161eobecn\u00fd popis kresla: Komfortn\u00e9 a mas\u00edvne dvojkreslo v modernom \u0161t\u00fdle je ako stvoren\u00e9 na posedenie pri telev\u00edzore. Kreslo je toti\u017e nastavite\u013en\u00e9 do relaxa\u010dnej<\/p>\n","protected":false},"featured_media":130664,"comment_status":"closed","ping_status":"closed","template":"","meta":[],"product_cat":[592,772,594],"product_tag":[187],"yoast_head":"<!-- This site is optimized with the Yoast SEO plugin v22.1 - https:\/\/yoast.com\/wordpress\/plugins\/seo\/ -->\n<title>\u010cierne relaxa\u010dn\u00e9 dvojmiestne TV kreslo Hollywood \u00bb &#187; iKuchyne iSHOP s n\u00e1bytkom<\/title>\n<meta name=\"description\" content=\"K\u00fapte si u n\u00e1s \u010cierne relaxa\u010dn\u00e9 dvojmiestne TV kreslo Hollywood \u00bb za akciov\u00fa cenu. R\u00fdchle dodanie tovaru, odborn\u00e9 poradenstvo a stovky produktov skladom. \u010cierne relaxa\u010dn\u00e9 dvojmiestne TV kreslo Hollywood \u00bb sa stane dominantou V\u00e1\u0161ho interi\u00e9ru. Internetov\u00fd obchod ikuchyne! pon\u00faka odber \u010cierne relaxa\u010dn\u00e9 dvojmiestne TV kreslo Hollywood \u00bb u\u017e od 1 kusu.\" \/>\n<meta name=\"robots\" content=\"index, follow, max-snippet:-1, max-image-preview:large, max-video-preview:-1\" \/>\n<link rel=\"canonical\" href=\"https:\/\/www.ikuchyne.sk\/eshop\/produkt\/tv-kreslo-hollywood-ii-dvojmiestne\/\" \/>\n<meta property=\"og:locale\" content=\"sk_SK\" \/>\n<meta property=\"og:type\" content=\"article\" \/>\n<meta property=\"og:title\" content=\"\u010cierne relaxa\u010dn\u00e9 dvojmiestne TV kreslo Hollywood \u00bb &#187; iKuchyne iSHOP s n\u00e1bytkom\" \/>\n<meta property=\"og:description\" content=\"K\u00fapte si u n\u00e1s \u010cierne relaxa\u010dn\u00e9 dvojmiestne TV kreslo Hollywood \u00bb za akciov\u00fa cenu. R\u00fdchle dodanie tovaru, odborn\u00e9 poradenstvo a stovky produktov skladom. \u010cierne relaxa\u010dn\u00e9 dvojmiestne TV kreslo Hollywood \u00bb sa stane dominantou V\u00e1\u0161ho interi\u00e9ru. Internetov\u00fd obchod ikuchyne! pon\u00faka odber \u010cierne relaxa\u010dn\u00e9 dvojmiestne TV kreslo Hollywood \u00bb u\u017e od 1 kusu.\" \/>\n<meta property=\"og:url\" content=\"https:\/\/www.ikuchyne.sk\/eshop\/produkt\/tv-kreslo-hollywood-ii-dvojmiestne\/\" \/>\n<meta property=\"og:site_name\" content=\"iKuchyne iSHOP s n\u00e1bytkom\" \/>\n<meta property=\"article:publisher\" content=\"https:\/\/www.facebook.com\/ikuchyne\/\" \/>\n<meta property=\"article:modified_time\" content=\"2023-11-24T07:00:32+00:00\" \/>\n<meta property=\"og:image\" content=\"https:\/\/www.ikuchyne.sk\/eshop\/wp-content\/uploads\/2020\/07\/TV-kreslo-Hollywood-II-dvoj\u00e1k-\u010dierna-39474.jpg\" \/>\n\t<meta property=\"og:image:width\" content=\"800\" \/>\n\t<meta property=\"og:image:height\" content=\"533\" \/>\n\t<meta property=\"og:image:type\" content=\"image\/jpeg\" \/>\n<meta name=\"twitter:card\" content=\"summary_large_image\" \/>\n<meta name=\"twitter:label1\" content=\"Predpokladan\u00fd \u010das \u010d\u00edtania\" \/>\n\t<meta name=\"twitter:data1\" content=\"1 min\u00fata\" \/>\n<script type=\"application\/ld+json\" class=\"yoast-schema-graph\">{\"@context\":\"https:\/\/schema.org\",\"@graph\":[{\"@type\":\"WebPage\",\"@id\":\"https:\/\/www.ikuchyne.sk\/eshop\/produkt\/tv-kreslo-hollywood-ii-dvojmiestne\/\",\"url\":\"https:\/\/www.ikuchyne.sk\/eshop\/produkt\/tv-kreslo-hollywood-ii-dvojmiestne\/\",\"name\":\"\u010cierne relaxa\u010dn\u00e9 dvojmiestne TV kreslo Hollywood \u00bb &#187; iKuchyne iSHOP s n\u00e1bytkom\",\"isPartOf\":{\"@id\":\"https:\/\/www.ikuchyne.sk\/eshop\/#website\"},\"datePublished\":\"2020-07-03T12:10:04+00:00\",\"dateModified\":\"2023-11-24T07:00:32+00:00\",\"description\":\"K\u00fapte si u n\u00e1s \u010cierne relaxa\u010dn\u00e9 dvojmiestne TV kreslo Hollywood \u00bb za akciov\u00fa cenu. R\u00fdchle dodanie tovaru, odborn\u00e9 poradenstvo a stovky produktov skladom. \u010cierne relaxa\u010dn\u00e9 dvojmiestne TV kreslo Hollywood \u00bb sa stane dominantou V\u00e1\u0161ho interi\u00e9ru. Internetov\u00fd obchod ikuchyne! pon\u00faka odber \u010cierne relaxa\u010dn\u00e9 dvojmiestne TV kreslo Hollywood \u00bb u\u017e od 1 kusu.\",\"breadcrumb\":{\"@id\":\"https:\/\/www.ikuchyne.sk\/eshop\/produkt\/tv-kreslo-hollywood-ii-dvojmiestne\/#breadcrumb\"},\"inLanguage\":\"sk-SK\",\"potentialAction\":[{\"@type\":\"ReadAction\",\"target\":[\"https:\/\/www.ikuchyne.sk\/eshop\/produkt\/tv-kreslo-hollywood-ii-dvojmiestne\/\"]}]},{\"@type\":\"BreadcrumbList\",\"@id\":\"https:\/\/www.ikuchyne.sk\/eshop\/produkt\/tv-kreslo-hollywood-ii-dvojmiestne\/#breadcrumb\",\"itemListElement\":[{\"@type\":\"ListItem\",\"position\":1,\"name\":\"Home\",\"item\":\"https:\/\/www.ikuchyne.sk\/eshop\/\"},{\"@type\":\"ListItem\",\"position\":2,\"name\":\"Obchod\",\"item\":\"https:\/\/www.ikuchyne.sk\/eshop\/obchod\/\"},{\"@type\":\"ListItem\",\"position\":3,\"name\":\"\u010cierne relaxa\u010dn\u00e9 dvojmiestne TV kreslo Hollywood \u00bb\"}]},{\"@type\":\"WebSite\",\"@id\":\"https:\/\/www.ikuchyne.sk\/eshop\/#website\",\"url\":\"https:\/\/www.ikuchyne.sk\/eshop\/\",\"name\":\"iKuchyne iSHOP s n\u00e1bytkom\",\"description\":\"Jed\u00e1lensk\u00e9 stoly, stoli\u010dky, n\u00e1bytok, svietidl\u00e1...\",\"publisher\":{\"@id\":\"https:\/\/www.ikuchyne.sk\/eshop\/#organization\"},\"potentialAction\":[{\"@type\":\"SearchAction\",\"target\":{\"@type\":\"EntryPoint\",\"urlTemplate\":\"https:\/\/www.ikuchyne.sk\/eshop\/?s={search_term_string}\"},\"query-input\":\"required name=search_term_string\"}],\"inLanguage\":\"sk-SK\"},{\"@type\":\"Organization\",\"@id\":\"https:\/\/www.ikuchyne.sk\/eshop\/#organization\",\"name\":\"ikuchyne!\",\"url\":\"https:\/\/www.ikuchyne.sk\/eshop\/\",\"logo\":{\"@type\":\"ImageObject\",\"inLanguage\":\"sk-SK\",\"@id\":\"https:\/\/www.ikuchyne.sk\/eshop\/#\/schema\/logo\/image\/\",\"url\":\"https:\/\/www.ikuchyne.sk\/eshop\/wp-content\/uploads\/2017\/04\/ikuchyne-logo.jpg\",\"contentUrl\":\"https:\/\/www.ikuchyne.sk\/eshop\/wp-content\/uploads\/2017\/04\/ikuchyne-logo.jpg\",\"width\":200,\"height\":48,\"caption\":\"ikuchyne!\"},\"image\":{\"@id\":\"https:\/\/www.ikuchyne.sk\/eshop\/#\/schema\/logo\/image\/\"},\"sameAs\":[\"https:\/\/www.facebook.com\/ikuchyne\/\",\"https:\/\/www.instagram.com\/ikuchyne.sk\/\",\"https:\/\/sk.pinterest.com\/ikuchynesk\/\"]}]}<\/script>\n<!-- \/ Yoast SEO plugin. -->","yoast_head_json":{"title":"\u010cierne relaxa\u010dn\u00e9 dvojmiestne TV kreslo Hollywood \u00bb &#187; iKuchyne iSHOP s n\u00e1bytkom","description":"K\u00fapte si u n\u00e1s \u010cierne relaxa\u010dn\u00e9 dvojmiestne TV kreslo Hollywood \u00bb za akciov\u00fa cenu. R\u00fdchle dodanie tovaru, odborn\u00e9 poradenstvo a stovky produktov skladom. \u010cierne relaxa\u010dn\u00e9 dvojmiestne TV kreslo Hollywood \u00bb sa stane dominantou V\u00e1\u0161ho interi\u00e9ru. Internetov\u00fd obchod ikuchyne! pon\u00faka odber \u010cierne relaxa\u010dn\u00e9 dvojmiestne TV kreslo Hollywood \u00bb u\u017e od 1 kusu.","robots":{"index":"index","follow":"follow","max-snippet":"max-snippet:-1","max-image-preview":"max-image-preview:large","max-video-preview":"max-video-preview:-1"},"canonical":"https:\/\/www.ikuchyne.sk\/eshop\/produkt\/tv-kreslo-hollywood-ii-dvojmiestne\/","og_locale":"sk_SK","og_type":"article","og_title":"\u010cierne relaxa\u010dn\u00e9 dvojmiestne TV kreslo Hollywood \u00bb &#187; iKuchyne iSHOP s n\u00e1bytkom","og_description":"K\u00fapte si u n\u00e1s \u010cierne relaxa\u010dn\u00e9 dvojmiestne TV kreslo Hollywood \u00bb za akciov\u00fa cenu. R\u00fdchle dodanie tovaru, odborn\u00e9 poradenstvo a stovky produktov skladom. \u010cierne relaxa\u010dn\u00e9 dvojmiestne TV kreslo Hollywood \u00bb sa stane dominantou V\u00e1\u0161ho interi\u00e9ru. Internetov\u00fd obchod ikuchyne! pon\u00faka odber \u010cierne relaxa\u010dn\u00e9 dvojmiestne TV kreslo Hollywood \u00bb u\u017e od 1 kusu.","og_url":"https:\/\/www.ikuchyne.sk\/eshop\/produkt\/tv-kreslo-hollywood-ii-dvojmiestne\/","og_site_name":"iKuchyne iSHOP s n\u00e1bytkom","article_publisher":"https:\/\/www.facebook.com\/ikuchyne\/","article_modified_time":"2023-11-24T07:00:32+00:00","og_image":[{"width":800,"height":533,"url":"https:\/\/www.ikuchyne.sk\/eshop\/wp-content\/uploads\/2020\/07\/TV-kreslo-Hollywood-II-dvoj\u00e1k-\u010dierna-39474.jpg","type":"image\/jpeg"}],"twitter_card":"summary_large_image","twitter_misc":{"Predpokladan\u00fd \u010das \u010d\u00edtania":"1 min\u00fata"},"schema":{"@context":"https:\/\/schema.org","@graph":[{"@type":"WebPage","@id":"https:\/\/www.ikuchyne.sk\/eshop\/produkt\/tv-kreslo-hollywood-ii-dvojmiestne\/","url":"https:\/\/www.ikuchyne.sk\/eshop\/produkt\/tv-kreslo-hollywood-ii-dvojmiestne\/","name":"\u010cierne relaxa\u010dn\u00e9 dvojmiestne TV kreslo Hollywood \u00bb &#187; iKuchyne iSHOP s n\u00e1bytkom","isPartOf":{"@id":"https:\/\/www.ikuchyne.sk\/eshop\/#website"},"datePublished":"2020-07-03T12:10:04+00:00","dateModified":"2023-11-24T07:00:32+00:00","description":"K\u00fapte si u n\u00e1s \u010cierne relaxa\u010dn\u00e9 dvojmiestne TV kreslo Hollywood \u00bb za akciov\u00fa cenu. R\u00fdchle dodanie tovaru, odborn\u00e9 poradenstvo a stovky produktov skladom. \u010cierne relaxa\u010dn\u00e9 dvojmiestne TV kreslo Hollywood \u00bb sa stane dominantou V\u00e1\u0161ho interi\u00e9ru. Internetov\u00fd obchod ikuchyne! pon\u00faka odber \u010cierne relaxa\u010dn\u00e9 dvojmiestne TV kreslo Hollywood \u00bb u\u017e od 1 kusu.","breadcrumb":{"@id":"https:\/\/www.ikuchyne.sk\/eshop\/produkt\/tv-kreslo-hollywood-ii-dvojmiestne\/#breadcrumb"},"inLanguage":"sk-SK","potentialAction":[{"@type":"ReadAction","target":["https:\/\/www.ikuchyne.sk\/eshop\/produkt\/tv-kreslo-hollywood-ii-dvojmiestne\/"]}]},{"@type":"BreadcrumbList","@id":"https:\/\/www.ikuchyne.sk\/eshop\/produkt\/tv-kreslo-hollywood-ii-dvojmiestne\/#breadcrumb","itemListElement":[{"@type":"ListItem","position":1,"name":"Home","item":"https:\/\/www.ikuchyne.sk\/eshop\/"},{"@type":"ListItem","position":2,"name":"Obchod","item":"https:\/\/www.ikuchyne.sk\/eshop\/obchod\/"},{"@type":"ListItem","position":3,"name":"\u010cierne relaxa\u010dn\u00e9 dvojmiestne TV kreslo Hollywood \u00bb"}]},{"@type":"WebSite","@id":"https:\/\/www.ikuchyne.sk\/eshop\/#website","url":"https:\/\/www.ikuchyne.sk\/eshop\/","name":"iKuchyne iSHOP s n\u00e1bytkom","description":"Jed\u00e1lensk\u00e9 stoly, stoli\u010dky, n\u00e1bytok, svietidl\u00e1...","publisher":{"@id":"https:\/\/www.ikuchyne.sk\/eshop\/#organization"},"potentialAction":[{"@type":"SearchAction","target":{"@type":"EntryPoint","urlTemplate":"https:\/\/www.ikuchyne.sk\/eshop\/?s={search_term_string}"},"query-input":"required name=search_term_string"}],"inLanguage":"sk-SK"},{"@type":"Organization","@id":"https:\/\/www.ikuchyne.sk\/eshop\/#organization","name":"ikuchyne!","url":"https:\/\/www.ikuchyne.sk\/eshop\/","logo":{"@type":"ImageObject","inLanguage":"sk-SK","@id":"https:\/\/www.ikuchyne.sk\/eshop\/#\/schema\/logo\/image\/","url":"https:\/\/www.ikuchyne.sk\/eshop\/wp-content\/uploads\/2017\/04\/ikuchyne-logo.jpg","contentUrl":"https:\/\/www.ikuchyne.sk\/eshop\/wp-content\/uploads\/2017\/04\/ikuchyne-logo.jpg","width":200,"height":48,"caption":"ikuchyne!"},"image":{"@id":"https:\/\/www.ikuchyne.sk\/eshop\/#\/schema\/logo\/image\/"},"sameAs":["https:\/\/www.facebook.com\/ikuchyne\/","https:\/\/www.instagram.com\/ikuchyne.sk\/","https:\/\/sk.pinterest.com\/ikuchynesk\/"]}]}},"_links":{"self":[{"href":"https:\/\/www.ikuchyne.sk\/eshop\/wp-json\/wp\/v2\/product\/130663"}],"collection":[{"href":"https:\/\/www.ikuchyne.sk\/eshop\/wp-json\/wp\/v2\/product"}],"about":[{"href":"https:\/\/www.ikuchyne.sk\/eshop\/wp-json\/wp\/v2\/types\/product"}],"replies":[{"embeddable":true,"href":"https:\/\/www.ikuchyne.sk\/eshop\/wp-json\/wp\/v2\/comments?post=130663"}],"wp:featuredmedia":[{"embeddable":true,"href":"https:\/\/www.ikuchyne.sk\/eshop\/wp-json\/wp\/v2\/media\/130664"}],"wp:attachment":[{"href":"https:\/\/www.ikuchyne.sk\/eshop\/wp-json\/wp\/v2\/media?parent=130663"}],"wp:term":[{"taxonomy":"product_cat","embeddable":true,"href":"https:\/\/www.ikuchyne.sk\/eshop\/wp-json\/wp\/v2\/product_cat?post=130663"},{"taxonomy":"product_tag","embeddable":true,"href":"https:\/\/www.ikuchyne.sk\/eshop\/wp-json\/wp\/v2\/product_tag?post=130663"}],"curies":[{"name":"wp","href":"https:\/\/api.w.org\/{rel}","templated":true}]}}